



{"id":1181,"date":"2023-01-18T15:59:00","date_gmt":"2023-01-18T14:59:00","guid":{"rendered":"https:\/\/www.4h.se\/hagelby\/?page_id=1181"},"modified":"2024-04-04T07:18:37","modified_gmt":"2024-04-04T05:18:37","slug":"lammkurs-for-hela-familjen","status":"publish","type":"page","link":"https:\/\/www.4h.se\/hagelby\/lammkurs-for-hela-familjen\/","title":{"rendered":"Lammkurs f\u00f6r hela familjen"},"content":{"rendered":"<div class=\"wpb-content-wrapper\"><p>[vc_row][vc_column width=&#8221;1\/2&#8243;][vc_column_text]<\/p>\n<h2><b>V\u00e4lkommen p\u00e5 lammkurs f\u00f6r hela familjen!<\/b><\/h2>\n<p>&nbsp;<\/p>\n<p>Kom med ditt barn eller som ensam vuxen och l\u00e4r dig mer om lamning, f\u00e5r och getter. Ni f\u00e5r se hur f\u00e5ren och getterna ser ut strax innan de ska f\u00f6da, tr\u00e4ffa lammen och killingarna och hj\u00e4lpa till att sk\u00f6ta om dom.<\/p>\n<p>Kursen passar alla \u00e5ldrar. En deltagare per familj beh\u00f6ver vara medlem (310 kr\/barn).<\/p>\n<p>Kursen \u00e4r fredagar kl. 16.30-17.15 vecka 8, 10 och 12. Kursen kostar 100 kr\/deltagare. Anm\u00e4lan sker via formul\u00e4r brevid.<\/p>\n<p>&nbsp;<\/p>\n<p><strong>KURSEN VT 24 \u00c4R FULLBOKAD MEN G\u00c5R ATT ST\u00c4LLA SIG P\u00c5 RESERVPLATS<\/strong>[\/vc_column_text][vc_single_image image=&#8221;1189&#8243; img_size=&#8221;full&#8221;][\/vc_column][vc_column width=&#8221;1\/2&#8243;][vc_column_text]<div class=\"frm_forms  with_frm_style frm_style_formidable-style\" id=\"frm_form_19_container\" >\n<form enctype=\"multipart\/form-data\" method=\"post\" class=\"frm-show-form \" id=\"form_8n5bu\" >\n<div class=\"frm_form_fields \">\n<fieldset>\n<legend class=\"frm_hidden\">Kursanm\u00e4lan Lamm<\/legend>\r\n\r\n<div class=\"frm_fields_container\">\n<input type=\"hidden\" name=\"frm_action\" value=\"create\" \/>\n<input type=\"hidden\" name=\"form_id\" value=\"19\" \/>\n<input type=\"hidden\" name=\"frm_hide_fields_19\" id=\"frm_hide_fields_19\" value=\"\" \/>\n<input type=\"hidden\" name=\"form_key\" value=\"8n5bu\" \/>\n<input type=\"hidden\" name=\"item_meta[0]\" value=\"\" \/>\n<input type=\"hidden\" id=\"frm_submit_entry_19\" name=\"frm_submit_entry_19\" value=\"8081d80b99\" \/><input type=\"hidden\" name=\"_wp_http_referer\" value=\"\/hagelby\/wp-json\/wp\/v2\/pages\/1181\" \/><div id=\"frm_field_254_container\" class=\"frm_form_field form-field  frm_required_field frm_top_container\">\r\n    <label for=\"field_scsl0\" class=\"frm_primary_label\">Namn p\u00e5 deltagare som \u00e4r\/ska bli medlem\r\n        <span class=\"frm_required\">*<\/span>\r\n    <\/label>\r\n    <input type=\"text\" id=\"field_scsl0\" name=\"item_meta[254]\" value=\"\"  data-reqmsg=\"Detta f\u00e4lt kan inte vara tomt.\" aria-required=\"true\" data-invmsg=\"Namn p\u00e5 deltagare som \u00e4r\/ska bli medlem \u00e4r ogiltigt\" aria-invalid=\"false\"   aria-describedby=\"frm_desc_field_scsl0\"\/>\r\n    <div id=\"frm_desc_field_scsl0\" class=\"frm_description\">F\u00f6rnamn och efternamn<\/div>\r\n    \r\n<\/div>\n<div id=\"frm_field_157_container\" class=\"frm_form_field form-field  frm_required_field frm_top_container\">\r\n    <label for=\"field_41ex\" class=\"frm_primary_label\">Personnummer till deltagare som \u00e4r\/ska bli medlem (\u00e5\u00e5mmdd-xxxx))\r\n        <span class=\"frm_required\">*<\/span>\r\n    <\/label>\r\n    <input type=\"text\" id=\"field_41ex\" name=\"item_meta[157]\" value=\"\"  data-reqmsg=\"Detta f\u00e4lt kan inte vara tomt.\" aria-required=\"true\" data-invmsg=\"Personnummer till deltagare som \u00e4r\/ska bli medlem (\u00e5\u00e5mmdd-xxxx)) \u00e4r ogiltigt\" aria-invalid=\"false\"  \/>\r\n    \r\n    \r\n<\/div>\n<div id=\"frm_field_155_container\" class=\"frm_form_field form-field  frm_required_field frm_top_container\">\r\n    <label for=\"field_n40bd\" class=\"frm_primary_label\">Namn och \u00e5lder p\u00e5 \u00f6vriga deltagare\r\n        <span class=\"frm_required\">*<\/span>\r\n    <\/label>\r\n    <textarea name=\"item_meta[155]\" id=\"field_n40bd\"  data-reqmsg=\"Detta f\u00e4lt kan inte vara tomt.\" aria-required=\"true\" data-invmsg=\"Namn och \u00e5lder p\u00e5 \u00f6vriga deltagare \u00e4r ogiltigt\" aria-invalid=\"false\"  ><\/textarea>\r\n    \r\n    \r\n<\/div>\n<div id=\"frm_field_227_container\" class=\"frm_form_field form-field  frm_required_field frm_top_container\">\r\n    <label for=\"field_l6e46\" class=\"frm_primary_label\">Adress\r\n        <span class=\"frm_required\">*<\/span>\r\n    <\/label>\r\n    <textarea name=\"item_meta[227]\" id=\"field_l6e46\" rows=\"5\"  data-reqmsg=\"Detta f\u00e4lt kan inte vara tomt.\" aria-required=\"true\" data-invmsg=\"Adress \u00e4r ogiltigt\" aria-invalid=\"false\"   aria-describedby=\"frm_desc_field_l6e46\"><\/textarea>\r\n    <div id=\"frm_desc_field_l6e46\" class=\"frm_description\">Adress, postnummer och postort<\/div>\r\n    \r\n<\/div>\n<div id=\"frm_field_161_container\" class=\"frm_form_field form-field  frm_top_container\">\r\n    <label for=\"field_45jy3\" class=\"frm_primary_label\">Ev. allergier eller \u00f6vrig information\r\n        <span class=\"frm_required\"><\/span>\r\n    <\/label>\r\n    <textarea name=\"item_meta[161]\" id=\"field_45jy3\" rows=\"5\"  data-invmsg=\"Ev. allergier eller \u00f6vrig information \u00e4r ogiltigt\" aria-invalid=\"false\"  ><\/textarea>\r\n    \r\n    \r\n<\/div>\n<div id=\"frm_field_160_container\" class=\"frm_form_field form-field  frm_required_field frm_top_container\">\r\n    <label for=\"field_bro8u\" class=\"frm_primary_label\">Telefonnummer\r\n        <span class=\"frm_required\">*<\/span>\r\n    <\/label>\r\n    <input type=\"text\" id=\"field_bro8u\" name=\"item_meta[160]\" value=\"\"  data-reqmsg=\"Detta f\u00e4lt kan inte vara tomt.\" aria-required=\"true\" data-invmsg=\"Telefonnummer \u00e4r ogiltigt\" aria-invalid=\"false\"   aria-describedby=\"frm_desc_field_bro8u\"\/>\r\n    <div id=\"frm_desc_field_bro8u\" class=\"frm_description\">Till f\u00f6r\u00e4lder eller kontaktperson<\/div>\r\n    \r\n<\/div>\n<div id=\"frm_field_165_container\" class=\"frm_form_field form-field  frm_required_field frm_top_container\">\r\n    <label for=\"field_vo6i\" class=\"frm_primary_label\">Mailadress\r\n        <span class=\"frm_required\">*<\/span>\r\n    <\/label>\r\n    <input type=\"text\" id=\"field_vo6i\" name=\"item_meta[165]\" value=\"\"  data-reqmsg=\"Detta f\u00e4lt kan inte vara tomt.\" aria-required=\"true\" data-invmsg=\"Mailadress \u00e4r ogiltigt\" aria-invalid=\"false\"   aria-describedby=\"frm_desc_field_vo6i\"\/>\r\n    <div id=\"frm_desc_field_vo6i\" class=\"frm_description\">Till f\u00f6r\u00e4lder eller kontaktperson. Hit skickas er bekr\u00e4ftelse.<\/div>\r\n    \r\n<\/div>\n<div id=\"frm_field_162_container\" class=\"frm_form_field form-field  frm_required_field frm_top_container vertical_radio\">\r\n    <label class=\"frm_primary_label\">Medgivande av lagring av personuppgiftter\r\n        <span class=\"frm_required\">*<\/span>\r\n    <\/label>\r\n    <div class=\"frm_opt_container\">\t\t<div class=\"frm_checkbox\" id=\"frm_checkbox_162-0\">\t\t\t<label  for=\"field_pmv4a-0\">\n\t\t\t<input type=\"checkbox\" name=\"item_meta[162][]\" id=\"field_pmv4a-0\" value=\"Godk\u00e4nn\"  data-reqmsg=\"Detta f\u00e4lt kan inte vara tomt.\" data-invmsg=\"Medgivande av lagring av personuppgiftter \u00e4r ogiltigt\"   aria-required=\"true\"  \/> Godk\u00e4nn<\/label><\/div>\n<\/div>\r\n    <div id=\"frm_desc_field_pmv4a\" class=\"frm_description\">Genom att anm\u00e4la mitt barn i detta formul\u00e4r s\u00e5 godk\u00e4nner jag att  mitt barns uppgifter lagras i f\u00f6reningens medlemsregister. Medlemsregistret delas med Riksf\u00f6rbundet Sveriges 4H men anv\u00e4nds inte i andra sammanhang.\r\n\r\nNi godk\u00e4nner \u00e4ven att er mailadress l\u00e4ggs till f\u00f6r att f\u00e5 g\u00e5rdens nyhetsutskick,  detta kan ni enkelt avanm\u00e4la er ifr\u00e5n och d\u00e5 tas er mailadress automatiskt bort fr\u00e5n den listan.\r\n\r\n<\/div>\r\n    \r\n<\/div>\n<div id=\"frm_field_163_container\" class=\"frm_form_field form-field  frm_required_field frm_top_container vertical_radio\">\r\n    <label class=\"frm_primary_label\">H\u00e4rmed ger jag till\u00e5telse f\u00f6r foton av mitt barn att anv\u00e4ndas i sammanhang som \u00e4r relevanta f\u00f6r H\u00e5gelby 4H-g\u00e5rd\r\n        <span class=\"frm_required\">*<\/span>\r\n    <\/label>\r\n    <div class=\"frm_opt_container\">\t\t<div class=\"frm_radio\" id=\"frm_radio_163-0\">\t\t\t<label  for=\"field_nqi1b-0\">\n\t\t\t\t\t<input type=\"radio\" name=\"item_meta[163]\" id=\"field_nqi1b-0\" value=\"Ja\"\n\t\t data-reqmsg=\"Detta f\u00e4lt kan inte vara tomt.\" data-invmsg=\"H\u00e4rmed ger jag till\u00e5telse f\u00f6r foton av mitt barn att anv\u00e4ndas i sammanhang som \u00e4r relevanta f\u00f6r H\u00e5gelby 4H-g\u00e5rd \u00e4r ogiltigt\"   \/> Ja<\/label><\/div>\n\t\t<div class=\"frm_radio\" id=\"frm_radio_163-1\">\t\t\t<label  for=\"field_nqi1b-1\">\n\t\t\t\t\t<input type=\"radio\" name=\"item_meta[163]\" id=\"field_nqi1b-1\" value=\"Nej\"\n\t\t data-reqmsg=\"Detta f\u00e4lt kan inte vara tomt.\" data-invmsg=\"H\u00e4rmed ger jag till\u00e5telse f\u00f6r foton av mitt barn att anv\u00e4ndas i sammanhang som \u00e4r relevanta f\u00f6r H\u00e5gelby 4H-g\u00e5rd \u00e4r ogiltigt\"   \/> Nej<\/label><\/div>\n<\/div>\r\n    \r\n    \r\n<\/div>\n<div id=\"frm_field_164_container\" class=\"frm_form_field form-field  frm_top_container\">\r\n    <label for=\"g-recaptcha-response\" class=\"frm_primary_label\">reCAPTCHA\r\n        <span class=\"frm_required\"><\/span>\r\n    <\/label>\r\n    \r\n    \r\n    \r\n<\/div>\n<div id=\"frm_field_387_container\" class=\"frm_form_field form-field \">\n\t<div class=\"frm_submit\">\r\n\r\n<button class=\"frm_button_submit\" type=\"submit\" >Skicka<\/button>\r\n\r\n<\/div>\n<\/div>\n\t<input type=\"hidden\" name=\"item_key\" value=\"\" \/>\n\t\t\t<div id=\"frm_field_576_container\">\n\t\t\t<label for=\"field_j437b\" >\n\t\t\t\tOm du \u00e4r m\u00e4nsklig, l\u00e4mna det h\u00e4r f\u00e4ltet tomt.\t\t\t<\/label>\n\t\t\t<input  id=\"field_j437b\" type=\"text\" class=\"frm_form_field form-field frm_verify\" name=\"item_meta[576]\" value=\"\"  \/>\n\t\t<\/div>\n\t\t<input name=\"frm_state\" type=\"hidden\" value=\"uk7gacxGVMJnWVH0oI8SlginH+tPO9wDOcJQJ9LwsMo=\" \/><\/div>\n<\/fieldset>\n<\/div>\n\n<\/form>\n<\/div>\n[\/vc_column_text][\/vc_column][\/vc_row]<\/p>\n<\/div>","protected":false},"excerpt":{"rendered":"<p>[vc_row][vc_column width=&#8221;1\/2&#8243;][vc_column_text] V\u00e4lkommen p\u00e5 lammkurs f\u00f6r hela familjen! &nbsp; Kom med ditt barn eller som ensam vuxen och l\u00e4r dig mer om lamning, f\u00e5r och getter. Ni f\u00e5r se hur f\u00e5ren och getterna ser ut strax innan de ska f\u00f6da, tr\u00e4ffa lammen och killingarna och hj\u00e4lpa till att sk\u00f6ta om dom. Kursen passar alla \u00e5ldrar.&nbsp; <a href=\"https:\/\/www.4h.se\/hagelby\/lammkurs-for-hela-familjen\/\">&hellip; Read more <i class=\"glyphicon glyphicon-arrow-right\"><\/i><\/a><\/p>\n","protected":false},"author":147,"featured_media":0,"parent":0,"menu_order":16,"comment_status":"closed","ping_status":"closed","template":"","meta":{"_acf_changed":false,"footnotes":""},"class_list":["post-1181","page","type-page","status-publish","hentry"],"acf":[],"yoast_head":"<!-- This site is optimized with the Yoast SEO plugin v27.5 - https:\/\/yoast.com\/product\/yoast-seo-wordpress\/ -->\n<title>Lammkurs f\u00f6r hela familjen - H\u00e5gelby 4H-g\u00e5rd<\/title>\n<meta name=\"robots\" content=\"index, follow, max-snippet:-1, max-image-preview:large, max-video-preview:-1\" \/>\n<link rel=\"canonical\" href=\"https:\/\/www.4h.se\/hagelby\/lammkurs-for-hela-familjen\/\" \/>\n<meta property=\"og:locale\" content=\"sv_SE\" \/>\n<meta property=\"og:type\" content=\"article\" \/>\n<meta property=\"og:title\" content=\"Lammkurs f\u00f6r hela familjen - H\u00e5gelby 4H-g\u00e5rd\" \/>\n<meta property=\"og:description\" content=\"[vc_row][vc_column width=&#8221;1\/2&#8243;][vc_column_text] V\u00e4lkommen p\u00e5 lammkurs f\u00f6r hela familjen! &nbsp; Kom med ditt barn eller som ensam vuxen och l\u00e4r dig mer om lamning, f\u00e5r och getter. Ni f\u00e5r se hur f\u00e5ren och getterna ser ut strax innan de ska f\u00f6da, tr\u00e4ffa lammen och killingarna och hj\u00e4lpa till att sk\u00f6ta om dom. Kursen passar alla \u00e5ldrar.&nbsp; &hellip; Read more\" \/>\n<meta property=\"og:url\" content=\"https:\/\/www.4h.se\/hagelby\/lammkurs-for-hela-familjen\/\" \/>\n<meta property=\"og:site_name\" content=\"H\u00e5gelby 4H-g\u00e5rd\" \/>\n<meta property=\"article:modified_time\" content=\"2024-04-04T05:18:37+00:00\" \/>\n<meta name=\"twitter:card\" content=\"summary_large_image\" \/>\n<meta name=\"twitter:label1\" content=\"Ber\u00e4knad l\u00e4stid\" \/>\n\t<meta name=\"twitter:data1\" content=\"1 minut\" \/>\n<script type=\"application\/ld+json\" class=\"yoast-schema-graph\">{\"@context\":\"https:\\\/\\\/schema.org\",\"@graph\":[{\"@type\":\"WebPage\",\"@id\":\"https:\\\/\\\/www.4h.se\\\/hagelby\\\/lammkurs-for-hela-familjen\\\/\",\"url\":\"https:\\\/\\\/www.4h.se\\\/hagelby\\\/lammkurs-for-hela-familjen\\\/\",\"name\":\"Lammkurs f\u00f6r hela familjen - H\u00e5gelby 4H-g\u00e5rd\",\"isPartOf\":{\"@id\":\"https:\\\/\\\/www.4h.se\\\/hagelby\\\/#website\"},\"datePublished\":\"2023-01-18T14:59:00+00:00\",\"dateModified\":\"2024-04-04T05:18:37+00:00\",\"breadcrumb\":{\"@id\":\"https:\\\/\\\/www.4h.se\\\/hagelby\\\/lammkurs-for-hela-familjen\\\/#breadcrumb\"},\"inLanguage\":\"sv-SE\",\"potentialAction\":[{\"@type\":\"ReadAction\",\"target\":[\"https:\\\/\\\/www.4h.se\\\/hagelby\\\/lammkurs-for-hela-familjen\\\/\"]}]},{\"@type\":\"BreadcrumbList\",\"@id\":\"https:\\\/\\\/www.4h.se\\\/hagelby\\\/lammkurs-for-hela-familjen\\\/#breadcrumb\",\"itemListElement\":[{\"@type\":\"ListItem\",\"position\":1,\"name\":\"Hem\",\"item\":\"https:\\\/\\\/www.4h.se\\\/hagelby\\\/\"},{\"@type\":\"ListItem\",\"position\":2,\"name\":\"Lammkurs f\u00f6r hela familjen\"}]},{\"@type\":\"WebSite\",\"@id\":\"https:\\\/\\\/www.4h.se\\\/hagelby\\\/#website\",\"url\":\"https:\\\/\\\/www.4h.se\\\/hagelby\\\/\",\"name\":\"H\u00e5gelby 4H-g\u00e5rd\",\"description\":\"\",\"potentialAction\":[{\"@type\":\"SearchAction\",\"target\":{\"@type\":\"EntryPoint\",\"urlTemplate\":\"https:\\\/\\\/www.4h.se\\\/hagelby\\\/?s={search_term_string}\"},\"query-input\":{\"@type\":\"PropertyValueSpecification\",\"valueRequired\":true,\"valueName\":\"search_term_string\"}}],\"inLanguage\":\"sv-SE\"}]}<\/script>\n<!-- \/ Yoast SEO plugin. -->","yoast_head_json":{"title":"Lammkurs f\u00f6r hela familjen - H\u00e5gelby 4H-g\u00e5rd","robots":{"index":"index","follow":"follow","max-snippet":"max-snippet:-1","max-image-preview":"max-image-preview:large","max-video-preview":"max-video-preview:-1"},"canonical":"https:\/\/www.4h.se\/hagelby\/lammkurs-for-hela-familjen\/","og_locale":"sv_SE","og_type":"article","og_title":"Lammkurs f\u00f6r hela familjen - H\u00e5gelby 4H-g\u00e5rd","og_description":"[vc_row][vc_column width=&#8221;1\/2&#8243;][vc_column_text] V\u00e4lkommen p\u00e5 lammkurs f\u00f6r hela familjen! &nbsp; Kom med ditt barn eller som ensam vuxen och l\u00e4r dig mer om lamning, f\u00e5r och getter. Ni f\u00e5r se hur f\u00e5ren och getterna ser ut strax innan de ska f\u00f6da, tr\u00e4ffa lammen och killingarna och hj\u00e4lpa till att sk\u00f6ta om dom. Kursen passar alla \u00e5ldrar.&nbsp; &hellip; Read more","og_url":"https:\/\/www.4h.se\/hagelby\/lammkurs-for-hela-familjen\/","og_site_name":"H\u00e5gelby 4H-g\u00e5rd","article_modified_time":"2024-04-04T05:18:37+00:00","twitter_card":"summary_large_image","twitter_misc":{"Ber\u00e4knad l\u00e4stid":"1 minut"},"schema":{"@context":"https:\/\/schema.org","@graph":[{"@type":"WebPage","@id":"https:\/\/www.4h.se\/hagelby\/lammkurs-for-hela-familjen\/","url":"https:\/\/www.4h.se\/hagelby\/lammkurs-for-hela-familjen\/","name":"Lammkurs f\u00f6r hela familjen - H\u00e5gelby 4H-g\u00e5rd","isPartOf":{"@id":"https:\/\/www.4h.se\/hagelby\/#website"},"datePublished":"2023-01-18T14:59:00+00:00","dateModified":"2024-04-04T05:18:37+00:00","breadcrumb":{"@id":"https:\/\/www.4h.se\/hagelby\/lammkurs-for-hela-familjen\/#breadcrumb"},"inLanguage":"sv-SE","potentialAction":[{"@type":"ReadAction","target":["https:\/\/www.4h.se\/hagelby\/lammkurs-for-hela-familjen\/"]}]},{"@type":"BreadcrumbList","@id":"https:\/\/www.4h.se\/hagelby\/lammkurs-for-hela-familjen\/#breadcrumb","itemListElement":[{"@type":"ListItem","position":1,"name":"Hem","item":"https:\/\/www.4h.se\/hagelby\/"},{"@type":"ListItem","position":2,"name":"Lammkurs f\u00f6r hela familjen"}]},{"@type":"WebSite","@id":"https:\/\/www.4h.se\/hagelby\/#website","url":"https:\/\/www.4h.se\/hagelby\/","name":"H\u00e5gelby 4H-g\u00e5rd","description":"","potentialAction":[{"@type":"SearchAction","target":{"@type":"EntryPoint","urlTemplate":"https:\/\/www.4h.se\/hagelby\/?s={search_term_string}"},"query-input":{"@type":"PropertyValueSpecification","valueRequired":true,"valueName":"search_term_string"}}],"inLanguage":"sv-SE"}]}},"_links":{"self":[{"href":"https:\/\/www.4h.se\/hagelby\/wp-json\/wp\/v2\/pages\/1181","targetHints":{"allow":["GET"]}}],"collection":[{"href":"https:\/\/www.4h.se\/hagelby\/wp-json\/wp\/v2\/pages"}],"about":[{"href":"https:\/\/www.4h.se\/hagelby\/wp-json\/wp\/v2\/types\/page"}],"author":[{"embeddable":true,"href":"https:\/\/www.4h.se\/hagelby\/wp-json\/wp\/v2\/users\/147"}],"replies":[{"embeddable":true,"href":"https:\/\/www.4h.se\/hagelby\/wp-json\/wp\/v2\/comments?post=1181"}],"version-history":[{"count":0,"href":"https:\/\/www.4h.se\/hagelby\/wp-json\/wp\/v2\/pages\/1181\/revisions"}],"wp:attachment":[{"href":"https:\/\/www.4h.se\/hagelby\/wp-json\/wp\/v2\/media?parent=1181"}],"curies":[{"name":"wp","href":"https:\/\/api.w.org\/{rel}","templated":true}]}}