



{"id":1137,"date":"2022-10-05T14:12:19","date_gmt":"2022-10-05T12:12:19","guid":{"rendered":"https:\/\/www.4h.se\/hagelby\/?page_id=1137"},"modified":"2024-02-15T13:45:19","modified_gmt":"2024-02-15T12:45:19","slug":"vi-soker","status":"publish","type":"page","link":"https:\/\/www.4h.se\/hagelby\/vi-soker\/","title":{"rendered":"Vi s\u00f6ker"},"content":{"rendered":"<div class=\"wpb-content-wrapper\"><p>[vc_row full_width=&#8221;stretch_row&#8221; css=&#8221;.vc_custom_1708001035697{background-color: #008b44 !important;}&#8221;][vc_column][vc_row_inner css=&#8221;.vc_custom_1646839661060{margin-bottom: 30px !important;background-color: #ffffff !important;border-radius: 15px !important;}&#8221;][vc_column_inner width=&#8221;1\/2&#8243;][vc_column_text]<\/p>\n<h2>Vi s\u00f6ker:<\/h2>\n<p>Diverse verktyg s\u00e5 skiftnyckel, sp\u00e4rrskaft<\/p>\n<p>Lie<\/p>\n<p>M\u00f6rka tyger till sp\u00f6kjakt<\/p>\n<p>F\u00f6rvaringsl\u00e5dor av blandade storlekar<\/p>\n<p>Torkst\u00e4llning<\/p>\n<p>Virke<\/p>\n<p>Sp\u00e5n[\/vc_column_text][\/vc_column_inner][vc_column_inner width=&#8221;1\/2&#8243;][vc_column_text]&nbsp;<\/p>\n<p>Som f\u00f6rening s\u00e5 har vi m\u00e5nga behov och begr\u00e4nsade m\u00f6jligheter. Vi uppskattar alltid hj\u00e4lp fr\u00e5n medlemmar, f\u00f6r\u00e4ldrar och andra som har m\u00f6jlighet att sk\u00e4nka diverse saker till g\u00e5rden. Kanske \u00e4r det n\u00e5got som inte l\u00e4ngre beh\u00f6vs hemma, n\u00e5got ni har skaffat en b\u00e4ttre variant av eller n\u00e5got ni tr\u00f6ttnat p\u00e5? Hit \u00e4r det v\u00e4lkommet! P\u00e5 listan h\u00e4r bredvid ser du vad vi s\u00f6ker just nu!<\/p>\n<p>Skicka ett mail till hagelby@4h.se om du har n\u00e5got att sk\u00e4nka till oss![\/vc_column_text][\/vc_column_inner][\/vc_row_inner][\/vc_column][\/vc_row]<\/p>\n<\/div>","protected":false},"excerpt":{"rendered":"<p>[vc_row full_width=&#8221;stretch_row&#8221; css=&#8221;.vc_custom_1708001035697{background-color: #008b44 !important;}&#8221;][vc_column][vc_row_inner css=&#8221;.vc_custom_1646839661060{margin-bottom: 30px !important;background-color: #ffffff !important;border-radius: 15px !important;}&#8221;][vc_column_inner width=&#8221;1\/2&#8243;][vc_column_text] Vi s\u00f6ker: Diverse verktyg s\u00e5 skiftnyckel, sp\u00e4rrskaft Lie M\u00f6rka tyger till sp\u00f6kjakt F\u00f6rvaringsl\u00e5dor av blandade storlekar Torkst\u00e4llning Virke Sp\u00e5n[\/vc_column_text][\/vc_column_inner][vc_column_inner width=&#8221;1\/2&#8243;][vc_column_text]&nbsp; Som f\u00f6rening s\u00e5 har vi m\u00e5nga behov och begr\u00e4nsade m\u00f6jligheter. Vi uppskattar alltid hj\u00e4lp fr\u00e5n medlemmar, f\u00f6r\u00e4ldrar och andra som har m\u00f6jlighet&nbsp; <a href=\"https:\/\/www.4h.se\/hagelby\/vi-soker\/\">&hellip; Read more <i class=\"glyphicon glyphicon-arrow-right\"><\/i><\/a><\/p>\n","protected":false},"author":147,"featured_media":0,"parent":0,"menu_order":83,"comment_status":"closed","ping_status":"closed","template":"","meta":{"_acf_changed":false,"footnotes":""},"class_list":["post-1137","page","type-page","status-publish","hentry"],"acf":[],"yoast_head":"<!-- This site is optimized with the Yoast SEO plugin v27.5 - https:\/\/yoast.com\/product\/yoast-seo-wordpress\/ -->\n<title>Vi s\u00f6ker - H\u00e5gelby 4H-g\u00e5rd<\/title>\n<meta name=\"robots\" content=\"index, follow, max-snippet:-1, max-image-preview:large, max-video-preview:-1\" \/>\n<link rel=\"canonical\" href=\"https:\/\/www.4h.se\/hagelby\/vi-soker\/\" \/>\n<meta property=\"og:locale\" content=\"sv_SE\" \/>\n<meta property=\"og:type\" content=\"article\" \/>\n<meta property=\"og:title\" content=\"Vi s\u00f6ker - H\u00e5gelby 4H-g\u00e5rd\" \/>\n<meta property=\"og:description\" content=\"[vc_row full_width=&#8221;stretch_row&#8221; css=&#8221;.vc_custom_1708001035697{background-color: #008b44 !important;}&#8221;][vc_column][vc_row_inner css=&#8221;.vc_custom_1646839661060{margin-bottom: 30px !important;background-color: #ffffff !important;border-radius: 15px !important;}&#8221;][vc_column_inner width=&#8221;1\/2&#8243;][vc_column_text] Vi s\u00f6ker: Diverse verktyg s\u00e5 skiftnyckel, sp\u00e4rrskaft Lie M\u00f6rka tyger till sp\u00f6kjakt F\u00f6rvaringsl\u00e5dor av blandade storlekar Torkst\u00e4llning Virke Sp\u00e5n[\/vc_column_text][\/vc_column_inner][vc_column_inner width=&#8221;1\/2&#8243;][vc_column_text]&nbsp; Som f\u00f6rening s\u00e5 har vi m\u00e5nga behov och begr\u00e4nsade m\u00f6jligheter. Vi uppskattar alltid hj\u00e4lp fr\u00e5n medlemmar, f\u00f6r\u00e4ldrar och andra som har m\u00f6jlighet&nbsp; &hellip; Read more\" \/>\n<meta property=\"og:url\" content=\"https:\/\/www.4h.se\/hagelby\/vi-soker\/\" \/>\n<meta property=\"og:site_name\" content=\"H\u00e5gelby 4H-g\u00e5rd\" \/>\n<meta property=\"article:modified_time\" content=\"2024-02-15T12:45:19+00:00\" \/>\n<meta name=\"twitter:card\" content=\"summary_large_image\" \/>\n<meta name=\"twitter:label1\" content=\"Ber\u00e4knad l\u00e4stid\" \/>\n\t<meta name=\"twitter:data1\" content=\"1 minut\" \/>\n<script type=\"application\/ld+json\" class=\"yoast-schema-graph\">{\"@context\":\"https:\\\/\\\/schema.org\",\"@graph\":[{\"@type\":\"WebPage\",\"@id\":\"https:\\\/\\\/www.4h.se\\\/hagelby\\\/vi-soker\\\/\",\"url\":\"https:\\\/\\\/www.4h.se\\\/hagelby\\\/vi-soker\\\/\",\"name\":\"Vi s\u00f6ker - H\u00e5gelby 4H-g\u00e5rd\",\"isPartOf\":{\"@id\":\"https:\\\/\\\/www.4h.se\\\/hagelby\\\/#website\"},\"datePublished\":\"2022-10-05T12:12:19+00:00\",\"dateModified\":\"2024-02-15T12:45:19+00:00\",\"breadcrumb\":{\"@id\":\"https:\\\/\\\/www.4h.se\\\/hagelby\\\/vi-soker\\\/#breadcrumb\"},\"inLanguage\":\"sv-SE\",\"potentialAction\":[{\"@type\":\"ReadAction\",\"target\":[\"https:\\\/\\\/www.4h.se\\\/hagelby\\\/vi-soker\\\/\"]}]},{\"@type\":\"BreadcrumbList\",\"@id\":\"https:\\\/\\\/www.4h.se\\\/hagelby\\\/vi-soker\\\/#breadcrumb\",\"itemListElement\":[{\"@type\":\"ListItem\",\"position\":1,\"name\":\"Hem\",\"item\":\"https:\\\/\\\/www.4h.se\\\/hagelby\\\/\"},{\"@type\":\"ListItem\",\"position\":2,\"name\":\"Vi s\u00f6ker\"}]},{\"@type\":\"WebSite\",\"@id\":\"https:\\\/\\\/www.4h.se\\\/hagelby\\\/#website\",\"url\":\"https:\\\/\\\/www.4h.se\\\/hagelby\\\/\",\"name\":\"H\u00e5gelby 4H-g\u00e5rd\",\"description\":\"\",\"potentialAction\":[{\"@type\":\"SearchAction\",\"target\":{\"@type\":\"EntryPoint\",\"urlTemplate\":\"https:\\\/\\\/www.4h.se\\\/hagelby\\\/?s={search_term_string}\"},\"query-input\":{\"@type\":\"PropertyValueSpecification\",\"valueRequired\":true,\"valueName\":\"search_term_string\"}}],\"inLanguage\":\"sv-SE\"}]}<\/script>\n<!-- \/ Yoast SEO plugin. -->","yoast_head_json":{"title":"Vi s\u00f6ker - H\u00e5gelby 4H-g\u00e5rd","robots":{"index":"index","follow":"follow","max-snippet":"max-snippet:-1","max-image-preview":"max-image-preview:large","max-video-preview":"max-video-preview:-1"},"canonical":"https:\/\/www.4h.se\/hagelby\/vi-soker\/","og_locale":"sv_SE","og_type":"article","og_title":"Vi s\u00f6ker - H\u00e5gelby 4H-g\u00e5rd","og_description":"[vc_row full_width=&#8221;stretch_row&#8221; css=&#8221;.vc_custom_1708001035697{background-color: #008b44 !important;}&#8221;][vc_column][vc_row_inner css=&#8221;.vc_custom_1646839661060{margin-bottom: 30px !important;background-color: #ffffff !important;border-radius: 15px !important;}&#8221;][vc_column_inner width=&#8221;1\/2&#8243;][vc_column_text] Vi s\u00f6ker: Diverse verktyg s\u00e5 skiftnyckel, sp\u00e4rrskaft Lie M\u00f6rka tyger till sp\u00f6kjakt F\u00f6rvaringsl\u00e5dor av blandade storlekar Torkst\u00e4llning Virke Sp\u00e5n[\/vc_column_text][\/vc_column_inner][vc_column_inner width=&#8221;1\/2&#8243;][vc_column_text]&nbsp; Som f\u00f6rening s\u00e5 har vi m\u00e5nga behov och begr\u00e4nsade m\u00f6jligheter. Vi uppskattar alltid hj\u00e4lp fr\u00e5n medlemmar, f\u00f6r\u00e4ldrar och andra som har m\u00f6jlighet&nbsp; &hellip; Read more","og_url":"https:\/\/www.4h.se\/hagelby\/vi-soker\/","og_site_name":"H\u00e5gelby 4H-g\u00e5rd","article_modified_time":"2024-02-15T12:45:19+00:00","twitter_card":"summary_large_image","twitter_misc":{"Ber\u00e4knad l\u00e4stid":"1 minut"},"schema":{"@context":"https:\/\/schema.org","@graph":[{"@type":"WebPage","@id":"https:\/\/www.4h.se\/hagelby\/vi-soker\/","url":"https:\/\/www.4h.se\/hagelby\/vi-soker\/","name":"Vi s\u00f6ker - H\u00e5gelby 4H-g\u00e5rd","isPartOf":{"@id":"https:\/\/www.4h.se\/hagelby\/#website"},"datePublished":"2022-10-05T12:12:19+00:00","dateModified":"2024-02-15T12:45:19+00:00","breadcrumb":{"@id":"https:\/\/www.4h.se\/hagelby\/vi-soker\/#breadcrumb"},"inLanguage":"sv-SE","potentialAction":[{"@type":"ReadAction","target":["https:\/\/www.4h.se\/hagelby\/vi-soker\/"]}]},{"@type":"BreadcrumbList","@id":"https:\/\/www.4h.se\/hagelby\/vi-soker\/#breadcrumb","itemListElement":[{"@type":"ListItem","position":1,"name":"Hem","item":"https:\/\/www.4h.se\/hagelby\/"},{"@type":"ListItem","position":2,"name":"Vi s\u00f6ker"}]},{"@type":"WebSite","@id":"https:\/\/www.4h.se\/hagelby\/#website","url":"https:\/\/www.4h.se\/hagelby\/","name":"H\u00e5gelby 4H-g\u00e5rd","description":"","potentialAction":[{"@type":"SearchAction","target":{"@type":"EntryPoint","urlTemplate":"https:\/\/www.4h.se\/hagelby\/?s={search_term_string}"},"query-input":{"@type":"PropertyValueSpecification","valueRequired":true,"valueName":"search_term_string"}}],"inLanguage":"sv-SE"}]}},"_links":{"self":[{"href":"https:\/\/www.4h.se\/hagelby\/wp-json\/wp\/v2\/pages\/1137","targetHints":{"allow":["GET"]}}],"collection":[{"href":"https:\/\/www.4h.se\/hagelby\/wp-json\/wp\/v2\/pages"}],"about":[{"href":"https:\/\/www.4h.se\/hagelby\/wp-json\/wp\/v2\/types\/page"}],"author":[{"embeddable":true,"href":"https:\/\/www.4h.se\/hagelby\/wp-json\/wp\/v2\/users\/147"}],"replies":[{"embeddable":true,"href":"https:\/\/www.4h.se\/hagelby\/wp-json\/wp\/v2\/comments?post=1137"}],"version-history":[{"count":0,"href":"https:\/\/www.4h.se\/hagelby\/wp-json\/wp\/v2\/pages\/1137\/revisions"}],"wp:attachment":[{"href":"https:\/\/www.4h.se\/hagelby\/wp-json\/wp\/v2\/media?parent=1137"}],"curies":[{"name":"wp","href":"https:\/\/api.w.org\/{rel}","templated":true}]}}