



{"id":1113,"date":"2022-05-17T15:28:49","date_gmt":"2022-05-17T13:28:49","guid":{"rendered":"https:\/\/www.4h.se\/hagelby\/?page_id=1113"},"modified":"2024-04-04T07:18:34","modified_gmt":"2024-04-04T05:18:34","slug":"barnens-dag","status":"publish","type":"page","link":"https:\/\/www.4h.se\/hagelby\/barnens-dag\/","title":{"rendered":"Barnens Dag &#8211; 4 Juni"},"content":{"rendered":"<div class=\"wpb-content-wrapper\"><p>[vc_row full_width=&#8221;stretch_row&#8221; css=&#8221;.vc_custom_1652794301138{background-color: #006340 !important;}&#8221;][vc_column][vc_row_inner css=&#8221;.vc_custom_1646839661060{margin-bottom: 30px !important;background-color: #ffffff !important;border-radius: 15px !important;}&#8221;][vc_column_inner][vc_column_text css=&#8221;.vc_custom_1652794310160{margin-bottom: 30px !important;}&#8221;]<\/p>\n<h1 style=\"text-align: center\">Barnens Dag p\u00e5 4H-g\u00e5rden<\/h1>\n<h3 style=\"text-align: center\">4 juni<\/h3>\n<p>[\/vc_column_text][\/vc_column_inner][\/vc_row_inner][vc_row_inner css=&#8221;.vc_custom_1652795056016{margin-top: px !important;margin-bottom: 30px !important;background-color: #ffffff !important;border-radius: 15px !important;}&#8221;][vc_column_inner width=&#8221;1\/3&#8243;][vc_single_image image=&#8221;1101&#8243; img_size=&#8221;full&#8221;][\/vc_column_inner][vc_column_inner width=&#8221;1\/3&#8243;][vc_single_image image=&#8221;1108&#8243; img_size=&#8221;full&#8221;][\/vc_column_inner][vc_column_inner width=&#8221;1\/3&#8243;][vc_single_image image=&#8221;1099&#8243; img_size=&#8221;full&#8221;][\/vc_column_inner][\/vc_row_inner][vc_row_inner css=&#8221;.vc_custom_1652795040457{margin-bottom: -30px !important;background-color: #ffffff !important;border-radius: 15px !important;}&#8221;][vc_column_inner][vc_column_text css=&#8221;.vc_custom_1653995725005{margin-bottom: 30px !important;}&#8221;]<\/p>\n<h4 style=\"text-align: left\"><strong>Barnens dag p\u00e5 H\u00e5gelby 4H &#8211; 4 juni kl. 11-14<\/strong><\/h4>\n<h4 style=\"text-align: left\">Hos oss finns:<\/h4>\n<h4>Klapphage, gratis<\/h4>\n<h4>Ansiktsm\u00e5lning, 15 kr\/barn<\/h4>\n<h4>Djurvarvet, 10 kr\/barn<\/h4>\n<p>[\/vc_column_text][\/vc_column_inner][\/vc_row_inner][\/vc_column][\/vc_row]<\/p>\n<\/div>","protected":false},"excerpt":{"rendered":"<p>[vc_row full_width=&#8221;stretch_row&#8221; css=&#8221;.vc_custom_1652794301138{background-color: #006340 !important;}&#8221;][vc_column][vc_row_inner css=&#8221;.vc_custom_1646839661060{margin-bottom: 30px !important;background-color: #ffffff !important;border-radius: 15px !important;}&#8221;][vc_column_inner][vc_column_text css=&#8221;.vc_custom_1652794310160{margin-bottom: 30px !important;}&#8221;] Barnens Dag p\u00e5 4H-g\u00e5rden 4 juni [\/vc_column_text][\/vc_column_inner][\/vc_row_inner][vc_row_inner css=&#8221;.vc_custom_1652795056016{margin-top: px !important;margin-bottom: 30px !important;background-color: #ffffff !important;border-radius: 15px !important;}&#8221;][vc_column_inner width=&#8221;1\/3&#8243;][vc_single_image image=&#8221;1101&#8243; img_size=&#8221;full&#8221;][\/vc_column_inner][vc_column_inner width=&#8221;1\/3&#8243;][vc_single_image image=&#8221;1108&#8243; img_size=&#8221;full&#8221;][\/vc_column_inner][vc_column_inner width=&#8221;1\/3&#8243;][vc_single_image image=&#8221;1099&#8243; img_size=&#8221;full&#8221;][\/vc_column_inner][\/vc_row_inner][vc_row_inner css=&#8221;.vc_custom_1652795040457{margin-bottom: -30px !important;background-color: #ffffff !important;border-radius: 15px !important;}&#8221;][vc_column_inner][vc_column_text css=&#8221;.vc_custom_1653995725005{margin-bottom: 30px !important;}&#8221;] Barnens dag p\u00e5 H\u00e5gelby 4H&nbsp; <a href=\"https:\/\/www.4h.se\/hagelby\/barnens-dag\/\">&hellip; Read more <i class=\"glyphicon glyphicon-arrow-right\"><\/i><\/a><\/p>\n","protected":false},"author":147,"featured_media":0,"parent":0,"menu_order":13,"comment_status":"closed","ping_status":"closed","template":"","meta":{"_acf_changed":false,"footnotes":""},"class_list":["post-1113","page","type-page","status-publish","hentry"],"acf":[],"yoast_head":"<!-- This site is optimized with the Yoast SEO plugin v27.5 - https:\/\/yoast.com\/product\/yoast-seo-wordpress\/ -->\n<title>Barnens Dag - 4 Juni - H\u00e5gelby 4H-g\u00e5rd<\/title>\n<meta name=\"robots\" content=\"index, follow, max-snippet:-1, max-image-preview:large, max-video-preview:-1\" \/>\n<link rel=\"canonical\" href=\"https:\/\/www.4h.se\/hagelby\/barnens-dag\/\" \/>\n<meta property=\"og:locale\" content=\"sv_SE\" \/>\n<meta property=\"og:type\" content=\"article\" \/>\n<meta property=\"og:title\" content=\"Barnens Dag - 4 Juni - H\u00e5gelby 4H-g\u00e5rd\" \/>\n<meta property=\"og:description\" content=\"[vc_row full_width=&#8221;stretch_row&#8221; css=&#8221;.vc_custom_1652794301138{background-color: #006340 !important;}&#8221;][vc_column][vc_row_inner css=&#8221;.vc_custom_1646839661060{margin-bottom: 30px !important;background-color: #ffffff !important;border-radius: 15px !important;}&#8221;][vc_column_inner][vc_column_text css=&#8221;.vc_custom_1652794310160{margin-bottom: 30px !important;}&#8221;] Barnens Dag p\u00e5 4H-g\u00e5rden 4 juni [\/vc_column_text][\/vc_column_inner][\/vc_row_inner][vc_row_inner css=&#8221;.vc_custom_1652795056016{margin-top: px !important;margin-bottom: 30px !important;background-color: #ffffff !important;border-radius: 15px !important;}&#8221;][vc_column_inner width=&#8221;1\/3&#8243;][vc_single_image image=&#8221;1101&#8243; img_size=&#8221;full&#8221;][\/vc_column_inner][vc_column_inner width=&#8221;1\/3&#8243;][vc_single_image image=&#8221;1108&#8243; img_size=&#8221;full&#8221;][\/vc_column_inner][vc_column_inner width=&#8221;1\/3&#8243;][vc_single_image image=&#8221;1099&#8243; img_size=&#8221;full&#8221;][\/vc_column_inner][\/vc_row_inner][vc_row_inner css=&#8221;.vc_custom_1652795040457{margin-bottom: -30px !important;background-color: #ffffff !important;border-radius: 15px !important;}&#8221;][vc_column_inner][vc_column_text css=&#8221;.vc_custom_1653995725005{margin-bottom: 30px !important;}&#8221;] Barnens dag p\u00e5 H\u00e5gelby 4H&nbsp; &hellip; Read more\" \/>\n<meta property=\"og:url\" content=\"https:\/\/www.4h.se\/hagelby\/barnens-dag\/\" \/>\n<meta property=\"og:site_name\" content=\"H\u00e5gelby 4H-g\u00e5rd\" \/>\n<meta property=\"article:modified_time\" content=\"2024-04-04T05:18:34+00:00\" \/>\n<meta name=\"twitter:card\" content=\"summary_large_image\" \/>\n<meta name=\"twitter:label1\" content=\"Ber\u00e4knad l\u00e4stid\" \/>\n\t<meta name=\"twitter:data1\" content=\"1 minut\" \/>\n<script type=\"application\/ld+json\" class=\"yoast-schema-graph\">{\"@context\":\"https:\\\/\\\/schema.org\",\"@graph\":[{\"@type\":\"WebPage\",\"@id\":\"https:\\\/\\\/www.4h.se\\\/hagelby\\\/barnens-dag\\\/\",\"url\":\"https:\\\/\\\/www.4h.se\\\/hagelby\\\/barnens-dag\\\/\",\"name\":\"Barnens Dag - 4 Juni - H\u00e5gelby 4H-g\u00e5rd\",\"isPartOf\":{\"@id\":\"https:\\\/\\\/www.4h.se\\\/hagelby\\\/#website\"},\"datePublished\":\"2022-05-17T13:28:49+00:00\",\"dateModified\":\"2024-04-04T05:18:34+00:00\",\"breadcrumb\":{\"@id\":\"https:\\\/\\\/www.4h.se\\\/hagelby\\\/barnens-dag\\\/#breadcrumb\"},\"inLanguage\":\"sv-SE\",\"potentialAction\":[{\"@type\":\"ReadAction\",\"target\":[\"https:\\\/\\\/www.4h.se\\\/hagelby\\\/barnens-dag\\\/\"]}]},{\"@type\":\"BreadcrumbList\",\"@id\":\"https:\\\/\\\/www.4h.se\\\/hagelby\\\/barnens-dag\\\/#breadcrumb\",\"itemListElement\":[{\"@type\":\"ListItem\",\"position\":1,\"name\":\"Hem\",\"item\":\"https:\\\/\\\/www.4h.se\\\/hagelby\\\/\"},{\"@type\":\"ListItem\",\"position\":2,\"name\":\"Barnens Dag &#8211; 4 Juni\"}]},{\"@type\":\"WebSite\",\"@id\":\"https:\\\/\\\/www.4h.se\\\/hagelby\\\/#website\",\"url\":\"https:\\\/\\\/www.4h.se\\\/hagelby\\\/\",\"name\":\"H\u00e5gelby 4H-g\u00e5rd\",\"description\":\"\",\"potentialAction\":[{\"@type\":\"SearchAction\",\"target\":{\"@type\":\"EntryPoint\",\"urlTemplate\":\"https:\\\/\\\/www.4h.se\\\/hagelby\\\/?s={search_term_string}\"},\"query-input\":{\"@type\":\"PropertyValueSpecification\",\"valueRequired\":true,\"valueName\":\"search_term_string\"}}],\"inLanguage\":\"sv-SE\"}]}<\/script>\n<!-- \/ Yoast SEO plugin. -->","yoast_head_json":{"title":"Barnens Dag - 4 Juni - H\u00e5gelby 4H-g\u00e5rd","robots":{"index":"index","follow":"follow","max-snippet":"max-snippet:-1","max-image-preview":"max-image-preview:large","max-video-preview":"max-video-preview:-1"},"canonical":"https:\/\/www.4h.se\/hagelby\/barnens-dag\/","og_locale":"sv_SE","og_type":"article","og_title":"Barnens Dag - 4 Juni - H\u00e5gelby 4H-g\u00e5rd","og_description":"[vc_row full_width=&#8221;stretch_row&#8221; css=&#8221;.vc_custom_1652794301138{background-color: #006340 !important;}&#8221;][vc_column][vc_row_inner css=&#8221;.vc_custom_1646839661060{margin-bottom: 30px !important;background-color: #ffffff !important;border-radius: 15px !important;}&#8221;][vc_column_inner][vc_column_text css=&#8221;.vc_custom_1652794310160{margin-bottom: 30px !important;}&#8221;] Barnens Dag p\u00e5 4H-g\u00e5rden 4 juni [\/vc_column_text][\/vc_column_inner][\/vc_row_inner][vc_row_inner css=&#8221;.vc_custom_1652795056016{margin-top: px !important;margin-bottom: 30px !important;background-color: #ffffff !important;border-radius: 15px !important;}&#8221;][vc_column_inner width=&#8221;1\/3&#8243;][vc_single_image image=&#8221;1101&#8243; img_size=&#8221;full&#8221;][\/vc_column_inner][vc_column_inner width=&#8221;1\/3&#8243;][vc_single_image image=&#8221;1108&#8243; img_size=&#8221;full&#8221;][\/vc_column_inner][vc_column_inner width=&#8221;1\/3&#8243;][vc_single_image image=&#8221;1099&#8243; img_size=&#8221;full&#8221;][\/vc_column_inner][\/vc_row_inner][vc_row_inner css=&#8221;.vc_custom_1652795040457{margin-bottom: -30px !important;background-color: #ffffff !important;border-radius: 15px !important;}&#8221;][vc_column_inner][vc_column_text css=&#8221;.vc_custom_1653995725005{margin-bottom: 30px !important;}&#8221;] Barnens dag p\u00e5 H\u00e5gelby 4H&nbsp; &hellip; Read more","og_url":"https:\/\/www.4h.se\/hagelby\/barnens-dag\/","og_site_name":"H\u00e5gelby 4H-g\u00e5rd","article_modified_time":"2024-04-04T05:18:34+00:00","twitter_card":"summary_large_image","twitter_misc":{"Ber\u00e4knad l\u00e4stid":"1 minut"},"schema":{"@context":"https:\/\/schema.org","@graph":[{"@type":"WebPage","@id":"https:\/\/www.4h.se\/hagelby\/barnens-dag\/","url":"https:\/\/www.4h.se\/hagelby\/barnens-dag\/","name":"Barnens Dag - 4 Juni - H\u00e5gelby 4H-g\u00e5rd","isPartOf":{"@id":"https:\/\/www.4h.se\/hagelby\/#website"},"datePublished":"2022-05-17T13:28:49+00:00","dateModified":"2024-04-04T05:18:34+00:00","breadcrumb":{"@id":"https:\/\/www.4h.se\/hagelby\/barnens-dag\/#breadcrumb"},"inLanguage":"sv-SE","potentialAction":[{"@type":"ReadAction","target":["https:\/\/www.4h.se\/hagelby\/barnens-dag\/"]}]},{"@type":"BreadcrumbList","@id":"https:\/\/www.4h.se\/hagelby\/barnens-dag\/#breadcrumb","itemListElement":[{"@type":"ListItem","position":1,"name":"Hem","item":"https:\/\/www.4h.se\/hagelby\/"},{"@type":"ListItem","position":2,"name":"Barnens Dag &#8211; 4 Juni"}]},{"@type":"WebSite","@id":"https:\/\/www.4h.se\/hagelby\/#website","url":"https:\/\/www.4h.se\/hagelby\/","name":"H\u00e5gelby 4H-g\u00e5rd","description":"","potentialAction":[{"@type":"SearchAction","target":{"@type":"EntryPoint","urlTemplate":"https:\/\/www.4h.se\/hagelby\/?s={search_term_string}"},"query-input":{"@type":"PropertyValueSpecification","valueRequired":true,"valueName":"search_term_string"}}],"inLanguage":"sv-SE"}]}},"_links":{"self":[{"href":"https:\/\/www.4h.se\/hagelby\/wp-json\/wp\/v2\/pages\/1113","targetHints":{"allow":["GET"]}}],"collection":[{"href":"https:\/\/www.4h.se\/hagelby\/wp-json\/wp\/v2\/pages"}],"about":[{"href":"https:\/\/www.4h.se\/hagelby\/wp-json\/wp\/v2\/types\/page"}],"author":[{"embeddable":true,"href":"https:\/\/www.4h.se\/hagelby\/wp-json\/wp\/v2\/users\/147"}],"replies":[{"embeddable":true,"href":"https:\/\/www.4h.se\/hagelby\/wp-json\/wp\/v2\/comments?post=1113"}],"version-history":[{"count":0,"href":"https:\/\/www.4h.se\/hagelby\/wp-json\/wp\/v2\/pages\/1113\/revisions"}],"wp:attachment":[{"href":"https:\/\/www.4h.se\/hagelby\/wp-json\/wp\/v2\/media?parent=1113"}],"curies":[{"name":"wp","href":"https:\/\/api.w.org\/{rel}","templated":true}]}}