



{"id":1110,"date":"2022-05-10T11:49:58","date_gmt":"2022-05-10T09:49:58","guid":{"rendered":"https:\/\/www.4h.se\/hagelby\/?page_id=1110"},"modified":"2026-05-05T16:01:11","modified_gmt":"2026-05-05T14:01:11","slug":"klapphage-2","status":"publish","type":"page","link":"https:\/\/www.4h.se\/hagelby\/klapphage-2\/","title":{"rendered":"Klapphage"},"content":{"rendered":"<div class=\"wpb-content-wrapper\"><p>[vc_row full_width=&#8221;stretch_row&#8221; css=&#8221;.vc_custom_1734016549159{margin-top: -110px !important;background-color: #008b44 !important;background-position: center !important;background-repeat: no-repeat !important;background-size: cover !important;}&#8221;][vc_column css=&#8221;.vc_custom_1734016661494{background-position: center !important;background-repeat: no-repeat !important;background-size: contain !important;}&#8221;][vc_single_image image=&#8221;1516&#8243; img_size=&#8221;full&#8221; alignment=&#8221;center&#8221; css=&#8221;&#8221;][\/vc_column][\/vc_row][vc_row full_width=&#8221;stretch_row&#8221; css=&#8221;.vc_custom_1734016752452{background-color: #008b44 !important;}&#8221;][vc_column css=&#8221;.vc_custom_1734016728949{margin-top: -110px !important;}&#8221;][vc_row_inner css=&#8221;.vc_custom_1652178721636{margin-bottom: -20px !important;background-color: #ffffff !important;border-radius: 15px !important;}&#8221;][vc_column_inner width=&#8221;1\/4&#8243; css=&#8221;.vc_custom_1652178470965{margin-bottom: 30px !important;}&#8221;][vc_empty_space height=&#8221;500&#8243; css=&#8221;.vc_custom_1707904733593{background-image: url(https:\/\/www.4h.se\/hagelby\/wp-content\/uploads\/sites\/47\/2024\/01\/8C59CE62-11B1-4059-BA5C-4D423A7442AD-scaled.jpeg?id=1274) !important;background-position: center !important;background-repeat: no-repeat !important;background-size: cover !important;}&#8221;][\/vc_column_inner][vc_column_inner width=&#8221;1\/2&#8243;][vc_column_text css=&#8221;&#8221;]<\/p>\n<h2 style=\"text-align: center;\"><\/h2>\n<h2><\/h2>\n<p>&nbsp;<\/p>\n<p>&nbsp;<\/p>\n<p>&nbsp;<\/p>\n<h2 style=\"text-align: center;\">Klapphagen \u00e4r \u00f6ppen:<\/h2>\n<div style=\"text-align: center;\">L\u00f6rdag 9\/5 kl. 11-13<\/div>\n<div style=\"text-align: center;\">L\u00f6rdag 23\/5 12-13.30 &amp; 14.30-16<\/div>\n<div style=\"text-align: center;\">L\u00f6rdag 6\/6 11-12.30<\/div>\n<div><\/div>\n<h4 style=\"text-align: center;\">Tillsammans med <span style=\"color: #008000;\">h\u00e5gelbyparken &amp; Botkyrka kommun!<\/span><\/h4>\n<p>&nbsp;<\/p>\n<p>&nbsp;[\/vc_column_text][vc_column_text css=&#8221;&#8221;]<\/p>\n<h4 style=\"text-align: center;\">Varmt v\u00e4lkommen!<\/h4>\n<p style=\"text-align: center;\">Bes\u00f6k klapphagen med H\u00e5gelby 4H:s f\u00e5r och ibland \u00e4ven getter. H\u00e4r f\u00e5r du klappa och borsta p\u00e5 g\u00e5rdens djur. I hagen finns en djursk\u00f6tare som kan svara p\u00e5 fr\u00e5gor och ber\u00e4tta mer om djuren. Barn i alla \u00e5ldrar \u00e4r v\u00e4lkomna, f\u00f6r\u00e4ldrar ansvarar \u00f6ver sina barn i hagen.<\/p>\n<p style=\"text-align: center;\">Kostnadsfritt och ingen anm\u00e4lan kr\u00e4vs!<\/p>\n<p>[\/vc_column_text][\/vc_column_inner][vc_column_inner width=&#8221;1\/4&#8243;][vc_empty_space height=&#8221;500&#8243; css=&#8221;.vc_custom_1707904805209{background-image: url(https:\/\/www.4h.se\/hagelby\/wp-content\/uploads\/sites\/47\/2023\/01\/Volke.jpg?id=1188) !important;background-position: center !important;background-repeat: no-repeat !important;background-size: cover !important;}&#8221;][\/vc_column_inner][\/vc_row_inner][\/vc_column][vc_column][\/vc_column][\/vc_row]<\/p>\n<\/div>","protected":false},"excerpt":{"rendered":"<p>[vc_row full_width=&#8221;stretch_row&#8221; css=&#8221;.vc_custom_1734016549159{margin-top: -110px !important;background-color: #008b44 !important;background-position: center !important;background-repeat: no-repeat !important;background-size: cover !important;}&#8221;][vc_column css=&#8221;.vc_custom_1734016661494{background-position: center !important;background-repeat: no-repeat !important;background-size: contain !important;}&#8221;][vc_single_image image=&#8221;1516&#8243; img_size=&#8221;full&#8221; alignment=&#8221;center&#8221; css=&#8221;&#8221;][\/vc_column][\/vc_row][vc_row full_width=&#8221;stretch_row&#8221; css=&#8221;.vc_custom_1734016752452{background-color: #008b44 !important;}&#8221;][vc_column css=&#8221;.vc_custom_1734016728949{margin-top: -110px !important;}&#8221;][vc_row_inner css=&#8221;.vc_custom_1652178721636{margin-bottom: -20px !important;background-color: #ffffff !important;border-radius: 15px !important;}&#8221;][vc_column_inner width=&#8221;1\/4&#8243; css=&#8221;.vc_custom_1652178470965{margin-bottom: 30px !important;}&#8221;][vc_empty_space height=&#8221;500&#8243; css=&#8221;.vc_custom_1707904733593{background-image: url(https:\/\/www.4h.se\/hagelby\/wp-content\/uploads\/sites\/47\/2024\/01\/8C59CE62-11B1-4059-BA5C-4D423A7442AD-scaled.jpeg?id=1274) !important;background-position: center !important;background-repeat: no-repeat !important;background-size: cover !important;}&#8221;][\/vc_column_inner][vc_column_inner width=&#8221;1\/2&#8243;][vc_column_text css=&#8221;&#8221;] &nbsp;&nbsp; <a href=\"https:\/\/www.4h.se\/hagelby\/klapphage-2\/\">&hellip; Read more <i class=\"glyphicon glyphicon-arrow-right\"><\/i><\/a><\/p>\n","protected":false},"author":147,"featured_media":0,"parent":0,"menu_order":14,"comment_status":"closed","ping_status":"closed","template":"","meta":{"_acf_changed":false,"footnotes":""},"class_list":["post-1110","page","type-page","status-publish","hentry"],"acf":[],"yoast_head":"<!-- This site is optimized with the Yoast SEO plugin v27.5 - https:\/\/yoast.com\/product\/yoast-seo-wordpress\/ -->\n<title>Klapphage med f\u00e5r - gratis - H\u00e5gelby 4H-g\u00e5rd<\/title>\n<meta name=\"description\" content=\"V\u00e4lkommen till H\u00e5gelby p\u00e5 Klapphage med f\u00e5r - gratis! H\u00e4r f\u00e5r du klappa p\u00e5 g\u00e5rdens f\u00e5r. F\u00f6r barn i alla \u00e5ldrar och gratis f\u00f6r hela familjen.\" \/>\n<meta name=\"robots\" content=\"index, follow, max-snippet:-1, max-image-preview:large, max-video-preview:-1\" \/>\n<link rel=\"canonical\" href=\"https:\/\/www.4h.se\/hagelby\/klapphage-2\/\" \/>\n<meta property=\"og:locale\" content=\"sv_SE\" \/>\n<meta property=\"og:type\" content=\"article\" \/>\n<meta property=\"og:title\" content=\"Klapphage med f\u00e5r - gratis - H\u00e5gelby 4H-g\u00e5rd\" \/>\n<meta property=\"og:description\" content=\"V\u00e4lkommen till H\u00e5gelby p\u00e5 Klapphage med f\u00e5r - gratis! H\u00e4r f\u00e5r du klappa p\u00e5 g\u00e5rdens f\u00e5r. F\u00f6r barn i alla \u00e5ldrar och gratis f\u00f6r hela familjen.\" \/>\n<meta property=\"og:url\" content=\"https:\/\/www.4h.se\/hagelby\/klapphage-2\/\" \/>\n<meta property=\"og:site_name\" content=\"H\u00e5gelby 4H-g\u00e5rd\" \/>\n<meta property=\"article:modified_time\" content=\"2026-05-05T14:01:11+00:00\" \/>\n<meta name=\"twitter:card\" content=\"summary_large_image\" \/>\n<script type=\"application\/ld+json\" class=\"yoast-schema-graph\">{\"@context\":\"https:\\\/\\\/schema.org\",\"@graph\":[{\"@type\":\"WebPage\",\"@id\":\"https:\\\/\\\/www.4h.se\\\/hagelby\\\/klapphage-2\\\/\",\"url\":\"https:\\\/\\\/www.4h.se\\\/hagelby\\\/klapphage-2\\\/\",\"name\":\"Klapphage med f\u00e5r - gratis - H\u00e5gelby 4H-g\u00e5rd\",\"isPartOf\":{\"@id\":\"https:\\\/\\\/www.4h.se\\\/hagelby\\\/#website\"},\"datePublished\":\"2022-05-10T09:49:58+00:00\",\"dateModified\":\"2026-05-05T14:01:11+00:00\",\"description\":\"V\u00e4lkommen till H\u00e5gelby p\u00e5 Klapphage med f\u00e5r - gratis! H\u00e4r f\u00e5r du klappa p\u00e5 g\u00e5rdens f\u00e5r. F\u00f6r barn i alla \u00e5ldrar och gratis f\u00f6r hela familjen.\",\"breadcrumb\":{\"@id\":\"https:\\\/\\\/www.4h.se\\\/hagelby\\\/klapphage-2\\\/#breadcrumb\"},\"inLanguage\":\"sv-SE\",\"potentialAction\":[{\"@type\":\"ReadAction\",\"target\":[\"https:\\\/\\\/www.4h.se\\\/hagelby\\\/klapphage-2\\\/\"]}]},{\"@type\":\"BreadcrumbList\",\"@id\":\"https:\\\/\\\/www.4h.se\\\/hagelby\\\/klapphage-2\\\/#breadcrumb\",\"itemListElement\":[{\"@type\":\"ListItem\",\"position\":1,\"name\":\"Hem\",\"item\":\"https:\\\/\\\/www.4h.se\\\/hagelby\\\/\"},{\"@type\":\"ListItem\",\"position\":2,\"name\":\"Klapphage\"}]},{\"@type\":\"WebSite\",\"@id\":\"https:\\\/\\\/www.4h.se\\\/hagelby\\\/#website\",\"url\":\"https:\\\/\\\/www.4h.se\\\/hagelby\\\/\",\"name\":\"H\u00e5gelby 4H-g\u00e5rd\",\"description\":\"\",\"potentialAction\":[{\"@type\":\"SearchAction\",\"target\":{\"@type\":\"EntryPoint\",\"urlTemplate\":\"https:\\\/\\\/www.4h.se\\\/hagelby\\\/?s={search_term_string}\"},\"query-input\":{\"@type\":\"PropertyValueSpecification\",\"valueRequired\":true,\"valueName\":\"search_term_string\"}}],\"inLanguage\":\"sv-SE\"}]}<\/script>\n<!-- \/ Yoast SEO plugin. -->","yoast_head_json":{"title":"Klapphage med f\u00e5r - gratis - H\u00e5gelby 4H-g\u00e5rd","description":"V\u00e4lkommen till H\u00e5gelby p\u00e5 Klapphage med f\u00e5r - gratis! H\u00e4r f\u00e5r du klappa p\u00e5 g\u00e5rdens f\u00e5r. F\u00f6r barn i alla \u00e5ldrar och gratis f\u00f6r hela familjen.","robots":{"index":"index","follow":"follow","max-snippet":"max-snippet:-1","max-image-preview":"max-image-preview:large","max-video-preview":"max-video-preview:-1"},"canonical":"https:\/\/www.4h.se\/hagelby\/klapphage-2\/","og_locale":"sv_SE","og_type":"article","og_title":"Klapphage med f\u00e5r - gratis - H\u00e5gelby 4H-g\u00e5rd","og_description":"V\u00e4lkommen till H\u00e5gelby p\u00e5 Klapphage med f\u00e5r - gratis! H\u00e4r f\u00e5r du klappa p\u00e5 g\u00e5rdens f\u00e5r. F\u00f6r barn i alla \u00e5ldrar och gratis f\u00f6r hela familjen.","og_url":"https:\/\/www.4h.se\/hagelby\/klapphage-2\/","og_site_name":"H\u00e5gelby 4H-g\u00e5rd","article_modified_time":"2026-05-05T14:01:11+00:00","twitter_card":"summary_large_image","schema":{"@context":"https:\/\/schema.org","@graph":[{"@type":"WebPage","@id":"https:\/\/www.4h.se\/hagelby\/klapphage-2\/","url":"https:\/\/www.4h.se\/hagelby\/klapphage-2\/","name":"Klapphage med f\u00e5r - gratis - H\u00e5gelby 4H-g\u00e5rd","isPartOf":{"@id":"https:\/\/www.4h.se\/hagelby\/#website"},"datePublished":"2022-05-10T09:49:58+00:00","dateModified":"2026-05-05T14:01:11+00:00","description":"V\u00e4lkommen till H\u00e5gelby p\u00e5 Klapphage med f\u00e5r - gratis! H\u00e4r f\u00e5r du klappa p\u00e5 g\u00e5rdens f\u00e5r. F\u00f6r barn i alla \u00e5ldrar och gratis f\u00f6r hela familjen.","breadcrumb":{"@id":"https:\/\/www.4h.se\/hagelby\/klapphage-2\/#breadcrumb"},"inLanguage":"sv-SE","potentialAction":[{"@type":"ReadAction","target":["https:\/\/www.4h.se\/hagelby\/klapphage-2\/"]}]},{"@type":"BreadcrumbList","@id":"https:\/\/www.4h.se\/hagelby\/klapphage-2\/#breadcrumb","itemListElement":[{"@type":"ListItem","position":1,"name":"Hem","item":"https:\/\/www.4h.se\/hagelby\/"},{"@type":"ListItem","position":2,"name":"Klapphage"}]},{"@type":"WebSite","@id":"https:\/\/www.4h.se\/hagelby\/#website","url":"https:\/\/www.4h.se\/hagelby\/","name":"H\u00e5gelby 4H-g\u00e5rd","description":"","potentialAction":[{"@type":"SearchAction","target":{"@type":"EntryPoint","urlTemplate":"https:\/\/www.4h.se\/hagelby\/?s={search_term_string}"},"query-input":{"@type":"PropertyValueSpecification","valueRequired":true,"valueName":"search_term_string"}}],"inLanguage":"sv-SE"}]}},"_links":{"self":[{"href":"https:\/\/www.4h.se\/hagelby\/wp-json\/wp\/v2\/pages\/1110","targetHints":{"allow":["GET"]}}],"collection":[{"href":"https:\/\/www.4h.se\/hagelby\/wp-json\/wp\/v2\/pages"}],"about":[{"href":"https:\/\/www.4h.se\/hagelby\/wp-json\/wp\/v2\/types\/page"}],"author":[{"embeddable":true,"href":"https:\/\/www.4h.se\/hagelby\/wp-json\/wp\/v2\/users\/147"}],"replies":[{"embeddable":true,"href":"https:\/\/www.4h.se\/hagelby\/wp-json\/wp\/v2\/comments?post=1110"}],"version-history":[{"count":0,"href":"https:\/\/www.4h.se\/hagelby\/wp-json\/wp\/v2\/pages\/1110\/revisions"}],"wp:attachment":[{"href":"https:\/\/www.4h.se\/hagelby\/wp-json\/wp\/v2\/media?parent=1110"}],"curies":[{"name":"wp","href":"https:\/\/api.w.org\/{rel}","templated":true}]}}