



{"id":39,"date":"2014-12-09T20:10:35","date_gmt":"2014-12-09T19:10:35","guid":{"rendered":"http:\/\/www.4h.se\/rix16\/?page_id=39"},"modified":"2017-03-25T19:46:13","modified_gmt":"2017-03-25T18:46:13","slug":"hem","status":"publish","type":"page","link":"https:\/\/www.4h.se\/grona-dalen\/","title":{"rendered":"Startsida"},"content":{"rendered":"<div class=\"wpb-content-wrapper\"><p>[vc_row][vc_column width=&#8221;2\/3&#8243;][vc_column_text]<\/p>\n<h1>V\u00e4lkommen till Gr\u00f6na Dalens\u00a04H-klubbs nya hemsida!<\/h1>\n<p>Vi \u00e4r en liten 4H-klubb som h\u00e5ller till i Kungs\u00e4ngen med omnejd. V\u00e5ra medlemmar \u00e4r i \u00e5ldern 6-12 \u00e5r och klubbens aktiviteter utg\u00e5r fr\u00e5n medlemmarnas intressen. Nu \u00e4r det djursk\u00f6tsel, matlagning och pyssel som tr\u00e4ffarna ofta handlar om.<\/p>\n<p>Se under &#8221;Aktiviteter&#8221; f\u00f6r mer information om klubben.[\/vc_column_text][\/vc_column][vc_column width=&#8221;1\/3&#8243;][vc_wp_posts number=&#8221;5&#8243;][\/vc_column][\/vc_row]<\/p>\n<\/div>","protected":false},"excerpt":{"rendered":"<p>[vc_row][vc_column width=&#8221;2\/3&#8243;][vc_column_text] V\u00e4lkommen till Gr\u00f6na Dalens\u00a04H-klubbs nya hemsida! Vi \u00e4r en liten 4H-klubb som h\u00e5ller till i Kungs\u00e4ngen med omnejd. V\u00e5ra medlemmar \u00e4r i \u00e5ldern 6-12 \u00e5r och klubbens aktiviteter utg\u00e5r fr\u00e5n medlemmarnas intressen. Nu \u00e4r det djursk\u00f6tsel, matlagning och pyssel som tr\u00e4ffarna ofta handlar om. Se under &#8221;Aktiviteter&#8221; f\u00f6r mer information om klubben.[\/vc_column_text][\/vc_column][vc_column width=&#8221;1\/3&#8243;][vc_wp_posts&nbsp; <a href=\"https:\/\/www.4h.se\/grona-dalen\/\">&hellip; Read more <i class=\"glyphicon glyphicon-arrow-right\"><\/i><\/a><\/p>\n","protected":false},"author":1,"featured_media":0,"parent":0,"menu_order":10,"comment_status":"closed","ping_status":"closed","template":"","meta":{"footnotes":""},"class_list":["post-39","page","type-page","status-publish","hentry"],"yoast_head":"<!-- This site is optimized with the Yoast SEO plugin v27.4 - https:\/\/yoast.com\/product\/yoast-seo-wordpress\/ -->\n<title>Startsida - Gr\u00f6na Dalens 4H-klubb<\/title>\n<meta name=\"robots\" content=\"index, follow, max-snippet:-1, max-image-preview:large, max-video-preview:-1\" \/>\n<link rel=\"canonical\" href=\"https:\/\/www.4h.se\/grona-dalen\/\" \/>\n<meta property=\"og:locale\" content=\"sv_SE\" \/>\n<meta property=\"og:type\" content=\"article\" \/>\n<meta property=\"og:title\" content=\"Startsida - Gr\u00f6na Dalens 4H-klubb\" \/>\n<meta property=\"og:description\" content=\"[vc_row][vc_column width=&#8221;2\/3&#8243;][vc_column_text] V\u00e4lkommen till Gr\u00f6na Dalens\u00a04H-klubbs nya hemsida! Vi \u00e4r en liten 4H-klubb som h\u00e5ller till i Kungs\u00e4ngen med omnejd. V\u00e5ra medlemmar \u00e4r i \u00e5ldern 6-12 \u00e5r och klubbens aktiviteter utg\u00e5r fr\u00e5n medlemmarnas intressen. Nu \u00e4r det djursk\u00f6tsel, matlagning och pyssel som tr\u00e4ffarna ofta handlar om. Se under &#8221;Aktiviteter&#8221; f\u00f6r mer information om klubben.[\/vc_column_text][\/vc_column][vc_column width=&#8221;1\/3&#8243;][vc_wp_posts&nbsp; &hellip; Read more\" \/>\n<meta property=\"og:url\" content=\"https:\/\/www.4h.se\/grona-dalen\/\" \/>\n<meta property=\"og:site_name\" content=\"Gr\u00f6na Dalens 4H-klubb\" \/>\n<meta property=\"article:modified_time\" content=\"2017-03-25T18:46:13+00:00\" \/>\n<meta name=\"twitter:card\" content=\"summary_large_image\" \/>\n<script type=\"application\/ld+json\" class=\"yoast-schema-graph\">{\"@context\":\"https:\\\/\\\/schema.org\",\"@graph\":[{\"@type\":\"WebPage\",\"@id\":\"https:\\\/\\\/www.4h.se\\\/grona-dalen\\\/\",\"url\":\"https:\\\/\\\/www.4h.se\\\/grona-dalen\\\/\",\"name\":\"Startsida - Gr\u00f6na Dalens 4H-klubb\",\"isPartOf\":{\"@id\":\"https:\\\/\\\/www.4h.se\\\/grona-dalen\\\/#website\"},\"datePublished\":\"2014-12-09T19:10:35+00:00\",\"dateModified\":\"2017-03-25T18:46:13+00:00\",\"breadcrumb\":{\"@id\":\"https:\\\/\\\/www.4h.se\\\/grona-dalen\\\/#breadcrumb\"},\"inLanguage\":\"sv-SE\",\"potentialAction\":[{\"@type\":\"ReadAction\",\"target\":[\"https:\\\/\\\/www.4h.se\\\/grona-dalen\\\/\"]}]},{\"@type\":\"BreadcrumbList\",\"@id\":\"https:\\\/\\\/www.4h.se\\\/grona-dalen\\\/#breadcrumb\",\"itemListElement\":[{\"@type\":\"ListItem\",\"position\":1,\"name\":\"Hem\",\"item\":\"https:\\\/\\\/www.4h.se\\\/grona-dalen\\\/\"},{\"@type\":\"ListItem\",\"position\":2,\"name\":\"Startsida\"}]},{\"@type\":\"WebSite\",\"@id\":\"https:\\\/\\\/www.4h.se\\\/grona-dalen\\\/#website\",\"url\":\"https:\\\/\\\/www.4h.se\\\/grona-dalen\\\/\",\"name\":\"Gr\u00f6na Dalens 4H-klubb\",\"description\":\"\",\"potentialAction\":[{\"@type\":\"SearchAction\",\"target\":{\"@type\":\"EntryPoint\",\"urlTemplate\":\"https:\\\/\\\/www.4h.se\\\/grona-dalen\\\/?s={search_term_string}\"},\"query-input\":{\"@type\":\"PropertyValueSpecification\",\"valueRequired\":true,\"valueName\":\"search_term_string\"}}],\"inLanguage\":\"sv-SE\"}]}<\/script>\n<!-- \/ Yoast SEO plugin. -->","yoast_head_json":{"title":"Startsida - Gr\u00f6na Dalens 4H-klubb","robots":{"index":"index","follow":"follow","max-snippet":"max-snippet:-1","max-image-preview":"max-image-preview:large","max-video-preview":"max-video-preview:-1"},"canonical":"https:\/\/www.4h.se\/grona-dalen\/","og_locale":"sv_SE","og_type":"article","og_title":"Startsida - Gr\u00f6na Dalens 4H-klubb","og_description":"[vc_row][vc_column width=&#8221;2\/3&#8243;][vc_column_text] V\u00e4lkommen till Gr\u00f6na Dalens\u00a04H-klubbs nya hemsida! Vi \u00e4r en liten 4H-klubb som h\u00e5ller till i Kungs\u00e4ngen med omnejd. V\u00e5ra medlemmar \u00e4r i \u00e5ldern 6-12 \u00e5r och klubbens aktiviteter utg\u00e5r fr\u00e5n medlemmarnas intressen. Nu \u00e4r det djursk\u00f6tsel, matlagning och pyssel som tr\u00e4ffarna ofta handlar om. Se under &#8221;Aktiviteter&#8221; f\u00f6r mer information om klubben.[\/vc_column_text][\/vc_column][vc_column width=&#8221;1\/3&#8243;][vc_wp_posts&nbsp; &hellip; Read more","og_url":"https:\/\/www.4h.se\/grona-dalen\/","og_site_name":"Gr\u00f6na Dalens 4H-klubb","article_modified_time":"2017-03-25T18:46:13+00:00","twitter_card":"summary_large_image","schema":{"@context":"https:\/\/schema.org","@graph":[{"@type":"WebPage","@id":"https:\/\/www.4h.se\/grona-dalen\/","url":"https:\/\/www.4h.se\/grona-dalen\/","name":"Startsida - Gr\u00f6na Dalens 4H-klubb","isPartOf":{"@id":"https:\/\/www.4h.se\/grona-dalen\/#website"},"datePublished":"2014-12-09T19:10:35+00:00","dateModified":"2017-03-25T18:46:13+00:00","breadcrumb":{"@id":"https:\/\/www.4h.se\/grona-dalen\/#breadcrumb"},"inLanguage":"sv-SE","potentialAction":[{"@type":"ReadAction","target":["https:\/\/www.4h.se\/grona-dalen\/"]}]},{"@type":"BreadcrumbList","@id":"https:\/\/www.4h.se\/grona-dalen\/#breadcrumb","itemListElement":[{"@type":"ListItem","position":1,"name":"Hem","item":"https:\/\/www.4h.se\/grona-dalen\/"},{"@type":"ListItem","position":2,"name":"Startsida"}]},{"@type":"WebSite","@id":"https:\/\/www.4h.se\/grona-dalen\/#website","url":"https:\/\/www.4h.se\/grona-dalen\/","name":"Gr\u00f6na Dalens 4H-klubb","description":"","potentialAction":[{"@type":"SearchAction","target":{"@type":"EntryPoint","urlTemplate":"https:\/\/www.4h.se\/grona-dalen\/?s={search_term_string}"},"query-input":{"@type":"PropertyValueSpecification","valueRequired":true,"valueName":"search_term_string"}}],"inLanguage":"sv-SE"}]}},"_links":{"self":[{"href":"https:\/\/www.4h.se\/grona-dalen\/wp-json\/wp\/v2\/pages\/39","targetHints":{"allow":["GET"]}}],"collection":[{"href":"https:\/\/www.4h.se\/grona-dalen\/wp-json\/wp\/v2\/pages"}],"about":[{"href":"https:\/\/www.4h.se\/grona-dalen\/wp-json\/wp\/v2\/types\/page"}],"author":[{"embeddable":true,"href":"https:\/\/www.4h.se\/grona-dalen\/wp-json\/wp\/v2\/users\/1"}],"replies":[{"embeddable":true,"href":"https:\/\/www.4h.se\/grona-dalen\/wp-json\/wp\/v2\/comments?post=39"}],"version-history":[{"count":0,"href":"https:\/\/www.4h.se\/grona-dalen\/wp-json\/wp\/v2\/pages\/39\/revisions"}],"wp:attachment":[{"href":"https:\/\/www.4h.se\/grona-dalen\/wp-json\/wp\/v2\/media?parent=39"}],"curies":[{"name":"wp","href":"https:\/\/api.w.org\/{rel}","templated":true}]}}