



{"id":285,"date":"2015-10-07T09:13:53","date_gmt":"2015-10-07T07:13:53","guid":{"rendered":"http:\/\/www.4h.se\/grona-dalen\/?page_id=285"},"modified":"2017-02-11T19:19:50","modified_gmt":"2017-02-11T18:19:50","slug":"bli-medlem","status":"publish","type":"page","link":"https:\/\/www.4h.se\/grona-dalen\/bli-medlem\/","title":{"rendered":"Bli medlem"},"content":{"rendered":"<div class=\"wpb-content-wrapper\"><p>[vc_row][vc_column][vc_column_text]<\/p>\n<h1>Bli medlem i 4H och v\u00e5r klubb<\/h1>\n<p>[\/vc_column_text][\/vc_column][\/vc_row][vc_row][vc_column][vc_column_text]4H:s motto \u00e4r Att l\u00e4ra genom att g\u00f6ra. Detta \u00e4r n\u00e5got som genomsyrar v\u00e5r verksamhet.<\/p>\n<p>De fyra H:na st\u00e5r f\u00f6r<\/p>\n<p>HUVUD- Vi l\u00e4r varandra nya saker n\u00e4r vi ses och utvecklas tillsammans<\/p>\n<p>HJ\u00c4RTA &#8211; Vara en bra kompis, vi hj\u00e4lper och st\u00e4rker varandra n\u00e4r vi ses<\/p>\n<p>HAND &#8211; Vi jobbar praktiskt med h\u00e4nderna n\u00e4r vi ses<\/p>\n<p>H\u00c4LSA &#8211; Vi r\u00f6r p\u00e5 oss och lagar god och h\u00e4lsosam mat tillsammans<\/p>\n<p>&nbsp;<\/p>\n<p>Vill du veta mer eller bli medlem i v\u00e5r klubb, kontakta Isabelle p\u00e5 isabelle.josefsson@4h.se!<\/p>\n<p>&nbsp;[\/vc_column_text][\/vc_column][\/vc_row]<\/p>\n<\/div>","protected":false},"excerpt":{"rendered":"<p>[vc_row][vc_column][vc_column_text] Bli medlem i 4H och v\u00e5r klubb [\/vc_column_text][\/vc_column][\/vc_row][vc_row][vc_column][vc_column_text]4H:s motto \u00e4r Att l\u00e4ra genom att g\u00f6ra. Detta \u00e4r n\u00e5got som genomsyrar v\u00e5r verksamhet. De fyra H:na st\u00e5r f\u00f6r HUVUD- Vi l\u00e4r varandra nya saker n\u00e4r vi ses och utvecklas tillsammans HJ\u00c4RTA &#8211; Vara en bra kompis, vi hj\u00e4lper och st\u00e4rker varandra n\u00e4r vi ses HAND&nbsp; <a href=\"https:\/\/www.4h.se\/grona-dalen\/bli-medlem\/\">&hellip; Read more <i class=\"glyphicon glyphicon-arrow-right\"><\/i><\/a><\/p>\n","protected":false},"author":1,"featured_media":0,"parent":0,"menu_order":0,"comment_status":"closed","ping_status":"closed","template":"","meta":{"_acf_changed":false,"footnotes":""},"class_list":["post-285","page","type-page","status-publish","hentry"],"acf":[],"yoast_head":"<!-- This site is optimized with the Yoast SEO plugin v27.5 - https:\/\/yoast.com\/product\/yoast-seo-wordpress\/ -->\n<title>Bli medlem - Gr\u00f6na Dalens 4H-klubb<\/title>\n<meta name=\"robots\" content=\"index, follow, max-snippet:-1, max-image-preview:large, max-video-preview:-1\" \/>\n<link rel=\"canonical\" href=\"https:\/\/www.4h.se\/grona-dalen\/bli-medlem\/\" \/>\n<meta property=\"og:locale\" content=\"sv_SE\" \/>\n<meta property=\"og:type\" content=\"article\" \/>\n<meta property=\"og:title\" content=\"Bli medlem - Gr\u00f6na Dalens 4H-klubb\" \/>\n<meta property=\"og:description\" content=\"[vc_row][vc_column][vc_column_text] Bli medlem i 4H och v\u00e5r klubb [\/vc_column_text][\/vc_column][\/vc_row][vc_row][vc_column][vc_column_text]4H:s motto \u00e4r Att l\u00e4ra genom att g\u00f6ra. Detta \u00e4r n\u00e5got som genomsyrar v\u00e5r verksamhet. De fyra H:na st\u00e5r f\u00f6r HUVUD- Vi l\u00e4r varandra nya saker n\u00e4r vi ses och utvecklas tillsammans HJ\u00c4RTA &#8211; Vara en bra kompis, vi hj\u00e4lper och st\u00e4rker varandra n\u00e4r vi ses HAND&nbsp; &hellip; Read more\" \/>\n<meta property=\"og:url\" content=\"https:\/\/www.4h.se\/grona-dalen\/bli-medlem\/\" \/>\n<meta property=\"og:site_name\" content=\"Gr\u00f6na Dalens 4H-klubb\" \/>\n<meta property=\"article:modified_time\" content=\"2017-02-11T18:19:50+00:00\" \/>\n<meta name=\"twitter:card\" content=\"summary_large_image\" \/>\n<meta name=\"twitter:label1\" content=\"Ber\u00e4knad l\u00e4stid\" \/>\n\t<meta name=\"twitter:data1\" content=\"1 minut\" \/>\n<script type=\"application\/ld+json\" class=\"yoast-schema-graph\">{\"@context\":\"https:\\\/\\\/schema.org\",\"@graph\":[{\"@type\":\"WebPage\",\"@id\":\"https:\\\/\\\/www.4h.se\\\/grona-dalen\\\/bli-medlem\\\/\",\"url\":\"https:\\\/\\\/www.4h.se\\\/grona-dalen\\\/bli-medlem\\\/\",\"name\":\"Bli medlem - Gr\u00f6na Dalens 4H-klubb\",\"isPartOf\":{\"@id\":\"https:\\\/\\\/www.4h.se\\\/grona-dalen\\\/#website\"},\"datePublished\":\"2015-10-07T07:13:53+00:00\",\"dateModified\":\"2017-02-11T18:19:50+00:00\",\"breadcrumb\":{\"@id\":\"https:\\\/\\\/www.4h.se\\\/grona-dalen\\\/bli-medlem\\\/#breadcrumb\"},\"inLanguage\":\"sv-SE\",\"potentialAction\":[{\"@type\":\"ReadAction\",\"target\":[\"https:\\\/\\\/www.4h.se\\\/grona-dalen\\\/bli-medlem\\\/\"]}]},{\"@type\":\"BreadcrumbList\",\"@id\":\"https:\\\/\\\/www.4h.se\\\/grona-dalen\\\/bli-medlem\\\/#breadcrumb\",\"itemListElement\":[{\"@type\":\"ListItem\",\"position\":1,\"name\":\"Hem\",\"item\":\"https:\\\/\\\/www.4h.se\\\/grona-dalen\\\/\"},{\"@type\":\"ListItem\",\"position\":2,\"name\":\"Bli medlem\"}]},{\"@type\":\"WebSite\",\"@id\":\"https:\\\/\\\/www.4h.se\\\/grona-dalen\\\/#website\",\"url\":\"https:\\\/\\\/www.4h.se\\\/grona-dalen\\\/\",\"name\":\"Gr\u00f6na Dalens 4H-klubb\",\"description\":\"\",\"potentialAction\":[{\"@type\":\"SearchAction\",\"target\":{\"@type\":\"EntryPoint\",\"urlTemplate\":\"https:\\\/\\\/www.4h.se\\\/grona-dalen\\\/?s={search_term_string}\"},\"query-input\":{\"@type\":\"PropertyValueSpecification\",\"valueRequired\":true,\"valueName\":\"search_term_string\"}}],\"inLanguage\":\"sv-SE\"}]}<\/script>\n<!-- \/ Yoast SEO plugin. -->","yoast_head_json":{"title":"Bli medlem - Gr\u00f6na Dalens 4H-klubb","robots":{"index":"index","follow":"follow","max-snippet":"max-snippet:-1","max-image-preview":"max-image-preview:large","max-video-preview":"max-video-preview:-1"},"canonical":"https:\/\/www.4h.se\/grona-dalen\/bli-medlem\/","og_locale":"sv_SE","og_type":"article","og_title":"Bli medlem - Gr\u00f6na Dalens 4H-klubb","og_description":"[vc_row][vc_column][vc_column_text] Bli medlem i 4H och v\u00e5r klubb [\/vc_column_text][\/vc_column][\/vc_row][vc_row][vc_column][vc_column_text]4H:s motto \u00e4r Att l\u00e4ra genom att g\u00f6ra. Detta \u00e4r n\u00e5got som genomsyrar v\u00e5r verksamhet. De fyra H:na st\u00e5r f\u00f6r HUVUD- Vi l\u00e4r varandra nya saker n\u00e4r vi ses och utvecklas tillsammans HJ\u00c4RTA &#8211; Vara en bra kompis, vi hj\u00e4lper och st\u00e4rker varandra n\u00e4r vi ses HAND&nbsp; &hellip; Read more","og_url":"https:\/\/www.4h.se\/grona-dalen\/bli-medlem\/","og_site_name":"Gr\u00f6na Dalens 4H-klubb","article_modified_time":"2017-02-11T18:19:50+00:00","twitter_card":"summary_large_image","twitter_misc":{"Ber\u00e4knad l\u00e4stid":"1 minut"},"schema":{"@context":"https:\/\/schema.org","@graph":[{"@type":"WebPage","@id":"https:\/\/www.4h.se\/grona-dalen\/bli-medlem\/","url":"https:\/\/www.4h.se\/grona-dalen\/bli-medlem\/","name":"Bli medlem - Gr\u00f6na Dalens 4H-klubb","isPartOf":{"@id":"https:\/\/www.4h.se\/grona-dalen\/#website"},"datePublished":"2015-10-07T07:13:53+00:00","dateModified":"2017-02-11T18:19:50+00:00","breadcrumb":{"@id":"https:\/\/www.4h.se\/grona-dalen\/bli-medlem\/#breadcrumb"},"inLanguage":"sv-SE","potentialAction":[{"@type":"ReadAction","target":["https:\/\/www.4h.se\/grona-dalen\/bli-medlem\/"]}]},{"@type":"BreadcrumbList","@id":"https:\/\/www.4h.se\/grona-dalen\/bli-medlem\/#breadcrumb","itemListElement":[{"@type":"ListItem","position":1,"name":"Hem","item":"https:\/\/www.4h.se\/grona-dalen\/"},{"@type":"ListItem","position":2,"name":"Bli medlem"}]},{"@type":"WebSite","@id":"https:\/\/www.4h.se\/grona-dalen\/#website","url":"https:\/\/www.4h.se\/grona-dalen\/","name":"Gr\u00f6na Dalens 4H-klubb","description":"","potentialAction":[{"@type":"SearchAction","target":{"@type":"EntryPoint","urlTemplate":"https:\/\/www.4h.se\/grona-dalen\/?s={search_term_string}"},"query-input":{"@type":"PropertyValueSpecification","valueRequired":true,"valueName":"search_term_string"}}],"inLanguage":"sv-SE"}]}},"_links":{"self":[{"href":"https:\/\/www.4h.se\/grona-dalen\/wp-json\/wp\/v2\/pages\/285","targetHints":{"allow":["GET"]}}],"collection":[{"href":"https:\/\/www.4h.se\/grona-dalen\/wp-json\/wp\/v2\/pages"}],"about":[{"href":"https:\/\/www.4h.se\/grona-dalen\/wp-json\/wp\/v2\/types\/page"}],"author":[{"embeddable":true,"href":"https:\/\/www.4h.se\/grona-dalen\/wp-json\/wp\/v2\/users\/1"}],"replies":[{"embeddable":true,"href":"https:\/\/www.4h.se\/grona-dalen\/wp-json\/wp\/v2\/comments?post=285"}],"version-history":[{"count":0,"href":"https:\/\/www.4h.se\/grona-dalen\/wp-json\/wp\/v2\/pages\/285\/revisions"}],"wp:attachment":[{"href":"https:\/\/www.4h.se\/grona-dalen\/wp-json\/wp\/v2\/media?parent=285"}],"curies":[{"name":"wp","href":"https:\/\/api.w.org\/{rel}","templated":true}]}}