



{"id":954,"date":"2025-11-18T11:28:56","date_gmt":"2025-11-18T10:28:56","guid":{"rendered":"https:\/\/www.4h.se\/granby\/?page_id=954"},"modified":"2025-11-26T11:53:05","modified_gmt":"2025-11-26T10:53:05","slug":"helgaktiviteter","status":"publish","type":"page","link":"https:\/\/www.4h.se\/granby\/helgaktiviteter\/","title":{"rendered":"Helgaktiviteter"},"content":{"rendered":"<div class=\"wpb-content-wrapper\"><p>[vc_row][vc_column][vc_single_image image=&#8221;974&#8243; img_size=&#8221;1110&#215;300&#8243; style=&#8221;vc_box_rounded&#8221; css=&#8221;&#8221;][\/vc_column][\/vc_row][vc_row][vc_column][vc_column_text css=&#8221;&#8221;]<\/p>\n<h1>Helgaktiviteter<\/h1>\n<p>[\/vc_column_text][\/vc_column][\/vc_row][vc_row][vc_column width=&#8221;1\/2&#8243;][vc_column_text css=&#8221;&#8221;]<\/p>\n<h4><span data-olk-copy-source=\"MessageBody\">F\u00e5 ut det lilla extra av ditt bes\u00f6k hos oss tillsammans med djuren!<\/span><\/h4>\n<p class=\"x_MsoNormal\">Vi anordnar drop in-aktiviteter f\u00f6r g\u00e5rdens bes\u00f6kare p\u00e5 l\u00f6rdagar och s\u00f6ndagar. Under dessa bes\u00f6k kan ni bland annat f\u00e5 chansen att mata kaninerna, borsta f\u00e5ren och gosa med getterna. Aktiviteterna varierar fr\u00e5n vecka till vecka och kostar runt 50 kr, beroende p\u00e5 aktivitet.<\/p>\n<p class=\"x_MsoNormal\">Ingen f\u00f6rbokning kr\u00e4vs, betalning sker p\u00e5 plats via Swish.<\/p>\n<p>Schema \u00f6ver aktiviteter och tider hittar du p\u00e5 startsidan.[\/vc_column_text][\/vc_column][vc_column width=&#8221;1\/2&#8243;][vc_single_image image=&#8221;1033&#8243; img_size=&#8221;540&#215;180&#8243; style=&#8221;vc_box_rounded&#8221; css=&#8221;&#8221;][\/vc_column][\/vc_row][vc_row][vc_column][vc_separator color=&#8221;peacoc&#8221; css=&#8221;&#8221;][vc_message message_box_style=&#8221;solid-icon&#8221; message_box_color=&#8221;pink&#8221; icon_type=&#8221;typicons&#8221; icon_typicons=&#8221;typcn typcn-info-large-outline&#8221; css=&#8221;&#8221;]N\u00e4r du vill anv\u00e4nda Fritidskortet hos oss beh\u00f6ver du&nbsp;<b>ange v\u00e5rat organisationsnummer, 817600-7469<\/b>&nbsp;eller s\u00f6ka p\u00e5 \u201dUppsala\u201d f\u00f6r att sedan hitta \u201dUppsala L\u00e4nsf\u00f6rbund av Sveriges 4 H\u201d i rullistan.<\/p>\n<p>Det g\u00e5r&nbsp;<em>inte<\/em>&nbsp;att s\u00f6ka p\u00e5 \u201d4H\u201d eller n\u00e5gon av 4H-g\u00e5rdarnas namn.[\/vc_message][\/vc_column][\/vc_row][vc_row][vc_column width=&#8221;1\/2&#8243;][vc_column_text css=&#8221;&#8221;]<\/p>\n<div class=\"wpb_text_column wpb_content_element\">\n<div class=\"wpb_wrapper\">\n<h1 style=\"text-align: center\"><strong>\ud83c\udf89\ud83d\udc9aKampanj \u2013 just nu\ud83d\udc9a\ud83c\udf89<\/strong><\/h1>\n<h3 style=\"text-align: center\"><strong>K\u00f6p halv\u00e5rskort f\u00f6r 2026 och f\u00e5 resten av 2025 p\u00e5 k\u00f6pet!<\/strong><\/h3>\n<\/div>\n<\/div>\n<div class=\"wpb_text_column wpb_content_element\">\n<div class=\"wpb_wrapper\">\n<div>\n<p>Nu lanserar vi ett<b>&nbsp;<\/b>halv\u00e5rskort f\u00f6r helgaktiviteter p\u00e5 alla 4H-g\u00e5rdar i Uppsala och i \u00e5r f\u00e5r du \u00e4nnu mer f\u00f6r pengarna!<\/p>\n<p>K\u00f6per du ett halv\u00e5rskort f\u00f6r 500 kr f\u00e5r du inte bara tillg\u00e5ng till alla v\u00e5ra helgaktiviteter fr\u00e5n 1 januari 2026 till 30 juni<b>&nbsp;<\/b>2026, du f\u00e5r dessutom resten av 2025 helt utan kostnad!<\/p>\n<p>Med halv\u00e5rskortet kan du:<br \/>\n\ud83c\udf40&nbsp;Delta obegr\u00e4nsat p\u00e5 helgaktiviteter p\u00e5 alla tre 4H-g\u00e5rdar i Uppsala<br \/>\n\ud83c\udf40&nbsp;Bes\u00f6ka alla Uppsalas 4H-g\u00e5rdar: Gr\u00e4nby, S\u00e4vja och \u00c5rsta<br \/>\n\ud83c\udf40 Delta hur mycket du vill, varje helg, under hela perioden<br \/>\n\ud83c\udf40 Tr\u00e4ffa massor av djur<\/p>\n<h4><b><br \/>\nHelgaktiviteter p\u00e5 Uppsalas 4H-g\u00e5rdar<\/b><\/h4>\n<\/div>\n<div>Datum:&nbsp;Fr o m&nbsp;22&nbsp;november 2025 \u2013 30 juni 2026<\/div>\n<h4><b><br \/>\nG\u00e5rdar<\/b><\/h4>\n<ul>\n<li><b>Gr\u00e4nby 4H-g\u00e5rd:&nbsp;<\/b>L\u00f6rdagar och s\u00f6ndagar, kl 11.00 \u2013 11.30<\/li>\n<li><b>S\u00e4vja 4H-g\u00e5rd:<\/b>&nbsp;L\u00f6rdagar och s\u00f6ndagar, kl 13.00 \u2013 13.30<\/li>\n<li><b>\u00c5rsta&nbsp;<\/b><strong>4H-g\u00e5rd<\/strong><b>:&nbsp;<\/b>L\u00f6rdagar och s\u00f6ndagar, kl 10.00 \u2013 10.30<\/li>\n<\/ul>\n<div><b>Kostnad:&nbsp;<\/b>500 kr plus obligatorisk medlemsavgift.<br \/>\n<strong><br \/>\nFritidskortet<\/strong><\/div>\n<div>\n<div>Du kan anv\u00e4nda Fritidskortet f\u00f6r att betala halv\u00e5rskortet! Om du inte redan nyttjat Fritidskortet i \u00e5r \u00e4r detta en gyllene chans att g\u00f6ra det, s\u00e5 att bidraget inte brinner inne.<\/div>\n<\/div>\n<\/div>\n<\/div>\n<p>[\/vc_column_text][vc_separator color=&#8221;peacoc&#8221; css=&#8221;&#8221;][vc_row_inner][vc_column_inner width=&#8221;1\/2&#8243;][vc_column_text css=&#8221;&#8221;]<\/p>\n<h4 style=\"text-align: center\"><strong>K\u00f6p halv\u00e5rskortet<\/strong><\/h4>\n<p style=\"text-align: center\">och f\u00e5 2025 p\u00e5 k\u00f6pet<\/p>\n<p>[\/vc_column_text][vc_btn title=&#8221;K\u00f6p halv\u00e5rskortet&#8221; style=&#8221;3d&#8221; color=&#8221;success&#8221; align=&#8221;center&#8221; i_icon_fontawesome=&#8221;fa fa-solid fa-pen-to-square&#8221; css=&#8221;&#8221; button_block=&#8221;true&#8221; add_icon=&#8221;true&#8221; link=&#8221;url:https%3A%2F%2Fantribe.com%2Forg%2F4h%2F4h-i-uppsala%2Fevent%2Fhalvarskort-helgaktiviteter-uppsalas-4h-gardar|target:_blank&#8221;][\/vc_column_inner][vc_column_inner width=&#8221;1\/2&#8243;][vc_column_text css=&#8221;&#8221;]<\/p>\n<h4 style=\"text-align: center\"><strong>Anv\u00e4nd fritidskortet<\/strong><\/h4>\n<p style=\"text-align: center\">f\u00f6r att betala avgiften<\/p>\n<p>[\/vc_column_text][vc_btn title=&#8221;L\u00e4s mer om Fritidskortet&#8221; style=&#8221;3d&#8221; color=&#8221;peacoc&#8221; align=&#8221;center&#8221; i_icon_fontawesome=&#8221;fa fa-solid fa-id-card&#8221; css=&#8221;&#8221; button_block=&#8221;true&#8221; add_icon=&#8221;true&#8221; link=&#8221;url:https%3A%2F%2Fwww.4h.se%2Fgranby%2Ffritidskortet%2F|title:Fritidskortet&#8221;][\/vc_column_inner][\/vc_row_inner][\/vc_column][vc_column width=&#8221;1\/2&#8243;][vc_single_image image=&#8221;1030&#8243; img_size=&#8221;540&#215;865&#8243; style=&#8221;vc_box_rounded&#8221; css=&#8221;&#8221;][\/vc_column][\/vc_row]<\/p>\n<\/div>","protected":false},"excerpt":{"rendered":"<p>[vc_row][vc_column][vc_single_image image=&#8221;974&#8243; img_size=&#8221;1110&#215;300&#8243; style=&#8221;vc_box_rounded&#8221; css=&#8221;&#8221;][\/vc_column][\/vc_row][vc_row][vc_column][vc_column_text css=&#8221;&#8221;] Helgaktiviteter [\/vc_column_text][\/vc_column][\/vc_row][vc_row][vc_column width=&#8221;1\/2&#8243;][vc_column_text css=&#8221;&#8221;] F\u00e5 ut det lilla extra av ditt bes\u00f6k hos oss tillsammans med djuren! Vi anordnar drop in-aktiviteter f\u00f6r g\u00e5rdens bes\u00f6kare p\u00e5 l\u00f6rdagar och s\u00f6ndagar. Under dessa bes\u00f6k kan ni bland annat f\u00e5 chansen att mata kaninerna, borsta f\u00e5ren och gosa med getterna. Aktiviteterna varierar fr\u00e5n&nbsp; <a href=\"https:\/\/www.4h.se\/granby\/helgaktiviteter\/\">&hellip; Read more <i class=\"glyphicon glyphicon-arrow-right\"><\/i><\/a><\/p>\n","protected":false},"author":251,"featured_media":0,"parent":0,"menu_order":0,"comment_status":"closed","ping_status":"closed","template":"","meta":{"footnotes":""},"class_list":["post-954","page","type-page","status-publish","hentry"],"yoast_head":"<!-- This site is optimized with the Yoast SEO plugin v27.4 - https:\/\/yoast.com\/product\/yoast-seo-wordpress\/ -->\n<title>Helgaktiviteter - Gr\u00e4nby 4H-g\u00e5rd<\/title>\n<meta name=\"robots\" content=\"index, follow, max-snippet:-1, max-image-preview:large, max-video-preview:-1\" \/>\n<link rel=\"canonical\" href=\"https:\/\/www.4h.se\/granby\/helgaktiviteter\/\" \/>\n<meta property=\"og:locale\" content=\"sv_SE\" \/>\n<meta property=\"og:type\" content=\"article\" \/>\n<meta property=\"og:title\" content=\"Helgaktiviteter - Gr\u00e4nby 4H-g\u00e5rd\" \/>\n<meta property=\"og:description\" content=\"[vc_row][vc_column][vc_single_image image=&#8221;974&#8243; img_size=&#8221;1110&#215;300&#8243; style=&#8221;vc_box_rounded&#8221; css=&#8221;&#8221;][\/vc_column][\/vc_row][vc_row][vc_column][vc_column_text css=&#8221;&#8221;] Helgaktiviteter [\/vc_column_text][\/vc_column][\/vc_row][vc_row][vc_column width=&#8221;1\/2&#8243;][vc_column_text css=&#8221;&#8221;] F\u00e5 ut det lilla extra av ditt bes\u00f6k hos oss tillsammans med djuren! Vi anordnar drop in-aktiviteter f\u00f6r g\u00e5rdens bes\u00f6kare p\u00e5 l\u00f6rdagar och s\u00f6ndagar. Under dessa bes\u00f6k kan ni bland annat f\u00e5 chansen att mata kaninerna, borsta f\u00e5ren och gosa med getterna. Aktiviteterna varierar fr\u00e5n&nbsp; &hellip; Read more\" \/>\n<meta property=\"og:url\" content=\"https:\/\/www.4h.se\/granby\/helgaktiviteter\/\" \/>\n<meta property=\"og:site_name\" content=\"Gr\u00e4nby 4H-g\u00e5rd\" \/>\n<meta property=\"article:modified_time\" content=\"2025-11-26T10:53:05+00:00\" \/>\n<meta name=\"twitter:card\" content=\"summary_large_image\" \/>\n<script type=\"application\/ld+json\" class=\"yoast-schema-graph\">{\"@context\":\"https:\\\/\\\/schema.org\",\"@graph\":[{\"@type\":\"WebPage\",\"@id\":\"https:\\\/\\\/www.4h.se\\\/granby\\\/helgaktiviteter\\\/\",\"url\":\"https:\\\/\\\/www.4h.se\\\/granby\\\/helgaktiviteter\\\/\",\"name\":\"Helgaktiviteter - Gr\u00e4nby 4H-g\u00e5rd\",\"isPartOf\":{\"@id\":\"https:\\\/\\\/www.4h.se\\\/granby\\\/#website\"},\"datePublished\":\"2025-11-18T10:28:56+00:00\",\"dateModified\":\"2025-11-26T10:53:05+00:00\",\"breadcrumb\":{\"@id\":\"https:\\\/\\\/www.4h.se\\\/granby\\\/helgaktiviteter\\\/#breadcrumb\"},\"inLanguage\":\"sv-SE\",\"potentialAction\":[{\"@type\":\"ReadAction\",\"target\":[\"https:\\\/\\\/www.4h.se\\\/granby\\\/helgaktiviteter\\\/\"]}]},{\"@type\":\"BreadcrumbList\",\"@id\":\"https:\\\/\\\/www.4h.se\\\/granby\\\/helgaktiviteter\\\/#breadcrumb\",\"itemListElement\":[{\"@type\":\"ListItem\",\"position\":1,\"name\":\"Hem\",\"item\":\"https:\\\/\\\/www.4h.se\\\/granby\\\/\"},{\"@type\":\"ListItem\",\"position\":2,\"name\":\"Helgaktiviteter\"}]},{\"@type\":\"WebSite\",\"@id\":\"https:\\\/\\\/www.4h.se\\\/granby\\\/#website\",\"url\":\"https:\\\/\\\/www.4h.se\\\/granby\\\/\",\"name\":\"Gr\u00e4nby 4H-g\u00e5rd\",\"description\":\"\",\"potentialAction\":[{\"@type\":\"SearchAction\",\"target\":{\"@type\":\"EntryPoint\",\"urlTemplate\":\"https:\\\/\\\/www.4h.se\\\/granby\\\/?s={search_term_string}\"},\"query-input\":{\"@type\":\"PropertyValueSpecification\",\"valueRequired\":true,\"valueName\":\"search_term_string\"}}],\"inLanguage\":\"sv-SE\"}]}<\/script>\n<!-- \/ Yoast SEO plugin. -->","yoast_head_json":{"title":"Helgaktiviteter - Gr\u00e4nby 4H-g\u00e5rd","robots":{"index":"index","follow":"follow","max-snippet":"max-snippet:-1","max-image-preview":"max-image-preview:large","max-video-preview":"max-video-preview:-1"},"canonical":"https:\/\/www.4h.se\/granby\/helgaktiviteter\/","og_locale":"sv_SE","og_type":"article","og_title":"Helgaktiviteter - Gr\u00e4nby 4H-g\u00e5rd","og_description":"[vc_row][vc_column][vc_single_image image=&#8221;974&#8243; img_size=&#8221;1110&#215;300&#8243; style=&#8221;vc_box_rounded&#8221; css=&#8221;&#8221;][\/vc_column][\/vc_row][vc_row][vc_column][vc_column_text css=&#8221;&#8221;] Helgaktiviteter [\/vc_column_text][\/vc_column][\/vc_row][vc_row][vc_column width=&#8221;1\/2&#8243;][vc_column_text css=&#8221;&#8221;] F\u00e5 ut det lilla extra av ditt bes\u00f6k hos oss tillsammans med djuren! Vi anordnar drop in-aktiviteter f\u00f6r g\u00e5rdens bes\u00f6kare p\u00e5 l\u00f6rdagar och s\u00f6ndagar. Under dessa bes\u00f6k kan ni bland annat f\u00e5 chansen att mata kaninerna, borsta f\u00e5ren och gosa med getterna. Aktiviteterna varierar fr\u00e5n&nbsp; &hellip; Read more","og_url":"https:\/\/www.4h.se\/granby\/helgaktiviteter\/","og_site_name":"Gr\u00e4nby 4H-g\u00e5rd","article_modified_time":"2025-11-26T10:53:05+00:00","twitter_card":"summary_large_image","schema":{"@context":"https:\/\/schema.org","@graph":[{"@type":"WebPage","@id":"https:\/\/www.4h.se\/granby\/helgaktiviteter\/","url":"https:\/\/www.4h.se\/granby\/helgaktiviteter\/","name":"Helgaktiviteter - Gr\u00e4nby 4H-g\u00e5rd","isPartOf":{"@id":"https:\/\/www.4h.se\/granby\/#website"},"datePublished":"2025-11-18T10:28:56+00:00","dateModified":"2025-11-26T10:53:05+00:00","breadcrumb":{"@id":"https:\/\/www.4h.se\/granby\/helgaktiviteter\/#breadcrumb"},"inLanguage":"sv-SE","potentialAction":[{"@type":"ReadAction","target":["https:\/\/www.4h.se\/granby\/helgaktiviteter\/"]}]},{"@type":"BreadcrumbList","@id":"https:\/\/www.4h.se\/granby\/helgaktiviteter\/#breadcrumb","itemListElement":[{"@type":"ListItem","position":1,"name":"Hem","item":"https:\/\/www.4h.se\/granby\/"},{"@type":"ListItem","position":2,"name":"Helgaktiviteter"}]},{"@type":"WebSite","@id":"https:\/\/www.4h.se\/granby\/#website","url":"https:\/\/www.4h.se\/granby\/","name":"Gr\u00e4nby 4H-g\u00e5rd","description":"","potentialAction":[{"@type":"SearchAction","target":{"@type":"EntryPoint","urlTemplate":"https:\/\/www.4h.se\/granby\/?s={search_term_string}"},"query-input":{"@type":"PropertyValueSpecification","valueRequired":true,"valueName":"search_term_string"}}],"inLanguage":"sv-SE"}]}},"_links":{"self":[{"href":"https:\/\/www.4h.se\/granby\/wp-json\/wp\/v2\/pages\/954","targetHints":{"allow":["GET"]}}],"collection":[{"href":"https:\/\/www.4h.se\/granby\/wp-json\/wp\/v2\/pages"}],"about":[{"href":"https:\/\/www.4h.se\/granby\/wp-json\/wp\/v2\/types\/page"}],"author":[{"embeddable":true,"href":"https:\/\/www.4h.se\/granby\/wp-json\/wp\/v2\/users\/251"}],"replies":[{"embeddable":true,"href":"https:\/\/www.4h.se\/granby\/wp-json\/wp\/v2\/comments?post=954"}],"version-history":[{"count":0,"href":"https:\/\/www.4h.se\/granby\/wp-json\/wp\/v2\/pages\/954\/revisions"}],"wp:attachment":[{"href":"https:\/\/www.4h.se\/granby\/wp-json\/wp\/v2\/media?parent=954"}],"curies":[{"name":"wp","href":"https:\/\/api.w.org\/{rel}","templated":true}]}}