



{"id":659,"date":"2021-06-21T10:27:29","date_gmt":"2021-06-21T08:27:29","guid":{"rendered":"https:\/\/www.4h.se\/granby\/?page_id=659"},"modified":"2025-11-27T15:13:07","modified_gmt":"2025-11-27T14:13:07","slug":"vanliga-fragor","status":"publish","type":"page","link":"https:\/\/www.4h.se\/granby\/vanliga-fragor\/","title":{"rendered":"Vanliga fr\u00e5gor"},"content":{"rendered":"<div class=\"wpb-content-wrapper\"><p>[vc_row][vc_column][vc_column_text css=&#8221;&#8221;]<\/p>\n<h2><b>Inf\u00f6r ert bes\u00f6k p\u00e5&nbsp;Gr\u00e4nby&nbsp;4H-g\u00e5rd<\/b><\/h2>\n<p><b>Fr\u00e5ga:&nbsp;Vad har ni f\u00f6r \u00f6ppettider?<\/b><\/p>\n<p><b>Svar:&nbsp;<\/b>Vi har \u00f6ppet alla dagar \u00e5ret om. Vardagar har vi \u00f6ppet mellan klockan 9.00 och 16.00. Under helger, helgdagar och r\u00f6da dagar mellan klockan 9.00 och 15.00.<\/p>\n<p>&nbsp;<\/p>\n<p><b>Fr\u00e5ga: G\u00e5r det bra att komma till g\u00e5rden \u00e4ven utanf\u00f6r \u00f6ppettiderna?<\/b><\/p>\n<p><b>Svar:&nbsp;<\/b>Ja. Det g\u00e5r bra att bes\u00f6ka g\u00e5rden \u00e4ven utanf\u00f6r \u00f6ppettiderna, det \u00e4r dock inte till\u00e5tet att g\u00e5 in i n\u00e5gra byggnader utanf\u00f6r \u00f6ppettiderna. Under sommarhalv\u00e5ret \u00e4r de flesta djuren ute dygnet runt men observera att det inte \u00e4r till\u00e5tet att g\u00e5 in i hagarna.<\/p>\n<p>&nbsp;<\/p>\n<p><b>Fr\u00e5ga: Beh\u00f6ver vi f\u00f6ranm\u00e4la v\u00e5rt bes\u00f6k?<\/b><\/p>\n<p><b>Svar: <\/b>Nej.&nbsp;Om ni ska bes\u00f6ka g\u00e5rden kr\u00e4vs ingen f\u00f6ranm\u00e4lan. Om ni ska delta p\u00e5 aktiviteter&nbsp;kan det kr\u00e4vas anm\u00e4lan, l\u00e4s mer om det i infon om aktiviteterna.<\/p>\n<p>&nbsp;<\/p>\n<p><b>Fr\u00e5ga: Var ligger&nbsp;Gr\u00e4nby&nbsp;4H-g\u00e5rd?<\/b><\/p>\n<p><b>Svar:&nbsp;<\/b>Vi ligger i n\u00e4rheten av IFU Arena, Gr\u00e4nbyparken&nbsp;och&nbsp;Gr\u00e4nbystaden.&nbsp;L\u00e4s mer under fliken&nbsp;<span style=\"color: #00693f;\"><a style=\"color: #00693f;\" href=\"https:\/\/www.4h.se\/granby\/hitta-hit\/\"><i>\u201cOm g\u00e5rden &#8211; Hitta hit\u201d<\/i><\/a><i>.<\/i><\/span>&nbsp;D\u00e4r kan ni ocks\u00e5 l\u00e4sa om hur ni tar er till oss t.ex. via buss.<\/p>\n<p>&nbsp;<\/p>\n<p><b>Fr\u00e5ga: Kostar det n\u00e5got att bes\u00f6ka er?<\/b><\/p>\n<p><b>Svar:&nbsp;<\/b>Nej, vi tar inget intr\u00e4de. Vill ni st\u00f6tta v\u00e5r f\u00f6rening kan ni g\u00f6ra det genom att bli medlemmar eller swisha valfritt bidrag till 123 340 54 53 (skriv <i>g\u00e5va<\/i>&nbsp;som meddelande).&nbsp;Hur ni g\u00f6r f\u00f6r att bli medlemmar kan ni l\u00e4sa mer under fliken&nbsp;<span style=\"color: #00693f;\"><a style=\"color: #00693f;\" href=\"https:\/\/www.4h.se\/granby\/bli-medlem\/\"><i>\u201cBli medlem\u201d<\/i><\/a><\/span><i>.<\/i><\/p>\n<p>&nbsp;<\/p>\n<p><b>Fr\u00e5ga: Finns det&nbsp;handikapparkering?<\/b><\/p>\n<p><b>Svar:&nbsp;<\/b>Vi har ingen handikapparkering, men p\u00e5 v\u00e5r parkering vid infarten eller nere vid&nbsp;ridbanan&nbsp;brukar det finnas gott om plats. Beh\u00f6ver ni st\u00e4lla er n\u00e4rmare kan ni fr\u00e5ga personalen p\u00e5 plats om var ni kan st\u00e5.<\/p>\n<p>&nbsp;<\/p>\n<p><b>Fr\u00e5ga: Finns det toaletter?<\/b><\/p>\n<p><b>Svar<\/b>: Ja, det finns 3 stycken toaletter vid samlingslokalen, varav en handikapptoalett. Tv\u00e4ttm\u00f6jligheter finns inne p\u00e5 varje toalett samt i samlingslokalen.<\/p>\n<p>&nbsp;<\/p>\n<p><b>Fr\u00e5ga:&nbsp;<\/b><b>Kan man fika eller \u00e4ta mats\u00e4ck hos er?<\/b><\/p>\n<p><b>Svar:&nbsp;<\/b>Sj\u00e4lvklart! Det finns bord och stolar utomhus, det finns ocks\u00e5 bord och b\u00e4nkar under tak vid samlingslokalen. Mata dock inte v\u00e5ra djur med det ni tar med er. Detta f\u00f6r att djuren \u00e4r&nbsp;k\u00e4nsliga f\u00f6r mat eller godis de inte \u00e4r vana vid och d\u00e4rf\u00f6r kan bli sjuka. V\u00e5ra djur f\u00e5r all mat de beh\u00f6ver av v\u00e5r personal.<\/p>\n<p>&nbsp;<\/p>\n<p><b>Fr\u00e5ga: Finns det m\u00f6jlighet att grilla p\u00e5 g\u00e5rden?<\/b><\/p>\n<p><b>Svar:&nbsp;<\/b>Ja, det finns en grillplats i n\u00e4rheten av samlingslokalen. Ta med egen ved.&nbsp;N\u00e4r du grillar \u00e4r det ditt ansvar att&nbsp;se till att&nbsp;elden inte sprids och&nbsp;elden\/gl\u00f6den \u00e4r sl\u00e4ckt n\u00e4r du g\u00e5r d\u00e4rifr\u00e5n. T\u00e4nk p\u00e5 om det r\u00e5der eldningsf\u00f6rbud i kommunen.<\/p>\n<p>&nbsp;<\/p>\n<p><strong>Fr\u00e5ga:&nbsp;F\u00e5r man ta med hund till g\u00e5rden?<\/strong><\/p>\n<p><strong>Svar:&nbsp;<\/strong>Ja, hunden m\u00e5ste vara kopplad och inte st\u00f6ra\/skr\u00e4mma djur och andra bes\u00f6kare. I v\u00e5r kaninlada \u00e4r hundar ej till\u00e5tna.<\/p>\n<p>&nbsp;<\/p>\n<p><b>Fr\u00e5ga: Vad kan man g\u00f6ra hos er?<\/b><\/p>\n<p><b>Svar:&nbsp;<\/b>Hos oss kan du alltid se djuren i deras hagar och inh\u00e4gnader, de flesta av dem \u00e4r ute dygnet runt under sommarhalv\u00e5ret. Det finns \u00e4ven<span style=\"color: #00693f;\"> <a style=\"color: #00693f;\" href=\"https:\/\/www.4h.se\/granby\/ridning\/\" target=\"_blank\" rel=\"noopener\">ponnyridning<\/a><\/span> p\u00e5 helger.&nbsp;Ni kan \u00e4ven boka olika&nbsp;<span style=\"color: #00693f;\"><a style=\"color: #00693f;\" href=\"https:\/\/www.4h.se\/granby\/gruppbesok\/\">gruppbes\u00f6k<\/a><\/span>. Under juni \u2013 september har vi&nbsp;<span style=\"color: #00693f;\"><a style=\"color: #00693f;\" href=\"https:\/\/www.4h.se\/granby\/getyoga\/\">Getyoga<\/a><\/span><span style=\"color: #00693f;\">.<\/span> I \u00f6vrigt kan du titta p\u00e5 v\u00e5ra sociala medier vilka evenemang som \u00e4r p\u00e5 g\u00e5ng. Vi anordnar \u00e4ven kurser, l\u00e4ger och hyr ut kaniner.<\/p>\n<p>&nbsp;<\/p>\n<p>&nbsp;<\/p>\n<h2><b>Under ert bes\u00f6k p\u00e5 Gr\u00e4nby 4H-g\u00e5rd<\/b><\/h2>\n<p><b>Fr\u00e5ga: F\u00e5r man mata djuren?<\/b><\/p>\n<p><b>Svar:<\/b>&nbsp;Nej, en del djur kan vara k\u00e4nsliga f\u00f6r mat eller godis de inte \u00e4r vana vid och kan d\u00e5 bli sjuka. G\u00e5rdspersonalen ger djuren den mat de&nbsp;beh\u00f6ver.<\/p>\n<p>&nbsp;<\/p>\n<p><b>Fr\u00e5ga:&nbsp;F\u00e5r man g\u00e5 in till djuren?<\/b><\/p>\n<p><b>Svar:<\/b> Det \u00e4r inte till\u00e5tet att g\u00e5 in till djuren utan n\u00e4rvaro av personal. Vi begr\u00e4nsar den n\u00e4ra kontakten med djuren f\u00f6r att de inte skall bli stressade. Vill du tr\u00e4ffa g\u00e5rdens djur kan du boka guidning tillsammans med v\u00e5r Aktivitetsledare, l\u00e4s mer om gruppbes\u00f6k <span style=\"color: #00693f;\"><a style=\"color: #00693f;\" href=\"https:\/\/www.4h.se\/granby\/gruppbesok\/\" target=\"_blank\" rel=\"noopener\">h\u00e4r<\/a><\/span>.<\/p>\n<p>&nbsp;<\/p>\n<p><b>Fr\u00e5ga: F\u00e5r man klappa djuren?<\/b><\/p>\n<p><b>Svar:&nbsp;<\/b>Ja, om man har tv\u00e4ttat h\u00e4nderna s\u00e5 har man till\u00e5telse att klappa djuren som kommer fram vid staketet. Var dock noga med att visa&nbsp;djuren respekt och l\u00e5ta dem vara ifred om de inte vill bli klappade. Om man g\u00e5r efter ett djur som inte vill bli klappad finns risk att djuret g\u00e5r i f\u00f6rsvar. Gl\u00f6m inte heller att tv\u00e4tta din h\u00e4nder igen efter att du har klappat djuret, detta f\u00f6r din egen h\u00e4lsa.<\/p>\n<p>&nbsp;<\/p>\n<p><b>Fr\u00e5ga: Var tv\u00e4ttar jag h\u00e4nderna?<\/b><\/p>\n<p><b>Svar:&nbsp;<\/b>Tv\u00e4tta h\u00e4nderna g\u00f6r du antingen i handfaten inne p\u00e5 v\u00e5ra tre toaletter eller i tv\u00e4ttrummet i samlingslokalen.<\/p>\n<p>&nbsp;<\/p>\n<h2><b>Efter ert bes\u00f6k<\/b><\/h2>\n<p><b>Fr\u00e5ga: Vi gl\u00f6mde\/tappade bort ett f\u00f6rem\u00e5l n\u00e4r vi var p\u00e5 bes\u00f6k. Har ni hittat det?<\/b><\/p>\n<p><b>Svar:&nbsp;<\/b>Vi sparar borttappade f\u00f6rem\u00e5l&nbsp;som t.ex. kl\u00e4der&nbsp;under en begr\u00e4nsad tid&nbsp;i en l\u00e5da&nbsp;innanf\u00f6r d\u00f6rren till samlingslokalen,&nbsp;v\u00e4nligen kika d\u00e4r om ni har tappat n\u00e5got. L\u00e5dan med kvarl\u00e4mnade saker t\u00f6ms en g\u00e5ng per termin.<\/p>\n<p>&nbsp;<\/p>\n<p><b>Fr\u00e5ga: Mitt barn \u00e4lskar djur och vill g\u00e4rna l\u00e4ra sig mer! Hur g\u00e5r vi tillv\u00e4ga?<\/b><\/p>\n<p><b>Svar:&nbsp;<\/b>Vad roligt! F\u00f6r barn och ungdomar erbjuder&nbsp;vi under v\u00e5r- och h\u00f6stterminen&nbsp;kv\u00e4lls- och eftermiddagskurser&nbsp;t.ex.&nbsp;<span style=\"color: #00693f;\"><a style=\"color: #00693f;\" href=\"https:\/\/www.4h.se\/granby\/kurser\/\">H\u00e4stsk\u00f6tarkurs och&nbsp;Djurmys<\/a><\/span>&nbsp;samt&nbsp;under skolloven&nbsp;(ej jullov)&nbsp;har&nbsp;vi&nbsp;<span style=\"color: #00693f;\"><a style=\"color: #00693f;\" href=\"https:\/\/www.4h.se\/granby\/363-2\/\">dagl\u00e4ger<\/a><\/span>.&nbsp;P\u00e5 vardagar kan man \u00e4ven boka <span style=\"color: #00693f;\">halvtimmesridning eller halvtimmesk\u00f6rning<\/span>.&nbsp;Kika runt p\u00e5 hemsidan f\u00f6r mer information.<\/p>\n<p>&nbsp;[\/vc_column_text][\/vc_column][\/vc_row][vc_row][vc_column][vc_single_image image=&#8221;666&#8243; img_size=&#8221;medium&#8221; alignment=&#8221;center&#8221;][\/vc_column][\/vc_row]<\/p>\n<\/div>","protected":false},"excerpt":{"rendered":"<p>[vc_row][vc_column][vc_column_text css=&#8221;&#8221;] Inf\u00f6r ert bes\u00f6k p\u00e5&nbsp;Gr\u00e4nby&nbsp;4H-g\u00e5rd Fr\u00e5ga:&nbsp;Vad har ni f\u00f6r \u00f6ppettider? Svar:&nbsp;Vi har \u00f6ppet alla dagar \u00e5ret om. Vardagar har vi \u00f6ppet mellan klockan 9.00 och 16.00. Under helger, helgdagar och r\u00f6da dagar mellan klockan 9.00 och 15.00. &nbsp; Fr\u00e5ga: G\u00e5r det bra att komma till g\u00e5rden \u00e4ven utanf\u00f6r \u00f6ppettiderna? Svar:&nbsp;Ja. Det g\u00e5r bra att&nbsp; <a href=\"https:\/\/www.4h.se\/granby\/vanliga-fragor\/\">&hellip; Read more <i class=\"glyphicon glyphicon-arrow-right\"><\/i><\/a><\/p>\n","protected":false},"author":112,"featured_media":0,"parent":0,"menu_order":14,"comment_status":"closed","ping_status":"closed","template":"","meta":{"footnotes":""},"class_list":["post-659","page","type-page","status-publish","hentry"],"yoast_head":"<!-- This site is optimized with the Yoast SEO plugin v27.4 - https:\/\/yoast.com\/product\/yoast-seo-wordpress\/ -->\n<title>Vanliga fr\u00e5gor - Gr\u00e4nby 4H-g\u00e5rd<\/title>\n<meta name=\"robots\" content=\"index, follow, max-snippet:-1, max-image-preview:large, max-video-preview:-1\" \/>\n<link rel=\"canonical\" href=\"https:\/\/www.4h.se\/granby\/vanliga-fragor\/\" \/>\n<meta property=\"og:locale\" content=\"sv_SE\" \/>\n<meta property=\"og:type\" content=\"article\" \/>\n<meta property=\"og:title\" content=\"Vanliga fr\u00e5gor - Gr\u00e4nby 4H-g\u00e5rd\" \/>\n<meta property=\"og:description\" content=\"[vc_row][vc_column][vc_column_text css=&#8221;&#8221;] Inf\u00f6r ert bes\u00f6k p\u00e5&nbsp;Gr\u00e4nby&nbsp;4H-g\u00e5rd Fr\u00e5ga:&nbsp;Vad har ni f\u00f6r \u00f6ppettider? Svar:&nbsp;Vi har \u00f6ppet alla dagar \u00e5ret om. Vardagar har vi \u00f6ppet mellan klockan 9.00 och 16.00. Under helger, helgdagar och r\u00f6da dagar mellan klockan 9.00 och 15.00. &nbsp; Fr\u00e5ga: G\u00e5r det bra att komma till g\u00e5rden \u00e4ven utanf\u00f6r \u00f6ppettiderna? Svar:&nbsp;Ja. Det g\u00e5r bra att&nbsp; &hellip; Read more\" \/>\n<meta property=\"og:url\" content=\"https:\/\/www.4h.se\/granby\/vanliga-fragor\/\" \/>\n<meta property=\"og:site_name\" content=\"Gr\u00e4nby 4H-g\u00e5rd\" \/>\n<meta property=\"article:modified_time\" content=\"2025-11-27T14:13:07+00:00\" \/>\n<meta name=\"twitter:card\" content=\"summary_large_image\" \/>\n<meta name=\"twitter:label1\" content=\"Ber\u00e4knad l\u00e4stid\" \/>\n\t<meta name=\"twitter:data1\" content=\"6 minuter\" \/>\n<script type=\"application\/ld+json\" class=\"yoast-schema-graph\">{\"@context\":\"https:\\\/\\\/schema.org\",\"@graph\":[{\"@type\":\"WebPage\",\"@id\":\"https:\\\/\\\/www.4h.se\\\/granby\\\/vanliga-fragor\\\/\",\"url\":\"https:\\\/\\\/www.4h.se\\\/granby\\\/vanliga-fragor\\\/\",\"name\":\"Vanliga fr\u00e5gor - Gr\u00e4nby 4H-g\u00e5rd\",\"isPartOf\":{\"@id\":\"https:\\\/\\\/www.4h.se\\\/granby\\\/#website\"},\"datePublished\":\"2021-06-21T08:27:29+00:00\",\"dateModified\":\"2025-11-27T14:13:07+00:00\",\"breadcrumb\":{\"@id\":\"https:\\\/\\\/www.4h.se\\\/granby\\\/vanliga-fragor\\\/#breadcrumb\"},\"inLanguage\":\"sv-SE\",\"potentialAction\":[{\"@type\":\"ReadAction\",\"target\":[\"https:\\\/\\\/www.4h.se\\\/granby\\\/vanliga-fragor\\\/\"]}]},{\"@type\":\"BreadcrumbList\",\"@id\":\"https:\\\/\\\/www.4h.se\\\/granby\\\/vanliga-fragor\\\/#breadcrumb\",\"itemListElement\":[{\"@type\":\"ListItem\",\"position\":1,\"name\":\"Hem\",\"item\":\"https:\\\/\\\/www.4h.se\\\/granby\\\/\"},{\"@type\":\"ListItem\",\"position\":2,\"name\":\"Vanliga fr\u00e5gor\"}]},{\"@type\":\"WebSite\",\"@id\":\"https:\\\/\\\/www.4h.se\\\/granby\\\/#website\",\"url\":\"https:\\\/\\\/www.4h.se\\\/granby\\\/\",\"name\":\"Gr\u00e4nby 4H-g\u00e5rd\",\"description\":\"\",\"potentialAction\":[{\"@type\":\"SearchAction\",\"target\":{\"@type\":\"EntryPoint\",\"urlTemplate\":\"https:\\\/\\\/www.4h.se\\\/granby\\\/?s={search_term_string}\"},\"query-input\":{\"@type\":\"PropertyValueSpecification\",\"valueRequired\":true,\"valueName\":\"search_term_string\"}}],\"inLanguage\":\"sv-SE\"}]}<\/script>\n<!-- \/ Yoast SEO plugin. -->","yoast_head_json":{"title":"Vanliga fr\u00e5gor - Gr\u00e4nby 4H-g\u00e5rd","robots":{"index":"index","follow":"follow","max-snippet":"max-snippet:-1","max-image-preview":"max-image-preview:large","max-video-preview":"max-video-preview:-1"},"canonical":"https:\/\/www.4h.se\/granby\/vanliga-fragor\/","og_locale":"sv_SE","og_type":"article","og_title":"Vanliga fr\u00e5gor - Gr\u00e4nby 4H-g\u00e5rd","og_description":"[vc_row][vc_column][vc_column_text css=&#8221;&#8221;] Inf\u00f6r ert bes\u00f6k p\u00e5&nbsp;Gr\u00e4nby&nbsp;4H-g\u00e5rd Fr\u00e5ga:&nbsp;Vad har ni f\u00f6r \u00f6ppettider? Svar:&nbsp;Vi har \u00f6ppet alla dagar \u00e5ret om. Vardagar har vi \u00f6ppet mellan klockan 9.00 och 16.00. Under helger, helgdagar och r\u00f6da dagar mellan klockan 9.00 och 15.00. &nbsp; Fr\u00e5ga: G\u00e5r det bra att komma till g\u00e5rden \u00e4ven utanf\u00f6r \u00f6ppettiderna? Svar:&nbsp;Ja. Det g\u00e5r bra att&nbsp; &hellip; Read more","og_url":"https:\/\/www.4h.se\/granby\/vanliga-fragor\/","og_site_name":"Gr\u00e4nby 4H-g\u00e5rd","article_modified_time":"2025-11-27T14:13:07+00:00","twitter_card":"summary_large_image","twitter_misc":{"Ber\u00e4knad l\u00e4stid":"6 minuter"},"schema":{"@context":"https:\/\/schema.org","@graph":[{"@type":"WebPage","@id":"https:\/\/www.4h.se\/granby\/vanliga-fragor\/","url":"https:\/\/www.4h.se\/granby\/vanliga-fragor\/","name":"Vanliga fr\u00e5gor - Gr\u00e4nby 4H-g\u00e5rd","isPartOf":{"@id":"https:\/\/www.4h.se\/granby\/#website"},"datePublished":"2021-06-21T08:27:29+00:00","dateModified":"2025-11-27T14:13:07+00:00","breadcrumb":{"@id":"https:\/\/www.4h.se\/granby\/vanliga-fragor\/#breadcrumb"},"inLanguage":"sv-SE","potentialAction":[{"@type":"ReadAction","target":["https:\/\/www.4h.se\/granby\/vanliga-fragor\/"]}]},{"@type":"BreadcrumbList","@id":"https:\/\/www.4h.se\/granby\/vanliga-fragor\/#breadcrumb","itemListElement":[{"@type":"ListItem","position":1,"name":"Hem","item":"https:\/\/www.4h.se\/granby\/"},{"@type":"ListItem","position":2,"name":"Vanliga fr\u00e5gor"}]},{"@type":"WebSite","@id":"https:\/\/www.4h.se\/granby\/#website","url":"https:\/\/www.4h.se\/granby\/","name":"Gr\u00e4nby 4H-g\u00e5rd","description":"","potentialAction":[{"@type":"SearchAction","target":{"@type":"EntryPoint","urlTemplate":"https:\/\/www.4h.se\/granby\/?s={search_term_string}"},"query-input":{"@type":"PropertyValueSpecification","valueRequired":true,"valueName":"search_term_string"}}],"inLanguage":"sv-SE"}]}},"_links":{"self":[{"href":"https:\/\/www.4h.se\/granby\/wp-json\/wp\/v2\/pages\/659","targetHints":{"allow":["GET"]}}],"collection":[{"href":"https:\/\/www.4h.se\/granby\/wp-json\/wp\/v2\/pages"}],"about":[{"href":"https:\/\/www.4h.se\/granby\/wp-json\/wp\/v2\/types\/page"}],"author":[{"embeddable":true,"href":"https:\/\/www.4h.se\/granby\/wp-json\/wp\/v2\/users\/112"}],"replies":[{"embeddable":true,"href":"https:\/\/www.4h.se\/granby\/wp-json\/wp\/v2\/comments?post=659"}],"version-history":[{"count":0,"href":"https:\/\/www.4h.se\/granby\/wp-json\/wp\/v2\/pages\/659\/revisions"}],"wp:attachment":[{"href":"https:\/\/www.4h.se\/granby\/wp-json\/wp\/v2\/media?parent=659"}],"curies":[{"name":"wp","href":"https:\/\/api.w.org\/{rel}","templated":true}]}}