



{"id":638,"date":"2020-11-18T16:26:43","date_gmt":"2020-11-18T15:26:43","guid":{"rendered":"https:\/\/www.4h.se\/granby\/?page_id=638"},"modified":"2026-01-22T13:09:15","modified_gmt":"2026-01-22T12:09:15","slug":"infor-ditt-besok-pa-4h-garden","status":"publish","type":"page","link":"https:\/\/www.4h.se\/granby\/infor-ditt-besok-pa-4h-garden\/","title":{"rendered":"Inf\u00f6r ditt bes\u00f6k p\u00e5 4H-g\u00e5rden"},"content":{"rendered":"<div class=\"wpb-content-wrapper\"><p>[vc_row][vc_column][vc_single_image image=&#8221;943&#8243; img_size=&#8221;1110&#215;300&#8243; style=&#8221;vc_box_rounded&#8221; css=&#8221;&#8221;][vc_column_text css=&#8221;&#8221;]<\/p>\n<h1>Inf\u00f6r ditt bes\u00f6k p\u00e5 4H-g\u00e5rden<\/h1>\n<p>[\/vc_column_text][vc_row_inner][vc_column_inner width=&#8221;1\/2&#8243;][vc_column_text css=&#8221;&#8221;]Planerar du att bes\u00f6ka oss? Vad bra att du hittade hit! H\u00e4r kan du l\u00e4ra dig mer om vad du beh\u00f6ver t\u00e4nka p\u00e5 n\u00e4r du vistas hos oss, f\u00f6r ditt och djurens v\u00e4lm\u00e5ende.<\/p>\n<p>Gr\u00e4nby 4H-g\u00e5rd \u00e4r en \u00f6ppen bes\u00f6ksg\u00e5rd som tar emot hundratals bes\u00f6kare varje \u00e5r. Friska och v\u00e4lm\u00e5ende djur \u00e4r en f\u00f6ruts\u00e4ttning f\u00f6r att vi ska kunna bedriva v\u00e5r verksamhet, och d\u00e4rf\u00f6r \u00e4r vi oerh\u00f6rt glada \u00f6ver att du tar dig tid att f\u00f6rbereda dig och l\u00e4sa in dig p\u00e5 v\u00e5ra regler inf\u00f6r ditt bes\u00f6k.<\/p>\n<p>&nbsp;<\/p>\n<p>Tillsammans med SVA har vi skapat en film \u2013\u00a0<em>V\u00e4lkommen till g\u00e5rden\u00a0<\/em>\u2013 f\u00f6r att det ska vara l\u00e4tt att g\u00f6ra r\u00e4tt f\u00f6r dig som bes\u00f6kare. Filmen \u00e4r m\u00e5lgruppsanpassad och \u00e4r d\u00e4rf\u00f6r \u00e4ven relevant f\u00f6r barn att titta p\u00e5. I filmen f\u00e5r ni reda p\u00e5 information och f\u00f6rh\u00e5llningsregler kring smittspridning.<\/p>\n<p><em>Hur g\u00f6r vi med v\u00e5r picknick som vi planerar att \u00e4ta p\u00e5 g\u00e5rden? F\u00e5r vi mata djuren? Varf\u00f6r ska vi tv\u00e4tta h\u00e4nderna?\u00a0<\/em>Spana in filmen s\u00e5 f\u00e5r du svar p\u00e5 dina fr\u00e5gor!<\/p>\n<p>Missa inte heller att l\u00e4sa v\u00e5ra \u00f6vriga regler som g\u00e4ller under ditt bes\u00f6k p\u00e5 g\u00e5rden, det hittar du l\u00e4ngre ned h\u00e4r p\u00e5 sidan.[\/vc_column_text][vc_message css=&#8221;&#8221;]Har du varit i kontakt med kl\u00f6vb\u00e4rande djur i ett land utanf\u00f6r EU?<\/p>\n<p>Du som varit utomlands och bes\u00f6kt en g\u00e5rd eller p\u00e5 annat s\u00e4tt varit i kontakt med kl\u00f6vb\u00e4rande djur m\u00e5ste v\u00e4nta 48 timmar innan du f\u00e5r bes\u00f6ka oss.[\/vc_message][\/vc_column_inner][vc_column_inner width=&#8221;1\/2&#8243;][vc_single_image image=&#8221;928&#8243; img_size=&#8221;full&#8221; style=&#8221;vc_box_rounded&#8221; css=&#8221;&#8221;][\/vc_column_inner][\/vc_row_inner][\/vc_column][\/vc_row][vc_row][vc_column][vc_separator color=&#8221;peacoc&#8221; css=&#8221;&#8221;][vc_column_text css=&#8221;&#8221;]<\/p>\n<h3>Filmen &#8211; v\u00e4lkommen till g\u00e5rden<\/h3>\n<p>Klicka p\u00e5 knappen med det spr\u00e5k du \u00f6nskar p\u00e5 filmen.[\/vc_column_text][vc_row_inner][vc_column_inner width=&#8221;1\/6&#8243;][vc_btn title=&#8221;Svenska&#8221; style=&#8221;3d&#8221; color=&#8221;success&#8221; align=&#8221;center&#8221; i_icon_fontawesome=&#8221;fas fa-volume-up&#8221; css=&#8221;&#8221; button_block=&#8221;true&#8221; add_icon=&#8221;true&#8221; link=&#8221;url:https%3A%2F%2Fyoutu.be%2FJ2hDFtoP_pY%3Fsi%3DVn47tPO6MUV4F3WF|target:_blank&#8221;][\/vc_column_inner][vc_column_inner width=&#8221;1\/6&#8243;][vc_btn title=&#8221;Engelska&#8221; style=&#8221;3d&#8221; color=&#8221;peacoc&#8221; align=&#8221;center&#8221; i_icon_fontawesome=&#8221;fas fa-volume-up&#8221; css=&#8221;&#8221; button_block=&#8221;true&#8221; add_icon=&#8221;true&#8221; link=&#8221;url:https%3A%2F%2Fyoutu.be%2FybCJ7flHtCE%3Fsi%3DxDJ3752zsfCt2qEu|target:_blank&#8221;][\/vc_column_inner][vc_column_inner width=&#8221;1\/6&#8243;][vc_btn title=&#8221;Arabiska&#8221; style=&#8221;3d&#8221; color=&#8221;orange&#8221; align=&#8221;center&#8221; i_icon_fontawesome=&#8221;fas fa-volume-up&#8221; css=&#8221;&#8221; button_block=&#8221;true&#8221; add_icon=&#8221;true&#8221; link=&#8221;url:https%3A%2F%2Fyoutu.be%2FzMnk2UHUHFg%3Fsi%3DhZLmNKlutv80NiLC|target:_blank&#8221;][\/vc_column_inner][vc_column_inner width=&#8221;1\/6&#8243;][vc_btn title=&#8221;Somaliska&#8221; style=&#8221;3d&#8221; color=&#8221;success&#8221; align=&#8221;center&#8221; i_icon_fontawesome=&#8221;fas fa-volume-up&#8221; css=&#8221;&#8221; button_block=&#8221;true&#8221; add_icon=&#8221;true&#8221; link=&#8221;url:https%3A%2F%2Fyoutu.be%2FYjWvRfbQsm0%3Fsi%3DbeCUXrbaS9rKBnnm|target:_blank&#8221;][\/vc_column_inner][vc_column_inner width=&#8221;1\/6&#8243;][vc_btn title=&#8221;Dari&#8221; style=&#8221;3d&#8221; color=&#8221;peacoc&#8221; align=&#8221;center&#8221; i_icon_fontawesome=&#8221;fas fa-volume-up&#8221; css=&#8221;&#8221; button_block=&#8221;true&#8221; add_icon=&#8221;true&#8221; link=&#8221;url:https%3A%2F%2Fyoutu.be%2FydvwxL4A3ks%3Fsi%3D8s4tEhRydfEgaJp3|target:_blank&#8221;][\/vc_column_inner][vc_column_inner width=&#8221;1\/6&#8243;][vc_btn title=&#8221;Tigrinja&#8221; style=&#8221;3d&#8221; color=&#8221;orange&#8221; align=&#8221;center&#8221; i_icon_fontawesome=&#8221;fas fa-volume-up&#8221; css=&#8221;&#8221; button_block=&#8221;true&#8221; add_icon=&#8221;true&#8221; link=&#8221;url:https%3A%2F%2Fyoutu.be%2FD67V-brqPe8%3Fsi%3Dudfl8vSSko9T7z0L|target:_blank&#8221;][\/vc_column_inner][\/vc_row_inner][\/vc_column][\/vc_row][vc_row][vc_column][vc_separator color=&#8221;peacoc&#8221; css=&#8221;&#8221;][\/vc_column][\/vc_row][vc_row][vc_column width=&#8221;1\/2&#8243;][vc_column_text css=&#8221;&#8221;]<\/p>\n<h3>Regler p\u00e5 4H-g\u00e5rden<\/h3>\n<p>H\u00e4r listar vi upp n\u00e5gra enkla regler vi vill att du tar h\u00e4nsyn till n\u00e4r du bes\u00f6ker oss.<\/p>\n<p>4H-g\u00e5rden \u00e4r en gr\u00f6n oas i staden som ska vara en tillg\u00e4nglig och l\u00e4rande m\u00f6tesplats. N\u00e5got vi d\u00e4remot aldrig kan undg\u00e5 \u00e4r att det ocks\u00e5 \u00e4r djurens hem, och det beh\u00f6ver vi alla hj\u00e4lpas \u00e5t med att respektera.[\/vc_column_text][vc_toggle title=&#8221;Mata inte djuren&#8221; style=&#8221;rounded&#8221; color=&#8221;peacoc&#8221; css_animation=&#8221;bounceIn&#8221; css=&#8221;&#8221;]Djuren p\u00e5 g\u00e5rden har k\u00e4nsliga magar och kan bli sjuka av fel sorts mat, \u00e4ven av fel m\u00e4ngd mat. Personalen p\u00e5 g\u00e5rden ger djuren det foder som de beh\u00f6ver.[\/vc_toggle][vc_toggle title=&#8221;G\u00e5 inte in till djuren&#8221; style=&#8221;rounded&#8221; color=&#8221;peacoc&#8221; css_animation=&#8221;bounceIn&#8221; css=&#8221;&#8221;]Av s\u00e4kerhetssk\u00e4l, f\u00f6r b\u00e5de djur och bes\u00f6kare, f\u00e5r du enbart g\u00e5 in till djuren med godk\u00e4nnande och uppsikt av personal. I \u00f6vrigt h\u00e5lls hagar st\u00e4ngda f\u00f6r bes\u00f6kare. H\u00e4lsa g\u00e4rna p\u00e5 djuren n\u00e4r de kommer fram i sina hagar ist\u00e4llet![\/vc_toggle][vc_toggle title=&#8221;Var lugn n\u00e4r du \u00e4r i n\u00e4rheten av djuren&#8221; style=&#8221;rounded&#8221; color=&#8221;peacoc&#8221; css_animation=&#8221;bounceIn&#8221; css=&#8221;&#8221;]\u00c5terigen \u00e4r g\u00e5rden djurens hem, och de beh\u00f6ver f\u00e5 m\u00f6jlighet att ha lugn och ro. H\u00f6ga ljud och spring kan l\u00e4tt stressa djuren, s\u00e5 h\u00e5ll en lugn samtalsniv\u00e5 och undvik hastiga r\u00f6relser.[\/vc_toggle][vc_toggle title=&#8221;Tv\u00e4tta h\u00e4nderna innan och efter ditt bes\u00f6k hos djuren&#8221; style=&#8221;rounded&#8221; color=&#8221;peacoc&#8221; css_animation=&#8221;bounceIn&#8221; css=&#8221;&#8221;]Att tv\u00e4tta h\u00e4nderna \u00e4r ett fantastiskt s\u00e4tt att minska smittspridning och h\u00e5lla bakterier borta. B\u00e5de m\u00e4nniskor och djur kan b\u00e4ra p\u00e5 sjukdomar som kan smittas, en enkel \u00e5tg\u00e4rd som handtv\u00e4tt g\u00f6r allts\u00e5 alla gott. Tv\u00e4tta h\u00e4nderna n\u00e4r du g\u00e5r fr\u00e5n ett djur till ett annat![\/vc_toggle][vc_toggle title=&#8221;H\u00e5ll hunden kopplad&#8221; style=&#8221;rounded&#8221; color=&#8221;peacoc&#8221; css_animation=&#8221;bounceIn&#8221; css=&#8221;&#8221;]Hunden \u00e4r v\u00e4lkommen att bes\u00f6ka 4H-g\u00e5rden, men den beh\u00f6ver vara kopplad.<\/p>\n<p>Har du hund med dig s\u00e5 \u00f6nskar vi att du h\u00e5ller ett extra avst\u00e5nd till g\u00e5rdens djur. G\u00e5rdens djur kan, trots att de \u00e4r vana vid mycket liv och r\u00f6relse, bli r\u00e4dda och stressade. Uppm\u00e4rksamma f\u00f6rbudsskyltar som talar om var hunden inte f\u00e5r f\u00f6lja med.<\/p>\n<p>Visa \u00e4ven extra h\u00e4nsyn till att det kan finnas hundr\u00e4dda bes\u00f6kare p\u00e5 g\u00e5rden.[\/vc_toggle][\/vc_column][vc_column width=&#8221;1\/2&#8243;][vc_empty_space height=&#8221;20px&#8221;][vc_single_image image=&#8221;949&#8243; img_size=&#8221;full&#8221; style=&#8221;vc_box_rounded&#8221; css=&#8221;&#8221;][\/vc_column][\/vc_row]<\/p>\n<\/div>","protected":false},"excerpt":{"rendered":"<p>[vc_row][vc_column][vc_single_image image=&#8221;943&#8243; img_size=&#8221;1110&#215;300&#8243; style=&#8221;vc_box_rounded&#8221; css=&#8221;&#8221;][vc_column_text css=&#8221;&#8221;] Inf\u00f6r ditt bes\u00f6k p\u00e5 4H-g\u00e5rden [\/vc_column_text][vc_row_inner][vc_column_inner width=&#8221;1\/2&#8243;][vc_column_text css=&#8221;&#8221;]Planerar du att bes\u00f6ka oss? Vad bra att du hittade hit! H\u00e4r kan du l\u00e4ra dig mer om vad du beh\u00f6ver t\u00e4nka p\u00e5 n\u00e4r du vistas hos oss, f\u00f6r ditt och djurens v\u00e4lm\u00e5ende. Gr\u00e4nby 4H-g\u00e5rd \u00e4r en \u00f6ppen bes\u00f6ksg\u00e5rd som tar emot&nbsp; <a href=\"https:\/\/www.4h.se\/granby\/infor-ditt-besok-pa-4h-garden\/\">&hellip; Read more <i class=\"glyphicon glyphicon-arrow-right\"><\/i><\/a><\/p>\n","protected":false},"author":112,"featured_media":0,"parent":0,"menu_order":10,"comment_status":"closed","ping_status":"closed","template":"","meta":{"footnotes":""},"class_list":["post-638","page","type-page","status-publish","hentry"],"yoast_head":"<!-- This site is optimized with the Yoast SEO plugin v27.4 - https:\/\/yoast.com\/product\/yoast-seo-wordpress\/ -->\n<title>Inf\u00f6r ditt bes\u00f6k p\u00e5 4H-g\u00e5rden - Gr\u00e4nby 4H-g\u00e5rd<\/title>\n<meta name=\"robots\" content=\"index, follow, max-snippet:-1, max-image-preview:large, max-video-preview:-1\" \/>\n<link rel=\"canonical\" href=\"https:\/\/www.4h.se\/granby\/infor-ditt-besok-pa-4h-garden\/\" \/>\n<meta property=\"og:locale\" content=\"sv_SE\" \/>\n<meta property=\"og:type\" content=\"article\" \/>\n<meta property=\"og:title\" content=\"Inf\u00f6r ditt bes\u00f6k p\u00e5 4H-g\u00e5rden - Gr\u00e4nby 4H-g\u00e5rd\" \/>\n<meta property=\"og:description\" content=\"[vc_row][vc_column][vc_single_image image=&#8221;943&#8243; img_size=&#8221;1110&#215;300&#8243; style=&#8221;vc_box_rounded&#8221; css=&#8221;&#8221;][vc_column_text css=&#8221;&#8221;] Inf\u00f6r ditt bes\u00f6k p\u00e5 4H-g\u00e5rden [\/vc_column_text][vc_row_inner][vc_column_inner width=&#8221;1\/2&#8243;][vc_column_text css=&#8221;&#8221;]Planerar du att bes\u00f6ka oss? Vad bra att du hittade hit! H\u00e4r kan du l\u00e4ra dig mer om vad du beh\u00f6ver t\u00e4nka p\u00e5 n\u00e4r du vistas hos oss, f\u00f6r ditt och djurens v\u00e4lm\u00e5ende. Gr\u00e4nby 4H-g\u00e5rd \u00e4r en \u00f6ppen bes\u00f6ksg\u00e5rd som tar emot&nbsp; &hellip; Read more\" \/>\n<meta property=\"og:url\" content=\"https:\/\/www.4h.se\/granby\/infor-ditt-besok-pa-4h-garden\/\" \/>\n<meta property=\"og:site_name\" content=\"Gr\u00e4nby 4H-g\u00e5rd\" \/>\n<meta property=\"article:modified_time\" content=\"2026-01-22T12:09:15+00:00\" \/>\n<meta name=\"twitter:card\" content=\"summary_large_image\" \/>\n<meta name=\"twitter:label1\" content=\"Ber\u00e4knad l\u00e4stid\" \/>\n\t<meta name=\"twitter:data1\" content=\"6 minuter\" \/>\n<script type=\"application\/ld+json\" class=\"yoast-schema-graph\">{\"@context\":\"https:\\\/\\\/schema.org\",\"@graph\":[{\"@type\":\"WebPage\",\"@id\":\"https:\\\/\\\/www.4h.se\\\/granby\\\/infor-ditt-besok-pa-4h-garden\\\/\",\"url\":\"https:\\\/\\\/www.4h.se\\\/granby\\\/infor-ditt-besok-pa-4h-garden\\\/\",\"name\":\"Inf\u00f6r ditt bes\u00f6k p\u00e5 4H-g\u00e5rden - Gr\u00e4nby 4H-g\u00e5rd\",\"isPartOf\":{\"@id\":\"https:\\\/\\\/www.4h.se\\\/granby\\\/#website\"},\"datePublished\":\"2020-11-18T15:26:43+00:00\",\"dateModified\":\"2026-01-22T12:09:15+00:00\",\"breadcrumb\":{\"@id\":\"https:\\\/\\\/www.4h.se\\\/granby\\\/infor-ditt-besok-pa-4h-garden\\\/#breadcrumb\"},\"inLanguage\":\"sv-SE\",\"potentialAction\":[{\"@type\":\"ReadAction\",\"target\":[\"https:\\\/\\\/www.4h.se\\\/granby\\\/infor-ditt-besok-pa-4h-garden\\\/\"]}]},{\"@type\":\"BreadcrumbList\",\"@id\":\"https:\\\/\\\/www.4h.se\\\/granby\\\/infor-ditt-besok-pa-4h-garden\\\/#breadcrumb\",\"itemListElement\":[{\"@type\":\"ListItem\",\"position\":1,\"name\":\"Hem\",\"item\":\"https:\\\/\\\/www.4h.se\\\/granby\\\/\"},{\"@type\":\"ListItem\",\"position\":2,\"name\":\"Inf\u00f6r ditt bes\u00f6k p\u00e5 4H-g\u00e5rden\"}]},{\"@type\":\"WebSite\",\"@id\":\"https:\\\/\\\/www.4h.se\\\/granby\\\/#website\",\"url\":\"https:\\\/\\\/www.4h.se\\\/granby\\\/\",\"name\":\"Gr\u00e4nby 4H-g\u00e5rd\",\"description\":\"\",\"potentialAction\":[{\"@type\":\"SearchAction\",\"target\":{\"@type\":\"EntryPoint\",\"urlTemplate\":\"https:\\\/\\\/www.4h.se\\\/granby\\\/?s={search_term_string}\"},\"query-input\":{\"@type\":\"PropertyValueSpecification\",\"valueRequired\":true,\"valueName\":\"search_term_string\"}}],\"inLanguage\":\"sv-SE\"}]}<\/script>\n<!-- \/ Yoast SEO plugin. -->","yoast_head_json":{"title":"Inf\u00f6r ditt bes\u00f6k p\u00e5 4H-g\u00e5rden - Gr\u00e4nby 4H-g\u00e5rd","robots":{"index":"index","follow":"follow","max-snippet":"max-snippet:-1","max-image-preview":"max-image-preview:large","max-video-preview":"max-video-preview:-1"},"canonical":"https:\/\/www.4h.se\/granby\/infor-ditt-besok-pa-4h-garden\/","og_locale":"sv_SE","og_type":"article","og_title":"Inf\u00f6r ditt bes\u00f6k p\u00e5 4H-g\u00e5rden - Gr\u00e4nby 4H-g\u00e5rd","og_description":"[vc_row][vc_column][vc_single_image image=&#8221;943&#8243; img_size=&#8221;1110&#215;300&#8243; style=&#8221;vc_box_rounded&#8221; css=&#8221;&#8221;][vc_column_text css=&#8221;&#8221;] Inf\u00f6r ditt bes\u00f6k p\u00e5 4H-g\u00e5rden [\/vc_column_text][vc_row_inner][vc_column_inner width=&#8221;1\/2&#8243;][vc_column_text css=&#8221;&#8221;]Planerar du att bes\u00f6ka oss? Vad bra att du hittade hit! H\u00e4r kan du l\u00e4ra dig mer om vad du beh\u00f6ver t\u00e4nka p\u00e5 n\u00e4r du vistas hos oss, f\u00f6r ditt och djurens v\u00e4lm\u00e5ende. Gr\u00e4nby 4H-g\u00e5rd \u00e4r en \u00f6ppen bes\u00f6ksg\u00e5rd som tar emot&nbsp; &hellip; Read more","og_url":"https:\/\/www.4h.se\/granby\/infor-ditt-besok-pa-4h-garden\/","og_site_name":"Gr\u00e4nby 4H-g\u00e5rd","article_modified_time":"2026-01-22T12:09:15+00:00","twitter_card":"summary_large_image","twitter_misc":{"Ber\u00e4knad l\u00e4stid":"6 minuter"},"schema":{"@context":"https:\/\/schema.org","@graph":[{"@type":"WebPage","@id":"https:\/\/www.4h.se\/granby\/infor-ditt-besok-pa-4h-garden\/","url":"https:\/\/www.4h.se\/granby\/infor-ditt-besok-pa-4h-garden\/","name":"Inf\u00f6r ditt bes\u00f6k p\u00e5 4H-g\u00e5rden - Gr\u00e4nby 4H-g\u00e5rd","isPartOf":{"@id":"https:\/\/www.4h.se\/granby\/#website"},"datePublished":"2020-11-18T15:26:43+00:00","dateModified":"2026-01-22T12:09:15+00:00","breadcrumb":{"@id":"https:\/\/www.4h.se\/granby\/infor-ditt-besok-pa-4h-garden\/#breadcrumb"},"inLanguage":"sv-SE","potentialAction":[{"@type":"ReadAction","target":["https:\/\/www.4h.se\/granby\/infor-ditt-besok-pa-4h-garden\/"]}]},{"@type":"BreadcrumbList","@id":"https:\/\/www.4h.se\/granby\/infor-ditt-besok-pa-4h-garden\/#breadcrumb","itemListElement":[{"@type":"ListItem","position":1,"name":"Hem","item":"https:\/\/www.4h.se\/granby\/"},{"@type":"ListItem","position":2,"name":"Inf\u00f6r ditt bes\u00f6k p\u00e5 4H-g\u00e5rden"}]},{"@type":"WebSite","@id":"https:\/\/www.4h.se\/granby\/#website","url":"https:\/\/www.4h.se\/granby\/","name":"Gr\u00e4nby 4H-g\u00e5rd","description":"","potentialAction":[{"@type":"SearchAction","target":{"@type":"EntryPoint","urlTemplate":"https:\/\/www.4h.se\/granby\/?s={search_term_string}"},"query-input":{"@type":"PropertyValueSpecification","valueRequired":true,"valueName":"search_term_string"}}],"inLanguage":"sv-SE"}]}},"_links":{"self":[{"href":"https:\/\/www.4h.se\/granby\/wp-json\/wp\/v2\/pages\/638","targetHints":{"allow":["GET"]}}],"collection":[{"href":"https:\/\/www.4h.se\/granby\/wp-json\/wp\/v2\/pages"}],"about":[{"href":"https:\/\/www.4h.se\/granby\/wp-json\/wp\/v2\/types\/page"}],"author":[{"embeddable":true,"href":"https:\/\/www.4h.se\/granby\/wp-json\/wp\/v2\/users\/112"}],"replies":[{"embeddable":true,"href":"https:\/\/www.4h.se\/granby\/wp-json\/wp\/v2\/comments?post=638"}],"version-history":[{"count":0,"href":"https:\/\/www.4h.se\/granby\/wp-json\/wp\/v2\/pages\/638\/revisions"}],"wp:attachment":[{"href":"https:\/\/www.4h.se\/granby\/wp-json\/wp\/v2\/media?parent=638"}],"curies":[{"name":"wp","href":"https:\/\/api.w.org\/{rel}","templated":true}]}}