



{"id":554,"date":"2019-03-06T14:23:44","date_gmt":"2019-03-06T13:23:44","guid":{"rendered":"https:\/\/www.4h.se\/granby\/?page_id=554"},"modified":"2026-01-30T15:33:03","modified_gmt":"2026-01-30T14:33:03","slug":"jobba-hos-oss","status":"publish","type":"page","link":"https:\/\/www.4h.se\/granby\/jobba-hos-oss\/","title":{"rendered":"Jobba hos oss"},"content":{"rendered":"<div class=\"wpb-content-wrapper\"><p>[vc_row][vc_column][vc_column_text]<\/p>\n<h1>Jobba hos oss<\/h1>\n<p>[\/vc_column_text][\/vc_column][\/vc_row][vc_row][vc_column][vc_separator color=&#8221;black&#8221; css=&#8221;&#8221;][\/vc_column][\/vc_row][vc_row][vc_column width=&#8221;1\/2&#8243;][vc_column_text css=&#8221;&#8221;]<\/p>\n<div class=\"wpb_text_column wpb_content_element\">\n<div class=\"wpb_wrapper\">\n<h3>L\u00e4gerledare \u2013 sommaren 2026<\/h3>\n<h4>Vill du jobba som l\u00e4gerledare hos Uppsala 4H sommaren 2026?<\/h4>\n<p data-start=\"204\" data-end=\"466\">Dr\u00f6mmer du om en sommar fylld av skratt, \u00e4ventyr och nya upplevelser? Som l\u00e4gerledare hos Uppsala 4H f\u00e5r du chansen att skapa meningsfull fritid f\u00f6r barn och unga \u2013 samtidigt som du sj\u00e4lv f\u00e5r en sommar full av gemenskap, l\u00e4rande och h\u00e4rliga utomhusupplevelser.<\/p>\n<p data-start=\"468\" data-end=\"855\">Hos oss kombinerar du lek, kreativitet och pedagogik med djur- och friluftsliv. Du f\u00e5r arbeta n\u00e4ra b\u00e5de natur och djur, leda aktiviteter och vara en trygg vuxen som inspirerar barn och ungdomar att uppt\u00e4cka och l\u00e4ra. Det \u00e4r mer \u00e4n ett sommarjobb \u2013 det \u00e4r en chans att g\u00f6ra skillnad, bygga minnen och v\u00e4xa tillsammans med kollegor som delar din passion.<\/p>\n<p data-start=\"857\" data-end=\"956\">\u00c4r du redo f\u00f6r sommarjobb som l\u00e4gerledare hos 4H i Uppsala?<\/p>\n<p data-start=\"857\" data-end=\"956\">\n<\/div>\n<\/div>\n<h4 data-start=\"857\" data-end=\"956\">\ud83c\udf40Fr\u00e5n 13 \u00e5r och upp\u00e5t<\/h4>\n<div class=\"wpb_text_column wpb_content_element\">\n<h4 data-start=\"857\" data-end=\"956\">\ud83c\udf40Ans\u00f6kan st\u00e4nger 31 mars<\/h4>\n<\/div>\n<p>[\/vc_column_text][vc_btn title=&#8221;Skriv din ans\u00f6kan h\u00e4r&#8221; style=&#8221;3d&#8221; color=&#8221;peacoc&#8221; align=&#8221;center&#8221; i_icon_fontawesome=&#8221;fa fa-solid fa-file-pen&#8221; css=&#8221;&#8221; button_block=&#8221;true&#8221; add_icon=&#8221;true&#8221; link=&#8221;url:https%3A%2F%2Fantribe.com%2Forg%2F4h%2F4h-i-uppsala%2Fevent%2Fansokan-om-sommarjobb-2026|target:_blank&#8221;][\/vc_column][vc_column width=&#8221;1\/2&#8243;][vc_single_image image=&#8221;941&#8243; img_size=&#8221;540&#215;475&#8243; style=&#8221;vc_box_rounded&#8221; css=&#8221;&#8221;][\/vc_column][\/vc_row][vc_row][vc_column][vc_separator color=&#8221;peacoc&#8221;][\/vc_column][\/vc_row][vc_row][vc_column width=&#8221;1\/2&#8243;][vc_column_text css=&#8221;&#8221;]<\/p>\n<h3>Helgsk\u00f6tare<\/h3>\n<p>Som helgpersonal hos oss ansvarar du f\u00f6r den dagliga omv\u00e5rdnaden av g\u00e5rdens djur. Du spelar ocks\u00e5 en viktig roll som representant f\u00f6r 4H och v\u00e4lkomnar g\u00e5rdens bes\u00f6kare. Du kommer \u00e4ven h\u00e5lla i en aktivitet f\u00f6r barn och unga och delar med dig av kunskap om djuren. F\u00f6r att arbeta hos oss som helgpersonal m\u00e5ste du vara minst 18 \u00e5r.<\/p>\n<h4>Skicka in din ans\u00f6kan via formul\u00e4ret<\/h4>\n<p>[\/vc_column_text][vc_toggle title=&#8221;Krav&#8221; style=&#8221;rounded&#8221; color=&#8221;green&#8221; css=&#8221;&#8221;]<\/p>\n<ul>\n<li>\u00c4r \u00f6ver 18 \u00e5r.<\/li>\n<li>\u00c4r ansvarsfull, sj\u00e4lvst\u00e4ndig och har ett trevligt bem\u00f6tande.<\/li>\n<li>Vill jobba praktiskt med djur och barn.<\/li>\n<\/ul>\n<p>[\/vc_toggle][vc_toggle title=&#8221;Meriterande&#8221; style=&#8221;rounded&#8221; color=&#8221;green&#8221; css=&#8221;&#8221;]<\/p>\n<ul>\n<li>H\u00e4stvana<\/li>\n<li>Arbetat med barn innan<\/li>\n<\/ul>\n<p>[\/vc_toggle][vc_btn title=&#8221;Ans\u00f6k h\u00e4r!&#8221; style=&#8221;3d&#8221; color=&#8221;success&#8221; align=&#8221;center&#8221; i_icon_fontawesome=&#8221;&#8221; css=&#8221;&#8221; button_block=&#8221;true&#8221; add_icon=&#8221;true&#8221; link=&#8221;url:https%3A%2F%2Fwww.antribe.com%2Forg%2F4h%2F4h-i-uppsala%2Fevent%2Fansokan-helgskotare|target:_blank&#8221;][\/vc_column][vc_column width=&#8221;1\/2&#8243;][vc_single_image image=&#8221;943&#8243; img_size=&#8221;540&#215;360&#8243; style=&#8221;vc_box_rounded&#8221; css=&#8221;&#8221;][\/vc_column][\/vc_row]<\/p>\n<\/div>","protected":false},"excerpt":{"rendered":"<p>[vc_row][vc_column][vc_column_text] Jobba hos oss [\/vc_column_text][\/vc_column][\/vc_row][vc_row][vc_column][vc_separator color=&#8221;black&#8221; css=&#8221;&#8221;][\/vc_column][\/vc_row][vc_row][vc_column width=&#8221;1\/2&#8243;][vc_column_text css=&#8221;&#8221;] L\u00e4gerledare \u2013 sommaren 2026 Vill du jobba som l\u00e4gerledare hos Uppsala 4H sommaren 2026? Dr\u00f6mmer du om en sommar fylld av skratt, \u00e4ventyr och nya upplevelser? Som l\u00e4gerledare hos Uppsala 4H f\u00e5r du chansen att skapa meningsfull fritid f\u00f6r barn och unga \u2013 samtidigt som du&nbsp; <a href=\"https:\/\/www.4h.se\/granby\/jobba-hos-oss\/\">&hellip; Read more <i class=\"glyphicon glyphicon-arrow-right\"><\/i><\/a><\/p>\n","protected":false},"author":131,"featured_media":0,"parent":0,"menu_order":11,"comment_status":"closed","ping_status":"closed","template":"","meta":{"footnotes":""},"class_list":["post-554","page","type-page","status-publish","hentry"],"yoast_head":"<!-- This site is optimized with the Yoast SEO plugin v27.4 - https:\/\/yoast.com\/product\/yoast-seo-wordpress\/ -->\n<title>Jobba hos oss - Gr\u00e4nby 4H-g\u00e5rd<\/title>\n<meta name=\"robots\" content=\"index, follow, max-snippet:-1, max-image-preview:large, max-video-preview:-1\" \/>\n<link rel=\"canonical\" href=\"https:\/\/www.4h.se\/granby\/jobba-hos-oss\/\" \/>\n<meta property=\"og:locale\" content=\"sv_SE\" \/>\n<meta property=\"og:type\" content=\"article\" \/>\n<meta property=\"og:title\" content=\"Jobba hos oss - Gr\u00e4nby 4H-g\u00e5rd\" \/>\n<meta property=\"og:description\" content=\"[vc_row][vc_column][vc_column_text] Jobba hos oss [\/vc_column_text][\/vc_column][\/vc_row][vc_row][vc_column][vc_separator color=&#8221;black&#8221; css=&#8221;&#8221;][\/vc_column][\/vc_row][vc_row][vc_column width=&#8221;1\/2&#8243;][vc_column_text css=&#8221;&#8221;] L\u00e4gerledare \u2013 sommaren 2026 Vill du jobba som l\u00e4gerledare hos Uppsala 4H sommaren 2026? Dr\u00f6mmer du om en sommar fylld av skratt, \u00e4ventyr och nya upplevelser? Som l\u00e4gerledare hos Uppsala 4H f\u00e5r du chansen att skapa meningsfull fritid f\u00f6r barn och unga \u2013 samtidigt som du&nbsp; &hellip; Read more\" \/>\n<meta property=\"og:url\" content=\"https:\/\/www.4h.se\/granby\/jobba-hos-oss\/\" \/>\n<meta property=\"og:site_name\" content=\"Gr\u00e4nby 4H-g\u00e5rd\" \/>\n<meta property=\"article:modified_time\" content=\"2026-01-30T14:33:03+00:00\" \/>\n<meta name=\"twitter:card\" content=\"summary_large_image\" \/>\n<meta name=\"twitter:label1\" content=\"Ber\u00e4knad l\u00e4stid\" \/>\n\t<meta name=\"twitter:data1\" content=\"2 minuter\" \/>\n<script type=\"application\/ld+json\" class=\"yoast-schema-graph\">{\"@context\":\"https:\\\/\\\/schema.org\",\"@graph\":[{\"@type\":\"WebPage\",\"@id\":\"https:\\\/\\\/www.4h.se\\\/granby\\\/jobba-hos-oss\\\/\",\"url\":\"https:\\\/\\\/www.4h.se\\\/granby\\\/jobba-hos-oss\\\/\",\"name\":\"Jobba hos oss - Gr\u00e4nby 4H-g\u00e5rd\",\"isPartOf\":{\"@id\":\"https:\\\/\\\/www.4h.se\\\/granby\\\/#website\"},\"datePublished\":\"2019-03-06T13:23:44+00:00\",\"dateModified\":\"2026-01-30T14:33:03+00:00\",\"breadcrumb\":{\"@id\":\"https:\\\/\\\/www.4h.se\\\/granby\\\/jobba-hos-oss\\\/#breadcrumb\"},\"inLanguage\":\"sv-SE\",\"potentialAction\":[{\"@type\":\"ReadAction\",\"target\":[\"https:\\\/\\\/www.4h.se\\\/granby\\\/jobba-hos-oss\\\/\"]}]},{\"@type\":\"BreadcrumbList\",\"@id\":\"https:\\\/\\\/www.4h.se\\\/granby\\\/jobba-hos-oss\\\/#breadcrumb\",\"itemListElement\":[{\"@type\":\"ListItem\",\"position\":1,\"name\":\"Hem\",\"item\":\"https:\\\/\\\/www.4h.se\\\/granby\\\/\"},{\"@type\":\"ListItem\",\"position\":2,\"name\":\"Jobba hos oss\"}]},{\"@type\":\"WebSite\",\"@id\":\"https:\\\/\\\/www.4h.se\\\/granby\\\/#website\",\"url\":\"https:\\\/\\\/www.4h.se\\\/granby\\\/\",\"name\":\"Gr\u00e4nby 4H-g\u00e5rd\",\"description\":\"\",\"potentialAction\":[{\"@type\":\"SearchAction\",\"target\":{\"@type\":\"EntryPoint\",\"urlTemplate\":\"https:\\\/\\\/www.4h.se\\\/granby\\\/?s={search_term_string}\"},\"query-input\":{\"@type\":\"PropertyValueSpecification\",\"valueRequired\":true,\"valueName\":\"search_term_string\"}}],\"inLanguage\":\"sv-SE\"}]}<\/script>\n<!-- \/ Yoast SEO plugin. -->","yoast_head_json":{"title":"Jobba hos oss - Gr\u00e4nby 4H-g\u00e5rd","robots":{"index":"index","follow":"follow","max-snippet":"max-snippet:-1","max-image-preview":"max-image-preview:large","max-video-preview":"max-video-preview:-1"},"canonical":"https:\/\/www.4h.se\/granby\/jobba-hos-oss\/","og_locale":"sv_SE","og_type":"article","og_title":"Jobba hos oss - Gr\u00e4nby 4H-g\u00e5rd","og_description":"[vc_row][vc_column][vc_column_text] Jobba hos oss [\/vc_column_text][\/vc_column][\/vc_row][vc_row][vc_column][vc_separator color=&#8221;black&#8221; css=&#8221;&#8221;][\/vc_column][\/vc_row][vc_row][vc_column width=&#8221;1\/2&#8243;][vc_column_text css=&#8221;&#8221;] L\u00e4gerledare \u2013 sommaren 2026 Vill du jobba som l\u00e4gerledare hos Uppsala 4H sommaren 2026? Dr\u00f6mmer du om en sommar fylld av skratt, \u00e4ventyr och nya upplevelser? Som l\u00e4gerledare hos Uppsala 4H f\u00e5r du chansen att skapa meningsfull fritid f\u00f6r barn och unga \u2013 samtidigt som du&nbsp; &hellip; Read more","og_url":"https:\/\/www.4h.se\/granby\/jobba-hos-oss\/","og_site_name":"Gr\u00e4nby 4H-g\u00e5rd","article_modified_time":"2026-01-30T14:33:03+00:00","twitter_card":"summary_large_image","twitter_misc":{"Ber\u00e4knad l\u00e4stid":"2 minuter"},"schema":{"@context":"https:\/\/schema.org","@graph":[{"@type":"WebPage","@id":"https:\/\/www.4h.se\/granby\/jobba-hos-oss\/","url":"https:\/\/www.4h.se\/granby\/jobba-hos-oss\/","name":"Jobba hos oss - Gr\u00e4nby 4H-g\u00e5rd","isPartOf":{"@id":"https:\/\/www.4h.se\/granby\/#website"},"datePublished":"2019-03-06T13:23:44+00:00","dateModified":"2026-01-30T14:33:03+00:00","breadcrumb":{"@id":"https:\/\/www.4h.se\/granby\/jobba-hos-oss\/#breadcrumb"},"inLanguage":"sv-SE","potentialAction":[{"@type":"ReadAction","target":["https:\/\/www.4h.se\/granby\/jobba-hos-oss\/"]}]},{"@type":"BreadcrumbList","@id":"https:\/\/www.4h.se\/granby\/jobba-hos-oss\/#breadcrumb","itemListElement":[{"@type":"ListItem","position":1,"name":"Hem","item":"https:\/\/www.4h.se\/granby\/"},{"@type":"ListItem","position":2,"name":"Jobba hos oss"}]},{"@type":"WebSite","@id":"https:\/\/www.4h.se\/granby\/#website","url":"https:\/\/www.4h.se\/granby\/","name":"Gr\u00e4nby 4H-g\u00e5rd","description":"","potentialAction":[{"@type":"SearchAction","target":{"@type":"EntryPoint","urlTemplate":"https:\/\/www.4h.se\/granby\/?s={search_term_string}"},"query-input":{"@type":"PropertyValueSpecification","valueRequired":true,"valueName":"search_term_string"}}],"inLanguage":"sv-SE"}]}},"_links":{"self":[{"href":"https:\/\/www.4h.se\/granby\/wp-json\/wp\/v2\/pages\/554","targetHints":{"allow":["GET"]}}],"collection":[{"href":"https:\/\/www.4h.se\/granby\/wp-json\/wp\/v2\/pages"}],"about":[{"href":"https:\/\/www.4h.se\/granby\/wp-json\/wp\/v2\/types\/page"}],"author":[{"embeddable":true,"href":"https:\/\/www.4h.se\/granby\/wp-json\/wp\/v2\/users\/131"}],"replies":[{"embeddable":true,"href":"https:\/\/www.4h.se\/granby\/wp-json\/wp\/v2\/comments?post=554"}],"version-history":[{"count":0,"href":"https:\/\/www.4h.se\/granby\/wp-json\/wp\/v2\/pages\/554\/revisions"}],"wp:attachment":[{"href":"https:\/\/www.4h.se\/granby\/wp-json\/wp\/v2\/media?parent=554"}],"curies":[{"name":"wp","href":"https:\/\/api.w.org\/{rel}","templated":true}]}}