



{"id":543,"date":"2019-01-14T14:43:22","date_gmt":"2019-01-14T13:43:22","guid":{"rendered":"http:\/\/www.4h.se\/granby\/?page_id=543"},"modified":"2026-01-16T10:16:05","modified_gmt":"2026-01-16T09:16:05","slug":"granby-4h-klubb","status":"publish","type":"page","link":"https:\/\/www.4h.se\/granby\/granby-4h-klubb\/","title":{"rendered":"Gr\u00e4nby 4H-klubb"},"content":{"rendered":"<div class=\"wpb-content-wrapper\"><p>[vc_row][vc_column width=&#8221;2\/3&#8243;][vc_column_text css=&#8221;&#8221;]<\/p>\n<h1>Gr\u00e4nby 4H-klubb<\/h1>\n<p>&nbsp;<\/p>\n<p>Gr\u00e4nby 4H-klubb har sitt s\u00e4te p\u00e5 Gr\u00e4nby 4H-g\u00e5rd och \u00e4r en klubb driven av ungdomar f\u00f6r ungdomar.<\/p>\n<p>4H \u00e4r en ungdomsorganisation och i enlighet med det drivs Gr\u00e4nby 4H-klubb<br \/>\nav en ungdomsstyrelse och har verksamhet f\u00f6r barn och ungdomar.<\/p>\n<p>En 4H-klubb kan ha i princip vilken verksamhet som helst; det \u00e4r medlemmarna i klubben<br \/>\nsom best\u00e4mmer vad deras klubb ska har f\u00f6r aktiviteter, s\u00e5 l\u00e4nge de f\u00f6ljer 4H:s stadgar och riktlinjer.<\/p>\n<p>Inom Gr\u00e4nby 4H-klubb finns just nu ett stort h\u00e4stintresse bland de<br \/>\naktiva medlemmarna vilket resulterar i att de flesta aktiviteterna inkluderar h\u00e4star.<\/p>\n<p>Med inspiration fr\u00e5n 4H:s vision handlar klubbverksamheten mycket om att<br \/>\nungdomarna ska f\u00e5 utvecklas och \u00f6va p\u00e5 att ta eget ansvar.<\/p>\n<p>&nbsp;<\/p>\n<p>Vill ni bli medlemmar i klubben g\u00f6r ni det under fliken&nbsp;<span style=\"color: #00693f;\"><strong><a style=\"color: #00693f;\" href=\"https:\/\/www.4h.se\/granby\/bli-medlem\/\" target=\"_blank\" rel=\"noopener\"><em>&#8221;Bli medlem&#8221;.<\/em><\/a><\/strong><\/span><\/p>\n<p>F\u00f6lj g\u00e4rna Gr\u00e4nby 4H-klubb p\u00e5 Instagram, l\u00e4nk finner du&nbsp;<strong><span style=\"color: #00693f;\"><a style=\"color: #00693f;\" title=\"Instagram Gr\u00e4nby4H\" href=\"https:\/\/www.instagram.com\/granby4hklubb\/?hl=sv\" target=\"_blank\" rel=\"noopener\">h\u00e4r<\/a>.<\/span><\/strong><\/p>\n<p>Gr\u00e4nby 4H-klubb erbjuder aktiviteter s\u00e5som:<\/p>\n<ul>\n<li>Ponnyridning &#8211; drop-in ridning f\u00f6r bes\u00f6kare p\u00e5 g\u00e5rden.<\/li>\n<\/ul>\n<h2>H\u00e4stgruppen<\/h2>\n<p>H\u00e4stgruppen drivs och best\u00e5r av aktiva medlemmar som \u00e4lskar h\u00e4star!<\/p>\n<p>De sk\u00f6ter h\u00e4starnas dagliga motion och stallsysslor varje dag, \u00e5ret om.<\/p>\n<p>H\u00e4r kan du som h\u00e4stintresserad vara med som medryttare!<\/p>\n<p><strong>Intresserad? Kontakta <span style=\"color: #00693f;\"><a style=\"color: #00693f;\" href=\"mailto:aktivitetsledare.granby@4h.se\">aktivitetsledare.granby@4h.se<\/a><\/span><\/strong><\/p>\n<p>Vill&nbsp;du&nbsp;l\u00e4sa mer om klubbens h\u00e4stverksamhet kan ni g\u00f6ra det&nbsp;<strong><a style=\"color: #00693f;\" href=\"https:\/\/www.4h.se\/granby\/hastgruppen\/\" target=\"_blank\" rel=\"noopener\">h\u00e4r.<\/a>&nbsp;<\/strong><\/p>\n<p>&nbsp;[\/vc_column_text][\/vc_column][vc_column width=&#8221;1\/3&#8243;][vc_single_image image=&#8221;752&#8243; img_size=&#8221;500 x 500&#8243;][vc_row_inner][vc_column_inner][vc_single_image image=&#8221;754&#8243; img_size=&#8221;500 x 500&#8243;][\/vc_column_inner][\/vc_row_inner][\/vc_column][\/vc_row]<\/p>\n<\/div>","protected":false},"excerpt":{"rendered":"<p>[vc_row][vc_column width=&#8221;2\/3&#8243;][vc_column_text css=&#8221;&#8221;] Gr\u00e4nby 4H-klubb &nbsp; Gr\u00e4nby 4H-klubb har sitt s\u00e4te p\u00e5 Gr\u00e4nby 4H-g\u00e5rd och \u00e4r en klubb driven av ungdomar f\u00f6r ungdomar. 4H \u00e4r en ungdomsorganisation och i enlighet med det drivs Gr\u00e4nby 4H-klubb av en ungdomsstyrelse och har verksamhet f\u00f6r barn och ungdomar. En 4H-klubb kan ha i princip vilken verksamhet som helst;&nbsp; <a href=\"https:\/\/www.4h.se\/granby\/granby-4h-klubb\/\">&hellip; Read more <i class=\"glyphicon glyphicon-arrow-right\"><\/i><\/a><\/p>\n","protected":false},"author":131,"featured_media":0,"parent":0,"menu_order":8,"comment_status":"closed","ping_status":"closed","template":"","meta":{"footnotes":""},"class_list":["post-543","page","type-page","status-publish","hentry"],"yoast_head":"<!-- This site is optimized with the Yoast SEO plugin v27.4 - https:\/\/yoast.com\/product\/yoast-seo-wordpress\/ -->\n<title>Gr\u00e4nby 4H-klubb - Gr\u00e4nby 4H-g\u00e5rd<\/title>\n<meta name=\"robots\" content=\"index, follow, max-snippet:-1, max-image-preview:large, max-video-preview:-1\" \/>\n<link rel=\"canonical\" href=\"https:\/\/www.4h.se\/granby\/granby-4h-klubb\/\" \/>\n<meta property=\"og:locale\" content=\"sv_SE\" \/>\n<meta property=\"og:type\" content=\"article\" \/>\n<meta property=\"og:title\" content=\"Gr\u00e4nby 4H-klubb - Gr\u00e4nby 4H-g\u00e5rd\" \/>\n<meta property=\"og:description\" content=\"[vc_row][vc_column width=&#8221;2\/3&#8243;][vc_column_text css=&#8221;&#8221;] Gr\u00e4nby 4H-klubb &nbsp; Gr\u00e4nby 4H-klubb har sitt s\u00e4te p\u00e5 Gr\u00e4nby 4H-g\u00e5rd och \u00e4r en klubb driven av ungdomar f\u00f6r ungdomar. 4H \u00e4r en ungdomsorganisation och i enlighet med det drivs Gr\u00e4nby 4H-klubb av en ungdomsstyrelse och har verksamhet f\u00f6r barn och ungdomar. En 4H-klubb kan ha i princip vilken verksamhet som helst;&nbsp; &hellip; Read more\" \/>\n<meta property=\"og:url\" content=\"https:\/\/www.4h.se\/granby\/granby-4h-klubb\/\" \/>\n<meta property=\"og:site_name\" content=\"Gr\u00e4nby 4H-g\u00e5rd\" \/>\n<meta property=\"article:modified_time\" content=\"2026-01-16T09:16:05+00:00\" \/>\n<meta name=\"twitter:card\" content=\"summary_large_image\" \/>\n<meta name=\"twitter:label1\" content=\"Ber\u00e4knad l\u00e4stid\" \/>\n\t<meta name=\"twitter:data1\" content=\"1 minut\" \/>\n<script type=\"application\/ld+json\" class=\"yoast-schema-graph\">{\"@context\":\"https:\\\/\\\/schema.org\",\"@graph\":[{\"@type\":\"WebPage\",\"@id\":\"https:\\\/\\\/www.4h.se\\\/granby\\\/granby-4h-klubb\\\/\",\"url\":\"https:\\\/\\\/www.4h.se\\\/granby\\\/granby-4h-klubb\\\/\",\"name\":\"Gr\u00e4nby 4H-klubb - Gr\u00e4nby 4H-g\u00e5rd\",\"isPartOf\":{\"@id\":\"https:\\\/\\\/www.4h.se\\\/granby\\\/#website\"},\"datePublished\":\"2019-01-14T13:43:22+00:00\",\"dateModified\":\"2026-01-16T09:16:05+00:00\",\"breadcrumb\":{\"@id\":\"https:\\\/\\\/www.4h.se\\\/granby\\\/granby-4h-klubb\\\/#breadcrumb\"},\"inLanguage\":\"sv-SE\",\"potentialAction\":[{\"@type\":\"ReadAction\",\"target\":[\"https:\\\/\\\/www.4h.se\\\/granby\\\/granby-4h-klubb\\\/\"]}]},{\"@type\":\"BreadcrumbList\",\"@id\":\"https:\\\/\\\/www.4h.se\\\/granby\\\/granby-4h-klubb\\\/#breadcrumb\",\"itemListElement\":[{\"@type\":\"ListItem\",\"position\":1,\"name\":\"Hem\",\"item\":\"https:\\\/\\\/www.4h.se\\\/granby\\\/\"},{\"@type\":\"ListItem\",\"position\":2,\"name\":\"Gr\u00e4nby 4H-klubb\"}]},{\"@type\":\"WebSite\",\"@id\":\"https:\\\/\\\/www.4h.se\\\/granby\\\/#website\",\"url\":\"https:\\\/\\\/www.4h.se\\\/granby\\\/\",\"name\":\"Gr\u00e4nby 4H-g\u00e5rd\",\"description\":\"\",\"potentialAction\":[{\"@type\":\"SearchAction\",\"target\":{\"@type\":\"EntryPoint\",\"urlTemplate\":\"https:\\\/\\\/www.4h.se\\\/granby\\\/?s={search_term_string}\"},\"query-input\":{\"@type\":\"PropertyValueSpecification\",\"valueRequired\":true,\"valueName\":\"search_term_string\"}}],\"inLanguage\":\"sv-SE\"}]}<\/script>\n<!-- \/ Yoast SEO plugin. -->","yoast_head_json":{"title":"Gr\u00e4nby 4H-klubb - Gr\u00e4nby 4H-g\u00e5rd","robots":{"index":"index","follow":"follow","max-snippet":"max-snippet:-1","max-image-preview":"max-image-preview:large","max-video-preview":"max-video-preview:-1"},"canonical":"https:\/\/www.4h.se\/granby\/granby-4h-klubb\/","og_locale":"sv_SE","og_type":"article","og_title":"Gr\u00e4nby 4H-klubb - Gr\u00e4nby 4H-g\u00e5rd","og_description":"[vc_row][vc_column width=&#8221;2\/3&#8243;][vc_column_text css=&#8221;&#8221;] Gr\u00e4nby 4H-klubb &nbsp; Gr\u00e4nby 4H-klubb har sitt s\u00e4te p\u00e5 Gr\u00e4nby 4H-g\u00e5rd och \u00e4r en klubb driven av ungdomar f\u00f6r ungdomar. 4H \u00e4r en ungdomsorganisation och i enlighet med det drivs Gr\u00e4nby 4H-klubb av en ungdomsstyrelse och har verksamhet f\u00f6r barn och ungdomar. En 4H-klubb kan ha i princip vilken verksamhet som helst;&nbsp; &hellip; Read more","og_url":"https:\/\/www.4h.se\/granby\/granby-4h-klubb\/","og_site_name":"Gr\u00e4nby 4H-g\u00e5rd","article_modified_time":"2026-01-16T09:16:05+00:00","twitter_card":"summary_large_image","twitter_misc":{"Ber\u00e4knad l\u00e4stid":"1 minut"},"schema":{"@context":"https:\/\/schema.org","@graph":[{"@type":"WebPage","@id":"https:\/\/www.4h.se\/granby\/granby-4h-klubb\/","url":"https:\/\/www.4h.se\/granby\/granby-4h-klubb\/","name":"Gr\u00e4nby 4H-klubb - Gr\u00e4nby 4H-g\u00e5rd","isPartOf":{"@id":"https:\/\/www.4h.se\/granby\/#website"},"datePublished":"2019-01-14T13:43:22+00:00","dateModified":"2026-01-16T09:16:05+00:00","breadcrumb":{"@id":"https:\/\/www.4h.se\/granby\/granby-4h-klubb\/#breadcrumb"},"inLanguage":"sv-SE","potentialAction":[{"@type":"ReadAction","target":["https:\/\/www.4h.se\/granby\/granby-4h-klubb\/"]}]},{"@type":"BreadcrumbList","@id":"https:\/\/www.4h.se\/granby\/granby-4h-klubb\/#breadcrumb","itemListElement":[{"@type":"ListItem","position":1,"name":"Hem","item":"https:\/\/www.4h.se\/granby\/"},{"@type":"ListItem","position":2,"name":"Gr\u00e4nby 4H-klubb"}]},{"@type":"WebSite","@id":"https:\/\/www.4h.se\/granby\/#website","url":"https:\/\/www.4h.se\/granby\/","name":"Gr\u00e4nby 4H-g\u00e5rd","description":"","potentialAction":[{"@type":"SearchAction","target":{"@type":"EntryPoint","urlTemplate":"https:\/\/www.4h.se\/granby\/?s={search_term_string}"},"query-input":{"@type":"PropertyValueSpecification","valueRequired":true,"valueName":"search_term_string"}}],"inLanguage":"sv-SE"}]}},"_links":{"self":[{"href":"https:\/\/www.4h.se\/granby\/wp-json\/wp\/v2\/pages\/543","targetHints":{"allow":["GET"]}}],"collection":[{"href":"https:\/\/www.4h.se\/granby\/wp-json\/wp\/v2\/pages"}],"about":[{"href":"https:\/\/www.4h.se\/granby\/wp-json\/wp\/v2\/types\/page"}],"author":[{"embeddable":true,"href":"https:\/\/www.4h.se\/granby\/wp-json\/wp\/v2\/users\/131"}],"replies":[{"embeddable":true,"href":"https:\/\/www.4h.se\/granby\/wp-json\/wp\/v2\/comments?post=543"}],"version-history":[{"count":0,"href":"https:\/\/www.4h.se\/granby\/wp-json\/wp\/v2\/pages\/543\/revisions"}],"wp:attachment":[{"href":"https:\/\/www.4h.se\/granby\/wp-json\/wp\/v2\/media?parent=543"}],"curies":[{"name":"wp","href":"https:\/\/api.w.org\/{rel}","templated":true}]}}