



{"id":541,"date":"2019-01-14T14:26:49","date_gmt":"2019-01-14T13:26:49","guid":{"rendered":"http:\/\/www.4h.se\/granby\/?page_id=541"},"modified":"2023-11-24T13:43:20","modified_gmt":"2023-11-24T12:43:20","slug":"far","status":"publish","type":"page","link":"https:\/\/www.4h.se\/granby\/far\/","title":{"rendered":"F\u00e5r"},"content":{"rendered":"<div class=\"wpb-content-wrapper\"><p>[vc_row][vc_column width=&#8221;2\/3&#8243;][vc_column_text]<\/p>\n<h1>F\u00e5r<\/h1>\n<p>&nbsp;<\/p>\n<p>V\u00e5ra f\u00e5r \u00e4r av rasen Gutef\u00e5r, en svensk lantras som h\u00e4rstammar fr\u00e5n Gotland. B\u00e5de tackorna och baggarna har horn och f\u00e4rgen varierar fr\u00e5n ljusbrun till m\u00f6rkgr\u00e5 och svart. Gutef\u00e5ren f\u00e4ller sj\u00e4lva sin ull och kan under den perioden se lite ov\u00e5rdade ut i p\u00e4lsen, g\u00e5r man i hagen kan man ibland se stora ulltussar p\u00e5 tr\u00e4d och genar d\u00e4r f\u00e5ren kliat av sig vinterp\u00e4lsen. Ibland f\u00e5r man dock hj\u00e4lpa f\u00e5ren med f\u00e4llningen s\u00e5 alla f\u00e5ren klipps \u00e5rligen.<\/p>\n<p>V\u00e5r bes\u00e4ttning best\u00e5r av ca 30 tackor. En del av tackorna g\u00e5r med bagge under h\u00f6sten och p\u00e5 v\u00e5ren f\u00f6ds det en massa lamm, varje tacka f\u00e5r 1-2 lamm. P\u00e5 vintern hittar ni f\u00e5ren i den stora ladan vid samlingslokalen och p\u00e5 sommaren betar de i v\u00e5ra hagar runt omkring g\u00e5rden.[\/vc_column_text][vc_column_text]P\u00e5 Gr\u00e4nby 4H-g\u00e5rd str\u00e4var vi efter att h\u00e5lla svenska lantraser. Lantraser \u00e4r s\u00e5dana djur som har levt i Sverige sedan urminnes tider. M\u00e5nga av lantraserna \u00e4r eller har varit utrotningshotade. 4H-g\u00e5rdar i hela Sverige \u00e4r med och f\u00f6rebygger utrotning av dessa lantraser.<\/p>\n<p><strong>P\u00e5 grund av smittorisken och att djuren kan bli sjuka av fel mat ber vi er att\u00a0inte\u00a0mata djuren, inte ens med gr\u00e4s.<\/strong><\/p>\n<p>&nbsp;[\/vc_column_text][\/vc_column][vc_column width=&#8221;1\/3&#8243;][vc_empty_space][vc_single_image image=&#8221;807&#8243; img_size=&#8221;full&#8221;][vc_single_image image=&#8221;808&#8243; img_size=&#8221;full&#8221;][\/vc_column][\/vc_row]<\/p>\n<\/div>","protected":false},"excerpt":{"rendered":"<p>[vc_row][vc_column width=&#8221;2\/3&#8243;][vc_column_text] F\u00e5r &nbsp; V\u00e5ra f\u00e5r \u00e4r av rasen Gutef\u00e5r, en svensk lantras som h\u00e4rstammar fr\u00e5n Gotland. B\u00e5de tackorna och baggarna har horn och f\u00e4rgen varierar fr\u00e5n ljusbrun till m\u00f6rkgr\u00e5 och svart. Gutef\u00e5ren f\u00e4ller sj\u00e4lva sin ull och kan under den perioden se lite ov\u00e5rdade ut i p\u00e4lsen, g\u00e5r man i hagen kan man ibland&nbsp; <a href=\"https:\/\/www.4h.se\/granby\/far\/\">&hellip; Read more <i class=\"glyphicon glyphicon-arrow-right\"><\/i><\/a><\/p>\n","protected":false},"author":131,"featured_media":0,"parent":0,"menu_order":2,"comment_status":"closed","ping_status":"closed","template":"","meta":{"footnotes":""},"class_list":["post-541","page","type-page","status-publish","hentry"],"yoast_head":"<!-- This site is optimized with the Yoast SEO plugin v27.4 - https:\/\/yoast.com\/product\/yoast-seo-wordpress\/ -->\n<title>F\u00e5r - Gr\u00e4nby 4H-g\u00e5rd<\/title>\n<meta name=\"robots\" content=\"index, follow, max-snippet:-1, max-image-preview:large, max-video-preview:-1\" \/>\n<link rel=\"canonical\" href=\"https:\/\/www.4h.se\/granby\/far\/\" \/>\n<meta property=\"og:locale\" content=\"sv_SE\" \/>\n<meta property=\"og:type\" content=\"article\" \/>\n<meta property=\"og:title\" content=\"F\u00e5r - Gr\u00e4nby 4H-g\u00e5rd\" \/>\n<meta property=\"og:description\" content=\"[vc_row][vc_column width=&#8221;2\/3&#8243;][vc_column_text] F\u00e5r &nbsp; V\u00e5ra f\u00e5r \u00e4r av rasen Gutef\u00e5r, en svensk lantras som h\u00e4rstammar fr\u00e5n Gotland. B\u00e5de tackorna och baggarna har horn och f\u00e4rgen varierar fr\u00e5n ljusbrun till m\u00f6rkgr\u00e5 och svart. Gutef\u00e5ren f\u00e4ller sj\u00e4lva sin ull och kan under den perioden se lite ov\u00e5rdade ut i p\u00e4lsen, g\u00e5r man i hagen kan man ibland&nbsp; &hellip; Read more\" \/>\n<meta property=\"og:url\" content=\"https:\/\/www.4h.se\/granby\/far\/\" \/>\n<meta property=\"og:site_name\" content=\"Gr\u00e4nby 4H-g\u00e5rd\" \/>\n<meta property=\"article:modified_time\" content=\"2023-11-24T12:43:20+00:00\" \/>\n<meta name=\"twitter:card\" content=\"summary_large_image\" \/>\n<meta name=\"twitter:label1\" content=\"Ber\u00e4knad l\u00e4stid\" \/>\n\t<meta name=\"twitter:data1\" content=\"1 minut\" \/>\n<script type=\"application\/ld+json\" class=\"yoast-schema-graph\">{\"@context\":\"https:\\\/\\\/schema.org\",\"@graph\":[{\"@type\":\"WebPage\",\"@id\":\"https:\\\/\\\/www.4h.se\\\/granby\\\/far\\\/\",\"url\":\"https:\\\/\\\/www.4h.se\\\/granby\\\/far\\\/\",\"name\":\"F\u00e5r - Gr\u00e4nby 4H-g\u00e5rd\",\"isPartOf\":{\"@id\":\"https:\\\/\\\/www.4h.se\\\/granby\\\/#website\"},\"datePublished\":\"2019-01-14T13:26:49+00:00\",\"dateModified\":\"2023-11-24T12:43:20+00:00\",\"breadcrumb\":{\"@id\":\"https:\\\/\\\/www.4h.se\\\/granby\\\/far\\\/#breadcrumb\"},\"inLanguage\":\"sv-SE\",\"potentialAction\":[{\"@type\":\"ReadAction\",\"target\":[\"https:\\\/\\\/www.4h.se\\\/granby\\\/far\\\/\"]}]},{\"@type\":\"BreadcrumbList\",\"@id\":\"https:\\\/\\\/www.4h.se\\\/granby\\\/far\\\/#breadcrumb\",\"itemListElement\":[{\"@type\":\"ListItem\",\"position\":1,\"name\":\"Hem\",\"item\":\"https:\\\/\\\/www.4h.se\\\/granby\\\/\"},{\"@type\":\"ListItem\",\"position\":2,\"name\":\"F\u00e5r\"}]},{\"@type\":\"WebSite\",\"@id\":\"https:\\\/\\\/www.4h.se\\\/granby\\\/#website\",\"url\":\"https:\\\/\\\/www.4h.se\\\/granby\\\/\",\"name\":\"Gr\u00e4nby 4H-g\u00e5rd\",\"description\":\"\",\"potentialAction\":[{\"@type\":\"SearchAction\",\"target\":{\"@type\":\"EntryPoint\",\"urlTemplate\":\"https:\\\/\\\/www.4h.se\\\/granby\\\/?s={search_term_string}\"},\"query-input\":{\"@type\":\"PropertyValueSpecification\",\"valueRequired\":true,\"valueName\":\"search_term_string\"}}],\"inLanguage\":\"sv-SE\"}]}<\/script>\n<!-- \/ Yoast SEO plugin. -->","yoast_head_json":{"title":"F\u00e5r - Gr\u00e4nby 4H-g\u00e5rd","robots":{"index":"index","follow":"follow","max-snippet":"max-snippet:-1","max-image-preview":"max-image-preview:large","max-video-preview":"max-video-preview:-1"},"canonical":"https:\/\/www.4h.se\/granby\/far\/","og_locale":"sv_SE","og_type":"article","og_title":"F\u00e5r - Gr\u00e4nby 4H-g\u00e5rd","og_description":"[vc_row][vc_column width=&#8221;2\/3&#8243;][vc_column_text] F\u00e5r &nbsp; V\u00e5ra f\u00e5r \u00e4r av rasen Gutef\u00e5r, en svensk lantras som h\u00e4rstammar fr\u00e5n Gotland. B\u00e5de tackorna och baggarna har horn och f\u00e4rgen varierar fr\u00e5n ljusbrun till m\u00f6rkgr\u00e5 och svart. Gutef\u00e5ren f\u00e4ller sj\u00e4lva sin ull och kan under den perioden se lite ov\u00e5rdade ut i p\u00e4lsen, g\u00e5r man i hagen kan man ibland&nbsp; &hellip; Read more","og_url":"https:\/\/www.4h.se\/granby\/far\/","og_site_name":"Gr\u00e4nby 4H-g\u00e5rd","article_modified_time":"2023-11-24T12:43:20+00:00","twitter_card":"summary_large_image","twitter_misc":{"Ber\u00e4knad l\u00e4stid":"1 minut"},"schema":{"@context":"https:\/\/schema.org","@graph":[{"@type":"WebPage","@id":"https:\/\/www.4h.se\/granby\/far\/","url":"https:\/\/www.4h.se\/granby\/far\/","name":"F\u00e5r - Gr\u00e4nby 4H-g\u00e5rd","isPartOf":{"@id":"https:\/\/www.4h.se\/granby\/#website"},"datePublished":"2019-01-14T13:26:49+00:00","dateModified":"2023-11-24T12:43:20+00:00","breadcrumb":{"@id":"https:\/\/www.4h.se\/granby\/far\/#breadcrumb"},"inLanguage":"sv-SE","potentialAction":[{"@type":"ReadAction","target":["https:\/\/www.4h.se\/granby\/far\/"]}]},{"@type":"BreadcrumbList","@id":"https:\/\/www.4h.se\/granby\/far\/#breadcrumb","itemListElement":[{"@type":"ListItem","position":1,"name":"Hem","item":"https:\/\/www.4h.se\/granby\/"},{"@type":"ListItem","position":2,"name":"F\u00e5r"}]},{"@type":"WebSite","@id":"https:\/\/www.4h.se\/granby\/#website","url":"https:\/\/www.4h.se\/granby\/","name":"Gr\u00e4nby 4H-g\u00e5rd","description":"","potentialAction":[{"@type":"SearchAction","target":{"@type":"EntryPoint","urlTemplate":"https:\/\/www.4h.se\/granby\/?s={search_term_string}"},"query-input":{"@type":"PropertyValueSpecification","valueRequired":true,"valueName":"search_term_string"}}],"inLanguage":"sv-SE"}]}},"_links":{"self":[{"href":"https:\/\/www.4h.se\/granby\/wp-json\/wp\/v2\/pages\/541","targetHints":{"allow":["GET"]}}],"collection":[{"href":"https:\/\/www.4h.se\/granby\/wp-json\/wp\/v2\/pages"}],"about":[{"href":"https:\/\/www.4h.se\/granby\/wp-json\/wp\/v2\/types\/page"}],"author":[{"embeddable":true,"href":"https:\/\/www.4h.se\/granby\/wp-json\/wp\/v2\/users\/131"}],"replies":[{"embeddable":true,"href":"https:\/\/www.4h.se\/granby\/wp-json\/wp\/v2\/comments?post=541"}],"version-history":[{"count":0,"href":"https:\/\/www.4h.se\/granby\/wp-json\/wp\/v2\/pages\/541\/revisions"}],"wp:attachment":[{"href":"https:\/\/www.4h.se\/granby\/wp-json\/wp\/v2\/media?parent=541"}],"curies":[{"name":"wp","href":"https:\/\/api.w.org\/{rel}","templated":true}]}}