



{"id":355,"date":"2015-12-16T23:13:52","date_gmt":"2015-12-16T22:13:52","guid":{"rendered":"http:\/\/www.4h.se\/granby\/?page_id=355"},"modified":"2025-02-04T11:39:05","modified_gmt":"2025-02-04T10:39:05","slug":"hitta-hit","status":"publish","type":"page","link":"https:\/\/www.4h.se\/granby\/hitta-hit\/","title":{"rendered":"Hitta hit"},"content":{"rendered":"<div class=\"wpb-content-wrapper\"><p>[vc_row][vc_column width=&#8221;1\/3&#8243;][vc_column_text css=&#8221;&#8221;]<\/p>\n<h1>Hitta hit<\/h1>\n<p>Gr\u00e4nby 4H-g\u00e5rd ligger i n\u00e4rheten av Gr\u00e4nbystaden och Gr\u00e4nbyparken. Hit kan man enkelt promenera fr\u00e5n omr\u00e5derna runt omkring.<\/p>\n<p>Bes\u00f6ksadressen till g\u00e5rden \u00e4r Gr\u00e4nbyv\u00e4gen 35, 754 32, Uppsala.<\/p>\n<p><strong>Koordinater:<\/strong> 59.879212374212464, 17.669396701819736.<\/p>\n<h3><strong>Bussf\u00f6rbindelser:<\/strong><\/h3>\n<p>Det g\u00e5r enkelt att ta bussar fr\u00e5n stan till Gr\u00e4nby 4H-g\u00e5rd. Det finns 3 linjer som g\u00e5r till bussh\u00e5llplatser i n\u00e4rheten av oss.<\/p>\n<p><strong>Linje 4 mot \u00c5rsta Norra via Gr\u00e4nbystaden<\/strong>: G\u00e5r fr\u00e5n A2 p\u00e5 Centralstationen, hoppa av vid\u00a0<em>&#8221;<strong>Gr\u00e4nbystaden<\/strong>&#8221;.<\/em><\/p>\n<p><strong>Linje 3 mot Nyby:<\/strong>\u00a0G\u00e5r fr\u00e5n A2 p\u00e5 Centralstationen, hoppa av vid\u00a0<em>&#8221;<strong>Lagerl\u00f6fsgatan<\/strong>&#8221;<\/em>\u00a0g\u00e5 f\u00f6rbi ishallarna och upp igenom all\u00e9n.<\/p>\n<p><strong>Linje 1 (Ringlinjen):\u00a0<\/strong>\u00a0Linjen g\u00e5r runt olika stadsdelar med start och slut vid Gr\u00e4nbystaden; Bl.a. Nyby, Luthagen, Fyrislund, \u00c5rsta, Fj\u00e4rdingen, Svartb\u00e4cken, Kvarng\u00e4rdet. Hoppa av\u00a0<em><strong>&#8221;Gr\u00e4nbystaden&#8221;<\/strong><\/em>\u00a0alt.\u00a0<strong><em>&#8221;Marknadsgatan&#8221;<\/em>.<\/strong><\/p>\n<p>L\u00e4s mer och hitta din resa p\u00e5\u00a0<span style=\"color: #00693f;\"><a style=\"color: #00693f;\" title=\"UL\" href=\"https:\/\/www.ul.se\/\" target=\"_blank\" rel=\"noopener\">UL.<\/a><\/span>[\/vc_column_text][\/vc_column][vc_column width=&#8221;1\/3&#8243;][vc_column_text]<\/p>\n<h1 style=\"margin: 15.0pt 0cm 7.5pt 0cm\">\u00d6ppettider<\/h1>\n<p style=\"margin: 15.0pt 0cm 7.5pt 0cm\">G\u00e5rden \u00e4r \u00f6ppen f\u00f6r allm\u00e4nheten alla dagar i veckan \u00e5ret om. \u00c4ven helgdagar och r\u00f6da dagar.<\/p>\n<p style=\"margin: 15.0pt 0cm 7.5pt 0cm\"><strong>Vardagar:<\/strong> Klockan 9:00 &#8211; 16:00.<\/p>\n<p style=\"margin: 15.0pt 0cm 7.5pt 0cm\"><strong>Helger\/helgdagar:<\/strong> Klockan 9:00 &#8211; 15:00.<\/p>\n<p style=\"margin: 15.0pt 0cm 7.5pt 0cm\">Det g\u00e5r bra att vistas p\u00e5 g\u00e5rden \u00e4ven utanf\u00f6r \u00f6ppettiderna, men ta h\u00e4nsyn till djuren och st\u00f6r dem inte. G\u00e5 heller inte in i n\u00e5gra hagar och mata inte djuren, inte ens med gr\u00e4s.<\/p>\n<p><span style=\"color: #00693f\"><a style=\"color: #00693f\" href=\"https:\/\/www.4h.se\/granby\/infor-ditt-besok-pa-4h-garden\/\" target=\"_blank\" rel=\"noopener\">H\u00e4r<\/a> <\/span>kan du l\u00e4sa mer om vad du b\u00f6r t\u00e4nka p\u00e5 inf\u00f6r ditt bes\u00f6k hos oss.<\/p>\n<h4 style=\"margin: 15.0pt 0cm 7.5pt 0cm\"><strong>V\u00e4lkomna!<\/strong><\/h4>\n<p>[\/vc_column_text][\/vc_column][vc_column width=&#8221;1\/3&#8243;][vc_gmaps link=&#8221;#E-8_JTNDaWZyYW1lJTIwc3JjJTNEJTIyaHR0cHMlM0ElMkYlMkZ3d3cuZ29vZ2xlLmNvbSUyRm1hcHMlMkZlbWJlZCUzRnBiJTNEJTIxMW0xOCUyMTFtMTIlMjExbTMlMjExZDI4MzEuNTczOTgwMDUyMDQ2NCUyMTJkMTcuNjY3MTQ3NzY3ODk1OTk3JTIxM2Q1OS44Nzg2MTExNjM1NjczNSUyMTJtMyUyMTFmMCUyMTJmMCUyMTNmMCUyMTNtMiUyMTFpMTAyNCUyMTJpNzY4JTIxNGYxMy4xJTIxM20zJTIxMW0yJTIxMXMweDQ2NWZjYmY3NDY0ZDNmYWYlMjUzQTB4YWE1YTQzZmFiYTRmMWJhMyUyMTJ6UjNMRHBHNWllU0EwU0Mxbnc2VnlaQSUyMTVlMCUyMTNtMiUyMTFzc3YlMjEyc3NlJTIxNHYxNTM5MzUwMzkzNDg3JTIyJTIwd2lkdGglM0QlMjI2MDAlMjIlMjBoZWlnaHQlM0QlMjI0NTAlMjIlMjBmcmFtZWJvcmRlciUzRCUyMjAlMjIlMjBzdHlsZSUzRCUyMmJvcmRlciUzQTAlMjIlMjBhbGxvd2Z1bGxzY3JlZW4lM0UlM0MlMkZpZnJhbWUlM0U=&#8221;][\/vc_column][\/vc_row]<\/p>\n<\/div>","protected":false},"excerpt":{"rendered":"<p>[vc_row][vc_column width=&#8221;1\/3&#8243;][vc_column_text css=&#8221;&#8221;] Hitta hit Gr\u00e4nby 4H-g\u00e5rd ligger i n\u00e4rheten av Gr\u00e4nbystaden och Gr\u00e4nbyparken. Hit kan man enkelt promenera fr\u00e5n omr\u00e5derna runt omkring. Bes\u00f6ksadressen till g\u00e5rden \u00e4r Gr\u00e4nbyv\u00e4gen 35, 754 32, Uppsala. Koordinater: 59.879212374212464, 17.669396701819736. Bussf\u00f6rbindelser: Det g\u00e5r enkelt att ta bussar fr\u00e5n stan till Gr\u00e4nby 4H-g\u00e5rd. Det finns 3 linjer som g\u00e5r till bussh\u00e5llplatser&nbsp; <a href=\"https:\/\/www.4h.se\/granby\/hitta-hit\/\">&hellip; Read more <i class=\"glyphicon glyphicon-arrow-right\"><\/i><\/a><\/p>\n","protected":false},"author":36,"featured_media":0,"parent":0,"menu_order":26,"comment_status":"closed","ping_status":"closed","template":"","meta":{"footnotes":""},"class_list":["post-355","page","type-page","status-publish","hentry"],"yoast_head":"<!-- This site is optimized with the Yoast SEO plugin v27.4 - https:\/\/yoast.com\/product\/yoast-seo-wordpress\/ -->\n<title>Hitta hit - Gr\u00e4nby 4H-g\u00e5rd<\/title>\n<meta name=\"robots\" content=\"index, follow, max-snippet:-1, max-image-preview:large, max-video-preview:-1\" \/>\n<link rel=\"canonical\" href=\"https:\/\/www.4h.se\/granby\/hitta-hit\/\" \/>\n<meta property=\"og:locale\" content=\"sv_SE\" \/>\n<meta property=\"og:type\" content=\"article\" \/>\n<meta property=\"og:title\" content=\"Hitta hit - Gr\u00e4nby 4H-g\u00e5rd\" \/>\n<meta property=\"og:description\" content=\"[vc_row][vc_column width=&#8221;1\/3&#8243;][vc_column_text css=&#8221;&#8221;] Hitta hit Gr\u00e4nby 4H-g\u00e5rd ligger i n\u00e4rheten av Gr\u00e4nbystaden och Gr\u00e4nbyparken. Hit kan man enkelt promenera fr\u00e5n omr\u00e5derna runt omkring. Bes\u00f6ksadressen till g\u00e5rden \u00e4r Gr\u00e4nbyv\u00e4gen 35, 754 32, Uppsala. Koordinater: 59.879212374212464, 17.669396701819736. Bussf\u00f6rbindelser: Det g\u00e5r enkelt att ta bussar fr\u00e5n stan till Gr\u00e4nby 4H-g\u00e5rd. Det finns 3 linjer som g\u00e5r till bussh\u00e5llplatser&nbsp; &hellip; Read more\" \/>\n<meta property=\"og:url\" content=\"https:\/\/www.4h.se\/granby\/hitta-hit\/\" \/>\n<meta property=\"og:site_name\" content=\"Gr\u00e4nby 4H-g\u00e5rd\" \/>\n<meta property=\"article:modified_time\" content=\"2025-02-04T10:39:05+00:00\" \/>\n<meta name=\"twitter:card\" content=\"summary_large_image\" \/>\n<meta name=\"twitter:label1\" content=\"Ber\u00e4knad l\u00e4stid\" \/>\n\t<meta name=\"twitter:data1\" content=\"2 minuter\" \/>\n<script type=\"application\/ld+json\" class=\"yoast-schema-graph\">{\"@context\":\"https:\\\/\\\/schema.org\",\"@graph\":[{\"@type\":\"WebPage\",\"@id\":\"https:\\\/\\\/www.4h.se\\\/granby\\\/hitta-hit\\\/\",\"url\":\"https:\\\/\\\/www.4h.se\\\/granby\\\/hitta-hit\\\/\",\"name\":\"Hitta hit - Gr\u00e4nby 4H-g\u00e5rd\",\"isPartOf\":{\"@id\":\"https:\\\/\\\/www.4h.se\\\/granby\\\/#website\"},\"datePublished\":\"2015-12-16T22:13:52+00:00\",\"dateModified\":\"2025-02-04T10:39:05+00:00\",\"breadcrumb\":{\"@id\":\"https:\\\/\\\/www.4h.se\\\/granby\\\/hitta-hit\\\/#breadcrumb\"},\"inLanguage\":\"sv-SE\",\"potentialAction\":[{\"@type\":\"ReadAction\",\"target\":[\"https:\\\/\\\/www.4h.se\\\/granby\\\/hitta-hit\\\/\"]}]},{\"@type\":\"BreadcrumbList\",\"@id\":\"https:\\\/\\\/www.4h.se\\\/granby\\\/hitta-hit\\\/#breadcrumb\",\"itemListElement\":[{\"@type\":\"ListItem\",\"position\":1,\"name\":\"Hem\",\"item\":\"https:\\\/\\\/www.4h.se\\\/granby\\\/\"},{\"@type\":\"ListItem\",\"position\":2,\"name\":\"Hitta hit\"}]},{\"@type\":\"WebSite\",\"@id\":\"https:\\\/\\\/www.4h.se\\\/granby\\\/#website\",\"url\":\"https:\\\/\\\/www.4h.se\\\/granby\\\/\",\"name\":\"Gr\u00e4nby 4H-g\u00e5rd\",\"description\":\"\",\"potentialAction\":[{\"@type\":\"SearchAction\",\"target\":{\"@type\":\"EntryPoint\",\"urlTemplate\":\"https:\\\/\\\/www.4h.se\\\/granby\\\/?s={search_term_string}\"},\"query-input\":{\"@type\":\"PropertyValueSpecification\",\"valueRequired\":true,\"valueName\":\"search_term_string\"}}],\"inLanguage\":\"sv-SE\"}]}<\/script>\n<!-- \/ Yoast SEO plugin. -->","yoast_head_json":{"title":"Hitta hit - Gr\u00e4nby 4H-g\u00e5rd","robots":{"index":"index","follow":"follow","max-snippet":"max-snippet:-1","max-image-preview":"max-image-preview:large","max-video-preview":"max-video-preview:-1"},"canonical":"https:\/\/www.4h.se\/granby\/hitta-hit\/","og_locale":"sv_SE","og_type":"article","og_title":"Hitta hit - Gr\u00e4nby 4H-g\u00e5rd","og_description":"[vc_row][vc_column width=&#8221;1\/3&#8243;][vc_column_text css=&#8221;&#8221;] Hitta hit Gr\u00e4nby 4H-g\u00e5rd ligger i n\u00e4rheten av Gr\u00e4nbystaden och Gr\u00e4nbyparken. Hit kan man enkelt promenera fr\u00e5n omr\u00e5derna runt omkring. Bes\u00f6ksadressen till g\u00e5rden \u00e4r Gr\u00e4nbyv\u00e4gen 35, 754 32, Uppsala. Koordinater: 59.879212374212464, 17.669396701819736. Bussf\u00f6rbindelser: Det g\u00e5r enkelt att ta bussar fr\u00e5n stan till Gr\u00e4nby 4H-g\u00e5rd. Det finns 3 linjer som g\u00e5r till bussh\u00e5llplatser&nbsp; &hellip; Read more","og_url":"https:\/\/www.4h.se\/granby\/hitta-hit\/","og_site_name":"Gr\u00e4nby 4H-g\u00e5rd","article_modified_time":"2025-02-04T10:39:05+00:00","twitter_card":"summary_large_image","twitter_misc":{"Ber\u00e4knad l\u00e4stid":"2 minuter"},"schema":{"@context":"https:\/\/schema.org","@graph":[{"@type":"WebPage","@id":"https:\/\/www.4h.se\/granby\/hitta-hit\/","url":"https:\/\/www.4h.se\/granby\/hitta-hit\/","name":"Hitta hit - Gr\u00e4nby 4H-g\u00e5rd","isPartOf":{"@id":"https:\/\/www.4h.se\/granby\/#website"},"datePublished":"2015-12-16T22:13:52+00:00","dateModified":"2025-02-04T10:39:05+00:00","breadcrumb":{"@id":"https:\/\/www.4h.se\/granby\/hitta-hit\/#breadcrumb"},"inLanguage":"sv-SE","potentialAction":[{"@type":"ReadAction","target":["https:\/\/www.4h.se\/granby\/hitta-hit\/"]}]},{"@type":"BreadcrumbList","@id":"https:\/\/www.4h.se\/granby\/hitta-hit\/#breadcrumb","itemListElement":[{"@type":"ListItem","position":1,"name":"Hem","item":"https:\/\/www.4h.se\/granby\/"},{"@type":"ListItem","position":2,"name":"Hitta hit"}]},{"@type":"WebSite","@id":"https:\/\/www.4h.se\/granby\/#website","url":"https:\/\/www.4h.se\/granby\/","name":"Gr\u00e4nby 4H-g\u00e5rd","description":"","potentialAction":[{"@type":"SearchAction","target":{"@type":"EntryPoint","urlTemplate":"https:\/\/www.4h.se\/granby\/?s={search_term_string}"},"query-input":{"@type":"PropertyValueSpecification","valueRequired":true,"valueName":"search_term_string"}}],"inLanguage":"sv-SE"}]}},"_links":{"self":[{"href":"https:\/\/www.4h.se\/granby\/wp-json\/wp\/v2\/pages\/355","targetHints":{"allow":["GET"]}}],"collection":[{"href":"https:\/\/www.4h.se\/granby\/wp-json\/wp\/v2\/pages"}],"about":[{"href":"https:\/\/www.4h.se\/granby\/wp-json\/wp\/v2\/types\/page"}],"author":[{"embeddable":true,"href":"https:\/\/www.4h.se\/granby\/wp-json\/wp\/v2\/users\/36"}],"replies":[{"embeddable":true,"href":"https:\/\/www.4h.se\/granby\/wp-json\/wp\/v2\/comments?post=355"}],"version-history":[{"count":0,"href":"https:\/\/www.4h.se\/granby\/wp-json\/wp\/v2\/pages\/355\/revisions"}],"wp:attachment":[{"href":"https:\/\/www.4h.se\/granby\/wp-json\/wp\/v2\/media?parent=355"}],"curies":[{"name":"wp","href":"https:\/\/api.w.org\/{rel}","templated":true}]}}