



{"id":339,"date":"2015-12-16T23:11:02","date_gmt":"2015-12-16T22:11:02","guid":{"rendered":"http:\/\/www.4h.se\/granby\/?page_id=339"},"modified":"2024-03-05T16:16:03","modified_gmt":"2024-03-05T15:16:03","slug":"kaniner","status":"publish","type":"page","link":"https:\/\/www.4h.se\/granby\/kaniner\/","title":{"rendered":"Kaniner"},"content":{"rendered":"<div class=\"wpb-content-wrapper\"><p>[vc_row][vc_column][vc_column_text]<\/p>\n<h1>Kaniner<\/h1>\n<p>&nbsp;<\/p>\n<p>P\u00e5 g\u00e5rden bor ett g\u00e4ng kaniner av olika raser. Vi har en handfull kaniner av rasen Gotlandskanin, det \u00e4r en svensk lantras som har h\u00e5llits som husdjur sedan 1500-talet. Gotlandskaninerna blir ganska stora och kan v\u00e4ga ca 4 kg n\u00e4r de \u00e4r vuxna. De kan ha massa olika f\u00e4rgkombinationer och b\u00e5de h\u00e4ngande och st\u00e5ende \u00f6ron.<\/p>\n<p>V\u00e5ra kaniner \u00e4r nyfikna och tycker att det \u00e4r roligt att ha m\u00e4nniskor runt sig s\u00e5 kom g\u00e4rna och h\u00e4lsa p\u00e5 dom i\u00a0kaninladan som ligger bredvid stallet.<\/p>\n<p>\u00c4r ni intresserade av att hyra kanin fr\u00e5n oss kan ni l\u00e4sa mer om det under fliken <strong>&#8221;Aktiviteter&#8221;.<\/strong>[\/vc_column_text][\/vc_column][\/vc_row][vc_row][vc_column width=&#8221;1\/2&#8243;][vc_single_image image=&#8221;565&#8243; img_size=&#8221;full&#8221;][\/vc_column][vc_column width=&#8221;1\/2&#8243;][vc_single_image image=&#8221;566&#8243; img_size=&#8221;full&#8221;][vc_column_text]<em>Foto: Mark Harris, <span style=\"color: #00693f\"><a style=\"color: #00693f\" href=\"http:\/\/frozentime.se\/\">frozentime.se<\/a>.<\/span><\/em>[\/vc_column_text][\/vc_column][\/vc_row][vc_row][vc_column][vc_column_text]<em>P\u00e5 Gr\u00e4nby 4H-g\u00e5rd str\u00e4var vi efter att h\u00e5lla svenska lantraser. Lantraser \u00e4r s\u00e5dana djur som har levt i Sverige sedan urminnes tider. M\u00e5nga av lantraserna \u00e4r eller har varit utrotningshotade. 4H-g\u00e5rdar i hela Sverige \u00e4r med och f\u00f6rebygger utrotning av dessa lantraser.<\/em><\/p>\n<p>&nbsp;<\/p>\n<h4><em>P\u00e5 grund av smittorisken och att djuren kan bli sjuka av fel mat ber vi er att\u00a0<strong>inte<\/strong>\u00a0mata djuren, inte ens med gr\u00e4s.<\/em><\/h4>\n<p>&nbsp;[\/vc_column_text][\/vc_column][\/vc_row]<\/p>\n<\/div>","protected":false},"excerpt":{"rendered":"<p>[vc_row][vc_column][vc_column_text] Kaniner &nbsp; P\u00e5 g\u00e5rden bor ett g\u00e4ng kaniner av olika raser. Vi har en handfull kaniner av rasen Gotlandskanin, det \u00e4r en svensk lantras som har h\u00e5llits som husdjur sedan 1500-talet. Gotlandskaninerna blir ganska stora och kan v\u00e4ga ca 4 kg n\u00e4r de \u00e4r vuxna. De kan ha massa olika f\u00e4rgkombinationer och b\u00e5de h\u00e4ngande&nbsp; <a href=\"https:\/\/www.4h.se\/granby\/kaniner\/\">&hellip; Read more <i class=\"glyphicon glyphicon-arrow-right\"><\/i><\/a><\/p>\n","protected":false},"author":36,"featured_media":0,"parent":0,"menu_order":29,"comment_status":"closed","ping_status":"closed","template":"","meta":{"footnotes":""},"class_list":["post-339","page","type-page","status-publish","hentry"],"yoast_head":"<!-- This site is optimized with the Yoast SEO plugin v27.4 - https:\/\/yoast.com\/product\/yoast-seo-wordpress\/ -->\n<title>Kaniner - Gr\u00e4nby 4H-g\u00e5rd<\/title>\n<meta name=\"robots\" content=\"index, follow, max-snippet:-1, max-image-preview:large, max-video-preview:-1\" \/>\n<link rel=\"canonical\" href=\"https:\/\/www.4h.se\/granby\/kaniner\/\" \/>\n<meta property=\"og:locale\" content=\"sv_SE\" \/>\n<meta property=\"og:type\" content=\"article\" \/>\n<meta property=\"og:title\" content=\"Kaniner - Gr\u00e4nby 4H-g\u00e5rd\" \/>\n<meta property=\"og:description\" content=\"[vc_row][vc_column][vc_column_text] Kaniner &nbsp; P\u00e5 g\u00e5rden bor ett g\u00e4ng kaniner av olika raser. Vi har en handfull kaniner av rasen Gotlandskanin, det \u00e4r en svensk lantras som har h\u00e5llits som husdjur sedan 1500-talet. Gotlandskaninerna blir ganska stora och kan v\u00e4ga ca 4 kg n\u00e4r de \u00e4r vuxna. De kan ha massa olika f\u00e4rgkombinationer och b\u00e5de h\u00e4ngande&nbsp; &hellip; Read more\" \/>\n<meta property=\"og:url\" content=\"https:\/\/www.4h.se\/granby\/kaniner\/\" \/>\n<meta property=\"og:site_name\" content=\"Gr\u00e4nby 4H-g\u00e5rd\" \/>\n<meta property=\"article:modified_time\" content=\"2024-03-05T15:16:03+00:00\" \/>\n<meta name=\"twitter:card\" content=\"summary_large_image\" \/>\n<meta name=\"twitter:label1\" content=\"Ber\u00e4knad l\u00e4stid\" \/>\n\t<meta name=\"twitter:data1\" content=\"1 minut\" \/>\n<script type=\"application\/ld+json\" class=\"yoast-schema-graph\">{\"@context\":\"https:\\\/\\\/schema.org\",\"@graph\":[{\"@type\":\"WebPage\",\"@id\":\"https:\\\/\\\/www.4h.se\\\/granby\\\/kaniner\\\/\",\"url\":\"https:\\\/\\\/www.4h.se\\\/granby\\\/kaniner\\\/\",\"name\":\"Kaniner - Gr\u00e4nby 4H-g\u00e5rd\",\"isPartOf\":{\"@id\":\"https:\\\/\\\/www.4h.se\\\/granby\\\/#website\"},\"datePublished\":\"2015-12-16T22:11:02+00:00\",\"dateModified\":\"2024-03-05T15:16:03+00:00\",\"breadcrumb\":{\"@id\":\"https:\\\/\\\/www.4h.se\\\/granby\\\/kaniner\\\/#breadcrumb\"},\"inLanguage\":\"sv-SE\",\"potentialAction\":[{\"@type\":\"ReadAction\",\"target\":[\"https:\\\/\\\/www.4h.se\\\/granby\\\/kaniner\\\/\"]}]},{\"@type\":\"BreadcrumbList\",\"@id\":\"https:\\\/\\\/www.4h.se\\\/granby\\\/kaniner\\\/#breadcrumb\",\"itemListElement\":[{\"@type\":\"ListItem\",\"position\":1,\"name\":\"Hem\",\"item\":\"https:\\\/\\\/www.4h.se\\\/granby\\\/\"},{\"@type\":\"ListItem\",\"position\":2,\"name\":\"Kaniner\"}]},{\"@type\":\"WebSite\",\"@id\":\"https:\\\/\\\/www.4h.se\\\/granby\\\/#website\",\"url\":\"https:\\\/\\\/www.4h.se\\\/granby\\\/\",\"name\":\"Gr\u00e4nby 4H-g\u00e5rd\",\"description\":\"\",\"potentialAction\":[{\"@type\":\"SearchAction\",\"target\":{\"@type\":\"EntryPoint\",\"urlTemplate\":\"https:\\\/\\\/www.4h.se\\\/granby\\\/?s={search_term_string}\"},\"query-input\":{\"@type\":\"PropertyValueSpecification\",\"valueRequired\":true,\"valueName\":\"search_term_string\"}}],\"inLanguage\":\"sv-SE\"}]}<\/script>\n<!-- \/ Yoast SEO plugin. -->","yoast_head_json":{"title":"Kaniner - Gr\u00e4nby 4H-g\u00e5rd","robots":{"index":"index","follow":"follow","max-snippet":"max-snippet:-1","max-image-preview":"max-image-preview:large","max-video-preview":"max-video-preview:-1"},"canonical":"https:\/\/www.4h.se\/granby\/kaniner\/","og_locale":"sv_SE","og_type":"article","og_title":"Kaniner - Gr\u00e4nby 4H-g\u00e5rd","og_description":"[vc_row][vc_column][vc_column_text] Kaniner &nbsp; P\u00e5 g\u00e5rden bor ett g\u00e4ng kaniner av olika raser. Vi har en handfull kaniner av rasen Gotlandskanin, det \u00e4r en svensk lantras som har h\u00e5llits som husdjur sedan 1500-talet. Gotlandskaninerna blir ganska stora och kan v\u00e4ga ca 4 kg n\u00e4r de \u00e4r vuxna. De kan ha massa olika f\u00e4rgkombinationer och b\u00e5de h\u00e4ngande&nbsp; &hellip; Read more","og_url":"https:\/\/www.4h.se\/granby\/kaniner\/","og_site_name":"Gr\u00e4nby 4H-g\u00e5rd","article_modified_time":"2024-03-05T15:16:03+00:00","twitter_card":"summary_large_image","twitter_misc":{"Ber\u00e4knad l\u00e4stid":"1 minut"},"schema":{"@context":"https:\/\/schema.org","@graph":[{"@type":"WebPage","@id":"https:\/\/www.4h.se\/granby\/kaniner\/","url":"https:\/\/www.4h.se\/granby\/kaniner\/","name":"Kaniner - Gr\u00e4nby 4H-g\u00e5rd","isPartOf":{"@id":"https:\/\/www.4h.se\/granby\/#website"},"datePublished":"2015-12-16T22:11:02+00:00","dateModified":"2024-03-05T15:16:03+00:00","breadcrumb":{"@id":"https:\/\/www.4h.se\/granby\/kaniner\/#breadcrumb"},"inLanguage":"sv-SE","potentialAction":[{"@type":"ReadAction","target":["https:\/\/www.4h.se\/granby\/kaniner\/"]}]},{"@type":"BreadcrumbList","@id":"https:\/\/www.4h.se\/granby\/kaniner\/#breadcrumb","itemListElement":[{"@type":"ListItem","position":1,"name":"Hem","item":"https:\/\/www.4h.se\/granby\/"},{"@type":"ListItem","position":2,"name":"Kaniner"}]},{"@type":"WebSite","@id":"https:\/\/www.4h.se\/granby\/#website","url":"https:\/\/www.4h.se\/granby\/","name":"Gr\u00e4nby 4H-g\u00e5rd","description":"","potentialAction":[{"@type":"SearchAction","target":{"@type":"EntryPoint","urlTemplate":"https:\/\/www.4h.se\/granby\/?s={search_term_string}"},"query-input":{"@type":"PropertyValueSpecification","valueRequired":true,"valueName":"search_term_string"}}],"inLanguage":"sv-SE"}]}},"_links":{"self":[{"href":"https:\/\/www.4h.se\/granby\/wp-json\/wp\/v2\/pages\/339","targetHints":{"allow":["GET"]}}],"collection":[{"href":"https:\/\/www.4h.se\/granby\/wp-json\/wp\/v2\/pages"}],"about":[{"href":"https:\/\/www.4h.se\/granby\/wp-json\/wp\/v2\/types\/page"}],"author":[{"embeddable":true,"href":"https:\/\/www.4h.se\/granby\/wp-json\/wp\/v2\/users\/36"}],"replies":[{"embeddable":true,"href":"https:\/\/www.4h.se\/granby\/wp-json\/wp\/v2\/comments?post=339"}],"version-history":[{"count":0,"href":"https:\/\/www.4h.se\/granby\/wp-json\/wp\/v2\/pages\/339\/revisions"}],"wp:attachment":[{"href":"https:\/\/www.4h.se\/granby\/wp-json\/wp\/v2\/media?parent=339"}],"curies":[{"name":"wp","href":"https:\/\/api.w.org\/{rel}","templated":true}]}}