



{"id":333,"date":"2015-12-16T23:08:29","date_gmt":"2015-12-16T22:08:29","guid":{"rendered":"http:\/\/www.4h.se\/granby\/?page_id=333"},"modified":"2023-05-22T15:22:29","modified_gmt":"2023-05-22T13:22:29","slug":"om-klubben","status":"publish","type":"page","link":"https:\/\/www.4h.se\/granby\/om-klubben\/","title":{"rendered":"Om klubben"},"content":{"rendered":"<div class=\"wpb-content-wrapper\"><p>[vc_row][vc_column][vc_column_text]Gr\u00e4nby 4h-klubb \u00e4r en ideell ungdomsverksamhet. Vi har till st\u00f6rsta del hand om h\u00e4starna och \u00e4ven barnkalas, kurser och ponnyridningar.<\/p>\n<p><strong>Vi som sitter i styrelsen:<\/strong><\/p>\n<ul>\n<li>Ellen Gl\u00f6de, Ordf\u00f6rande<\/li>\n<li>Fanny Fj\u00e4llrud, Vice ordf.<\/li>\n<li>Anette Gl\u00f6de, Kass\u00f6r<\/li>\n<li>Kajsa Lindqvist, Ledamot<\/li>\n<li>Fanny Jager,\u00a0Ledamot<\/li>\n<li>Sara Thoren, Ledamot<\/li>\n<li>Josefine Olsson,\u00a0Ledamot<\/li>\n<li>Tilda Thernstr\u00f6m, Suppleant<\/li>\n<\/ul>\n<p><strong>Om man \u00e4r sugen p\u00e5 att b\u00f6rja i klubben och vara med i h\u00e4stverksamheten s\u00e5 h\u00f6r man av sig till:<\/strong><\/p>\n<p><strong><em>granby4hklubb@hotmail.com<\/em><\/strong><\/p>\n<p>&nbsp;<\/p>\n<p>Vi svarar som fort vi kan och vill p\u00e5minna om att detta \u00e4r en ideell f\u00f6rening, vilket betyder att det kan ta n\u00e5gon dag innan svar kommer fram.[\/vc_column_text][\/vc_column][\/vc_row]<\/p>\n<\/div>","protected":false},"excerpt":{"rendered":"<p>[vc_row][vc_column][vc_column_text]Gr\u00e4nby 4h-klubb \u00e4r en ideell ungdomsverksamhet. Vi har till st\u00f6rsta del hand om h\u00e4starna och \u00e4ven barnkalas, kurser och ponnyridningar. Vi som sitter i styrelsen: Ellen Gl\u00f6de, Ordf\u00f6rande Fanny Fj\u00e4llrud, Vice ordf. Anette Gl\u00f6de, Kass\u00f6r Kajsa Lindqvist, Ledamot Fanny Jager,\u00a0Ledamot Sara Thoren, Ledamot Josefine Olsson,\u00a0Ledamot Tilda Thernstr\u00f6m, Suppleant Om man \u00e4r sugen p\u00e5 att b\u00f6rja&nbsp; <a href=\"https:\/\/www.4h.se\/granby\/om-klubben\/\">&hellip; Read more <i class=\"glyphicon glyphicon-arrow-right\"><\/i><\/a><\/p>\n","protected":false},"author":36,"featured_media":0,"parent":0,"menu_order":33,"comment_status":"closed","ping_status":"closed","template":"","meta":{"footnotes":""},"class_list":["post-333","page","type-page","status-publish","hentry"],"yoast_head":"<!-- This site is optimized with the Yoast SEO plugin v27.4 - https:\/\/yoast.com\/product\/yoast-seo-wordpress\/ -->\n<title>Om klubben - Gr\u00e4nby 4H-g\u00e5rd<\/title>\n<meta name=\"robots\" content=\"index, follow, max-snippet:-1, max-image-preview:large, max-video-preview:-1\" \/>\n<link rel=\"canonical\" href=\"https:\/\/www.4h.se\/granby\/om-klubben\/\" \/>\n<meta property=\"og:locale\" content=\"sv_SE\" \/>\n<meta property=\"og:type\" content=\"article\" \/>\n<meta property=\"og:title\" content=\"Om klubben - Gr\u00e4nby 4H-g\u00e5rd\" \/>\n<meta property=\"og:description\" content=\"[vc_row][vc_column][vc_column_text]Gr\u00e4nby 4h-klubb \u00e4r en ideell ungdomsverksamhet. Vi har till st\u00f6rsta del hand om h\u00e4starna och \u00e4ven barnkalas, kurser och ponnyridningar. Vi som sitter i styrelsen: Ellen Gl\u00f6de, Ordf\u00f6rande Fanny Fj\u00e4llrud, Vice ordf. Anette Gl\u00f6de, Kass\u00f6r Kajsa Lindqvist, Ledamot Fanny Jager,\u00a0Ledamot Sara Thoren, Ledamot Josefine Olsson,\u00a0Ledamot Tilda Thernstr\u00f6m, Suppleant Om man \u00e4r sugen p\u00e5 att b\u00f6rja&nbsp; &hellip; Read more\" \/>\n<meta property=\"og:url\" content=\"https:\/\/www.4h.se\/granby\/om-klubben\/\" \/>\n<meta property=\"og:site_name\" content=\"Gr\u00e4nby 4H-g\u00e5rd\" \/>\n<meta property=\"article:modified_time\" content=\"2023-05-22T13:22:29+00:00\" \/>\n<meta name=\"twitter:card\" content=\"summary_large_image\" \/>\n<meta name=\"twitter:label1\" content=\"Ber\u00e4knad l\u00e4stid\" \/>\n\t<meta name=\"twitter:data1\" content=\"1 minut\" \/>\n<script type=\"application\/ld+json\" class=\"yoast-schema-graph\">{\"@context\":\"https:\\\/\\\/schema.org\",\"@graph\":[{\"@type\":\"WebPage\",\"@id\":\"https:\\\/\\\/www.4h.se\\\/granby\\\/om-klubben\\\/\",\"url\":\"https:\\\/\\\/www.4h.se\\\/granby\\\/om-klubben\\\/\",\"name\":\"Om klubben - Gr\u00e4nby 4H-g\u00e5rd\",\"isPartOf\":{\"@id\":\"https:\\\/\\\/www.4h.se\\\/granby\\\/#website\"},\"datePublished\":\"2015-12-16T22:08:29+00:00\",\"dateModified\":\"2023-05-22T13:22:29+00:00\",\"breadcrumb\":{\"@id\":\"https:\\\/\\\/www.4h.se\\\/granby\\\/om-klubben\\\/#breadcrumb\"},\"inLanguage\":\"sv-SE\",\"potentialAction\":[{\"@type\":\"ReadAction\",\"target\":[\"https:\\\/\\\/www.4h.se\\\/granby\\\/om-klubben\\\/\"]}]},{\"@type\":\"BreadcrumbList\",\"@id\":\"https:\\\/\\\/www.4h.se\\\/granby\\\/om-klubben\\\/#breadcrumb\",\"itemListElement\":[{\"@type\":\"ListItem\",\"position\":1,\"name\":\"Hem\",\"item\":\"https:\\\/\\\/www.4h.se\\\/granby\\\/\"},{\"@type\":\"ListItem\",\"position\":2,\"name\":\"Om klubben\"}]},{\"@type\":\"WebSite\",\"@id\":\"https:\\\/\\\/www.4h.se\\\/granby\\\/#website\",\"url\":\"https:\\\/\\\/www.4h.se\\\/granby\\\/\",\"name\":\"Gr\u00e4nby 4H-g\u00e5rd\",\"description\":\"\",\"potentialAction\":[{\"@type\":\"SearchAction\",\"target\":{\"@type\":\"EntryPoint\",\"urlTemplate\":\"https:\\\/\\\/www.4h.se\\\/granby\\\/?s={search_term_string}\"},\"query-input\":{\"@type\":\"PropertyValueSpecification\",\"valueRequired\":true,\"valueName\":\"search_term_string\"}}],\"inLanguage\":\"sv-SE\"}]}<\/script>\n<!-- \/ Yoast SEO plugin. -->","yoast_head_json":{"title":"Om klubben - Gr\u00e4nby 4H-g\u00e5rd","robots":{"index":"index","follow":"follow","max-snippet":"max-snippet:-1","max-image-preview":"max-image-preview:large","max-video-preview":"max-video-preview:-1"},"canonical":"https:\/\/www.4h.se\/granby\/om-klubben\/","og_locale":"sv_SE","og_type":"article","og_title":"Om klubben - Gr\u00e4nby 4H-g\u00e5rd","og_description":"[vc_row][vc_column][vc_column_text]Gr\u00e4nby 4h-klubb \u00e4r en ideell ungdomsverksamhet. Vi har till st\u00f6rsta del hand om h\u00e4starna och \u00e4ven barnkalas, kurser och ponnyridningar. Vi som sitter i styrelsen: Ellen Gl\u00f6de, Ordf\u00f6rande Fanny Fj\u00e4llrud, Vice ordf. Anette Gl\u00f6de, Kass\u00f6r Kajsa Lindqvist, Ledamot Fanny Jager,\u00a0Ledamot Sara Thoren, Ledamot Josefine Olsson,\u00a0Ledamot Tilda Thernstr\u00f6m, Suppleant Om man \u00e4r sugen p\u00e5 att b\u00f6rja&nbsp; &hellip; Read more","og_url":"https:\/\/www.4h.se\/granby\/om-klubben\/","og_site_name":"Gr\u00e4nby 4H-g\u00e5rd","article_modified_time":"2023-05-22T13:22:29+00:00","twitter_card":"summary_large_image","twitter_misc":{"Ber\u00e4knad l\u00e4stid":"1 minut"},"schema":{"@context":"https:\/\/schema.org","@graph":[{"@type":"WebPage","@id":"https:\/\/www.4h.se\/granby\/om-klubben\/","url":"https:\/\/www.4h.se\/granby\/om-klubben\/","name":"Om klubben - Gr\u00e4nby 4H-g\u00e5rd","isPartOf":{"@id":"https:\/\/www.4h.se\/granby\/#website"},"datePublished":"2015-12-16T22:08:29+00:00","dateModified":"2023-05-22T13:22:29+00:00","breadcrumb":{"@id":"https:\/\/www.4h.se\/granby\/om-klubben\/#breadcrumb"},"inLanguage":"sv-SE","potentialAction":[{"@type":"ReadAction","target":["https:\/\/www.4h.se\/granby\/om-klubben\/"]}]},{"@type":"BreadcrumbList","@id":"https:\/\/www.4h.se\/granby\/om-klubben\/#breadcrumb","itemListElement":[{"@type":"ListItem","position":1,"name":"Hem","item":"https:\/\/www.4h.se\/granby\/"},{"@type":"ListItem","position":2,"name":"Om klubben"}]},{"@type":"WebSite","@id":"https:\/\/www.4h.se\/granby\/#website","url":"https:\/\/www.4h.se\/granby\/","name":"Gr\u00e4nby 4H-g\u00e5rd","description":"","potentialAction":[{"@type":"SearchAction","target":{"@type":"EntryPoint","urlTemplate":"https:\/\/www.4h.se\/granby\/?s={search_term_string}"},"query-input":{"@type":"PropertyValueSpecification","valueRequired":true,"valueName":"search_term_string"}}],"inLanguage":"sv-SE"}]}},"_links":{"self":[{"href":"https:\/\/www.4h.se\/granby\/wp-json\/wp\/v2\/pages\/333","targetHints":{"allow":["GET"]}}],"collection":[{"href":"https:\/\/www.4h.se\/granby\/wp-json\/wp\/v2\/pages"}],"about":[{"href":"https:\/\/www.4h.se\/granby\/wp-json\/wp\/v2\/types\/page"}],"author":[{"embeddable":true,"href":"https:\/\/www.4h.se\/granby\/wp-json\/wp\/v2\/users\/36"}],"replies":[{"embeddable":true,"href":"https:\/\/www.4h.se\/granby\/wp-json\/wp\/v2\/comments?post=333"}],"version-history":[{"count":0,"href":"https:\/\/www.4h.se\/granby\/wp-json\/wp\/v2\/pages\/333\/revisions"}],"wp:attachment":[{"href":"https:\/\/www.4h.se\/granby\/wp-json\/wp\/v2\/media?parent=333"}],"curies":[{"name":"wp","href":"https:\/\/api.w.org\/{rel}","templated":true}]}}