



{"id":320,"date":"2015-12-14T00:48:06","date_gmt":"2015-12-13T23:48:06","guid":{"rendered":"http:\/\/www.4h.se\/granby\/?page_id=320"},"modified":"2026-01-13T15:42:27","modified_gmt":"2026-01-13T14:42:27","slug":"hyra-lokal","status":"publish","type":"page","link":"https:\/\/www.4h.se\/granby\/aktiviteter\/hyra-lokal\/","title":{"rendered":"Hyra lokal"},"content":{"rendered":"<div class=\"wpb-content-wrapper\"><p>[vc_row][vc_column width=&#8221;1\/2&#8243;][vc_column_text css=&#8221;&#8221;]<\/p>\n<h2>Hyra Lokal<\/h2>\n<p>P\u00e5 Gr\u00e4nby 4H-g\u00e5rd finns m\u00f6jlighet att hyra v\u00e5r samlingslokal.[\/vc_column_text][vc_row_inner][vc_column_inner width=&#8221;1\/2&#8243;][vc_toggle title=&#8221;OM LOKALEN&#8221; style=&#8221;rounded&#8221; color=&#8221;peacoc&#8221; css=&#8221;&#8221;]Max antal personer: 50 personer<\/p>\n<p>Lokalen \u00e4r rustad med f\u00f6ljande:<\/p>\n<ul>\n<li>Bord och stolar<\/li>\n<li>Enklare k\u00f6k<\/li>\n<li>Kyl och frys<\/li>\n<li>Mikrov\u00e5gsugn<\/li>\n<li>Kaffebryggare<\/li>\n<li>Vattenkokare<\/li>\n<li>Ugn och spis<\/li>\n<\/ul>\n<p>Lokalen bokas om\u00f6blerad. Bord och stolar finns i anslutning till lokalen. Ni beh\u00f6ver sj\u00e4lva st\u00e4lla iordning detta (kan ske mot kostnad, kontakta oss) samt st\u00e4da undan efter avslutning.[\/vc_toggle][vc_toggle title=&#8221;BOKNINGSBARA TIDER&#8221; style=&#8221;rounded&#8221; color=&#8221;peacoc&#8221; css=&#8221;&#8221;]Lokalen kan bokas f\u00f6ljande tider:<\/p>\n<ul>\n<li>Vardagar: kl. 09 \u2013 21<\/li>\n<li>Helg: kl. 09 \u2013 21<\/li>\n<\/ul>\n<p><em>T\u00e4nk p\u00e5 att boka lokalen s\u00e5 att du inom din bokade tid hinner med f\u00f6rberedelser och st\u00e4dning av lokalen.<\/em>[\/vc_toggle][vc_toggle title=&#8221;PRIS&#8221; style=&#8221;rounded&#8221; color=&#8221;peacoc&#8221; css=&#8221;&#8221;]<strong>250 kr \/ timme.<\/strong><\/p>\n<p>Priset g\u00e4ller per varje hel p\u00e5b\u00f6rjad timme.[\/vc_toggle][\/vc_column_inner][vc_column_inner width=&#8221;1\/2&#8243;][vc_toggle title=&#8221;ALLERGIER&#8221; style=&#8221;rounded&#8221; color=&#8221;orange&#8221; css=&#8221;&#8221;]<strong>P\u00e4lsdjur<\/strong><\/p>\n<p>Husdjur \u00e4r v\u00e4lkomna att vistas i lokalen. T\u00e4nk dock p\u00e5 att detta kan medf\u00f6ra mer st\u00e4dning f\u00f6r den ansvariga som bokat.<\/p>\n<p>&nbsp;<\/p>\n<p><strong>N\u00f6tallergi<\/strong><\/p>\n<p>Vi ber er att, s\u00e5 l\u00e5ngt det \u00e4r m\u00f6jligt, undvika att hantera livsmedel med n\u00f6tter i lokalen.<\/p>\n<p>&nbsp;<\/p>\n<p>Fr\u00e5gor kring allergier, v\u00e4nligen kontakta oss.[\/vc_toggle][vc_toggle title=&#8221;BOKNINGSVILKOR&#8221; style=&#8221;rounded&#8221; color=&#8221;orange&#8221; css=&#8221;&#8221;]F\u00f6lj l\u00e4nken nedan f\u00f6r att l\u00e4sa v\u00e5ra bokningsvillkor:<\/p>\n<p><a href=\"https:\/\/www.4h.se\/granby\/wp-content\/uploads\/sites\/19\/2025\/12\/Bokningsvillkor-hyra-lokal-Granby.pdf\">Bokningsvillkor <\/a>[\/vc_toggle][vc_toggle title=&#8221;ST\u00c4DNING&#8221; style=&#8221;rounded&#8221; color=&#8221;orange&#8221; css=&#8221;&#8221;]Den som bokar ansvarar f\u00f6r att st\u00e4dning av lokalen sker efter avslutad aktivitet. T\u00e4nk p\u00e5 att ha tid f\u00f6r st\u00e4dning med i \u00e5tanke n\u00e4r du bokar lokalen.<\/p>\n<p>Beroende p\u00e5 vad ni anv\u00e4nt ska:<\/p>\n<ul>\n<li>Porslin diskas<\/li>\n<li>K\u00f6ksytor torkas av<\/li>\n<li>Bord och stolar torkas av och st\u00e4llas undan<\/li>\n<li>Sopor t\u00f6mmas (sops\u00e4cken tas med ut och t\u00f6ms i containern ner mot all\u00e9n)<\/li>\n<li>Golv dammsugas<\/li>\n<li>Golv v\u00e5ttorkas vid behov<\/li>\n<li>Toaletter ses \u00f6ver<\/li>\n<\/ul>\n<p>[\/vc_toggle][\/vc_column_inner][\/vc_row_inner][vc_row_inner][vc_column_inner][vc_btn title=&#8221;Boka lokal&#8221; style=&#8221;3d&#8221; color=&#8221;success&#8221; align=&#8221;center&#8221; i_icon_fontawesome=&#8221;fa fa-solid fa-pen-to-square&#8221; css=&#8221;&#8221; button_block=&#8221;true&#8221; add_icon=&#8221;true&#8221; link=&#8221;url:https%3A%2F%2Fwww.4h.se%2Fgranby%2Fhyra-lokal%2F&#8221;][vc_btn title=&#8221;Kontakta oss&#8221; style=&#8221;3d&#8221; color=&#8221;peacoc&#8221; align=&#8221;center&#8221; i_icon_fontawesome=&#8221;fa fa-regular fa-comments&#8221; css=&#8221;&#8221; button_block=&#8221;true&#8221; add_icon=&#8221;true&#8221; link=&#8221;url:mailto%3Aaktivitetsledare.granby%404h.se&#8221;][\/vc_column_inner][\/vc_row_inner][\/vc_column][vc_column width=&#8221;1\/2&#8243;][vc_single_image image=&#8221;1077&#8243; img_size=&#8221;400&#215;500&#8243; css=&#8221;&#8221;][\/vc_column][\/vc_row]<\/p>\n<\/div>","protected":false},"excerpt":{"rendered":"<p>[vc_row][vc_column width=&#8221;1\/2&#8243;][vc_column_text css=&#8221;&#8221;] Hyra Lokal P\u00e5 Gr\u00e4nby 4H-g\u00e5rd finns m\u00f6jlighet att hyra v\u00e5r samlingslokal.[\/vc_column_text][vc_row_inner][vc_column_inner width=&#8221;1\/2&#8243;][vc_toggle title=&#8221;OM LOKALEN&#8221; style=&#8221;rounded&#8221; color=&#8221;peacoc&#8221; css=&#8221;&#8221;]Max antal personer: 50 personer Lokalen \u00e4r rustad med f\u00f6ljande: Bord och stolar Enklare k\u00f6k Kyl och frys Mikrov\u00e5gsugn Kaffebryggare Vattenkokare Ugn och spis Lokalen bokas om\u00f6blerad. Bord och stolar finns i anslutning till lokalen. Ni&nbsp; <a href=\"https:\/\/www.4h.se\/granby\/aktiviteter\/hyra-lokal\/\">&hellip; Read more <i class=\"glyphicon glyphicon-arrow-right\"><\/i><\/a><\/p>\n","protected":false},"author":36,"featured_media":0,"parent":246,"menu_order":0,"comment_status":"closed","ping_status":"closed","template":"","meta":{"footnotes":""},"class_list":["post-320","page","type-page","status-publish","hentry"],"yoast_head":"<!-- This site is optimized with the Yoast SEO plugin v27.4 - https:\/\/yoast.com\/product\/yoast-seo-wordpress\/ -->\n<title>Hyra lokal - Gr\u00e4nby 4H-g\u00e5rd<\/title>\n<meta name=\"robots\" content=\"index, follow, max-snippet:-1, max-image-preview:large, max-video-preview:-1\" \/>\n<link rel=\"canonical\" href=\"https:\/\/www.4h.se\/granby\/aktiviteter\/hyra-lokal\/\" \/>\n<meta property=\"og:locale\" content=\"sv_SE\" \/>\n<meta property=\"og:type\" content=\"article\" \/>\n<meta property=\"og:title\" content=\"Hyra lokal - Gr\u00e4nby 4H-g\u00e5rd\" \/>\n<meta property=\"og:description\" content=\"[vc_row][vc_column width=&#8221;1\/2&#8243;][vc_column_text css=&#8221;&#8221;] Hyra Lokal P\u00e5 Gr\u00e4nby 4H-g\u00e5rd finns m\u00f6jlighet att hyra v\u00e5r samlingslokal.[\/vc_column_text][vc_row_inner][vc_column_inner width=&#8221;1\/2&#8243;][vc_toggle title=&#8221;OM LOKALEN&#8221; style=&#8221;rounded&#8221; color=&#8221;peacoc&#8221; css=&#8221;&#8221;]Max antal personer: 50 personer Lokalen \u00e4r rustad med f\u00f6ljande: Bord och stolar Enklare k\u00f6k Kyl och frys Mikrov\u00e5gsugn Kaffebryggare Vattenkokare Ugn och spis Lokalen bokas om\u00f6blerad. Bord och stolar finns i anslutning till lokalen. Ni&nbsp; &hellip; Read more\" \/>\n<meta property=\"og:url\" content=\"https:\/\/www.4h.se\/granby\/aktiviteter\/hyra-lokal\/\" \/>\n<meta property=\"og:site_name\" content=\"Gr\u00e4nby 4H-g\u00e5rd\" \/>\n<meta property=\"article:modified_time\" content=\"2026-01-13T14:42:27+00:00\" \/>\n<meta name=\"twitter:card\" content=\"summary_large_image\" \/>\n<script type=\"application\/ld+json\" class=\"yoast-schema-graph\">{\"@context\":\"https:\\\/\\\/schema.org\",\"@graph\":[{\"@type\":\"WebPage\",\"@id\":\"https:\\\/\\\/www.4h.se\\\/granby\\\/aktiviteter\\\/hyra-lokal\\\/\",\"url\":\"https:\\\/\\\/www.4h.se\\\/granby\\\/aktiviteter\\\/hyra-lokal\\\/\",\"name\":\"Hyra lokal - Gr\u00e4nby 4H-g\u00e5rd\",\"isPartOf\":{\"@id\":\"https:\\\/\\\/www.4h.se\\\/granby\\\/#website\"},\"datePublished\":\"2015-12-13T23:48:06+00:00\",\"dateModified\":\"2026-01-13T14:42:27+00:00\",\"breadcrumb\":{\"@id\":\"https:\\\/\\\/www.4h.se\\\/granby\\\/aktiviteter\\\/hyra-lokal\\\/#breadcrumb\"},\"inLanguage\":\"sv-SE\",\"potentialAction\":[{\"@type\":\"ReadAction\",\"target\":[\"https:\\\/\\\/www.4h.se\\\/granby\\\/aktiviteter\\\/hyra-lokal\\\/\"]}]},{\"@type\":\"BreadcrumbList\",\"@id\":\"https:\\\/\\\/www.4h.se\\\/granby\\\/aktiviteter\\\/hyra-lokal\\\/#breadcrumb\",\"itemListElement\":[{\"@type\":\"ListItem\",\"position\":1,\"name\":\"Hem\",\"item\":\"https:\\\/\\\/www.4h.se\\\/granby\\\/\"},{\"@type\":\"ListItem\",\"position\":2,\"name\":\"Aktiviteter\",\"item\":\"https:\\\/\\\/www.4h.se\\\/granby\\\/aktiviteter\\\/\"},{\"@type\":\"ListItem\",\"position\":3,\"name\":\"Hyra lokal\"}]},{\"@type\":\"WebSite\",\"@id\":\"https:\\\/\\\/www.4h.se\\\/granby\\\/#website\",\"url\":\"https:\\\/\\\/www.4h.se\\\/granby\\\/\",\"name\":\"Gr\u00e4nby 4H-g\u00e5rd\",\"description\":\"\",\"potentialAction\":[{\"@type\":\"SearchAction\",\"target\":{\"@type\":\"EntryPoint\",\"urlTemplate\":\"https:\\\/\\\/www.4h.se\\\/granby\\\/?s={search_term_string}\"},\"query-input\":{\"@type\":\"PropertyValueSpecification\",\"valueRequired\":true,\"valueName\":\"search_term_string\"}}],\"inLanguage\":\"sv-SE\"}]}<\/script>\n<!-- \/ Yoast SEO plugin. -->","yoast_head_json":{"title":"Hyra lokal - Gr\u00e4nby 4H-g\u00e5rd","robots":{"index":"index","follow":"follow","max-snippet":"max-snippet:-1","max-image-preview":"max-image-preview:large","max-video-preview":"max-video-preview:-1"},"canonical":"https:\/\/www.4h.se\/granby\/aktiviteter\/hyra-lokal\/","og_locale":"sv_SE","og_type":"article","og_title":"Hyra lokal - Gr\u00e4nby 4H-g\u00e5rd","og_description":"[vc_row][vc_column width=&#8221;1\/2&#8243;][vc_column_text css=&#8221;&#8221;] Hyra Lokal P\u00e5 Gr\u00e4nby 4H-g\u00e5rd finns m\u00f6jlighet att hyra v\u00e5r samlingslokal.[\/vc_column_text][vc_row_inner][vc_column_inner width=&#8221;1\/2&#8243;][vc_toggle title=&#8221;OM LOKALEN&#8221; style=&#8221;rounded&#8221; color=&#8221;peacoc&#8221; css=&#8221;&#8221;]Max antal personer: 50 personer Lokalen \u00e4r rustad med f\u00f6ljande: Bord och stolar Enklare k\u00f6k Kyl och frys Mikrov\u00e5gsugn Kaffebryggare Vattenkokare Ugn och spis Lokalen bokas om\u00f6blerad. Bord och stolar finns i anslutning till lokalen. Ni&nbsp; &hellip; Read more","og_url":"https:\/\/www.4h.se\/granby\/aktiviteter\/hyra-lokal\/","og_site_name":"Gr\u00e4nby 4H-g\u00e5rd","article_modified_time":"2026-01-13T14:42:27+00:00","twitter_card":"summary_large_image","schema":{"@context":"https:\/\/schema.org","@graph":[{"@type":"WebPage","@id":"https:\/\/www.4h.se\/granby\/aktiviteter\/hyra-lokal\/","url":"https:\/\/www.4h.se\/granby\/aktiviteter\/hyra-lokal\/","name":"Hyra lokal - Gr\u00e4nby 4H-g\u00e5rd","isPartOf":{"@id":"https:\/\/www.4h.se\/granby\/#website"},"datePublished":"2015-12-13T23:48:06+00:00","dateModified":"2026-01-13T14:42:27+00:00","breadcrumb":{"@id":"https:\/\/www.4h.se\/granby\/aktiviteter\/hyra-lokal\/#breadcrumb"},"inLanguage":"sv-SE","potentialAction":[{"@type":"ReadAction","target":["https:\/\/www.4h.se\/granby\/aktiviteter\/hyra-lokal\/"]}]},{"@type":"BreadcrumbList","@id":"https:\/\/www.4h.se\/granby\/aktiviteter\/hyra-lokal\/#breadcrumb","itemListElement":[{"@type":"ListItem","position":1,"name":"Hem","item":"https:\/\/www.4h.se\/granby\/"},{"@type":"ListItem","position":2,"name":"Aktiviteter","item":"https:\/\/www.4h.se\/granby\/aktiviteter\/"},{"@type":"ListItem","position":3,"name":"Hyra lokal"}]},{"@type":"WebSite","@id":"https:\/\/www.4h.se\/granby\/#website","url":"https:\/\/www.4h.se\/granby\/","name":"Gr\u00e4nby 4H-g\u00e5rd","description":"","potentialAction":[{"@type":"SearchAction","target":{"@type":"EntryPoint","urlTemplate":"https:\/\/www.4h.se\/granby\/?s={search_term_string}"},"query-input":{"@type":"PropertyValueSpecification","valueRequired":true,"valueName":"search_term_string"}}],"inLanguage":"sv-SE"}]}},"_links":{"self":[{"href":"https:\/\/www.4h.se\/granby\/wp-json\/wp\/v2\/pages\/320","targetHints":{"allow":["GET"]}}],"collection":[{"href":"https:\/\/www.4h.se\/granby\/wp-json\/wp\/v2\/pages"}],"about":[{"href":"https:\/\/www.4h.se\/granby\/wp-json\/wp\/v2\/types\/page"}],"author":[{"embeddable":true,"href":"https:\/\/www.4h.se\/granby\/wp-json\/wp\/v2\/users\/36"}],"replies":[{"embeddable":true,"href":"https:\/\/www.4h.se\/granby\/wp-json\/wp\/v2\/comments?post=320"}],"version-history":[{"count":0,"href":"https:\/\/www.4h.se\/granby\/wp-json\/wp\/v2\/pages\/320\/revisions"}],"up":[{"embeddable":true,"href":"https:\/\/www.4h.se\/granby\/wp-json\/wp\/v2\/pages\/246"}],"wp:attachment":[{"href":"https:\/\/www.4h.se\/granby\/wp-json\/wp\/v2\/media?parent=320"}],"curies":[{"name":"wp","href":"https:\/\/api.w.org\/{rel}","templated":true}]}}