



{"id":285,"date":"2015-10-07T09:13:53","date_gmt":"2015-10-07T07:13:53","guid":{"rendered":"http:\/\/www.4h.se\/granby\/?page_id=285"},"modified":"2023-05-22T15:22:29","modified_gmt":"2023-05-22T13:22:29","slug":"bli-medlem","status":"publish","type":"page","link":"https:\/\/www.4h.se\/granby\/bli-medlem\/","title":{"rendered":"Bli medlem"},"content":{"rendered":"<div class=\"wpb-content-wrapper\"><p>[vc_row][vc_column width=&#8221;1\/2&#8243;][vc_column_text]<\/p>\n<h1 style=\"background: white;margin: 15.0pt 0cm 7.5pt 0cm\"><span style=\"font-size: 27.0pt;font-family: 'Helvetica',sans-serif;color: #333333;font-weight: normal\"><strong>Bli medlem<\/strong>\u00a0<\/span><\/h1>\n<p style=\"line-height: 15.0pt;background: white;text-align: start;margin: 0cm 0cm 7.5pt 0cm\">F\u00f6r de flesta av v\u00e5ra aktiviteter kr\u00e4vs medlemskap f\u00f6r att man ska f\u00e5 delta, ex. l\u00e4ger och kurser.\u00a0Detta \u00e4r f\u00f6r att man ska ha en f\u00f6rs\u00e4kring under vistelsen, om n\u00e5got skulle h\u00e4nda. Medlemsavgiften ska vara betald innan aktivitetens start. Vi kontrollerar alltid att v\u00e5ra anm\u00e4lda deltagare \u00e4r medlemmar innan aktiviteten\u00a0startar.<\/p>\n<h2><strong>Vad f\u00e5r man n\u00e4r man \u00e4r medlem?<\/strong><\/h2>\n<ul>\n<li>En f\u00f6rs\u00e4kring som t\u00e4cker f\u00f6r olyckor n\u00e4r du deltar p\u00e5 aktiviteter.<\/li>\n<li>Vara med och best\u00e4mma och komma med f\u00f6rslag\u00a0p\u00e5 planeringskonferenser och \u00e5rsm\u00f6ten.<\/li>\n<li>Delta p\u00e5 v\u00e5ra aktiviteter s\u00e5 som kurser, dagl\u00e4ger och i h\u00e4stgruppen eller getgruppen.<\/li>\n<li>Rabatterat pris p\u00e5 ett urval av aktiviteter.<\/li>\n<\/ul>\n<p>Medlemskapet g\u00e4ller per kalender\u00e5r.<\/p>\n<p><strong>Kostnad<\/strong><\/p>\n<p>Upp till 25 \u00e5r &#8211; 260 kr\/\u00e5r<\/p>\n<p>26 \u00e5r+: 385 kr\/\u00e5r<\/p>\n<p>G\u00e4stmedlemskap 50 kr\/\u00e5r<\/p>\n<p>F\u00f6r vanliga fr\u00e5gor och svar, bes\u00f6k <span style=\"color: #00693f\"><a style=\"color: #00693f\" href=\"https:\/\/www.4h.se\/bli-medlem\/\" target=\"_blank\" rel=\"noopener\">Sveriges 4H:s hemsida<\/a>\u00a0<span style=\"color: #000000\">eller maila <span style=\"color: #00693f\"><a style=\"color: #00693f\" href=\"mailto:uppsala@4h.se\" target=\"_blank\" rel=\"noopener\">uppsala@4h.se<\/a><\/span>.\u00a0<\/span><\/span><\/p>\n<p>&nbsp;<\/p>\n<p><a href=\"https:\/\/www.4h.se\/granby\/wp-content\/uploads\/sites\/19\/2015\/10\/4H-antribe.jpg\"><img loading=\"lazy\" decoding=\"async\" class=\"aligncenter size-full wp-image-699\" src=\"https:\/\/www.4h.se\/granby\/wp-content\/uploads\/sites\/19\/2015\/10\/4H-antribe.jpg\" alt=\"4H antribe\" width=\"268\" height=\"91\" srcset=\"https:\/\/www.4h.se\/granby\/wp-content\/uploads\/sites\/19\/2015\/10\/4H-antribe.jpg 268w, https:\/\/www.4h.se\/granby\/wp-content\/uploads\/sites\/19\/2015\/10\/4H-antribe-170x58.jpg 170w\" sizes=\"auto, (max-width: 268px) 100vw, 268px\" \/><\/a>[\/vc_column_text][\/vc_column][vc_column width=&#8221;1\/2&#8243;][vc_column_text]<\/p>\n<h2><strong>Registrera nytt medlemskap<\/strong><\/h2>\n<p>F\u00f6lj stegen nedan f\u00f6r att bli medlem.<\/p>\n<p>1. G\u00e5 in p\u00e5\u00a0<span style=\"color: #00693f\"><strong><a style=\"color: #00693f\" href=\"https:\/\/www.antribe.com\/org\/4h\/granby-4h\" target=\"_blank\" rel=\"noopener\">https:\/\/www.antribe.com\/org\/4h\/granby-4h<\/a>.<\/strong><\/span><\/p>\n<p>2. V\u00e4lj det l\u00e4net du bor i eller d\u00e4r den klubb du vill bli medlem i befinner sig geografiskt.<\/p>\n<p>3. V\u00e4lj den klubb du vill bli medlem i och klicka p\u00e5 l\u00e4s mer. Ska du ex. g\u00e5 p\u00e5 l\u00e4ger i en klubb \u00e4r det den klubben du ska vara medlem i, \u00e4r du huvudmedlem i en annan klubb kan du f\u00f6r en liten summa bli g\u00e4stmedlem i klubben aktiviteten sker.<\/p>\n<p>4. Klicka p\u00e5 bli medlem och fyll i dina personuppgifter. Kontrollera att du fyllt i r\u00e4tt uppgifter.<\/p>\n<p>5. Om ni \u00e4r flera i familjen som ska bli medlemmar kan du l\u00e4gga till dem h\u00e4r direkt, d\u00e5 kopplas era konton ihop.<\/p>\n<p>6. V\u00e4lj om du vill ha nyhetsbrev eller inte. Vi vill s\u00e5klart g\u00e4rna kunna n\u00e5 dig med information om vad som \u00e4r p\u00e5 g\u00e5ng s\u00e5 v\u00e4lj att f\u00e5 nyhetsbrevet. Du kan alltid \u00e4ndra det sen.<\/p>\n<p>7. Tryck p\u00e5 \u201cSkapa konto och faktura\u201d. Fakturan skickas via mail till den mailadress du angivit.<\/p>\n<p>8. Betala medlemsavgiften utifr\u00e5n betalinformationen i fakturan.<\/p>\n<p>9. Varmt v\u00e4lkommen som medlem i Sveriges 4H!<\/p>\n<p>&nbsp;<\/p>\n<h2><strong>H\u00e4r kan du l\u00e4sa mer om 4H:s medlemsvillkor<\/strong><\/h2>\n<p><span style=\"color: #00693f\"><a style=\"color: #00693f\" title=\"Medlemsvillkor\" href=\"https:\/\/www.4h.se\/wp-content\/uploads\/2019\/01\/Medlemsvillkor-2019.pdf\" target=\"_blank\" rel=\"noopener\">Medlemsvillkor<\/a><\/span><\/p>\n<p><span style=\"color: #00693f\"><a style=\"color: #00693f\" href=\"https:\/\/www.4h.se\/medlemshandbok\/medlemsforsakring\/\" target=\"_blank\" rel=\"noopener\">Medlemsf\u00f6rs\u00e4kring<\/a><\/span>[\/vc_column_text][\/vc_column][\/vc_row]<\/p>\n<\/div>","protected":false},"excerpt":{"rendered":"<p>[vc_row][vc_column width=&#8221;1\/2&#8243;][vc_column_text] Bli medlem\u00a0 F\u00f6r de flesta av v\u00e5ra aktiviteter kr\u00e4vs medlemskap f\u00f6r att man ska f\u00e5 delta, ex. l\u00e4ger och kurser.\u00a0Detta \u00e4r f\u00f6r att man ska ha en f\u00f6rs\u00e4kring under vistelsen, om n\u00e5got skulle h\u00e4nda. Medlemsavgiften ska vara betald innan aktivitetens start. Vi kontrollerar alltid att v\u00e5ra anm\u00e4lda deltagare \u00e4r medlemmar innan aktiviteten\u00a0startar. Vad&nbsp; <a href=\"https:\/\/www.4h.se\/granby\/bli-medlem\/\">&hellip; Read more <i class=\"glyphicon glyphicon-arrow-right\"><\/i><\/a><\/p>\n","protected":false},"author":1,"featured_media":0,"parent":0,"menu_order":20,"comment_status":"closed","ping_status":"closed","template":"","meta":{"footnotes":""},"class_list":["post-285","page","type-page","status-publish","hentry"],"yoast_head":"<!-- This site is optimized with the Yoast SEO plugin v27.4 - https:\/\/yoast.com\/product\/yoast-seo-wordpress\/ -->\n<title>Bli medlem - Gr\u00e4nby 4H-g\u00e5rd<\/title>\n<meta name=\"robots\" content=\"index, follow, max-snippet:-1, max-image-preview:large, max-video-preview:-1\" \/>\n<link rel=\"canonical\" href=\"https:\/\/www.4h.se\/granby\/bli-medlem\/\" \/>\n<meta property=\"og:locale\" content=\"sv_SE\" \/>\n<meta property=\"og:type\" content=\"article\" \/>\n<meta property=\"og:title\" content=\"Bli medlem - Gr\u00e4nby 4H-g\u00e5rd\" \/>\n<meta property=\"og:description\" content=\"[vc_row][vc_column width=&#8221;1\/2&#8243;][vc_column_text] Bli medlem\u00a0 F\u00f6r de flesta av v\u00e5ra aktiviteter kr\u00e4vs medlemskap f\u00f6r att man ska f\u00e5 delta, ex. l\u00e4ger och kurser.\u00a0Detta \u00e4r f\u00f6r att man ska ha en f\u00f6rs\u00e4kring under vistelsen, om n\u00e5got skulle h\u00e4nda. Medlemsavgiften ska vara betald innan aktivitetens start. Vi kontrollerar alltid att v\u00e5ra anm\u00e4lda deltagare \u00e4r medlemmar innan aktiviteten\u00a0startar. Vad&nbsp; &hellip; Read more\" \/>\n<meta property=\"og:url\" content=\"https:\/\/www.4h.se\/granby\/bli-medlem\/\" \/>\n<meta property=\"og:site_name\" content=\"Gr\u00e4nby 4H-g\u00e5rd\" \/>\n<meta property=\"article:modified_time\" content=\"2023-05-22T13:22:29+00:00\" \/>\n<meta property=\"og:image\" content=\"https:\/\/www.4h.se\/granby\/wp-content\/uploads\/sites\/19\/2015\/10\/4H-antribe.jpg\" \/>\n<meta name=\"twitter:card\" content=\"summary_large_image\" \/>\n<meta name=\"twitter:label1\" content=\"Ber\u00e4knad l\u00e4stid\" \/>\n\t<meta name=\"twitter:data1\" content=\"2 minuter\" \/>\n<script type=\"application\/ld+json\" class=\"yoast-schema-graph\">{\"@context\":\"https:\\\/\\\/schema.org\",\"@graph\":[{\"@type\":\"WebPage\",\"@id\":\"https:\\\/\\\/www.4h.se\\\/granby\\\/bli-medlem\\\/\",\"url\":\"https:\\\/\\\/www.4h.se\\\/granby\\\/bli-medlem\\\/\",\"name\":\"Bli medlem - Gr\u00e4nby 4H-g\u00e5rd\",\"isPartOf\":{\"@id\":\"https:\\\/\\\/www.4h.se\\\/granby\\\/#website\"},\"primaryImageOfPage\":{\"@id\":\"https:\\\/\\\/www.4h.se\\\/granby\\\/bli-medlem\\\/#primaryimage\"},\"image\":{\"@id\":\"https:\\\/\\\/www.4h.se\\\/granby\\\/bli-medlem\\\/#primaryimage\"},\"thumbnailUrl\":\"https:\\\/\\\/www.4h.se\\\/granby\\\/wp-content\\\/uploads\\\/sites\\\/19\\\/2015\\\/10\\\/4H-antribe.jpg\",\"datePublished\":\"2015-10-07T07:13:53+00:00\",\"dateModified\":\"2023-05-22T13:22:29+00:00\",\"breadcrumb\":{\"@id\":\"https:\\\/\\\/www.4h.se\\\/granby\\\/bli-medlem\\\/#breadcrumb\"},\"inLanguage\":\"sv-SE\",\"potentialAction\":[{\"@type\":\"ReadAction\",\"target\":[\"https:\\\/\\\/www.4h.se\\\/granby\\\/bli-medlem\\\/\"]}]},{\"@type\":\"ImageObject\",\"inLanguage\":\"sv-SE\",\"@id\":\"https:\\\/\\\/www.4h.se\\\/granby\\\/bli-medlem\\\/#primaryimage\",\"url\":\"https:\\\/\\\/www.4h.se\\\/granby\\\/wp-content\\\/uploads\\\/sites\\\/19\\\/2015\\\/10\\\/4H-antribe.jpg\",\"contentUrl\":\"https:\\\/\\\/www.4h.se\\\/granby\\\/wp-content\\\/uploads\\\/sites\\\/19\\\/2015\\\/10\\\/4H-antribe.jpg\",\"width\":268,\"height\":91},{\"@type\":\"BreadcrumbList\",\"@id\":\"https:\\\/\\\/www.4h.se\\\/granby\\\/bli-medlem\\\/#breadcrumb\",\"itemListElement\":[{\"@type\":\"ListItem\",\"position\":1,\"name\":\"Hem\",\"item\":\"https:\\\/\\\/www.4h.se\\\/granby\\\/\"},{\"@type\":\"ListItem\",\"position\":2,\"name\":\"Bli medlem\"}]},{\"@type\":\"WebSite\",\"@id\":\"https:\\\/\\\/www.4h.se\\\/granby\\\/#website\",\"url\":\"https:\\\/\\\/www.4h.se\\\/granby\\\/\",\"name\":\"Gr\u00e4nby 4H-g\u00e5rd\",\"description\":\"\",\"potentialAction\":[{\"@type\":\"SearchAction\",\"target\":{\"@type\":\"EntryPoint\",\"urlTemplate\":\"https:\\\/\\\/www.4h.se\\\/granby\\\/?s={search_term_string}\"},\"query-input\":{\"@type\":\"PropertyValueSpecification\",\"valueRequired\":true,\"valueName\":\"search_term_string\"}}],\"inLanguage\":\"sv-SE\"}]}<\/script>\n<!-- \/ Yoast SEO plugin. -->","yoast_head_json":{"title":"Bli medlem - Gr\u00e4nby 4H-g\u00e5rd","robots":{"index":"index","follow":"follow","max-snippet":"max-snippet:-1","max-image-preview":"max-image-preview:large","max-video-preview":"max-video-preview:-1"},"canonical":"https:\/\/www.4h.se\/granby\/bli-medlem\/","og_locale":"sv_SE","og_type":"article","og_title":"Bli medlem - Gr\u00e4nby 4H-g\u00e5rd","og_description":"[vc_row][vc_column width=&#8221;1\/2&#8243;][vc_column_text] Bli medlem\u00a0 F\u00f6r de flesta av v\u00e5ra aktiviteter kr\u00e4vs medlemskap f\u00f6r att man ska f\u00e5 delta, ex. l\u00e4ger och kurser.\u00a0Detta \u00e4r f\u00f6r att man ska ha en f\u00f6rs\u00e4kring under vistelsen, om n\u00e5got skulle h\u00e4nda. Medlemsavgiften ska vara betald innan aktivitetens start. Vi kontrollerar alltid att v\u00e5ra anm\u00e4lda deltagare \u00e4r medlemmar innan aktiviteten\u00a0startar. Vad&nbsp; &hellip; Read more","og_url":"https:\/\/www.4h.se\/granby\/bli-medlem\/","og_site_name":"Gr\u00e4nby 4H-g\u00e5rd","article_modified_time":"2023-05-22T13:22:29+00:00","og_image":[{"url":"https:\/\/www.4h.se\/granby\/wp-content\/uploads\/sites\/19\/2015\/10\/4H-antribe.jpg","type":"","width":"","height":""}],"twitter_card":"summary_large_image","twitter_misc":{"Ber\u00e4knad l\u00e4stid":"2 minuter"},"schema":{"@context":"https:\/\/schema.org","@graph":[{"@type":"WebPage","@id":"https:\/\/www.4h.se\/granby\/bli-medlem\/","url":"https:\/\/www.4h.se\/granby\/bli-medlem\/","name":"Bli medlem - Gr\u00e4nby 4H-g\u00e5rd","isPartOf":{"@id":"https:\/\/www.4h.se\/granby\/#website"},"primaryImageOfPage":{"@id":"https:\/\/www.4h.se\/granby\/bli-medlem\/#primaryimage"},"image":{"@id":"https:\/\/www.4h.se\/granby\/bli-medlem\/#primaryimage"},"thumbnailUrl":"https:\/\/www.4h.se\/granby\/wp-content\/uploads\/sites\/19\/2015\/10\/4H-antribe.jpg","datePublished":"2015-10-07T07:13:53+00:00","dateModified":"2023-05-22T13:22:29+00:00","breadcrumb":{"@id":"https:\/\/www.4h.se\/granby\/bli-medlem\/#breadcrumb"},"inLanguage":"sv-SE","potentialAction":[{"@type":"ReadAction","target":["https:\/\/www.4h.se\/granby\/bli-medlem\/"]}]},{"@type":"ImageObject","inLanguage":"sv-SE","@id":"https:\/\/www.4h.se\/granby\/bli-medlem\/#primaryimage","url":"https:\/\/www.4h.se\/granby\/wp-content\/uploads\/sites\/19\/2015\/10\/4H-antribe.jpg","contentUrl":"https:\/\/www.4h.se\/granby\/wp-content\/uploads\/sites\/19\/2015\/10\/4H-antribe.jpg","width":268,"height":91},{"@type":"BreadcrumbList","@id":"https:\/\/www.4h.se\/granby\/bli-medlem\/#breadcrumb","itemListElement":[{"@type":"ListItem","position":1,"name":"Hem","item":"https:\/\/www.4h.se\/granby\/"},{"@type":"ListItem","position":2,"name":"Bli medlem"}]},{"@type":"WebSite","@id":"https:\/\/www.4h.se\/granby\/#website","url":"https:\/\/www.4h.se\/granby\/","name":"Gr\u00e4nby 4H-g\u00e5rd","description":"","potentialAction":[{"@type":"SearchAction","target":{"@type":"EntryPoint","urlTemplate":"https:\/\/www.4h.se\/granby\/?s={search_term_string}"},"query-input":{"@type":"PropertyValueSpecification","valueRequired":true,"valueName":"search_term_string"}}],"inLanguage":"sv-SE"}]}},"_links":{"self":[{"href":"https:\/\/www.4h.se\/granby\/wp-json\/wp\/v2\/pages\/285","targetHints":{"allow":["GET"]}}],"collection":[{"href":"https:\/\/www.4h.se\/granby\/wp-json\/wp\/v2\/pages"}],"about":[{"href":"https:\/\/www.4h.se\/granby\/wp-json\/wp\/v2\/types\/page"}],"author":[{"embeddable":true,"href":"https:\/\/www.4h.se\/granby\/wp-json\/wp\/v2\/users\/1"}],"replies":[{"embeddable":true,"href":"https:\/\/www.4h.se\/granby\/wp-json\/wp\/v2\/comments?post=285"}],"version-history":[{"count":0,"href":"https:\/\/www.4h.se\/granby\/wp-json\/wp\/v2\/pages\/285\/revisions"}],"wp:attachment":[{"href":"https:\/\/www.4h.se\/granby\/wp-json\/wp\/v2\/media?parent=285"}],"curies":[{"name":"wp","href":"https:\/\/api.w.org\/{rel}","templated":true}]}}