



{"id":1091,"date":"2026-04-13T17:23:30","date_gmt":"2026-04-13T15:23:30","guid":{"rendered":"https:\/\/www.4h.se\/granby\/?page_id=1091"},"modified":"2026-04-13T17:25:01","modified_gmt":"2026-04-13T15:25:01","slug":"bokningsforfragan-gruppbesok","status":"publish","type":"page","link":"https:\/\/www.4h.se\/granby\/bokningsforfragan-gruppbesok\/","title":{"rendered":"Bokningsf\u00f6rfr\u00e5gan &#8211; gruppbes\u00f6k"},"content":{"rendered":"<div class=\"wpb-content-wrapper\"><p>[vc_row][vc_column][vc_column_text css=&#8221;&#8221;]<\/p>\n<h2>Boka gruppbes\u00f6k<\/h2>\n<p>Fyll i formul\u00e4ret nedan och skicka in din bokningsf\u00f6rfr\u00e5gan till oss. N\u00e4r vi hunnit behandla den f\u00e5r du en bekr\u00e4ftelse via e-post.[\/vc_column_text][vc_column_text css=&#8221;&#8221;]<div class=\"frm_forms  with_frm_style frm_style_formidable-style\" id=\"frm_form_8_container\" data-token=\"43c85e0c8419843b5927f64909b28c44\">\n<form enctype=\"multipart\/form-data\" method=\"post\" class=\"frm-show-form \" id=\"form_ffh7d3\" data-token=\"43c85e0c8419843b5927f64909b28c44\">\n<div class=\"frm_form_fields \">\n<fieldset>\n<legend class=\"frm_screen_reader\">Boka gruppbes\u00f6k<\/legend>\r\n\r\n<div class=\"frm_fields_container\">\n<input type=\"hidden\" name=\"frm_action\" value=\"create\" \/>\n<input type=\"hidden\" name=\"form_id\" value=\"8\" \/>\n<input type=\"hidden\" name=\"frm_hide_fields_8\" id=\"frm_hide_fields_8\" value=\"\" \/>\n<input type=\"hidden\" name=\"form_key\" value=\"ffh7d3\" \/>\n<input type=\"hidden\" name=\"item_meta[0]\" value=\"\" \/>\n<input type=\"hidden\" id=\"frm_submit_entry_8\" name=\"frm_submit_entry_8\" value=\"58506b7602\" \/><input type=\"hidden\" name=\"_wp_http_referer\" value=\"\/granby\/wp-json\/wp\/v2\/pages\/1091\" \/><div id=\"frm_field_117_container\" class=\"frm_form_field form-field  frm_required_field frm_top_container frm6 frm_first\">\r\n\t<label for=\"field_zb9cj\" id=\"field_zb9cj_label\" class=\"frm_primary_label\">Bokare\r\n\t\t<span class=\"frm_required\" aria-hidden=\"true\">*<\/span>\r\n\t<\/label>\r\n\t<input type=\"text\" id=\"field_zb9cj\" name=\"item_meta[117]\" value=\"\"  data-reqmsg=\"Bokare kan inte vara tom.\" aria-required=\"true\" data-invmsg=\"Bokare \u00e4r ogiltigt\" aria-invalid=\"false\"   aria-describedby=\"frm_desc_field_zb9cj\"\/>\r\n\t<div class=\"frm_description\" id=\"frm_desc_field_zb9cj\">Tex, f\u00f6retag\/organisation<\/div>\r\n\t\r\n<\/div>\n<div id=\"frm_field_116_container\" class=\"frm_form_field form-field  frm_required_field frm_top_container frm6\">\r\n\t<label for=\"field_4rpt5\" id=\"field_4rpt5_label\" class=\"frm_primary_label\">Namn p\u00e5 kontaktperson\r\n\t\t<span class=\"frm_required\" aria-hidden=\"true\">*<\/span>\r\n\t<\/label>\r\n\t<input type=\"text\" id=\"field_4rpt5\" name=\"item_meta[116]\" value=\"\"  data-reqmsg=\"Namn p\u00e5 kontaktperson kan inte vara tom.\" aria-required=\"true\" data-invmsg=\"Namn p\u00e5 kontaktperson \u00e4r ogiltigt\" aria-invalid=\"false\"  \/>\r\n\t\r\n\t\r\n<\/div>\n<div id=\"frm_field_115_container\" class=\"frm_form_field form-field  frm_required_field frm_top_container frm6 frm_first\">\r\n    <label for=\"field_qm1dw\" id=\"field_qm1dw_label\" class=\"frm_primary_label\">E-post\r\n        <span class=\"frm_required\" aria-hidden=\"true\">*<\/span>\r\n    <\/label>\r\n    <input type=\"email\" id=\"field_qm1dw\" name=\"item_meta[115]\" value=\"\"  data-reqmsg=\"E-post kan inte vara tom.\" aria-required=\"true\" data-invmsg=\"E-post \u00e4r ogiltigt\" aria-invalid=\"false\"   aria-describedby=\"frm_desc_field_qm1dw\"\/>\r\n    <div class=\"frm_description\" id=\"frm_desc_field_qm1dw\">Till kontaktpersonen<\/div>\r\n    \r\n<\/div>\n<div id=\"frm_field_107_container\" class=\"frm_form_field form-field  frm_required_field frm_top_container frm6\">\r\n    <label for=\"field_h6ggc3\" id=\"field_h6ggc3_label\" class=\"frm_primary_label\">Telefon\r\n        <span class=\"frm_required\" aria-hidden=\"true\">*<\/span>\r\n    <\/label>\r\n    <input type=\"tel\" id=\"field_h6ggc3\" name=\"item_meta[107]\" value=\"\"  data-reqmsg=\"Telefon kan inte vara tom.\" aria-required=\"true\" data-invmsg=\"Telefon \u00e4r ogiltigt\" aria-invalid=\"false\" pattern=\"((\\+\\d{1,3}(-|.| )?\\(?\\d\\)?(-| |.)?\\d{1,5})|(\\(?\\d{2,6}\\)?))(-|.| )?(\\d{3,4})(-|.| )?(\\d{4})(( x| ext)\\d{1,5}){0,1}$\"   aria-describedby=\"frm_desc_field_h6ggc3\"\/>\r\n    <div class=\"frm_description\" id=\"frm_desc_field_h6ggc3\">Till kontaktpersonen<\/div>\r\n    \r\n<\/div>\n<div id=\"frm_field_120_container\" class=\"frm_form_field form-field  frm_required_field frm_top_container frm12 frm_first vertical_radio\">\r\n\t<div id=\"field_h0qfv_label\" class=\"frm_primary_label\">Vilken aktivitet \u00f6nskar ni boka?\r\n\t\t<span class=\"frm_required\" aria-hidden=\"true\">*<\/span>\r\n\t<\/div>\r\n\t<div class=\"frm_opt_container\" role=\"group\">\t\t<div class=\"frm_checkbox\" id=\"frm_checkbox_120-0\">\t\t\t<label  for=\"field_h0qfv-0\">\n\t\t\t<input type=\"checkbox\" name=\"item_meta[120][]\" id=\"field_h0qfv-0\" value=\"Djurguidning 30 minuter - 4 djurslag\"  data-reqmsg=\"Vilken aktivitet \u00f6nskar ni boka? kan inte vara tom.\" data-invmsg=\"Vilken aktivitet \u00f6nskar ni boka? \u00e4r ogiltigt\"   aria-required=\"true\"  \/> Djurguidning 30 minuter - 4 djurslag<\/label><\/div>\n\t\t<div class=\"frm_checkbox\" id=\"frm_checkbox_120-1\">\t\t\t<label  for=\"field_h0qfv-1\">\n\t\t\t<input type=\"checkbox\" name=\"item_meta[120][]\" id=\"field_h0qfv-1\" value=\"Djurguidning 1 timme - alla g\u00e5rdens djur\"  data-reqmsg=\"Vilken aktivitet \u00f6nskar ni boka? kan inte vara tom.\" data-invmsg=\"Vilken aktivitet \u00f6nskar ni boka? \u00e4r ogiltigt\"   \/> Djurguidning 1 timme - alla g\u00e5rdens djur<\/label><\/div>\n\t\t<div class=\"frm_checkbox\" id=\"frm_checkbox_120-2\">\t\t\t<label  for=\"field_h0qfv-2\">\n\t\t\t<input type=\"checkbox\" name=\"item_meta[120][]\" id=\"field_h0qfv-2\" value=\"Ponnyridning\"  data-reqmsg=\"Vilken aktivitet \u00f6nskar ni boka? kan inte vara tom.\" data-invmsg=\"Vilken aktivitet \u00f6nskar ni boka? \u00e4r ogiltigt\"   \/> Ponnyridning<\/label><\/div>\n\t\t<div class=\"frm_checkbox\" id=\"frm_checkbox_120-3\">\t\t\t<label  for=\"field_h0qfv-3\">\n\t\t\t<input type=\"checkbox\" name=\"item_meta[120][]\" id=\"field_h0qfv-3\" value=\"Kretsloppsbes\u00f6k - endast vardagar\"  data-reqmsg=\"Vilken aktivitet \u00f6nskar ni boka? kan inte vara tom.\" data-invmsg=\"Vilken aktivitet \u00f6nskar ni boka? \u00e4r ogiltigt\"   \/> Kretsloppsbes\u00f6k - endast vardagar<\/label><\/div>\n\t\t<div class=\"frm_checkbox\" id=\"frm_checkbox_120-4\">\t\t\t<label  for=\"field_h0qfv-4\">\n\t\t\t<input type=\"checkbox\" name=\"item_meta[120][]\" id=\"field_h0qfv-4\" value=\"H\u00e4st och vagn - endast vardagar\"  data-reqmsg=\"Vilken aktivitet \u00f6nskar ni boka? kan inte vara tom.\" data-invmsg=\"Vilken aktivitet \u00f6nskar ni boka? \u00e4r ogiltigt\"   \/> H\u00e4st och vagn - endast vardagar<\/label><\/div>\n<\/div>\r\n\t\r\n\t\r\n<\/div>\n<div id=\"frm_field_123_container\" class=\"frm_form_field form-field  frm_required_field frm_top_container frm6 frm_first\">\r\n    <label for=\"field_udj19\" id=\"field_udj19_label\" class=\"frm_primary_label\">\u00d6nskat datum\r\n        <span class=\"frm_required\" aria-hidden=\"true\">*<\/span>\r\n    <\/label>\r\n    <input type=\"text\" id=\"field_udj19\" name=\"item_meta[123]\" value=\"\"  data-reqmsg=\"Detta f\u00e4lt kan inte vara tomt.\" aria-required=\"true\" data-invmsg=\"Text \u00e4r ogiltigt\" aria-invalid=\"false\"   aria-describedby=\"frm_desc_field_udj19\"\/>\r\n    <div class=\"frm_description\" id=\"frm_desc_field_udj19\">\u00d6nska g\u00e4rna fler datum<\/div>\r\n    \r\n<\/div>\n<div id=\"frm_field_119_container\" class=\"frm_form_field form-field  frm_required_field frm_top_container frm6\">\r\n\t<label for=\"field_7cmfs\" id=\"field_7cmfs_label\" class=\"frm_primary_label\">\u00d6nskad tid\r\n\t\t<span class=\"frm_required\" aria-hidden=\"true\">*<\/span>\r\n\t<\/label>\r\n\t<input type=\"text\" id=\"field_7cmfs\" name=\"item_meta[119]\" value=\"\"  data-reqmsg=\"\u00d6nskad tid kan inte vara tom.\" aria-required=\"true\" data-invmsg=\"\u00d6nskad tid \u00e4r ogiltigt\" aria-invalid=\"false\"   aria-describedby=\"frm_desc_field_7cmfs\"\/>\r\n\t<div class=\"frm_description\" id=\"frm_desc_field_7cmfs\">VARDAG: Starttid mellan kl. 9.00-14.30 HELG: Starttid mellan kl. 9.00-10.30 eller 11.30-13.30<\/div>\r\n\t\r\n<\/div>\n<div id=\"frm_field_108_container\" class=\"frm_form_field form-field  frm_required_field frm_top_container frm12 frm_first\">\r\n    <label for=\"field_2jbjo3\" id=\"field_2jbjo3_label\" class=\"frm_primary_label\">Antal barn\r\n        <span class=\"frm_required\" aria-hidden=\"true\">*<\/span>\r\n    <\/label>\r\n    <input type=\"text\" id=\"field_2jbjo3\" name=\"item_meta[108]\" value=\"\"  data-reqmsg=\"Detta f\u00e4lt kan inte vara tomt.\" aria-required=\"true\" data-invmsg=\"Text \u00e4r ogiltigt\" aria-invalid=\"false\"  \/>\r\n    \r\n    \r\n<\/div>\n<div id=\"frm_field_111_container\" class=\"frm_form_field form-field  frm_required_field frm_top_container frm12 frm_first vertical_radio\">\r\n    <div id=\"field_8bbm02_label\" class=\"frm_primary_label\">Jag godtar att detta \u00e4r en f\u00f6rfr\u00e5gan och att bekr\u00e4ftelse skickas s\u00e5 fort fr\u00e5gan \u00e4r behandlad. \r\n        <span class=\"frm_required\" aria-hidden=\"true\">*<\/span>\r\n    <\/div>\r\n    <div class=\"frm_opt_container\" role=\"group\">\t\t<div class=\"frm_checkbox\" id=\"frm_checkbox_111-0\">\t\t\t<label  for=\"field_8bbm02-0\">\n\t\t\t<input type=\"checkbox\" name=\"item_meta[111][]\" id=\"field_8bbm02-0\" value=\"Ja\"  data-reqmsg=\"Detta f\u00e4lt kan inte vara tomt.\" data-invmsg=\"Jag godtar att detta \u00e4r en f\u00f6rfr\u00e5gan och att bekr\u00e4ftelse skickas s\u00e5 fort fr\u00e5gan \u00e4r behandlad.  \u00e4r ogiltigt\"   aria-required=\"true\"  \/> Ja<\/label><\/div>\n<\/div>\r\n    \r\n    \r\n<\/div>\n<div id=\"frm_field_112_container\" class=\"frm_form_field form-field  frm_top_container frm12 frm_first\">\r\n    <label for=\"field_odlnh2\" id=\"field_odlnh2_label\" class=\"frm_primary_label\">\u00d6vrig som kan vara bra att veta\r\n        <span class=\"frm_required\" aria-hidden=\"true\"><\/span>\r\n    <\/label>\r\n    <input type=\"text\" id=\"field_odlnh2\" name=\"item_meta[112]\" value=\"\"  data-invmsg=\"Text \u00e4r ogiltigt\" aria-invalid=\"false\"   aria-describedby=\"frm_desc_field_odlnh2\"\/>\r\n    <div class=\"frm_description\" id=\"frm_desc_field_odlnh2\">Tex, vilka djur ni vill tr\u00e4ffa, speciella behov mm.<\/div>\r\n    \r\n<\/div>\n<div id=\"frm_field_125_container\" class=\"frm_form_field form-field  frm_top_container frm6 frm_first\">\r\n    <label for=\"field_3nze0\" id=\"field_3nze0_label\" class=\"frm_primary_label\">Organisationsnummer\r\n        <span class=\"frm_required\" aria-hidden=\"true\"><\/span>\r\n    <\/label>\r\n    <input type=\"text\" id=\"field_3nze0\" name=\"item_meta[125]\" value=\"\"  data-invmsg=\"Text \u00e4r ogiltigt\" aria-invalid=\"false\"   aria-describedby=\"frm_desc_field_3nze0\"\/>\r\n    <div class=\"frm_description\" id=\"frm_desc_field_3nze0\">F\u00f6r f\u00f6retag\/organisation<\/div>\r\n    \r\n<\/div>\n<div id=\"frm_field_124_container\" class=\"frm_form_field form-field  frm_top_container frm6\">\r\n    <label for=\"field_bq30p\" id=\"field_bq30p_label\" class=\"frm_primary_label\">Referens\r\n        <span class=\"frm_required\" aria-hidden=\"true\"><\/span>\r\n    <\/label>\r\n    <input type=\"text\" id=\"field_bq30p\" name=\"item_meta[124]\" value=\"\"  data-invmsg=\"Text \u00e4r ogiltigt\" aria-invalid=\"false\"   aria-describedby=\"frm_desc_field_bq30p\"\/>\r\n    <div class=\"frm_description\" id=\"frm_desc_field_bq30p\">F\u00f6r f\u00f6retag\/organisation<\/div>\r\n    \r\n<\/div>\n<div id=\"frm_field_126_container\" class=\"frm_form_field form-field  frm_top_container frm6 frm_first\">\r\n\t<label for=\"field_46ztn\" id=\"field_46ztn_label\" class=\"frm_primary_label\">Fakturaadress\r\n\t\t<span class=\"frm_required\" aria-hidden=\"true\"><\/span>\r\n\t<\/label>\r\n\t<input type=\"text\" id=\"field_46ztn\" name=\"item_meta[126]\" value=\"\"  data-invmsg=\"Fakturaadress \u00e4r ogiltigt\" aria-invalid=\"false\"   aria-describedby=\"frm_desc_field_46ztn\"\/>\r\n\t<div class=\"frm_description\" id=\"frm_desc_field_46ztn\">F\u00f6r f\u00f6retag\/organisation<\/div>\r\n\t\r\n<\/div>\n<div id=\"frm_field_129_container\" class=\"frm_form_field form-field  frm_top_container frm6\">\r\n\t<label for=\"field_zr2r7\" id=\"field_zr2r7_label\" class=\"frm_primary_label\">Ska fakturan skickas p\u00e5 mail eller post?\r\n\t\t<span class=\"frm_required\" aria-hidden=\"true\"><\/span>\r\n\t<\/label>\r\n\t<input type=\"text\" id=\"field_zr2r7\" name=\"item_meta[129]\" value=\"\"  data-invmsg=\"Ska fakturan skickas p\u00e5 mail eller post? \u00e4r ogiltigt\" aria-invalid=\"false\"   aria-describedby=\"frm_desc_field_zr2r7\"\/>\r\n\t<div class=\"frm_description\" id=\"frm_desc_field_zr2r7\">Fyll i e-post eller postadress<\/div>\r\n\t\r\n<\/div>\n<div id=\"frm_field_114_container\" class=\"frm_form_field form-field \">\r\n\t<div class=\"frm_submit frm_flex\">\r\n<button class=\"frm_button_submit\" type=\"submit\" >Skicka<\/button>\r\n\r\n\r\n\r\n<\/div>\r\n<\/div>\n\t<input type=\"hidden\" name=\"item_key\" value=\"\" \/>\n\t\t\t<div id=\"frm_field_139_container\">\n\t\t\t<label for=\"field_h8ut1\" >\n\t\t\t\tOm du \u00e4r m\u00e4nsklig, l\u00e4mna det h\u00e4r f\u00e4ltet tomt.\t\t\t<\/label>\n\t\t\t<input  id=\"field_h8ut1\" type=\"text\" class=\"frm_form_field form-field frm_verify\" name=\"item_meta[139]\" value=\"\"  \/>\n\t\t<\/div>\n\t\t<input name=\"frm_state\" type=\"hidden\" value=\"YZjNVB8E3A4NHYioqwMSQCe+mjbjex0bvNUHC7EVX2s=\" \/><\/div>\n<\/fieldset>\n<\/div>\n\n<\/form>\n<\/div>\n[\/vc_column_text][\/vc_column][\/vc_row][vc_row][vc_column][\/vc_column][\/vc_row]<\/p>\n<\/div>","protected":false},"excerpt":{"rendered":"<p>[vc_row][vc_column][vc_column_text css=&#8221;&#8221;] Boka gruppbes\u00f6k Fyll i formul\u00e4ret nedan och skicka in din bokningsf\u00f6rfr\u00e5gan till oss. N\u00e4r vi hunnit behandla den f\u00e5r du en bekr\u00e4ftelse via e-post.[\/vc_column_text][vc_column_text css=&#8221;&#8221;][\/vc_column_text][\/vc_column][\/vc_row][vc_row][vc_column][\/vc_column][\/vc_row]<\/p>\n","protected":false},"author":261,"featured_media":0,"parent":0,"menu_order":0,"comment_status":"closed","ping_status":"closed","template":"","meta":{"footnotes":""},"class_list":["post-1091","page","type-page","status-publish","hentry"],"yoast_head":"<!-- This site is optimized with the Yoast SEO plugin v27.4 - https:\/\/yoast.com\/product\/yoast-seo-wordpress\/ -->\n<title>Bokningsf\u00f6rfr\u00e5gan - gruppbes\u00f6k - Gr\u00e4nby 4H-g\u00e5rd<\/title>\n<meta name=\"robots\" content=\"index, follow, max-snippet:-1, max-image-preview:large, max-video-preview:-1\" \/>\n<link rel=\"canonical\" href=\"https:\/\/www.4h.se\/granby\/bokningsforfragan-gruppbesok\/\" \/>\n<meta property=\"og:locale\" content=\"sv_SE\" \/>\n<meta property=\"og:type\" content=\"article\" \/>\n<meta property=\"og:title\" content=\"Bokningsf\u00f6rfr\u00e5gan - gruppbes\u00f6k - Gr\u00e4nby 4H-g\u00e5rd\" \/>\n<meta property=\"og:description\" content=\"[vc_row][vc_column][vc_column_text css=&#8221;&#8221;] Boka gruppbes\u00f6k Fyll i formul\u00e4ret nedan och skicka in din bokningsf\u00f6rfr\u00e5gan till oss. N\u00e4r vi hunnit behandla den f\u00e5r du en bekr\u00e4ftelse via e-post.[\/vc_column_text][vc_column_text css=&#8221;&#8221;][\/vc_column_text][\/vc_column][\/vc_row][vc_row][vc_column][\/vc_column][\/vc_row]\" \/>\n<meta property=\"og:url\" content=\"https:\/\/www.4h.se\/granby\/bokningsforfragan-gruppbesok\/\" \/>\n<meta property=\"og:site_name\" content=\"Gr\u00e4nby 4H-g\u00e5rd\" \/>\n<meta property=\"article:modified_time\" content=\"2026-04-13T15:25:01+00:00\" \/>\n<meta name=\"twitter:card\" content=\"summary_large_image\" \/>\n<script type=\"application\/ld+json\" class=\"yoast-schema-graph\">{\"@context\":\"https:\\\/\\\/schema.org\",\"@graph\":[{\"@type\":\"WebPage\",\"@id\":\"https:\\\/\\\/www.4h.se\\\/granby\\\/bokningsforfragan-gruppbesok\\\/\",\"url\":\"https:\\\/\\\/www.4h.se\\\/granby\\\/bokningsforfragan-gruppbesok\\\/\",\"name\":\"Bokningsf\u00f6rfr\u00e5gan - gruppbes\u00f6k - Gr\u00e4nby 4H-g\u00e5rd\",\"isPartOf\":{\"@id\":\"https:\\\/\\\/www.4h.se\\\/granby\\\/#website\"},\"datePublished\":\"2026-04-13T15:23:30+00:00\",\"dateModified\":\"2026-04-13T15:25:01+00:00\",\"breadcrumb\":{\"@id\":\"https:\\\/\\\/www.4h.se\\\/granby\\\/bokningsforfragan-gruppbesok\\\/#breadcrumb\"},\"inLanguage\":\"sv-SE\",\"potentialAction\":[{\"@type\":\"ReadAction\",\"target\":[\"https:\\\/\\\/www.4h.se\\\/granby\\\/bokningsforfragan-gruppbesok\\\/\"]}]},{\"@type\":\"BreadcrumbList\",\"@id\":\"https:\\\/\\\/www.4h.se\\\/granby\\\/bokningsforfragan-gruppbesok\\\/#breadcrumb\",\"itemListElement\":[{\"@type\":\"ListItem\",\"position\":1,\"name\":\"Hem\",\"item\":\"https:\\\/\\\/www.4h.se\\\/granby\\\/\"},{\"@type\":\"ListItem\",\"position\":2,\"name\":\"Bokningsf\u00f6rfr\u00e5gan &#8211; gruppbes\u00f6k\"}]},{\"@type\":\"WebSite\",\"@id\":\"https:\\\/\\\/www.4h.se\\\/granby\\\/#website\",\"url\":\"https:\\\/\\\/www.4h.se\\\/granby\\\/\",\"name\":\"Gr\u00e4nby 4H-g\u00e5rd\",\"description\":\"\",\"potentialAction\":[{\"@type\":\"SearchAction\",\"target\":{\"@type\":\"EntryPoint\",\"urlTemplate\":\"https:\\\/\\\/www.4h.se\\\/granby\\\/?s={search_term_string}\"},\"query-input\":{\"@type\":\"PropertyValueSpecification\",\"valueRequired\":true,\"valueName\":\"search_term_string\"}}],\"inLanguage\":\"sv-SE\"}]}<\/script>\n<!-- \/ Yoast SEO plugin. -->","yoast_head_json":{"title":"Bokningsf\u00f6rfr\u00e5gan - gruppbes\u00f6k - Gr\u00e4nby 4H-g\u00e5rd","robots":{"index":"index","follow":"follow","max-snippet":"max-snippet:-1","max-image-preview":"max-image-preview:large","max-video-preview":"max-video-preview:-1"},"canonical":"https:\/\/www.4h.se\/granby\/bokningsforfragan-gruppbesok\/","og_locale":"sv_SE","og_type":"article","og_title":"Bokningsf\u00f6rfr\u00e5gan - gruppbes\u00f6k - Gr\u00e4nby 4H-g\u00e5rd","og_description":"[vc_row][vc_column][vc_column_text css=&#8221;&#8221;] Boka gruppbes\u00f6k Fyll i formul\u00e4ret nedan och skicka in din bokningsf\u00f6rfr\u00e5gan till oss. N\u00e4r vi hunnit behandla den f\u00e5r du en bekr\u00e4ftelse via e-post.[\/vc_column_text][vc_column_text css=&#8221;&#8221;][\/vc_column_text][\/vc_column][\/vc_row][vc_row][vc_column][\/vc_column][\/vc_row]","og_url":"https:\/\/www.4h.se\/granby\/bokningsforfragan-gruppbesok\/","og_site_name":"Gr\u00e4nby 4H-g\u00e5rd","article_modified_time":"2026-04-13T15:25:01+00:00","twitter_card":"summary_large_image","schema":{"@context":"https:\/\/schema.org","@graph":[{"@type":"WebPage","@id":"https:\/\/www.4h.se\/granby\/bokningsforfragan-gruppbesok\/","url":"https:\/\/www.4h.se\/granby\/bokningsforfragan-gruppbesok\/","name":"Bokningsf\u00f6rfr\u00e5gan - gruppbes\u00f6k - Gr\u00e4nby 4H-g\u00e5rd","isPartOf":{"@id":"https:\/\/www.4h.se\/granby\/#website"},"datePublished":"2026-04-13T15:23:30+00:00","dateModified":"2026-04-13T15:25:01+00:00","breadcrumb":{"@id":"https:\/\/www.4h.se\/granby\/bokningsforfragan-gruppbesok\/#breadcrumb"},"inLanguage":"sv-SE","potentialAction":[{"@type":"ReadAction","target":["https:\/\/www.4h.se\/granby\/bokningsforfragan-gruppbesok\/"]}]},{"@type":"BreadcrumbList","@id":"https:\/\/www.4h.se\/granby\/bokningsforfragan-gruppbesok\/#breadcrumb","itemListElement":[{"@type":"ListItem","position":1,"name":"Hem","item":"https:\/\/www.4h.se\/granby\/"},{"@type":"ListItem","position":2,"name":"Bokningsf\u00f6rfr\u00e5gan &#8211; gruppbes\u00f6k"}]},{"@type":"WebSite","@id":"https:\/\/www.4h.se\/granby\/#website","url":"https:\/\/www.4h.se\/granby\/","name":"Gr\u00e4nby 4H-g\u00e5rd","description":"","potentialAction":[{"@type":"SearchAction","target":{"@type":"EntryPoint","urlTemplate":"https:\/\/www.4h.se\/granby\/?s={search_term_string}"},"query-input":{"@type":"PropertyValueSpecification","valueRequired":true,"valueName":"search_term_string"}}],"inLanguage":"sv-SE"}]}},"_links":{"self":[{"href":"https:\/\/www.4h.se\/granby\/wp-json\/wp\/v2\/pages\/1091","targetHints":{"allow":["GET"]}}],"collection":[{"href":"https:\/\/www.4h.se\/granby\/wp-json\/wp\/v2\/pages"}],"about":[{"href":"https:\/\/www.4h.se\/granby\/wp-json\/wp\/v2\/types\/page"}],"author":[{"embeddable":true,"href":"https:\/\/www.4h.se\/granby\/wp-json\/wp\/v2\/users\/261"}],"replies":[{"embeddable":true,"href":"https:\/\/www.4h.se\/granby\/wp-json\/wp\/v2\/comments?post=1091"}],"version-history":[{"count":0,"href":"https:\/\/www.4h.se\/granby\/wp-json\/wp\/v2\/pages\/1091\/revisions"}],"wp:attachment":[{"href":"https:\/\/www.4h.se\/granby\/wp-json\/wp\/v2\/media?parent=1091"}],"curies":[{"name":"wp","href":"https:\/\/api.w.org\/{rel}","templated":true}]}}