



{"id":1086,"date":"2026-03-19T11:45:24","date_gmt":"2026-03-19T10:45:24","guid":{"rendered":"https:\/\/www.4h.se\/granby\/?page_id=1086"},"modified":"2026-03-19T11:46:09","modified_gmt":"2026-03-19T10:46:09","slug":"bokningsforfragan-hyra-kanin","status":"publish","type":"page","link":"https:\/\/www.4h.se\/granby\/bokningsforfragan-hyra-kanin\/","title":{"rendered":"Bokningsf\u00f6rfr\u00e5gan &#8211; Hyra kanin"},"content":{"rendered":"<div class=\"wpb-content-wrapper\"><p>[vc_row][vc_column][vc_column_text]<div class=\"frm_forms  with_frm_style frm_style_formidable-style\" id=\"frm_form_7_container\" >\n<form enctype=\"multipart\/form-data\" method=\"post\" class=\"frm-show-form \" id=\"form_207tw\" >\n<div class=\"frm_form_fields \">\n<fieldset>\n<legend class=\"frm_hidden\">Hyra kanin - bokningsf\u00f6rfr\u00e5gan<\/legend>\r\n\r\n<div class=\"frm_fields_container\">\n<input type=\"hidden\" name=\"frm_action\" value=\"create\" \/>\n<input type=\"hidden\" name=\"form_id\" value=\"7\" \/>\n<input type=\"hidden\" name=\"frm_hide_fields_7\" id=\"frm_hide_fields_7\" value=\"\" \/>\n<input type=\"hidden\" name=\"form_key\" value=\"207tw\" \/>\n<input type=\"hidden\" name=\"item_meta[0]\" value=\"\" \/>\n<input type=\"hidden\" id=\"frm_submit_entry_7\" name=\"frm_submit_entry_7\" value=\"4894d1458b\" \/><input type=\"hidden\" name=\"_wp_http_referer\" value=\"\/granby\/wp-json\/wp\/v2\/pages\/1086\" \/><div id=\"frm_field_90_container\" class=\"frm_form_field form-field  frm_required_field frm_top_container frm12 frm_first\">\r\n    <label for=\"field_j58fh\" class=\"frm_primary_label\">Ditt namn\r\n        <span class=\"frm_required\">*<\/span>\r\n    <\/label>\r\n    <input type=\"text\" id=\"field_j58fh\" name=\"item_meta[90]\" value=\"\"  data-reqmsg=\"Detta f\u00e4lt kan inte vara tomt.\" aria-required=\"true\" data-invmsg=\"Ditt namn \u00e4r ogiltigt\" aria-invalid=\"false\"   aria-describedby=\"frm_desc_field_j58fh\"\/>\r\n    <div id=\"frm_desc_field_j58fh\" class=\"frm_description\">F\u00f6r- och efternamn p\u00e5 ansvarig myndig person. <\/div>\r\n    \r\n<\/div>\n<div id=\"frm_field_92_container\" class=\"frm_form_field form-field  frm_required_field frm_top_container frm6 frm_first\">\r\n    <label for=\"field_flrfe\" class=\"frm_primary_label\">E-postadress\r\n        <span class=\"frm_required\">*<\/span>\r\n    <\/label>\r\n    <input type=\"email\" id=\"field_flrfe\" name=\"item_meta[92]\" value=\"\"  data-reqmsg=\"Detta f\u00e4lt kan inte vara tomt.\" aria-required=\"true\" data-invmsg=\"E-postadress \u00e4r ogiltigt\" aria-invalid=\"false\"   aria-describedby=\"frm_desc_field_flrfe\"\/>\r\n    <div id=\"frm_desc_field_flrfe\" class=\"frm_description\">Kontrollera att angiven e-postadress st\u00e4mmer.<\/div>\r\n    \r\n<\/div>\n<div id=\"frm_field_93_container\" class=\"frm_form_field form-field  frm_required_field frm_top_container frm6\">\r\n    <label for=\"field_k8csa\" class=\"frm_primary_label\">Telefonnummer\r\n        <span class=\"frm_required\">*<\/span>\r\n    <\/label>\r\n    <input type=\"text\" id=\"field_k8csa\" name=\"item_meta[93]\" value=\"\"  data-reqmsg=\"Detta f\u00e4lt kan inte vara tomt.\" aria-required=\"true\" data-invmsg=\"Telefon.nr \u00e4r ogiltigt\" aria-invalid=\"false\"  \/>\r\n    \r\n    \r\n<\/div>\n<div id=\"frm_field_94_container\" class=\"frm_form_field form-field  frm_required_field frm_top_container frm6 frm_first\">\r\n    <label for=\"field_du0uu\" class=\"frm_primary_label\">\u00d6nskar hyra fr.o.m.\r\n        <span class=\"frm_required\">*<\/span>\r\n    <\/label>\r\n    <input type=\"text\" id=\"field_du0uu\" name=\"item_meta[94]\" value=\"\"  data-reqmsg=\"Detta f\u00e4lt kan inte vara tomt.\" aria-required=\"true\" data-invmsg=\"\u00d6nskar hyra fr.o.m. OBS M\u00e5ste vara en vardag Kl. 9-15.30 \u00e4r ogiltigt\" aria-invalid=\"false\"   aria-describedby=\"frm_desc_field_du0uu\"\/>\r\n    <div id=\"frm_desc_field_du0uu\" class=\"frm_description\">Fyll i det datum du \u00f6nskar h\u00e4mta kaninerna.\r\nOBS! Det m\u00e5ste vara en vardag.<\/div>\r\n    \r\n<\/div>\n<div id=\"frm_field_95_container\" class=\"frm_form_field form-field  frm_required_field frm_top_container frm6\">\r\n    <label for=\"field_worto\" class=\"frm_primary_label\">\u00d6nskar hyra t.o.m.\r\n        <span class=\"frm_required\">*<\/span>\r\n    <\/label>\r\n    <input type=\"text\" id=\"field_worto\" name=\"item_meta[95]\" value=\"\"  data-reqmsg=\"Detta f\u00e4lt kan inte vara tomt.\" aria-required=\"true\" data-invmsg=\"\u00d6nskar hyra t.o.m. \u00e4r ogiltigt\" aria-invalid=\"false\"   aria-describedby=\"frm_desc_field_worto\"\/>\r\n    <div id=\"frm_desc_field_worto\" class=\"frm_description\">Fyll i det datum du \u00f6nskar \u00e5terl\u00e4mna kaninerna.<\/div>\r\n    \r\n<\/div>\n<div id=\"frm_field_91_container\" class=\"frm_form_field form-field  frm_required_field frm_top_container frm6 frm_first\">\r\n    <label for=\"field_hpobu\" id=\"field_hpobu_label\" class=\"frm_primary_label\">Ska kanin bo utomhus eller innomhus?\r\n        <span class=\"frm_required\" aria-hidden=\"true\">*<\/span>\r\n    <\/label>\r\n    <input type=\"text\" id=\"field_hpobu\" name=\"item_meta[91]\" value=\"\"  data-reqmsg=\"Ska kanin bo utomhus eller innomhus? kan inte vara tom.\" aria-required=\"true\" data-invmsg=\"Text \u00e4r ogiltigt\" aria-invalid=\"false\"   aria-describedby=\"frm_desc_field_hpobu\"\/>\r\n    <div class=\"frm_description\" id=\"frm_desc_field_hpobu\">Obs! Kaninerna m\u00e5ste bo utomhus under oktober - april pga temperaturskillnaden d\u00e5 de \u00e4r utekaniner. <\/div>\r\n    \r\n<\/div>\n<div id=\"frm_field_99_container\" class=\"frm_form_field form-field  frm_top_container frm6\">\n\t<label for=\"field_oca10\" id=\"field_oca10_label\" class=\"frm_primary_label\">Vill ni hyra till kompostgaller?\n\t\t<span class=\"frm_required\" aria-hidden=\"true\"><\/span>\n\t<\/label>\n\t<input type=\"text\" id=\"field_oca10\" name=\"item_meta[99]\" value=\"\"  data-invmsg=\"Vill ni hyra till kompostgaller? \u00e4r ogiltigt\" aria-invalid=\"false\"   aria-describedby=\"frm_desc_field_oca10\"\/>\n\t<div class=\"frm_description\" id=\"frm_desc_field_oca10\">Det tillkommer en kostnad om 200kr.<\/div>\n\t\n<\/div>\n<div id=\"frm_field_101_container\" class=\"frm_form_field form-field  frm_top_container vertical_radio\">\n\t<div id=\"field_w6y20_label\" class=\"frm_primary_label\">Jag f\u00f6rst\u00e5r att jag m\u00e5ste tillhandah\u00e5lla ett sl\u00e4p f\u00f6r transport av bur.\n\t\t<span class=\"frm_required\" aria-hidden=\"true\"><\/span>\n\t<\/div>\n\t<div class=\"frm_opt_container\" role=\"group\">\t\t<div class=\"frm_checkbox\" id=\"frm_checkbox_101-0\">\t\t\t<label  for=\"field_w6y20-0\">\n\t\t\t<input type=\"checkbox\" name=\"item_meta[101][]\" id=\"field_w6y20-0\" value=\"Ja\"  data-invmsg=\"Jag f\u00f6rst\u00e5r att jag m\u00e5ste tillhandah\u00e5lla ett sl\u00e4p f\u00f6r transport av bur. \u00e4r ogiltigt\"   \/> Ja<\/label><\/div>\n<\/div>\n\t\n\t\n<\/div>\n<div id=\"frm_field_96_container\" class=\"frm_form_field form-field  frm_top_container\">\r\n    <label for=\"field_w6xbf\" class=\"frm_primary_label\">\u00d6vrig kommentar\r\n        <span class=\"frm_required\"><\/span>\r\n    <\/label>\r\n    <textarea name=\"item_meta[96]\" id=\"field_w6xbf\" rows=\"5\"  data-invmsg=\"\u00d6vrig kommentar \u00e4r ogiltigt\" aria-invalid=\"false\"   aria-describedby=\"frm_desc_field_w6xbf\"><\/textarea>\r\n    <div id=\"frm_desc_field_w6xbf\" class=\"frm_description\">H\u00e4r kan du fylla i om det \u00e4r n\u00e5got mer du \u00f6nskar f\u00f6rmedla, t.ex \u00f6nskem\u00e5l om s\u00e4rskilt kaninpar.<\/div>\r\n    \r\n<\/div>\n<div id=\"frm_field_97_container\" class=\"frm_form_field form-field  frm_required_field frm_top_container\">\r\n    <label for=\"field_77upg\" class=\"frm_primary_label\">Summa f\u00f6r hyrperioden\r\n        <span class=\"frm_required\">*<\/span>\r\n    <\/label>\r\n    <input type=\"text\" id=\"field_77upg\" name=\"item_meta[97]\" value=\"\"  data-reqmsg=\"Detta f\u00e4lt kan inte vara tomt.\" aria-required=\"true\" data-invmsg=\"Summa f\u00f6r hyrperioden \u00e4r ogiltigt\" aria-invalid=\"false\"   aria-describedby=\"frm_desc_field_77upg\"\/>\r\n    <div id=\"frm_desc_field_77upg\" class=\"frm_description\">Se prisuppgift p\u00e5 den h\u00e4r sidan. R\u00e4kna samman summan f\u00f6r din \u00f6nskade hyresperiod. Vi kontrollerar sedan summan innan bekr\u00e4ftelse skickas. <\/div>\r\n    \r\n<\/div>\n<div id=\"frm_field_100_container\" class=\"frm_form_field form-field \">\n\t<div class=\"frm_submit\">\r\n\r\n<button class=\"frm_button_submit\" type=\"submit\" >Skicka<\/button>\r\n\r\n<\/div>\n<\/div>\n\t<input type=\"hidden\" name=\"item_key\" value=\"\" \/>\n\t\t\t<div id=\"frm_field_139_container\">\n\t\t\t<label for=\"field_cors3\" >\n\t\t\t\tOm du \u00e4r m\u00e4nsklig, l\u00e4mna det h\u00e4r f\u00e4ltet tomt.\t\t\t<\/label>\n\t\t\t<input  id=\"field_cors3\" type=\"text\" class=\"frm_form_field form-field frm_verify\" name=\"item_meta[139]\" value=\"\"  \/>\n\t\t<\/div>\n\t\t<input name=\"frm_state\" type=\"hidden\" value=\"YZjNVB8E3A4NHYioqwMSQCe+mjbjex0bvNUHC7EVX2s=\" \/><\/div>\n<\/fieldset>\n<\/div>\n\n<\/form>\n<\/div>\n[\/vc_column_text][\/vc_column][\/vc_row]<\/p>\n<\/div>","protected":false},"excerpt":{"rendered":"<p>[vc_row][vc_column][vc_column_text][\/vc_column_text][\/vc_column][\/vc_row]<\/p>\n","protected":false},"author":211,"featured_media":0,"parent":0,"menu_order":0,"comment_status":"closed","ping_status":"closed","template":"","meta":{"footnotes":""},"class_list":["post-1086","page","type-page","status-publish","hentry"],"yoast_head":"<!-- This site is optimized with the Yoast SEO plugin v27.4 - https:\/\/yoast.com\/product\/yoast-seo-wordpress\/ -->\n<title>Bokningsf\u00f6rfr\u00e5gan - Hyra kanin - Gr\u00e4nby 4H-g\u00e5rd<\/title>\n<meta name=\"robots\" content=\"index, follow, max-snippet:-1, max-image-preview:large, max-video-preview:-1\" \/>\n<link rel=\"canonical\" href=\"https:\/\/www.4h.se\/granby\/bokningsforfragan-hyra-kanin\/\" \/>\n<meta property=\"og:locale\" content=\"sv_SE\" \/>\n<meta property=\"og:type\" content=\"article\" \/>\n<meta property=\"og:title\" content=\"Bokningsf\u00f6rfr\u00e5gan - Hyra kanin - Gr\u00e4nby 4H-g\u00e5rd\" \/>\n<meta property=\"og:description\" content=\"[vc_row][vc_column][vc_column_text][\/vc_column_text][\/vc_column][\/vc_row]\" \/>\n<meta property=\"og:url\" content=\"https:\/\/www.4h.se\/granby\/bokningsforfragan-hyra-kanin\/\" \/>\n<meta property=\"og:site_name\" content=\"Gr\u00e4nby 4H-g\u00e5rd\" \/>\n<meta property=\"article:modified_time\" content=\"2026-03-19T10:46:09+00:00\" \/>\n<meta name=\"twitter:card\" content=\"summary_large_image\" \/>\n<script type=\"application\/ld+json\" class=\"yoast-schema-graph\">{\"@context\":\"https:\\\/\\\/schema.org\",\"@graph\":[{\"@type\":\"WebPage\",\"@id\":\"https:\\\/\\\/www.4h.se\\\/granby\\\/bokningsforfragan-hyra-kanin\\\/\",\"url\":\"https:\\\/\\\/www.4h.se\\\/granby\\\/bokningsforfragan-hyra-kanin\\\/\",\"name\":\"Bokningsf\u00f6rfr\u00e5gan - Hyra kanin - Gr\u00e4nby 4H-g\u00e5rd\",\"isPartOf\":{\"@id\":\"https:\\\/\\\/www.4h.se\\\/granby\\\/#website\"},\"datePublished\":\"2026-03-19T10:45:24+00:00\",\"dateModified\":\"2026-03-19T10:46:09+00:00\",\"breadcrumb\":{\"@id\":\"https:\\\/\\\/www.4h.se\\\/granby\\\/bokningsforfragan-hyra-kanin\\\/#breadcrumb\"},\"inLanguage\":\"sv-SE\",\"potentialAction\":[{\"@type\":\"ReadAction\",\"target\":[\"https:\\\/\\\/www.4h.se\\\/granby\\\/bokningsforfragan-hyra-kanin\\\/\"]}]},{\"@type\":\"BreadcrumbList\",\"@id\":\"https:\\\/\\\/www.4h.se\\\/granby\\\/bokningsforfragan-hyra-kanin\\\/#breadcrumb\",\"itemListElement\":[{\"@type\":\"ListItem\",\"position\":1,\"name\":\"Hem\",\"item\":\"https:\\\/\\\/www.4h.se\\\/granby\\\/\"},{\"@type\":\"ListItem\",\"position\":2,\"name\":\"Bokningsf\u00f6rfr\u00e5gan &#8211; Hyra kanin\"}]},{\"@type\":\"WebSite\",\"@id\":\"https:\\\/\\\/www.4h.se\\\/granby\\\/#website\",\"url\":\"https:\\\/\\\/www.4h.se\\\/granby\\\/\",\"name\":\"Gr\u00e4nby 4H-g\u00e5rd\",\"description\":\"\",\"potentialAction\":[{\"@type\":\"SearchAction\",\"target\":{\"@type\":\"EntryPoint\",\"urlTemplate\":\"https:\\\/\\\/www.4h.se\\\/granby\\\/?s={search_term_string}\"},\"query-input\":{\"@type\":\"PropertyValueSpecification\",\"valueRequired\":true,\"valueName\":\"search_term_string\"}}],\"inLanguage\":\"sv-SE\"}]}<\/script>\n<!-- \/ Yoast SEO plugin. -->","yoast_head_json":{"title":"Bokningsf\u00f6rfr\u00e5gan - Hyra kanin - Gr\u00e4nby 4H-g\u00e5rd","robots":{"index":"index","follow":"follow","max-snippet":"max-snippet:-1","max-image-preview":"max-image-preview:large","max-video-preview":"max-video-preview:-1"},"canonical":"https:\/\/www.4h.se\/granby\/bokningsforfragan-hyra-kanin\/","og_locale":"sv_SE","og_type":"article","og_title":"Bokningsf\u00f6rfr\u00e5gan - Hyra kanin - Gr\u00e4nby 4H-g\u00e5rd","og_description":"[vc_row][vc_column][vc_column_text][\/vc_column_text][\/vc_column][\/vc_row]","og_url":"https:\/\/www.4h.se\/granby\/bokningsforfragan-hyra-kanin\/","og_site_name":"Gr\u00e4nby 4H-g\u00e5rd","article_modified_time":"2026-03-19T10:46:09+00:00","twitter_card":"summary_large_image","schema":{"@context":"https:\/\/schema.org","@graph":[{"@type":"WebPage","@id":"https:\/\/www.4h.se\/granby\/bokningsforfragan-hyra-kanin\/","url":"https:\/\/www.4h.se\/granby\/bokningsforfragan-hyra-kanin\/","name":"Bokningsf\u00f6rfr\u00e5gan - Hyra kanin - Gr\u00e4nby 4H-g\u00e5rd","isPartOf":{"@id":"https:\/\/www.4h.se\/granby\/#website"},"datePublished":"2026-03-19T10:45:24+00:00","dateModified":"2026-03-19T10:46:09+00:00","breadcrumb":{"@id":"https:\/\/www.4h.se\/granby\/bokningsforfragan-hyra-kanin\/#breadcrumb"},"inLanguage":"sv-SE","potentialAction":[{"@type":"ReadAction","target":["https:\/\/www.4h.se\/granby\/bokningsforfragan-hyra-kanin\/"]}]},{"@type":"BreadcrumbList","@id":"https:\/\/www.4h.se\/granby\/bokningsforfragan-hyra-kanin\/#breadcrumb","itemListElement":[{"@type":"ListItem","position":1,"name":"Hem","item":"https:\/\/www.4h.se\/granby\/"},{"@type":"ListItem","position":2,"name":"Bokningsf\u00f6rfr\u00e5gan &#8211; Hyra kanin"}]},{"@type":"WebSite","@id":"https:\/\/www.4h.se\/granby\/#website","url":"https:\/\/www.4h.se\/granby\/","name":"Gr\u00e4nby 4H-g\u00e5rd","description":"","potentialAction":[{"@type":"SearchAction","target":{"@type":"EntryPoint","urlTemplate":"https:\/\/www.4h.se\/granby\/?s={search_term_string}"},"query-input":{"@type":"PropertyValueSpecification","valueRequired":true,"valueName":"search_term_string"}}],"inLanguage":"sv-SE"}]}},"_links":{"self":[{"href":"https:\/\/www.4h.se\/granby\/wp-json\/wp\/v2\/pages\/1086","targetHints":{"allow":["GET"]}}],"collection":[{"href":"https:\/\/www.4h.se\/granby\/wp-json\/wp\/v2\/pages"}],"about":[{"href":"https:\/\/www.4h.se\/granby\/wp-json\/wp\/v2\/types\/page"}],"author":[{"embeddable":true,"href":"https:\/\/www.4h.se\/granby\/wp-json\/wp\/v2\/users\/211"}],"replies":[{"embeddable":true,"href":"https:\/\/www.4h.se\/granby\/wp-json\/wp\/v2\/comments?post=1086"}],"version-history":[{"count":0,"href":"https:\/\/www.4h.se\/granby\/wp-json\/wp\/v2\/pages\/1086\/revisions"}],"wp:attachment":[{"href":"https:\/\/www.4h.se\/granby\/wp-json\/wp\/v2\/media?parent=1086"}],"curies":[{"name":"wp","href":"https:\/\/api.w.org\/{rel}","templated":true}]}}