



{"id":1043,"date":"2025-11-17T15:45:18","date_gmt":"2025-11-17T14:45:18","guid":{"rendered":"https:\/\/www.4h.se\/granby\/?page_id=1043"},"modified":"2026-01-26T10:13:29","modified_gmt":"2026-01-26T09:13:29","slug":"fritidskortet","status":"publish","type":"page","link":"https:\/\/www.4h.se\/granby\/fritidskortet\/","title":{"rendered":"Fritidskortet"},"content":{"rendered":"<div class=\"wpb-content-wrapper\"><p>[vc_row][vc_column][vc_single_image image=&#8221;1044&#8243; img_size=&#8221;1110&#215;300&#8243; style=&#8221;vc_box_rounded&#8221; css=&#8221;&#8221;][vc_column_text css=&#8221;&#8221;]<\/p>\n<h1>Fritidskortet<\/h1>\n<p>[\/vc_column_text][vc_message message_box_style=&#8221;solid-icon&#8221; message_box_color=&#8221;pink&#8221; icon_type=&#8221;typicons&#8221; icon_typicons=&#8221;typcn typcn-info-large-outline&#8221; css=&#8221;&#8221;]N\u00e4r du vill anv\u00e4nda Fritidskortet hos oss beh\u00f6ver du&nbsp;<b>ange v\u00e5rat organisationsnummer, 817600-7469<\/b>&nbsp;eller s\u00f6ka p\u00e5 \u201dUppsala\u201d f\u00f6r att sedan hitta \u201dUppsala L\u00e4nsf\u00f6rbund av Sveriges 4 H\u201d i rullistan.<\/p>\n<p>Det g\u00e5r&nbsp;<em>inte<\/em>&nbsp;att s\u00f6ka p\u00e5 \u201d4H\u201d eller n\u00e5gon av 4H-g\u00e5rdarnas namn.[\/vc_message][\/vc_column][\/vc_row][vc_row][vc_column width=&#8221;1\/2&#8243;][vc_column_text css=&#8221;&#8221;]<\/p>\n<h3 data-start=\"147\" data-end=\"179\">Anv\u00e4nd Fritidskortet hos 4H<\/h3>\n<p data-start=\"180\" data-end=\"569\">Fritidskortet \u00e4r en statlig satsning som ska g\u00f6ra det enklare f\u00f6r fler barn och unga att delta i fritidsaktiviteter, oavsett ekonomiska f\u00f6ruts\u00e4ttningar. Vi, 4H i Uppsala, kan ta emot betalningar via Fritidskortet \u2013 vilket inneb\u00e4r att v\u00e5rdnadshavare kan anv\u00e4nda st\u00f6det f\u00f6r exempelvis medlemsavgifter, kursavgifter och andra kostnader kopplade till ett visst urval av v\u00e5ra aktiviteter.<\/p>\n<p data-start=\"180\" data-end=\"569\">Du ser enkelt p\u00e5 v\u00e5r hemsida vilka aktiviteter du kan betala med Fritidskortet. De aktiviteter som g\u00e5r att betala med Fritidskortet har Fritidskortets logotyp intill aktivitetens titel. Saknas logotypen g\u00e5r aktiviteten inte att betala med Fritidskortet.<\/p>\n<p>[\/vc_column_text][\/vc_column][vc_column width=&#8221;1\/2&#8243;][vc_empty_space height=&#8221;30px&#8221;][vc_single_image image=&#8221;1045&#8243; img_size=&#8221;full&#8221; alignment=&#8221;center&#8221; css=&#8221;&#8221;][\/vc_column][\/vc_row][vc_row][vc_column][vc_separator color=&#8221;peacoc&#8221; css=&#8221;&#8221;][\/vc_column][\/vc_row][vc_row][vc_column width=&#8221;1\/2&#8243;][vc_btn title=&#8221;ALLM\u00c4NT OM FRITIDSKORTET&#8221; style=&#8221;3d&#8221; color=&#8221;peacoc&#8221; align=&#8221;center&#8221; css=&#8221;&#8221; button_block=&#8221;true&#8221; link=&#8221;url:https%3A%2F%2Ffritidskortet.se%2F|target:_blank&#8221;][vc_column_text css=&#8221;&#8221;]<\/p>\n<h4 style=\"text-align: center;\">Du kan l\u00e4sa mer om Fritidskortet via knappen ovan.<\/h4>\n<p>[\/vc_column_text][vc_btn title=&#8221;STEG F\u00d6R STEG GUIDE&#8221; style=&#8221;3d&#8221; color=&#8221;peacoc&#8221; align=&#8221;center&#8221; css=&#8221;&#8221; button_block=&#8221;true&#8221; link=&#8221;url:https%3A%2F%2Ffritidskortet.se%2Fforalder%2Finformation|target:_blank&#8221;][vc_column_text css=&#8221;&#8221;]<\/p>\n<h4 style=\"text-align: center;\">ovan kan du l\u00e4sa deras steg-f\u00f6r-steg guide om hur du anv\u00e4nder Fritidskortet.<\/h4>\n<p>[\/vc_column_text][vc_btn title=&#8221;KONTAKTA OSS&#8221; style=&#8221;3d&#8221; color=&#8221;peacoc&#8221; align=&#8221;center&#8221; css=&#8221;&#8221; button_block=&#8221;true&#8221; link=&#8221;url:https%3A%2F%2Fwww.4h.se%2Fgranby%2Fkontakta-oss%2F|title:Kontakta%20oss&#8221;][vc_column_text css=&#8221;&#8221;]<\/p>\n<h4 style=\"text-align: center;\">Har du fr\u00e5gor g\u00e4llande Fritidskortet och 4H? Tveka inte p\u00e5 att h\u00f6ra av dig!<\/h4>\n<p>[\/vc_column_text][vc_separator color=&#8221;peacoc&#8221; css=&#8221;&#8221;][vc_column_text css=&#8221;&#8221;]<\/p>\n<div class=\"wpb_text_column wpb_content_element\">\n<div class=\"wpb_wrapper\">\n<h3 style=\"text-align: center;\">v\u00e5rt utbud<\/h3>\n<\/div>\n<\/div>\n<div class=\"wpb_text_column wpb_content_element\">\n<div class=\"wpb_wrapper\">\n<p>I nul\u00e4get kan du nyttja Fritidskortet f\u00f6r att betala f\u00f6ljande ur v\u00e5rt utbud:<\/p>\n<ul>\n<li>Medlemsavgift<\/li>\n<li>Kursavgift<\/li>\n<li>L\u00e4geravgift<\/li>\n<li>Halv\u00e5rskort f\u00f6r helgaktiviteter<\/li>\n<\/ul>\n<\/div>\n<\/div>\n<p>[\/vc_column_text][vc_separator color=&#8221;peacoc&#8221; css=&#8221;&#8221;][vc_column_text css=&#8221;&#8221;]<\/p>\n<div class=\"wpb_text_column wpb_content_element\">\n<div class=\"wpb_wrapper\">\n<h3 style=\"text-align: center;\">vANLIGA FR\u00c5GOR OCH SVAR<\/h3>\n<\/div>\n<\/div>\n<p>[\/vc_column_text][vc_toggle title=&#8221;Vad kan Fritidskortet anv\u00e4ndas till?&#8221; style=&#8221;rounded&#8221; color=&#8221;pink&#8221; css=&#8221;&#8221;]<\/p>\n<p data-start=\"1015\" data-end=\"1423\">St\u00f6det kan anv\u00e4ndas f\u00f6r att betala avgifter f\u00f6r ledarledda fritidsaktiviteter. Ut\u00f6ver sj\u00e4lva aktivitetsavgiften kan \u00e4ven kostnader f\u00f6r hyra av utrustning som beh\u00f6vs f\u00f6r att kunna delta t\u00e4ckas. F\u00f6r att aktiviteten ska vara giltig m\u00e5ste den genomf\u00f6ras hos en f\u00f6rening eller organisation som \u00e4r registrerad f\u00f6r Fritidskortet \u2014 vilket 4H \u00e4r.<\/p>\n<p data-start=\"1015\" data-end=\"1423\">Vi synligg\u00f6r tydligt de aktiviteter vi erbjuder som du kan betala med hj\u00e4lp av Fritidskortet. Hittar du ingen info om detta vid en aktivitet? D\u00e5 \u00e4r den antagligen inte godk\u00e4nd att nyttja Fritidskortet till. Du kan alltid kontakta oss om du \u00e4r os\u00e4ker!<\/p>\n<p>[\/vc_toggle][vc_toggle title=&#8221;Vem kan anv\u00e4nda Fritidskortet?&#8221; style=&#8221;rounded&#8221; color=&#8221;pink&#8221; css=&#8221;&#8221;]<\/p>\n<p data-start=\"608\" data-end=\"859\">Fritidskortet g\u00e4ller f\u00f6r barn och ungdomar mellan&nbsp;<strong data-start=\"658\" data-end=\"673\">7 och 16 \u00e5r<\/strong>, och g\u00e4ller \u00e5ret en fyller. V\u00e5rdnadshavaren loggar in i tj\u00e4nsten, ser aktuellt saldo och genomf\u00f6r betalningen \u2013 barnet sj\u00e4lv anv\u00e4nder allts\u00e5 inte kortet direkt. Varje barn har ett \u00e5rligt belopp knutet till sig:<\/p>\n<ul data-start=\"860\" data-end=\"970\">\n<li data-start=\"860\" data-end=\"881\">\n<p data-start=\"862\" data-end=\"881\"><strong data-start=\"862\" data-end=\"879\">550 kr per \u00e5r<\/strong><\/p>\n<\/li>\n<li data-start=\"882\" data-end=\"970\">\n<p data-start=\"884\" data-end=\"970\"><strong data-start=\"884\" data-end=\"903\">2 500 kr per \u00e5r<\/strong>&nbsp;f\u00f6r barn som bor i hush\u00e5ll som f\u00e5tt bostadsbidrag f\u00f6reg\u00e5ende \u00e5r.<\/p>\n<\/li>\n<\/ul>\n<p>[\/vc_toggle][vc_toggle title=&#8221;Viktiga datum och villkor&#8221; style=&#8221;rounded&#8221; color=&#8221;pink&#8221; css=&#8221;&#8221;]<\/p>\n<p data-start=\"1785\" data-end=\"2121\">St\u00f6det \u00e4r knutet till kalender\u00e5ret. Saldot m\u00e5ste anv\u00e4ndas senast&nbsp;<strong data-start=\"1850\" data-end=\"1865\">30 november<\/strong>, annars f\u00f6rsvinner det f\u00f6r \u00e5ret och kan inte sparas. Nytt saldo laddas p\u00e5 fr\u00e5n&nbsp;<strong data-start=\"1945\" data-end=\"1958\">5 januari<\/strong>&nbsp;varje \u00e5r.<\/p>\n<p data-start=\"1785\" data-end=\"2121\">Barn som f\u00e5r merkostnadsers\u00e4ttning f\u00f6r fritidsaktiviteter kan ocks\u00e5 anv\u00e4nda Fritidskortet, men inte f\u00f6r kostnader som redan t\u00e4cks av den ers\u00e4ttningen.<\/p>\n<p>[\/vc_toggle][vc_toggle title=&#8221;Varf\u00f6r finns Fritidskortet?&#8221; style=&#8221;rounded&#8221; color=&#8221;pink&#8221; css=&#8221;&#8221;]<\/p>\n<div class=\"vc_do_toggle vc_toggle vc_toggle_rounded vc_toggle_color_pink vc_toggle_size_md vc_toggle_active\">\n<div class=\"vc_toggle_content\">\n<p data-start=\"1785\" data-end=\"2121\">Syftet med reformen \u00e4r att ge fler barn m\u00f6jlighet till en meningsfull fritid och att s\u00e4nka tr\u00f6sklarna f\u00f6r att delta i organiserade aktiviteter. Det riktar s\u00e4rskilt in sig p\u00e5 att st\u00e4rka m\u00f6jligheterna f\u00f6r barn i hush\u00e5ll med svag ekonomi samt barn med funktionsneds\u00e4ttning.<\/p>\n<\/div>\n<\/div>\n<p>[\/vc_toggle][vc_separator color=&#8221;peacoc&#8221; css=&#8221;&#8221;][\/vc_column][vc_column width=&#8221;1\/2&#8243;][vc_single_image image=&#8221;925&#8243; img_size=&#8221;550&#215;870&#8243; style=&#8221;vc_box_rounded&#8221; css=&#8221;&#8221;][\/vc_column][\/vc_row]<\/p>\n<\/div>","protected":false},"excerpt":{"rendered":"<p>[vc_row][vc_column][vc_single_image image=&#8221;1044&#8243; img_size=&#8221;1110&#215;300&#8243; style=&#8221;vc_box_rounded&#8221; css=&#8221;&#8221;][vc_column_text css=&#8221;&#8221;] Fritidskortet [\/vc_column_text][vc_message message_box_style=&#8221;solid-icon&#8221; message_box_color=&#8221;pink&#8221; icon_type=&#8221;typicons&#8221; icon_typicons=&#8221;typcn typcn-info-large-outline&#8221; css=&#8221;&#8221;]N\u00e4r du vill anv\u00e4nda Fritidskortet hos oss beh\u00f6ver du&nbsp;ange v\u00e5rat organisationsnummer, 817600-7469&nbsp;eller s\u00f6ka p\u00e5 \u201dUppsala\u201d f\u00f6r att sedan hitta \u201dUppsala L\u00e4nsf\u00f6rbund av Sveriges 4 H\u201d i rullistan. Det g\u00e5r&nbsp;inte&nbsp;att s\u00f6ka p\u00e5 \u201d4H\u201d eller n\u00e5gon av 4H-g\u00e5rdarnas namn.[\/vc_message][\/vc_column][\/vc_row][vc_row][vc_column width=&#8221;1\/2&#8243;][vc_column_text css=&#8221;&#8221;] Anv\u00e4nd Fritidskortet hos&nbsp; <a href=\"https:\/\/www.4h.se\/granby\/fritidskortet\/\">&hellip; Read more <i class=\"glyphicon glyphicon-arrow-right\"><\/i><\/a><\/p>\n","protected":false},"author":211,"featured_media":0,"parent":0,"menu_order":0,"comment_status":"closed","ping_status":"closed","template":"","meta":{"footnotes":""},"class_list":["post-1043","page","type-page","status-publish","hentry"],"yoast_head":"<!-- This site is optimized with the Yoast SEO plugin v27.4 - https:\/\/yoast.com\/product\/yoast-seo-wordpress\/ -->\n<title>Fritidskortet - Gr\u00e4nby 4H-g\u00e5rd<\/title>\n<meta name=\"robots\" content=\"index, follow, max-snippet:-1, max-image-preview:large, max-video-preview:-1\" \/>\n<link rel=\"canonical\" href=\"https:\/\/www.4h.se\/granby\/fritidskortet\/\" \/>\n<meta property=\"og:locale\" content=\"sv_SE\" \/>\n<meta property=\"og:type\" content=\"article\" \/>\n<meta property=\"og:title\" content=\"Fritidskortet - Gr\u00e4nby 4H-g\u00e5rd\" \/>\n<meta property=\"og:description\" content=\"[vc_row][vc_column][vc_single_image image=&#8221;1044&#8243; img_size=&#8221;1110&#215;300&#8243; style=&#8221;vc_box_rounded&#8221; css=&#8221;&#8221;][vc_column_text css=&#8221;&#8221;] Fritidskortet [\/vc_column_text][vc_message message_box_style=&#8221;solid-icon&#8221; message_box_color=&#8221;pink&#8221; icon_type=&#8221;typicons&#8221; icon_typicons=&#8221;typcn typcn-info-large-outline&#8221; css=&#8221;&#8221;]N\u00e4r du vill anv\u00e4nda Fritidskortet hos oss beh\u00f6ver du&nbsp;ange v\u00e5rat organisationsnummer, 817600-7469&nbsp;eller s\u00f6ka p\u00e5 \u201dUppsala\u201d f\u00f6r att sedan hitta \u201dUppsala L\u00e4nsf\u00f6rbund av Sveriges 4 H\u201d i rullistan. Det g\u00e5r&nbsp;inte&nbsp;att s\u00f6ka p\u00e5 \u201d4H\u201d eller n\u00e5gon av 4H-g\u00e5rdarnas namn.[\/vc_message][\/vc_column][\/vc_row][vc_row][vc_column width=&#8221;1\/2&#8243;][vc_column_text css=&#8221;&#8221;] Anv\u00e4nd Fritidskortet hos&nbsp; &hellip; Read more\" \/>\n<meta property=\"og:url\" content=\"https:\/\/www.4h.se\/granby\/fritidskortet\/\" \/>\n<meta property=\"og:site_name\" content=\"Gr\u00e4nby 4H-g\u00e5rd\" \/>\n<meta property=\"article:modified_time\" content=\"2026-01-26T09:13:29+00:00\" \/>\n<meta name=\"twitter:card\" content=\"summary_large_image\" \/>\n<script type=\"application\/ld+json\" class=\"yoast-schema-graph\">{\"@context\":\"https:\\\/\\\/schema.org\",\"@graph\":[{\"@type\":\"WebPage\",\"@id\":\"https:\\\/\\\/www.4h.se\\\/granby\\\/fritidskortet\\\/\",\"url\":\"https:\\\/\\\/www.4h.se\\\/granby\\\/fritidskortet\\\/\",\"name\":\"Fritidskortet - Gr\u00e4nby 4H-g\u00e5rd\",\"isPartOf\":{\"@id\":\"https:\\\/\\\/www.4h.se\\\/granby\\\/#website\"},\"datePublished\":\"2025-11-17T14:45:18+00:00\",\"dateModified\":\"2026-01-26T09:13:29+00:00\",\"breadcrumb\":{\"@id\":\"https:\\\/\\\/www.4h.se\\\/granby\\\/fritidskortet\\\/#breadcrumb\"},\"inLanguage\":\"sv-SE\",\"potentialAction\":[{\"@type\":\"ReadAction\",\"target\":[\"https:\\\/\\\/www.4h.se\\\/granby\\\/fritidskortet\\\/\"]}]},{\"@type\":\"BreadcrumbList\",\"@id\":\"https:\\\/\\\/www.4h.se\\\/granby\\\/fritidskortet\\\/#breadcrumb\",\"itemListElement\":[{\"@type\":\"ListItem\",\"position\":1,\"name\":\"Hem\",\"item\":\"https:\\\/\\\/www.4h.se\\\/granby\\\/\"},{\"@type\":\"ListItem\",\"position\":2,\"name\":\"Fritidskortet\"}]},{\"@type\":\"WebSite\",\"@id\":\"https:\\\/\\\/www.4h.se\\\/granby\\\/#website\",\"url\":\"https:\\\/\\\/www.4h.se\\\/granby\\\/\",\"name\":\"Gr\u00e4nby 4H-g\u00e5rd\",\"description\":\"\",\"potentialAction\":[{\"@type\":\"SearchAction\",\"target\":{\"@type\":\"EntryPoint\",\"urlTemplate\":\"https:\\\/\\\/www.4h.se\\\/granby\\\/?s={search_term_string}\"},\"query-input\":{\"@type\":\"PropertyValueSpecification\",\"valueRequired\":true,\"valueName\":\"search_term_string\"}}],\"inLanguage\":\"sv-SE\"}]}<\/script>\n<!-- \/ Yoast SEO plugin. -->","yoast_head_json":{"title":"Fritidskortet - Gr\u00e4nby 4H-g\u00e5rd","robots":{"index":"index","follow":"follow","max-snippet":"max-snippet:-1","max-image-preview":"max-image-preview:large","max-video-preview":"max-video-preview:-1"},"canonical":"https:\/\/www.4h.se\/granby\/fritidskortet\/","og_locale":"sv_SE","og_type":"article","og_title":"Fritidskortet - Gr\u00e4nby 4H-g\u00e5rd","og_description":"[vc_row][vc_column][vc_single_image image=&#8221;1044&#8243; img_size=&#8221;1110&#215;300&#8243; style=&#8221;vc_box_rounded&#8221; css=&#8221;&#8221;][vc_column_text css=&#8221;&#8221;] Fritidskortet [\/vc_column_text][vc_message message_box_style=&#8221;solid-icon&#8221; message_box_color=&#8221;pink&#8221; icon_type=&#8221;typicons&#8221; icon_typicons=&#8221;typcn typcn-info-large-outline&#8221; css=&#8221;&#8221;]N\u00e4r du vill anv\u00e4nda Fritidskortet hos oss beh\u00f6ver du&nbsp;ange v\u00e5rat organisationsnummer, 817600-7469&nbsp;eller s\u00f6ka p\u00e5 \u201dUppsala\u201d f\u00f6r att sedan hitta \u201dUppsala L\u00e4nsf\u00f6rbund av Sveriges 4 H\u201d i rullistan. Det g\u00e5r&nbsp;inte&nbsp;att s\u00f6ka p\u00e5 \u201d4H\u201d eller n\u00e5gon av 4H-g\u00e5rdarnas namn.[\/vc_message][\/vc_column][\/vc_row][vc_row][vc_column width=&#8221;1\/2&#8243;][vc_column_text css=&#8221;&#8221;] Anv\u00e4nd Fritidskortet hos&nbsp; &hellip; Read more","og_url":"https:\/\/www.4h.se\/granby\/fritidskortet\/","og_site_name":"Gr\u00e4nby 4H-g\u00e5rd","article_modified_time":"2026-01-26T09:13:29+00:00","twitter_card":"summary_large_image","schema":{"@context":"https:\/\/schema.org","@graph":[{"@type":"WebPage","@id":"https:\/\/www.4h.se\/granby\/fritidskortet\/","url":"https:\/\/www.4h.se\/granby\/fritidskortet\/","name":"Fritidskortet - Gr\u00e4nby 4H-g\u00e5rd","isPartOf":{"@id":"https:\/\/www.4h.se\/granby\/#website"},"datePublished":"2025-11-17T14:45:18+00:00","dateModified":"2026-01-26T09:13:29+00:00","breadcrumb":{"@id":"https:\/\/www.4h.se\/granby\/fritidskortet\/#breadcrumb"},"inLanguage":"sv-SE","potentialAction":[{"@type":"ReadAction","target":["https:\/\/www.4h.se\/granby\/fritidskortet\/"]}]},{"@type":"BreadcrumbList","@id":"https:\/\/www.4h.se\/granby\/fritidskortet\/#breadcrumb","itemListElement":[{"@type":"ListItem","position":1,"name":"Hem","item":"https:\/\/www.4h.se\/granby\/"},{"@type":"ListItem","position":2,"name":"Fritidskortet"}]},{"@type":"WebSite","@id":"https:\/\/www.4h.se\/granby\/#website","url":"https:\/\/www.4h.se\/granby\/","name":"Gr\u00e4nby 4H-g\u00e5rd","description":"","potentialAction":[{"@type":"SearchAction","target":{"@type":"EntryPoint","urlTemplate":"https:\/\/www.4h.se\/granby\/?s={search_term_string}"},"query-input":{"@type":"PropertyValueSpecification","valueRequired":true,"valueName":"search_term_string"}}],"inLanguage":"sv-SE"}]}},"_links":{"self":[{"href":"https:\/\/www.4h.se\/granby\/wp-json\/wp\/v2\/pages\/1043","targetHints":{"allow":["GET"]}}],"collection":[{"href":"https:\/\/www.4h.se\/granby\/wp-json\/wp\/v2\/pages"}],"about":[{"href":"https:\/\/www.4h.se\/granby\/wp-json\/wp\/v2\/types\/page"}],"author":[{"embeddable":true,"href":"https:\/\/www.4h.se\/granby\/wp-json\/wp\/v2\/users\/211"}],"replies":[{"embeddable":true,"href":"https:\/\/www.4h.se\/granby\/wp-json\/wp\/v2\/comments?post=1043"}],"version-history":[{"count":0,"href":"https:\/\/www.4h.se\/granby\/wp-json\/wp\/v2\/pages\/1043\/revisions"}],"wp:attachment":[{"href":"https:\/\/www.4h.se\/granby\/wp-json\/wp\/v2\/media?parent=1043"}],"curies":[{"name":"wp","href":"https:\/\/api.w.org\/{rel}","templated":true}]}}