



{"id":400,"date":"2018-02-20T10:42:06","date_gmt":"2018-02-20T09:42:06","guid":{"rendered":"http:\/\/www.4h.se\/gotland\/?page_id=400"},"modified":"2021-02-19T13:16:23","modified_gmt":"2021-02-19T12:16:23","slug":"endre-4h-klubb","status":"publish","type":"page","link":"https:\/\/www.4h.se\/gotland\/endre-4h-klubb\/","title":{"rendered":"Endre 4H-Klubb"},"content":{"rendered":"<div class=\"wpb-content-wrapper\"><p>[vc_row][vc_column width=&#8221;1\/3&#8243;][vc_column_text]<\/p>\n<h1>Endre 4H<\/h1>\n<p>[\/vc_column_text][\/vc_column][vc_column width=&#8221;1\/3&#8243;][vc_column_text][\/vc_column_text][vc_column_text]<\/p>\n<h3>\u00a0F\u00f6r n\u00e4rvarande h\u00e5ller vi inga aktiviteter p\u00e5 grund av Corona.<\/h3>\n<h3>Till h\u00f6ger ser du exempel p\u00e5 aktiviteter vi h\u00e5llit tidigare \u00e5r.<\/h3>\n<p>[\/vc_column_text][\/vc_column][vc_column width=&#8221;1\/3&#8243;][vc_column_text]<\/p>\n<h2>Endre 4H Filmklubb<\/h2>\n<p>V\u00e4lkommen till v\u00e5r filmklubb! Filmklubben h\u00e5lls f\u00f6rsta fredagen varje m\u00e5nad mellan kl. 16-20 i Endre Bygdeg\u00e5rd. Prova en g\u00e5ng gratis. Det finns pizzaslice, billigt godis och kv\u00e4llsfika att k\u00f6pa. Familjen \u00e4r s\u00e5klart alltid v\u00e4lkomna!<\/p>\n<ul>\n<li>\n<h4>19 Januari:<\/h4>\n<p>Frost (7\u00e5r) &amp; LasseMajas Detektivbyr\u00e5 (7\u00e5r)<\/li>\n<li>\n<h4>9 Februari:<\/h4>\n<p>Trolls (Barntill\u00e5ten) &amp; Eva &amp; Adam fyra f\u00f6delsedagar &amp; ett fiasko (Barntill\u00e5ten)<\/li>\n<li>\n<h4>2 Mars:<\/h4>\n<p>Modig (Barntill\u00e5ten) &amp; Smurfarna 3 (7\u00e5r)<\/li>\n<li>\n<h4>6 April:<\/h4>\n<p>Home (7\u00e5r) &amp; Sune i Grekland (Barntill\u00e5ten)<\/li>\n<li>\n<h4>4 Maj:<\/h4>\n<p>Big Hero 6 (Barntill\u00e5ten) &amp; Rasmus p\u00e5 Luffen (Barntill\u00e5ten)<\/li>\n<\/ul>\n<p>Har du fr\u00e5gor eller vill veta mer kan du g\u00e5 in p\u00e5 v\u00e5r egna hemsida:\u00a0<a href=\"http:\/\/www.endre4h.se\/\" target=\"_blank\">www.endre4h.se<\/a>\u00a0eller v\u00e5r Facebook Grupp:<a href=\"https:\/\/www.facebook.com\/endre4h.se\/\" target=\"_blank\"> Endre 4Hs Filmklubb &amp; Fritidsg\u00e5rd<\/a>.<\/p>\n<h3>Ledare<\/h3>\n<h5>Denise: 076- 429 90 36<\/h5>\n<h5>Christin: 073- 647 85 98<\/h5>\n<h5>Kitty: 073 969 44 28<\/h5>\n<p><a href=\"www.endre4h.se\">\u00a0<\/a><\/p>\n<h4>Swish<\/h4>\n<p>076- 429 90 36<\/p>\n<h4>Kontonummer LF<\/h4>\n<p>9024 26 756 64[\/vc_column_text][\/vc_column][\/vc_row][vc_row][vc_column width=&#8221;1\/4&#8243;][\/vc_column][vc_column width=&#8221;1\/2&#8243;][vc_gmaps link=&#8221;#E-8_JTNDaWZyYW1lJTIwc3JjJTNEJTIyaHR0cHMlM0ElMkYlMkZ3d3cuZ29vZ2xlLmNvbSUyRm1hcHMlMkZlbWJlZCUzRnBiJTNEJTIxMW0xOCUyMTFtMTIlMjExbTMlMjExZDIxMzcuMjUwNzA4MzAwNTUlMjEyZDE4LjQ2MzM0ODUxNTQ5NDU1NSUyMTNkNTcuNjEwMjE4ODgxMDkwNjclMjEybTMlMjExZjAlMjEyZjAlMjEzZjAlMjEzbTIlMjExaTEwMjQlMjEyaTc2OCUyMTRmMTMuMSUyMTNtMyUyMTFtMiUyMTFzMHg0NmY3MDdjMWI4NWZjYzliJTI1M0EweGM2MDBjM2NiMTgwMjk1ZGElMjEyc0VuZHJlJTI1MjBCeWdkZWclMjVDMyUyNUE1cmQlMjE1ZTAlMjEzbTIlMjExc3N2JTIxMnNzZSUyMTR2MTYxMzczNjgxMjM1NCUyMTVtMiUyMTFzc3YlMjEyc3NlJTIyJTIwd2lkdGglM0QlMjI2MDAlMjIlMjBoZWlnaHQlM0QlMjI0NTAlMjIlMjBzdHlsZSUzRCUyMmJvcmRlciUzQTAlM0IlMjIlMjBhbGxvd2Z1bGxzY3JlZW4lM0QlMjIlMjIlMjBsb2FkaW5nJTNEJTIybGF6eSUyMiUzRSUzQyUyRmlmcmFtZSUzRQ==&#8221;][\/vc_column][vc_column width=&#8221;1\/4&#8243;][vc_column_text][\/vc_column_text][\/vc_column][\/vc_row]<\/p>\n<\/div>","protected":false},"excerpt":{"rendered":"<p>[vc_row][vc_column width=&#8221;1\/3&#8243;][vc_column_text] Endre 4H [\/vc_column_text][\/vc_column][vc_column width=&#8221;1\/3&#8243;][vc_column_text][\/vc_column_text][vc_column_text] \u00a0F\u00f6r n\u00e4rvarande h\u00e5ller vi inga aktiviteter p\u00e5 grund av Corona. Till h\u00f6ger ser du exempel p\u00e5 aktiviteter vi h\u00e5llit tidigare \u00e5r. [\/vc_column_text][\/vc_column][vc_column width=&#8221;1\/3&#8243;][vc_column_text] Endre 4H Filmklubb V\u00e4lkommen till v\u00e5r filmklubb! Filmklubben h\u00e5lls f\u00f6rsta fredagen varje m\u00e5nad mellan kl. 16-20 i Endre Bygdeg\u00e5rd. Prova en g\u00e5ng gratis. Det finns pizzaslice,&nbsp; <a href=\"https:\/\/www.4h.se\/gotland\/endre-4h-klubb\/\">&hellip; Read more <i class=\"glyphicon glyphicon-arrow-right\"><\/i><\/a><\/p>\n","protected":false},"author":93,"featured_media":0,"parent":0,"menu_order":0,"comment_status":"closed","ping_status":"closed","template":"","meta":{"_acf_changed":false,"footnotes":""},"class_list":["post-400","page","type-page","status-publish","hentry"],"acf":[],"yoast_head":"<!-- This site is optimized with the Yoast SEO plugin v27.5 - https:\/\/yoast.com\/product\/yoast-seo-wordpress\/ -->\n<title>Endre 4H-Klubb - 4H p\u00e5 Gotland<\/title>\n<meta name=\"description\" content=\"Hej och V\u00e4lkomna till Endre 4H-Klubb! H\u00e4r hittar du information om v\u00e5ra aktiviteter fram\u00f6ver.\" \/>\n<meta name=\"robots\" content=\"index, follow, max-snippet:-1, max-image-preview:large, max-video-preview:-1\" \/>\n<link rel=\"canonical\" href=\"https:\/\/www.4h.se\/gotland\/endre-4h-klubb\/\" \/>\n<meta property=\"og:locale\" content=\"sv_SE\" \/>\n<meta property=\"og:type\" content=\"article\" \/>\n<meta property=\"og:title\" content=\"Endre 4H-Klubb - 4H p\u00e5 Gotland\" \/>\n<meta property=\"og:description\" content=\"Hej och V\u00e4lkomna till Endre 4H-Klubb! H\u00e4r hittar du information om v\u00e5ra aktiviteter fram\u00f6ver.\" \/>\n<meta property=\"og:url\" content=\"https:\/\/www.4h.se\/gotland\/endre-4h-klubb\/\" \/>\n<meta property=\"og:site_name\" content=\"4H p\u00e5 Gotland\" \/>\n<meta property=\"article:modified_time\" content=\"2021-02-19T12:16:23+00:00\" \/>\n<meta name=\"twitter:card\" content=\"summary_large_image\" \/>\n<meta name=\"twitter:label1\" content=\"Ber\u00e4knad l\u00e4stid\" \/>\n\t<meta name=\"twitter:data1\" content=\"1 minut\" \/>\n<script type=\"application\/ld+json\" class=\"yoast-schema-graph\">{\"@context\":\"https:\\\/\\\/schema.org\",\"@graph\":[{\"@type\":\"WebPage\",\"@id\":\"https:\\\/\\\/www.4h.se\\\/gotland\\\/endre-4h-klubb\\\/\",\"url\":\"https:\\\/\\\/www.4h.se\\\/gotland\\\/endre-4h-klubb\\\/\",\"name\":\"Endre 4H-Klubb - 4H p\u00e5 Gotland\",\"isPartOf\":{\"@id\":\"https:\\\/\\\/www.4h.se\\\/gotland\\\/#website\"},\"datePublished\":\"2018-02-20T09:42:06+00:00\",\"dateModified\":\"2021-02-19T12:16:23+00:00\",\"description\":\"Hej och V\u00e4lkomna till Endre 4H-Klubb! H\u00e4r hittar du information om v\u00e5ra aktiviteter fram\u00f6ver.\",\"breadcrumb\":{\"@id\":\"https:\\\/\\\/www.4h.se\\\/gotland\\\/endre-4h-klubb\\\/#breadcrumb\"},\"inLanguage\":\"sv-SE\",\"potentialAction\":[{\"@type\":\"ReadAction\",\"target\":[\"https:\\\/\\\/www.4h.se\\\/gotland\\\/endre-4h-klubb\\\/\"]}]},{\"@type\":\"BreadcrumbList\",\"@id\":\"https:\\\/\\\/www.4h.se\\\/gotland\\\/endre-4h-klubb\\\/#breadcrumb\",\"itemListElement\":[{\"@type\":\"ListItem\",\"position\":1,\"name\":\"Hem\",\"item\":\"https:\\\/\\\/www.4h.se\\\/gotland\\\/\"},{\"@type\":\"ListItem\",\"position\":2,\"name\":\"Endre 4H-Klubb\"}]},{\"@type\":\"WebSite\",\"@id\":\"https:\\\/\\\/www.4h.se\\\/gotland\\\/#website\",\"url\":\"https:\\\/\\\/www.4h.se\\\/gotland\\\/\",\"name\":\"4H p\u00e5 Gotland\",\"description\":\"\",\"potentialAction\":[{\"@type\":\"SearchAction\",\"target\":{\"@type\":\"EntryPoint\",\"urlTemplate\":\"https:\\\/\\\/www.4h.se\\\/gotland\\\/?s={search_term_string}\"},\"query-input\":{\"@type\":\"PropertyValueSpecification\",\"valueRequired\":true,\"valueName\":\"search_term_string\"}}],\"inLanguage\":\"sv-SE\"}]}<\/script>\n<!-- \/ Yoast SEO plugin. -->","yoast_head_json":{"title":"Endre 4H-Klubb - 4H p\u00e5 Gotland","description":"Hej och V\u00e4lkomna till Endre 4H-Klubb! H\u00e4r hittar du information om v\u00e5ra aktiviteter fram\u00f6ver.","robots":{"index":"index","follow":"follow","max-snippet":"max-snippet:-1","max-image-preview":"max-image-preview:large","max-video-preview":"max-video-preview:-1"},"canonical":"https:\/\/www.4h.se\/gotland\/endre-4h-klubb\/","og_locale":"sv_SE","og_type":"article","og_title":"Endre 4H-Klubb - 4H p\u00e5 Gotland","og_description":"Hej och V\u00e4lkomna till Endre 4H-Klubb! H\u00e4r hittar du information om v\u00e5ra aktiviteter fram\u00f6ver.","og_url":"https:\/\/www.4h.se\/gotland\/endre-4h-klubb\/","og_site_name":"4H p\u00e5 Gotland","article_modified_time":"2021-02-19T12:16:23+00:00","twitter_card":"summary_large_image","twitter_misc":{"Ber\u00e4knad l\u00e4stid":"1 minut"},"schema":{"@context":"https:\/\/schema.org","@graph":[{"@type":"WebPage","@id":"https:\/\/www.4h.se\/gotland\/endre-4h-klubb\/","url":"https:\/\/www.4h.se\/gotland\/endre-4h-klubb\/","name":"Endre 4H-Klubb - 4H p\u00e5 Gotland","isPartOf":{"@id":"https:\/\/www.4h.se\/gotland\/#website"},"datePublished":"2018-02-20T09:42:06+00:00","dateModified":"2021-02-19T12:16:23+00:00","description":"Hej och V\u00e4lkomna till Endre 4H-Klubb! H\u00e4r hittar du information om v\u00e5ra aktiviteter fram\u00f6ver.","breadcrumb":{"@id":"https:\/\/www.4h.se\/gotland\/endre-4h-klubb\/#breadcrumb"},"inLanguage":"sv-SE","potentialAction":[{"@type":"ReadAction","target":["https:\/\/www.4h.se\/gotland\/endre-4h-klubb\/"]}]},{"@type":"BreadcrumbList","@id":"https:\/\/www.4h.se\/gotland\/endre-4h-klubb\/#breadcrumb","itemListElement":[{"@type":"ListItem","position":1,"name":"Hem","item":"https:\/\/www.4h.se\/gotland\/"},{"@type":"ListItem","position":2,"name":"Endre 4H-Klubb"}]},{"@type":"WebSite","@id":"https:\/\/www.4h.se\/gotland\/#website","url":"https:\/\/www.4h.se\/gotland\/","name":"4H p\u00e5 Gotland","description":"","potentialAction":[{"@type":"SearchAction","target":{"@type":"EntryPoint","urlTemplate":"https:\/\/www.4h.se\/gotland\/?s={search_term_string}"},"query-input":{"@type":"PropertyValueSpecification","valueRequired":true,"valueName":"search_term_string"}}],"inLanguage":"sv-SE"}]}},"_links":{"self":[{"href":"https:\/\/www.4h.se\/gotland\/wp-json\/wp\/v2\/pages\/400","targetHints":{"allow":["GET"]}}],"collection":[{"href":"https:\/\/www.4h.se\/gotland\/wp-json\/wp\/v2\/pages"}],"about":[{"href":"https:\/\/www.4h.se\/gotland\/wp-json\/wp\/v2\/types\/page"}],"author":[{"embeddable":true,"href":"https:\/\/www.4h.se\/gotland\/wp-json\/wp\/v2\/users\/93"}],"replies":[{"embeddable":true,"href":"https:\/\/www.4h.se\/gotland\/wp-json\/wp\/v2\/comments?post=400"}],"version-history":[{"count":0,"href":"https:\/\/www.4h.se\/gotland\/wp-json\/wp\/v2\/pages\/400\/revisions"}],"wp:attachment":[{"href":"https:\/\/www.4h.se\/gotland\/wp-json\/wp\/v2\/media?parent=400"}],"curies":[{"name":"wp","href":"https:\/\/api.w.org\/{rel}","templated":true}]}}