



{"id":946,"date":"2020-03-23T10:47:17","date_gmt":"2020-03-23T09:47:17","guid":{"rendered":"https:\/\/www.4h.se\/farsna\/?page_id=946"},"modified":"2026-03-14T11:12:53","modified_gmt":"2026-03-14T10:12:53","slug":"pask","status":"publish","type":"page","link":"https:\/\/www.4h.se\/farsna\/pask\/","title":{"rendered":"P\u00e5sk"},"content":{"rendered":"<div class=\"wpb-content-wrapper\"><p>[vc_row][vc_column][vc_column_text css=&#8221;&#8221;]<a href=\"https:\/\/www.4h.se\/farsna\/wp-content\/uploads\/sites\/93\/2020\/03\/unnamed.jpg\"><img loading=\"lazy\" decoding=\"async\" class=\" size-full wp-image-948 aligncenter\" src=\"https:\/\/www.4h.se\/farsna\/wp-content\/uploads\/sites\/93\/2020\/03\/unnamed.jpg\" alt=\"unnamed\" width=\"464\" height=\"189\" srcset=\"https:\/\/www.4h.se\/farsna\/wp-content\/uploads\/sites\/93\/2020\/03\/unnamed.jpg 464w, https:\/\/www.4h.se\/farsna\/wp-content\/uploads\/sites\/93\/2020\/03\/unnamed-170x69.jpg 170w\" sizes=\"auto, (max-width: 464px) 100vw, 464px\" \/><\/a><\/p>\n<h1 style=\"text-align: center;\"><span style=\"color: #ff6600;\">\u00c4ggjakt&nbsp;<\/span><\/h1>\n<h1 style=\"text-align: center;\"><span style=\"color: #ff6600;\">Kl 12-14 p\u00e5 l\u00e5ngfredagen 3 april 2026<\/span><\/h1>\n<h3 style=\"text-align: center;\"><span style=\"color: #ff6600;\">V\u00e4lkomna att fira in p\u00e5skhelgen med oss och djuren! <\/span><\/h3>\n<h3 style=\"text-align: center;\"><span style=\"color: #ff6600;\">\u00c4ggjakt i skogshagen kl 12-14 eller tills p\u00e5skharens \u00e4gg tagit slut 50:- \/ person \u00e5 hittat \u00e4gg.<\/span><\/h3>\n<h2 style=\"text-align: center;\"><span style=\"color: #ff6600;\">Vi \u00f6ppnar upp hos v\u00e5ra h\u00e4rliga f\u00e5r och lamm f\u00f6r mys \u00e5 klappning 25:- \/ pp <span style=\"color: #ff0000;\">om vi \u00e4r mitt i lamning s\u00e5 m\u00e5ste vi tyv\u00e4rr respektera djurens behov av lugn och ro och st\u00e4lla in f\u00e5rklappningen denna g\u00e5ng \ud83d\ude42&nbsp;<\/span><\/span><\/h2>\n<h3 style=\"text-align: center;\"><span style=\"color: #ff6600;\">Kan h\u00e4nda att annat skoj h\u00e4nder under dagen !! \ud83d\ude09&nbsp;<\/span><\/h3>\n<h1 style=\"text-align: center;\"><span style=\"color: #ff9900;\">Under resten av p\u00e5skhelgen \u00e4r g\u00e5rden \u00f6ppen som vanligt 9-16.&nbsp;<\/span><\/h1>\n<h3 style=\"text-align: center;\"><span style=\"color: #ff9900;\">Alla djuren \u00e4r ute i sina hagar.<\/span><\/h3>\n<h3 style=\"text-align: center;\"><span style=\"color: #ff9900;\">V\u00e4lkomna!&nbsp;<\/span><\/h3>\n<h1 style=\"text-align: center;\"><span style=\"color: #ff9900;\"><a href=\"https:\/\/www.4h.se\/farsna\/wp-content\/uploads\/sites\/93\/2020\/03\/P\u00e5sk.jpg\"><img loading=\"lazy\" decoding=\"async\" class=\"alignright size-full wp-image-949\" src=\"https:\/\/www.4h.se\/farsna\/wp-content\/uploads\/sites\/93\/2020\/03\/P\u00e5sk.jpg\" alt=\"P\u00e5sk\" width=\"227\" height=\"188\" srcset=\"https:\/\/www.4h.se\/farsna\/wp-content\/uploads\/sites\/93\/2020\/03\/P\u00e5sk.jpg 227w, https:\/\/www.4h.se\/farsna\/wp-content\/uploads\/sites\/93\/2020\/03\/P\u00e5sk-170x141.jpg 170w\" sizes=\"auto, (max-width: 227px) 100vw, 227px\" \/><\/a><\/span><\/h1>\n<p>[\/vc_column_text][\/vc_column][\/vc_row]<\/p>\n<\/div>","protected":false},"excerpt":{"rendered":"<p>[vc_row][vc_column][vc_column_text css=&#8221;&#8221;] \u00c4ggjakt&nbsp; Kl 12-14 p\u00e5 l\u00e5ngfredagen 3 april 2026 V\u00e4lkomna att fira in p\u00e5skhelgen med oss och djuren! \u00c4ggjakt i skogshagen kl 12-14 eller tills p\u00e5skharens \u00e4gg tagit slut 50:- \/ person \u00e5 hittat \u00e4gg. Vi \u00f6ppnar upp hos v\u00e5ra h\u00e4rliga f\u00e5r och lamm f\u00f6r mys \u00e5 klappning 25:- \/ pp om vi \u00e4r&nbsp; <a href=\"https:\/\/www.4h.se\/farsna\/pask\/\">&hellip; Read more <i class=\"glyphicon glyphicon-arrow-right\"><\/i><\/a><\/p>\n","protected":false},"author":166,"featured_media":0,"parent":0,"menu_order":0,"comment_status":"closed","ping_status":"closed","template":"","meta":{"footnotes":""},"class_list":["post-946","page","type-page","status-publish","hentry"],"yoast_head":"<!-- This site is optimized with the Yoast SEO plugin v27.4 - https:\/\/yoast.com\/product\/yoast-seo-wordpress\/ -->\n<title>P\u00e5sk - F\u00e4rsna 4H-g\u00e5rd<\/title>\n<meta name=\"robots\" content=\"index, follow, max-snippet:-1, max-image-preview:large, max-video-preview:-1\" \/>\n<link rel=\"canonical\" href=\"https:\/\/www.4h.se\/farsna\/pask\/\" \/>\n<meta property=\"og:locale\" content=\"sv_SE\" \/>\n<meta property=\"og:type\" content=\"article\" \/>\n<meta property=\"og:title\" content=\"P\u00e5sk - F\u00e4rsna 4H-g\u00e5rd\" \/>\n<meta property=\"og:description\" content=\"[vc_row][vc_column][vc_column_text css=&#8221;&#8221;] \u00c4ggjakt&nbsp; Kl 12-14 p\u00e5 l\u00e5ngfredagen 3 april 2026 V\u00e4lkomna att fira in p\u00e5skhelgen med oss och djuren! \u00c4ggjakt i skogshagen kl 12-14 eller tills p\u00e5skharens \u00e4gg tagit slut 50:- \/ person \u00e5 hittat \u00e4gg. Vi \u00f6ppnar upp hos v\u00e5ra h\u00e4rliga f\u00e5r och lamm f\u00f6r mys \u00e5 klappning 25:- \/ pp om vi \u00e4r&nbsp; &hellip; Read more\" \/>\n<meta property=\"og:url\" content=\"https:\/\/www.4h.se\/farsna\/pask\/\" \/>\n<meta property=\"og:site_name\" content=\"F\u00e4rsna 4H-g\u00e5rd\" \/>\n<meta property=\"article:modified_time\" content=\"2026-03-14T10:12:53+00:00\" \/>\n<meta property=\"og:image\" content=\"https:\/\/www.4h.se\/farsna\/wp-content\/uploads\/sites\/93\/2020\/03\/unnamed.jpg\" \/>\n\t<meta property=\"og:image:width\" content=\"464\" \/>\n\t<meta property=\"og:image:height\" content=\"189\" \/>\n\t<meta property=\"og:image:type\" content=\"image\/jpeg\" \/>\n<meta name=\"twitter:card\" content=\"summary_large_image\" \/>\n<meta name=\"twitter:label1\" content=\"Ber\u00e4knad l\u00e4stid\" \/>\n\t<meta name=\"twitter:data1\" content=\"1 minut\" \/>\n<script type=\"application\/ld+json\" class=\"yoast-schema-graph\">{\"@context\":\"https:\\\/\\\/schema.org\",\"@graph\":[{\"@type\":\"WebPage\",\"@id\":\"https:\\\/\\\/www.4h.se\\\/farsna\\\/pask\\\/\",\"url\":\"https:\\\/\\\/www.4h.se\\\/farsna\\\/pask\\\/\",\"name\":\"P\u00e5sk - F\u00e4rsna 4H-g\u00e5rd\",\"isPartOf\":{\"@id\":\"https:\\\/\\\/www.4h.se\\\/farsna\\\/#website\"},\"primaryImageOfPage\":{\"@id\":\"https:\\\/\\\/www.4h.se\\\/farsna\\\/pask\\\/#primaryimage\"},\"image\":{\"@id\":\"https:\\\/\\\/www.4h.se\\\/farsna\\\/pask\\\/#primaryimage\"},\"thumbnailUrl\":\"https:\\\/\\\/www.4h.se\\\/farsna\\\/wp-content\\\/uploads\\\/sites\\\/93\\\/2020\\\/03\\\/unnamed.jpg\",\"datePublished\":\"2020-03-23T09:47:17+00:00\",\"dateModified\":\"2026-03-14T10:12:53+00:00\",\"breadcrumb\":{\"@id\":\"https:\\\/\\\/www.4h.se\\\/farsna\\\/pask\\\/#breadcrumb\"},\"inLanguage\":\"sv-SE\",\"potentialAction\":[{\"@type\":\"ReadAction\",\"target\":[\"https:\\\/\\\/www.4h.se\\\/farsna\\\/pask\\\/\"]}]},{\"@type\":\"ImageObject\",\"inLanguage\":\"sv-SE\",\"@id\":\"https:\\\/\\\/www.4h.se\\\/farsna\\\/pask\\\/#primaryimage\",\"url\":\"https:\\\/\\\/www.4h.se\\\/farsna\\\/wp-content\\\/uploads\\\/sites\\\/93\\\/2020\\\/03\\\/unnamed.jpg\",\"contentUrl\":\"https:\\\/\\\/www.4h.se\\\/farsna\\\/wp-content\\\/uploads\\\/sites\\\/93\\\/2020\\\/03\\\/unnamed.jpg\",\"width\":464,\"height\":189},{\"@type\":\"BreadcrumbList\",\"@id\":\"https:\\\/\\\/www.4h.se\\\/farsna\\\/pask\\\/#breadcrumb\",\"itemListElement\":[{\"@type\":\"ListItem\",\"position\":1,\"name\":\"Hem\",\"item\":\"https:\\\/\\\/www.4h.se\\\/farsna\\\/\"},{\"@type\":\"ListItem\",\"position\":2,\"name\":\"P\u00e5sk\"}]},{\"@type\":\"WebSite\",\"@id\":\"https:\\\/\\\/www.4h.se\\\/farsna\\\/#website\",\"url\":\"https:\\\/\\\/www.4h.se\\\/farsna\\\/\",\"name\":\"F\u00e4rsna 4H-g\u00e5rd\",\"description\":\"Huvud, Hj\u00e4rta, H\u00e4lsa, Hand\",\"potentialAction\":[{\"@type\":\"SearchAction\",\"target\":{\"@type\":\"EntryPoint\",\"urlTemplate\":\"https:\\\/\\\/www.4h.se\\\/farsna\\\/?s={search_term_string}\"},\"query-input\":{\"@type\":\"PropertyValueSpecification\",\"valueRequired\":true,\"valueName\":\"search_term_string\"}}],\"inLanguage\":\"sv-SE\"}]}<\/script>\n<!-- \/ Yoast SEO plugin. -->","yoast_head_json":{"title":"P\u00e5sk - F\u00e4rsna 4H-g\u00e5rd","robots":{"index":"index","follow":"follow","max-snippet":"max-snippet:-1","max-image-preview":"max-image-preview:large","max-video-preview":"max-video-preview:-1"},"canonical":"https:\/\/www.4h.se\/farsna\/pask\/","og_locale":"sv_SE","og_type":"article","og_title":"P\u00e5sk - F\u00e4rsna 4H-g\u00e5rd","og_description":"[vc_row][vc_column][vc_column_text css=&#8221;&#8221;] \u00c4ggjakt&nbsp; Kl 12-14 p\u00e5 l\u00e5ngfredagen 3 april 2026 V\u00e4lkomna att fira in p\u00e5skhelgen med oss och djuren! \u00c4ggjakt i skogshagen kl 12-14 eller tills p\u00e5skharens \u00e4gg tagit slut 50:- \/ person \u00e5 hittat \u00e4gg. Vi \u00f6ppnar upp hos v\u00e5ra h\u00e4rliga f\u00e5r och lamm f\u00f6r mys \u00e5 klappning 25:- \/ pp om vi \u00e4r&nbsp; &hellip; Read more","og_url":"https:\/\/www.4h.se\/farsna\/pask\/","og_site_name":"F\u00e4rsna 4H-g\u00e5rd","article_modified_time":"2026-03-14T10:12:53+00:00","og_image":[{"width":464,"height":189,"url":"https:\/\/www.4h.se\/farsna\/wp-content\/uploads\/sites\/93\/2020\/03\/unnamed.jpg","type":"image\/jpeg"}],"twitter_card":"summary_large_image","twitter_misc":{"Ber\u00e4knad l\u00e4stid":"1 minut"},"schema":{"@context":"https:\/\/schema.org","@graph":[{"@type":"WebPage","@id":"https:\/\/www.4h.se\/farsna\/pask\/","url":"https:\/\/www.4h.se\/farsna\/pask\/","name":"P\u00e5sk - F\u00e4rsna 4H-g\u00e5rd","isPartOf":{"@id":"https:\/\/www.4h.se\/farsna\/#website"},"primaryImageOfPage":{"@id":"https:\/\/www.4h.se\/farsna\/pask\/#primaryimage"},"image":{"@id":"https:\/\/www.4h.se\/farsna\/pask\/#primaryimage"},"thumbnailUrl":"https:\/\/www.4h.se\/farsna\/wp-content\/uploads\/sites\/93\/2020\/03\/unnamed.jpg","datePublished":"2020-03-23T09:47:17+00:00","dateModified":"2026-03-14T10:12:53+00:00","breadcrumb":{"@id":"https:\/\/www.4h.se\/farsna\/pask\/#breadcrumb"},"inLanguage":"sv-SE","potentialAction":[{"@type":"ReadAction","target":["https:\/\/www.4h.se\/farsna\/pask\/"]}]},{"@type":"ImageObject","inLanguage":"sv-SE","@id":"https:\/\/www.4h.se\/farsna\/pask\/#primaryimage","url":"https:\/\/www.4h.se\/farsna\/wp-content\/uploads\/sites\/93\/2020\/03\/unnamed.jpg","contentUrl":"https:\/\/www.4h.se\/farsna\/wp-content\/uploads\/sites\/93\/2020\/03\/unnamed.jpg","width":464,"height":189},{"@type":"BreadcrumbList","@id":"https:\/\/www.4h.se\/farsna\/pask\/#breadcrumb","itemListElement":[{"@type":"ListItem","position":1,"name":"Hem","item":"https:\/\/www.4h.se\/farsna\/"},{"@type":"ListItem","position":2,"name":"P\u00e5sk"}]},{"@type":"WebSite","@id":"https:\/\/www.4h.se\/farsna\/#website","url":"https:\/\/www.4h.se\/farsna\/","name":"F\u00e4rsna 4H-g\u00e5rd","description":"Huvud, Hj\u00e4rta, H\u00e4lsa, Hand","potentialAction":[{"@type":"SearchAction","target":{"@type":"EntryPoint","urlTemplate":"https:\/\/www.4h.se\/farsna\/?s={search_term_string}"},"query-input":{"@type":"PropertyValueSpecification","valueRequired":true,"valueName":"search_term_string"}}],"inLanguage":"sv-SE"}]}},"_links":{"self":[{"href":"https:\/\/www.4h.se\/farsna\/wp-json\/wp\/v2\/pages\/946","targetHints":{"allow":["GET"]}}],"collection":[{"href":"https:\/\/www.4h.se\/farsna\/wp-json\/wp\/v2\/pages"}],"about":[{"href":"https:\/\/www.4h.se\/farsna\/wp-json\/wp\/v2\/types\/page"}],"author":[{"embeddable":true,"href":"https:\/\/www.4h.se\/farsna\/wp-json\/wp\/v2\/users\/166"}],"replies":[{"embeddable":true,"href":"https:\/\/www.4h.se\/farsna\/wp-json\/wp\/v2\/comments?post=946"}],"version-history":[{"count":0,"href":"https:\/\/www.4h.se\/farsna\/wp-json\/wp\/v2\/pages\/946\/revisions"}],"wp:attachment":[{"href":"https:\/\/www.4h.se\/farsna\/wp-json\/wp\/v2\/media?parent=946"}],"curies":[{"name":"wp","href":"https:\/\/api.w.org\/{rel}","templated":true}]}}