



{"id":860,"date":"2020-02-11T11:31:56","date_gmt":"2020-02-11T10:31:56","guid":{"rendered":"https:\/\/www.4h.se\/farsna\/?page_id=860"},"modified":"2021-11-09T14:49:46","modified_gmt":"2021-11-09T13:49:46","slug":"hons","status":"publish","type":"page","link":"https:\/\/www.4h.se\/farsna\/hons\/","title":{"rendered":"H\u00f6ns"},"content":{"rendered":"<div class=\"wpb-content-wrapper\"><p>[vc_row][vc_column][vc_column_text]<\/p>\n<h1 style=\"text-align: center\"><span style=\"color: #008000\">H\u00f6ns<\/span><\/h1>\n<p style=\"text-align: center\"><em>Genbanksansluten lantras<\/em><\/p>\n<h3 style=\"text-align: center\">P\u00e5 g\u00e5rden bor en flock h\u00f6ns med en tupp av rasen gammalsvensk dv\u00e4rgh\u00f6na.<\/h3>\n<p style=\"text-align: center\">\u00a0<a href=\"https:\/\/www.4h.se\/farsna\/wp-content\/uploads\/sites\/93\/2018\/04\/IMG_7389-2.jpg\"><img loading=\"lazy\" decoding=\"async\" class=\"alignnone size-medium wp-image-750\" src=\"https:\/\/www.4h.se\/farsna\/wp-content\/uploads\/sites\/93\/2018\/04\/IMG_7389-2-200x300.jpg\" alt=\"IMG_7389 (2)\" width=\"200\" height=\"300\" srcset=\"https:\/\/www.4h.se\/farsna\/wp-content\/uploads\/sites\/93\/2018\/04\/IMG_7389-2-200x300.jpg 200w, https:\/\/www.4h.se\/farsna\/wp-content\/uploads\/sites\/93\/2018\/04\/IMG_7389-2-100x150.jpg 100w, https:\/\/www.4h.se\/farsna\/wp-content\/uploads\/sites\/93\/2018\/04\/IMG_7389-2-683x1024.jpg 683w\" sizes=\"auto, (max-width: 200px) 100vw, 200px\" \/><\/a>\u00a0<a href=\"https:\/\/www.4h.se\/farsna\/wp-content\/uploads\/sites\/93\/2018\/08\/IMG_7404.jpg\"><img loading=\"lazy\" decoding=\"async\" class=\"alignnone size-medium wp-image-740\" src=\"https:\/\/www.4h.se\/farsna\/wp-content\/uploads\/sites\/93\/2018\/08\/IMG_7404-450x300.jpg\" alt=\"IMG_7404\" width=\"450\" height=\"300\" srcset=\"https:\/\/www.4h.se\/farsna\/wp-content\/uploads\/sites\/93\/2018\/08\/IMG_7404-450x300.jpg 450w, https:\/\/www.4h.se\/farsna\/wp-content\/uploads\/sites\/93\/2018\/08\/IMG_7404-170x113.jpg 170w, https:\/\/www.4h.se\/farsna\/wp-content\/uploads\/sites\/93\/2018\/08\/IMG_7404-970x647.jpg 970w\" sizes=\"auto, (max-width: 450px) 100vw, 450px\" \/><\/a><\/p>\n<p>[\/vc_column_text][\/vc_column][\/vc_row]<\/p>\n<\/div>","protected":false},"excerpt":{"rendered":"<p>[vc_row][vc_column][vc_column_text] H\u00f6ns Genbanksansluten lantras P\u00e5 g\u00e5rden bor en flock h\u00f6ns med en tupp av rasen gammalsvensk dv\u00e4rgh\u00f6na. \u00a0\u00a0 [\/vc_column_text][\/vc_column][\/vc_row]<\/p>\n","protected":false},"author":166,"featured_media":0,"parent":0,"menu_order":0,"comment_status":"closed","ping_status":"closed","template":"","meta":{"footnotes":""},"class_list":["post-860","page","type-page","status-publish","hentry"],"yoast_head":"<!-- This site is optimized with the Yoast SEO plugin v27.4 - https:\/\/yoast.com\/product\/yoast-seo-wordpress\/ -->\n<title>H\u00f6ns - F\u00e4rsna 4H-g\u00e5rd<\/title>\n<meta name=\"robots\" content=\"index, follow, max-snippet:-1, max-image-preview:large, max-video-preview:-1\" \/>\n<link rel=\"canonical\" href=\"https:\/\/www.4h.se\/farsna\/hons\/\" \/>\n<meta property=\"og:locale\" content=\"sv_SE\" \/>\n<meta property=\"og:type\" content=\"article\" \/>\n<meta property=\"og:title\" content=\"H\u00f6ns - F\u00e4rsna 4H-g\u00e5rd\" \/>\n<meta property=\"og:description\" content=\"[vc_row][vc_column][vc_column_text] H\u00f6ns Genbanksansluten lantras P\u00e5 g\u00e5rden bor en flock h\u00f6ns med en tupp av rasen gammalsvensk dv\u00e4rgh\u00f6na. \u00a0\u00a0 [\/vc_column_text][\/vc_column][\/vc_row]\" \/>\n<meta property=\"og:url\" content=\"https:\/\/www.4h.se\/farsna\/hons\/\" \/>\n<meta property=\"og:site_name\" content=\"F\u00e4rsna 4H-g\u00e5rd\" \/>\n<meta property=\"article:modified_time\" content=\"2021-11-09T13:49:46+00:00\" \/>\n<meta property=\"og:image\" content=\"https:\/\/www.4h.se\/farsna\/wp-content\/uploads\/sites\/93\/2018\/04\/IMG_7389-2-200x300.jpg\" \/>\n<meta name=\"twitter:card\" content=\"summary_large_image\" \/>\n<script type=\"application\/ld+json\" class=\"yoast-schema-graph\">{\"@context\":\"https:\\\/\\\/schema.org\",\"@graph\":[{\"@type\":\"WebPage\",\"@id\":\"https:\\\/\\\/www.4h.se\\\/farsna\\\/hons\\\/\",\"url\":\"https:\\\/\\\/www.4h.se\\\/farsna\\\/hons\\\/\",\"name\":\"H\u00f6ns - F\u00e4rsna 4H-g\u00e5rd\",\"isPartOf\":{\"@id\":\"https:\\\/\\\/www.4h.se\\\/farsna\\\/#website\"},\"primaryImageOfPage\":{\"@id\":\"https:\\\/\\\/www.4h.se\\\/farsna\\\/hons\\\/#primaryimage\"},\"image\":{\"@id\":\"https:\\\/\\\/www.4h.se\\\/farsna\\\/hons\\\/#primaryimage\"},\"thumbnailUrl\":\"https:\\\/\\\/www.4h.se\\\/farsna\\\/wp-content\\\/uploads\\\/sites\\\/93\\\/2018\\\/04\\\/IMG_7389-2-200x300.jpg\",\"datePublished\":\"2020-02-11T10:31:56+00:00\",\"dateModified\":\"2021-11-09T13:49:46+00:00\",\"breadcrumb\":{\"@id\":\"https:\\\/\\\/www.4h.se\\\/farsna\\\/hons\\\/#breadcrumb\"},\"inLanguage\":\"sv-SE\",\"potentialAction\":[{\"@type\":\"ReadAction\",\"target\":[\"https:\\\/\\\/www.4h.se\\\/farsna\\\/hons\\\/\"]}]},{\"@type\":\"ImageObject\",\"inLanguage\":\"sv-SE\",\"@id\":\"https:\\\/\\\/www.4h.se\\\/farsna\\\/hons\\\/#primaryimage\",\"url\":\"https:\\\/\\\/www.4h.se\\\/farsna\\\/wp-content\\\/uploads\\\/sites\\\/93\\\/2018\\\/04\\\/IMG_7389-2.jpg\",\"contentUrl\":\"https:\\\/\\\/www.4h.se\\\/farsna\\\/wp-content\\\/uploads\\\/sites\\\/93\\\/2018\\\/04\\\/IMG_7389-2.jpg\",\"width\":3456,\"height\":5184},{\"@type\":\"BreadcrumbList\",\"@id\":\"https:\\\/\\\/www.4h.se\\\/farsna\\\/hons\\\/#breadcrumb\",\"itemListElement\":[{\"@type\":\"ListItem\",\"position\":1,\"name\":\"Hem\",\"item\":\"https:\\\/\\\/www.4h.se\\\/farsna\\\/\"},{\"@type\":\"ListItem\",\"position\":2,\"name\":\"H\u00f6ns\"}]},{\"@type\":\"WebSite\",\"@id\":\"https:\\\/\\\/www.4h.se\\\/farsna\\\/#website\",\"url\":\"https:\\\/\\\/www.4h.se\\\/farsna\\\/\",\"name\":\"F\u00e4rsna 4H-g\u00e5rd\",\"description\":\"Huvud, Hj\u00e4rta, H\u00e4lsa, Hand\",\"potentialAction\":[{\"@type\":\"SearchAction\",\"target\":{\"@type\":\"EntryPoint\",\"urlTemplate\":\"https:\\\/\\\/www.4h.se\\\/farsna\\\/?s={search_term_string}\"},\"query-input\":{\"@type\":\"PropertyValueSpecification\",\"valueRequired\":true,\"valueName\":\"search_term_string\"}}],\"inLanguage\":\"sv-SE\"}]}<\/script>\n<!-- \/ Yoast SEO plugin. -->","yoast_head_json":{"title":"H\u00f6ns - F\u00e4rsna 4H-g\u00e5rd","robots":{"index":"index","follow":"follow","max-snippet":"max-snippet:-1","max-image-preview":"max-image-preview:large","max-video-preview":"max-video-preview:-1"},"canonical":"https:\/\/www.4h.se\/farsna\/hons\/","og_locale":"sv_SE","og_type":"article","og_title":"H\u00f6ns - F\u00e4rsna 4H-g\u00e5rd","og_description":"[vc_row][vc_column][vc_column_text] H\u00f6ns Genbanksansluten lantras P\u00e5 g\u00e5rden bor en flock h\u00f6ns med en tupp av rasen gammalsvensk dv\u00e4rgh\u00f6na. \u00a0\u00a0 [\/vc_column_text][\/vc_column][\/vc_row]","og_url":"https:\/\/www.4h.se\/farsna\/hons\/","og_site_name":"F\u00e4rsna 4H-g\u00e5rd","article_modified_time":"2021-11-09T13:49:46+00:00","og_image":[{"url":"https:\/\/www.4h.se\/farsna\/wp-content\/uploads\/sites\/93\/2018\/04\/IMG_7389-2-200x300.jpg","type":"","width":"","height":""}],"twitter_card":"summary_large_image","schema":{"@context":"https:\/\/schema.org","@graph":[{"@type":"WebPage","@id":"https:\/\/www.4h.se\/farsna\/hons\/","url":"https:\/\/www.4h.se\/farsna\/hons\/","name":"H\u00f6ns - F\u00e4rsna 4H-g\u00e5rd","isPartOf":{"@id":"https:\/\/www.4h.se\/farsna\/#website"},"primaryImageOfPage":{"@id":"https:\/\/www.4h.se\/farsna\/hons\/#primaryimage"},"image":{"@id":"https:\/\/www.4h.se\/farsna\/hons\/#primaryimage"},"thumbnailUrl":"https:\/\/www.4h.se\/farsna\/wp-content\/uploads\/sites\/93\/2018\/04\/IMG_7389-2-200x300.jpg","datePublished":"2020-02-11T10:31:56+00:00","dateModified":"2021-11-09T13:49:46+00:00","breadcrumb":{"@id":"https:\/\/www.4h.se\/farsna\/hons\/#breadcrumb"},"inLanguage":"sv-SE","potentialAction":[{"@type":"ReadAction","target":["https:\/\/www.4h.se\/farsna\/hons\/"]}]},{"@type":"ImageObject","inLanguage":"sv-SE","@id":"https:\/\/www.4h.se\/farsna\/hons\/#primaryimage","url":"https:\/\/www.4h.se\/farsna\/wp-content\/uploads\/sites\/93\/2018\/04\/IMG_7389-2.jpg","contentUrl":"https:\/\/www.4h.se\/farsna\/wp-content\/uploads\/sites\/93\/2018\/04\/IMG_7389-2.jpg","width":3456,"height":5184},{"@type":"BreadcrumbList","@id":"https:\/\/www.4h.se\/farsna\/hons\/#breadcrumb","itemListElement":[{"@type":"ListItem","position":1,"name":"Hem","item":"https:\/\/www.4h.se\/farsna\/"},{"@type":"ListItem","position":2,"name":"H\u00f6ns"}]},{"@type":"WebSite","@id":"https:\/\/www.4h.se\/farsna\/#website","url":"https:\/\/www.4h.se\/farsna\/","name":"F\u00e4rsna 4H-g\u00e5rd","description":"Huvud, Hj\u00e4rta, H\u00e4lsa, Hand","potentialAction":[{"@type":"SearchAction","target":{"@type":"EntryPoint","urlTemplate":"https:\/\/www.4h.se\/farsna\/?s={search_term_string}"},"query-input":{"@type":"PropertyValueSpecification","valueRequired":true,"valueName":"search_term_string"}}],"inLanguage":"sv-SE"}]}},"_links":{"self":[{"href":"https:\/\/www.4h.se\/farsna\/wp-json\/wp\/v2\/pages\/860","targetHints":{"allow":["GET"]}}],"collection":[{"href":"https:\/\/www.4h.se\/farsna\/wp-json\/wp\/v2\/pages"}],"about":[{"href":"https:\/\/www.4h.se\/farsna\/wp-json\/wp\/v2\/types\/page"}],"author":[{"embeddable":true,"href":"https:\/\/www.4h.se\/farsna\/wp-json\/wp\/v2\/users\/166"}],"replies":[{"embeddable":true,"href":"https:\/\/www.4h.se\/farsna\/wp-json\/wp\/v2\/comments?post=860"}],"version-history":[{"count":0,"href":"https:\/\/www.4h.se\/farsna\/wp-json\/wp\/v2\/pages\/860\/revisions"}],"wp:attachment":[{"href":"https:\/\/www.4h.se\/farsna\/wp-json\/wp\/v2\/media?parent=860"}],"curies":[{"name":"wp","href":"https:\/\/api.w.org\/{rel}","templated":true}]}}