



{"id":857,"date":"2020-02-11T11:31:20","date_gmt":"2020-02-11T10:31:20","guid":{"rendered":"https:\/\/www.4h.se\/farsna\/?page_id=857"},"modified":"2023-07-12T15:09:25","modified_gmt":"2023-07-12T13:09:25","slug":"getter","status":"publish","type":"page","link":"https:\/\/www.4h.se\/farsna\/getter\/","title":{"rendered":"Getter"},"content":{"rendered":"<div class=\"wpb-content-wrapper\"><p>[vc_row][vc_column][vc_column_text]&nbsp;<\/p>\n<h1 style=\"text-align: center;\"><span style=\"color: #008000;\">Getter<\/span><\/h1>\n<p style=\"text-align: center;\"><em>Genbanksansluten lantras.<\/em><\/p>\n<h3 style=\"text-align: center;\">P\u00e5 g\u00e5rden bor tv\u00e5 stycken J\u00e4mtgetter.<\/h3>\n<h4 style=\"text-align: center;\"><\/h4>\n<p>&nbsp;<\/p>\n<p><img loading=\"lazy\" decoding=\"async\" class=\"aligncenter size-medium wp-image-1050\" src=\"https:\/\/www.4h.se\/farsna\/wp-content\/uploads\/sites\/93\/2020\/02\/thumbnail_IMG_3980-225x300.jpg\" alt=\"thumbnail_IMG_3980\" width=\"225\" height=\"300\" srcset=\"https:\/\/www.4h.se\/farsna\/wp-content\/uploads\/sites\/93\/2020\/02\/thumbnail_IMG_3980-225x300.jpg 225w, https:\/\/www.4h.se\/farsna\/wp-content\/uploads\/sites\/93\/2020\/02\/thumbnail_IMG_3980-113x150.jpg 113w, https:\/\/www.4h.se\/farsna\/wp-content\/uploads\/sites\/93\/2020\/02\/thumbnail_IMG_3980.jpg 480w\" sizes=\"auto, (max-width: 225px) 100vw, 225px\" \/><\/p>\n<h3 style=\"text-align: center;\">Astrid<\/h3>\n<h4 style=\"text-align: center;\">F\u00f6dd 2019 06 07<\/h4>\n<p>&nbsp;<\/p>\n<h4 style=\"text-align: center;\"><\/h4>\n<p>&nbsp;<\/p>\n<h4 style=\"text-align: center;\"><\/h4>\n<p>&nbsp;<\/p>\n<p><a href=\"https:\/\/www.4h.se\/farsna\/wp-content\/uploads\/sites\/93\/2020\/02\/thumbnail_IMG_4638.jpg\"><img loading=\"lazy\" decoding=\"async\" class=\"aligncenter size-medium wp-image-1051\" src=\"https:\/\/www.4h.se\/farsna\/wp-content\/uploads\/sites\/93\/2020\/02\/thumbnail_IMG_4638-225x300.jpg\" alt=\"thumbnail_IMG_4638\" width=\"225\" height=\"300\" srcset=\"https:\/\/www.4h.se\/farsna\/wp-content\/uploads\/sites\/93\/2020\/02\/thumbnail_IMG_4638-225x300.jpg 225w, https:\/\/www.4h.se\/farsna\/wp-content\/uploads\/sites\/93\/2020\/02\/thumbnail_IMG_4638-113x150.jpg 113w, https:\/\/www.4h.se\/farsna\/wp-content\/uploads\/sites\/93\/2020\/02\/thumbnail_IMG_4638.jpg 481w\" sizes=\"auto, (max-width: 225px) 100vw, 225px\" \/><\/a><\/p>\n<h3 style=\"text-align: center;\">Freja<\/h3>\n<h4 style=\"text-align: center;\">F\u00f6dd 2021<\/h4>\n<p>[\/vc_column_text][\/vc_column][\/vc_row]<\/p>\n<\/div>","protected":false},"excerpt":{"rendered":"<p>[vc_row][vc_column][vc_column_text]&nbsp; Getter Genbanksansluten lantras. P\u00e5 g\u00e5rden bor tv\u00e5 stycken J\u00e4mtgetter. &nbsp; Astrid F\u00f6dd 2019 06 07 &nbsp; &nbsp; &nbsp; Freja F\u00f6dd 2021 [\/vc_column_text][\/vc_column][\/vc_row]<\/p>\n","protected":false},"author":166,"featured_media":0,"parent":0,"menu_order":0,"comment_status":"closed","ping_status":"closed","template":"","meta":{"footnotes":""},"class_list":["post-857","page","type-page","status-publish","hentry"],"yoast_head":"<!-- This site is optimized with the Yoast SEO plugin v27.4 - https:\/\/yoast.com\/product\/yoast-seo-wordpress\/ -->\n<title>Getter - F\u00e4rsna 4H-g\u00e5rd<\/title>\n<meta name=\"robots\" content=\"index, follow, max-snippet:-1, max-image-preview:large, max-video-preview:-1\" \/>\n<link rel=\"canonical\" href=\"https:\/\/www.4h.se\/farsna\/getter\/\" \/>\n<meta property=\"og:locale\" content=\"sv_SE\" \/>\n<meta property=\"og:type\" content=\"article\" \/>\n<meta property=\"og:title\" content=\"Getter - F\u00e4rsna 4H-g\u00e5rd\" \/>\n<meta property=\"og:description\" content=\"[vc_row][vc_column][vc_column_text]&nbsp; Getter Genbanksansluten lantras. P\u00e5 g\u00e5rden bor tv\u00e5 stycken J\u00e4mtgetter. &nbsp; Astrid F\u00f6dd 2019 06 07 &nbsp; &nbsp; &nbsp; Freja F\u00f6dd 2021 [\/vc_column_text][\/vc_column][\/vc_row]\" \/>\n<meta property=\"og:url\" content=\"https:\/\/www.4h.se\/farsna\/getter\/\" \/>\n<meta property=\"og:site_name\" content=\"F\u00e4rsna 4H-g\u00e5rd\" \/>\n<meta property=\"article:modified_time\" content=\"2023-07-12T13:09:25+00:00\" \/>\n<meta property=\"og:image\" content=\"https:\/\/www.4h.se\/farsna\/wp-content\/uploads\/sites\/93\/2020\/02\/thumbnail_IMG_3980-225x300.jpg\" \/>\n<meta name=\"twitter:card\" content=\"summary_large_image\" \/>\n<script type=\"application\/ld+json\" class=\"yoast-schema-graph\">{\"@context\":\"https:\\\/\\\/schema.org\",\"@graph\":[{\"@type\":\"WebPage\",\"@id\":\"https:\\\/\\\/www.4h.se\\\/farsna\\\/getter\\\/\",\"url\":\"https:\\\/\\\/www.4h.se\\\/farsna\\\/getter\\\/\",\"name\":\"Getter - F\u00e4rsna 4H-g\u00e5rd\",\"isPartOf\":{\"@id\":\"https:\\\/\\\/www.4h.se\\\/farsna\\\/#website\"},\"primaryImageOfPage\":{\"@id\":\"https:\\\/\\\/www.4h.se\\\/farsna\\\/getter\\\/#primaryimage\"},\"image\":{\"@id\":\"https:\\\/\\\/www.4h.se\\\/farsna\\\/getter\\\/#primaryimage\"},\"thumbnailUrl\":\"https:\\\/\\\/www.4h.se\\\/farsna\\\/wp-content\\\/uploads\\\/sites\\\/93\\\/2020\\\/02\\\/thumbnail_IMG_3980-225x300.jpg\",\"datePublished\":\"2020-02-11T10:31:20+00:00\",\"dateModified\":\"2023-07-12T13:09:25+00:00\",\"breadcrumb\":{\"@id\":\"https:\\\/\\\/www.4h.se\\\/farsna\\\/getter\\\/#breadcrumb\"},\"inLanguage\":\"sv-SE\",\"potentialAction\":[{\"@type\":\"ReadAction\",\"target\":[\"https:\\\/\\\/www.4h.se\\\/farsna\\\/getter\\\/\"]}]},{\"@type\":\"ImageObject\",\"inLanguage\":\"sv-SE\",\"@id\":\"https:\\\/\\\/www.4h.se\\\/farsna\\\/getter\\\/#primaryimage\",\"url\":\"https:\\\/\\\/www.4h.se\\\/farsna\\\/wp-content\\\/uploads\\\/sites\\\/93\\\/2020\\\/02\\\/thumbnail_IMG_3980.jpg\",\"contentUrl\":\"https:\\\/\\\/www.4h.se\\\/farsna\\\/wp-content\\\/uploads\\\/sites\\\/93\\\/2020\\\/02\\\/thumbnail_IMG_3980.jpg\",\"width\":480,\"height\":640},{\"@type\":\"BreadcrumbList\",\"@id\":\"https:\\\/\\\/www.4h.se\\\/farsna\\\/getter\\\/#breadcrumb\",\"itemListElement\":[{\"@type\":\"ListItem\",\"position\":1,\"name\":\"Hem\",\"item\":\"https:\\\/\\\/www.4h.se\\\/farsna\\\/\"},{\"@type\":\"ListItem\",\"position\":2,\"name\":\"Getter\"}]},{\"@type\":\"WebSite\",\"@id\":\"https:\\\/\\\/www.4h.se\\\/farsna\\\/#website\",\"url\":\"https:\\\/\\\/www.4h.se\\\/farsna\\\/\",\"name\":\"F\u00e4rsna 4H-g\u00e5rd\",\"description\":\"Huvud, Hj\u00e4rta, H\u00e4lsa, Hand\",\"potentialAction\":[{\"@type\":\"SearchAction\",\"target\":{\"@type\":\"EntryPoint\",\"urlTemplate\":\"https:\\\/\\\/www.4h.se\\\/farsna\\\/?s={search_term_string}\"},\"query-input\":{\"@type\":\"PropertyValueSpecification\",\"valueRequired\":true,\"valueName\":\"search_term_string\"}}],\"inLanguage\":\"sv-SE\"}]}<\/script>\n<!-- \/ Yoast SEO plugin. -->","yoast_head_json":{"title":"Getter - F\u00e4rsna 4H-g\u00e5rd","robots":{"index":"index","follow":"follow","max-snippet":"max-snippet:-1","max-image-preview":"max-image-preview:large","max-video-preview":"max-video-preview:-1"},"canonical":"https:\/\/www.4h.se\/farsna\/getter\/","og_locale":"sv_SE","og_type":"article","og_title":"Getter - F\u00e4rsna 4H-g\u00e5rd","og_description":"[vc_row][vc_column][vc_column_text]&nbsp; Getter Genbanksansluten lantras. P\u00e5 g\u00e5rden bor tv\u00e5 stycken J\u00e4mtgetter. &nbsp; Astrid F\u00f6dd 2019 06 07 &nbsp; &nbsp; &nbsp; Freja F\u00f6dd 2021 [\/vc_column_text][\/vc_column][\/vc_row]","og_url":"https:\/\/www.4h.se\/farsna\/getter\/","og_site_name":"F\u00e4rsna 4H-g\u00e5rd","article_modified_time":"2023-07-12T13:09:25+00:00","og_image":[{"url":"https:\/\/www.4h.se\/farsna\/wp-content\/uploads\/sites\/93\/2020\/02\/thumbnail_IMG_3980-225x300.jpg","type":"","width":"","height":""}],"twitter_card":"summary_large_image","schema":{"@context":"https:\/\/schema.org","@graph":[{"@type":"WebPage","@id":"https:\/\/www.4h.se\/farsna\/getter\/","url":"https:\/\/www.4h.se\/farsna\/getter\/","name":"Getter - F\u00e4rsna 4H-g\u00e5rd","isPartOf":{"@id":"https:\/\/www.4h.se\/farsna\/#website"},"primaryImageOfPage":{"@id":"https:\/\/www.4h.se\/farsna\/getter\/#primaryimage"},"image":{"@id":"https:\/\/www.4h.se\/farsna\/getter\/#primaryimage"},"thumbnailUrl":"https:\/\/www.4h.se\/farsna\/wp-content\/uploads\/sites\/93\/2020\/02\/thumbnail_IMG_3980-225x300.jpg","datePublished":"2020-02-11T10:31:20+00:00","dateModified":"2023-07-12T13:09:25+00:00","breadcrumb":{"@id":"https:\/\/www.4h.se\/farsna\/getter\/#breadcrumb"},"inLanguage":"sv-SE","potentialAction":[{"@type":"ReadAction","target":["https:\/\/www.4h.se\/farsna\/getter\/"]}]},{"@type":"ImageObject","inLanguage":"sv-SE","@id":"https:\/\/www.4h.se\/farsna\/getter\/#primaryimage","url":"https:\/\/www.4h.se\/farsna\/wp-content\/uploads\/sites\/93\/2020\/02\/thumbnail_IMG_3980.jpg","contentUrl":"https:\/\/www.4h.se\/farsna\/wp-content\/uploads\/sites\/93\/2020\/02\/thumbnail_IMG_3980.jpg","width":480,"height":640},{"@type":"BreadcrumbList","@id":"https:\/\/www.4h.se\/farsna\/getter\/#breadcrumb","itemListElement":[{"@type":"ListItem","position":1,"name":"Hem","item":"https:\/\/www.4h.se\/farsna\/"},{"@type":"ListItem","position":2,"name":"Getter"}]},{"@type":"WebSite","@id":"https:\/\/www.4h.se\/farsna\/#website","url":"https:\/\/www.4h.se\/farsna\/","name":"F\u00e4rsna 4H-g\u00e5rd","description":"Huvud, Hj\u00e4rta, H\u00e4lsa, Hand","potentialAction":[{"@type":"SearchAction","target":{"@type":"EntryPoint","urlTemplate":"https:\/\/www.4h.se\/farsna\/?s={search_term_string}"},"query-input":{"@type":"PropertyValueSpecification","valueRequired":true,"valueName":"search_term_string"}}],"inLanguage":"sv-SE"}]}},"_links":{"self":[{"href":"https:\/\/www.4h.se\/farsna\/wp-json\/wp\/v2\/pages\/857","targetHints":{"allow":["GET"]}}],"collection":[{"href":"https:\/\/www.4h.se\/farsna\/wp-json\/wp\/v2\/pages"}],"about":[{"href":"https:\/\/www.4h.se\/farsna\/wp-json\/wp\/v2\/types\/page"}],"author":[{"embeddable":true,"href":"https:\/\/www.4h.se\/farsna\/wp-json\/wp\/v2\/users\/166"}],"replies":[{"embeddable":true,"href":"https:\/\/www.4h.se\/farsna\/wp-json\/wp\/v2\/comments?post=857"}],"version-history":[{"count":0,"href":"https:\/\/www.4h.se\/farsna\/wp-json\/wp\/v2\/pages\/857\/revisions"}],"wp:attachment":[{"href":"https:\/\/www.4h.se\/farsna\/wp-json\/wp\/v2\/media?parent=857"}],"curies":[{"name":"wp","href":"https:\/\/api.w.org\/{rel}","templated":true}]}}