



{"id":831,"date":"2020-01-16T13:12:27","date_gmt":"2020-01-16T12:12:27","guid":{"rendered":"https:\/\/www.4h.se\/farsna\/?page_id=831"},"modified":"2025-08-27T14:03:17","modified_gmt":"2025-08-27T12:03:17","slug":"4h-dagen","status":"publish","type":"page","link":"https:\/\/www.4h.se\/farsna\/4h-dagen\/","title":{"rendered":"4H dagen"},"content":{"rendered":"<div class=\"wpb-content-wrapper\"><p>[vc_row][vc_column][vc_column_text css=&#8221;&#8221;]<\/p>\n<h1 style=\"text-align: center;\"><\/h1>\n<h1 style=\"text-align: center;\"><a href=\"https:\/\/www.4h.se\/farsna\/wp-content\/uploads\/sites\/93\/2020\/01\/IMG_0587.jpg\"><img loading=\"lazy\" decoding=\"async\" class=\"aligncenter size-medium wp-image-1042\" src=\"https:\/\/www.4h.se\/farsna\/wp-content\/uploads\/sites\/93\/2020\/01\/IMG_0587-438x300.jpg\" alt=\"IMG_0587\" width=\"438\" height=\"300\" srcset=\"https:\/\/www.4h.se\/farsna\/wp-content\/uploads\/sites\/93\/2020\/01\/IMG_0587-438x300.jpg 438w, https:\/\/www.4h.se\/farsna\/wp-content\/uploads\/sites\/93\/2020\/01\/IMG_0587-170x117.jpg 170w, https:\/\/www.4h.se\/farsna\/wp-content\/uploads\/sites\/93\/2020\/01\/IMG_0587-970x665.jpg 970w, https:\/\/www.4h.se\/farsna\/wp-content\/uploads\/sites\/93\/2020\/01\/IMG_0587.jpg 1094w\" sizes=\"auto, (max-width: 438px) 100vw, 438px\" \/><\/a><\/h1>\n<h1 style=\"text-align: center;\"><span style=\"color: #008000;\">F\u00e4rsna &amp; 4H dagen <\/span><\/h1>\n<h1 style=\"text-align: center;\"><span style=\"color: #008000;\">20\/9 2025 kl 11-15<\/span><\/h1>\n<p>&nbsp;<\/p>\n<h3 style=\"text-align: center;\">Bes\u00f6k 4H djuren, klappa f\u00e5ren.<\/h3>\n<h3 style=\"text-align: center;\">F\u00f6rs\u00e4ljning<\/h3>\n<h3 style=\"text-align: center;\">K\u00e4pph\u00e4sthoppning<\/h3>\n<h3 style=\"text-align: center;\">Aktiviteter i tr\u00e4dg\u00e5rden med Norrt\u00e4lje Natur centrum<\/h3>\n<h3 style=\"text-align: center;\">Caf\u00e9<\/h3>\n<h3 style=\"text-align: center;\"><em>Varmt v\u00e4lkomna!<\/em><\/h3>\n<p>[\/vc_column_text][\/vc_column][\/vc_row]<\/p>\n<\/div>","protected":false},"excerpt":{"rendered":"<p>[vc_row][vc_column][vc_column_text css=&#8221;&#8221;] F\u00e4rsna &amp; 4H dagen 20\/9 2025 kl 11-15 &nbsp; Bes\u00f6k 4H djuren, klappa f\u00e5ren. F\u00f6rs\u00e4ljning K\u00e4pph\u00e4sthoppning Aktiviteter i tr\u00e4dg\u00e5rden med Norrt\u00e4lje Natur centrum Caf\u00e9 Varmt v\u00e4lkomna! [\/vc_column_text][\/vc_column][\/vc_row]<\/p>\n","protected":false},"author":166,"featured_media":0,"parent":0,"menu_order":0,"comment_status":"closed","ping_status":"closed","template":"","meta":{"_acf_changed":false,"footnotes":""},"class_list":["post-831","page","type-page","status-publish","hentry"],"acf":[],"yoast_head":"<!-- This site is optimized with the Yoast SEO plugin v27.5 - https:\/\/yoast.com\/product\/yoast-seo-wordpress\/ -->\n<title>4H dagen - F\u00e4rsna 4H-g\u00e5rd<\/title>\n<meta name=\"robots\" content=\"index, follow, max-snippet:-1, max-image-preview:large, max-video-preview:-1\" \/>\n<link rel=\"canonical\" href=\"https:\/\/www.4h.se\/farsna\/4h-dagen\/\" \/>\n<meta property=\"og:locale\" content=\"sv_SE\" \/>\n<meta property=\"og:type\" content=\"article\" \/>\n<meta property=\"og:title\" content=\"4H dagen - F\u00e4rsna 4H-g\u00e5rd\" \/>\n<meta property=\"og:description\" content=\"[vc_row][vc_column][vc_column_text css=&#8221;&#8221;] F\u00e4rsna &amp; 4H dagen 20\/9 2025 kl 11-15 &nbsp; Bes\u00f6k 4H djuren, klappa f\u00e5ren. F\u00f6rs\u00e4ljning K\u00e4pph\u00e4sthoppning Aktiviteter i tr\u00e4dg\u00e5rden med Norrt\u00e4lje Natur centrum Caf\u00e9 Varmt v\u00e4lkomna! [\/vc_column_text][\/vc_column][\/vc_row]\" \/>\n<meta property=\"og:url\" content=\"https:\/\/www.4h.se\/farsna\/4h-dagen\/\" \/>\n<meta property=\"og:site_name\" content=\"F\u00e4rsna 4H-g\u00e5rd\" \/>\n<meta property=\"article:modified_time\" content=\"2025-08-27T12:03:17+00:00\" \/>\n<meta property=\"og:image\" content=\"https:\/\/www.4h.se\/farsna\/wp-content\/uploads\/sites\/93\/2020\/01\/IMG_0587.jpg\" \/>\n\t<meta property=\"og:image:width\" content=\"1094\" \/>\n\t<meta property=\"og:image:height\" content=\"750\" \/>\n\t<meta property=\"og:image:type\" content=\"image\/jpeg\" \/>\n<meta name=\"twitter:card\" content=\"summary_large_image\" \/>\n<script type=\"application\/ld+json\" class=\"yoast-schema-graph\">{\"@context\":\"https:\\\/\\\/schema.org\",\"@graph\":[{\"@type\":\"WebPage\",\"@id\":\"https:\\\/\\\/www.4h.se\\\/farsna\\\/4h-dagen\\\/\",\"url\":\"https:\\\/\\\/www.4h.se\\\/farsna\\\/4h-dagen\\\/\",\"name\":\"4H dagen - F\u00e4rsna 4H-g\u00e5rd\",\"isPartOf\":{\"@id\":\"https:\\\/\\\/www.4h.se\\\/farsna\\\/#website\"},\"primaryImageOfPage\":{\"@id\":\"https:\\\/\\\/www.4h.se\\\/farsna\\\/4h-dagen\\\/#primaryimage\"},\"image\":{\"@id\":\"https:\\\/\\\/www.4h.se\\\/farsna\\\/4h-dagen\\\/#primaryimage\"},\"thumbnailUrl\":\"https:\\\/\\\/www.4h.se\\\/farsna\\\/wp-content\\\/uploads\\\/sites\\\/93\\\/2020\\\/01\\\/IMG_0587-438x300.jpg\",\"datePublished\":\"2020-01-16T12:12:27+00:00\",\"dateModified\":\"2025-08-27T12:03:17+00:00\",\"breadcrumb\":{\"@id\":\"https:\\\/\\\/www.4h.se\\\/farsna\\\/4h-dagen\\\/#breadcrumb\"},\"inLanguage\":\"sv-SE\",\"potentialAction\":[{\"@type\":\"ReadAction\",\"target\":[\"https:\\\/\\\/www.4h.se\\\/farsna\\\/4h-dagen\\\/\"]}]},{\"@type\":\"ImageObject\",\"inLanguage\":\"sv-SE\",\"@id\":\"https:\\\/\\\/www.4h.se\\\/farsna\\\/4h-dagen\\\/#primaryimage\",\"url\":\"https:\\\/\\\/www.4h.se\\\/farsna\\\/wp-content\\\/uploads\\\/sites\\\/93\\\/2020\\\/01\\\/IMG_0587.jpg\",\"contentUrl\":\"https:\\\/\\\/www.4h.se\\\/farsna\\\/wp-content\\\/uploads\\\/sites\\\/93\\\/2020\\\/01\\\/IMG_0587.jpg\",\"width\":1094,\"height\":750},{\"@type\":\"BreadcrumbList\",\"@id\":\"https:\\\/\\\/www.4h.se\\\/farsna\\\/4h-dagen\\\/#breadcrumb\",\"itemListElement\":[{\"@type\":\"ListItem\",\"position\":1,\"name\":\"Hem\",\"item\":\"https:\\\/\\\/www.4h.se\\\/farsna\\\/\"},{\"@type\":\"ListItem\",\"position\":2,\"name\":\"4H dagen\"}]},{\"@type\":\"WebSite\",\"@id\":\"https:\\\/\\\/www.4h.se\\\/farsna\\\/#website\",\"url\":\"https:\\\/\\\/www.4h.se\\\/farsna\\\/\",\"name\":\"F\u00e4rsna 4H-g\u00e5rd\",\"description\":\"Huvud, Hj\u00e4rta, H\u00e4lsa, Hand\",\"potentialAction\":[{\"@type\":\"SearchAction\",\"target\":{\"@type\":\"EntryPoint\",\"urlTemplate\":\"https:\\\/\\\/www.4h.se\\\/farsna\\\/?s={search_term_string}\"},\"query-input\":{\"@type\":\"PropertyValueSpecification\",\"valueRequired\":true,\"valueName\":\"search_term_string\"}}],\"inLanguage\":\"sv-SE\"}]}<\/script>\n<!-- \/ Yoast SEO plugin. -->","yoast_head_json":{"title":"4H dagen - F\u00e4rsna 4H-g\u00e5rd","robots":{"index":"index","follow":"follow","max-snippet":"max-snippet:-1","max-image-preview":"max-image-preview:large","max-video-preview":"max-video-preview:-1"},"canonical":"https:\/\/www.4h.se\/farsna\/4h-dagen\/","og_locale":"sv_SE","og_type":"article","og_title":"4H dagen - F\u00e4rsna 4H-g\u00e5rd","og_description":"[vc_row][vc_column][vc_column_text css=&#8221;&#8221;] F\u00e4rsna &amp; 4H dagen 20\/9 2025 kl 11-15 &nbsp; Bes\u00f6k 4H djuren, klappa f\u00e5ren. F\u00f6rs\u00e4ljning K\u00e4pph\u00e4sthoppning Aktiviteter i tr\u00e4dg\u00e5rden med Norrt\u00e4lje Natur centrum Caf\u00e9 Varmt v\u00e4lkomna! [\/vc_column_text][\/vc_column][\/vc_row]","og_url":"https:\/\/www.4h.se\/farsna\/4h-dagen\/","og_site_name":"F\u00e4rsna 4H-g\u00e5rd","article_modified_time":"2025-08-27T12:03:17+00:00","og_image":[{"width":1094,"height":750,"url":"https:\/\/www.4h.se\/farsna\/wp-content\/uploads\/sites\/93\/2020\/01\/IMG_0587.jpg","type":"image\/jpeg"}],"twitter_card":"summary_large_image","schema":{"@context":"https:\/\/schema.org","@graph":[{"@type":"WebPage","@id":"https:\/\/www.4h.se\/farsna\/4h-dagen\/","url":"https:\/\/www.4h.se\/farsna\/4h-dagen\/","name":"4H dagen - F\u00e4rsna 4H-g\u00e5rd","isPartOf":{"@id":"https:\/\/www.4h.se\/farsna\/#website"},"primaryImageOfPage":{"@id":"https:\/\/www.4h.se\/farsna\/4h-dagen\/#primaryimage"},"image":{"@id":"https:\/\/www.4h.se\/farsna\/4h-dagen\/#primaryimage"},"thumbnailUrl":"https:\/\/www.4h.se\/farsna\/wp-content\/uploads\/sites\/93\/2020\/01\/IMG_0587-438x300.jpg","datePublished":"2020-01-16T12:12:27+00:00","dateModified":"2025-08-27T12:03:17+00:00","breadcrumb":{"@id":"https:\/\/www.4h.se\/farsna\/4h-dagen\/#breadcrumb"},"inLanguage":"sv-SE","potentialAction":[{"@type":"ReadAction","target":["https:\/\/www.4h.se\/farsna\/4h-dagen\/"]}]},{"@type":"ImageObject","inLanguage":"sv-SE","@id":"https:\/\/www.4h.se\/farsna\/4h-dagen\/#primaryimage","url":"https:\/\/www.4h.se\/farsna\/wp-content\/uploads\/sites\/93\/2020\/01\/IMG_0587.jpg","contentUrl":"https:\/\/www.4h.se\/farsna\/wp-content\/uploads\/sites\/93\/2020\/01\/IMG_0587.jpg","width":1094,"height":750},{"@type":"BreadcrumbList","@id":"https:\/\/www.4h.se\/farsna\/4h-dagen\/#breadcrumb","itemListElement":[{"@type":"ListItem","position":1,"name":"Hem","item":"https:\/\/www.4h.se\/farsna\/"},{"@type":"ListItem","position":2,"name":"4H dagen"}]},{"@type":"WebSite","@id":"https:\/\/www.4h.se\/farsna\/#website","url":"https:\/\/www.4h.se\/farsna\/","name":"F\u00e4rsna 4H-g\u00e5rd","description":"Huvud, Hj\u00e4rta, H\u00e4lsa, Hand","potentialAction":[{"@type":"SearchAction","target":{"@type":"EntryPoint","urlTemplate":"https:\/\/www.4h.se\/farsna\/?s={search_term_string}"},"query-input":{"@type":"PropertyValueSpecification","valueRequired":true,"valueName":"search_term_string"}}],"inLanguage":"sv-SE"}]}},"_links":{"self":[{"href":"https:\/\/www.4h.se\/farsna\/wp-json\/wp\/v2\/pages\/831","targetHints":{"allow":["GET"]}}],"collection":[{"href":"https:\/\/www.4h.se\/farsna\/wp-json\/wp\/v2\/pages"}],"about":[{"href":"https:\/\/www.4h.se\/farsna\/wp-json\/wp\/v2\/types\/page"}],"author":[{"embeddable":true,"href":"https:\/\/www.4h.se\/farsna\/wp-json\/wp\/v2\/users\/166"}],"replies":[{"embeddable":true,"href":"https:\/\/www.4h.se\/farsna\/wp-json\/wp\/v2\/comments?post=831"}],"version-history":[{"count":0,"href":"https:\/\/www.4h.se\/farsna\/wp-json\/wp\/v2\/pages\/831\/revisions"}],"wp:attachment":[{"href":"https:\/\/www.4h.se\/farsna\/wp-json\/wp\/v2\/media?parent=831"}],"curies":[{"name":"wp","href":"https:\/\/api.w.org\/{rel}","templated":true}]}}