



{"id":824,"date":"2020-01-16T13:07:42","date_gmt":"2020-01-16T12:07:42","guid":{"rendered":"https:\/\/www.4h.se\/farsna\/?page_id=824"},"modified":"2026-04-22T16:17:21","modified_gmt":"2026-04-22T14:17:21","slug":"valborg","status":"publish","type":"page","link":"https:\/\/www.4h.se\/farsna\/valborg\/","title":{"rendered":"Valborg"},"content":{"rendered":"<div class=\"wpb-content-wrapper\"><p>[vc_row][vc_column][vc_column_text css=&#8221;&#8221;]<\/p>\n<h1 style=\"text-align: center;\"><span style=\"color: #008000;\">Valborg p\u00e5 F\u00e4rsna &#8211; 30 April 2026<\/span><\/h1>\n<h2 style=\"text-align: center;\">G\u00e5rden har EXTRA \u00f6ppet kl 17-20 med aktiviteter:<\/h2>\n<h2 style=\"text-align: center;\">Tr\u00e4ffa v\u00e5ra f\u00e5r och lamm i sin hage, gos och klapp 25 kr\/ pp<\/h2>\n<h2 style=\"text-align: center;\">Fiskdamm med goda fiskar 50 kr \/ fisk<\/h2>\n<h2 style=\"text-align: center;\">Caf\u00e9t h\u00e5ller \u00f6ppet och vi har v\u00e5ra grillplatser t\u00e4nda \ud83d\ude42<\/h2>\n<h2 style=\"text-align: center;\">F\u00f6rs\u00e4ljning av kokt korv m dryck kl 17-20.00<\/h2>\n<h2 style=\"text-align: center;\"><span style=\"color: #ff6600;\">18.30 s\u00e5 t\u00e4nder vi ett gemensamt b\u00e5l i mindre &#8221;brandrisks\u00e4ker&#8221; skala&nbsp;<\/span><\/h2>\n<h2 style=\"text-align: center;\">&nbsp;v\u00e4lkomna att FIRA in v\u00e5ren tillsammans! <img loading=\"lazy\" decoding=\"async\" class=\"size-full wp-image-1270 alignnone\" src=\"https:\/\/www.4h.se\/farsna\/wp-content\/uploads\/sites\/93\/2025\/03\/Skarmklipp.png\" alt=\"\" width=\"307\" height=\"176\" srcset=\"https:\/\/www.4h.se\/farsna\/wp-content\/uploads\/sites\/93\/2025\/03\/Skarmklipp.png 307w, https:\/\/www.4h.se\/farsna\/wp-content\/uploads\/sites\/93\/2025\/03\/Skarmklipp-170x97.png 170w\" sizes=\"auto, (max-width: 307px) 100vw, 307px\" \/><\/h2>\n<h2 style=\"text-align: center;\">Varmt v\u00e4lkomna och Vi \u00f6nskar alla en h\u00e4rlig valborg!<\/h2>\n<p>)&nbsp;<img loading=\"lazy\" decoding=\"async\" class=\"alignnone size-medium wp-image-929 aligncenter\" src=\"https:\/\/www.4h.se\/farsna\/wp-content\/uploads\/sites\/93\/2020\/01\/IMG_1142-400x300.jpg\" alt=\"IMG_1142\" width=\"400\" height=\"300\" srcset=\"https:\/\/www.4h.se\/farsna\/wp-content\/uploads\/sites\/93\/2020\/01\/IMG_1142-400x300.jpg 400w, https:\/\/www.4h.se\/farsna\/wp-content\/uploads\/sites\/93\/2020\/01\/IMG_1142-170x128.jpg 170w, https:\/\/www.4h.se\/farsna\/wp-content\/uploads\/sites\/93\/2020\/01\/IMG_1142-970x728.jpg 970w\" sizes=\"auto, (max-width: 400px) 100vw, 400px\" \/>[\/vc_column_text][\/vc_column][\/vc_row]<\/p>\n<\/div>","protected":false},"excerpt":{"rendered":"<p>[vc_row][vc_column][vc_column_text css=&#8221;&#8221;] Valborg p\u00e5 F\u00e4rsna &#8211; 30 April 2026 G\u00e5rden har EXTRA \u00f6ppet kl 17-20 med aktiviteter: Tr\u00e4ffa v\u00e5ra f\u00e5r och lamm i sin hage, gos och klapp 25 kr\/ pp Fiskdamm med goda fiskar 50 kr \/ fisk Caf\u00e9t h\u00e5ller \u00f6ppet och vi har v\u00e5ra grillplatser t\u00e4nda \ud83d\ude42 F\u00f6rs\u00e4ljning av kokt korv m dryck&nbsp; <a href=\"https:\/\/www.4h.se\/farsna\/valborg\/\">&hellip; Read more <i class=\"glyphicon glyphicon-arrow-right\"><\/i><\/a><\/p>\n","protected":false},"author":166,"featured_media":0,"parent":0,"menu_order":0,"comment_status":"closed","ping_status":"closed","template":"","meta":{"_acf_changed":false,"footnotes":""},"class_list":["post-824","page","type-page","status-publish","hentry"],"acf":[],"yoast_head":"<!-- This site is optimized with the Yoast SEO plugin v27.5 - https:\/\/yoast.com\/product\/yoast-seo-wordpress\/ -->\n<title>Valborg - F\u00e4rsna 4H-g\u00e5rd<\/title>\n<meta name=\"robots\" content=\"index, follow, max-snippet:-1, max-image-preview:large, max-video-preview:-1\" \/>\n<link rel=\"canonical\" href=\"https:\/\/www.4h.se\/farsna\/valborg\/\" \/>\n<meta property=\"og:locale\" content=\"sv_SE\" \/>\n<meta property=\"og:type\" content=\"article\" \/>\n<meta property=\"og:title\" content=\"Valborg - F\u00e4rsna 4H-g\u00e5rd\" \/>\n<meta property=\"og:description\" content=\"[vc_row][vc_column][vc_column_text css=&#8221;&#8221;] Valborg p\u00e5 F\u00e4rsna &#8211; 30 April 2026 G\u00e5rden har EXTRA \u00f6ppet kl 17-20 med aktiviteter: Tr\u00e4ffa v\u00e5ra f\u00e5r och lamm i sin hage, gos och klapp 25 kr\/ pp Fiskdamm med goda fiskar 50 kr \/ fisk Caf\u00e9t h\u00e5ller \u00f6ppet och vi har v\u00e5ra grillplatser t\u00e4nda \ud83d\ude42 F\u00f6rs\u00e4ljning av kokt korv m dryck&nbsp; &hellip; Read more\" \/>\n<meta property=\"og:url\" content=\"https:\/\/www.4h.se\/farsna\/valborg\/\" \/>\n<meta property=\"og:site_name\" content=\"F\u00e4rsna 4H-g\u00e5rd\" \/>\n<meta property=\"article:modified_time\" content=\"2026-04-22T14:17:21+00:00\" \/>\n<meta property=\"og:image\" content=\"https:\/\/www.4h.se\/farsna\/wp-content\/uploads\/sites\/93\/2025\/03\/Skarmklipp.png\" \/>\n\t<meta property=\"og:image:width\" content=\"307\" \/>\n\t<meta property=\"og:image:height\" content=\"176\" \/>\n\t<meta property=\"og:image:type\" content=\"image\/png\" \/>\n<meta name=\"twitter:card\" content=\"summary_large_image\" \/>\n<meta name=\"twitter:label1\" content=\"Ber\u00e4knad l\u00e4stid\" \/>\n\t<meta name=\"twitter:data1\" content=\"1 minut\" \/>\n<script type=\"application\/ld+json\" class=\"yoast-schema-graph\">{\"@context\":\"https:\\\/\\\/schema.org\",\"@graph\":[{\"@type\":\"WebPage\",\"@id\":\"https:\\\/\\\/www.4h.se\\\/farsna\\\/valborg\\\/\",\"url\":\"https:\\\/\\\/www.4h.se\\\/farsna\\\/valborg\\\/\",\"name\":\"Valborg - F\u00e4rsna 4H-g\u00e5rd\",\"isPartOf\":{\"@id\":\"https:\\\/\\\/www.4h.se\\\/farsna\\\/#website\"},\"primaryImageOfPage\":{\"@id\":\"https:\\\/\\\/www.4h.se\\\/farsna\\\/valborg\\\/#primaryimage\"},\"image\":{\"@id\":\"https:\\\/\\\/www.4h.se\\\/farsna\\\/valborg\\\/#primaryimage\"},\"thumbnailUrl\":\"https:\\\/\\\/www.4h.se\\\/farsna\\\/wp-content\\\/uploads\\\/sites\\\/93\\\/2025\\\/03\\\/Skarmklipp.png\",\"datePublished\":\"2020-01-16T12:07:42+00:00\",\"dateModified\":\"2026-04-22T14:17:21+00:00\",\"breadcrumb\":{\"@id\":\"https:\\\/\\\/www.4h.se\\\/farsna\\\/valborg\\\/#breadcrumb\"},\"inLanguage\":\"sv-SE\",\"potentialAction\":[{\"@type\":\"ReadAction\",\"target\":[\"https:\\\/\\\/www.4h.se\\\/farsna\\\/valborg\\\/\"]}]},{\"@type\":\"ImageObject\",\"inLanguage\":\"sv-SE\",\"@id\":\"https:\\\/\\\/www.4h.se\\\/farsna\\\/valborg\\\/#primaryimage\",\"url\":\"https:\\\/\\\/www.4h.se\\\/farsna\\\/wp-content\\\/uploads\\\/sites\\\/93\\\/2025\\\/03\\\/Skarmklipp.png\",\"contentUrl\":\"https:\\\/\\\/www.4h.se\\\/farsna\\\/wp-content\\\/uploads\\\/sites\\\/93\\\/2025\\\/03\\\/Skarmklipp.png\",\"width\":307,\"height\":176},{\"@type\":\"BreadcrumbList\",\"@id\":\"https:\\\/\\\/www.4h.se\\\/farsna\\\/valborg\\\/#breadcrumb\",\"itemListElement\":[{\"@type\":\"ListItem\",\"position\":1,\"name\":\"Hem\",\"item\":\"https:\\\/\\\/www.4h.se\\\/farsna\\\/\"},{\"@type\":\"ListItem\",\"position\":2,\"name\":\"Valborg\"}]},{\"@type\":\"WebSite\",\"@id\":\"https:\\\/\\\/www.4h.se\\\/farsna\\\/#website\",\"url\":\"https:\\\/\\\/www.4h.se\\\/farsna\\\/\",\"name\":\"F\u00e4rsna 4H-g\u00e5rd\",\"description\":\"Huvud, Hj\u00e4rta, H\u00e4lsa, Hand\",\"potentialAction\":[{\"@type\":\"SearchAction\",\"target\":{\"@type\":\"EntryPoint\",\"urlTemplate\":\"https:\\\/\\\/www.4h.se\\\/farsna\\\/?s={search_term_string}\"},\"query-input\":{\"@type\":\"PropertyValueSpecification\",\"valueRequired\":true,\"valueName\":\"search_term_string\"}}],\"inLanguage\":\"sv-SE\"}]}<\/script>\n<!-- \/ Yoast SEO plugin. -->","yoast_head_json":{"title":"Valborg - F\u00e4rsna 4H-g\u00e5rd","robots":{"index":"index","follow":"follow","max-snippet":"max-snippet:-1","max-image-preview":"max-image-preview:large","max-video-preview":"max-video-preview:-1"},"canonical":"https:\/\/www.4h.se\/farsna\/valborg\/","og_locale":"sv_SE","og_type":"article","og_title":"Valborg - F\u00e4rsna 4H-g\u00e5rd","og_description":"[vc_row][vc_column][vc_column_text css=&#8221;&#8221;] Valborg p\u00e5 F\u00e4rsna &#8211; 30 April 2026 G\u00e5rden har EXTRA \u00f6ppet kl 17-20 med aktiviteter: Tr\u00e4ffa v\u00e5ra f\u00e5r och lamm i sin hage, gos och klapp 25 kr\/ pp Fiskdamm med goda fiskar 50 kr \/ fisk Caf\u00e9t h\u00e5ller \u00f6ppet och vi har v\u00e5ra grillplatser t\u00e4nda \ud83d\ude42 F\u00f6rs\u00e4ljning av kokt korv m dryck&nbsp; &hellip; Read more","og_url":"https:\/\/www.4h.se\/farsna\/valborg\/","og_site_name":"F\u00e4rsna 4H-g\u00e5rd","article_modified_time":"2026-04-22T14:17:21+00:00","og_image":[{"width":307,"height":176,"url":"https:\/\/www.4h.se\/farsna\/wp-content\/uploads\/sites\/93\/2025\/03\/Skarmklipp.png","type":"image\/png"}],"twitter_card":"summary_large_image","twitter_misc":{"Ber\u00e4knad l\u00e4stid":"1 minut"},"schema":{"@context":"https:\/\/schema.org","@graph":[{"@type":"WebPage","@id":"https:\/\/www.4h.se\/farsna\/valborg\/","url":"https:\/\/www.4h.se\/farsna\/valborg\/","name":"Valborg - F\u00e4rsna 4H-g\u00e5rd","isPartOf":{"@id":"https:\/\/www.4h.se\/farsna\/#website"},"primaryImageOfPage":{"@id":"https:\/\/www.4h.se\/farsna\/valborg\/#primaryimage"},"image":{"@id":"https:\/\/www.4h.se\/farsna\/valborg\/#primaryimage"},"thumbnailUrl":"https:\/\/www.4h.se\/farsna\/wp-content\/uploads\/sites\/93\/2025\/03\/Skarmklipp.png","datePublished":"2020-01-16T12:07:42+00:00","dateModified":"2026-04-22T14:17:21+00:00","breadcrumb":{"@id":"https:\/\/www.4h.se\/farsna\/valborg\/#breadcrumb"},"inLanguage":"sv-SE","potentialAction":[{"@type":"ReadAction","target":["https:\/\/www.4h.se\/farsna\/valborg\/"]}]},{"@type":"ImageObject","inLanguage":"sv-SE","@id":"https:\/\/www.4h.se\/farsna\/valborg\/#primaryimage","url":"https:\/\/www.4h.se\/farsna\/wp-content\/uploads\/sites\/93\/2025\/03\/Skarmklipp.png","contentUrl":"https:\/\/www.4h.se\/farsna\/wp-content\/uploads\/sites\/93\/2025\/03\/Skarmklipp.png","width":307,"height":176},{"@type":"BreadcrumbList","@id":"https:\/\/www.4h.se\/farsna\/valborg\/#breadcrumb","itemListElement":[{"@type":"ListItem","position":1,"name":"Hem","item":"https:\/\/www.4h.se\/farsna\/"},{"@type":"ListItem","position":2,"name":"Valborg"}]},{"@type":"WebSite","@id":"https:\/\/www.4h.se\/farsna\/#website","url":"https:\/\/www.4h.se\/farsna\/","name":"F\u00e4rsna 4H-g\u00e5rd","description":"Huvud, Hj\u00e4rta, H\u00e4lsa, Hand","potentialAction":[{"@type":"SearchAction","target":{"@type":"EntryPoint","urlTemplate":"https:\/\/www.4h.se\/farsna\/?s={search_term_string}"},"query-input":{"@type":"PropertyValueSpecification","valueRequired":true,"valueName":"search_term_string"}}],"inLanguage":"sv-SE"}]}},"_links":{"self":[{"href":"https:\/\/www.4h.se\/farsna\/wp-json\/wp\/v2\/pages\/824","targetHints":{"allow":["GET"]}}],"collection":[{"href":"https:\/\/www.4h.se\/farsna\/wp-json\/wp\/v2\/pages"}],"about":[{"href":"https:\/\/www.4h.se\/farsna\/wp-json\/wp\/v2\/types\/page"}],"author":[{"embeddable":true,"href":"https:\/\/www.4h.se\/farsna\/wp-json\/wp\/v2\/users\/166"}],"replies":[{"embeddable":true,"href":"https:\/\/www.4h.se\/farsna\/wp-json\/wp\/v2\/comments?post=824"}],"version-history":[{"count":0,"href":"https:\/\/www.4h.se\/farsna\/wp-json\/wp\/v2\/pages\/824\/revisions"}],"wp:attachment":[{"href":"https:\/\/www.4h.se\/farsna\/wp-json\/wp\/v2\/media?parent=824"}],"curies":[{"name":"wp","href":"https:\/\/api.w.org\/{rel}","templated":true}]}}