



{"id":761,"date":"2019-09-12T12:59:52","date_gmt":"2019-09-12T10:59:52","guid":{"rendered":"https:\/\/www.4h.se\/farsna\/?page_id=761"},"modified":"2021-11-16T14:34:48","modified_gmt":"2021-11-16T13:34:48","slug":"miniledare","status":"publish","type":"page","link":"https:\/\/www.4h.se\/farsna\/miniledare\/","title":{"rendered":"Miniledare"},"content":{"rendered":"<div class=\"wpb-content-wrapper\"><p>[vc_row][vc_column][vc_column_text]<\/p>\n<h1 style=\"text-align: center\"><span style=\"color: #008000\">Ledare p\u00e5 F\u00e4rsna 4H<\/span><\/h1>\n<p>&nbsp;<\/p>\n<h4 style=\"text-align: center\">P\u00e5 g\u00e5rden finns flera ledare som hj\u00e4lper till ideellt med g\u00e5rdens djur och aktiviteter.<\/p>\n<p>F\u00e4rsna 4H har ett eget ledarsystem d\u00e4r vi delar in ledarna i tre olika kategorier beroende p\u00e5 hur l\u00e4nge de har funnits p\u00e5 g\u00e5rden och hur mycket ansvar det tar under aktiviteterna.<\/h4>\n<p>&nbsp;<\/p>\n<h4 style=\"text-align: center\">Vill man bli ledare p\u00e5 g\u00e5rden kan man anm\u00e4la sig till miniledarkursen som oftast h\u00e5lls i slutet av sommaren.<\/h4>\n<p>[\/vc_column_text][\/vc_column][\/vc_row]<\/p>\n<\/div>","protected":false},"excerpt":{"rendered":"<p>[vc_row][vc_column][vc_column_text] Ledare p\u00e5 F\u00e4rsna 4H &nbsp; P\u00e5 g\u00e5rden finns flera ledare som hj\u00e4lper till ideellt med g\u00e5rdens djur och aktiviteter. F\u00e4rsna 4H har ett eget ledarsystem d\u00e4r vi delar in ledarna i tre olika kategorier beroende p\u00e5 hur l\u00e4nge de har funnits p\u00e5 g\u00e5rden och hur mycket ansvar det tar under aktiviteterna. &nbsp; Vill man&nbsp; <a href=\"https:\/\/www.4h.se\/farsna\/miniledare\/\">&hellip; Read more <i class=\"glyphicon glyphicon-arrow-right\"><\/i><\/a><\/p>\n","protected":false},"author":166,"featured_media":0,"parent":0,"menu_order":0,"comment_status":"closed","ping_status":"closed","template":"","meta":{"_acf_changed":false,"footnotes":""},"class_list":["post-761","page","type-page","status-publish","hentry"],"acf":[],"yoast_head":"<!-- This site is optimized with the Yoast SEO plugin v27.5 - https:\/\/yoast.com\/product\/yoast-seo-wordpress\/ -->\n<title>Miniledare - F\u00e4rsna 4H-g\u00e5rd<\/title>\n<meta name=\"robots\" content=\"index, follow, max-snippet:-1, max-image-preview:large, max-video-preview:-1\" \/>\n<link rel=\"canonical\" href=\"https:\/\/www.4h.se\/farsna\/miniledare\/\" \/>\n<meta property=\"og:locale\" content=\"sv_SE\" \/>\n<meta property=\"og:type\" content=\"article\" \/>\n<meta property=\"og:title\" content=\"Miniledare - F\u00e4rsna 4H-g\u00e5rd\" \/>\n<meta property=\"og:description\" content=\"[vc_row][vc_column][vc_column_text] Ledare p\u00e5 F\u00e4rsna 4H &nbsp; P\u00e5 g\u00e5rden finns flera ledare som hj\u00e4lper till ideellt med g\u00e5rdens djur och aktiviteter. F\u00e4rsna 4H har ett eget ledarsystem d\u00e4r vi delar in ledarna i tre olika kategorier beroende p\u00e5 hur l\u00e4nge de har funnits p\u00e5 g\u00e5rden och hur mycket ansvar det tar under aktiviteterna. &nbsp; Vill man&nbsp; &hellip; Read more\" \/>\n<meta property=\"og:url\" content=\"https:\/\/www.4h.se\/farsna\/miniledare\/\" \/>\n<meta property=\"og:site_name\" content=\"F\u00e4rsna 4H-g\u00e5rd\" \/>\n<meta property=\"article:modified_time\" content=\"2021-11-16T13:34:48+00:00\" \/>\n<meta name=\"twitter:card\" content=\"summary_large_image\" \/>\n<script type=\"application\/ld+json\" class=\"yoast-schema-graph\">{\"@context\":\"https:\\\/\\\/schema.org\",\"@graph\":[{\"@type\":\"WebPage\",\"@id\":\"https:\\\/\\\/www.4h.se\\\/farsna\\\/miniledare\\\/\",\"url\":\"https:\\\/\\\/www.4h.se\\\/farsna\\\/miniledare\\\/\",\"name\":\"Miniledare - F\u00e4rsna 4H-g\u00e5rd\",\"isPartOf\":{\"@id\":\"https:\\\/\\\/www.4h.se\\\/farsna\\\/#website\"},\"datePublished\":\"2019-09-12T10:59:52+00:00\",\"dateModified\":\"2021-11-16T13:34:48+00:00\",\"breadcrumb\":{\"@id\":\"https:\\\/\\\/www.4h.se\\\/farsna\\\/miniledare\\\/#breadcrumb\"},\"inLanguage\":\"sv-SE\",\"potentialAction\":[{\"@type\":\"ReadAction\",\"target\":[\"https:\\\/\\\/www.4h.se\\\/farsna\\\/miniledare\\\/\"]}]},{\"@type\":\"BreadcrumbList\",\"@id\":\"https:\\\/\\\/www.4h.se\\\/farsna\\\/miniledare\\\/#breadcrumb\",\"itemListElement\":[{\"@type\":\"ListItem\",\"position\":1,\"name\":\"Hem\",\"item\":\"https:\\\/\\\/www.4h.se\\\/farsna\\\/\"},{\"@type\":\"ListItem\",\"position\":2,\"name\":\"Miniledare\"}]},{\"@type\":\"WebSite\",\"@id\":\"https:\\\/\\\/www.4h.se\\\/farsna\\\/#website\",\"url\":\"https:\\\/\\\/www.4h.se\\\/farsna\\\/\",\"name\":\"F\u00e4rsna 4H-g\u00e5rd\",\"description\":\"Huvud, Hj\u00e4rta, H\u00e4lsa, Hand\",\"potentialAction\":[{\"@type\":\"SearchAction\",\"target\":{\"@type\":\"EntryPoint\",\"urlTemplate\":\"https:\\\/\\\/www.4h.se\\\/farsna\\\/?s={search_term_string}\"},\"query-input\":{\"@type\":\"PropertyValueSpecification\",\"valueRequired\":true,\"valueName\":\"search_term_string\"}}],\"inLanguage\":\"sv-SE\"}]}<\/script>\n<!-- \/ Yoast SEO plugin. -->","yoast_head_json":{"title":"Miniledare - F\u00e4rsna 4H-g\u00e5rd","robots":{"index":"index","follow":"follow","max-snippet":"max-snippet:-1","max-image-preview":"max-image-preview:large","max-video-preview":"max-video-preview:-1"},"canonical":"https:\/\/www.4h.se\/farsna\/miniledare\/","og_locale":"sv_SE","og_type":"article","og_title":"Miniledare - F\u00e4rsna 4H-g\u00e5rd","og_description":"[vc_row][vc_column][vc_column_text] Ledare p\u00e5 F\u00e4rsna 4H &nbsp; P\u00e5 g\u00e5rden finns flera ledare som hj\u00e4lper till ideellt med g\u00e5rdens djur och aktiviteter. F\u00e4rsna 4H har ett eget ledarsystem d\u00e4r vi delar in ledarna i tre olika kategorier beroende p\u00e5 hur l\u00e4nge de har funnits p\u00e5 g\u00e5rden och hur mycket ansvar det tar under aktiviteterna. &nbsp; Vill man&nbsp; &hellip; Read more","og_url":"https:\/\/www.4h.se\/farsna\/miniledare\/","og_site_name":"F\u00e4rsna 4H-g\u00e5rd","article_modified_time":"2021-11-16T13:34:48+00:00","twitter_card":"summary_large_image","schema":{"@context":"https:\/\/schema.org","@graph":[{"@type":"WebPage","@id":"https:\/\/www.4h.se\/farsna\/miniledare\/","url":"https:\/\/www.4h.se\/farsna\/miniledare\/","name":"Miniledare - F\u00e4rsna 4H-g\u00e5rd","isPartOf":{"@id":"https:\/\/www.4h.se\/farsna\/#website"},"datePublished":"2019-09-12T10:59:52+00:00","dateModified":"2021-11-16T13:34:48+00:00","breadcrumb":{"@id":"https:\/\/www.4h.se\/farsna\/miniledare\/#breadcrumb"},"inLanguage":"sv-SE","potentialAction":[{"@type":"ReadAction","target":["https:\/\/www.4h.se\/farsna\/miniledare\/"]}]},{"@type":"BreadcrumbList","@id":"https:\/\/www.4h.se\/farsna\/miniledare\/#breadcrumb","itemListElement":[{"@type":"ListItem","position":1,"name":"Hem","item":"https:\/\/www.4h.se\/farsna\/"},{"@type":"ListItem","position":2,"name":"Miniledare"}]},{"@type":"WebSite","@id":"https:\/\/www.4h.se\/farsna\/#website","url":"https:\/\/www.4h.se\/farsna\/","name":"F\u00e4rsna 4H-g\u00e5rd","description":"Huvud, Hj\u00e4rta, H\u00e4lsa, Hand","potentialAction":[{"@type":"SearchAction","target":{"@type":"EntryPoint","urlTemplate":"https:\/\/www.4h.se\/farsna\/?s={search_term_string}"},"query-input":{"@type":"PropertyValueSpecification","valueRequired":true,"valueName":"search_term_string"}}],"inLanguage":"sv-SE"}]}},"_links":{"self":[{"href":"https:\/\/www.4h.se\/farsna\/wp-json\/wp\/v2\/pages\/761","targetHints":{"allow":["GET"]}}],"collection":[{"href":"https:\/\/www.4h.se\/farsna\/wp-json\/wp\/v2\/pages"}],"about":[{"href":"https:\/\/www.4h.se\/farsna\/wp-json\/wp\/v2\/types\/page"}],"author":[{"embeddable":true,"href":"https:\/\/www.4h.se\/farsna\/wp-json\/wp\/v2\/users\/166"}],"replies":[{"embeddable":true,"href":"https:\/\/www.4h.se\/farsna\/wp-json\/wp\/v2\/comments?post=761"}],"version-history":[{"count":0,"href":"https:\/\/www.4h.se\/farsna\/wp-json\/wp\/v2\/pages\/761\/revisions"}],"wp:attachment":[{"href":"https:\/\/www.4h.se\/farsna\/wp-json\/wp\/v2\/media?parent=761"}],"curies":[{"name":"wp","href":"https:\/\/api.w.org\/{rel}","templated":true}]}}