



{"id":410,"date":"2018-04-06T14:39:56","date_gmt":"2018-04-06T12:39:56","guid":{"rendered":"http:\/\/www.4h.se\/farsna\/?page_id=410"},"modified":"2020-01-28T12:21:37","modified_gmt":"2020-01-28T11:21:37","slug":"djuren-pa-4h","status":"publish","type":"page","link":"https:\/\/www.4h.se\/farsna\/djuren-pa-4h\/","title":{"rendered":"Djuren p\u00e5 F\u00e4rsna"},"content":{"rendered":"<div class=\"wpb-content-wrapper\"><p>[vc_row][vc_column][vc_column_text]<\/p>\n<h1 style=\"text-align: center\"><span style=\"color: #008000\">P\u00e5 F\u00e4rsna 4H-g\u00e5rd har vi 7 olika djurarter<\/span><\/h1>\n<h3 style=\"text-align: center\">Kom g\u00e4rna hit f\u00f6r att tr\u00e4ffa dem!<\/h3>\n<p>[\/vc_column_text][\/vc_column][\/vc_row][vc_row][vc_column][vc_column_text]<\/p>\n<h2 style=\"text-align: center\">H\u00e4star<\/h2>\n<p style=\"text-align: center\"><a href=\"https:\/\/www.4h.se\/farsna\/wp-content\/uploads\/sites\/93\/2018\/04\/IMG_9576-2.jpg\"><img loading=\"lazy\" decoding=\"async\" class=\"alignnone size-medium wp-image-798\" src=\"https:\/\/www.4h.se\/farsna\/wp-content\/uploads\/sites\/93\/2018\/04\/IMG_9576-2-200x300.jpg\" alt=\"IMG_9576 (2)\" width=\"200\" height=\"300\" srcset=\"https:\/\/www.4h.se\/farsna\/wp-content\/uploads\/sites\/93\/2018\/04\/IMG_9576-2-200x300.jpg 200w, https:\/\/www.4h.se\/farsna\/wp-content\/uploads\/sites\/93\/2018\/04\/IMG_9576-2-100x150.jpg 100w, https:\/\/www.4h.se\/farsna\/wp-content\/uploads\/sites\/93\/2018\/04\/IMG_9576-2-683x1024.jpg 683w\" sizes=\"auto, (max-width: 200px) 100vw, 200px\" \/><\/a>\u00a0<a href=\"https:\/\/www.4h.se\/farsna\/wp-content\/uploads\/sites\/93\/2018\/04\/IMG_9599-2.jpg\"><img loading=\"lazy\" decoding=\"async\" class=\"alignnone size-medium wp-image-799\" src=\"https:\/\/www.4h.se\/farsna\/wp-content\/uploads\/sites\/93\/2018\/04\/IMG_9599-2-200x300.jpg\" alt=\"IMG_9599 (2)\" width=\"200\" height=\"300\" srcset=\"https:\/\/www.4h.se\/farsna\/wp-content\/uploads\/sites\/93\/2018\/04\/IMG_9599-2-200x300.jpg 200w, https:\/\/www.4h.se\/farsna\/wp-content\/uploads\/sites\/93\/2018\/04\/IMG_9599-2-100x150.jpg 100w, https:\/\/www.4h.se\/farsna\/wp-content\/uploads\/sites\/93\/2018\/04\/IMG_9599-2-682x1024.jpg 682w\" sizes=\"auto, (max-width: 200px) 100vw, 200px\" \/><\/a>\u00a0<a href=\"https:\/\/www.4h.se\/farsna\/wp-content\/uploads\/sites\/93\/2018\/04\/IMG_9620-2.jpg\"><img loading=\"lazy\" decoding=\"async\" class=\"alignnone size-medium wp-image-802\" src=\"https:\/\/www.4h.se\/farsna\/wp-content\/uploads\/sites\/93\/2018\/04\/IMG_9601-2-196x300.jpg\" alt=\"IMG_9601 (2)\" width=\"196\" height=\"300\" srcset=\"https:\/\/www.4h.se\/farsna\/wp-content\/uploads\/sites\/93\/2018\/04\/IMG_9601-2-196x300.jpg 196w, https:\/\/www.4h.se\/farsna\/wp-content\/uploads\/sites\/93\/2018\/04\/IMG_9601-2-98x150.jpg 98w, https:\/\/www.4h.se\/farsna\/wp-content\/uploads\/sites\/93\/2018\/04\/IMG_9601-2-668x1024.jpg 668w\" sizes=\"auto, (max-width: 196px) 100vw, 196px\" \/><\/a><\/p>\n<p style=\"text-align: center\"><a href=\"https:\/\/www.4h.se\/farsna\/wp-content\/uploads\/sites\/93\/2018\/04\/IMG_9620-2.jpg\"><img loading=\"lazy\" decoding=\"async\" class=\"alignnone size-medium wp-image-800\" src=\"https:\/\/www.4h.se\/farsna\/wp-content\/uploads\/sites\/93\/2018\/04\/IMG_9620-2-177x300.jpg\" alt=\"IMG_9620 (2)\" width=\"177\" height=\"300\" srcset=\"https:\/\/www.4h.se\/farsna\/wp-content\/uploads\/sites\/93\/2018\/04\/IMG_9620-2-177x300.jpg 177w, https:\/\/www.4h.se\/farsna\/wp-content\/uploads\/sites\/93\/2018\/04\/IMG_9620-2-88x150.jpg 88w, https:\/\/www.4h.se\/farsna\/wp-content\/uploads\/sites\/93\/2018\/04\/IMG_9620-2-603x1024.jpg 603w\" sizes=\"auto, (max-width: 177px) 100vw, 177px\" \/><\/a>\u00a0<a href=\"https:\/\/www.4h.se\/farsna\/wp-content\/uploads\/sites\/93\/2018\/04\/IMG_9636-2.jpg\"><img loading=\"lazy\" decoding=\"async\" class=\"alignnone size-medium wp-image-801\" src=\"https:\/\/www.4h.se\/farsna\/wp-content\/uploads\/sites\/93\/2018\/04\/IMG_9636-2-196x300.jpg\" alt=\"IMG_9636 (2)\" width=\"196\" height=\"300\" srcset=\"https:\/\/www.4h.se\/farsna\/wp-content\/uploads\/sites\/93\/2018\/04\/IMG_9636-2-196x300.jpg 196w, https:\/\/www.4h.se\/farsna\/wp-content\/uploads\/sites\/93\/2018\/04\/IMG_9636-2-98x150.jpg 98w, https:\/\/www.4h.se\/farsna\/wp-content\/uploads\/sites\/93\/2018\/04\/IMG_9636-2-669x1024.jpg 669w\" sizes=\"auto, (max-width: 196px) 100vw, 196px\" \/><\/a>\u00a0<a href=\"https:\/\/www.4h.se\/farsna\/wp-content\/uploads\/sites\/93\/2018\/04\/IMG_9673-2.jpg\"><img loading=\"lazy\" decoding=\"async\" class=\"alignnone size-medium wp-image-847\" src=\"https:\/\/www.4h.se\/farsna\/wp-content\/uploads\/sites\/93\/2018\/04\/IMG_9673-2-200x300.jpg\" alt=\"IMG_9673 (2)\" width=\"200\" height=\"300\" srcset=\"https:\/\/www.4h.se\/farsna\/wp-content\/uploads\/sites\/93\/2018\/04\/IMG_9673-2-200x300.jpg 200w, https:\/\/www.4h.se\/farsna\/wp-content\/uploads\/sites\/93\/2018\/04\/IMG_9673-2-100x150.jpg 100w, https:\/\/www.4h.se\/farsna\/wp-content\/uploads\/sites\/93\/2018\/04\/IMG_9673-2-683x1024.jpg 683w\" sizes=\"auto, (max-width: 200px) 100vw, 200px\" \/><\/a><\/p>\n<p style=\"text-align: center\">Vi har sex h\u00e4star, gotlandsrussen X-Ton och Mont\u00e9cillo, nordsvensken Hamrex, korsningsponnyn Loranga, shetlandsponnierna Modig och Kajsa.<\/p>\n<h2 style=\"text-align: center\">Getter<\/h2>\n<p style=\"text-align: center\"><em>Genbanksansluten lantras<\/em><\/p>\n<p style=\"text-align: center\"><a href=\"https:\/\/www.4h.se\/farsna\/wp-content\/uploads\/sites\/93\/2018\/04\/IMG_7474-2.jpg\"><img loading=\"lazy\" decoding=\"async\" class=\"alignnone size-medium wp-image-728\" src=\"https:\/\/www.4h.se\/farsna\/wp-content\/uploads\/sites\/93\/2018\/04\/IMG_7474-2-179x300.jpg\" alt=\"IMG_7474 (2)\" width=\"179\" height=\"300\" srcset=\"https:\/\/www.4h.se\/farsna\/wp-content\/uploads\/sites\/93\/2018\/04\/IMG_7474-2-179x300.jpg 179w, https:\/\/www.4h.se\/farsna\/wp-content\/uploads\/sites\/93\/2018\/04\/IMG_7474-2-90x150.jpg 90w, https:\/\/www.4h.se\/farsna\/wp-content\/uploads\/sites\/93\/2018\/04\/IMG_7474-2-611x1024.jpg 611w\" sizes=\"auto, (max-width: 179px) 100vw, 179px\" \/><\/a>\u00a0<a href=\"https:\/\/www.4h.se\/farsna\/wp-content\/uploads\/sites\/93\/2018\/04\/IMG_9514-2.jpg\"><img loading=\"lazy\" decoding=\"async\" class=\"alignnone size-medium wp-image-792\" src=\"https:\/\/www.4h.se\/farsna\/wp-content\/uploads\/sites\/93\/2018\/04\/IMG_9514-2-200x300.jpg\" alt=\"IMG_9514 (2)\" width=\"200\" height=\"300\" srcset=\"https:\/\/www.4h.se\/farsna\/wp-content\/uploads\/sites\/93\/2018\/04\/IMG_9514-2-200x300.jpg 200w, https:\/\/www.4h.se\/farsna\/wp-content\/uploads\/sites\/93\/2018\/04\/IMG_9514-2-100x150.jpg 100w, https:\/\/www.4h.se\/farsna\/wp-content\/uploads\/sites\/93\/2018\/04\/IMG_9514-2-682x1024.jpg 682w\" sizes=\"auto, (max-width: 200px) 100vw, 200px\" \/><\/a><\/p>\n<p style=\"text-align: center\">Vi har tv\u00e5 getter p\u00e5 g\u00e5rden, dom \u00e4r j\u00e4mtgetter och heter Ragna och Astrid.<\/p>\n<h2 style=\"text-align: center\">Grisar<\/h2>\n<p style=\"text-align: center\"><a href=\"https:\/\/www.4h.se\/farsna\/wp-content\/uploads\/sites\/93\/2018\/04\/IMG_7426-2.jpg\"><img loading=\"lazy\" decoding=\"async\" class=\"alignnone size-medium wp-image-729\" src=\"https:\/\/www.4h.se\/farsna\/wp-content\/uploads\/sites\/93\/2018\/04\/IMG_7426-2-211x300.jpg\" alt=\"IMG_7426 (2)\" width=\"211\" height=\"300\" srcset=\"https:\/\/www.4h.se\/farsna\/wp-content\/uploads\/sites\/93\/2018\/04\/IMG_7426-2-211x300.jpg 211w, https:\/\/www.4h.se\/farsna\/wp-content\/uploads\/sites\/93\/2018\/04\/IMG_7426-2-105x150.jpg 105w, https:\/\/www.4h.se\/farsna\/wp-content\/uploads\/sites\/93\/2018\/04\/IMG_7426-2-720x1024.jpg 720w\" sizes=\"auto, (max-width: 211px) 100vw, 211px\" \/><\/a>\u00a0<a href=\"https:\/\/www.4h.se\/farsna\/wp-content\/uploads\/sites\/93\/2018\/04\/IMG_7429-2.jpg\"><img loading=\"lazy\" decoding=\"async\" class=\"alignnone size-medium wp-image-730\" src=\"https:\/\/www.4h.se\/farsna\/wp-content\/uploads\/sites\/93\/2018\/04\/IMG_7429-2-217x300.jpg\" alt=\"IMG_7429 (2)\" width=\"217\" height=\"300\" srcset=\"https:\/\/www.4h.se\/farsna\/wp-content\/uploads\/sites\/93\/2018\/04\/IMG_7429-2-217x300.jpg 217w, https:\/\/www.4h.se\/farsna\/wp-content\/uploads\/sites\/93\/2018\/04\/IMG_7429-2-108x150.jpg 108w, https:\/\/www.4h.se\/farsna\/wp-content\/uploads\/sites\/93\/2018\/04\/IMG_7429-2-741x1024.jpg 741w\" sizes=\"auto, (max-width: 217px) 100vw, 217px\" \/><\/a><\/p>\n<p style=\"text-align: center\">Vi har tv\u00e5 minigrisar som heter Piggy och Ulla K\u00f6rsb\u00e4rsrumpa.<\/p>\n<h2 style=\"text-align: center\">H\u00f6ns<\/h2>\n<p style=\"text-align: center\"><em>Genbanksansluten lantras<\/em><\/p>\n<p style=\"text-align: center\"><a href=\"https:\/\/www.4h.se\/farsna\/wp-content\/uploads\/sites\/93\/2018\/04\/IMG_7405-3.jpg\"><img loading=\"lazy\" decoding=\"async\" class=\"alignnone size-medium wp-image-736\" src=\"https:\/\/www.4h.se\/farsna\/wp-content\/uploads\/sites\/93\/2018\/04\/IMG_7405-3-470x264.jpg\" alt=\"IMG_7405 (3)\" width=\"470\" height=\"264\" srcset=\"https:\/\/www.4h.se\/farsna\/wp-content\/uploads\/sites\/93\/2018\/04\/IMG_7405-3-470x264.jpg 470w, https:\/\/www.4h.se\/farsna\/wp-content\/uploads\/sites\/93\/2018\/04\/IMG_7405-3-170x95.jpg 170w, https:\/\/www.4h.se\/farsna\/wp-content\/uploads\/sites\/93\/2018\/04\/IMG_7405-3-970x544.jpg 970w\" sizes=\"auto, (max-width: 470px) 100vw, 470px\" \/><\/a><\/p>\n<p style=\"text-align: center\">Vi har \u00e5tta h\u00f6nor och en tupp av rasen gammelsvensk dv\u00e4rgh\u00f6na. Ni kan oftast se dem str\u00f6va fritt h\u00e4r p\u00e5 g\u00e5rden.<\/p>\n<h2 style=\"text-align: center\">F\u00e5r<\/h2>\n<h5 style=\"text-align: center\"><em>Genbanksansluten lantras<\/em><\/h5>\n<p style=\"text-align: center\"><a href=\"https:\/\/www.4h.se\/farsna\/wp-content\/uploads\/sites\/93\/2018\/04\/IMG_7437-3.jpg\"><img loading=\"lazy\" decoding=\"async\" class=\"alignnone size-medium wp-image-733\" src=\"https:\/\/www.4h.se\/farsna\/wp-content\/uploads\/sites\/93\/2018\/04\/IMG_7437-3-248x300.jpg\" alt=\"IMG_7437 (3)\" width=\"248\" height=\"300\" srcset=\"https:\/\/www.4h.se\/farsna\/wp-content\/uploads\/sites\/93\/2018\/04\/IMG_7437-3-248x300.jpg 248w, https:\/\/www.4h.se\/farsna\/wp-content\/uploads\/sites\/93\/2018\/04\/IMG_7437-3-124x150.jpg 124w, https:\/\/www.4h.se\/farsna\/wp-content\/uploads\/sites\/93\/2018\/04\/IMG_7437-3-848x1024.jpg 848w\" sizes=\"auto, (max-width: 248px) 100vw, 248px\" \/><\/a>\u00a0<a href=\"https:\/\/www.4h.se\/farsna\/wp-content\/uploads\/sites\/93\/2018\/04\/IMG_7447-2.jpg\"><img loading=\"lazy\" decoding=\"async\" class=\"alignnone size-medium wp-image-731\" src=\"https:\/\/www.4h.se\/farsna\/wp-content\/uploads\/sites\/93\/2018\/04\/IMG_7447-2-224x300.jpg\" alt=\"IMG_7447 (2)\" width=\"224\" height=\"300\" srcset=\"https:\/\/www.4h.se\/farsna\/wp-content\/uploads\/sites\/93\/2018\/04\/IMG_7447-2-224x300.jpg 224w, https:\/\/www.4h.se\/farsna\/wp-content\/uploads\/sites\/93\/2018\/04\/IMG_7447-2-112x150.jpg 112w, https:\/\/www.4h.se\/farsna\/wp-content\/uploads\/sites\/93\/2018\/04\/IMG_7447-2-764x1024.jpg 764w\" sizes=\"auto, (max-width: 224px) 100vw, 224px\" \/><\/a>\u00a0<a href=\"https:\/\/www.4h.se\/farsna\/wp-content\/uploads\/sites\/93\/2018\/04\/IMG_9536-2.jpg\"><img loading=\"lazy\" decoding=\"async\" class=\"alignnone size-medium wp-image-793\" src=\"https:\/\/www.4h.se\/farsna\/wp-content\/uploads\/sites\/93\/2018\/04\/IMG_9536-2-200x300.jpg\" alt=\"IMG_9536 (2)\" width=\"200\" height=\"300\" srcset=\"https:\/\/www.4h.se\/farsna\/wp-content\/uploads\/sites\/93\/2018\/04\/IMG_9536-2-200x300.jpg 200w, https:\/\/www.4h.se\/farsna\/wp-content\/uploads\/sites\/93\/2018\/04\/IMG_9536-2-100x150.jpg 100w, https:\/\/www.4h.se\/farsna\/wp-content\/uploads\/sites\/93\/2018\/04\/IMG_9536-2-682x1024.jpg 682w\" sizes=\"auto, (max-width: 200px) 100vw, 200px\" \/><\/a>\u00a0<a href=\"https:\/\/www.4h.se\/farsna\/wp-content\/uploads\/sites\/93\/2018\/04\/IMG_9531-2.jpg\"><img loading=\"lazy\" decoding=\"async\" class=\"alignnone size-medium wp-image-794\" src=\"https:\/\/www.4h.se\/farsna\/wp-content\/uploads\/sites\/93\/2018\/04\/IMG_9531-2-200x300.jpg\" alt=\"IMG_9531 (2)\" width=\"200\" height=\"300\" srcset=\"https:\/\/www.4h.se\/farsna\/wp-content\/uploads\/sites\/93\/2018\/04\/IMG_9531-2-200x300.jpg 200w, https:\/\/www.4h.se\/farsna\/wp-content\/uploads\/sites\/93\/2018\/04\/IMG_9531-2-100x150.jpg 100w, https:\/\/www.4h.se\/farsna\/wp-content\/uploads\/sites\/93\/2018\/04\/IMG_9531-2-683x1024.jpg 683w\" sizes=\"auto, (max-width: 200px) 100vw, 200px\" \/><\/a><\/p>\n<p style=\"text-align: center\">P\u00e5 g\u00e5rden finns fyra f\u00e5r av rasen Roslagsf\u00e5r vid namn Vitblomma, Broka, Fibbla och Malva.<\/p>\n<h2 style=\"text-align: center\">Kaniner<\/h2>\n<p style=\"text-align: center\"><a href=\"https:\/\/www.4h.se\/farsna\/wp-content\/uploads\/sites\/93\/2018\/04\/IMG_9229-2.jpg\"><img loading=\"lazy\" decoding=\"async\" class=\"alignnone size-medium wp-image-768\" src=\"https:\/\/www.4h.se\/farsna\/wp-content\/uploads\/sites\/93\/2018\/04\/IMG_9229-2-196x300.jpg\" alt=\"IMG_9229 (2)\" width=\"196\" height=\"300\" srcset=\"https:\/\/www.4h.se\/farsna\/wp-content\/uploads\/sites\/93\/2018\/04\/IMG_9229-2-196x300.jpg 196w, https:\/\/www.4h.se\/farsna\/wp-content\/uploads\/sites\/93\/2018\/04\/IMG_9229-2-98x150.jpg 98w, https:\/\/www.4h.se\/farsna\/wp-content\/uploads\/sites\/93\/2018\/04\/IMG_9229-2-668x1024.jpg 668w\" sizes=\"auto, (max-width: 196px) 100vw, 196px\" \/>\u00a0<\/a><a href=\"https:\/\/www.4h.se\/farsna\/wp-content\/uploads\/sites\/93\/2018\/04\/IMG_9209-2.jpg\"><img loading=\"lazy\" decoding=\"async\" class=\"alignnone size-medium wp-image-769\" src=\"https:\/\/www.4h.se\/farsna\/wp-content\/uploads\/sites\/93\/2018\/04\/IMG_9209-2-200x300.jpg\" alt=\"IMG_9209 (2)\" width=\"200\" height=\"300\" srcset=\"https:\/\/www.4h.se\/farsna\/wp-content\/uploads\/sites\/93\/2018\/04\/IMG_9209-2-200x300.jpg 200w, https:\/\/www.4h.se\/farsna\/wp-content\/uploads\/sites\/93\/2018\/04\/IMG_9209-2-100x150.jpg 100w, https:\/\/www.4h.se\/farsna\/wp-content\/uploads\/sites\/93\/2018\/04\/IMG_9209-2-683x1024.jpg 683w\" sizes=\"auto, (max-width: 200px) 100vw, 200px\" \/><\/a><a href=\"https:\/\/www.4h.se\/farsna\/wp-content\/uploads\/sites\/93\/2018\/04\/IMG_9229-2.jpg\">\u00a0<img loading=\"lazy\" decoding=\"async\" class=\"alignnone size-medium wp-image-738\" src=\"https:\/\/www.4h.se\/farsna\/wp-content\/uploads\/sites\/93\/2018\/04\/IMG_7524-2-200x300.jpg\" alt=\"IMG_7524 (2)\" width=\"200\" height=\"300\" srcset=\"https:\/\/www.4h.se\/farsna\/wp-content\/uploads\/sites\/93\/2018\/04\/IMG_7524-2-200x300.jpg 200w, https:\/\/www.4h.se\/farsna\/wp-content\/uploads\/sites\/93\/2018\/04\/IMG_7524-2-100x150.jpg 100w, https:\/\/www.4h.se\/farsna\/wp-content\/uploads\/sites\/93\/2018\/04\/IMG_7524-2-683x1024.jpg 683w\" sizes=\"auto, (max-width: 200px) 100vw, 200px\" \/><\/a>\u00a0<img loading=\"lazy\" decoding=\"async\" class=\"alignnone size-medium wp-image-797\" src=\"https:\/\/www.4h.se\/farsna\/wp-content\/uploads\/sites\/93\/2018\/04\/IMG_9646-3-200x300.jpg\" alt=\"IMG_9646 (3)\" width=\"200\" height=\"300\" srcset=\"https:\/\/www.4h.se\/farsna\/wp-content\/uploads\/sites\/93\/2018\/04\/IMG_9646-3-200x300.jpg 200w, https:\/\/www.4h.se\/farsna\/wp-content\/uploads\/sites\/93\/2018\/04\/IMG_9646-3-100x150.jpg 100w, https:\/\/www.4h.se\/farsna\/wp-content\/uploads\/sites\/93\/2018\/04\/IMG_9646-3-683x1024.jpg 683w\" sizes=\"auto, (max-width: 200px) 100vw, 200px\" \/><\/p>\n<p style=\"text-align: center\">Vi har fyra kaniner p\u00e5 g\u00e5rden. Stampe, Muffin, Bubblan och Otis. Bubblan \u00e4r av rasen gotlandskanin som r\u00e4knas som svensk lantras.<\/p>\n<h2 style=\"text-align: center\">Katter<\/h2>\n<p style=\"text-align: center\"><a href=\"https:\/\/www.4h.se\/farsna\/wp-content\/uploads\/sites\/93\/2018\/04\/IMG_9316-2.jpg\"><img loading=\"lazy\" decoding=\"async\" class=\"alignnone size-medium wp-image-770\" src=\"https:\/\/www.4h.se\/farsna\/wp-content\/uploads\/sites\/93\/2018\/04\/IMG_9316-2-207x300.jpg\" alt=\"IMG_9316 (2)\" width=\"207\" height=\"300\" srcset=\"https:\/\/www.4h.se\/farsna\/wp-content\/uploads\/sites\/93\/2018\/04\/IMG_9316-2-207x300.jpg 207w, https:\/\/www.4h.se\/farsna\/wp-content\/uploads\/sites\/93\/2018\/04\/IMG_9316-2-104x150.jpg 104w, https:\/\/www.4h.se\/farsna\/wp-content\/uploads\/sites\/93\/2018\/04\/IMG_9316-2-707x1024.jpg 707w\" sizes=\"auto, (max-width: 207px) 100vw, 207px\" \/><\/a>\u00a0<a href=\"https:\/\/www.4h.se\/farsna\/wp-content\/uploads\/sites\/93\/2018\/04\/IMG_9253-2.jpg\"><img loading=\"lazy\" decoding=\"async\" class=\"alignnone size-medium wp-image-771\" src=\"https:\/\/www.4h.se\/farsna\/wp-content\/uploads\/sites\/93\/2018\/04\/IMG_9253-2-230x300.jpg\" alt=\"IMG_9253 (2)\" width=\"230\" height=\"300\" srcset=\"https:\/\/www.4h.se\/farsna\/wp-content\/uploads\/sites\/93\/2018\/04\/IMG_9253-2-230x300.jpg 230w, https:\/\/www.4h.se\/farsna\/wp-content\/uploads\/sites\/93\/2018\/04\/IMG_9253-2-115x150.jpg 115w, https:\/\/www.4h.se\/farsna\/wp-content\/uploads\/sites\/93\/2018\/04\/IMG_9253-2-785x1024.jpg 785w\" sizes=\"auto, (max-width: 230px) 100vw, 230px\" \/><\/a><\/p>\n<p style=\"text-align: center\">P\u00e5 g\u00e5rden bor tv\u00e5 katter vid namn Chippen och Bella. De bor i stallet och hj\u00e4lper oss att h\u00e5lla m\u00f6ssen borta.<\/p>\n<p>[\/vc_column_text][\/vc_column][\/vc_row]<\/p>\n<\/div>","protected":false},"excerpt":{"rendered":"<p>[vc_row][vc_column][vc_column_text] P\u00e5 F\u00e4rsna 4H-g\u00e5rd har vi 7 olika djurarter Kom g\u00e4rna hit f\u00f6r att tr\u00e4ffa dem! [\/vc_column_text][\/vc_column][\/vc_row][vc_row][vc_column][vc_column_text] H\u00e4star \u00a0\u00a0 \u00a0\u00a0 Vi har sex h\u00e4star, gotlandsrussen X-Ton och Mont\u00e9cillo, nordsvensken Hamrex, korsningsponnyn Loranga, shetlandsponnierna Modig och Kajsa. Getter Genbanksansluten lantras \u00a0 Vi har tv\u00e5 getter p\u00e5 g\u00e5rden, dom \u00e4r j\u00e4mtgetter och heter Ragna och Astrid. Grisar&nbsp; <a href=\"https:\/\/www.4h.se\/farsna\/djuren-pa-4h\/\">&hellip; Read more <i class=\"glyphicon glyphicon-arrow-right\"><\/i><\/a><\/p>\n","protected":false},"author":166,"featured_media":0,"parent":0,"menu_order":0,"comment_status":"closed","ping_status":"closed","template":"","meta":{"_acf_changed":false,"footnotes":""},"class_list":["post-410","page","type-page","status-publish","hentry"],"acf":[],"yoast_head":"<!-- This site is optimized with the Yoast SEO plugin v27.5 - https:\/\/yoast.com\/product\/yoast-seo-wordpress\/ -->\n<title>Djuren p\u00e5 F\u00e4rsna - F\u00e4rsna 4H-g\u00e5rd<\/title>\n<meta name=\"robots\" content=\"index, follow, max-snippet:-1, max-image-preview:large, max-video-preview:-1\" \/>\n<link rel=\"canonical\" href=\"https:\/\/www.4h.se\/farsna\/djuren-pa-4h\/\" \/>\n<meta property=\"og:locale\" content=\"sv_SE\" \/>\n<meta property=\"og:type\" content=\"article\" \/>\n<meta property=\"og:title\" content=\"Djuren p\u00e5 F\u00e4rsna - F\u00e4rsna 4H-g\u00e5rd\" \/>\n<meta property=\"og:description\" content=\"[vc_row][vc_column][vc_column_text] P\u00e5 F\u00e4rsna 4H-g\u00e5rd har vi 7 olika djurarter Kom g\u00e4rna hit f\u00f6r att tr\u00e4ffa dem! [\/vc_column_text][\/vc_column][\/vc_row][vc_row][vc_column][vc_column_text] H\u00e4star \u00a0\u00a0 \u00a0\u00a0 Vi har sex h\u00e4star, gotlandsrussen X-Ton och Mont\u00e9cillo, nordsvensken Hamrex, korsningsponnyn Loranga, shetlandsponnierna Modig och Kajsa. Getter Genbanksansluten lantras \u00a0 Vi har tv\u00e5 getter p\u00e5 g\u00e5rden, dom \u00e4r j\u00e4mtgetter och heter Ragna och Astrid. Grisar&nbsp; &hellip; Read more\" \/>\n<meta property=\"og:url\" content=\"https:\/\/www.4h.se\/farsna\/djuren-pa-4h\/\" \/>\n<meta property=\"og:site_name\" content=\"F\u00e4rsna 4H-g\u00e5rd\" \/>\n<meta property=\"article:modified_time\" content=\"2020-01-28T11:21:37+00:00\" \/>\n<meta property=\"og:image\" content=\"https:\/\/www.4h.se\/farsna\/wp-content\/uploads\/sites\/93\/2018\/04\/IMG_9576-2-200x300.jpg\" \/>\n<meta name=\"twitter:card\" content=\"summary_large_image\" \/>\n<meta name=\"twitter:label1\" content=\"Ber\u00e4knad l\u00e4stid\" \/>\n\t<meta name=\"twitter:data1\" content=\"1 minut\" \/>\n<script type=\"application\/ld+json\" class=\"yoast-schema-graph\">{\"@context\":\"https:\\\/\\\/schema.org\",\"@graph\":[{\"@type\":\"WebPage\",\"@id\":\"https:\\\/\\\/www.4h.se\\\/farsna\\\/djuren-pa-4h\\\/\",\"url\":\"https:\\\/\\\/www.4h.se\\\/farsna\\\/djuren-pa-4h\\\/\",\"name\":\"Djuren p\u00e5 F\u00e4rsna - F\u00e4rsna 4H-g\u00e5rd\",\"isPartOf\":{\"@id\":\"https:\\\/\\\/www.4h.se\\\/farsna\\\/#website\"},\"primaryImageOfPage\":{\"@id\":\"https:\\\/\\\/www.4h.se\\\/farsna\\\/djuren-pa-4h\\\/#primaryimage\"},\"image\":{\"@id\":\"https:\\\/\\\/www.4h.se\\\/farsna\\\/djuren-pa-4h\\\/#primaryimage\"},\"thumbnailUrl\":\"https:\\\/\\\/www.4h.se\\\/farsna\\\/wp-content\\\/uploads\\\/sites\\\/93\\\/2018\\\/04\\\/IMG_9576-2-200x300.jpg\",\"datePublished\":\"2018-04-06T12:39:56+00:00\",\"dateModified\":\"2020-01-28T11:21:37+00:00\",\"breadcrumb\":{\"@id\":\"https:\\\/\\\/www.4h.se\\\/farsna\\\/djuren-pa-4h\\\/#breadcrumb\"},\"inLanguage\":\"sv-SE\",\"potentialAction\":[{\"@type\":\"ReadAction\",\"target\":[\"https:\\\/\\\/www.4h.se\\\/farsna\\\/djuren-pa-4h\\\/\"]}]},{\"@type\":\"ImageObject\",\"inLanguage\":\"sv-SE\",\"@id\":\"https:\\\/\\\/www.4h.se\\\/farsna\\\/djuren-pa-4h\\\/#primaryimage\",\"url\":\"https:\\\/\\\/www.4h.se\\\/farsna\\\/wp-content\\\/uploads\\\/sites\\\/93\\\/2018\\\/04\\\/IMG_9576-2.jpg\",\"contentUrl\":\"https:\\\/\\\/www.4h.se\\\/farsna\\\/wp-content\\\/uploads\\\/sites\\\/93\\\/2018\\\/04\\\/IMG_9576-2.jpg\",\"width\":3122,\"height\":4682},{\"@type\":\"BreadcrumbList\",\"@id\":\"https:\\\/\\\/www.4h.se\\\/farsna\\\/djuren-pa-4h\\\/#breadcrumb\",\"itemListElement\":[{\"@type\":\"ListItem\",\"position\":1,\"name\":\"Hem\",\"item\":\"https:\\\/\\\/www.4h.se\\\/farsna\\\/\"},{\"@type\":\"ListItem\",\"position\":2,\"name\":\"Djuren p\u00e5 F\u00e4rsna\"}]},{\"@type\":\"WebSite\",\"@id\":\"https:\\\/\\\/www.4h.se\\\/farsna\\\/#website\",\"url\":\"https:\\\/\\\/www.4h.se\\\/farsna\\\/\",\"name\":\"F\u00e4rsna 4H-g\u00e5rd\",\"description\":\"Huvud, Hj\u00e4rta, H\u00e4lsa, Hand\",\"potentialAction\":[{\"@type\":\"SearchAction\",\"target\":{\"@type\":\"EntryPoint\",\"urlTemplate\":\"https:\\\/\\\/www.4h.se\\\/farsna\\\/?s={search_term_string}\"},\"query-input\":{\"@type\":\"PropertyValueSpecification\",\"valueRequired\":true,\"valueName\":\"search_term_string\"}}],\"inLanguage\":\"sv-SE\"}]}<\/script>\n<!-- \/ Yoast SEO plugin. -->","yoast_head_json":{"title":"Djuren p\u00e5 F\u00e4rsna - F\u00e4rsna 4H-g\u00e5rd","robots":{"index":"index","follow":"follow","max-snippet":"max-snippet:-1","max-image-preview":"max-image-preview:large","max-video-preview":"max-video-preview:-1"},"canonical":"https:\/\/www.4h.se\/farsna\/djuren-pa-4h\/","og_locale":"sv_SE","og_type":"article","og_title":"Djuren p\u00e5 F\u00e4rsna - F\u00e4rsna 4H-g\u00e5rd","og_description":"[vc_row][vc_column][vc_column_text] P\u00e5 F\u00e4rsna 4H-g\u00e5rd har vi 7 olika djurarter Kom g\u00e4rna hit f\u00f6r att tr\u00e4ffa dem! [\/vc_column_text][\/vc_column][\/vc_row][vc_row][vc_column][vc_column_text] H\u00e4star \u00a0\u00a0 \u00a0\u00a0 Vi har sex h\u00e4star, gotlandsrussen X-Ton och Mont\u00e9cillo, nordsvensken Hamrex, korsningsponnyn Loranga, shetlandsponnierna Modig och Kajsa. Getter Genbanksansluten lantras \u00a0 Vi har tv\u00e5 getter p\u00e5 g\u00e5rden, dom \u00e4r j\u00e4mtgetter och heter Ragna och Astrid. Grisar&nbsp; &hellip; Read more","og_url":"https:\/\/www.4h.se\/farsna\/djuren-pa-4h\/","og_site_name":"F\u00e4rsna 4H-g\u00e5rd","article_modified_time":"2020-01-28T11:21:37+00:00","og_image":[{"url":"https:\/\/www.4h.se\/farsna\/wp-content\/uploads\/sites\/93\/2018\/04\/IMG_9576-2-200x300.jpg","type":"","width":"","height":""}],"twitter_card":"summary_large_image","twitter_misc":{"Ber\u00e4knad l\u00e4stid":"1 minut"},"schema":{"@context":"https:\/\/schema.org","@graph":[{"@type":"WebPage","@id":"https:\/\/www.4h.se\/farsna\/djuren-pa-4h\/","url":"https:\/\/www.4h.se\/farsna\/djuren-pa-4h\/","name":"Djuren p\u00e5 F\u00e4rsna - F\u00e4rsna 4H-g\u00e5rd","isPartOf":{"@id":"https:\/\/www.4h.se\/farsna\/#website"},"primaryImageOfPage":{"@id":"https:\/\/www.4h.se\/farsna\/djuren-pa-4h\/#primaryimage"},"image":{"@id":"https:\/\/www.4h.se\/farsna\/djuren-pa-4h\/#primaryimage"},"thumbnailUrl":"https:\/\/www.4h.se\/farsna\/wp-content\/uploads\/sites\/93\/2018\/04\/IMG_9576-2-200x300.jpg","datePublished":"2018-04-06T12:39:56+00:00","dateModified":"2020-01-28T11:21:37+00:00","breadcrumb":{"@id":"https:\/\/www.4h.se\/farsna\/djuren-pa-4h\/#breadcrumb"},"inLanguage":"sv-SE","potentialAction":[{"@type":"ReadAction","target":["https:\/\/www.4h.se\/farsna\/djuren-pa-4h\/"]}]},{"@type":"ImageObject","inLanguage":"sv-SE","@id":"https:\/\/www.4h.se\/farsna\/djuren-pa-4h\/#primaryimage","url":"https:\/\/www.4h.se\/farsna\/wp-content\/uploads\/sites\/93\/2018\/04\/IMG_9576-2.jpg","contentUrl":"https:\/\/www.4h.se\/farsna\/wp-content\/uploads\/sites\/93\/2018\/04\/IMG_9576-2.jpg","width":3122,"height":4682},{"@type":"BreadcrumbList","@id":"https:\/\/www.4h.se\/farsna\/djuren-pa-4h\/#breadcrumb","itemListElement":[{"@type":"ListItem","position":1,"name":"Hem","item":"https:\/\/www.4h.se\/farsna\/"},{"@type":"ListItem","position":2,"name":"Djuren p\u00e5 F\u00e4rsna"}]},{"@type":"WebSite","@id":"https:\/\/www.4h.se\/farsna\/#website","url":"https:\/\/www.4h.se\/farsna\/","name":"F\u00e4rsna 4H-g\u00e5rd","description":"Huvud, Hj\u00e4rta, H\u00e4lsa, Hand","potentialAction":[{"@type":"SearchAction","target":{"@type":"EntryPoint","urlTemplate":"https:\/\/www.4h.se\/farsna\/?s={search_term_string}"},"query-input":{"@type":"PropertyValueSpecification","valueRequired":true,"valueName":"search_term_string"}}],"inLanguage":"sv-SE"}]}},"_links":{"self":[{"href":"https:\/\/www.4h.se\/farsna\/wp-json\/wp\/v2\/pages\/410","targetHints":{"allow":["GET"]}}],"collection":[{"href":"https:\/\/www.4h.se\/farsna\/wp-json\/wp\/v2\/pages"}],"about":[{"href":"https:\/\/www.4h.se\/farsna\/wp-json\/wp\/v2\/types\/page"}],"author":[{"embeddable":true,"href":"https:\/\/www.4h.se\/farsna\/wp-json\/wp\/v2\/users\/166"}],"replies":[{"embeddable":true,"href":"https:\/\/www.4h.se\/farsna\/wp-json\/wp\/v2\/comments?post=410"}],"version-history":[{"count":0,"href":"https:\/\/www.4h.se\/farsna\/wp-json\/wp\/v2\/pages\/410\/revisions"}],"wp:attachment":[{"href":"https:\/\/www.4h.se\/farsna\/wp-json\/wp\/v2\/media?parent=410"}],"curies":[{"name":"wp","href":"https:\/\/api.w.org\/{rel}","templated":true}]}}