



{"id":921,"date":"2023-07-02T14:21:30","date_gmt":"2023-07-02T12:21:30","guid":{"rendered":"https:\/\/www.4h.se\/ersboda\/?page_id=921"},"modified":"2023-07-02T20:55:00","modified_gmt":"2023-07-02T18:55:00","slug":"gdpr-hos-oss","status":"publish","type":"page","link":"https:\/\/www.4h.se\/ersboda\/gdpr-hos-oss\/","title":{"rendered":"GDPR hos oss"},"content":{"rendered":"<div class=\"wpb-content-wrapper\"><p>[vc_row full_width=&#8221;stretch_row&#8221; css=&#8221;.vc_custom_1654169326591{margin-right: 0px !important;margin-left: 0px !important;background-color: #007c3e !important;}&#8221;][vc_column css=&#8221;.vc_custom_1688324074223{background-color: #ffffff !important;border-radius: 15px !important;}&#8221;][vc_column_text]<\/p>\n<div id=\"content\" role=\"main\">\n<article id=\"post_650\" class=\"post-650 page type-page status-publish hentry\" role=\"article\">\n<section class=\"wpb-content-wrapper\">\n<div class=\"vc_row wpb_row vc_row-fluid\">\n<div class=\"wpb_column vc_column_container vc_col-sm-12\">\n<div class=\"vc_column-inner\">\n<div class=\"wpb_wrapper\">\n<div class=\"wpb_text_column wpb_content_element \">\n<div class=\"wpb_wrapper\">\n<h2>GDPR hos oss<\/h2>\n<h4>Lagring av personuppgifter \/ GDPR<\/h4>\n<p>Som deltagare p\u00e5 aktiviteter hos oss m\u00e5ste du ta ett aktivt st\u00e4llningstagande till att vi lagrar era kontaktuppgifter\/personuppgifter. De personuppgifter vi anv\u00e4nder oss av \u00e4r namn, adress, telefonnummer, e-post samt f\u00f6delsedata (sex f\u00f6rsta siffror i personnumret).<\/p>\n<p>Vi beh\u00f6ver dina personuppgifter f\u00f6r att administrera ditt medlemskap och kunna informera dig kring bokade aktiviteter.<\/p>\n<p>Vi sparar alla personuppgifter under det \u00e5ret som ni \u00e4r medlemmar, v\u00e4ljer ni att inte f\u00f6rnya ert medlemskap \u00e5ret d\u00e4r p\u00e5 s\u00e5 kommer alla era uppgifter att tas bort inom ett \u00e5r.<\/p>\n<p>I och med att ni l\u00f6ser ert medlemskap registreras ni i ett medlemsregister hos oss och ett hos v\u00e5rt Riksf\u00f6rbund.<\/p>\n<p>De enskilda personuppgifterna anv\u00e4nds endast till medlemsregister.<\/p>\n<p>Till den registrerade mailadressen kommer vi att skicka nyhetsutskick med information fr\u00e5n g\u00e5rden till er som medlemmar. Detta medlemsutskick kan ni l\u00e4tt v\u00e4lja att avanm\u00e4la er fr\u00e5n genom ett knapptryck l\u00e4ngst ned i mailet.<\/p>\n<p>&nbsp;<\/p>\n<h4><strong>Vilka r\u00e4ttigheter har du?<\/strong><\/h4>\n<p>Du som registrerad i f\u00f6reningen har r\u00e4tt att f\u00e5 ett registerutdrag avseende f\u00f6reningens behandling av dina personuppgifter. F\u00f6reningen ska vid beg\u00e4ran av registerutdrag f\u00f6rse dig med en kopia av de personuppgifter som \u00e4r under behandling. F\u00f6r eventuella ytterligare kopior som du beg\u00e4r f\u00e5r f\u00f6reningen ta ut en rimlig avgift utifr\u00e5n administrativa kostnader. Du har r\u00e4tt att f\u00e5 dina personuppgifter korrigerade om de \u00e4r felaktiga, ofullst\u00e4ndiga eller missvisande och r\u00e4tt att begr\u00e4nsa behandlingen av personuppgifterna tills de blir \u00e4ndrade.<\/p>\n<p>&nbsp;<\/p>\n<p><strong>Har du fr\u00e5gor om f\u00f6reningens personuppgiftsbehandling eller vill ut\u00f6va dina r\u00e4ttigheter kontaktar du oss p\u00e5 ersboda@4h.se.<\/strong><\/p>\n<p>&nbsp;<\/p>\n<p>Vill du veta mer kan du l\u00e4sa p\u00e5 <a href=\"https:\/\/www.4h.se\/medlemsvillkor\/\" target=\"_blank\" rel=\"noopener\">riksf\u00f6rbundets hemsida<\/a><\/p>\n<\/div>\n<\/div>\n<\/div>\n<\/div>\n<\/div>\n<\/div>\n<\/section>\n<\/article>\n<\/div>\n<p>[\/vc_column_text][\/vc_column][\/vc_row][vc_row full_width=&#8221;stretch_row&#8221; css=&#8221;.vc_custom_1654169326591{margin-right: 0px !important;margin-left: 0px !important;background-color: #007c3e !important;}&#8221;][vc_column][\/vc_column][\/vc_row]<\/p>\n<\/div>","protected":false},"excerpt":{"rendered":"<p>[vc_row full_width=&#8221;stretch_row&#8221; css=&#8221;.vc_custom_1654169326591{margin-right: 0px !important;margin-left: 0px !important;background-color: #007c3e !important;}&#8221;][vc_column css=&#8221;.vc_custom_1688324074223{background-color: #ffffff !important;border-radius: 15px !important;}&#8221;][vc_column_text] GDPR hos oss Lagring av personuppgifter \/ GDPR Som deltagare p\u00e5 aktiviteter hos oss m\u00e5ste du ta ett aktivt st\u00e4llningstagande till att vi lagrar era kontaktuppgifter\/personuppgifter. De personuppgifter vi anv\u00e4nder oss av \u00e4r namn, adress, telefonnummer, e-post samt f\u00f6delsedata (sex f\u00f6rsta&nbsp; <a href=\"https:\/\/www.4h.se\/ersboda\/gdpr-hos-oss\/\">&hellip; Read more <i class=\"glyphicon glyphicon-arrow-right\"><\/i><\/a><\/p>\n","protected":false},"author":168,"featured_media":0,"parent":0,"menu_order":0,"comment_status":"closed","ping_status":"closed","template":"","meta":{"footnotes":""},"class_list":["post-921","page","type-page","status-publish","hentry"],"yoast_head":"<!-- This site is optimized with the Yoast SEO plugin v27.4 - https:\/\/yoast.com\/product\/yoast-seo-wordpress\/ -->\n<title>GDPR hos oss - Ersboda 4H-g\u00e5rd<\/title>\n<meta name=\"robots\" content=\"index, follow, max-snippet:-1, max-image-preview:large, max-video-preview:-1\" \/>\n<link rel=\"canonical\" href=\"https:\/\/www.4h.se\/ersboda\/gdpr-hos-oss\/\" \/>\n<meta property=\"og:locale\" content=\"sv_SE\" \/>\n<meta property=\"og:type\" content=\"article\" \/>\n<meta property=\"og:title\" content=\"GDPR hos oss - Ersboda 4H-g\u00e5rd\" \/>\n<meta property=\"og:description\" content=\"[vc_row full_width=&#8221;stretch_row&#8221; css=&#8221;.vc_custom_1654169326591{margin-right: 0px !important;margin-left: 0px !important;background-color: #007c3e !important;}&#8221;][vc_column css=&#8221;.vc_custom_1688324074223{background-color: #ffffff !important;border-radius: 15px !important;}&#8221;][vc_column_text] GDPR hos oss Lagring av personuppgifter \/ GDPR Som deltagare p\u00e5 aktiviteter hos oss m\u00e5ste du ta ett aktivt st\u00e4llningstagande till att vi lagrar era kontaktuppgifter\/personuppgifter. De personuppgifter vi anv\u00e4nder oss av \u00e4r namn, adress, telefonnummer, e-post samt f\u00f6delsedata (sex f\u00f6rsta&nbsp; &hellip; Read more\" \/>\n<meta property=\"og:url\" content=\"https:\/\/www.4h.se\/ersboda\/gdpr-hos-oss\/\" \/>\n<meta property=\"og:site_name\" content=\"Ersboda 4H-g\u00e5rd\" \/>\n<meta property=\"article:modified_time\" content=\"2023-07-02T18:55:00+00:00\" \/>\n<meta name=\"twitter:card\" content=\"summary_large_image\" \/>\n<script type=\"application\/ld+json\" class=\"yoast-schema-graph\">{\"@context\":\"https:\\\/\\\/schema.org\",\"@graph\":[{\"@type\":\"WebPage\",\"@id\":\"https:\\\/\\\/www.4h.se\\\/ersboda\\\/gdpr-hos-oss\\\/\",\"url\":\"https:\\\/\\\/www.4h.se\\\/ersboda\\\/gdpr-hos-oss\\\/\",\"name\":\"GDPR hos oss - Ersboda 4H-g\u00e5rd\",\"isPartOf\":{\"@id\":\"https:\\\/\\\/www.4h.se\\\/ersboda\\\/#website\"},\"datePublished\":\"2023-07-02T12:21:30+00:00\",\"dateModified\":\"2023-07-02T18:55:00+00:00\",\"breadcrumb\":{\"@id\":\"https:\\\/\\\/www.4h.se\\\/ersboda\\\/gdpr-hos-oss\\\/#breadcrumb\"},\"inLanguage\":\"sv-SE\",\"potentialAction\":[{\"@type\":\"ReadAction\",\"target\":[\"https:\\\/\\\/www.4h.se\\\/ersboda\\\/gdpr-hos-oss\\\/\"]}]},{\"@type\":\"BreadcrumbList\",\"@id\":\"https:\\\/\\\/www.4h.se\\\/ersboda\\\/gdpr-hos-oss\\\/#breadcrumb\",\"itemListElement\":[{\"@type\":\"ListItem\",\"position\":1,\"name\":\"Hem\",\"item\":\"https:\\\/\\\/www.4h.se\\\/ersboda\\\/\"},{\"@type\":\"ListItem\",\"position\":2,\"name\":\"GDPR hos oss\"}]},{\"@type\":\"WebSite\",\"@id\":\"https:\\\/\\\/www.4h.se\\\/ersboda\\\/#website\",\"url\":\"https:\\\/\\\/www.4h.se\\\/ersboda\\\/\",\"name\":\"Ersboda 4H-g\u00e5rd\",\"description\":\"\",\"potentialAction\":[{\"@type\":\"SearchAction\",\"target\":{\"@type\":\"EntryPoint\",\"urlTemplate\":\"https:\\\/\\\/www.4h.se\\\/ersboda\\\/?s={search_term_string}\"},\"query-input\":{\"@type\":\"PropertyValueSpecification\",\"valueRequired\":true,\"valueName\":\"search_term_string\"}}],\"inLanguage\":\"sv-SE\"}]}<\/script>\n<!-- \/ Yoast SEO plugin. -->","yoast_head_json":{"title":"GDPR hos oss - Ersboda 4H-g\u00e5rd","robots":{"index":"index","follow":"follow","max-snippet":"max-snippet:-1","max-image-preview":"max-image-preview:large","max-video-preview":"max-video-preview:-1"},"canonical":"https:\/\/www.4h.se\/ersboda\/gdpr-hos-oss\/","og_locale":"sv_SE","og_type":"article","og_title":"GDPR hos oss - Ersboda 4H-g\u00e5rd","og_description":"[vc_row full_width=&#8221;stretch_row&#8221; css=&#8221;.vc_custom_1654169326591{margin-right: 0px !important;margin-left: 0px !important;background-color: #007c3e !important;}&#8221;][vc_column css=&#8221;.vc_custom_1688324074223{background-color: #ffffff !important;border-radius: 15px !important;}&#8221;][vc_column_text] GDPR hos oss Lagring av personuppgifter \/ GDPR Som deltagare p\u00e5 aktiviteter hos oss m\u00e5ste du ta ett aktivt st\u00e4llningstagande till att vi lagrar era kontaktuppgifter\/personuppgifter. De personuppgifter vi anv\u00e4nder oss av \u00e4r namn, adress, telefonnummer, e-post samt f\u00f6delsedata (sex f\u00f6rsta&nbsp; &hellip; Read more","og_url":"https:\/\/www.4h.se\/ersboda\/gdpr-hos-oss\/","og_site_name":"Ersboda 4H-g\u00e5rd","article_modified_time":"2023-07-02T18:55:00+00:00","twitter_card":"summary_large_image","schema":{"@context":"https:\/\/schema.org","@graph":[{"@type":"WebPage","@id":"https:\/\/www.4h.se\/ersboda\/gdpr-hos-oss\/","url":"https:\/\/www.4h.se\/ersboda\/gdpr-hos-oss\/","name":"GDPR hos oss - Ersboda 4H-g\u00e5rd","isPartOf":{"@id":"https:\/\/www.4h.se\/ersboda\/#website"},"datePublished":"2023-07-02T12:21:30+00:00","dateModified":"2023-07-02T18:55:00+00:00","breadcrumb":{"@id":"https:\/\/www.4h.se\/ersboda\/gdpr-hos-oss\/#breadcrumb"},"inLanguage":"sv-SE","potentialAction":[{"@type":"ReadAction","target":["https:\/\/www.4h.se\/ersboda\/gdpr-hos-oss\/"]}]},{"@type":"BreadcrumbList","@id":"https:\/\/www.4h.se\/ersboda\/gdpr-hos-oss\/#breadcrumb","itemListElement":[{"@type":"ListItem","position":1,"name":"Hem","item":"https:\/\/www.4h.se\/ersboda\/"},{"@type":"ListItem","position":2,"name":"GDPR hos oss"}]},{"@type":"WebSite","@id":"https:\/\/www.4h.se\/ersboda\/#website","url":"https:\/\/www.4h.se\/ersboda\/","name":"Ersboda 4H-g\u00e5rd","description":"","potentialAction":[{"@type":"SearchAction","target":{"@type":"EntryPoint","urlTemplate":"https:\/\/www.4h.se\/ersboda\/?s={search_term_string}"},"query-input":{"@type":"PropertyValueSpecification","valueRequired":true,"valueName":"search_term_string"}}],"inLanguage":"sv-SE"}]}},"_links":{"self":[{"href":"https:\/\/www.4h.se\/ersboda\/wp-json\/wp\/v2\/pages\/921","targetHints":{"allow":["GET"]}}],"collection":[{"href":"https:\/\/www.4h.se\/ersboda\/wp-json\/wp\/v2\/pages"}],"about":[{"href":"https:\/\/www.4h.se\/ersboda\/wp-json\/wp\/v2\/types\/page"}],"author":[{"embeddable":true,"href":"https:\/\/www.4h.se\/ersboda\/wp-json\/wp\/v2\/users\/168"}],"replies":[{"embeddable":true,"href":"https:\/\/www.4h.se\/ersboda\/wp-json\/wp\/v2\/comments?post=921"}],"version-history":[{"count":0,"href":"https:\/\/www.4h.se\/ersboda\/wp-json\/wp\/v2\/pages\/921\/revisions"}],"wp:attachment":[{"href":"https:\/\/www.4h.se\/ersboda\/wp-json\/wp\/v2\/media?parent=921"}],"curies":[{"name":"wp","href":"https:\/\/api.w.org\/{rel}","templated":true}]}}