



{"id":736,"date":"2022-01-24T10:43:27","date_gmt":"2022-01-24T09:43:27","guid":{"rendered":"https:\/\/www.4h.se\/ersboda\/?page_id=736"},"modified":"2023-07-03T13:06:23","modified_gmt":"2023-07-03T11:06:23","slug":"ledare","status":"publish","type":"page","link":"https:\/\/www.4h.se\/ersboda\/ledare\/","title":{"rendered":"Ledare"},"content":{"rendered":"<div class=\"wpb-content-wrapper\"><p>[vc_row full_width=&#8221;stretch_row&#8221; css=&#8221;.vc_custom_1688325139269{background-color: #008b45 !important;}&#8221;][vc_column width=&#8221;2\/3&#8243;][vc_row_inner css=&#8221;.vc_custom_1652187320790{margin-right: 20px !important;margin-left: 20px !important;background-color: #ffffff !important;border-radius: 15px !important;}&#8221;][vc_column_inner][vc_column_text css=&#8221;.vc_custom_1688382347650{margin-top: 20px !important;padding-top: 20px !important;padding-right: 20px !important;padding-bottom: 20px !important;padding-left: 20px !important;}&#8221;]<\/p>\n<h2><span style=\"color: #000000;\">Ledare p\u00e5 Ersboda 4H<\/span><\/h2>\n<p>[\/vc_column_text][vc_separator color=&#8221;green&#8221; style=&#8221;dotted&#8221; border_width=&#8221;5&#8243;][vc_column_text css=&#8221;.vc_custom_1688382354936{padding-top: 20px !important;padding-right: 20px !important;padding-bottom: 20px !important;padding-left: 20px !important;}&#8221;]<span style=\"font-weight: 400; color: #000000;\">Fr\u00e5n det \u00e5ret du fyller 11 \u00e5r har du som medlem i Ersboda 4H-klubb m\u00f6jlighet att utbilda dig till ledare hos oss. Innan du g\u00e5r en utbildning till ledare vill vi att du har g\u00e5tt djursk\u00f6tarkurs minst en termin eller en l\u00e4gervecka.<\/span><\/p>\n<p><span style=\"font-weight: 400; color: #000000;\">Det f\u00f6rsta steget, f\u00f6r dig mellan 11-12 \u00e5r, kallas f\u00f6r miniledare. D\u00e4refter kan du bli hj\u00e4lpledare, 12+ \u00e5r.<\/span><\/p>\n<p><span style=\"font-weight: 400; color: #000000;\">Vi har egna utbildningar som hj\u00e4lper dig p\u00e5 v\u00e4gen; innan du blir minihj\u00e4lpledare g\u00e5r du en enklare kurs p\u00e5 ca 8 h (ibland uppdelat p\u00e5 flera tillf\u00e4llen, ibland som kurs en helg, ibland som veckokurs vid l\u00e4ger). D\u00e4r pratar vi om hur du \u00e4r en bra ledare, och l\u00e4r oss ocks\u00e5 mer om djuren och rutinerna p\u00e5 g\u00e5rden. F\u00f6r att bli hj\u00e4lpledare har vi ocks\u00e5 egna kurser p\u00e5 g\u00e5rden, p\u00e5 ca 8 h per kurs.<\/span><\/p>\n<p><span style=\"font-weight: 400; color: #000000;\">F\u00f6r ledare finns \u00e4ven en utbildning som v\u00e5rt l\u00e4nsf\u00f6rbund h\u00e5ller i; Ledarkurs steg 1. D\u00e4r tr\u00e4ffas ledare, som fyllt 12 \u00e5r, fr\u00e5n hela l\u00e4net och har kul tillsammans. L\u00e4nsf\u00f6rbundet har \u00e4ven ett s\u00e4rskilt ledarprogram fr\u00e5n 14 \u00e5r som kallas Juniorledare, d\u00e4r f\u00e5r antagna ledare uppgifter att g\u00f6ra under ett \u00e5r och genomf\u00f6r sedan en premieresa tillsammans med andra juniorledare fr\u00e5n Stockholm.<\/span><\/p>\n<p><span style=\"font-weight: 400; color: #000000;\">Ledare p\u00e5 Ersboda 4H \u00e4r med p\u00e5 kurser och p\u00e5 l\u00e4ger. Vi har l\u00e4ger alla lov och grupper kv\u00e4llstid tisdag-fredag. Som ledare \u00e4r du med och v\u00e4ljer vilken grupp som passar dig. Som ledare \u00e4r du en f\u00f6rebild i gruppen, hj\u00e4lper barnen och f\u00e5r tr\u00e4na b\u00e5de p\u00e5 att ta ansvar och prata inf\u00f6r andra. Vi har alltid en personal med som h\u00e5ller i gruppen. Vi anpassar ledarens ansvar och uppgifter i gruppen efter \u00e5lder och erfarenhet. Vi vill att alla ledare ska f\u00e5 m\u00f6jlighet att v\u00e4xa och utvecklas hos oss.<\/span><\/p>\n<p><span style=\"font-weight: 400; color: #000000;\">Som ledare erbjuds du massor av kurser och roliga aktiviteter! Ledarna \u00e4r alltid v\u00e4lkomna att h\u00e4nga med oss p\u00e5 g\u00e5rden, de f\u00e5r g\u00e4rna komma f\u00f6rbi n\u00e4r det \u00e4r studiedagar i skolan, h\u00e4r kan man bara vara, baka, spela spel, lyssna p\u00e5 musik, h\u00e4nga med kompisar, l\u00e4ra k\u00e4nna nya m\u00e4nniskor, pyssla med djuren, driva egna sm\u00e5 eller stora projekt osv. Vi har ALLTID personal\/fritidsledare n\u00e4ra till hands!<\/span><\/p>\n<p><span style=\"font-weight: 400; color: #000000;\">\u00a0<\/span><\/p>\n<h4><strong><span style=\"color: #000000;\">Vill du bli ledare hos oss? Skicka ett mail till ersboda@4h.se s\u00e5 ber\u00e4ttar vi mer om n\u00e4r n\u00e4sta kurs \u00e4r!<\/span><\/strong><\/h4>\n<p>&nbsp;[\/vc_column_text][vc_single_image image=&#8221;797&#8243; img_size=&#8221;full&#8221; alignment=&#8221;center&#8221; style=&#8221;vc_box_shadow_3d&#8221;][\/vc_column_inner][\/vc_row_inner][\/vc_column][vc_column width=&#8221;1\/3&#8243;][vc_single_image image=&#8221;841&#8243; img_size=&#8221;200&#215;240&#8243; alignment=&#8221;center&#8221; style=&#8221;vc_box_outline&#8221; border_color=&#8221;white&#8221;][vc_single_image image=&#8221;842&#8243; img_size=&#8221;200&#215;240&#8243; alignment=&#8221;center&#8221; style=&#8221;vc_box_outline&#8221; border_color=&#8221;white&#8221;][vc_single_image image=&#8221;839&#8243; img_size=&#8221;200&#215;240&#8243; alignment=&#8221;center&#8221; style=&#8221;vc_box_outline&#8221; border_color=&#8221;white&#8221;][vc_single_image image=&#8221;836&#8243; img_size=&#8221;200&#215;240&#8243; alignment=&#8221;center&#8221; style=&#8221;vc_box_outline&#8221; border_color=&#8221;white&#8221;][vc_single_image image=&#8221;838&#8243; img_size=&#8221;200&#215;240&#8243; alignment=&#8221;center&#8221; style=&#8221;vc_box_outline&#8221; border_color=&#8221;white&#8221;][\/vc_column][\/vc_row][vc_row full_width=&#8221;stretch_row&#8221; css=&#8221;.vc_custom_1688382381178{margin-right: 0px !important;margin-left: 0px !important;background-color: #008b45 !important;}&#8221;][vc_column][\/vc_column][\/vc_row]<\/p>\n<\/div>","protected":false},"excerpt":{"rendered":"<p>[vc_row full_width=&#8221;stretch_row&#8221; css=&#8221;.vc_custom_1688325139269{background-color: #008b45 !important;}&#8221;][vc_column width=&#8221;2\/3&#8243;][vc_row_inner css=&#8221;.vc_custom_1652187320790{margin-right: 20px !important;margin-left: 20px !important;background-color: #ffffff !important;border-radius: 15px !important;}&#8221;][vc_column_inner][vc_column_text css=&#8221;.vc_custom_1688382347650{margin-top: 20px !important;padding-top: 20px !important;padding-right: 20px !important;padding-bottom: 20px !important;padding-left: 20px !important;}&#8221;] Ledare p\u00e5 Ersboda 4H [\/vc_column_text][vc_separator color=&#8221;green&#8221; style=&#8221;dotted&#8221; border_width=&#8221;5&#8243;][vc_column_text css=&#8221;.vc_custom_1688382354936{padding-top: 20px !important;padding-right: 20px !important;padding-bottom: 20px !important;padding-left: 20px !important;}&#8221;]Fr\u00e5n det \u00e5ret du fyller 11 \u00e5r har du som medlem i Ersboda&nbsp; <a href=\"https:\/\/www.4h.se\/ersboda\/ledare\/\">&hellip; Read more <i class=\"glyphicon glyphicon-arrow-right\"><\/i><\/a><\/p>\n","protected":false},"author":168,"featured_media":0,"parent":0,"menu_order":0,"comment_status":"closed","ping_status":"closed","template":"","meta":{"footnotes":""},"class_list":["post-736","page","type-page","status-publish","hentry"],"yoast_head":"<!-- This site is optimized with the Yoast SEO plugin v27.4 - https:\/\/yoast.com\/product\/yoast-seo-wordpress\/ -->\n<title>Ledare - Ersboda 4H-g\u00e5rd<\/title>\n<meta name=\"robots\" content=\"index, follow, max-snippet:-1, max-image-preview:large, max-video-preview:-1\" \/>\n<link rel=\"canonical\" href=\"https:\/\/www.4h.se\/ersboda\/ledare\/\" \/>\n<meta property=\"og:locale\" content=\"sv_SE\" \/>\n<meta property=\"og:type\" content=\"article\" \/>\n<meta property=\"og:title\" content=\"Ledare - Ersboda 4H-g\u00e5rd\" \/>\n<meta property=\"og:description\" content=\"[vc_row full_width=&#8221;stretch_row&#8221; css=&#8221;.vc_custom_1688325139269{background-color: #008b45 !important;}&#8221;][vc_column width=&#8221;2\/3&#8243;][vc_row_inner css=&#8221;.vc_custom_1652187320790{margin-right: 20px !important;margin-left: 20px !important;background-color: #ffffff !important;border-radius: 15px !important;}&#8221;][vc_column_inner][vc_column_text css=&#8221;.vc_custom_1688382347650{margin-top: 20px !important;padding-top: 20px !important;padding-right: 20px !important;padding-bottom: 20px !important;padding-left: 20px !important;}&#8221;] Ledare p\u00e5 Ersboda 4H [\/vc_column_text][vc_separator color=&#8221;green&#8221; style=&#8221;dotted&#8221; border_width=&#8221;5&#8243;][vc_column_text css=&#8221;.vc_custom_1688382354936{padding-top: 20px !important;padding-right: 20px !important;padding-bottom: 20px !important;padding-left: 20px !important;}&#8221;]Fr\u00e5n det \u00e5ret du fyller 11 \u00e5r har du som medlem i Ersboda&nbsp; &hellip; Read more\" \/>\n<meta property=\"og:url\" content=\"https:\/\/www.4h.se\/ersboda\/ledare\/\" \/>\n<meta property=\"og:site_name\" content=\"Ersboda 4H-g\u00e5rd\" \/>\n<meta property=\"article:modified_time\" content=\"2023-07-03T11:06:23+00:00\" \/>\n<meta name=\"twitter:card\" content=\"summary_large_image\" \/>\n<meta name=\"twitter:label1\" content=\"Ber\u00e4knad l\u00e4stid\" \/>\n\t<meta name=\"twitter:data1\" content=\"3 minuter\" \/>\n<script type=\"application\/ld+json\" class=\"yoast-schema-graph\">{\"@context\":\"https:\\\/\\\/schema.org\",\"@graph\":[{\"@type\":\"WebPage\",\"@id\":\"https:\\\/\\\/www.4h.se\\\/ersboda\\\/ledare\\\/\",\"url\":\"https:\\\/\\\/www.4h.se\\\/ersboda\\\/ledare\\\/\",\"name\":\"Ledare - Ersboda 4H-g\u00e5rd\",\"isPartOf\":{\"@id\":\"https:\\\/\\\/www.4h.se\\\/ersboda\\\/#website\"},\"datePublished\":\"2022-01-24T09:43:27+00:00\",\"dateModified\":\"2023-07-03T11:06:23+00:00\",\"breadcrumb\":{\"@id\":\"https:\\\/\\\/www.4h.se\\\/ersboda\\\/ledare\\\/#breadcrumb\"},\"inLanguage\":\"sv-SE\",\"potentialAction\":[{\"@type\":\"ReadAction\",\"target\":[\"https:\\\/\\\/www.4h.se\\\/ersboda\\\/ledare\\\/\"]}]},{\"@type\":\"BreadcrumbList\",\"@id\":\"https:\\\/\\\/www.4h.se\\\/ersboda\\\/ledare\\\/#breadcrumb\",\"itemListElement\":[{\"@type\":\"ListItem\",\"position\":1,\"name\":\"Hem\",\"item\":\"https:\\\/\\\/www.4h.se\\\/ersboda\\\/\"},{\"@type\":\"ListItem\",\"position\":2,\"name\":\"Ledare\"}]},{\"@type\":\"WebSite\",\"@id\":\"https:\\\/\\\/www.4h.se\\\/ersboda\\\/#website\",\"url\":\"https:\\\/\\\/www.4h.se\\\/ersboda\\\/\",\"name\":\"Ersboda 4H-g\u00e5rd\",\"description\":\"\",\"potentialAction\":[{\"@type\":\"SearchAction\",\"target\":{\"@type\":\"EntryPoint\",\"urlTemplate\":\"https:\\\/\\\/www.4h.se\\\/ersboda\\\/?s={search_term_string}\"},\"query-input\":{\"@type\":\"PropertyValueSpecification\",\"valueRequired\":true,\"valueName\":\"search_term_string\"}}],\"inLanguage\":\"sv-SE\"}]}<\/script>\n<!-- \/ Yoast SEO plugin. -->","yoast_head_json":{"title":"Ledare - Ersboda 4H-g\u00e5rd","robots":{"index":"index","follow":"follow","max-snippet":"max-snippet:-1","max-image-preview":"max-image-preview:large","max-video-preview":"max-video-preview:-1"},"canonical":"https:\/\/www.4h.se\/ersboda\/ledare\/","og_locale":"sv_SE","og_type":"article","og_title":"Ledare - Ersboda 4H-g\u00e5rd","og_description":"[vc_row full_width=&#8221;stretch_row&#8221; css=&#8221;.vc_custom_1688325139269{background-color: #008b45 !important;}&#8221;][vc_column width=&#8221;2\/3&#8243;][vc_row_inner css=&#8221;.vc_custom_1652187320790{margin-right: 20px !important;margin-left: 20px !important;background-color: #ffffff !important;border-radius: 15px !important;}&#8221;][vc_column_inner][vc_column_text css=&#8221;.vc_custom_1688382347650{margin-top: 20px !important;padding-top: 20px !important;padding-right: 20px !important;padding-bottom: 20px !important;padding-left: 20px !important;}&#8221;] Ledare p\u00e5 Ersboda 4H [\/vc_column_text][vc_separator color=&#8221;green&#8221; style=&#8221;dotted&#8221; border_width=&#8221;5&#8243;][vc_column_text css=&#8221;.vc_custom_1688382354936{padding-top: 20px !important;padding-right: 20px !important;padding-bottom: 20px !important;padding-left: 20px !important;}&#8221;]Fr\u00e5n det \u00e5ret du fyller 11 \u00e5r har du som medlem i Ersboda&nbsp; &hellip; Read more","og_url":"https:\/\/www.4h.se\/ersboda\/ledare\/","og_site_name":"Ersboda 4H-g\u00e5rd","article_modified_time":"2023-07-03T11:06:23+00:00","twitter_card":"summary_large_image","twitter_misc":{"Ber\u00e4knad l\u00e4stid":"3 minuter"},"schema":{"@context":"https:\/\/schema.org","@graph":[{"@type":"WebPage","@id":"https:\/\/www.4h.se\/ersboda\/ledare\/","url":"https:\/\/www.4h.se\/ersboda\/ledare\/","name":"Ledare - Ersboda 4H-g\u00e5rd","isPartOf":{"@id":"https:\/\/www.4h.se\/ersboda\/#website"},"datePublished":"2022-01-24T09:43:27+00:00","dateModified":"2023-07-03T11:06:23+00:00","breadcrumb":{"@id":"https:\/\/www.4h.se\/ersboda\/ledare\/#breadcrumb"},"inLanguage":"sv-SE","potentialAction":[{"@type":"ReadAction","target":["https:\/\/www.4h.se\/ersboda\/ledare\/"]}]},{"@type":"BreadcrumbList","@id":"https:\/\/www.4h.se\/ersboda\/ledare\/#breadcrumb","itemListElement":[{"@type":"ListItem","position":1,"name":"Hem","item":"https:\/\/www.4h.se\/ersboda\/"},{"@type":"ListItem","position":2,"name":"Ledare"}]},{"@type":"WebSite","@id":"https:\/\/www.4h.se\/ersboda\/#website","url":"https:\/\/www.4h.se\/ersboda\/","name":"Ersboda 4H-g\u00e5rd","description":"","potentialAction":[{"@type":"SearchAction","target":{"@type":"EntryPoint","urlTemplate":"https:\/\/www.4h.se\/ersboda\/?s={search_term_string}"},"query-input":{"@type":"PropertyValueSpecification","valueRequired":true,"valueName":"search_term_string"}}],"inLanguage":"sv-SE"}]}},"_links":{"self":[{"href":"https:\/\/www.4h.se\/ersboda\/wp-json\/wp\/v2\/pages\/736","targetHints":{"allow":["GET"]}}],"collection":[{"href":"https:\/\/www.4h.se\/ersboda\/wp-json\/wp\/v2\/pages"}],"about":[{"href":"https:\/\/www.4h.se\/ersboda\/wp-json\/wp\/v2\/types\/page"}],"author":[{"embeddable":true,"href":"https:\/\/www.4h.se\/ersboda\/wp-json\/wp\/v2\/users\/168"}],"replies":[{"embeddable":true,"href":"https:\/\/www.4h.se\/ersboda\/wp-json\/wp\/v2\/comments?post=736"}],"version-history":[{"count":0,"href":"https:\/\/www.4h.se\/ersboda\/wp-json\/wp\/v2\/pages\/736\/revisions"}],"wp:attachment":[{"href":"https:\/\/www.4h.se\/ersboda\/wp-json\/wp\/v2\/media?parent=736"}],"curies":[{"name":"wp","href":"https:\/\/api.w.org\/{rel}","templated":true}]}}