



{"id":518,"date":"2019-08-11T12:09:46","date_gmt":"2019-08-11T10:09:46","guid":{"rendered":"https:\/\/www.4h.se\/ersboda\/?page_id=518"},"modified":"2023-07-03T13:43:49","modified_gmt":"2023-07-03T11:43:49","slug":"ideella","status":"publish","type":"page","link":"https:\/\/www.4h.se\/ersboda\/ideella\/","title":{"rendered":"Ideellt engagemang"},"content":{"rendered":"<div class=\"wpb-content-wrapper\"><p>[vc_row full_width=&#8221;stretch_row&#8221; css=&#8221;.vc_custom_1688335303826{background-color: #008b45 !important;}&#8221;][vc_column css=&#8221;.vc_custom_1688335338255{margin-top: 20px !important;padding-top: 20px !important;padding-right: 20px !important;padding-bottom: 20px !important;padding-left: 20px !important;background-color: #ffffff !important;border-radius: 15px !important;}&#8221;][vc_column_text css=&#8221;.vc_custom_1688384627268{margin-top: 20px !important;padding-top: 20px !important;padding-right: 20px !important;padding-bottom: 20px !important;padding-left: 20px !important;}&#8221;]<\/p>\n<h2>Ideellt engagemang p\u00e5 Ersboda 4H-g\u00e5rd<\/h2>\n<p>Tycker du att barn och ungdomar m\u00e5r bra av utevistelse, umg\u00e4nge med djur och trygga m\u00f6tesplatser \u2013 vi beh\u00f6ver dig!<\/p>\n<p>Ersboda 4H-g\u00e5rd drivs av en ideell barn och ungdomsf\u00f6rening och du som vill engagera dig \u00e4r oerh\u00f6rt viktig f\u00f6r att vi ska kunna utveckla och bedriva v\u00e5r\u00a0verksamhet.\u00a0Det finns flera s\u00e4tt du kan hj\u00e4lpa f\u00f6reningen p\u00e5. Alla uppdrag utf\u00f6rs ideellt, vi bidrar med h\u00e4rliga upplevelser, utbildningar och f\u00f6rel\u00e4sningar.<\/p>\n<p>&nbsp;<\/p>\n<p><strong>Helgsk\u00f6tare<\/strong> &#8211; en h\u00e4rlig aktivitet f\u00f6r hela familjen eller kompis-g\u00e4nget (\u00f6ver 18 \u00e5r). Ni v\u00e4ljer sj\u00e4lva hur ofta ni tar hand om djur och g\u00e5rd.<a title=\"Helgsk\u00f6tare\" href=\"https:\/\/www.4h.se\/ersboda\/helgskotare\/\"> L\u00e4s mer h\u00e4r.<\/a><\/p>\n<p><strong>Kv\u00e4llsfodrare<\/strong> \u2013 djur m\u00e5r bra av att f\u00e5 \u00e4ta s\u00e5 stor del av dygnet som m\u00f6jligt. H\u00e4r kan du g\u00f6ra en insats och ge dem deras kv\u00e4llsmat, kanske passar du p\u00e5 n\u00e4r du sj\u00e4lv tar en sen promenad.<\/p>\n<p><strong>Styrelsen<\/strong> \u2013 p\u00e5 4H best\u00e5r styrelsen b\u00e5de av ungdomar och vuxna, \u201dav unga f\u00f6r unga\u201d. Vill du vara med och forma verksamheten kan du g\u00f6ra en viktig insats i v\u00e5r styrelse.<a title=\"Styrelse\" href=\"https:\/\/www.4h.se\/ersboda\/styrelse\/\">\u00a0 L\u00e4s mer h\u00e4r.<\/a><\/p>\n<p><strong>Ledare<\/strong> \u2013 unga ledare \u00e4r en av v\u00e5ra viktigaste delar inom 4H, \u00e4ldre leder yngre och f\u00e5r l\u00e4ra sig att ta ansvar samtidigt som de \u00e4r med och formar sin egen fritid. \u00c4r du 11 \u00e5r eller \u00e4ldre och vill bygga upp verksamheten tillsammans med oss \u00e4r det h\u00e4r grejen f\u00f6r dig.<a title=\"Ledare\" href=\"https:\/\/www.4h.se\/ersboda\/ledare\/\"> L\u00e4s mer h\u00e4r.<\/a><\/p>\n<p><strong>Mer specifika uppdrag<\/strong> \u2013 kanske har du inte m\u00f6jlighet att hj\u00e4lpa till regelbundet p\u00e5 g\u00e5rden eller \u00e4r mer intresserad av vissa saker. Vi vill \u00e4ven skapa evenemangs-grupp, utemilj\u00f6-grupp, odlings-grupp osv.<\/p>\n<p><strong>Kursledare<\/strong> \u2013 vill du dela med dig av din kunskap till barn och ungdomar \u00e4r du mer \u00e4n v\u00e4lkommen att h\u00e5lla kurs hos oss. Hantverk, bakning, odling \u2013 n\u00e4stan vad som helst som du brinner f\u00f6r, vi vill skapa en levande g\u00e5rd med mycket verksamhet.<\/p>\n<p>&nbsp;<\/p>\n<p>Visst l\u00e5ter det roligt! Maila oss och ber\u00e4tta vad just du kan bidra med s\u00e5 ber\u00e4ttar vi vad vi kan ge dig. Vi n\u00e5s p\u00e5 styrelsen.ersboda@4h.se.<\/p>\n<p>&nbsp;[\/vc_column_text][\/vc_column][\/vc_row][vc_row full_width=&#8221;stretch_row&#8221; css=&#8221;.vc_custom_1688335316475{margin-right: 0px !important;margin-left: 0px !important;background-color: #008b45 !important;}&#8221;][vc_column][\/vc_column][\/vc_row]<\/p>\n<\/div>","protected":false},"excerpt":{"rendered":"<p>[vc_row full_width=&#8221;stretch_row&#8221; css=&#8221;.vc_custom_1688335303826{background-color: #008b45 !important;}&#8221;][vc_column css=&#8221;.vc_custom_1688335338255{margin-top: 20px !important;padding-top: 20px !important;padding-right: 20px !important;padding-bottom: 20px !important;padding-left: 20px !important;background-color: #ffffff !important;border-radius: 15px !important;}&#8221;][vc_column_text css=&#8221;.vc_custom_1688384627268{margin-top: 20px !important;padding-top: 20px !important;padding-right: 20px !important;padding-bottom: 20px !important;padding-left: 20px !important;}&#8221;] Ideellt engagemang p\u00e5 Ersboda 4H-g\u00e5rd Tycker du att barn och ungdomar m\u00e5r bra av utevistelse, umg\u00e4nge med djur och trygga m\u00f6tesplatser \u2013 vi beh\u00f6ver&nbsp; <a href=\"https:\/\/www.4h.se\/ersboda\/ideella\/\">&hellip; Read more <i class=\"glyphicon glyphicon-arrow-right\"><\/i><\/a><\/p>\n","protected":false},"author":168,"featured_media":0,"parent":0,"menu_order":0,"comment_status":"closed","ping_status":"closed","template":"","meta":{"footnotes":""},"class_list":["post-518","page","type-page","status-publish","hentry"],"yoast_head":"<!-- This site is optimized with the Yoast SEO plugin v27.4 - https:\/\/yoast.com\/product\/yoast-seo-wordpress\/ -->\n<title>Ideellt engagemang - Ersboda 4H-g\u00e5rd<\/title>\n<meta name=\"robots\" content=\"index, follow, max-snippet:-1, max-image-preview:large, max-video-preview:-1\" \/>\n<link rel=\"canonical\" href=\"https:\/\/www.4h.se\/ersboda\/ideella\/\" \/>\n<meta property=\"og:locale\" content=\"sv_SE\" \/>\n<meta property=\"og:type\" content=\"article\" \/>\n<meta property=\"og:title\" content=\"Ideellt engagemang - Ersboda 4H-g\u00e5rd\" \/>\n<meta property=\"og:description\" content=\"[vc_row full_width=&#8221;stretch_row&#8221; css=&#8221;.vc_custom_1688335303826{background-color: #008b45 !important;}&#8221;][vc_column css=&#8221;.vc_custom_1688335338255{margin-top: 20px !important;padding-top: 20px !important;padding-right: 20px !important;padding-bottom: 20px !important;padding-left: 20px !important;background-color: #ffffff !important;border-radius: 15px !important;}&#8221;][vc_column_text css=&#8221;.vc_custom_1688384627268{margin-top: 20px !important;padding-top: 20px !important;padding-right: 20px !important;padding-bottom: 20px !important;padding-left: 20px !important;}&#8221;] Ideellt engagemang p\u00e5 Ersboda 4H-g\u00e5rd Tycker du att barn och ungdomar m\u00e5r bra av utevistelse, umg\u00e4nge med djur och trygga m\u00f6tesplatser \u2013 vi beh\u00f6ver&nbsp; &hellip; Read more\" \/>\n<meta property=\"og:url\" content=\"https:\/\/www.4h.se\/ersboda\/ideella\/\" \/>\n<meta property=\"og:site_name\" content=\"Ersboda 4H-g\u00e5rd\" \/>\n<meta property=\"article:modified_time\" content=\"2023-07-03T11:43:49+00:00\" \/>\n<meta name=\"twitter:card\" content=\"summary_large_image\" \/>\n<meta name=\"twitter:label1\" content=\"Ber\u00e4knad l\u00e4stid\" \/>\n\t<meta name=\"twitter:data1\" content=\"2 minuter\" \/>\n<script type=\"application\/ld+json\" class=\"yoast-schema-graph\">{\"@context\":\"https:\\\/\\\/schema.org\",\"@graph\":[{\"@type\":\"WebPage\",\"@id\":\"https:\\\/\\\/www.4h.se\\\/ersboda\\\/ideella\\\/\",\"url\":\"https:\\\/\\\/www.4h.se\\\/ersboda\\\/ideella\\\/\",\"name\":\"Ideellt engagemang - Ersboda 4H-g\u00e5rd\",\"isPartOf\":{\"@id\":\"https:\\\/\\\/www.4h.se\\\/ersboda\\\/#website\"},\"datePublished\":\"2019-08-11T10:09:46+00:00\",\"dateModified\":\"2023-07-03T11:43:49+00:00\",\"breadcrumb\":{\"@id\":\"https:\\\/\\\/www.4h.se\\\/ersboda\\\/ideella\\\/#breadcrumb\"},\"inLanguage\":\"sv-SE\",\"potentialAction\":[{\"@type\":\"ReadAction\",\"target\":[\"https:\\\/\\\/www.4h.se\\\/ersboda\\\/ideella\\\/\"]}]},{\"@type\":\"BreadcrumbList\",\"@id\":\"https:\\\/\\\/www.4h.se\\\/ersboda\\\/ideella\\\/#breadcrumb\",\"itemListElement\":[{\"@type\":\"ListItem\",\"position\":1,\"name\":\"Hem\",\"item\":\"https:\\\/\\\/www.4h.se\\\/ersboda\\\/\"},{\"@type\":\"ListItem\",\"position\":2,\"name\":\"Ideellt engagemang\"}]},{\"@type\":\"WebSite\",\"@id\":\"https:\\\/\\\/www.4h.se\\\/ersboda\\\/#website\",\"url\":\"https:\\\/\\\/www.4h.se\\\/ersboda\\\/\",\"name\":\"Ersboda 4H-g\u00e5rd\",\"description\":\"\",\"potentialAction\":[{\"@type\":\"SearchAction\",\"target\":{\"@type\":\"EntryPoint\",\"urlTemplate\":\"https:\\\/\\\/www.4h.se\\\/ersboda\\\/?s={search_term_string}\"},\"query-input\":{\"@type\":\"PropertyValueSpecification\",\"valueRequired\":true,\"valueName\":\"search_term_string\"}}],\"inLanguage\":\"sv-SE\"}]}<\/script>\n<!-- \/ Yoast SEO plugin. -->","yoast_head_json":{"title":"Ideellt engagemang - Ersboda 4H-g\u00e5rd","robots":{"index":"index","follow":"follow","max-snippet":"max-snippet:-1","max-image-preview":"max-image-preview:large","max-video-preview":"max-video-preview:-1"},"canonical":"https:\/\/www.4h.se\/ersboda\/ideella\/","og_locale":"sv_SE","og_type":"article","og_title":"Ideellt engagemang - Ersboda 4H-g\u00e5rd","og_description":"[vc_row full_width=&#8221;stretch_row&#8221; css=&#8221;.vc_custom_1688335303826{background-color: #008b45 !important;}&#8221;][vc_column css=&#8221;.vc_custom_1688335338255{margin-top: 20px !important;padding-top: 20px !important;padding-right: 20px !important;padding-bottom: 20px !important;padding-left: 20px !important;background-color: #ffffff !important;border-radius: 15px !important;}&#8221;][vc_column_text css=&#8221;.vc_custom_1688384627268{margin-top: 20px !important;padding-top: 20px !important;padding-right: 20px !important;padding-bottom: 20px !important;padding-left: 20px !important;}&#8221;] Ideellt engagemang p\u00e5 Ersboda 4H-g\u00e5rd Tycker du att barn och ungdomar m\u00e5r bra av utevistelse, umg\u00e4nge med djur och trygga m\u00f6tesplatser \u2013 vi beh\u00f6ver&nbsp; &hellip; Read more","og_url":"https:\/\/www.4h.se\/ersboda\/ideella\/","og_site_name":"Ersboda 4H-g\u00e5rd","article_modified_time":"2023-07-03T11:43:49+00:00","twitter_card":"summary_large_image","twitter_misc":{"Ber\u00e4knad l\u00e4stid":"2 minuter"},"schema":{"@context":"https:\/\/schema.org","@graph":[{"@type":"WebPage","@id":"https:\/\/www.4h.se\/ersboda\/ideella\/","url":"https:\/\/www.4h.se\/ersboda\/ideella\/","name":"Ideellt engagemang - Ersboda 4H-g\u00e5rd","isPartOf":{"@id":"https:\/\/www.4h.se\/ersboda\/#website"},"datePublished":"2019-08-11T10:09:46+00:00","dateModified":"2023-07-03T11:43:49+00:00","breadcrumb":{"@id":"https:\/\/www.4h.se\/ersboda\/ideella\/#breadcrumb"},"inLanguage":"sv-SE","potentialAction":[{"@type":"ReadAction","target":["https:\/\/www.4h.se\/ersboda\/ideella\/"]}]},{"@type":"BreadcrumbList","@id":"https:\/\/www.4h.se\/ersboda\/ideella\/#breadcrumb","itemListElement":[{"@type":"ListItem","position":1,"name":"Hem","item":"https:\/\/www.4h.se\/ersboda\/"},{"@type":"ListItem","position":2,"name":"Ideellt engagemang"}]},{"@type":"WebSite","@id":"https:\/\/www.4h.se\/ersboda\/#website","url":"https:\/\/www.4h.se\/ersboda\/","name":"Ersboda 4H-g\u00e5rd","description":"","potentialAction":[{"@type":"SearchAction","target":{"@type":"EntryPoint","urlTemplate":"https:\/\/www.4h.se\/ersboda\/?s={search_term_string}"},"query-input":{"@type":"PropertyValueSpecification","valueRequired":true,"valueName":"search_term_string"}}],"inLanguage":"sv-SE"}]}},"_links":{"self":[{"href":"https:\/\/www.4h.se\/ersboda\/wp-json\/wp\/v2\/pages\/518","targetHints":{"allow":["GET"]}}],"collection":[{"href":"https:\/\/www.4h.se\/ersboda\/wp-json\/wp\/v2\/pages"}],"about":[{"href":"https:\/\/www.4h.se\/ersboda\/wp-json\/wp\/v2\/types\/page"}],"author":[{"embeddable":true,"href":"https:\/\/www.4h.se\/ersboda\/wp-json\/wp\/v2\/users\/168"}],"replies":[{"embeddable":true,"href":"https:\/\/www.4h.se\/ersboda\/wp-json\/wp\/v2\/comments?post=518"}],"version-history":[{"count":0,"href":"https:\/\/www.4h.se\/ersboda\/wp-json\/wp\/v2\/pages\/518\/revisions"}],"wp:attachment":[{"href":"https:\/\/www.4h.se\/ersboda\/wp-json\/wp\/v2\/media?parent=518"}],"curies":[{"name":"wp","href":"https:\/\/api.w.org\/{rel}","templated":true}]}}