



{"id":495,"date":"2019-04-27T09:56:58","date_gmt":"2019-04-27T07:56:58","guid":{"rendered":"https:\/\/www.4h.se\/ersboda\/?page_id=495"},"modified":"2024-01-05T13:13:13","modified_gmt":"2024-01-05T12:13:13","slug":"kalas","status":"publish","type":"page","link":"https:\/\/www.4h.se\/ersboda\/kalas\/","title":{"rendered":"Kalas"},"content":{"rendered":"<div class=\"wpb-content-wrapper\"><p>[vc_row full_width=&#8221;stretch_row&#8221; css=&#8221;.vc_custom_1647262807032{background-image: url(https:\/\/www.4h.se\/ersboda\/wp-content\/uploads\/sites\/87\/2019\/04\/balloons-gae31386fa_1920.jpg?id=783) !important;}&#8221;][vc_column][vc_row_inner][vc_column_inner width=&#8221;1\/2&#8243; css=&#8221;.vc_custom_1688360373919{margin-top: 20px !important;padding-top: 20px !important;padding-right: 20px !important;padding-bottom: 20px !important;padding-left: 20px !important;background-color: #ffffff !important;border-radius: 15px !important;}&#8221;][vc_column_text]<\/p>\n<h1 style=\"text-align: center\">Djurkalas\u00a0p\u00e5 Ersboda 4H-g\u00e5rd!<\/h1>\n<p>[\/vc_column_text][vc_single_image image=&#8221;559&#8243; img_size=&#8221;medium&#8221; alignment=&#8221;center&#8221; style=&#8221;vc_box_shadow_3d&#8221;][vc_column_text]<\/p>\n<h4><strong>Vill du fira din f\u00f6delsedag p\u00e5 ett annorlunda och roligt s\u00e4tt?\u00a0<\/strong><\/h4>\n<p>Boka in ett kalas hos oss d\u00e4r ni f\u00e5r m\u00f6jlighet att komma i n\u00e4rkontakt med g\u00e5rdens djur.<\/p>\n<p>F\u00f6r mer information, mejla g\u00e4rna din fr\u00e5ga till <em>ersboda@4h.se. Bokning sker via formul\u00e4ret\u00a0h\u00e4r p\u00e5 sidan.<\/em><\/p>\n<p>&nbsp;<\/p>\n<p><strong>Kalasinfo<br \/>\n<\/strong>Vi samlas utanf\u00f6r stallet och h\u00e4lsar alla v\u00e4lkomna. D\u00e4refter tr\u00e4ffar vi alla djuren p\u00e5 n\u00e4ra h\u00e5ll. Sedan h\u00e4nger vi hos f\u00e5ren och getterna som vi ocks\u00e5 borstar innan vi tar ut dem p\u00e5 en mysig promenad. Avslutningsvis samlas vi f\u00f6r fika.<\/p>\n<p>&nbsp;<\/p>\n<p><strong>Lilla djurkalaset<\/strong><br \/>\nNi st\u00e5r sj\u00e4lva f\u00f6r mat och dryck samt eventuella dekorationer. Ni sk\u00f6ter sj\u00e4lva servering, disk och st\u00e4dning av lokalen.<\/p>\n<p class=\"xmsonormal\"><em>Kostnad Lilla djurkalaset 1400 kr upp till 10 barn. F\u00f6r fler barn tillkommer 100 kr\/barn.<\/em><\/p>\n<p>&nbsp;<\/p>\n<p><strong>Till\u00e4gg om man \u00f6nskar\u00a0<\/strong><\/p>\n<ul>\n<li>Fiskdamm (gratis)<\/li>\n<li>Godisp\u00e5sar till fiskdamm 20 kr\/styck<\/li>\n<li>K\u00e4pph\u00e4stbana och l\u00e5n av k\u00e4pph\u00e4star (gratis)<\/li>\n<\/ul>\n<p>&nbsp;<\/p>\n<p class=\"xmsonormal\"><strong>\u00d6vrig Kalasinfo:<\/strong><\/p>\n<p class=\"xmsonormal\">* Kalas g\u00e5r att boka in p\u00e5 l\u00f6rdagar och s\u00f6ndagar. Vi har tv\u00e5 olika tider att v\u00e4lja p\u00e5: kl 10:30-12:30 eller kl 13.30-15.30.<\/p>\n<p class=\"xmsonormal\">* Ni har alltid en egen kalasv\u00e4rdinna som \u00e4r med er under hela ert kalas.<\/p>\n<p class=\"xmsonormal\">* Ett kalas tar ca\u00a0tv\u00e5 timmar.<\/p>\n<p class=\"xmsonormal\">* Vi rekommenderar att ni bjuder in kalasg\u00e4sterna till ca 15 min innan kalasets start f\u00f6r att hinna h\u00e4lsa och l\u00e4mna paket.<\/p>\n<p class=\"xmsonormal\">* Kalasfamiljen har tillg\u00e5ng till lokalen ca 30 minuter innan kalasets start om ni vill dekorera ytterligare etc<\/p>\n<p class=\"xmsonormal\">* Vid kalasets slut har barnen inte tillg\u00e5ng till djur, stall eller lokal.<\/p>\n<p class=\"xmsonormal\">* Kalas betalas 14 dgr innan och sista avbokningsdag \u00e4r 14 dgr innan kalaset.<\/p>\n<p class=\"xmsonormal\">Om ni enbart vill hyra lokalen hittar ni mer information <a href=\"http:\/\/www.4h.se\/ersboda\/lokal\/\">H\u00c4R<\/a><\/p>\n<p>[\/vc_column_text][\/vc_column_inner][vc_column_inner width=&#8221;1\/2&#8243;][vc_column_text css=&#8221;.vc_custom_1688360352379{margin-top: 20px !important;margin-left: 20px !important;padding-top: 20px !important;padding-right: 20px !important;padding-bottom: 20px !important;padding-left: 20px !important;background-color: #ffffff !important;border-radius: 15px !important;}&#8221;]<div class=\"frm_forms  with_frm_style frm_style_formidable-style\" id=\"frm_form_15_container\" >\n<form enctype=\"multipart\/form-data\" method=\"post\" class=\"frm-show-form \" id=\"form_vehev\" >\n<div class=\"frm_form_fields \">\n<fieldset>\n<legend class=\"frm_hidden\">Kalasbokning<\/legend>\r\n<h3 class=\"frm_form_title\">Kalasbokning<\/h3>\r\n<div class=\"frm_fields_container\">\n<input type=\"hidden\" name=\"frm_action\" value=\"create\" \/>\n<input type=\"hidden\" name=\"form_id\" value=\"15\" \/>\n<input type=\"hidden\" name=\"frm_hide_fields_15\" id=\"frm_hide_fields_15\" value=\"\" \/>\n<input type=\"hidden\" name=\"form_key\" value=\"vehev\" \/>\n<input type=\"hidden\" name=\"item_meta[0]\" value=\"\" \/>\n<input type=\"hidden\" id=\"frm_submit_entry_15\" name=\"frm_submit_entry_15\" value=\"3298b75b45\" \/><input type=\"hidden\" name=\"_wp_http_referer\" value=\"\/ersboda\/wp-json\/wp\/v2\/pages\/495\" \/><div id=\"frm_field_113_container\" class=\"frm_form_field form-field  frm_top_container\">\r\n    <label for=\"field_68q5q\" class=\"frm_primary_label\">Namn p\u00e5 f\u00f6delsedagsbarnet\r\n        <span class=\"frm_required\"><\/span>\r\n    <\/label>\r\n    <input type=\"text\" id=\"field_68q5q\" name=\"item_meta[113]\" value=\"\"  data-invmsg=\"Namn p\u00e5 f\u00f6delsedagsbarnet \u00e4r ogiltigt\" aria-invalid=\"false\"  \/>\r\n    \r\n    \r\n<\/div>\n<div id=\"frm_field_116_container\" class=\"frm_form_field form-field  frm_top_container\">\r\n    <label for=\"field_7wwxe\" class=\"frm_primary_label\">\u00c5lder p\u00e5 f\u00f6delsedagsbarnet\r\n        <span class=\"frm_required\"><\/span>\r\n    <\/label>\r\n    <input type=\"text\" id=\"field_7wwxe\" name=\"item_meta[116]\" value=\"\"  data-invmsg=\"\u00c5lder p\u00e5 f\u00f6delsedagsbarnet \u00e4r ogiltigt\" aria-invalid=\"false\"  \/>\r\n    \r\n    \r\n<\/div>\n<div id=\"frm_field_115_container\" class=\"frm_form_field form-field  frm_top_container\">\r\n    <label for=\"field_r0s8j\" class=\"frm_primary_label\">Antal barn\r\n        <span class=\"frm_required\"><\/span>\r\n    <\/label>\r\n    <input type=\"text\" id=\"field_r0s8j\" name=\"item_meta[115]\" value=\"\"  data-invmsg=\"Antal barn \u00e4r ogiltigt\" aria-invalid=\"false\"  \/>\r\n    \r\n    \r\n<\/div>\n<div id=\"frm_field_117_container\" class=\"frm_form_field form-field  frm_top_container\">\r\n    <label for=\"field_rab9t\" class=\"frm_primary_label\">Dag och tid jag vill boka\r\n        <span class=\"frm_required\"><\/span>\r\n    <\/label>\r\n    <input type=\"text\" id=\"field_rab9t\" name=\"item_meta[117]\" value=\"\"  data-invmsg=\"Dag och tid jag vill boka \u00e4r ogiltigt\" aria-invalid=\"false\"  \/>\r\n    \r\n    \r\n<\/div>\n<div id=\"frm_field_118_container\" class=\"frm_form_field form-field  frm_top_container\">\r\n    <label for=\"field_wfvua\" class=\"frm_primary_label\">Mejladress till dig som bokar\r\n        <span class=\"frm_required\"><\/span>\r\n    <\/label>\r\n    <input type=\"text\" id=\"field_wfvua\" name=\"item_meta[118]\" value=\"\"  data-invmsg=\"Mejladress till dig som bokar \u00e4r ogiltigt\" aria-invalid=\"false\"  \/>\r\n    \r\n    \r\n<\/div>\n<div id=\"frm_field_225_container\" class=\"frm_form_field form-field  frm_top_container vertical_radio\">\n    <div id=\"field_y2aev_label\" class=\"frm_primary_label\">Vi \u00f6nskar f\u00f6ljande till\u00e4gg (gratis):\n        <span class=\"frm_required\" aria-hidden=\"true\"><\/span>\n    <\/div>\n    <div class=\"frm_opt_container\" role=\"group\">\t\t<div class=\"frm_checkbox\" id=\"frm_checkbox_225-0\">\t\t\t<label  for=\"field_y2aev-0\">\n\t\t\t<input type=\"checkbox\" name=\"item_meta[225][]\" id=\"field_y2aev-0\" value=\"Fiskdamm\"  data-invmsg=\"Vi \u00f6nskar f\u00f6ljande till\u00e4gg (gratis): \u00e4r ogiltigt\"   \/> Fiskdamm<\/label><\/div>\n\t\t<div class=\"frm_checkbox\" id=\"frm_checkbox_225-1\">\t\t\t<label  for=\"field_y2aev-1\">\n\t\t\t<input type=\"checkbox\" name=\"item_meta[225][]\" id=\"field_y2aev-1\" value=\"K\u00e4pph\u00e4sthoppning\"  data-invmsg=\"Vi \u00f6nskar f\u00f6ljande till\u00e4gg (gratis): \u00e4r ogiltigt\"   \/> K\u00e4pph\u00e4sthoppning<\/label><\/div>\n<\/div>\n    \n    \n<\/div>\n<div id=\"frm_field_228_container\" class=\"frm_form_field form-field  frm_top_container\">\n    <label for=\"field_vq4fx\" id=\"field_vq4fx_label\" class=\"frm_primary_label\">Vi \u00f6nskar k\u00f6pa godisp\u00e5sar till fiskdammen (20 kr\/st). Uppge antal p\u00e5sar:\n        <span class=\"frm_required\" aria-hidden=\"true\"><\/span>\n    <\/label>\n    <input type=\"text\" id=\"field_vq4fx\" name=\"item_meta[228]\" value=\"\"  data-invmsg=\"Text \u00e4r ogiltigt\" aria-invalid=\"false\"  \/>\n    \n    \n<\/div>\n<div id=\"frm_field_119_container\" class=\"frm_form_field form-field  frm_top_container\">\r\n    <label for=\"field_zyyo7\" class=\"frm_primary_label\">Eventuella allergier, kan meddelas senare (senast en vecka innan kalaset)\r\n        <span class=\"frm_required\"><\/span>\r\n    <\/label>\r\n    <textarea name=\"item_meta[119]\" id=\"field_zyyo7\" rows=\"5\"  data-invmsg=\"Eventuella allergier, kan meddelas senare (senast en vecka innan kalaset) \u00e4r ogiltigt\" aria-invalid=\"false\"  ><\/textarea>\r\n    \r\n    \r\n<\/div>\n\t<input type=\"hidden\" name=\"item_key\" value=\"\" \/>\n\t\t\t<div id=\"frm_field_295_container\">\n\t\t\t<label for=\"field_q0i7k\" >\n\t\t\t\tOm du \u00e4r m\u00e4nsklig, l\u00e4mna det h\u00e4r f\u00e4ltet tomt.\t\t\t<\/label>\n\t\t\t<input  id=\"field_q0i7k\" type=\"text\" class=\"frm_form_field form-field frm_verify\" name=\"item_meta[295]\" value=\"\"  \/>\n\t\t<\/div>\n\t\t<input name=\"frm_state\" type=\"hidden\" value=\"WX0J6AoD+yJMWGeKG7UX72aa9AT10Ef\/EGd6SuVokIc=\" \/><div class=\"frm_submit\">\r\n\r\n<button class=\"frm_button_submit\" type=\"submit\"  >Skicka<\/button>\r\n\r\n<\/div><\/div>\n<\/fieldset>\n<\/div>\n\n<\/form>\n<\/div>\n[\/vc_column_text][\/vc_column_inner][\/vc_row_inner][vc_column_text][\/vc_column_text][\/vc_column][\/vc_row]<\/p>\n<\/div>","protected":false},"excerpt":{"rendered":"<p>[vc_row full_width=&#8221;stretch_row&#8221; css=&#8221;.vc_custom_1647262807032{background-image: url(https:\/\/www.4h.se\/ersboda\/wp-content\/uploads\/sites\/87\/2019\/04\/balloons-gae31386fa_1920.jpg?id=783) !important;}&#8221;][vc_column][vc_row_inner][vc_column_inner width=&#8221;1\/2&#8243; css=&#8221;.vc_custom_1688360373919{margin-top: 20px !important;padding-top: 20px !important;padding-right: 20px !important;padding-bottom: 20px !important;padding-left: 20px !important;background-color: #ffffff !important;border-radius: 15px !important;}&#8221;][vc_column_text] Djurkalas\u00a0p\u00e5 Ersboda 4H-g\u00e5rd! [\/vc_column_text][vc_single_image image=&#8221;559&#8243; img_size=&#8221;medium&#8221; alignment=&#8221;center&#8221; style=&#8221;vc_box_shadow_3d&#8221;][vc_column_text] Vill du fira din f\u00f6delsedag p\u00e5 ett annorlunda och roligt s\u00e4tt?\u00a0 Boka in ett kalas hos oss d\u00e4r ni f\u00e5r m\u00f6jlighet att komma i n\u00e4rkontakt med&nbsp; <a href=\"https:\/\/www.4h.se\/ersboda\/kalas\/\">&hellip; Read more <i class=\"glyphicon glyphicon-arrow-right\"><\/i><\/a><\/p>\n","protected":false},"author":256,"featured_media":0,"parent":0,"menu_order":0,"comment_status":"closed","ping_status":"closed","template":"","meta":{"footnotes":""},"class_list":["post-495","page","type-page","status-publish","hentry"],"yoast_head":"<!-- This site is optimized with the Yoast SEO plugin v27.4 - https:\/\/yoast.com\/product\/yoast-seo-wordpress\/ -->\n<title>Kalas - Ersboda 4H-g\u00e5rd<\/title>\n<meta name=\"robots\" content=\"index, follow, max-snippet:-1, max-image-preview:large, max-video-preview:-1\" \/>\n<link rel=\"canonical\" href=\"https:\/\/www.4h.se\/ersboda\/kalas\/\" \/>\n<meta property=\"og:locale\" content=\"sv_SE\" \/>\n<meta property=\"og:type\" content=\"article\" \/>\n<meta property=\"og:title\" content=\"Kalas - Ersboda 4H-g\u00e5rd\" \/>\n<meta property=\"og:description\" content=\"[vc_row full_width=&#8221;stretch_row&#8221; css=&#8221;.vc_custom_1647262807032{background-image: url(https:\/\/www.4h.se\/ersboda\/wp-content\/uploads\/sites\/87\/2019\/04\/balloons-gae31386fa_1920.jpg?id=783) !important;}&#8221;][vc_column][vc_row_inner][vc_column_inner width=&#8221;1\/2&#8243; css=&#8221;.vc_custom_1688360373919{margin-top: 20px !important;padding-top: 20px !important;padding-right: 20px !important;padding-bottom: 20px !important;padding-left: 20px !important;background-color: #ffffff !important;border-radius: 15px !important;}&#8221;][vc_column_text] Djurkalas\u00a0p\u00e5 Ersboda 4H-g\u00e5rd! [\/vc_column_text][vc_single_image image=&#8221;559&#8243; img_size=&#8221;medium&#8221; alignment=&#8221;center&#8221; style=&#8221;vc_box_shadow_3d&#8221;][vc_column_text] Vill du fira din f\u00f6delsedag p\u00e5 ett annorlunda och roligt s\u00e4tt?\u00a0 Boka in ett kalas hos oss d\u00e4r ni f\u00e5r m\u00f6jlighet att komma i n\u00e4rkontakt med&nbsp; &hellip; Read more\" \/>\n<meta property=\"og:url\" content=\"https:\/\/www.4h.se\/ersboda\/kalas\/\" \/>\n<meta property=\"og:site_name\" content=\"Ersboda 4H-g\u00e5rd\" \/>\n<meta property=\"article:modified_time\" content=\"2024-01-05T12:13:13+00:00\" \/>\n<meta name=\"twitter:card\" content=\"summary_large_image\" \/>\n<meta name=\"twitter:label1\" content=\"Ber\u00e4knad l\u00e4stid\" \/>\n\t<meta name=\"twitter:data1\" content=\"2 minuter\" \/>\n<script type=\"application\/ld+json\" class=\"yoast-schema-graph\">{\"@context\":\"https:\\\/\\\/schema.org\",\"@graph\":[{\"@type\":\"WebPage\",\"@id\":\"https:\\\/\\\/www.4h.se\\\/ersboda\\\/kalas\\\/\",\"url\":\"https:\\\/\\\/www.4h.se\\\/ersboda\\\/kalas\\\/\",\"name\":\"Kalas - Ersboda 4H-g\u00e5rd\",\"isPartOf\":{\"@id\":\"https:\\\/\\\/www.4h.se\\\/ersboda\\\/#website\"},\"datePublished\":\"2019-04-27T07:56:58+00:00\",\"dateModified\":\"2024-01-05T12:13:13+00:00\",\"breadcrumb\":{\"@id\":\"https:\\\/\\\/www.4h.se\\\/ersboda\\\/kalas\\\/#breadcrumb\"},\"inLanguage\":\"sv-SE\",\"potentialAction\":[{\"@type\":\"ReadAction\",\"target\":[\"https:\\\/\\\/www.4h.se\\\/ersboda\\\/kalas\\\/\"]}]},{\"@type\":\"BreadcrumbList\",\"@id\":\"https:\\\/\\\/www.4h.se\\\/ersboda\\\/kalas\\\/#breadcrumb\",\"itemListElement\":[{\"@type\":\"ListItem\",\"position\":1,\"name\":\"Hem\",\"item\":\"https:\\\/\\\/www.4h.se\\\/ersboda\\\/\"},{\"@type\":\"ListItem\",\"position\":2,\"name\":\"Kalas\"}]},{\"@type\":\"WebSite\",\"@id\":\"https:\\\/\\\/www.4h.se\\\/ersboda\\\/#website\",\"url\":\"https:\\\/\\\/www.4h.se\\\/ersboda\\\/\",\"name\":\"Ersboda 4H-g\u00e5rd\",\"description\":\"\",\"potentialAction\":[{\"@type\":\"SearchAction\",\"target\":{\"@type\":\"EntryPoint\",\"urlTemplate\":\"https:\\\/\\\/www.4h.se\\\/ersboda\\\/?s={search_term_string}\"},\"query-input\":{\"@type\":\"PropertyValueSpecification\",\"valueRequired\":true,\"valueName\":\"search_term_string\"}}],\"inLanguage\":\"sv-SE\"}]}<\/script>\n<!-- \/ Yoast SEO plugin. -->","yoast_head_json":{"title":"Kalas - Ersboda 4H-g\u00e5rd","robots":{"index":"index","follow":"follow","max-snippet":"max-snippet:-1","max-image-preview":"max-image-preview:large","max-video-preview":"max-video-preview:-1"},"canonical":"https:\/\/www.4h.se\/ersboda\/kalas\/","og_locale":"sv_SE","og_type":"article","og_title":"Kalas - Ersboda 4H-g\u00e5rd","og_description":"[vc_row full_width=&#8221;stretch_row&#8221; css=&#8221;.vc_custom_1647262807032{background-image: url(https:\/\/www.4h.se\/ersboda\/wp-content\/uploads\/sites\/87\/2019\/04\/balloons-gae31386fa_1920.jpg?id=783) !important;}&#8221;][vc_column][vc_row_inner][vc_column_inner width=&#8221;1\/2&#8243; css=&#8221;.vc_custom_1688360373919{margin-top: 20px !important;padding-top: 20px !important;padding-right: 20px !important;padding-bottom: 20px !important;padding-left: 20px !important;background-color: #ffffff !important;border-radius: 15px !important;}&#8221;][vc_column_text] Djurkalas\u00a0p\u00e5 Ersboda 4H-g\u00e5rd! [\/vc_column_text][vc_single_image image=&#8221;559&#8243; img_size=&#8221;medium&#8221; alignment=&#8221;center&#8221; style=&#8221;vc_box_shadow_3d&#8221;][vc_column_text] Vill du fira din f\u00f6delsedag p\u00e5 ett annorlunda och roligt s\u00e4tt?\u00a0 Boka in ett kalas hos oss d\u00e4r ni f\u00e5r m\u00f6jlighet att komma i n\u00e4rkontakt med&nbsp; &hellip; Read more","og_url":"https:\/\/www.4h.se\/ersboda\/kalas\/","og_site_name":"Ersboda 4H-g\u00e5rd","article_modified_time":"2024-01-05T12:13:13+00:00","twitter_card":"summary_large_image","twitter_misc":{"Ber\u00e4knad l\u00e4stid":"2 minuter"},"schema":{"@context":"https:\/\/schema.org","@graph":[{"@type":"WebPage","@id":"https:\/\/www.4h.se\/ersboda\/kalas\/","url":"https:\/\/www.4h.se\/ersboda\/kalas\/","name":"Kalas - Ersboda 4H-g\u00e5rd","isPartOf":{"@id":"https:\/\/www.4h.se\/ersboda\/#website"},"datePublished":"2019-04-27T07:56:58+00:00","dateModified":"2024-01-05T12:13:13+00:00","breadcrumb":{"@id":"https:\/\/www.4h.se\/ersboda\/kalas\/#breadcrumb"},"inLanguage":"sv-SE","potentialAction":[{"@type":"ReadAction","target":["https:\/\/www.4h.se\/ersboda\/kalas\/"]}]},{"@type":"BreadcrumbList","@id":"https:\/\/www.4h.se\/ersboda\/kalas\/#breadcrumb","itemListElement":[{"@type":"ListItem","position":1,"name":"Hem","item":"https:\/\/www.4h.se\/ersboda\/"},{"@type":"ListItem","position":2,"name":"Kalas"}]},{"@type":"WebSite","@id":"https:\/\/www.4h.se\/ersboda\/#website","url":"https:\/\/www.4h.se\/ersboda\/","name":"Ersboda 4H-g\u00e5rd","description":"","potentialAction":[{"@type":"SearchAction","target":{"@type":"EntryPoint","urlTemplate":"https:\/\/www.4h.se\/ersboda\/?s={search_term_string}"},"query-input":{"@type":"PropertyValueSpecification","valueRequired":true,"valueName":"search_term_string"}}],"inLanguage":"sv-SE"}]}},"_links":{"self":[{"href":"https:\/\/www.4h.se\/ersboda\/wp-json\/wp\/v2\/pages\/495","targetHints":{"allow":["GET"]}}],"collection":[{"href":"https:\/\/www.4h.se\/ersboda\/wp-json\/wp\/v2\/pages"}],"about":[{"href":"https:\/\/www.4h.se\/ersboda\/wp-json\/wp\/v2\/types\/page"}],"author":[{"embeddable":true,"href":"https:\/\/www.4h.se\/ersboda\/wp-json\/wp\/v2\/users\/256"}],"replies":[{"embeddable":true,"href":"https:\/\/www.4h.se\/ersboda\/wp-json\/wp\/v2\/comments?post=495"}],"version-history":[{"count":0,"href":"https:\/\/www.4h.se\/ersboda\/wp-json\/wp\/v2\/pages\/495\/revisions"}],"wp:attachment":[{"href":"https:\/\/www.4h.se\/ersboda\/wp-json\/wp\/v2\/media?parent=495"}],"curies":[{"name":"wp","href":"https:\/\/api.w.org\/{rel}","templated":true}]}}