



{"id":467,"date":"2019-04-16T19:46:04","date_gmt":"2019-04-16T17:46:04","guid":{"rendered":"https:\/\/www.4h.se\/ersboda\/?page_id=467"},"modified":"2024-08-15T14:56:05","modified_gmt":"2024-08-15T12:56:05","slug":"inackordering","status":"publish","type":"page","link":"https:\/\/www.4h.se\/ersboda\/inackordering\/","title":{"rendered":"Inackordering"},"content":{"rendered":"<div class=\"wpb-content-wrapper\"><p>[vc_row full_width=&#8221;stretch_row&#8221; css=&#8221;.vc_custom_1688325579761{margin-right: -40px !important;margin-left: -40px !important;background-color: #008b45 !important;}&#8221;][vc_column][vc_row_inner][vc_column_inner width=&#8221;1\/2&#8243;][vc_column_text css=&#8221;.vc_custom_1723726524752{margin-top: 20px !important;padding-top: 20px !important;padding-bottom: 20px !important;padding-left: 20px !important;background-color: #ffffff !important;border-radius: 15px !important;}&#8221;]<\/p>\n<h3><b>Inackordering av sm\u00e5djur<\/b><\/h3>\n<p>Hos oss kan du inackordera dina sm\u00e5djur n\u00e4r du ska \u00e5ka bort. Vi ser till att ditt djur f\u00e5r b\u00e4sta m\u00f6jliga tillsyn under sin vistelse h\u00e4r.<\/p>\n<p>Vi tar emot sm\u00e5djur som t ex kaniner, marsvin, hamstrar etc. Vi tar INTE emot katter och hundar.<\/p>\n<p>Sm\u00e5djur som bor i bur inomhus kan vi ta emot \u00e5ret runt i m\u00e5n av plats. Ni tar med egen bur med godk\u00e4nda m\u00e5tt enligt f\u00f6reskrifter f\u00f6r djurslaget.<\/p>\n<p class=\"x_MsoNormal\"><strong>Det \u00e4r v\u00e4ldigt viktigt att ni som har med egen bur har godk\u00e4nda m\u00e5tt och inredning till den.<\/strong><\/p>\n<p><a href=\"https:\/\/jordbruksverket.se\/djur\/hundar-katter-och-smadjur\/kaniner\" target=\"_blank\" rel=\"noopener\">M\u00e5ttf\u00f6reskrifter f\u00f6r kanin hittar ni h\u00e4r<\/a><\/p>\n<p><a href=\"https:\/\/jordbruksverket.se\/djur\/hundar-katter-och-smadjur\/gnagare\" target=\"_blank\" rel=\"noopener\">M\u00e5ttf\u00f6reskrifter f\u00f6r marsvin och hamster hittar ni h\u00e4r<\/a><\/p>\n<p>Vi st\u00e5r f\u00f6r h\u00f6, halm, sp\u00e5n, eventuell havre. \u00d6vrigt foder t.ex. gr\u00f6nsaker och\/eller annat str\u00f6medel tas med sj\u00e4lv.<\/p>\n<h3><strong>Kaninhotellet f\u00f6r utekaniner<\/strong><\/h3>\n<p>I hotellet f\u00f6r utekaniner bor kaninerna i v\u00e5ra platsbyggda burar, hotellet \u00e4r i en ouppv\u00e4rmd lokal. Om kaninerna vanligtvis bor tillsammans kan de givetvis dela bur &#8211; annars bokas fler burar. Uppge i bokningen hur m\u00e5nga kaniner som avses, samt storlek\/ras.<\/p>\n<p>&nbsp;<\/p>\n<p><img loading=\"lazy\" decoding=\"async\" class=\"alignnone size-medium wp-image-975\" src=\"https:\/\/www.4h.se\/ersboda\/wp-content\/uploads\/sites\/87\/2023\/08\/Kaninhotellet-225x300.jpg\" alt=\"\" width=\"225\" height=\"300\" srcset=\"https:\/\/www.4h.se\/ersboda\/wp-content\/uploads\/sites\/87\/2023\/08\/Kaninhotellet-225x300.jpg 225w, https:\/\/www.4h.se\/ersboda\/wp-content\/uploads\/sites\/87\/2023\/08\/Kaninhotellet-768x1024.jpg 768w, https:\/\/www.4h.se\/ersboda\/wp-content\/uploads\/sites\/87\/2023\/08\/Kaninhotellet-113x150.jpg 113w, https:\/\/www.4h.se\/ersboda\/wp-content\/uploads\/sites\/87\/2023\/08\/Kaninhotellet-1152x1536.jpg 1152w, https:\/\/www.4h.se\/ersboda\/wp-content\/uploads\/sites\/87\/2023\/08\/Kaninhotellet.jpg 1440w\" sizes=\"auto, (max-width: 225px) 100vw, 225px\" \/>\u00a0 \u00a0 \u00a0<img loading=\"lazy\" decoding=\"async\" class=\"alignnone size-medium wp-image-976\" src=\"https:\/\/www.4h.se\/ersboda\/wp-content\/uploads\/sites\/87\/2023\/08\/Kaninhotell-2-225x300.jpg\" alt=\"\" width=\"225\" height=\"300\" srcset=\"https:\/\/www.4h.se\/ersboda\/wp-content\/uploads\/sites\/87\/2023\/08\/Kaninhotell-2-225x300.jpg 225w, https:\/\/www.4h.se\/ersboda\/wp-content\/uploads\/sites\/87\/2023\/08\/Kaninhotell-2-768x1024.jpg 768w, https:\/\/www.4h.se\/ersboda\/wp-content\/uploads\/sites\/87\/2023\/08\/Kaninhotell-2-113x150.jpg 113w, https:\/\/www.4h.se\/ersboda\/wp-content\/uploads\/sites\/87\/2023\/08\/Kaninhotell-2-1152x1536.jpg 1152w, https:\/\/www.4h.se\/ersboda\/wp-content\/uploads\/sites\/87\/2023\/08\/Kaninhotell-2.jpg 1440w\" sizes=\"auto, (max-width: 225px) 100vw, 225px\" \/><\/p>\n<h3><\/h3>\n<h3><strong>Kostnad &amp; bokningsf\u00f6rfr\u00e5gan<\/strong><\/h3>\n<p>Vi har en startavgift p\u00e5 250 kr, vistelsen kostar sedan 65 kr per p\u00e5b\u00f6rjat dygn och per bur. Hela kostnaden betalas i f\u00f6rskott via plusgiro eller kontant. Exempelkostnad m\u00e5ndag-m\u00e5ndag: 250 + 65\u00d78 = 770 kr.<\/p>\n<p>F\u00f6rfr\u00e5gningar sker via formul\u00e4ret bredvid. Observera att plats ej \u00e4r reserverad f\u00f6rr\u00e4n vi mottagit startavgiften p\u00e5 250 kr.<\/p>\n<p>&nbsp;<\/p>\n<h3><strong>H\u00e4mtning &amp; l\u00e4mning<\/strong><\/h3>\n<p>Ditt\/dina djur m\u00e5ste l\u00e4mnas och h\u00e4mtas under veckodagar, tid avtalas vid bokning (vanligtvis mellan 8-16:30). <strong><em>Det g\u00e5r inte att l\u00e4mna\/h\u00e4mta under helgdagar.<\/em><\/strong><\/p>\n<p>&nbsp;<\/p>\n<h3 style=\"text-align: center;\"><span style=\"color: #ff6600;\">Vi rekommenderar att samtliga kaniner som inackorderas \u00e4r vaccinerade mot kaningulsot.<\/span><\/h3>\n<p>[\/vc_column_text][\/vc_column_inner][vc_column_inner width=&#8221;1\/2&#8243;][vc_column_text css=&#8221;.vc_custom_1688384169986{margin-top: 20px !important;padding-top: 20px !important;padding-right: 20px !important;padding-bottom: 20px !important;padding-left: 20px !important;background-color: #ffffff !important;border-radius: 15px !important;}&#8221;]<div class=\"frm_forms  with_frm_style frm_style_formidable-style\" id=\"frm_form_28_container\" >\n<form enctype=\"multipart\/form-data\" method=\"post\" class=\"frm-show-form \" id=\"form_u0l6b22\" >\n<div class=\"frm_form_fields \">\n<fieldset>\n<legend class=\"frm_hidden\">Bokning av inackorderingar<\/legend>\r\n\r\n<div class=\"frm_fields_container\">\n<input type=\"hidden\" name=\"frm_action\" value=\"create\" \/>\n<input type=\"hidden\" name=\"form_id\" value=\"28\" \/>\n<input type=\"hidden\" name=\"frm_hide_fields_28\" id=\"frm_hide_fields_28\" value=\"\" \/>\n<input type=\"hidden\" name=\"form_key\" value=\"u0l6b22\" \/>\n<input type=\"hidden\" name=\"item_meta[0]\" value=\"\" \/>\n<input type=\"hidden\" id=\"frm_submit_entry_28\" name=\"frm_submit_entry_28\" value=\"3298b75b45\" \/><input type=\"hidden\" name=\"_wp_http_referer\" value=\"\/ersboda\/wp-json\/wp\/v2\/pages\/467\" \/><div id=\"frm_field_211_container\" class=\"frm_form_field form-field  frm_required_field frm_top_container\">\r\n    <label for=\"field_55a133\" class=\"frm_primary_label\">Namn p\u00e5 dig som bokar\r\n        <span class=\"frm_required\">*<\/span>\r\n    <\/label>\r\n    <input type=\"text\" id=\"field_55a133\" name=\"item_meta[211]\" value=\"\"  data-reqmsg=\"Detta f\u00e4lt kan inte vara tomt.\" aria-required=\"true\" data-invmsg=\"Namn p\u00e5 dig som bokar \u00e4r ogiltigt\" aria-invalid=\"false\"  \/>\r\n    \r\n    \r\n<\/div>\n<div id=\"frm_field_212_container\" class=\"frm_form_field form-field  frm_required_field frm_top_container\">\r\n    <label for=\"field_9eh3j3\" class=\"frm_primary_label\">E-postadress till dig som bokar\r\n        <span class=\"frm_required\">*<\/span>\r\n    <\/label>\r\n    <input type=\"email\" id=\"field_9eh3j3\" name=\"item_meta[212]\" value=\"\"  data-reqmsg=\"Detta f\u00e4lt kan inte vara tomt.\" aria-required=\"true\" data-invmsg=\"E-postadress till dig som bokar \u00e4r ogiltigt\" aria-invalid=\"false\"  \/>\r\n    \r\n    \r\n<\/div>\n<div id=\"frm_field_213_container\" class=\"frm_form_field form-field  frm_required_field frm_top_container\">\r\n    <label for=\"field_ks1383\" class=\"frm_primary_label\">Telefonnummer till dig som bokar\r\n        <span class=\"frm_required\">*<\/span>\r\n    <\/label>\r\n    <input type=\"text\" id=\"field_ks1383\" name=\"item_meta[213]\" value=\"\"  data-reqmsg=\"Detta f\u00e4lt kan inte vara tomt.\" aria-required=\"true\" data-invmsg=\"Telefonnummer till dig som bokar \u00e4r ogiltigt\" aria-invalid=\"false\"  \/>\r\n    \r\n    \r\n<\/div>\n<div id=\"frm_field_219_container\" class=\"frm_form_field form-field  frm_required_field frm_top_container\">\n    <label for=\"field_awnqj\" id=\"field_awnqj_label\" class=\"frm_primary_label\">Antal djur\n        <span class=\"frm_required\" aria-hidden=\"true\">*<\/span>\n    <\/label>\n    <input type=\"number\" id=\"field_awnqj\" name=\"item_meta[219]\" value=\"\"  data-reqmsg=\"Antal djur kan inte vara tom.\" aria-required=\"true\" data-invmsg=\"Siffror \u00e4r ogiltigt\" aria-invalid=\"false\"   min=\"0\" max=\"10\" step=\"any\"\/>\n    \n    \n<\/div>\n<div id=\"frm_field_218_container\" class=\"frm_form_field form-field  frm_required_field frm_top_container\">\n    <label for=\"field_gadqr\" id=\"field_gadqr_label\" class=\"frm_primary_label\">Djurslag (Exempelvis: Kanin, marsvin, hamster etc..)\n        <span class=\"frm_required\" aria-hidden=\"true\">*<\/span>\n    <\/label>\n    <input type=\"text\" id=\"field_gadqr\" name=\"item_meta[218]\" value=\"\"  data-reqmsg=\"Djurslag (Exempelvis: Kanin, marsvin, hamster etc..) kan inte vara tom.\" aria-required=\"true\" data-invmsg=\"Text \u00e4r ogiltigt\" aria-invalid=\"false\"  \/>\n    \n    \n<\/div>\n<div id=\"frm_field_224_container\" class=\"frm_form_field form-field  frm_required_field frm_top_container\">\n    <label for=\"field_5r18r\" id=\"field_5r18r_label\" class=\"frm_primary_label\">Ras och storlek p\u00e5 djuret \/ djuren\n        <span class=\"frm_required\" aria-hidden=\"true\">*<\/span>\n    <\/label>\n    <input type=\"text\" id=\"field_5r18r\" name=\"item_meta[224]\" value=\"\"  data-reqmsg=\"Ras och storlek p\u00e5 djuret \/ djuren kan inte vara tom.\" aria-required=\"true\" data-invmsg=\"Text \u00e4r ogiltigt\" aria-invalid=\"false\"  \/>\n    \n    \n<\/div>\n<div id=\"frm_field_221_container\" class=\"frm_form_field form-field  frm_required_field frm_top_container vertical_radio\">\n    <div id=\"field_uausb_label\" class=\"frm_primary_label\">Inne\/ute plats?\n        <span class=\"frm_required\" aria-hidden=\"true\">*<\/span>\n    <\/div>\n    <div class=\"frm_opt_container\" role=\"group\">\t\t<div class=\"frm_checkbox\" id=\"frm_checkbox_221-0\">\t\t\t<label  for=\"field_uausb-0\">\n\t\t\t<input type=\"checkbox\" name=\"item_meta[221][]\" id=\"field_uausb-0\" value=\"Vi \u00f6nskar boka plats f\u00f6r innekanin\"  data-reqmsg=\"Detta f\u00e4lt kan inte vara tomt.\" data-invmsg=\"Inne\/ute plats? \u00e4r ogiltigt\"   aria-required=\"true\"  \/> Vi \u00f6nskar boka plats f\u00f6r innekanin<\/label><\/div>\n\t\t<div class=\"frm_checkbox\" id=\"frm_checkbox_221-1\">\t\t\t<label  for=\"field_uausb-1\">\n\t\t\t<input type=\"checkbox\" name=\"item_meta[221][]\" id=\"field_uausb-1\" value=\"Vi \u00f6nskar boka kaninhotellet (enbart f\u00f6r utekaniner)\"  data-reqmsg=\"Detta f\u00e4lt kan inte vara tomt.\" data-invmsg=\"Inne\/ute plats? \u00e4r ogiltigt\"   \/> Vi \u00f6nskar boka kaninhotellet (enbart f\u00f6r utekaniner)<\/label><\/div>\n\t\t<div class=\"frm_checkbox\" id=\"frm_checkbox_221-2\">\t\t\t<label  for=\"field_uausb-2\">\n\t\t\t<input type=\"checkbox\" name=\"item_meta[221][]\" id=\"field_uausb-2\" value=\"Vi har egen bur\"  data-reqmsg=\"Detta f\u00e4lt kan inte vara tomt.\" data-invmsg=\"Inne\/ute plats? \u00e4r ogiltigt\"   \/> Vi har egen bur<\/label><\/div>\n<\/div>\n    \n    \n<\/div>\n<div id=\"frm_field_222_container\" class=\"frm_form_field form-field  frm_required_field frm_top_container\">\n    <label for=\"field_c4rtk\" id=\"field_c4rtk_label\" class=\"frm_primary_label\">Vilket datum och tid \u00f6nskar ni l\u00e4mna djuret \/ djuren? \n        <span class=\"frm_required\" aria-hidden=\"true\">*<\/span>\n    <\/label>\n    <input type=\"text\" id=\"field_c4rtk\" name=\"item_meta[222]\" value=\"\"  data-reqmsg=\"Detta f\u00e4lt kan inte vara tomt.\" aria-required=\"true\" data-invmsg=\"Text \u00e4r ogiltigt\" aria-invalid=\"false\"   aria-describedby=\"frm_desc_field_c4rtk\"\/>\n    <div class=\"frm_description\" id=\"frm_desc_field_c4rtk\">Observera att l\u00e4mning m\u00e5ste ske en vardag innan kl. 16:30<\/div>\n    \n<\/div>\n<div id=\"frm_field_220_container\" class=\"frm_form_field form-field  frm_required_field frm_top_container\">\n    <label for=\"field_1k2ox\" id=\"field_1k2ox_label\" class=\"frm_primary_label\">Vilket datum och tid \u00f6nskar ni h\u00e4mta djuret \/ djuren? \n        <span class=\"frm_required\" aria-hidden=\"true\">*<\/span>\n    <\/label>\n    <input type=\"text\" id=\"field_1k2ox\" name=\"item_meta[220]\" value=\"\"  data-reqmsg=\"Detta f\u00e4lt kan inte vara tomt.\" aria-required=\"true\" data-invmsg=\"Text \u00e4r ogiltigt\" aria-invalid=\"false\"   aria-describedby=\"frm_desc_field_1k2ox\"\/>\n    <div class=\"frm_description\" id=\"frm_desc_field_1k2ox\">Observera att h\u00e4mtning m\u00e5ste ske en vardag innan kl. 16:30<\/div>\n    \n<\/div>\n<div id=\"frm_field_214_container\" class=\"frm_form_field form-field  frm_top_container\">\r\n    <label for=\"field_y7afr3\" class=\"frm_primary_label\">\u00d6vrig viktig information kring djuret (tidigare sjukdomar, skador etc.)?\r\n        <span class=\"frm_required\"><\/span>\r\n    <\/label>\r\n    <textarea name=\"item_meta[214]\" id=\"field_y7afr3\" rows=\"5\"  data-invmsg=\"\u00d6vrig viktig information kring djuret (tidigare sjukdomar, skador etc.)? \u00e4r ogiltigt\" aria-invalid=\"false\"  ><\/textarea>\r\n    \r\n    \r\n<\/div>\n<div id=\"frm_field_217_container\" class=\"frm_form_field form-field  frm_required_field frm_top_container vertical_radio\">\r\n    <label class=\"frm_primary_label\">Medgivande lagring av personuppgifter\r\n        <span class=\"frm_required\">*<\/span>\r\n    <\/label>\r\n    <div class=\"frm_opt_container\">\t\t<div class=\"frm_checkbox\" id=\"frm_checkbox_217-0\">\t\t\t<label  for=\"field_ww3oj3-0\">\n\t\t\t<input type=\"checkbox\" name=\"item_meta[217][]\" id=\"field_ww3oj3-0\" value=\"Godk\u00e4nner\"  data-reqmsg=\"Detta f\u00e4lt kan inte vara tomt.\" data-invmsg=\"Medgivande lagring av personuppgifter \u00e4r ogiltigt\"   aria-required=\"true\"  \/> Godk\u00e4nner<\/label><\/div>\n<\/div>\r\n    <div id=\"frm_desc_field_ww3oj3\" class=\"frm_description\">Genom att anm\u00e4la oss i detta formul\u00e4r s\u00e5 ger jag mitt medgivande till att mina personuppgifter lagras till max en m\u00e5nad efter inackorderingen.<\/div>\r\n    \r\n<\/div>\n<div id=\"frm_field_250_container\" class=\"frm_form_field form-field \">\n\t<div class=\"frm_submit\">\r\n\r\n<button class=\"frm_button_submit\" type=\"submit\" >Skicka<\/button>\r\n\r\n<\/div>\n<\/div>\n\t<input type=\"hidden\" name=\"item_key\" value=\"\" \/>\n\t\t\t<div id=\"frm_field_295_container\">\n\t\t\t<label for=\"field_fp8ck\" >\n\t\t\t\tOm du \u00e4r m\u00e4nsklig, l\u00e4mna det h\u00e4r f\u00e4ltet tomt.\t\t\t<\/label>\n\t\t\t<input  id=\"field_fp8ck\" type=\"text\" class=\"frm_form_field form-field frm_verify\" name=\"item_meta[295]\" value=\"\"  \/>\n\t\t<\/div>\n\t\t<input name=\"frm_state\" type=\"hidden\" value=\"riMn9ehlcImqlMQYT0GRBX9FwVuRgfuUay+u+32QoOE=\" \/><\/div>\n<\/fieldset>\n<\/div>\n\n<\/form>\n<\/div>\n[\/vc_column_text][\/vc_column_inner][\/vc_row_inner][\/vc_column][vc_column][vc_row_inner][vc_column_inner width=&#8221;1\/5&#8243;][vc_single_image image=&#8221;809&#8243; img_size=&#8221;250&#215;250&#8243; style=&#8221;vc_box_shadow_3d&#8221; css=&#8221;.vc_custom_1688326963347{border-radius: 15px !important;}&#8221;][\/vc_column_inner][vc_column_inner width=&#8221;1\/5&#8243;][vc_single_image image=&#8221;803&#8243; img_size=&#8221;250&#215;250&#8243; style=&#8221;vc_box_shadow_3d&#8221;][\/vc_column_inner][vc_column_inner width=&#8221;1\/5&#8243;][vc_single_image image=&#8221;819&#8243; img_size=&#8221;250&#215;250&#8243; style=&#8221;vc_box_shadow_3d&#8221;][\/vc_column_inner][vc_column_inner width=&#8221;1\/5&#8243;][vc_single_image image=&#8221;827&#8243; img_size=&#8221;250&#215;250&#8243; style=&#8221;vc_box_shadow_3d&#8221;][\/vc_column_inner][vc_column_inner width=&#8221;1\/5&#8243;][vc_single_image image=&#8221;800&#8243; img_size=&#8221;250&#215;250&#8243; style=&#8221;vc_box_shadow_3d&#8221;][\/vc_column_inner][\/vc_row_inner][\/vc_column][\/vc_row]<\/p>\n<\/div>","protected":false},"excerpt":{"rendered":"<p>[vc_row full_width=&#8221;stretch_row&#8221; css=&#8221;.vc_custom_1688325579761{margin-right: -40px !important;margin-left: -40px !important;background-color: #008b45 !important;}&#8221;][vc_column][vc_row_inner][vc_column_inner width=&#8221;1\/2&#8243;][vc_column_text css=&#8221;.vc_custom_1723726524752{margin-top: 20px !important;padding-top: 20px !important;padding-bottom: 20px !important;padding-left: 20px !important;background-color: #ffffff !important;border-radius: 15px !important;}&#8221;] Inackordering av sm\u00e5djur Hos oss kan du inackordera dina sm\u00e5djur n\u00e4r du ska \u00e5ka bort. Vi ser till att ditt djur f\u00e5r b\u00e4sta m\u00f6jliga tillsyn under sin vistelse h\u00e4r. Vi tar emot&nbsp; <a href=\"https:\/\/www.4h.se\/ersboda\/inackordering\/\">&hellip; Read more <i class=\"glyphicon glyphicon-arrow-right\"><\/i><\/a><\/p>\n","protected":false},"author":256,"featured_media":0,"parent":0,"menu_order":0,"comment_status":"closed","ping_status":"closed","template":"","meta":{"footnotes":""},"class_list":["post-467","page","type-page","status-publish","hentry"],"yoast_head":"<!-- This site is optimized with the Yoast SEO plugin v27.4 - https:\/\/yoast.com\/product\/yoast-seo-wordpress\/ -->\n<title>Inackordering - Ersboda 4H-g\u00e5rd<\/title>\n<meta name=\"robots\" content=\"index, follow, max-snippet:-1, max-image-preview:large, max-video-preview:-1\" \/>\n<link rel=\"canonical\" href=\"https:\/\/www.4h.se\/ersboda\/inackordering\/\" \/>\n<meta property=\"og:locale\" content=\"sv_SE\" \/>\n<meta property=\"og:type\" content=\"article\" \/>\n<meta property=\"og:title\" content=\"Inackordering - Ersboda 4H-g\u00e5rd\" \/>\n<meta property=\"og:description\" content=\"[vc_row full_width=&#8221;stretch_row&#8221; css=&#8221;.vc_custom_1688325579761{margin-right: -40px !important;margin-left: -40px !important;background-color: #008b45 !important;}&#8221;][vc_column][vc_row_inner][vc_column_inner width=&#8221;1\/2&#8243;][vc_column_text css=&#8221;.vc_custom_1723726524752{margin-top: 20px !important;padding-top: 20px !important;padding-bottom: 20px !important;padding-left: 20px !important;background-color: #ffffff !important;border-radius: 15px !important;}&#8221;] Inackordering av sm\u00e5djur Hos oss kan du inackordera dina sm\u00e5djur n\u00e4r du ska \u00e5ka bort. Vi ser till att ditt djur f\u00e5r b\u00e4sta m\u00f6jliga tillsyn under sin vistelse h\u00e4r. Vi tar emot&nbsp; &hellip; Read more\" \/>\n<meta property=\"og:url\" content=\"https:\/\/www.4h.se\/ersboda\/inackordering\/\" \/>\n<meta property=\"og:site_name\" content=\"Ersboda 4H-g\u00e5rd\" \/>\n<meta property=\"article:modified_time\" content=\"2024-08-15T12:56:05+00:00\" \/>\n<meta property=\"og:image\" content=\"https:\/\/www.4h.se\/ersboda\/wp-content\/uploads\/sites\/87\/2023\/08\/Kaninhotellet-225x300.jpg\" \/>\n<meta name=\"twitter:card\" content=\"summary_large_image\" \/>\n<meta name=\"twitter:label1\" content=\"Ber\u00e4knad l\u00e4stid\" \/>\n\t<meta name=\"twitter:data1\" content=\"3 minuter\" \/>\n<script type=\"application\/ld+json\" class=\"yoast-schema-graph\">{\"@context\":\"https:\\\/\\\/schema.org\",\"@graph\":[{\"@type\":\"WebPage\",\"@id\":\"https:\\\/\\\/www.4h.se\\\/ersboda\\\/inackordering\\\/\",\"url\":\"https:\\\/\\\/www.4h.se\\\/ersboda\\\/inackordering\\\/\",\"name\":\"Inackordering - Ersboda 4H-g\u00e5rd\",\"isPartOf\":{\"@id\":\"https:\\\/\\\/www.4h.se\\\/ersboda\\\/#website\"},\"primaryImageOfPage\":{\"@id\":\"https:\\\/\\\/www.4h.se\\\/ersboda\\\/inackordering\\\/#primaryimage\"},\"image\":{\"@id\":\"https:\\\/\\\/www.4h.se\\\/ersboda\\\/inackordering\\\/#primaryimage\"},\"thumbnailUrl\":\"https:\\\/\\\/www.4h.se\\\/ersboda\\\/wp-content\\\/uploads\\\/sites\\\/87\\\/2023\\\/08\\\/Kaninhotellet-225x300.jpg\",\"datePublished\":\"2019-04-16T17:46:04+00:00\",\"dateModified\":\"2024-08-15T12:56:05+00:00\",\"breadcrumb\":{\"@id\":\"https:\\\/\\\/www.4h.se\\\/ersboda\\\/inackordering\\\/#breadcrumb\"},\"inLanguage\":\"sv-SE\",\"potentialAction\":[{\"@type\":\"ReadAction\",\"target\":[\"https:\\\/\\\/www.4h.se\\\/ersboda\\\/inackordering\\\/\"]}]},{\"@type\":\"ImageObject\",\"inLanguage\":\"sv-SE\",\"@id\":\"https:\\\/\\\/www.4h.se\\\/ersboda\\\/inackordering\\\/#primaryimage\",\"url\":\"https:\\\/\\\/www.4h.se\\\/ersboda\\\/wp-content\\\/uploads\\\/sites\\\/87\\\/2023\\\/08\\\/Kaninhotellet.jpg\",\"contentUrl\":\"https:\\\/\\\/www.4h.se\\\/ersboda\\\/wp-content\\\/uploads\\\/sites\\\/87\\\/2023\\\/08\\\/Kaninhotellet.jpg\",\"width\":1440,\"height\":1920},{\"@type\":\"BreadcrumbList\",\"@id\":\"https:\\\/\\\/www.4h.se\\\/ersboda\\\/inackordering\\\/#breadcrumb\",\"itemListElement\":[{\"@type\":\"ListItem\",\"position\":1,\"name\":\"Hem\",\"item\":\"https:\\\/\\\/www.4h.se\\\/ersboda\\\/\"},{\"@type\":\"ListItem\",\"position\":2,\"name\":\"Inackordering\"}]},{\"@type\":\"WebSite\",\"@id\":\"https:\\\/\\\/www.4h.se\\\/ersboda\\\/#website\",\"url\":\"https:\\\/\\\/www.4h.se\\\/ersboda\\\/\",\"name\":\"Ersboda 4H-g\u00e5rd\",\"description\":\"\",\"potentialAction\":[{\"@type\":\"SearchAction\",\"target\":{\"@type\":\"EntryPoint\",\"urlTemplate\":\"https:\\\/\\\/www.4h.se\\\/ersboda\\\/?s={search_term_string}\"},\"query-input\":{\"@type\":\"PropertyValueSpecification\",\"valueRequired\":true,\"valueName\":\"search_term_string\"}}],\"inLanguage\":\"sv-SE\"}]}<\/script>\n<!-- \/ Yoast SEO plugin. -->","yoast_head_json":{"title":"Inackordering - Ersboda 4H-g\u00e5rd","robots":{"index":"index","follow":"follow","max-snippet":"max-snippet:-1","max-image-preview":"max-image-preview:large","max-video-preview":"max-video-preview:-1"},"canonical":"https:\/\/www.4h.se\/ersboda\/inackordering\/","og_locale":"sv_SE","og_type":"article","og_title":"Inackordering - Ersboda 4H-g\u00e5rd","og_description":"[vc_row full_width=&#8221;stretch_row&#8221; css=&#8221;.vc_custom_1688325579761{margin-right: -40px !important;margin-left: -40px !important;background-color: #008b45 !important;}&#8221;][vc_column][vc_row_inner][vc_column_inner width=&#8221;1\/2&#8243;][vc_column_text css=&#8221;.vc_custom_1723726524752{margin-top: 20px !important;padding-top: 20px !important;padding-bottom: 20px !important;padding-left: 20px !important;background-color: #ffffff !important;border-radius: 15px !important;}&#8221;] Inackordering av sm\u00e5djur Hos oss kan du inackordera dina sm\u00e5djur n\u00e4r du ska \u00e5ka bort. Vi ser till att ditt djur f\u00e5r b\u00e4sta m\u00f6jliga tillsyn under sin vistelse h\u00e4r. Vi tar emot&nbsp; &hellip; Read more","og_url":"https:\/\/www.4h.se\/ersboda\/inackordering\/","og_site_name":"Ersboda 4H-g\u00e5rd","article_modified_time":"2024-08-15T12:56:05+00:00","og_image":[{"url":"https:\/\/www.4h.se\/ersboda\/wp-content\/uploads\/sites\/87\/2023\/08\/Kaninhotellet-225x300.jpg","type":"","width":"","height":""}],"twitter_card":"summary_large_image","twitter_misc":{"Ber\u00e4knad l\u00e4stid":"3 minuter"},"schema":{"@context":"https:\/\/schema.org","@graph":[{"@type":"WebPage","@id":"https:\/\/www.4h.se\/ersboda\/inackordering\/","url":"https:\/\/www.4h.se\/ersboda\/inackordering\/","name":"Inackordering - Ersboda 4H-g\u00e5rd","isPartOf":{"@id":"https:\/\/www.4h.se\/ersboda\/#website"},"primaryImageOfPage":{"@id":"https:\/\/www.4h.se\/ersboda\/inackordering\/#primaryimage"},"image":{"@id":"https:\/\/www.4h.se\/ersboda\/inackordering\/#primaryimage"},"thumbnailUrl":"https:\/\/www.4h.se\/ersboda\/wp-content\/uploads\/sites\/87\/2023\/08\/Kaninhotellet-225x300.jpg","datePublished":"2019-04-16T17:46:04+00:00","dateModified":"2024-08-15T12:56:05+00:00","breadcrumb":{"@id":"https:\/\/www.4h.se\/ersboda\/inackordering\/#breadcrumb"},"inLanguage":"sv-SE","potentialAction":[{"@type":"ReadAction","target":["https:\/\/www.4h.se\/ersboda\/inackordering\/"]}]},{"@type":"ImageObject","inLanguage":"sv-SE","@id":"https:\/\/www.4h.se\/ersboda\/inackordering\/#primaryimage","url":"https:\/\/www.4h.se\/ersboda\/wp-content\/uploads\/sites\/87\/2023\/08\/Kaninhotellet.jpg","contentUrl":"https:\/\/www.4h.se\/ersboda\/wp-content\/uploads\/sites\/87\/2023\/08\/Kaninhotellet.jpg","width":1440,"height":1920},{"@type":"BreadcrumbList","@id":"https:\/\/www.4h.se\/ersboda\/inackordering\/#breadcrumb","itemListElement":[{"@type":"ListItem","position":1,"name":"Hem","item":"https:\/\/www.4h.se\/ersboda\/"},{"@type":"ListItem","position":2,"name":"Inackordering"}]},{"@type":"WebSite","@id":"https:\/\/www.4h.se\/ersboda\/#website","url":"https:\/\/www.4h.se\/ersboda\/","name":"Ersboda 4H-g\u00e5rd","description":"","potentialAction":[{"@type":"SearchAction","target":{"@type":"EntryPoint","urlTemplate":"https:\/\/www.4h.se\/ersboda\/?s={search_term_string}"},"query-input":{"@type":"PropertyValueSpecification","valueRequired":true,"valueName":"search_term_string"}}],"inLanguage":"sv-SE"}]}},"_links":{"self":[{"href":"https:\/\/www.4h.se\/ersboda\/wp-json\/wp\/v2\/pages\/467","targetHints":{"allow":["GET"]}}],"collection":[{"href":"https:\/\/www.4h.se\/ersboda\/wp-json\/wp\/v2\/pages"}],"about":[{"href":"https:\/\/www.4h.se\/ersboda\/wp-json\/wp\/v2\/types\/page"}],"author":[{"embeddable":true,"href":"https:\/\/www.4h.se\/ersboda\/wp-json\/wp\/v2\/users\/256"}],"replies":[{"embeddable":true,"href":"https:\/\/www.4h.se\/ersboda\/wp-json\/wp\/v2\/comments?post=467"}],"version-history":[{"count":0,"href":"https:\/\/www.4h.se\/ersboda\/wp-json\/wp\/v2\/pages\/467\/revisions"}],"wp:attachment":[{"href":"https:\/\/www.4h.se\/ersboda\/wp-json\/wp\/v2\/media?parent=467"}],"curies":[{"name":"wp","href":"https:\/\/api.w.org\/{rel}","templated":true}]}}