



{"id":455,"date":"2019-03-06T09:32:56","date_gmt":"2019-03-06T08:32:56","guid":{"rendered":"https:\/\/www.4h.se\/ersboda\/?page_id=455"},"modified":"2025-05-18T10:08:00","modified_gmt":"2025-05-18T08:08:00","slug":"helgskotare","status":"publish","type":"page","link":"https:\/\/www.4h.se\/ersboda\/helgskotare\/","title":{"rendered":"Helgsk\u00f6tare"},"content":{"rendered":"<div class=\"wpb-content-wrapper\"><p>[vc_row full_width=&#8221;stretch_row&#8221; css=&#8221;.vc_custom_1688325187958{margin-right: -40px !important;margin-left: -40px !important;background-color: #008b45 !important;}&#8221;][vc_column][vc_row_inner css=&#8221;.vc_custom_1647262848408{background-color: #ffffff !important;border-radius: 15px !important;}&#8221;][vc_column_inner width=&#8221;2\/3&#8243;][vc_column_text css=&#8221;.vc_custom_1688382435111{margin-top: 20px !important;padding-top: 20px !important;padding-right: 20px !important;padding-bottom: 20px !important;padding-left: 20px !important;}&#8221;]<\/p>\n<h1>Helgsk\u00f6tare<\/h1>\n<p>[\/vc_column_text][vc_separator color=&#8221;green&#8221; style=&#8221;dotted&#8221; border_width=&#8221;5&#8243;][vc_column_text css=&#8221;.vc_custom_1747555551817{padding-top: 20px !important;padding-right: 20px !important;padding-bottom: 20px !important;padding-left: 20px !important;}&#8221;]Har du alltid dr\u00f6mt om en g\u00e5rd p\u00e5 landet? H\u00e4r kan du prova p\u00e5! Vill du samla familjen eller v\u00e4nnerna kring en gemensam aktivitet? Bes\u00f6k oss! Vi s\u00f6ker flera helgsk\u00f6tare!<\/p>\n<p><span style=\"font-weight: 400;\">Som helgsk\u00f6tare tar du ideellt hand om g\u00e5rdens djur och stall p\u00e5 helgerna s\u00e5 ofta som du sj\u00e4lv \u00f6nskar. F\u00f6r n\u00e5gra passar en halvdag varannan vecka medan f\u00f6r andra passar det b\u00e4ttre med en heldag varannan m\u00e5nad (och alla varianter d\u00e4r emellan s\u00e5klart). F\u00f6r att ta hand om g\u00e5rden beh\u00f6ver minst en i s\u00e4llskapet vara \u00f6ver 18 \u00e5r.<\/span><\/p>\n<p><span style=\"font-weight: 400;\">F\u00f6r att bli helgsk\u00f6tare g\u00e5r ni f\u00f6rst en kurs hos oss. Kurser ordnar vi l\u00f6pande \u00e5ret runt, h\u00f6r av dig till oss s\u00e5 s\u00e4tter vi upp dig p\u00e5 v\u00e5r intresselista och skickar ett mail s\u00e5 snart en ny kurs \u00e4r p\u00e5 g\u00e5ng. <\/span><i><span style=\"font-weight: 400;\">Att vara helgsk\u00f6tare inneb\u00e4r att ta stort ansvar under sina pass p\u00e5 g\u00e5rden, t\u00e4nk g\u00e4rna igenom detta innan ni anm\u00e4ler till en kurs.\u00a0<\/span><\/i><\/p>\n<p><span style=\"font-weight: 400;\">Vi l\u00e4r dig allt du beh\u00f6ver veta, minst en i s\u00e4llskapet m\u00e5ste vara \u00f6ver 18 \u00e5r.<\/span><\/p>\n<p><span style=\"font-weight: 400;\">Vi v\u00e5gar lova massor av of\u00f6rgl\u00f6mliga \u00f6gonblick tillsammans med djuren!<\/span><\/p>\n<p>&nbsp;<\/p>\n<h4><strong>intresseanm\u00e4lan till n\u00e4stkommande kurstillf\u00e4lle f\u00f6r nya helgsk\u00f6tare. Ni kan \u00e4ven mejla f\u00f6r \u00f6vriga fr\u00e5gor kring hur det \u00e4r att vara helgsk\u00f6tare.\u00a0<\/strong><\/h4>\n<p>[\/vc_column_text][vc_column_text][\/vc_column_text][vc_column_text css=&#8221;&#8221;]<div class=\"frm_forms  with_frm_style frm_style_formidable-style\" id=\"frm_form_33_container\" data-token=\"6f9f704e5602282c34b3d45e3e7f1614\">\n<form enctype=\"multipart\/form-data\" method=\"post\" class=\"frm-show-form \" id=\"form_contact-us\" data-token=\"6f9f704e5602282c34b3d45e3e7f1614\">\n<div class=\"frm_form_fields \">\n<fieldset>\n<legend class=\"frm_screen_reader\">Contact Us<\/legend>\r\n\r\n<div class=\"frm_fields_container\">\n<input type=\"hidden\" name=\"frm_action\" value=\"create\" \/>\n<input type=\"hidden\" name=\"form_id\" value=\"33\" \/>\n<input type=\"hidden\" name=\"frm_hide_fields_33\" id=\"frm_hide_fields_33\" value=\"\" \/>\n<input type=\"hidden\" name=\"form_key\" value=\"contact-us\" \/>\n<input type=\"hidden\" name=\"item_meta[0]\" value=\"\" \/>\n<input type=\"hidden\" id=\"frm_submit_entry_33\" name=\"frm_submit_entry_33\" value=\"3298b75b45\" \/><input type=\"hidden\" name=\"_wp_http_referer\" value=\"\/ersboda\/wp-json\/wp\/v2\/pages\/455\" \/><div id=\"frm_field_270_container\" class=\"frm_form_field form-field  frm_required_field frm_top_container frm12 frm_first\">\r\n    <label for=\"field_qh4icy22\" class=\"frm_primary_label\">Namn\r\n        <span class=\"frm_required\">*<\/span>\r\n    <\/label>\r\n    <input type=\"text\" id=\"field_qh4icy22\" name=\"item_meta[270]\" value=\"\"  data-reqmsg=\"Namn cannot be blank.\" aria-required=\"true\" data-invmsg=\"Namn \u00e4r ogiltigt\" aria-invalid=\"false\"  \/>\r\n    \r\n    \r\n<\/div>\n<div id=\"frm_field_272_container\" class=\"frm_form_field form-field  frm_required_field frm_top_container frm_full\">\r\n    <label for=\"field_29yf4d22\" class=\"frm_primary_label\">Email\r\n        <span class=\"frm_required\">*<\/span>\r\n    <\/label>\r\n    <input type=\"email\" id=\"field_29yf4d22\" name=\"item_meta[272]\" value=\"\"  data-reqmsg=\"Email cannot be blank.\" aria-required=\"true\" data-invmsg=\"Please enter a valid email address\" aria-invalid=\"false\"  \/>\r\n    \r\n    \r\n<\/div>\n<div id=\"frm_field_276_container\" class=\"frm_form_field form-field  frm_top_container\">\n\t<label for=\"field_8glrp\" id=\"field_8glrp_label\" class=\"frm_primary_label\">Telefon\n\t\t<span class=\"frm_required\" aria-hidden=\"true\"><\/span>\n\t<\/label>\n\t<input type=\"tel\" id=\"field_8glrp\" name=\"item_meta[276]\" value=\"\"  data-invmsg=\"Telefon \u00e4r ogiltigt\" aria-invalid=\"false\" pattern=\"((\\+\\d{1,3}(-|.| )?\\(?\\d\\)?(-| |.)?\\d{1,5})|(\\(?\\d{2,6}\\)?))(-|.| )?(\\d{3,4})(-|.| )?(\\d{4})(( x| ext)\\d{1,5}){0,1}$\"  \/>\n\t\n\t\n<\/div>\n<div id=\"frm_field_274_container\" class=\"frm_form_field form-field  frm_required_field frm_top_container frm_full\">\r\n    <label for=\"field_9jv0r122\" class=\"frm_primary_label\">Lite info om mig som vill bli helgsk\u00f6tare\r\n        <span class=\"frm_required\">*<\/span>\r\n    <\/label>\r\n    <textarea name=\"item_meta[274]\" id=\"field_9jv0r122\" rows=\"5\"  data-reqmsg=\"Lite info om mig som vill bli helgsk\u00f6tare cannot be blank.\" aria-required=\"true\" data-invmsg=\"Lite info om mig som vill bli helgsk\u00f6tare \u00e4r ogiltigt\" aria-invalid=\"false\"  ><\/textarea>\r\n    \r\n    \r\n<\/div>\n<div id=\"frm_field_275_container\" class=\"frm_form_field form-field \">\n\t<div class=\"frm_submit\">\r\n\r\n<button class=\"frm_button_submit\" type=\"submit\" >Skicka<\/button>\r\n\r\n<\/div>\n<\/div>\n\t<input type=\"hidden\" name=\"item_key\" value=\"\" \/>\n\t\t\t<div id=\"frm_field_295_container\">\n\t\t\t<label for=\"field_uxqt0\" >\n\t\t\t\tOm du \u00e4r m\u00e4nsklig, l\u00e4mna det h\u00e4r f\u00e4ltet tomt.\t\t\t<\/label>\n\t\t\t<input  id=\"field_uxqt0\" type=\"text\" class=\"frm_form_field form-field frm_verify\" name=\"item_meta[295]\" value=\"\"  \/>\n\t\t<\/div>\n\t\t<input name=\"frm_state\" type=\"hidden\" value=\"riMn9ehlcImqlMQYT0GRBX9FwVuRgfuUay+u+32QoOE=\" \/><\/div>\n<\/fieldset>\n<\/div>\n\n<\/form>\n<\/div>\n[\/vc_column_text][\/vc_column_inner][vc_column_inner width=&#8221;1\/3&#8243;][vc_single_image image=&#8221;806&#8243; img_size=&#8221;stor&#8221;][vc_single_image image=&#8221;1050&#8243; img_size=&#8221;500&#215;500&#8243; css=&#8221;&#8221;][\/vc_column_inner][\/vc_row_inner][\/vc_column][vc_column][\/vc_column][\/vc_row]<\/p>\n<\/div>","protected":false},"excerpt":{"rendered":"<p>[vc_row full_width=&#8221;stretch_row&#8221; css=&#8221;.vc_custom_1688325187958{margin-right: -40px !important;margin-left: -40px !important;background-color: #008b45 !important;}&#8221;][vc_column][vc_row_inner css=&#8221;.vc_custom_1647262848408{background-color: #ffffff !important;border-radius: 15px !important;}&#8221;][vc_column_inner width=&#8221;2\/3&#8243;][vc_column_text css=&#8221;.vc_custom_1688382435111{margin-top: 20px !important;padding-top: 20px !important;padding-right: 20px !important;padding-bottom: 20px !important;padding-left: 20px !important;}&#8221;] Helgsk\u00f6tare [\/vc_column_text][vc_separator color=&#8221;green&#8221; style=&#8221;dotted&#8221; border_width=&#8221;5&#8243;][vc_column_text css=&#8221;.vc_custom_1747555551817{padding-top: 20px !important;padding-right: 20px !important;padding-bottom: 20px !important;padding-left: 20px !important;}&#8221;]Har du alltid dr\u00f6mt om en g\u00e5rd p\u00e5 landet? H\u00e4r kan du prova p\u00e5! Vill du&nbsp; <a href=\"https:\/\/www.4h.se\/ersboda\/helgskotare\/\">&hellip; Read more <i class=\"glyphicon glyphicon-arrow-right\"><\/i><\/a><\/p>\n","protected":false},"author":256,"featured_media":0,"parent":0,"menu_order":0,"comment_status":"closed","ping_status":"closed","template":"","meta":{"footnotes":""},"class_list":["post-455","page","type-page","status-publish","hentry"],"yoast_head":"<!-- This site is optimized with the Yoast SEO plugin v27.4 - https:\/\/yoast.com\/product\/yoast-seo-wordpress\/ -->\n<title>Helgsk\u00f6tare - Ersboda 4H-g\u00e5rd<\/title>\n<meta name=\"robots\" content=\"index, follow, max-snippet:-1, max-image-preview:large, max-video-preview:-1\" \/>\n<link rel=\"canonical\" href=\"https:\/\/www.4h.se\/ersboda\/helgskotare\/\" \/>\n<meta property=\"og:locale\" content=\"sv_SE\" \/>\n<meta property=\"og:type\" content=\"article\" \/>\n<meta property=\"og:title\" content=\"Helgsk\u00f6tare - Ersboda 4H-g\u00e5rd\" \/>\n<meta property=\"og:description\" content=\"[vc_row full_width=&#8221;stretch_row&#8221; css=&#8221;.vc_custom_1688325187958{margin-right: -40px !important;margin-left: -40px !important;background-color: #008b45 !important;}&#8221;][vc_column][vc_row_inner css=&#8221;.vc_custom_1647262848408{background-color: #ffffff !important;border-radius: 15px !important;}&#8221;][vc_column_inner width=&#8221;2\/3&#8243;][vc_column_text css=&#8221;.vc_custom_1688382435111{margin-top: 20px !important;padding-top: 20px !important;padding-right: 20px !important;padding-bottom: 20px !important;padding-left: 20px !important;}&#8221;] Helgsk\u00f6tare [\/vc_column_text][vc_separator color=&#8221;green&#8221; style=&#8221;dotted&#8221; border_width=&#8221;5&#8243;][vc_column_text css=&#8221;.vc_custom_1747555551817{padding-top: 20px !important;padding-right: 20px !important;padding-bottom: 20px !important;padding-left: 20px !important;}&#8221;]Har du alltid dr\u00f6mt om en g\u00e5rd p\u00e5 landet? H\u00e4r kan du prova p\u00e5! Vill du&nbsp; &hellip; Read more\" \/>\n<meta property=\"og:url\" content=\"https:\/\/www.4h.se\/ersboda\/helgskotare\/\" \/>\n<meta property=\"og:site_name\" content=\"Ersboda 4H-g\u00e5rd\" \/>\n<meta property=\"article:modified_time\" content=\"2025-05-18T08:08:00+00:00\" \/>\n<meta name=\"twitter:card\" content=\"summary_large_image\" \/>\n<meta name=\"twitter:label1\" content=\"Ber\u00e4knad l\u00e4stid\" \/>\n\t<meta name=\"twitter:data1\" content=\"2 minuter\" \/>\n<script type=\"application\/ld+json\" class=\"yoast-schema-graph\">{\"@context\":\"https:\\\/\\\/schema.org\",\"@graph\":[{\"@type\":\"WebPage\",\"@id\":\"https:\\\/\\\/www.4h.se\\\/ersboda\\\/helgskotare\\\/\",\"url\":\"https:\\\/\\\/www.4h.se\\\/ersboda\\\/helgskotare\\\/\",\"name\":\"Helgsk\u00f6tare - Ersboda 4H-g\u00e5rd\",\"isPartOf\":{\"@id\":\"https:\\\/\\\/www.4h.se\\\/ersboda\\\/#website\"},\"datePublished\":\"2019-03-06T08:32:56+00:00\",\"dateModified\":\"2025-05-18T08:08:00+00:00\",\"breadcrumb\":{\"@id\":\"https:\\\/\\\/www.4h.se\\\/ersboda\\\/helgskotare\\\/#breadcrumb\"},\"inLanguage\":\"sv-SE\",\"potentialAction\":[{\"@type\":\"ReadAction\",\"target\":[\"https:\\\/\\\/www.4h.se\\\/ersboda\\\/helgskotare\\\/\"]}]},{\"@type\":\"BreadcrumbList\",\"@id\":\"https:\\\/\\\/www.4h.se\\\/ersboda\\\/helgskotare\\\/#breadcrumb\",\"itemListElement\":[{\"@type\":\"ListItem\",\"position\":1,\"name\":\"Hem\",\"item\":\"https:\\\/\\\/www.4h.se\\\/ersboda\\\/\"},{\"@type\":\"ListItem\",\"position\":2,\"name\":\"Helgsk\u00f6tare\"}]},{\"@type\":\"WebSite\",\"@id\":\"https:\\\/\\\/www.4h.se\\\/ersboda\\\/#website\",\"url\":\"https:\\\/\\\/www.4h.se\\\/ersboda\\\/\",\"name\":\"Ersboda 4H-g\u00e5rd\",\"description\":\"\",\"potentialAction\":[{\"@type\":\"SearchAction\",\"target\":{\"@type\":\"EntryPoint\",\"urlTemplate\":\"https:\\\/\\\/www.4h.se\\\/ersboda\\\/?s={search_term_string}\"},\"query-input\":{\"@type\":\"PropertyValueSpecification\",\"valueRequired\":true,\"valueName\":\"search_term_string\"}}],\"inLanguage\":\"sv-SE\"}]}<\/script>\n<!-- \/ Yoast SEO plugin. -->","yoast_head_json":{"title":"Helgsk\u00f6tare - Ersboda 4H-g\u00e5rd","robots":{"index":"index","follow":"follow","max-snippet":"max-snippet:-1","max-image-preview":"max-image-preview:large","max-video-preview":"max-video-preview:-1"},"canonical":"https:\/\/www.4h.se\/ersboda\/helgskotare\/","og_locale":"sv_SE","og_type":"article","og_title":"Helgsk\u00f6tare - Ersboda 4H-g\u00e5rd","og_description":"[vc_row full_width=&#8221;stretch_row&#8221; css=&#8221;.vc_custom_1688325187958{margin-right: -40px !important;margin-left: -40px !important;background-color: #008b45 !important;}&#8221;][vc_column][vc_row_inner css=&#8221;.vc_custom_1647262848408{background-color: #ffffff !important;border-radius: 15px !important;}&#8221;][vc_column_inner width=&#8221;2\/3&#8243;][vc_column_text css=&#8221;.vc_custom_1688382435111{margin-top: 20px !important;padding-top: 20px !important;padding-right: 20px !important;padding-bottom: 20px !important;padding-left: 20px !important;}&#8221;] Helgsk\u00f6tare [\/vc_column_text][vc_separator color=&#8221;green&#8221; style=&#8221;dotted&#8221; border_width=&#8221;5&#8243;][vc_column_text css=&#8221;.vc_custom_1747555551817{padding-top: 20px !important;padding-right: 20px !important;padding-bottom: 20px !important;padding-left: 20px !important;}&#8221;]Har du alltid dr\u00f6mt om en g\u00e5rd p\u00e5 landet? H\u00e4r kan du prova p\u00e5! Vill du&nbsp; &hellip; Read more","og_url":"https:\/\/www.4h.se\/ersboda\/helgskotare\/","og_site_name":"Ersboda 4H-g\u00e5rd","article_modified_time":"2025-05-18T08:08:00+00:00","twitter_card":"summary_large_image","twitter_misc":{"Ber\u00e4knad l\u00e4stid":"2 minuter"},"schema":{"@context":"https:\/\/schema.org","@graph":[{"@type":"WebPage","@id":"https:\/\/www.4h.se\/ersboda\/helgskotare\/","url":"https:\/\/www.4h.se\/ersboda\/helgskotare\/","name":"Helgsk\u00f6tare - Ersboda 4H-g\u00e5rd","isPartOf":{"@id":"https:\/\/www.4h.se\/ersboda\/#website"},"datePublished":"2019-03-06T08:32:56+00:00","dateModified":"2025-05-18T08:08:00+00:00","breadcrumb":{"@id":"https:\/\/www.4h.se\/ersboda\/helgskotare\/#breadcrumb"},"inLanguage":"sv-SE","potentialAction":[{"@type":"ReadAction","target":["https:\/\/www.4h.se\/ersboda\/helgskotare\/"]}]},{"@type":"BreadcrumbList","@id":"https:\/\/www.4h.se\/ersboda\/helgskotare\/#breadcrumb","itemListElement":[{"@type":"ListItem","position":1,"name":"Hem","item":"https:\/\/www.4h.se\/ersboda\/"},{"@type":"ListItem","position":2,"name":"Helgsk\u00f6tare"}]},{"@type":"WebSite","@id":"https:\/\/www.4h.se\/ersboda\/#website","url":"https:\/\/www.4h.se\/ersboda\/","name":"Ersboda 4H-g\u00e5rd","description":"","potentialAction":[{"@type":"SearchAction","target":{"@type":"EntryPoint","urlTemplate":"https:\/\/www.4h.se\/ersboda\/?s={search_term_string}"},"query-input":{"@type":"PropertyValueSpecification","valueRequired":true,"valueName":"search_term_string"}}],"inLanguage":"sv-SE"}]}},"_links":{"self":[{"href":"https:\/\/www.4h.se\/ersboda\/wp-json\/wp\/v2\/pages\/455","targetHints":{"allow":["GET"]}}],"collection":[{"href":"https:\/\/www.4h.se\/ersboda\/wp-json\/wp\/v2\/pages"}],"about":[{"href":"https:\/\/www.4h.se\/ersboda\/wp-json\/wp\/v2\/types\/page"}],"author":[{"embeddable":true,"href":"https:\/\/www.4h.se\/ersboda\/wp-json\/wp\/v2\/users\/256"}],"replies":[{"embeddable":true,"href":"https:\/\/www.4h.se\/ersboda\/wp-json\/wp\/v2\/comments?post=455"}],"version-history":[{"count":0,"href":"https:\/\/www.4h.se\/ersboda\/wp-json\/wp\/v2\/pages\/455\/revisions"}],"wp:attachment":[{"href":"https:\/\/www.4h.se\/ersboda\/wp-json\/wp\/v2\/media?parent=455"}],"curies":[{"name":"wp","href":"https:\/\/api.w.org\/{rel}","templated":true}]}}