



{"id":424,"date":"2019-02-07T19:46:27","date_gmt":"2019-02-07T18:46:27","guid":{"rendered":"https:\/\/www.4h.se\/ersboda\/?page_id=424"},"modified":"2020-03-26T06:19:27","modified_gmt":"2020-03-26T05:19:27","slug":"stotta-klubben","status":"publish","type":"page","link":"https:\/\/www.4h.se\/ersboda\/stotta-klubben\/","title":{"rendered":"St\u00f6tta klubben"},"content":{"rendered":"<div class=\"wpb-content-wrapper\"><p>[vc_row][vc_column width=&#8221;2\/3&#8243;][vc_column_text]<\/p>\n<h3>Tack till!<\/h3>\n<p><strong>Sponsorer:<\/strong><\/p>\n<p>ICA Maxi Moraberg f\u00f6r frukt och gr\u00f6nt till v\u00e5ra djur<\/p>\n<p>H\u00f6\u00f6ks H\u00e4stsport Kungens Kurva f\u00f6r fina produkter till v\u00e5ra h\u00e4star<\/p>\n<p>ICA Supermarket Salem f\u00f6r sponsring till invigningen\/\u00f6ppet hus<\/p>\n<p>Coop R\u00f6nninge f\u00f6r sponsring till invigningen<\/p>\n<p>&nbsp;<\/p>\n<p><strong>Bidrag\/g\u00e5vor:<\/strong><\/p>\n<p>Ankie Bosander[\/vc_column_text][\/vc_column][vc_column width=&#8221;1\/3&#8243;][vc_column_text]<a href=\"https:\/\/www.4h.se\/ersboda\/wp-content\/uploads\/sites\/87\/2019\/02\/Sandra1.jpg\"><img loading=\"lazy\" decoding=\"async\" class=\"alignnone size-medium wp-image-470\" src=\"https:\/\/www.4h.se\/ersboda\/wp-content\/uploads\/sites\/87\/2019\/02\/Sandra1-225x300.jpg\" alt=\"Sandra1\" width=\"225\" height=\"300\" srcset=\"https:\/\/www.4h.se\/ersboda\/wp-content\/uploads\/sites\/87\/2019\/02\/Sandra1-225x300.jpg 225w, https:\/\/www.4h.se\/ersboda\/wp-content\/uploads\/sites\/87\/2019\/02\/Sandra1-113x150.jpg 113w, https:\/\/www.4h.se\/ersboda\/wp-content\/uploads\/sites\/87\/2019\/02\/Sandra1-768x1024.jpg 768w\" sizes=\"auto, (max-width: 225px) 100vw, 225px\" \/><\/a>[\/vc_column_text][\/vc_column][\/vc_row][vc_row][vc_column width=&#8221;2\/3&#8243;][vc_column_text]<\/p>\n<h3>Vill ditt f\u00f6retag\u00a0sponsra v\u00e5r verksamhet?<\/h3>\n<p>Ett sponsoravtal kan vara f\u00f6r ett s\u00e4rskilt tillf\u00e4lle eller \u00f6ver en l\u00e4ngre period, det kan \u00e4ven vara riktat mot ett speciellt \u00e4ndam\u00e5l, till exempel ett djurslag.<br \/>\nH\u00f6r av dig till ersboda@4h.se med ditt \u00f6nskem\u00e5l s\u00e5 hittar vi en bra l\u00f6sning.<\/p>\n<p>&nbsp;<\/p>\n<h3>Vill du\u00a0st\u00f6tta med\u00a0ett bidrag?<\/h3>\n<p>Swisha g\u00e4rna din g\u00e5va till 123 090 48 70 (Ersboda 4H-klubb), tack p\u00e5 f\u00f6rhand![\/vc_column_text][\/vc_column][vc_column width=&#8221;1\/3&#8243;][vc_column_text]<a href=\"https:\/\/www.4h.se\/ersboda\/wp-content\/uploads\/sites\/87\/2019\/02\/Sandra1.jpg\"><img loading=\"lazy\" decoding=\"async\" class=\"alignnone size-medium wp-image-470\" src=\"https:\/\/www.4h.se\/ersboda\/wp-content\/uploads\/sites\/87\/2019\/02\/Sandra1-225x300.jpg\" alt=\"Sandra1\" width=\"225\" height=\"300\" srcset=\"https:\/\/www.4h.se\/ersboda\/wp-content\/uploads\/sites\/87\/2019\/02\/Sandra1-225x300.jpg 225w, https:\/\/www.4h.se\/ersboda\/wp-content\/uploads\/sites\/87\/2019\/02\/Sandra1-113x150.jpg 113w, https:\/\/www.4h.se\/ersboda\/wp-content\/uploads\/sites\/87\/2019\/02\/Sandra1-768x1024.jpg 768w\" sizes=\"auto, (max-width: 225px) 100vw, 225px\" \/><\/a>[\/vc_column_text][\/vc_column][\/vc_row]<\/p>\n<\/div>","protected":false},"excerpt":{"rendered":"<p>[vc_row][vc_column width=&#8221;2\/3&#8243;][vc_column_text] Tack till! Sponsorer: ICA Maxi Moraberg f\u00f6r frukt och gr\u00f6nt till v\u00e5ra djur H\u00f6\u00f6ks H\u00e4stsport Kungens Kurva f\u00f6r fina produkter till v\u00e5ra h\u00e4star ICA Supermarket Salem f\u00f6r sponsring till invigningen\/\u00f6ppet hus Coop R\u00f6nninge f\u00f6r sponsring till invigningen &nbsp; Bidrag\/g\u00e5vor: Ankie Bosander[\/vc_column_text][\/vc_column][vc_column width=&#8221;1\/3&#8243;][vc_column_text][\/vc_column_text][\/vc_column][\/vc_row][vc_row][vc_column width=&#8221;2\/3&#8243;][vc_column_text] Vill ditt f\u00f6retag\u00a0sponsra v\u00e5r verksamhet? Ett sponsoravtal kan vara f\u00f6r&nbsp; <a href=\"https:\/\/www.4h.se\/ersboda\/stotta-klubben\/\">&hellip; Read more <i class=\"glyphicon glyphicon-arrow-right\"><\/i><\/a><\/p>\n","protected":false},"author":256,"featured_media":0,"parent":0,"menu_order":0,"comment_status":"closed","ping_status":"closed","template":"","meta":{"footnotes":""},"class_list":["post-424","page","type-page","status-publish","hentry"],"yoast_head":"<!-- This site is optimized with the Yoast SEO plugin v27.4 - https:\/\/yoast.com\/product\/yoast-seo-wordpress\/ -->\n<title>St\u00f6tta klubben - Ersboda 4H-g\u00e5rd<\/title>\n<meta name=\"robots\" content=\"index, follow, max-snippet:-1, max-image-preview:large, max-video-preview:-1\" \/>\n<link rel=\"canonical\" href=\"https:\/\/www.4h.se\/ersboda\/stotta-klubben\/\" \/>\n<meta property=\"og:locale\" content=\"sv_SE\" \/>\n<meta property=\"og:type\" content=\"article\" \/>\n<meta property=\"og:title\" content=\"St\u00f6tta klubben - Ersboda 4H-g\u00e5rd\" \/>\n<meta property=\"og:description\" content=\"[vc_row][vc_column width=&#8221;2\/3&#8243;][vc_column_text] Tack till! Sponsorer: ICA Maxi Moraberg f\u00f6r frukt och gr\u00f6nt till v\u00e5ra djur H\u00f6\u00f6ks H\u00e4stsport Kungens Kurva f\u00f6r fina produkter till v\u00e5ra h\u00e4star ICA Supermarket Salem f\u00f6r sponsring till invigningen\/\u00f6ppet hus Coop R\u00f6nninge f\u00f6r sponsring till invigningen &nbsp; Bidrag\/g\u00e5vor: Ankie Bosander[\/vc_column_text][\/vc_column][vc_column width=&#8221;1\/3&#8243;][vc_column_text][\/vc_column_text][\/vc_column][\/vc_row][vc_row][vc_column width=&#8221;2\/3&#8243;][vc_column_text] Vill ditt f\u00f6retag\u00a0sponsra v\u00e5r verksamhet? Ett sponsoravtal kan vara f\u00f6r&nbsp; &hellip; Read more\" \/>\n<meta property=\"og:url\" content=\"https:\/\/www.4h.se\/ersboda\/stotta-klubben\/\" \/>\n<meta property=\"og:site_name\" content=\"Ersboda 4H-g\u00e5rd\" \/>\n<meta property=\"article:modified_time\" content=\"2020-03-26T05:19:27+00:00\" \/>\n<meta property=\"og:image\" content=\"https:\/\/www.4h.se\/ersboda\/wp-content\/uploads\/sites\/87\/2019\/02\/Sandra1-225x300.jpg\" \/>\n<meta name=\"twitter:card\" content=\"summary_large_image\" \/>\n<meta name=\"twitter:label1\" content=\"Ber\u00e4knad l\u00e4stid\" \/>\n\t<meta name=\"twitter:data1\" content=\"1 minut\" \/>\n<script type=\"application\/ld+json\" class=\"yoast-schema-graph\">{\"@context\":\"https:\\\/\\\/schema.org\",\"@graph\":[{\"@type\":\"WebPage\",\"@id\":\"https:\\\/\\\/www.4h.se\\\/ersboda\\\/stotta-klubben\\\/\",\"url\":\"https:\\\/\\\/www.4h.se\\\/ersboda\\\/stotta-klubben\\\/\",\"name\":\"St\u00f6tta klubben - Ersboda 4H-g\u00e5rd\",\"isPartOf\":{\"@id\":\"https:\\\/\\\/www.4h.se\\\/ersboda\\\/#website\"},\"primaryImageOfPage\":{\"@id\":\"https:\\\/\\\/www.4h.se\\\/ersboda\\\/stotta-klubben\\\/#primaryimage\"},\"image\":{\"@id\":\"https:\\\/\\\/www.4h.se\\\/ersboda\\\/stotta-klubben\\\/#primaryimage\"},\"thumbnailUrl\":\"https:\\\/\\\/www.4h.se\\\/ersboda\\\/wp-content\\\/uploads\\\/sites\\\/87\\\/2019\\\/02\\\/Sandra1-225x300.jpg\",\"datePublished\":\"2019-02-07T18:46:27+00:00\",\"dateModified\":\"2020-03-26T05:19:27+00:00\",\"breadcrumb\":{\"@id\":\"https:\\\/\\\/www.4h.se\\\/ersboda\\\/stotta-klubben\\\/#breadcrumb\"},\"inLanguage\":\"sv-SE\",\"potentialAction\":[{\"@type\":\"ReadAction\",\"target\":[\"https:\\\/\\\/www.4h.se\\\/ersboda\\\/stotta-klubben\\\/\"]}]},{\"@type\":\"ImageObject\",\"inLanguage\":\"sv-SE\",\"@id\":\"https:\\\/\\\/www.4h.se\\\/ersboda\\\/stotta-klubben\\\/#primaryimage\",\"url\":\"https:\\\/\\\/www.4h.se\\\/ersboda\\\/wp-content\\\/uploads\\\/sites\\\/87\\\/2019\\\/02\\\/Sandra1.jpg\",\"contentUrl\":\"https:\\\/\\\/www.4h.se\\\/ersboda\\\/wp-content\\\/uploads\\\/sites\\\/87\\\/2019\\\/02\\\/Sandra1.jpg\",\"width\":2722,\"height\":3628,\"caption\":\"Afrikansk dv\u00e4rgget\"},{\"@type\":\"BreadcrumbList\",\"@id\":\"https:\\\/\\\/www.4h.se\\\/ersboda\\\/stotta-klubben\\\/#breadcrumb\",\"itemListElement\":[{\"@type\":\"ListItem\",\"position\":1,\"name\":\"Hem\",\"item\":\"https:\\\/\\\/www.4h.se\\\/ersboda\\\/\"},{\"@type\":\"ListItem\",\"position\":2,\"name\":\"St\u00f6tta klubben\"}]},{\"@type\":\"WebSite\",\"@id\":\"https:\\\/\\\/www.4h.se\\\/ersboda\\\/#website\",\"url\":\"https:\\\/\\\/www.4h.se\\\/ersboda\\\/\",\"name\":\"Ersboda 4H-g\u00e5rd\",\"description\":\"\",\"potentialAction\":[{\"@type\":\"SearchAction\",\"target\":{\"@type\":\"EntryPoint\",\"urlTemplate\":\"https:\\\/\\\/www.4h.se\\\/ersboda\\\/?s={search_term_string}\"},\"query-input\":{\"@type\":\"PropertyValueSpecification\",\"valueRequired\":true,\"valueName\":\"search_term_string\"}}],\"inLanguage\":\"sv-SE\"}]}<\/script>\n<!-- \/ Yoast SEO plugin. -->","yoast_head_json":{"title":"St\u00f6tta klubben - Ersboda 4H-g\u00e5rd","robots":{"index":"index","follow":"follow","max-snippet":"max-snippet:-1","max-image-preview":"max-image-preview:large","max-video-preview":"max-video-preview:-1"},"canonical":"https:\/\/www.4h.se\/ersboda\/stotta-klubben\/","og_locale":"sv_SE","og_type":"article","og_title":"St\u00f6tta klubben - Ersboda 4H-g\u00e5rd","og_description":"[vc_row][vc_column width=&#8221;2\/3&#8243;][vc_column_text] Tack till! Sponsorer: ICA Maxi Moraberg f\u00f6r frukt och gr\u00f6nt till v\u00e5ra djur H\u00f6\u00f6ks H\u00e4stsport Kungens Kurva f\u00f6r fina produkter till v\u00e5ra h\u00e4star ICA Supermarket Salem f\u00f6r sponsring till invigningen\/\u00f6ppet hus Coop R\u00f6nninge f\u00f6r sponsring till invigningen &nbsp; Bidrag\/g\u00e5vor: Ankie Bosander[\/vc_column_text][\/vc_column][vc_column width=&#8221;1\/3&#8243;][vc_column_text][\/vc_column_text][\/vc_column][\/vc_row][vc_row][vc_column width=&#8221;2\/3&#8243;][vc_column_text] Vill ditt f\u00f6retag\u00a0sponsra v\u00e5r verksamhet? Ett sponsoravtal kan vara f\u00f6r&nbsp; &hellip; Read more","og_url":"https:\/\/www.4h.se\/ersboda\/stotta-klubben\/","og_site_name":"Ersboda 4H-g\u00e5rd","article_modified_time":"2020-03-26T05:19:27+00:00","og_image":[{"url":"https:\/\/www.4h.se\/ersboda\/wp-content\/uploads\/sites\/87\/2019\/02\/Sandra1-225x300.jpg","type":"","width":"","height":""}],"twitter_card":"summary_large_image","twitter_misc":{"Ber\u00e4knad l\u00e4stid":"1 minut"},"schema":{"@context":"https:\/\/schema.org","@graph":[{"@type":"WebPage","@id":"https:\/\/www.4h.se\/ersboda\/stotta-klubben\/","url":"https:\/\/www.4h.se\/ersboda\/stotta-klubben\/","name":"St\u00f6tta klubben - Ersboda 4H-g\u00e5rd","isPartOf":{"@id":"https:\/\/www.4h.se\/ersboda\/#website"},"primaryImageOfPage":{"@id":"https:\/\/www.4h.se\/ersboda\/stotta-klubben\/#primaryimage"},"image":{"@id":"https:\/\/www.4h.se\/ersboda\/stotta-klubben\/#primaryimage"},"thumbnailUrl":"https:\/\/www.4h.se\/ersboda\/wp-content\/uploads\/sites\/87\/2019\/02\/Sandra1-225x300.jpg","datePublished":"2019-02-07T18:46:27+00:00","dateModified":"2020-03-26T05:19:27+00:00","breadcrumb":{"@id":"https:\/\/www.4h.se\/ersboda\/stotta-klubben\/#breadcrumb"},"inLanguage":"sv-SE","potentialAction":[{"@type":"ReadAction","target":["https:\/\/www.4h.se\/ersboda\/stotta-klubben\/"]}]},{"@type":"ImageObject","inLanguage":"sv-SE","@id":"https:\/\/www.4h.se\/ersboda\/stotta-klubben\/#primaryimage","url":"https:\/\/www.4h.se\/ersboda\/wp-content\/uploads\/sites\/87\/2019\/02\/Sandra1.jpg","contentUrl":"https:\/\/www.4h.se\/ersboda\/wp-content\/uploads\/sites\/87\/2019\/02\/Sandra1.jpg","width":2722,"height":3628,"caption":"Afrikansk dv\u00e4rgget"},{"@type":"BreadcrumbList","@id":"https:\/\/www.4h.se\/ersboda\/stotta-klubben\/#breadcrumb","itemListElement":[{"@type":"ListItem","position":1,"name":"Hem","item":"https:\/\/www.4h.se\/ersboda\/"},{"@type":"ListItem","position":2,"name":"St\u00f6tta klubben"}]},{"@type":"WebSite","@id":"https:\/\/www.4h.se\/ersboda\/#website","url":"https:\/\/www.4h.se\/ersboda\/","name":"Ersboda 4H-g\u00e5rd","description":"","potentialAction":[{"@type":"SearchAction","target":{"@type":"EntryPoint","urlTemplate":"https:\/\/www.4h.se\/ersboda\/?s={search_term_string}"},"query-input":{"@type":"PropertyValueSpecification","valueRequired":true,"valueName":"search_term_string"}}],"inLanguage":"sv-SE"}]}},"_links":{"self":[{"href":"https:\/\/www.4h.se\/ersboda\/wp-json\/wp\/v2\/pages\/424","targetHints":{"allow":["GET"]}}],"collection":[{"href":"https:\/\/www.4h.se\/ersboda\/wp-json\/wp\/v2\/pages"}],"about":[{"href":"https:\/\/www.4h.se\/ersboda\/wp-json\/wp\/v2\/types\/page"}],"author":[{"embeddable":true,"href":"https:\/\/www.4h.se\/ersboda\/wp-json\/wp\/v2\/users\/256"}],"replies":[{"embeddable":true,"href":"https:\/\/www.4h.se\/ersboda\/wp-json\/wp\/v2\/comments?post=424"}],"version-history":[{"count":0,"href":"https:\/\/www.4h.se\/ersboda\/wp-json\/wp\/v2\/pages\/424\/revisions"}],"wp:attachment":[{"href":"https:\/\/www.4h.se\/ersboda\/wp-json\/wp\/v2\/media?parent=424"}],"curies":[{"name":"wp","href":"https:\/\/api.w.org\/{rel}","templated":true}]}}