



{"id":409,"date":"2019-02-07T10:01:11","date_gmt":"2019-02-07T09:01:11","guid":{"rendered":"https:\/\/www.4h.se\/ersboda\/?page_id=409"},"modified":"2025-05-16T17:24:11","modified_gmt":"2025-05-16T15:24:11","slug":"om-garden","status":"publish","type":"page","link":"https:\/\/www.4h.se\/ersboda\/om-garden\/","title":{"rendered":"Om g\u00e5rden"},"content":{"rendered":"<div class=\"wpb-content-wrapper\"><p>[vc_row full_width=&#8221;stretch_row&#8221; css=&#8221;.vc_custom_1688325074223{margin-right: -40px !important;margin-left: -40px !important;background-color: #008b45 !important;}&#8221;][vc_column width=&#8221;1\/2&#8243;][vc_row_inner css=&#8221;.vc_custom_1653375838401{margin-right: 10px !important;margin-left: 10px !important;background-color: #ffffff !important;border-radius: 15px !important;}&#8221;][vc_column_inner][vc_column_text css=&#8221;.vc_custom_1688382188794{margin-top: 20px !important;padding-top: 20px !important;padding-right: 20px !important;padding-bottom: 20px !important;padding-left: 20px !important;}&#8221;]<\/p>\n<h1 style=\"text-align: center;\">Om Ersboda 4H g\u00e5rd<\/h1>\n<p>&nbsp;[\/vc_column_text][vc_separator color=&#8221;green&#8221; style=&#8221;dotted&#8221; border_width=&#8221;5&#8243;][vc_column_text css=&#8221;&#8221;]<\/p>\n<p style=\"text-align: left;\">Ersboda ligger i den nordv\u00e4stra delen av R\u00f6nninge i Salems kommun. Torpet har anor fr\u00e5n 1600-talet.<\/p>\n<p style=\"text-align: left;\">G\u00e5rden och verksamheten drivs av Ersboda 4H-klubb och anst\u00e4lld personal.<\/p>\n<p>N\u00e4r Ersboda 4H-g\u00e5rd invigdes 14 juni 2019 var det 36 \u00e5r sedan (\u00e5r 1983) en\u00a04H-g\u00e5rd \u00f6ppnades i Stockholms l\u00e4n s\u00e5 det g\u00f6r\u00a0v\u00e5r g\u00e5rd\u00a0n\u00e4ra nog historisk.<\/p>\n<p>Stockholms l\u00e4ns 4H och Salems kommun har samarbetat f\u00f6r att etablera en 4H-g\u00e5rd i R\u00f6nninge. Projektet har genomf\u00f6rts med st\u00f6d av Leader S\u00f6rmlandskusten och L\u00e4nsstyrelsen i Stockholms l\u00e4n.<\/p>\n<p>Tack till Salems kommun som satsar p\u00e5 barn och unga och tack till alla medlemmar och ideella i Ersboda 4H-klubb som\u00a0engagerar er i\u00a0v\u00e5r verksamhet och g\u00f6r det m\u00f6jligt!<\/p>\n<p><em>I enlighet med lagen om offentlig f\u00f6revisning ber vi er respektera att endast personal, ansvarig helgsk\u00f6tare samt deltagare i arrangerad verksamhet och aktiviteter f\u00e5r vistats i hagar och stall. \u00a0Vill du l\u00e4sa mer om offentlig f\u00f6revisning hittar du information p\u00e5 jordbruksverket.se. Vi vill ocks\u00e5 p\u00e5minna om att det inte \u00e4r till\u00e5tet att mata djuren genom staketet, de f\u00e5r den mat de beh\u00f6ver av oss. Detta \u00e4r f\u00f6r att de ska h\u00e5lla sig friska och m\u00e5 bra men \u00e4ven f\u00f6r att undvika att de b\u00f6rjar nafsa n\u00e4r barnen sticker in fingrar och h\u00e4nder genom staketen. Detta g\u00e4ller f\u00f6r alla 4H-g\u00e5rdar i Stockholms l\u00e4n.\u00a0<\/em>[\/vc_column_text][\/vc_column_inner][\/vc_row_inner][\/vc_column][vc_column width=&#8221;1\/2&#8243;][vc_single_image image=&#8221;875&#8243; img_size=&#8221;medium&#8221; alignment=&#8221;right&#8221; style=&#8221;vc_box_outline&#8221; border_color=&#8221;white&#8221; css=&#8221;.vc_custom_1688382198832{margin-top: 20px !important;}&#8221;][vc_single_image image=&#8221;876&#8243; img_size=&#8221;medium&#8221; alignment=&#8221;right&#8221; style=&#8221;vc_box_outline&#8221; border_color=&#8221;white&#8221;][\/vc_column][vc_column][\/vc_column][\/vc_row]<\/p>\n<\/div>","protected":false},"excerpt":{"rendered":"<p>[vc_row full_width=&#8221;stretch_row&#8221; css=&#8221;.vc_custom_1688325074223{margin-right: -40px !important;margin-left: -40px !important;background-color: #008b45 !important;}&#8221;][vc_column width=&#8221;1\/2&#8243;][vc_row_inner css=&#8221;.vc_custom_1653375838401{margin-right: 10px !important;margin-left: 10px !important;background-color: #ffffff !important;border-radius: 15px !important;}&#8221;][vc_column_inner][vc_column_text css=&#8221;.vc_custom_1688382188794{margin-top: 20px !important;padding-top: 20px !important;padding-right: 20px !important;padding-bottom: 20px !important;padding-left: 20px !important;}&#8221;] Om Ersboda 4H g\u00e5rd &nbsp;[\/vc_column_text][vc_separator color=&#8221;green&#8221; style=&#8221;dotted&#8221; border_width=&#8221;5&#8243;][vc_column_text css=&#8221;&#8221;] Ersboda ligger i den nordv\u00e4stra delen av R\u00f6nninge i Salems kommun. Torpet har anor fr\u00e5n 1600-talet.&nbsp; <a href=\"https:\/\/www.4h.se\/ersboda\/om-garden\/\">&hellip; Read more <i class=\"glyphicon glyphicon-arrow-right\"><\/i><\/a><\/p>\n","protected":false},"author":256,"featured_media":0,"parent":0,"menu_order":0,"comment_status":"closed","ping_status":"closed","template":"","meta":{"footnotes":""},"class_list":["post-409","page","type-page","status-publish","hentry"],"yoast_head":"<!-- This site is optimized with the Yoast SEO plugin v27.4 - https:\/\/yoast.com\/product\/yoast-seo-wordpress\/ -->\n<title>Om g\u00e5rden - Ersboda 4H-g\u00e5rd<\/title>\n<meta name=\"robots\" content=\"index, follow, max-snippet:-1, max-image-preview:large, max-video-preview:-1\" \/>\n<link rel=\"canonical\" href=\"https:\/\/www.4h.se\/ersboda\/om-garden\/\" \/>\n<meta property=\"og:locale\" content=\"sv_SE\" \/>\n<meta property=\"og:type\" content=\"article\" \/>\n<meta property=\"og:title\" content=\"Om g\u00e5rden - Ersboda 4H-g\u00e5rd\" \/>\n<meta property=\"og:description\" content=\"[vc_row full_width=&#8221;stretch_row&#8221; css=&#8221;.vc_custom_1688325074223{margin-right: -40px !important;margin-left: -40px !important;background-color: #008b45 !important;}&#8221;][vc_column width=&#8221;1\/2&#8243;][vc_row_inner css=&#8221;.vc_custom_1653375838401{margin-right: 10px !important;margin-left: 10px !important;background-color: #ffffff !important;border-radius: 15px !important;}&#8221;][vc_column_inner][vc_column_text css=&#8221;.vc_custom_1688382188794{margin-top: 20px !important;padding-top: 20px !important;padding-right: 20px !important;padding-bottom: 20px !important;padding-left: 20px !important;}&#8221;] Om Ersboda 4H g\u00e5rd &nbsp;[\/vc_column_text][vc_separator color=&#8221;green&#8221; style=&#8221;dotted&#8221; border_width=&#8221;5&#8243;][vc_column_text css=&#8221;&#8221;] Ersboda ligger i den nordv\u00e4stra delen av R\u00f6nninge i Salems kommun. Torpet har anor fr\u00e5n 1600-talet.&nbsp; &hellip; Read more\" \/>\n<meta property=\"og:url\" content=\"https:\/\/www.4h.se\/ersboda\/om-garden\/\" \/>\n<meta property=\"og:site_name\" content=\"Ersboda 4H-g\u00e5rd\" \/>\n<meta property=\"article:modified_time\" content=\"2025-05-16T15:24:11+00:00\" \/>\n<meta name=\"twitter:card\" content=\"summary_large_image\" \/>\n<meta name=\"twitter:label1\" content=\"Ber\u00e4knad l\u00e4stid\" \/>\n\t<meta name=\"twitter:data1\" content=\"2 minuter\" \/>\n<script type=\"application\/ld+json\" class=\"yoast-schema-graph\">{\"@context\":\"https:\\\/\\\/schema.org\",\"@graph\":[{\"@type\":\"WebPage\",\"@id\":\"https:\\\/\\\/www.4h.se\\\/ersboda\\\/om-garden\\\/\",\"url\":\"https:\\\/\\\/www.4h.se\\\/ersboda\\\/om-garden\\\/\",\"name\":\"Om g\u00e5rden - Ersboda 4H-g\u00e5rd\",\"isPartOf\":{\"@id\":\"https:\\\/\\\/www.4h.se\\\/ersboda\\\/#website\"},\"datePublished\":\"2019-02-07T09:01:11+00:00\",\"dateModified\":\"2025-05-16T15:24:11+00:00\",\"breadcrumb\":{\"@id\":\"https:\\\/\\\/www.4h.se\\\/ersboda\\\/om-garden\\\/#breadcrumb\"},\"inLanguage\":\"sv-SE\",\"potentialAction\":[{\"@type\":\"ReadAction\",\"target\":[\"https:\\\/\\\/www.4h.se\\\/ersboda\\\/om-garden\\\/\"]}]},{\"@type\":\"BreadcrumbList\",\"@id\":\"https:\\\/\\\/www.4h.se\\\/ersboda\\\/om-garden\\\/#breadcrumb\",\"itemListElement\":[{\"@type\":\"ListItem\",\"position\":1,\"name\":\"Hem\",\"item\":\"https:\\\/\\\/www.4h.se\\\/ersboda\\\/\"},{\"@type\":\"ListItem\",\"position\":2,\"name\":\"Om g\u00e5rden\"}]},{\"@type\":\"WebSite\",\"@id\":\"https:\\\/\\\/www.4h.se\\\/ersboda\\\/#website\",\"url\":\"https:\\\/\\\/www.4h.se\\\/ersboda\\\/\",\"name\":\"Ersboda 4H-g\u00e5rd\",\"description\":\"\",\"potentialAction\":[{\"@type\":\"SearchAction\",\"target\":{\"@type\":\"EntryPoint\",\"urlTemplate\":\"https:\\\/\\\/www.4h.se\\\/ersboda\\\/?s={search_term_string}\"},\"query-input\":{\"@type\":\"PropertyValueSpecification\",\"valueRequired\":true,\"valueName\":\"search_term_string\"}}],\"inLanguage\":\"sv-SE\"}]}<\/script>\n<!-- \/ Yoast SEO plugin. -->","yoast_head_json":{"title":"Om g\u00e5rden - Ersboda 4H-g\u00e5rd","robots":{"index":"index","follow":"follow","max-snippet":"max-snippet:-1","max-image-preview":"max-image-preview:large","max-video-preview":"max-video-preview:-1"},"canonical":"https:\/\/www.4h.se\/ersboda\/om-garden\/","og_locale":"sv_SE","og_type":"article","og_title":"Om g\u00e5rden - Ersboda 4H-g\u00e5rd","og_description":"[vc_row full_width=&#8221;stretch_row&#8221; css=&#8221;.vc_custom_1688325074223{margin-right: -40px !important;margin-left: -40px !important;background-color: #008b45 !important;}&#8221;][vc_column width=&#8221;1\/2&#8243;][vc_row_inner css=&#8221;.vc_custom_1653375838401{margin-right: 10px !important;margin-left: 10px !important;background-color: #ffffff !important;border-radius: 15px !important;}&#8221;][vc_column_inner][vc_column_text css=&#8221;.vc_custom_1688382188794{margin-top: 20px !important;padding-top: 20px !important;padding-right: 20px !important;padding-bottom: 20px !important;padding-left: 20px !important;}&#8221;] Om Ersboda 4H g\u00e5rd &nbsp;[\/vc_column_text][vc_separator color=&#8221;green&#8221; style=&#8221;dotted&#8221; border_width=&#8221;5&#8243;][vc_column_text css=&#8221;&#8221;] Ersboda ligger i den nordv\u00e4stra delen av R\u00f6nninge i Salems kommun. Torpet har anor fr\u00e5n 1600-talet.&nbsp; &hellip; Read more","og_url":"https:\/\/www.4h.se\/ersboda\/om-garden\/","og_site_name":"Ersboda 4H-g\u00e5rd","article_modified_time":"2025-05-16T15:24:11+00:00","twitter_card":"summary_large_image","twitter_misc":{"Ber\u00e4knad l\u00e4stid":"2 minuter"},"schema":{"@context":"https:\/\/schema.org","@graph":[{"@type":"WebPage","@id":"https:\/\/www.4h.se\/ersboda\/om-garden\/","url":"https:\/\/www.4h.se\/ersboda\/om-garden\/","name":"Om g\u00e5rden - Ersboda 4H-g\u00e5rd","isPartOf":{"@id":"https:\/\/www.4h.se\/ersboda\/#website"},"datePublished":"2019-02-07T09:01:11+00:00","dateModified":"2025-05-16T15:24:11+00:00","breadcrumb":{"@id":"https:\/\/www.4h.se\/ersboda\/om-garden\/#breadcrumb"},"inLanguage":"sv-SE","potentialAction":[{"@type":"ReadAction","target":["https:\/\/www.4h.se\/ersboda\/om-garden\/"]}]},{"@type":"BreadcrumbList","@id":"https:\/\/www.4h.se\/ersboda\/om-garden\/#breadcrumb","itemListElement":[{"@type":"ListItem","position":1,"name":"Hem","item":"https:\/\/www.4h.se\/ersboda\/"},{"@type":"ListItem","position":2,"name":"Om g\u00e5rden"}]},{"@type":"WebSite","@id":"https:\/\/www.4h.se\/ersboda\/#website","url":"https:\/\/www.4h.se\/ersboda\/","name":"Ersboda 4H-g\u00e5rd","description":"","potentialAction":[{"@type":"SearchAction","target":{"@type":"EntryPoint","urlTemplate":"https:\/\/www.4h.se\/ersboda\/?s={search_term_string}"},"query-input":{"@type":"PropertyValueSpecification","valueRequired":true,"valueName":"search_term_string"}}],"inLanguage":"sv-SE"}]}},"_links":{"self":[{"href":"https:\/\/www.4h.se\/ersboda\/wp-json\/wp\/v2\/pages\/409","targetHints":{"allow":["GET"]}}],"collection":[{"href":"https:\/\/www.4h.se\/ersboda\/wp-json\/wp\/v2\/pages"}],"about":[{"href":"https:\/\/www.4h.se\/ersboda\/wp-json\/wp\/v2\/types\/page"}],"author":[{"embeddable":true,"href":"https:\/\/www.4h.se\/ersboda\/wp-json\/wp\/v2\/users\/256"}],"replies":[{"embeddable":true,"href":"https:\/\/www.4h.se\/ersboda\/wp-json\/wp\/v2\/comments?post=409"}],"version-history":[{"count":0,"href":"https:\/\/www.4h.se\/ersboda\/wp-json\/wp\/v2\/pages\/409\/revisions"}],"wp:attachment":[{"href":"https:\/\/www.4h.se\/ersboda\/wp-json\/wp\/v2\/media?parent=409"}],"curies":[{"name":"wp","href":"https:\/\/api.w.org\/{rel}","templated":true}]}}