



{"id":39,"date":"2014-12-09T20:10:35","date_gmt":"2014-12-09T19:10:35","guid":{"rendered":"http:\/\/www.4h.se\/rix16\/?page_id=39"},"modified":"2025-09-04T14:47:06","modified_gmt":"2025-09-04T12:47:06","slug":"hem","status":"publish","type":"page","link":"https:\/\/www.4h.se\/ersboda\/","title":{"rendered":"Startsida"},"content":{"rendered":"<div class=\"wpb-content-wrapper\"><p>[vc_row full_width=&#8221;stretch_row&#8221; css=&#8221;.vc_custom_1688325040128{margin-right: 0px !important;margin-left: 0px !important;background-color: #008b45 !important;}&#8221;][vc_column][vc_row_inner css=&#8221;.vc_custom_1669719296899{margin-right: -50px !important;margin-left: -50px !important;background-color: #ffffff !important;border-radius: 15px !important;}&#8221;][vc_column_inner width=&#8221;2\/3&#8243;][vc_column_text css=&#8221;&#8221;]<\/p>\n<h1 style=\"text-align: center;\"><\/h1>\n<h1 style=\"text-align: center;\">V\u00e4lkommen till Ersboda 4H-g\u00e5rd!<\/h1>\n<p>&nbsp;<\/p>\n<p>&nbsp;<\/p>\n<p style=\"text-align: center;\">Ersboda 4H-g\u00e5rd drivs av den ideella barn- och ungdomsf\u00f6reningen Ersboda 4H-klubb, till hj\u00e4lp finns anst\u00e4lld personal.<\/p>\n<p style=\"text-align: center;\">Ni \u00e4r varmt v\u00e4lkomna att komma och titta p\u00e5 djuren och njuta av milj\u00f6n. Vi har just nu grisar, f\u00e5r, getter, h\u00f6ns, kaniner och katter. Djuren finns ute i hagarna varje dag mellan ca kl 9-16 \u00e5ret runt.<\/p>\n<p style=\"text-align: center;\">Ta g\u00e4rna med en fikakorg och sl\u00e5 er ner med filt p\u00e5 v\u00e5ra gr\u00e4somr\u00e5den eller vid en av v\u00e5ra b\u00e4nkar med bord och njut av lugnet. Det g\u00e5r \u00e4ven bra att nyttja v\u00e5r grillplats. Att bes\u00f6ka g\u00e5rden \u00e4r kostnadsfritt och alla bes\u00f6kare \u00e4r v\u00e4lkomna.<\/p>\n<p style=\"text-align: center;\">Vi arrangerar kurser och studiebes\u00f6k, p\u00e5 loven arrangerar vi djursk\u00f6tarl\u00e4ger och man kan boka privat visning av djuren. Du kan \u00e4ven ha ditt kalas hos oss eller inackordera dina sm\u00e5djur h\u00e4r n\u00e4r du \u00e5ker bort. Mer info hittar du under respektive flik p\u00e5 hemsidan, surfa g\u00e4rna runt h\u00e4r en stund.<\/p>\n<p>[\/vc_column_text][vc_single_image image=&#8221;826&#8243; img_size=&#8221;large&#8221; alignment=&#8221;center&#8221;][\/vc_column_inner][vc_column_inner width=&#8221;1\/3&#8243;][vc_separator color=&#8221;green&#8221; style=&#8221;dotted&#8221; border_width=&#8221;5&#8243;][vc_column_text css=&#8221;&#8221;]<\/p>\n<h3>Djursk\u00f6tarkurs<\/h3>\n<p>Djursk\u00f6tarkurs f\u00f6r dig som vill l\u00e4ra dig mer om djur. Du tr\u00e4ffar och l\u00e4r k\u00e4nna g\u00e5rdens djur p\u00e5 riktigt n\u00e4ra h\u00e5ll. Vi g\u00f6r iordning stallet \u00e5t dem, f\u00f6rbereder mat och ta hand om dem. Det blir gos och roliga stunder![\/vc_column_text][vc_btn title=&#8221;V\u00e5ra kurser!&#8221; style=&#8221;3d&#8221; color=&#8221;info&#8221; align=&#8221;center&#8221; css=&#8221;&#8221; button_block=&#8221;true&#8221; link=&#8221;url:https%3A%2F%2Fwww.4h.se%2Fersboda%2Fvara-kurser%2F|title:Sommarlovsl%C3%A4ger&#8221;][vc_separator color=&#8221;green&#8221; style=&#8221;dotted&#8221; border_width=&#8221;5&#8243;][vc_column_text css=&#8221;&#8221;]<\/p>\n<h3>Mini-4H<\/h3>\n<p>En djurkurs som v\u00e4nder sig till de yngre barnen. Tillsammans med en ledare f\u00e5r de tr\u00e4ffa g\u00e5rdens alla djur, unders\u00f6ka, lukta, k\u00e4nna och kommer djuren riktigt n\u00e4ra. V\u00e4lkomna![\/vc_column_text][vc_btn title=&#8221;V\u00e5ra kurser!&#8221; style=&#8221;3d&#8221; color=&#8221;info&#8221; align=&#8221;center&#8221; css=&#8221;&#8221; button_block=&#8221;true&#8221; link=&#8221;url:https%3A%2F%2Fwww.4h.se%2Fersboda%2Fvara-kurser%2F|title:Sommarlovsl%C3%A4ger&#8221;][vc_separator color=&#8221;green&#8221; style=&#8221;dotted&#8221; border_width=&#8221;5&#8243;][vc_gmaps link=&#8221;#E-8_JTNDaWZyYW1lJTIwc3JjJTNEJTIyaHR0cHMlM0ElMkYlMkZ3d3cuZmFjZWJvb2suY29tJTJGcGx1Z2lucyUyRnBhZ2UucGhwJTNGaHJlZiUzRGh0dHBzJTI1M0ElMjUyRiUyNTJGd3d3LmZhY2Vib29rLmNvbSUyNTJGZXJzYm9kYTRoZ2FyZCUyNTJGJTI2dGFicyUzRHRpbWVsaW5lJTI2d2lkdGglM0QzNDAlMjZoZWlnaHQlM0Q1MDAlMjZzbWFsbF9oZWFkZXIlM0RmYWxzZSUyNmFkYXB0X2NvbnRhaW5lcl93aWR0aCUzRHRydWUlMjZoaWRlX2NvdmVyJTNEZmFsc2UlMjZzaG93X2ZhY2VwaWxlJTNEdHJ1ZSUyNmFwcElkJTIyJTIwd2lkdGglM0QlMjIzNDAlMjIlMjBoZWlnaHQlM0QlMjI1MDAlMjIlMjBzdHlsZSUzRCUyMmJvcmRlciUzQW5vbmUlM0JvdmVyZmxvdyUzQWhpZGRlbiUyMiUyMHNjcm9sbGluZyUzRCUyMm5vJTIyJTIwZnJhbWVib3JkZXIlM0QlMjIwJTIyJTIwYWxsb3dUcmFuc3BhcmVuY3klM0QlMjJ0cnVlJTIyJTIwYWxsb3clM0QlMjJlbmNyeXB0ZWQtbWVkaWElMjIlM0UlM0MlMkZpZnJhbWUlM0U=&#8221; css=&#8221;.vc_custom_1549535774568{background-color: #ffffff !important;}&#8221;][vc_gallery interval=&#8221;3&#8243; images=&#8221;436,437,439&#8243;][\/vc_column_inner][\/vc_row_inner][\/vc_column][\/vc_row][vc_row full_width=&#8221;stretch_row&#8221; css=&#8221;.vc_custom_1688325054621{margin-right: 0px !important;margin-left: 0px !important;background-color: #008b45 !important;}&#8221;][vc_column][\/vc_column][\/vc_row]<\/p>\n<\/div>","protected":false},"excerpt":{"rendered":"<p>[vc_row full_width=&#8221;stretch_row&#8221; css=&#8221;.vc_custom_1688325040128{margin-right: 0px !important;margin-left: 0px !important;background-color: #008b45 !important;}&#8221;][vc_column][vc_row_inner css=&#8221;.vc_custom_1669719296899{margin-right: -50px !important;margin-left: -50px !important;background-color: #ffffff !important;border-radius: 15px !important;}&#8221;][vc_column_inner width=&#8221;2\/3&#8243;][vc_column_text css=&#8221;&#8221;] V\u00e4lkommen till Ersboda 4H-g\u00e5rd! &nbsp; &nbsp; Ersboda 4H-g\u00e5rd drivs av den ideella barn- och ungdomsf\u00f6reningen Ersboda 4H-klubb, till hj\u00e4lp finns anst\u00e4lld personal. Ni \u00e4r varmt v\u00e4lkomna att komma och titta p\u00e5 djuren och njuta av&nbsp; <a href=\"https:\/\/www.4h.se\/ersboda\/\">&hellip; Read more <i class=\"glyphicon glyphicon-arrow-right\"><\/i><\/a><\/p>\n","protected":false},"author":1,"featured_media":0,"parent":0,"menu_order":10,"comment_status":"closed","ping_status":"closed","template":"","meta":{"_acf_changed":false,"footnotes":""},"class_list":["post-39","page","type-page","status-publish","hentry"],"acf":[],"yoast_head":"<!-- This site is optimized with the Yoast SEO plugin v27.5 - https:\/\/yoast.com\/product\/yoast-seo-wordpress\/ -->\n<title>Startsida - Ersboda 4H-g\u00e5rd<\/title>\n<meta name=\"robots\" content=\"index, follow, max-snippet:-1, max-image-preview:large, max-video-preview:-1\" \/>\n<link rel=\"canonical\" href=\"https:\/\/www.4h.se\/ersboda\/\" \/>\n<meta property=\"og:locale\" content=\"sv_SE\" \/>\n<meta property=\"og:type\" content=\"article\" \/>\n<meta property=\"og:title\" content=\"Startsida - Ersboda 4H-g\u00e5rd\" \/>\n<meta property=\"og:description\" content=\"[vc_row full_width=&#8221;stretch_row&#8221; css=&#8221;.vc_custom_1688325040128{margin-right: 0px !important;margin-left: 0px !important;background-color: #008b45 !important;}&#8221;][vc_column][vc_row_inner css=&#8221;.vc_custom_1669719296899{margin-right: -50px !important;margin-left: -50px !important;background-color: #ffffff !important;border-radius: 15px !important;}&#8221;][vc_column_inner width=&#8221;2\/3&#8243;][vc_column_text css=&#8221;&#8221;] V\u00e4lkommen till Ersboda 4H-g\u00e5rd! &nbsp; &nbsp; Ersboda 4H-g\u00e5rd drivs av den ideella barn- och ungdomsf\u00f6reningen Ersboda 4H-klubb, till hj\u00e4lp finns anst\u00e4lld personal. Ni \u00e4r varmt v\u00e4lkomna att komma och titta p\u00e5 djuren och njuta av&nbsp; &hellip; Read more\" \/>\n<meta property=\"og:url\" content=\"https:\/\/www.4h.se\/ersboda\/\" \/>\n<meta property=\"og:site_name\" content=\"Ersboda 4H-g\u00e5rd\" \/>\n<meta property=\"article:modified_time\" content=\"2025-09-04T12:47:06+00:00\" \/>\n<meta name=\"twitter:card\" content=\"summary_large_image\" \/>\n<meta name=\"twitter:label1\" content=\"Ber\u00e4knad l\u00e4stid\" \/>\n\t<meta name=\"twitter:data1\" content=\"3 minuter\" \/>\n<script type=\"application\/ld+json\" class=\"yoast-schema-graph\">{\"@context\":\"https:\\\/\\\/schema.org\",\"@graph\":[{\"@type\":\"WebPage\",\"@id\":\"https:\\\/\\\/www.4h.se\\\/ersboda\\\/\",\"url\":\"https:\\\/\\\/www.4h.se\\\/ersboda\\\/\",\"name\":\"Startsida - Ersboda 4H-g\u00e5rd\",\"isPartOf\":{\"@id\":\"https:\\\/\\\/www.4h.se\\\/ersboda\\\/#website\"},\"datePublished\":\"2014-12-09T19:10:35+00:00\",\"dateModified\":\"2025-09-04T12:47:06+00:00\",\"breadcrumb\":{\"@id\":\"https:\\\/\\\/www.4h.se\\\/ersboda\\\/#breadcrumb\"},\"inLanguage\":\"sv-SE\",\"potentialAction\":[{\"@type\":\"ReadAction\",\"target\":[\"https:\\\/\\\/www.4h.se\\\/ersboda\\\/\"]}]},{\"@type\":\"BreadcrumbList\",\"@id\":\"https:\\\/\\\/www.4h.se\\\/ersboda\\\/#breadcrumb\",\"itemListElement\":[{\"@type\":\"ListItem\",\"position\":1,\"name\":\"Hem\",\"item\":\"https:\\\/\\\/www.4h.se\\\/ersboda\\\/\"},{\"@type\":\"ListItem\",\"position\":2,\"name\":\"Startsida\"}]},{\"@type\":\"WebSite\",\"@id\":\"https:\\\/\\\/www.4h.se\\\/ersboda\\\/#website\",\"url\":\"https:\\\/\\\/www.4h.se\\\/ersboda\\\/\",\"name\":\"Ersboda 4H-g\u00e5rd\",\"description\":\"\",\"potentialAction\":[{\"@type\":\"SearchAction\",\"target\":{\"@type\":\"EntryPoint\",\"urlTemplate\":\"https:\\\/\\\/www.4h.se\\\/ersboda\\\/?s={search_term_string}\"},\"query-input\":{\"@type\":\"PropertyValueSpecification\",\"valueRequired\":true,\"valueName\":\"search_term_string\"}}],\"inLanguage\":\"sv-SE\"}]}<\/script>\n<!-- \/ Yoast SEO plugin. -->","yoast_head_json":{"title":"Startsida - Ersboda 4H-g\u00e5rd","robots":{"index":"index","follow":"follow","max-snippet":"max-snippet:-1","max-image-preview":"max-image-preview:large","max-video-preview":"max-video-preview:-1"},"canonical":"https:\/\/www.4h.se\/ersboda\/","og_locale":"sv_SE","og_type":"article","og_title":"Startsida - Ersboda 4H-g\u00e5rd","og_description":"[vc_row full_width=&#8221;stretch_row&#8221; css=&#8221;.vc_custom_1688325040128{margin-right: 0px !important;margin-left: 0px !important;background-color: #008b45 !important;}&#8221;][vc_column][vc_row_inner css=&#8221;.vc_custom_1669719296899{margin-right: -50px !important;margin-left: -50px !important;background-color: #ffffff !important;border-radius: 15px !important;}&#8221;][vc_column_inner width=&#8221;2\/3&#8243;][vc_column_text css=&#8221;&#8221;] V\u00e4lkommen till Ersboda 4H-g\u00e5rd! &nbsp; &nbsp; Ersboda 4H-g\u00e5rd drivs av den ideella barn- och ungdomsf\u00f6reningen Ersboda 4H-klubb, till hj\u00e4lp finns anst\u00e4lld personal. Ni \u00e4r varmt v\u00e4lkomna att komma och titta p\u00e5 djuren och njuta av&nbsp; &hellip; Read more","og_url":"https:\/\/www.4h.se\/ersboda\/","og_site_name":"Ersboda 4H-g\u00e5rd","article_modified_time":"2025-09-04T12:47:06+00:00","twitter_card":"summary_large_image","twitter_misc":{"Ber\u00e4knad l\u00e4stid":"3 minuter"},"schema":{"@context":"https:\/\/schema.org","@graph":[{"@type":"WebPage","@id":"https:\/\/www.4h.se\/ersboda\/","url":"https:\/\/www.4h.se\/ersboda\/","name":"Startsida - Ersboda 4H-g\u00e5rd","isPartOf":{"@id":"https:\/\/www.4h.se\/ersboda\/#website"},"datePublished":"2014-12-09T19:10:35+00:00","dateModified":"2025-09-04T12:47:06+00:00","breadcrumb":{"@id":"https:\/\/www.4h.se\/ersboda\/#breadcrumb"},"inLanguage":"sv-SE","potentialAction":[{"@type":"ReadAction","target":["https:\/\/www.4h.se\/ersboda\/"]}]},{"@type":"BreadcrumbList","@id":"https:\/\/www.4h.se\/ersboda\/#breadcrumb","itemListElement":[{"@type":"ListItem","position":1,"name":"Hem","item":"https:\/\/www.4h.se\/ersboda\/"},{"@type":"ListItem","position":2,"name":"Startsida"}]},{"@type":"WebSite","@id":"https:\/\/www.4h.se\/ersboda\/#website","url":"https:\/\/www.4h.se\/ersboda\/","name":"Ersboda 4H-g\u00e5rd","description":"","potentialAction":[{"@type":"SearchAction","target":{"@type":"EntryPoint","urlTemplate":"https:\/\/www.4h.se\/ersboda\/?s={search_term_string}"},"query-input":{"@type":"PropertyValueSpecification","valueRequired":true,"valueName":"search_term_string"}}],"inLanguage":"sv-SE"}]}},"_links":{"self":[{"href":"https:\/\/www.4h.se\/ersboda\/wp-json\/wp\/v2\/pages\/39","targetHints":{"allow":["GET"]}}],"collection":[{"href":"https:\/\/www.4h.se\/ersboda\/wp-json\/wp\/v2\/pages"}],"about":[{"href":"https:\/\/www.4h.se\/ersboda\/wp-json\/wp\/v2\/types\/page"}],"author":[{"embeddable":true,"href":"https:\/\/www.4h.se\/ersboda\/wp-json\/wp\/v2\/users\/1"}],"replies":[{"embeddable":true,"href":"https:\/\/www.4h.se\/ersboda\/wp-json\/wp\/v2\/comments?post=39"}],"version-history":[{"count":0,"href":"https:\/\/www.4h.se\/ersboda\/wp-json\/wp\/v2\/pages\/39\/revisions"}],"wp:attachment":[{"href":"https:\/\/www.4h.se\/ersboda\/wp-json\/wp\/v2\/media?parent=39"}],"curies":[{"name":"wp","href":"https:\/\/api.w.org\/{rel}","templated":true}]}}