



{"id":121,"date":"2015-01-23T20:08:12","date_gmt":"2015-01-23T19:08:12","guid":{"rendered":"http:\/\/www.4h.se\/rix16\/?page_id=121"},"modified":"2025-07-17T15:28:14","modified_gmt":"2025-07-17T13:28:14","slug":"kontakta-oss","status":"publish","type":"page","link":"https:\/\/www.4h.se\/ersboda\/kontakta-oss\/","title":{"rendered":"Kontakta oss"},"content":{"rendered":"<div class=\"wpb-content-wrapper\"><p>[vc_row full_width=&#8221;stretch_row&#8221; css=&#8221;.vc_custom_1688325106217{background-color: #008b45 !important;}&#8221;][vc_column width=&#8221;1\/2&#8243; css=&#8221;.vc_custom_1688324713033{margin-top: 20px !important;padding-top: 10px !important;background-color: #ffffff !important;border-radius: 15px !important;}&#8221;][vc_column_text css=&#8221;.vc_custom_1752758855430{margin-top: 20px !important;padding-top: 20px !important;padding-right: 20px !important;padding-bottom: 20px !important;padding-left: 20px !important;}&#8221;]<\/p>\n<h2>\u00d6ppettider:<\/h2>\n<p><strong>Alla dagar kl 09:00-16:00<\/strong><\/p>\n<p><em>Vad menas med \u00f6ppet p\u00e5 g\u00e5rden?&nbsp;<\/em>Under g\u00e5rdens \u00f6ppettider \u00e4r djuren ute i sina hagar och alla v\u00e4lkomna p\u00e5 bes\u00f6k. Att bes\u00f6ka en 4H-g\u00e5rd \u00e4r kostnadsfritt. Djuren \u00e4r ute i sina hagar, det finns m\u00f6jlighet att sl\u00e5 sig ner f\u00f6r att avnjuta medhavd fika och den handikappanpassade bes\u00f6kstoaletten \u00e4r uppl\u00e5st. Det \u00e4r \u00e4ven fritt fram att anv\u00e4nda grillplatsen.<\/p>\n<p>D\u00e5 och d\u00e5 har vi olika event p\u00e5 g\u00e5rden, dessa annonseras via Facebook och Instagram.<\/p>\n<p>G\u00e5rden \u00e4r bemannad med personal vardagar mellan 8.00 &#8211; 16.30<\/p>\n<p>Ibland \u00e4r vi iv\u00e4g p\u00e5 n\u00e5got \u00e4rende och vi har inte alltid m\u00f6jlighet att svara i telefon. Vi g\u00f6r allt vi kan f\u00f6r att vara tillg\u00e4ngliga, vi prioriterar dock fr\u00e4mst sk\u00f6tsel av g\u00e5rden och f\u00f6reningsverksamheten.<\/p>\n<p>Maila g\u00e4rna dina fr\u00e5gor till oss, s\u00e5 svarar vi dig s\u00e5 snart vi kan.&nbsp;Mail besvaras m\u00e5ndag-fredag, ibland kan de ta n\u00e5gra dagar innan du f\u00e5r svar.<\/p>\n<p>P\u00e5 l\u00f6rdagar och s\u00f6ndagar sk\u00f6ts g\u00e5rden av ideella helgsk\u00f6tare och d\u00e5 kan man inte ringa hit.<\/p>\n<p>&nbsp;<\/p>\n<p>V\u00e4nligen respektera att det, enligt regler f\u00f6r offentlig f\u00f6revisning, ej \u00e4r till\u00e5tet att g\u00e5 in i stall och hagar utan tillst\u00e5nd och n\u00e4rvaro av personal. Det \u00e4r ej heller till\u00e5tet att mata djuren. Tack p\u00e5 f\u00f6rhand!<\/p>\n<div class=\"col-block col-1\"><\/div>\n<p>&nbsp;[\/vc_column_text][\/vc_column][vc_column width=&#8221;1\/2&#8243; css=&#8221;.vc_custom_1688382229328{margin-top: 20px !important;margin-left: 30px !important;padding-top: 20px !important;padding-right: 20px !important;padding-bottom: 20px !important;padding-left: 20px !important;background-color: #ffffff !important;border-radius: 15px !important;}&#8221;][vc_column_text]<\/p>\n<h2>\u00a0Kontakta oss:<\/h2>\n<p><strong>TEL:<\/strong>\u00a0079-335 42 78<\/p>\n<p><strong>ADRESS:\u00a0<\/strong>Fru\u00e4ngsv\u00e4gen 50, 144\u00a064 R\u00f6nninge<\/p>\n<p><strong>MAIL:\u00a0<\/strong>ersboda@4h.se<\/p>\n<p><strong>PG:<\/strong>\u00a088 15 79-7<\/p>\n<p><strong>Sociala medier: <a href=\"https:\/\/www.facebook.com\/ersboda4hgard\/\">Facebook<\/a>\u00a0&amp;\u00a0<a href=\"https:\/\/www.instagram.com\/ersboda4h\/\">Instagram<\/a><\/strong><\/p>\n<p><strong>SWISH NUMMER:\u00a0<\/strong>123\u00a0090 48 70<\/p>\n<p>G\u00e5rden \u00e4r godk\u00e4nd enligt f\u00f6reskrifterna f\u00f6r Offentlig F\u00f6revisning av Djur med tillst\u00e5nd fr\u00e5n L\u00e4nsstyrelsen och Jordbruksverket.[\/vc_column_text][\/vc_column][\/vc_row][vc_row full_width=&#8221;stretch_row&#8221; css=&#8221;.vc_custom_1688382248443{background-color: #008b45 !important;}&#8221;][vc_column css=&#8221;.vc_custom_1688382236498{margin-top: 30px !important;padding-top: 20px !important;padding-right: 20px !important;padding-bottom: 20px !important;padding-left: 20px !important;background-color: #ffffff !important;border-radius: 15px !important;}&#8221;][vc_column_text css=&#8221;.vc_custom_1688324971740{padding-top: -5px !important;}&#8221;]<\/p>\n<div class=\"vc_row wpb_row vc_row-fluid vc_custom_1652348617290 vc_row-has-fill\">\n<div class=\"wpb_column vc_column_container vc_col-sm-12\">\n<div class=\"vc_column-inner\">\n<div class=\"wpb_wrapper\">\n<div class=\"wpb_text_column wpb_content_element vc_custom_1652348663243\">\n<div class=\"wpb_wrapper\">\n<h2>Hitta till\u00a0g\u00e5rden<\/h2>\n<p>Ersboda 4H-g\u00e5rd ligger p\u00e5 Fru\u00e4ngsv\u00e4gen i R\u00f6nninge, Salems kommun. Det g\u00e5r bra att ta sig\u00a0hit till fots, med buss eller med bil.<\/p>\n<p>Ta g\u00e4rna en promenad eller bussen i f\u00f6rsta hand. Kommer ni med bil s\u00e5 sam\u00e5k g\u00e4rna.<\/p>\n<p>Fr\u00e5n R\u00f6nninge C \u2013 Ta buss 725 mot Nytorp, kliv av i Nytorp (\u00e4ndbussh\u00e5llplatsen) och f\u00f6lj sedan skyltar mot Ersboda (ca 300 m).<\/p>\n<p>Kommer du med bil, st\u00e4ll in GPS:en p\u00e5 Fru\u00e4ngsv\u00e4gen 43 (g\u00e5rdens adress \u00e4r Fru\u00e4ngsv\u00e4gen 50 men gpsen visar fel v\u00e4g). N\u00e4r du kommer till v\u00e4ndplanen, sv\u00e4ng h\u00f6ger och direkt v\u00e4nster. K\u00f6r sakta och f\u00f6rsiktigt!<\/p>\n<\/div>\n<\/div>\n<\/div>\n<\/div>\n<\/div>\n<\/div>\n<p>[\/vc_column_text][vc_gmaps link=&#8221;#E-8_JTNDaWZyYW1lJTIwc3JjJTNEJTIyaHR0cHMlM0ElMkYlMkZ3d3cuZ29vZ2xlLmNvbSUyRm1hcHMlMkZlbWJlZCUzRnBiJTNEJTIxMW0xOCUyMTFtMTIlMjExbTMlMjExZDIwNDIuODA4MjY5NjQyNzc2MiUyMTJkMTcuNzE0MjU5MzE2MDA4MDA4JTIxM2Q1OS4yMDI1MDMyODE2MTQ1OSUyMTJtMyUyMTFmMCUyMTJmMCUyMTNmMCUyMTNtMiUyMTFpMTAyNCUyMTJpNzY4JTIxNGYxMy4xJTIxM20zJTIxMW0yJTIxMXMweDQ2NWY3MmJkYzA5MDMwMTclMjUzQTB4ZWZhNzdmYmFhNTcxOTc3OCUyMTJ6Um5KMXc2UnVaM04ydzZSblpXNGdOVEFzSURFME5DQTJOQ0JTdzdadWJtbHVaMlUlMjE1ZTAlMjEzbTIlMjExc3N2JTIxMnNzZSUyMTR2MTU0OTUzMDg2NDEwOCUyMiUyMHdpZHRoJTNEJTIyNjAwJTIyJTIwaGVpZ2h0JTNEJTIyNDUwJTIyJTIwZnJhbWVib3JkZXIlM0QlMjIwJTIyJTIwc3R5bGUlM0QlMjJib3JkZXIlM0EwJTIyJTIwYWxsb3dmdWxsc2NyZWVuJTNFJTNDJTJGaWZyYW1lJTNF&#8221;][\/vc_column][\/vc_row][vc_row full_width=&#8221;stretch_row&#8221; css=&#8221;.vc_custom_1688324341638{margin-right: 0px !important;margin-left: 0px !important;background-color: #008b45 !important;}&#8221;][vc_column][\/vc_column][\/vc_row]<\/p>\n<\/div>","protected":false},"excerpt":{"rendered":"<p>[vc_row full_width=&#8221;stretch_row&#8221; css=&#8221;.vc_custom_1688325106217{background-color: #008b45 !important;}&#8221;][vc_column width=&#8221;1\/2&#8243; css=&#8221;.vc_custom_1688324713033{margin-top: 20px !important;padding-top: 10px !important;background-color: #ffffff !important;border-radius: 15px !important;}&#8221;][vc_column_text css=&#8221;.vc_custom_1752758855430{margin-top: 20px !important;padding-top: 20px !important;padding-right: 20px !important;padding-bottom: 20px !important;padding-left: 20px !important;}&#8221;] \u00d6ppettider: Alla dagar kl 09:00-16:00 Vad menas med \u00f6ppet p\u00e5 g\u00e5rden?&nbsp;Under g\u00e5rdens \u00f6ppettider \u00e4r djuren ute i sina hagar och alla v\u00e4lkomna p\u00e5 bes\u00f6k. Att bes\u00f6ka en 4H-g\u00e5rd \u00e4r&nbsp; <a href=\"https:\/\/www.4h.se\/ersboda\/kontakta-oss\/\">&hellip; Read more <i class=\"glyphicon glyphicon-arrow-right\"><\/i><\/a><\/p>\n","protected":false},"author":1,"featured_media":0,"parent":0,"menu_order":5,"comment_status":"closed","ping_status":"closed","template":"","meta":{"footnotes":""},"class_list":["post-121","page","type-page","status-publish","hentry"],"yoast_head":"<!-- This site is optimized with the Yoast SEO plugin v27.4 - https:\/\/yoast.com\/product\/yoast-seo-wordpress\/ -->\n<title>Kontakta oss - Ersboda 4H-g\u00e5rd<\/title>\n<meta name=\"robots\" content=\"index, follow, max-snippet:-1, max-image-preview:large, max-video-preview:-1\" \/>\n<link rel=\"canonical\" href=\"https:\/\/www.4h.se\/ersboda\/kontakta-oss\/\" \/>\n<meta property=\"og:locale\" content=\"sv_SE\" \/>\n<meta property=\"og:type\" content=\"article\" \/>\n<meta property=\"og:title\" content=\"Kontakta oss - Ersboda 4H-g\u00e5rd\" \/>\n<meta property=\"og:description\" content=\"[vc_row full_width=&#8221;stretch_row&#8221; css=&#8221;.vc_custom_1688325106217{background-color: #008b45 !important;}&#8221;][vc_column width=&#8221;1\/2&#8243; css=&#8221;.vc_custom_1688324713033{margin-top: 20px !important;padding-top: 10px !important;background-color: #ffffff !important;border-radius: 15px !important;}&#8221;][vc_column_text css=&#8221;.vc_custom_1752758855430{margin-top: 20px !important;padding-top: 20px !important;padding-right: 20px !important;padding-bottom: 20px !important;padding-left: 20px !important;}&#8221;] \u00d6ppettider: Alla dagar kl 09:00-16:00 Vad menas med \u00f6ppet p\u00e5 g\u00e5rden?&nbsp;Under g\u00e5rdens \u00f6ppettider \u00e4r djuren ute i sina hagar och alla v\u00e4lkomna p\u00e5 bes\u00f6k. Att bes\u00f6ka en 4H-g\u00e5rd \u00e4r&nbsp; &hellip; Read more\" \/>\n<meta property=\"og:url\" content=\"https:\/\/www.4h.se\/ersboda\/kontakta-oss\/\" \/>\n<meta property=\"og:site_name\" content=\"Ersboda 4H-g\u00e5rd\" \/>\n<meta property=\"article:modified_time\" content=\"2025-07-17T13:28:14+00:00\" \/>\n<meta name=\"twitter:card\" content=\"summary_large_image\" \/>\n<meta name=\"twitter:label1\" content=\"Ber\u00e4knad l\u00e4stid\" \/>\n\t<meta name=\"twitter:data1\" content=\"3 minuter\" \/>\n<script type=\"application\/ld+json\" class=\"yoast-schema-graph\">{\"@context\":\"https:\\\/\\\/schema.org\",\"@graph\":[{\"@type\":\"WebPage\",\"@id\":\"https:\\\/\\\/www.4h.se\\\/ersboda\\\/kontakta-oss\\\/\",\"url\":\"https:\\\/\\\/www.4h.se\\\/ersboda\\\/kontakta-oss\\\/\",\"name\":\"Kontakta oss - Ersboda 4H-g\u00e5rd\",\"isPartOf\":{\"@id\":\"https:\\\/\\\/www.4h.se\\\/ersboda\\\/#website\"},\"datePublished\":\"2015-01-23T19:08:12+00:00\",\"dateModified\":\"2025-07-17T13:28:14+00:00\",\"breadcrumb\":{\"@id\":\"https:\\\/\\\/www.4h.se\\\/ersboda\\\/kontakta-oss\\\/#breadcrumb\"},\"inLanguage\":\"sv-SE\",\"potentialAction\":[{\"@type\":\"ReadAction\",\"target\":[\"https:\\\/\\\/www.4h.se\\\/ersboda\\\/kontakta-oss\\\/\"]}]},{\"@type\":\"BreadcrumbList\",\"@id\":\"https:\\\/\\\/www.4h.se\\\/ersboda\\\/kontakta-oss\\\/#breadcrumb\",\"itemListElement\":[{\"@type\":\"ListItem\",\"position\":1,\"name\":\"Hem\",\"item\":\"https:\\\/\\\/www.4h.se\\\/ersboda\\\/\"},{\"@type\":\"ListItem\",\"position\":2,\"name\":\"Kontakta oss\"}]},{\"@type\":\"WebSite\",\"@id\":\"https:\\\/\\\/www.4h.se\\\/ersboda\\\/#website\",\"url\":\"https:\\\/\\\/www.4h.se\\\/ersboda\\\/\",\"name\":\"Ersboda 4H-g\u00e5rd\",\"description\":\"\",\"potentialAction\":[{\"@type\":\"SearchAction\",\"target\":{\"@type\":\"EntryPoint\",\"urlTemplate\":\"https:\\\/\\\/www.4h.se\\\/ersboda\\\/?s={search_term_string}\"},\"query-input\":{\"@type\":\"PropertyValueSpecification\",\"valueRequired\":true,\"valueName\":\"search_term_string\"}}],\"inLanguage\":\"sv-SE\"}]}<\/script>\n<!-- \/ Yoast SEO plugin. -->","yoast_head_json":{"title":"Kontakta oss - Ersboda 4H-g\u00e5rd","robots":{"index":"index","follow":"follow","max-snippet":"max-snippet:-1","max-image-preview":"max-image-preview:large","max-video-preview":"max-video-preview:-1"},"canonical":"https:\/\/www.4h.se\/ersboda\/kontakta-oss\/","og_locale":"sv_SE","og_type":"article","og_title":"Kontakta oss - Ersboda 4H-g\u00e5rd","og_description":"[vc_row full_width=&#8221;stretch_row&#8221; css=&#8221;.vc_custom_1688325106217{background-color: #008b45 !important;}&#8221;][vc_column width=&#8221;1\/2&#8243; css=&#8221;.vc_custom_1688324713033{margin-top: 20px !important;padding-top: 10px !important;background-color: #ffffff !important;border-radius: 15px !important;}&#8221;][vc_column_text css=&#8221;.vc_custom_1752758855430{margin-top: 20px !important;padding-top: 20px !important;padding-right: 20px !important;padding-bottom: 20px !important;padding-left: 20px !important;}&#8221;] \u00d6ppettider: Alla dagar kl 09:00-16:00 Vad menas med \u00f6ppet p\u00e5 g\u00e5rden?&nbsp;Under g\u00e5rdens \u00f6ppettider \u00e4r djuren ute i sina hagar och alla v\u00e4lkomna p\u00e5 bes\u00f6k. Att bes\u00f6ka en 4H-g\u00e5rd \u00e4r&nbsp; &hellip; Read more","og_url":"https:\/\/www.4h.se\/ersboda\/kontakta-oss\/","og_site_name":"Ersboda 4H-g\u00e5rd","article_modified_time":"2025-07-17T13:28:14+00:00","twitter_card":"summary_large_image","twitter_misc":{"Ber\u00e4knad l\u00e4stid":"3 minuter"},"schema":{"@context":"https:\/\/schema.org","@graph":[{"@type":"WebPage","@id":"https:\/\/www.4h.se\/ersboda\/kontakta-oss\/","url":"https:\/\/www.4h.se\/ersboda\/kontakta-oss\/","name":"Kontakta oss - Ersboda 4H-g\u00e5rd","isPartOf":{"@id":"https:\/\/www.4h.se\/ersboda\/#website"},"datePublished":"2015-01-23T19:08:12+00:00","dateModified":"2025-07-17T13:28:14+00:00","breadcrumb":{"@id":"https:\/\/www.4h.se\/ersboda\/kontakta-oss\/#breadcrumb"},"inLanguage":"sv-SE","potentialAction":[{"@type":"ReadAction","target":["https:\/\/www.4h.se\/ersboda\/kontakta-oss\/"]}]},{"@type":"BreadcrumbList","@id":"https:\/\/www.4h.se\/ersboda\/kontakta-oss\/#breadcrumb","itemListElement":[{"@type":"ListItem","position":1,"name":"Hem","item":"https:\/\/www.4h.se\/ersboda\/"},{"@type":"ListItem","position":2,"name":"Kontakta oss"}]},{"@type":"WebSite","@id":"https:\/\/www.4h.se\/ersboda\/#website","url":"https:\/\/www.4h.se\/ersboda\/","name":"Ersboda 4H-g\u00e5rd","description":"","potentialAction":[{"@type":"SearchAction","target":{"@type":"EntryPoint","urlTemplate":"https:\/\/www.4h.se\/ersboda\/?s={search_term_string}"},"query-input":{"@type":"PropertyValueSpecification","valueRequired":true,"valueName":"search_term_string"}}],"inLanguage":"sv-SE"}]}},"_links":{"self":[{"href":"https:\/\/www.4h.se\/ersboda\/wp-json\/wp\/v2\/pages\/121","targetHints":{"allow":["GET"]}}],"collection":[{"href":"https:\/\/www.4h.se\/ersboda\/wp-json\/wp\/v2\/pages"}],"about":[{"href":"https:\/\/www.4h.se\/ersboda\/wp-json\/wp\/v2\/types\/page"}],"author":[{"embeddable":true,"href":"https:\/\/www.4h.se\/ersboda\/wp-json\/wp\/v2\/users\/1"}],"replies":[{"embeddable":true,"href":"https:\/\/www.4h.se\/ersboda\/wp-json\/wp\/v2\/comments?post=121"}],"version-history":[{"count":0,"href":"https:\/\/www.4h.se\/ersboda\/wp-json\/wp\/v2\/pages\/121\/revisions"}],"wp:attachment":[{"href":"https:\/\/www.4h.se\/ersboda\/wp-json\/wp\/v2\/media?parent=121"}],"curies":[{"name":"wp","href":"https:\/\/api.w.org\/{rel}","templated":true}]}}