



{"id":1093,"date":"2026-05-13T09:21:25","date_gmt":"2026-05-13T07:21:25","guid":{"rendered":"https:\/\/www.4h.se\/ersboda\/?page_id=1093"},"modified":"2026-05-13T11:10:49","modified_gmt":"2026-05-13T09:10:49","slug":"mindfulness-och-getyoga","status":"publish","type":"page","link":"https:\/\/www.4h.se\/ersboda\/mindfulness-och-getyoga\/","title":{"rendered":"Mindfulness och Getyoga"},"content":{"rendered":"<div class=\"wpb-content-wrapper\"><p>[vc_row][vc_column width=&#8221;1\/2&#8243;][vc_single_image image=&#8221;1095&#8243; img_size=&#8221;medium&#8221; css=&#8221;&#8221;][vc_column_text css=&#8221;&#8221;]<\/p>\n<h3>Mindfulness med v\u00e5ra getter<\/h3>\n<p>V\u00e4lkomna p\u00e5 en fridfull stund i v\u00e5r gethage d\u00e4r vi f\u00e5r 45min Mindfulness pass ledd av Linda.<\/p>\n<p><strong>Datum:<br \/>\n<\/strong>&#8211; L\u00f6rdag 23 maj kl.10.00<br \/>\n&#8211; S\u00f6ndag 7 juni kl.15.00<\/p>\n<p><em>Ta med Yogamatta eller en filt. * Vill ni kan ni f\u00e5 hyra en yogamatta f\u00f6r 50kr av oss<\/em>[\/vc_column_text][\/vc_column][\/vc_row][vc_row][vc_column][vc_btn title=&#8221;Biljetter 23 maj&#8221; color=&#8221;success&#8221; size=&#8221;lg&#8221; css=&#8221;&#8221; link=&#8221;url:https%3A%2F%2Feasytic.se%2Fevent%2Fmindfulness-i-gethagen-23-maj%2F%20|target:_blank&#8221;][vc_btn title=&#8221;Biljetter 7 juni&#8221; color=&#8221;success&#8221; size=&#8221;lg&#8221; css=&#8221;&#8221; link=&#8221;url:https%3A%2F%2Feasytic.se%2Fevent%2Fmindfulness-i-gethagen-7-juni%2F%20|target:_blank&#8221;][vc_column_text css=&#8221;&#8221;]<\/p>\n<h1>Yoga med v\u00e5ra getter<\/h1>\n<p>V\u00e4lkomna p\u00e5 en h\u00e4rlig Getyoga med Anna.<\/p>\n<p><strong>Datum:<br \/>\n<\/strong>Kommer inom kort[\/vc_column_text][\/vc_column][\/vc_row]<\/p>\n<\/div>","protected":false},"excerpt":{"rendered":"<p>[vc_row][vc_column width=&#8221;1\/2&#8243;][vc_single_image image=&#8221;1095&#8243; img_size=&#8221;medium&#8221; css=&#8221;&#8221;][vc_column_text css=&#8221;&#8221;] Mindfulness med v\u00e5ra getter V\u00e4lkomna p\u00e5 en fridfull stund i v\u00e5r gethage d\u00e4r vi f\u00e5r 45min Mindfulness pass ledd av Linda. Datum: &#8211; L\u00f6rdag 23 maj kl.10.00 &#8211; S\u00f6ndag 7 juni kl.15.00 Ta med Yogamatta eller en filt. * Vill ni kan ni f\u00e5 hyra en yogamatta f\u00f6r 50kr&nbsp; <a href=\"https:\/\/www.4h.se\/ersboda\/mindfulness-och-getyoga\/\">&hellip; Read more <i class=\"glyphicon glyphicon-arrow-right\"><\/i><\/a><\/p>\n","protected":false},"author":256,"featured_media":0,"parent":0,"menu_order":0,"comment_status":"closed","ping_status":"closed","template":"","meta":{"_acf_changed":false,"footnotes":""},"class_list":["post-1093","page","type-page","status-publish","hentry"],"acf":[],"yoast_head":"<!-- This site is optimized with the Yoast SEO plugin v27.6 - https:\/\/yoast.com\/product\/yoast-seo-wordpress\/ -->\n<title>Mindfulness och Getyoga - Ersboda 4H-g\u00e5rd<\/title>\n<meta name=\"robots\" content=\"index, follow, max-snippet:-1, max-image-preview:large, max-video-preview:-1\" \/>\n<link rel=\"canonical\" href=\"https:\/\/www.4h.se\/ersboda\/mindfulness-och-getyoga\/\" \/>\n<meta property=\"og:locale\" content=\"sv_SE\" \/>\n<meta property=\"og:type\" content=\"article\" \/>\n<meta property=\"og:title\" content=\"Mindfulness och Getyoga - Ersboda 4H-g\u00e5rd\" \/>\n<meta property=\"og:description\" content=\"[vc_row][vc_column width=&#8221;1\/2&#8243;][vc_single_image image=&#8221;1095&#8243; img_size=&#8221;medium&#8221; css=&#8221;&#8221;][vc_column_text css=&#8221;&#8221;] Mindfulness med v\u00e5ra getter V\u00e4lkomna p\u00e5 en fridfull stund i v\u00e5r gethage d\u00e4r vi f\u00e5r 45min Mindfulness pass ledd av Linda. Datum: &#8211; L\u00f6rdag 23 maj kl.10.00 &#8211; S\u00f6ndag 7 juni kl.15.00 Ta med Yogamatta eller en filt. * Vill ni kan ni f\u00e5 hyra en yogamatta f\u00f6r 50kr&nbsp; &hellip; Read more\" \/>\n<meta property=\"og:url\" content=\"https:\/\/www.4h.se\/ersboda\/mindfulness-och-getyoga\/\" \/>\n<meta property=\"og:site_name\" content=\"Ersboda 4H-g\u00e5rd\" \/>\n<meta property=\"article:modified_time\" content=\"2026-05-13T09:10:49+00:00\" \/>\n<meta name=\"twitter:card\" content=\"summary_large_image\" \/>\n<script type=\"application\/ld+json\" class=\"yoast-schema-graph\">{\"@context\":\"https:\\\/\\\/schema.org\",\"@graph\":[{\"@type\":\"WebPage\",\"@id\":\"https:\\\/\\\/www.4h.se\\\/ersboda\\\/mindfulness-och-getyoga\\\/\",\"url\":\"https:\\\/\\\/www.4h.se\\\/ersboda\\\/mindfulness-och-getyoga\\\/\",\"name\":\"Mindfulness och Getyoga - Ersboda 4H-g\u00e5rd\",\"isPartOf\":{\"@id\":\"https:\\\/\\\/www.4h.se\\\/ersboda\\\/#website\"},\"datePublished\":\"2026-05-13T07:21:25+00:00\",\"dateModified\":\"2026-05-13T09:10:49+00:00\",\"breadcrumb\":{\"@id\":\"https:\\\/\\\/www.4h.se\\\/ersboda\\\/mindfulness-och-getyoga\\\/#breadcrumb\"},\"inLanguage\":\"sv-SE\",\"potentialAction\":[{\"@type\":\"ReadAction\",\"target\":[\"https:\\\/\\\/www.4h.se\\\/ersboda\\\/mindfulness-och-getyoga\\\/\"]}]},{\"@type\":\"BreadcrumbList\",\"@id\":\"https:\\\/\\\/www.4h.se\\\/ersboda\\\/mindfulness-och-getyoga\\\/#breadcrumb\",\"itemListElement\":[{\"@type\":\"ListItem\",\"position\":1,\"name\":\"Hem\",\"item\":\"https:\\\/\\\/www.4h.se\\\/ersboda\\\/\"},{\"@type\":\"ListItem\",\"position\":2,\"name\":\"Mindfulness och Getyoga\"}]},{\"@type\":\"WebSite\",\"@id\":\"https:\\\/\\\/www.4h.se\\\/ersboda\\\/#website\",\"url\":\"https:\\\/\\\/www.4h.se\\\/ersboda\\\/\",\"name\":\"Ersboda 4H-g\u00e5rd\",\"description\":\"\",\"potentialAction\":[{\"@type\":\"SearchAction\",\"target\":{\"@type\":\"EntryPoint\",\"urlTemplate\":\"https:\\\/\\\/www.4h.se\\\/ersboda\\\/?s={search_term_string}\"},\"query-input\":{\"@type\":\"PropertyValueSpecification\",\"valueRequired\":true,\"valueName\":\"search_term_string\"}}],\"inLanguage\":\"sv-SE\"}]}<\/script>\n<!-- \/ Yoast SEO plugin. -->","yoast_head_json":{"title":"Mindfulness och Getyoga - Ersboda 4H-g\u00e5rd","robots":{"index":"index","follow":"follow","max-snippet":"max-snippet:-1","max-image-preview":"max-image-preview:large","max-video-preview":"max-video-preview:-1"},"canonical":"https:\/\/www.4h.se\/ersboda\/mindfulness-och-getyoga\/","og_locale":"sv_SE","og_type":"article","og_title":"Mindfulness och Getyoga - Ersboda 4H-g\u00e5rd","og_description":"[vc_row][vc_column width=&#8221;1\/2&#8243;][vc_single_image image=&#8221;1095&#8243; img_size=&#8221;medium&#8221; css=&#8221;&#8221;][vc_column_text css=&#8221;&#8221;] Mindfulness med v\u00e5ra getter V\u00e4lkomna p\u00e5 en fridfull stund i v\u00e5r gethage d\u00e4r vi f\u00e5r 45min Mindfulness pass ledd av Linda. Datum: &#8211; L\u00f6rdag 23 maj kl.10.00 &#8211; S\u00f6ndag 7 juni kl.15.00 Ta med Yogamatta eller en filt. * Vill ni kan ni f\u00e5 hyra en yogamatta f\u00f6r 50kr&nbsp; &hellip; Read more","og_url":"https:\/\/www.4h.se\/ersboda\/mindfulness-och-getyoga\/","og_site_name":"Ersboda 4H-g\u00e5rd","article_modified_time":"2026-05-13T09:10:49+00:00","twitter_card":"summary_large_image","schema":{"@context":"https:\/\/schema.org","@graph":[{"@type":"WebPage","@id":"https:\/\/www.4h.se\/ersboda\/mindfulness-och-getyoga\/","url":"https:\/\/www.4h.se\/ersboda\/mindfulness-och-getyoga\/","name":"Mindfulness och Getyoga - Ersboda 4H-g\u00e5rd","isPartOf":{"@id":"https:\/\/www.4h.se\/ersboda\/#website"},"datePublished":"2026-05-13T07:21:25+00:00","dateModified":"2026-05-13T09:10:49+00:00","breadcrumb":{"@id":"https:\/\/www.4h.se\/ersboda\/mindfulness-och-getyoga\/#breadcrumb"},"inLanguage":"sv-SE","potentialAction":[{"@type":"ReadAction","target":["https:\/\/www.4h.se\/ersboda\/mindfulness-och-getyoga\/"]}]},{"@type":"BreadcrumbList","@id":"https:\/\/www.4h.se\/ersboda\/mindfulness-och-getyoga\/#breadcrumb","itemListElement":[{"@type":"ListItem","position":1,"name":"Hem","item":"https:\/\/www.4h.se\/ersboda\/"},{"@type":"ListItem","position":2,"name":"Mindfulness och Getyoga"}]},{"@type":"WebSite","@id":"https:\/\/www.4h.se\/ersboda\/#website","url":"https:\/\/www.4h.se\/ersboda\/","name":"Ersboda 4H-g\u00e5rd","description":"","potentialAction":[{"@type":"SearchAction","target":{"@type":"EntryPoint","urlTemplate":"https:\/\/www.4h.se\/ersboda\/?s={search_term_string}"},"query-input":{"@type":"PropertyValueSpecification","valueRequired":true,"valueName":"search_term_string"}}],"inLanguage":"sv-SE"}]}},"_links":{"self":[{"href":"https:\/\/www.4h.se\/ersboda\/wp-json\/wp\/v2\/pages\/1093","targetHints":{"allow":["GET"]}}],"collection":[{"href":"https:\/\/www.4h.se\/ersboda\/wp-json\/wp\/v2\/pages"}],"about":[{"href":"https:\/\/www.4h.se\/ersboda\/wp-json\/wp\/v2\/types\/page"}],"author":[{"embeddable":true,"href":"https:\/\/www.4h.se\/ersboda\/wp-json\/wp\/v2\/users\/256"}],"replies":[{"embeddable":true,"href":"https:\/\/www.4h.se\/ersboda\/wp-json\/wp\/v2\/comments?post=1093"}],"version-history":[{"count":0,"href":"https:\/\/www.4h.se\/ersboda\/wp-json\/wp\/v2\/pages\/1093\/revisions"}],"wp:attachment":[{"href":"https:\/\/www.4h.se\/ersboda\/wp-json\/wp\/v2\/media?parent=1093"}],"curies":[{"name":"wp","href":"https:\/\/api.w.org\/{rel}","templated":true}]}}