



{"id":1081,"date":"2026-02-28T16:39:03","date_gmt":"2026-02-28T15:39:03","guid":{"rendered":"https:\/\/www.4h.se\/ersboda\/?page_id=1081"},"modified":"2026-03-02T17:53:31","modified_gmt":"2026-03-02T16:53:31","slug":"vara-grisar","status":"publish","type":"page","link":"https:\/\/www.4h.se\/ersboda\/djuren\/vara-grisar\/","title":{"rendered":"Grisar"},"content":{"rendered":"<div class=\"wpb-content-wrapper\"><p>[vc_row][vc_column][vc_column_text css=&#8221;&#8221;]<\/p>\n<h1 style=\"text-align: center\">Minigrisar<\/h1>\n<p>Hos oss tr\u00e4ffar ni minigrisarna Bosse och Casper. Pojkarna \u00e4r f\u00f6dda under h\u00f6sten 2024.<\/p>\n<address>P\u00e5 sommarhalv\u00e5ret g\u00e5r grisarna ute i hagen men n\u00e4r det \u00e4r h\u00f6st, vinter och i b\u00f6rjan p\u00e5 v\u00e5ren tycker grisarna att det \u00e4r f\u00f6r kallt s\u00e5 d\u00e5 ligger de hellre i stallet och myser i halmen. Under kalla perioden g\u00e5r de bara ut p\u00e5 kortare promenader precis utanf\u00f6r stallet.<\/address>\n<h4>Snabb fakta om grisar<\/h4>\n<p>Mamma gris kallas f\u00f6r So eller Sugga. Pappa gris kallas f\u00f6r Galt. Grisens barn kallas f\u00f6r kulting.<\/p>\n<p>Grisar \u00e4r v\u00e4ldigt renliga djur. De sover p\u00e5 ett st\u00e4lle och bajsar och kissar p\u00e5 ett annat st\u00e4lle.<\/p>\n<p>De rullar sig inte i lera f\u00f6r att de vill bli skitiga utan f\u00f6r att skydda sig fr\u00e5n sol och insekter. Leran \u00e4r \u00e4ven svalkande vilket \u00e4r v\u00e4ldigt viktigt eftersom grisar bara kan svettas genom trynet. S\u00e5 om grisen \u00e4r bl\u00f6t om trynet \u00e4r det inte f\u00f6r att den \u00e4r f\u00f6rkyld utan f\u00f6r att den svettas.<\/p>\n<p>Grisar \u00e4r mycket intelligenta djur, de \u00e4r l\u00e4ttl\u00e4rda och g\u00e5r att l\u00e4ra trix precis som en hund! &nbsp;Precis som hunden kan \u00e4ven grisen jobba med polisen, det finns n\u00e4mligen polisgrisar. De hj\u00e4lper polisen att leta reda p\u00e5 narkotika! P\u00e5 cirkus kan det finnas grisar som &nbsp;t.ex. kan vinka, dansa och balansera p\u00e5 bollar.<\/p>\n<p>&nbsp;[\/vc_column_text][\/vc_column][\/vc_row][vc_row][vc_column][vc_gallery type=&#8221;image_grid&#8221; images=&#8221;1087,1085&#8243; img_size=&#8221;medium&#8221; css=&#8221;&#8221;][\/vc_column][\/vc_row]<\/p>\n<\/div>","protected":false},"excerpt":{"rendered":"<p>[vc_row][vc_column][vc_column_text css=&#8221;&#8221;] Minigrisar Hos oss tr\u00e4ffar ni minigrisarna Bosse och Casper. Pojkarna \u00e4r f\u00f6dda under h\u00f6sten 2024. P\u00e5 sommarhalv\u00e5ret g\u00e5r grisarna ute i hagen men n\u00e4r det \u00e4r h\u00f6st, vinter och i b\u00f6rjan p\u00e5 v\u00e5ren tycker grisarna att det \u00e4r f\u00f6r kallt s\u00e5 d\u00e5 ligger de hellre i stallet och myser i halmen. Under kalla&nbsp; <a href=\"https:\/\/www.4h.se\/ersboda\/djuren\/vara-grisar\/\">&hellip; Read more <i class=\"glyphicon glyphicon-arrow-right\"><\/i><\/a><\/p>\n","protected":false},"author":256,"featured_media":0,"parent":491,"menu_order":0,"comment_status":"closed","ping_status":"closed","template":"","meta":{"_acf_changed":false,"footnotes":""},"class_list":["post-1081","page","type-page","status-publish","hentry"],"acf":[],"yoast_head":"<!-- This site is optimized with the Yoast SEO plugin v27.5 - https:\/\/yoast.com\/product\/yoast-seo-wordpress\/ -->\n<title>Grisar - Ersboda 4H-g\u00e5rd<\/title>\n<meta name=\"robots\" content=\"index, follow, max-snippet:-1, max-image-preview:large, max-video-preview:-1\" \/>\n<link rel=\"canonical\" href=\"https:\/\/www.4h.se\/ersboda\/djuren\/vara-grisar\/\" \/>\n<meta property=\"og:locale\" content=\"sv_SE\" \/>\n<meta property=\"og:type\" content=\"article\" \/>\n<meta property=\"og:title\" content=\"Grisar - Ersboda 4H-g\u00e5rd\" \/>\n<meta property=\"og:description\" content=\"[vc_row][vc_column][vc_column_text css=&#8221;&#8221;] Minigrisar Hos oss tr\u00e4ffar ni minigrisarna Bosse och Casper. Pojkarna \u00e4r f\u00f6dda under h\u00f6sten 2024. P\u00e5 sommarhalv\u00e5ret g\u00e5r grisarna ute i hagen men n\u00e4r det \u00e4r h\u00f6st, vinter och i b\u00f6rjan p\u00e5 v\u00e5ren tycker grisarna att det \u00e4r f\u00f6r kallt s\u00e5 d\u00e5 ligger de hellre i stallet och myser i halmen. Under kalla&nbsp; &hellip; Read more\" \/>\n<meta property=\"og:url\" content=\"https:\/\/www.4h.se\/ersboda\/djuren\/vara-grisar\/\" \/>\n<meta property=\"og:site_name\" content=\"Ersboda 4H-g\u00e5rd\" \/>\n<meta property=\"article:modified_time\" content=\"2026-03-02T16:53:31+00:00\" \/>\n<meta name=\"twitter:card\" content=\"summary_large_image\" \/>\n<script type=\"application\/ld+json\" class=\"yoast-schema-graph\">{\"@context\":\"https:\\\/\\\/schema.org\",\"@graph\":[{\"@type\":\"WebPage\",\"@id\":\"https:\\\/\\\/www.4h.se\\\/ersboda\\\/djuren\\\/vara-grisar\\\/\",\"url\":\"https:\\\/\\\/www.4h.se\\\/ersboda\\\/djuren\\\/vara-grisar\\\/\",\"name\":\"Grisar - Ersboda 4H-g\u00e5rd\",\"isPartOf\":{\"@id\":\"https:\\\/\\\/www.4h.se\\\/ersboda\\\/#website\"},\"datePublished\":\"2026-02-28T15:39:03+00:00\",\"dateModified\":\"2026-03-02T16:53:31+00:00\",\"breadcrumb\":{\"@id\":\"https:\\\/\\\/www.4h.se\\\/ersboda\\\/djuren\\\/vara-grisar\\\/#breadcrumb\"},\"inLanguage\":\"sv-SE\",\"potentialAction\":[{\"@type\":\"ReadAction\",\"target\":[\"https:\\\/\\\/www.4h.se\\\/ersboda\\\/djuren\\\/vara-grisar\\\/\"]}]},{\"@type\":\"BreadcrumbList\",\"@id\":\"https:\\\/\\\/www.4h.se\\\/ersboda\\\/djuren\\\/vara-grisar\\\/#breadcrumb\",\"itemListElement\":[{\"@type\":\"ListItem\",\"position\":1,\"name\":\"Hem\",\"item\":\"https:\\\/\\\/www.4h.se\\\/ersboda\\\/\"},{\"@type\":\"ListItem\",\"position\":2,\"name\":\"Djuren\",\"item\":\"https:\\\/\\\/www.4h.se\\\/ersboda\\\/djuren\\\/\"},{\"@type\":\"ListItem\",\"position\":3,\"name\":\"Grisar\"}]},{\"@type\":\"WebSite\",\"@id\":\"https:\\\/\\\/www.4h.se\\\/ersboda\\\/#website\",\"url\":\"https:\\\/\\\/www.4h.se\\\/ersboda\\\/\",\"name\":\"Ersboda 4H-g\u00e5rd\",\"description\":\"\",\"potentialAction\":[{\"@type\":\"SearchAction\",\"target\":{\"@type\":\"EntryPoint\",\"urlTemplate\":\"https:\\\/\\\/www.4h.se\\\/ersboda\\\/?s={search_term_string}\"},\"query-input\":{\"@type\":\"PropertyValueSpecification\",\"valueRequired\":true,\"valueName\":\"search_term_string\"}}],\"inLanguage\":\"sv-SE\"}]}<\/script>\n<!-- \/ Yoast SEO plugin. -->","yoast_head_json":{"title":"Grisar - Ersboda 4H-g\u00e5rd","robots":{"index":"index","follow":"follow","max-snippet":"max-snippet:-1","max-image-preview":"max-image-preview:large","max-video-preview":"max-video-preview:-1"},"canonical":"https:\/\/www.4h.se\/ersboda\/djuren\/vara-grisar\/","og_locale":"sv_SE","og_type":"article","og_title":"Grisar - Ersboda 4H-g\u00e5rd","og_description":"[vc_row][vc_column][vc_column_text css=&#8221;&#8221;] Minigrisar Hos oss tr\u00e4ffar ni minigrisarna Bosse och Casper. Pojkarna \u00e4r f\u00f6dda under h\u00f6sten 2024. P\u00e5 sommarhalv\u00e5ret g\u00e5r grisarna ute i hagen men n\u00e4r det \u00e4r h\u00f6st, vinter och i b\u00f6rjan p\u00e5 v\u00e5ren tycker grisarna att det \u00e4r f\u00f6r kallt s\u00e5 d\u00e5 ligger de hellre i stallet och myser i halmen. Under kalla&nbsp; &hellip; Read more","og_url":"https:\/\/www.4h.se\/ersboda\/djuren\/vara-grisar\/","og_site_name":"Ersboda 4H-g\u00e5rd","article_modified_time":"2026-03-02T16:53:31+00:00","twitter_card":"summary_large_image","schema":{"@context":"https:\/\/schema.org","@graph":[{"@type":"WebPage","@id":"https:\/\/www.4h.se\/ersboda\/djuren\/vara-grisar\/","url":"https:\/\/www.4h.se\/ersboda\/djuren\/vara-grisar\/","name":"Grisar - Ersboda 4H-g\u00e5rd","isPartOf":{"@id":"https:\/\/www.4h.se\/ersboda\/#website"},"datePublished":"2026-02-28T15:39:03+00:00","dateModified":"2026-03-02T16:53:31+00:00","breadcrumb":{"@id":"https:\/\/www.4h.se\/ersboda\/djuren\/vara-grisar\/#breadcrumb"},"inLanguage":"sv-SE","potentialAction":[{"@type":"ReadAction","target":["https:\/\/www.4h.se\/ersboda\/djuren\/vara-grisar\/"]}]},{"@type":"BreadcrumbList","@id":"https:\/\/www.4h.se\/ersboda\/djuren\/vara-grisar\/#breadcrumb","itemListElement":[{"@type":"ListItem","position":1,"name":"Hem","item":"https:\/\/www.4h.se\/ersboda\/"},{"@type":"ListItem","position":2,"name":"Djuren","item":"https:\/\/www.4h.se\/ersboda\/djuren\/"},{"@type":"ListItem","position":3,"name":"Grisar"}]},{"@type":"WebSite","@id":"https:\/\/www.4h.se\/ersboda\/#website","url":"https:\/\/www.4h.se\/ersboda\/","name":"Ersboda 4H-g\u00e5rd","description":"","potentialAction":[{"@type":"SearchAction","target":{"@type":"EntryPoint","urlTemplate":"https:\/\/www.4h.se\/ersboda\/?s={search_term_string}"},"query-input":{"@type":"PropertyValueSpecification","valueRequired":true,"valueName":"search_term_string"}}],"inLanguage":"sv-SE"}]}},"_links":{"self":[{"href":"https:\/\/www.4h.se\/ersboda\/wp-json\/wp\/v2\/pages\/1081","targetHints":{"allow":["GET"]}}],"collection":[{"href":"https:\/\/www.4h.se\/ersboda\/wp-json\/wp\/v2\/pages"}],"about":[{"href":"https:\/\/www.4h.se\/ersboda\/wp-json\/wp\/v2\/types\/page"}],"author":[{"embeddable":true,"href":"https:\/\/www.4h.se\/ersboda\/wp-json\/wp\/v2\/users\/256"}],"replies":[{"embeddable":true,"href":"https:\/\/www.4h.se\/ersboda\/wp-json\/wp\/v2\/comments?post=1081"}],"version-history":[{"count":0,"href":"https:\/\/www.4h.se\/ersboda\/wp-json\/wp\/v2\/pages\/1081\/revisions"}],"up":[{"embeddable":true,"href":"https:\/\/www.4h.se\/ersboda\/wp-json\/wp\/v2\/pages\/491"}],"wp:attachment":[{"href":"https:\/\/www.4h.se\/ersboda\/wp-json\/wp\/v2\/media?parent=1081"}],"curies":[{"name":"wp","href":"https:\/\/api.w.org\/{rel}","templated":true}]}}