



{"id":937,"date":"2019-07-29T15:43:57","date_gmt":"2019-07-29T13:43:57","guid":{"rendered":"http:\/\/www.4h.se\/eolshall\/?page_id=937"},"modified":"2025-02-03T21:27:42","modified_gmt":"2025-02-03T20:27:42","slug":"farflock","status":"publish","type":"page","link":"https:\/\/www.4h.se\/eolshall\/farflock\/","title":{"rendered":"f\u00e5rflock"},"content":{"rendered":"<div class=\"wpb-content-wrapper\"><p>[vc_row][vc_column][vc_column_text]<\/p>\n<h4><span style=\"color: #808080\">Vi v\u00e4lkomnar v\u00e5r nya f\u00e5rflock!\u00a0<\/span><\/h4>\n<p>V\u00e5ra V\u00e4rml\u00e4ndska skogsf\u00e5r har f\u00e5tt flytta och vi har f\u00e5tt en ny f\u00e5rflock av rasen Gestrikef\u00e5r.<\/p>\n<p>De \u00e4r lite mindre \u00e4n de V\u00e4rml\u00e4ndska skogsf\u00e5ren och kan f\u00f6rekomma b\u00e5de med eller utan horn. F\u00e5ren i hagen \u00e4r alla tackor och fjol\u00e5rslamm.<\/p>\n<p>De h\u00e5ller just nu p\u00e5 att v\u00e4nja sig med sin omgivning och vi hoppas de kommer trivas p\u00e5 g\u00e5rden.<\/p>\n<p>&nbsp;<\/p>\n<p><a href=\"http:\/\/www.4h.se\/eolshall\/wp-content\/uploads\/sites\/112\/2019\/07\/Resized_20190723_210636.jpg\"><img loading=\"lazy\" decoding=\"async\" class=\"alignnone size-medium wp-image-941\" src=\"http:\/\/www.4h.se\/eolshall\/wp-content\/uploads\/sites\/112\/2019\/07\/Resized_20190723_210636-274x300.jpg\" alt=\"Resized_20190723_210636\" width=\"274\" height=\"300\" srcset=\"https:\/\/www.4h.se\/eolshall\/wp-content\/uploads\/sites\/112\/2019\/07\/Resized_20190723_210636-274x300.jpg 274w, https:\/\/www.4h.se\/eolshall\/wp-content\/uploads\/sites\/112\/2019\/07\/Resized_20190723_210636-137x150.jpg 137w, https:\/\/www.4h.se\/eolshall\/wp-content\/uploads\/sites\/112\/2019\/07\/Resized_20190723_210636.jpg 751w\" sizes=\"auto, (max-width: 274px) 100vw, 274px\" \/><\/a>[\/vc_column_text][\/vc_column][\/vc_row]<\/p>\n<\/div>","protected":false},"excerpt":{"rendered":"<p>[vc_row][vc_column][vc_column_text] Vi v\u00e4lkomnar v\u00e5r nya f\u00e5rflock!\u00a0 V\u00e5ra V\u00e4rml\u00e4ndska skogsf\u00e5r har f\u00e5tt flytta och vi har f\u00e5tt en ny f\u00e5rflock av rasen Gestrikef\u00e5r. De \u00e4r lite mindre \u00e4n de V\u00e4rml\u00e4ndska skogsf\u00e5ren och kan f\u00f6rekomma b\u00e5de med eller utan horn. F\u00e5ren i hagen \u00e4r alla tackor och fjol\u00e5rslamm. De h\u00e5ller just nu p\u00e5 att v\u00e4nja sig med&nbsp; <a href=\"https:\/\/www.4h.se\/eolshall\/farflock\/\">&hellip; Read more <i class=\"glyphicon glyphicon-arrow-right\"><\/i><\/a><\/p>\n","protected":false},"author":163,"featured_media":0,"parent":0,"menu_order":166,"comment_status":"closed","ping_status":"closed","template":"","meta":{"_acf_changed":false,"footnotes":""},"class_list":["post-937","page","type-page","status-publish","hentry"],"acf":[],"yoast_head":"<!-- This site is optimized with the Yoast SEO plugin v27.5 - https:\/\/yoast.com\/product\/yoast-seo-wordpress\/ -->\n<title>f\u00e5rflock - Eolsh\u00e4lls 4H-g\u00e5rd<\/title>\n<meta name=\"robots\" content=\"index, follow, max-snippet:-1, max-image-preview:large, max-video-preview:-1\" \/>\n<link rel=\"canonical\" href=\"https:\/\/www.4h.se\/eolshall\/farflock\/\" \/>\n<meta property=\"og:locale\" content=\"sv_SE\" \/>\n<meta property=\"og:type\" content=\"article\" \/>\n<meta property=\"og:title\" content=\"f\u00e5rflock - Eolsh\u00e4lls 4H-g\u00e5rd\" \/>\n<meta property=\"og:description\" content=\"[vc_row][vc_column][vc_column_text] Vi v\u00e4lkomnar v\u00e5r nya f\u00e5rflock!\u00a0 V\u00e5ra V\u00e4rml\u00e4ndska skogsf\u00e5r har f\u00e5tt flytta och vi har f\u00e5tt en ny f\u00e5rflock av rasen Gestrikef\u00e5r. De \u00e4r lite mindre \u00e4n de V\u00e4rml\u00e4ndska skogsf\u00e5ren och kan f\u00f6rekomma b\u00e5de med eller utan horn. F\u00e5ren i hagen \u00e4r alla tackor och fjol\u00e5rslamm. De h\u00e5ller just nu p\u00e5 att v\u00e4nja sig med&nbsp; &hellip; Read more\" \/>\n<meta property=\"og:url\" content=\"https:\/\/www.4h.se\/eolshall\/farflock\/\" \/>\n<meta property=\"og:site_name\" content=\"Eolsh\u00e4lls 4H-g\u00e5rd\" \/>\n<meta property=\"article:modified_time\" content=\"2025-02-03T20:27:42+00:00\" \/>\n<meta property=\"og:image\" content=\"http:\/\/www.4h.se\/eolshall\/wp-content\/uploads\/sites\/112\/2019\/07\/Resized_20190723_210636-274x300.jpg\" \/>\n<meta name=\"twitter:card\" content=\"summary_large_image\" \/>\n<meta name=\"twitter:label1\" content=\"Ber\u00e4knad l\u00e4stid\" \/>\n\t<meta name=\"twitter:data1\" content=\"1 minut\" \/>\n<script type=\"application\/ld+json\" class=\"yoast-schema-graph\">{\"@context\":\"https:\\\/\\\/schema.org\",\"@graph\":[{\"@type\":\"WebPage\",\"@id\":\"https:\\\/\\\/www.4h.se\\\/eolshall\\\/farflock\\\/\",\"url\":\"https:\\\/\\\/www.4h.se\\\/eolshall\\\/farflock\\\/\",\"name\":\"f\u00e5rflock - Eolsh\u00e4lls 4H-g\u00e5rd\",\"isPartOf\":{\"@id\":\"https:\\\/\\\/www.4h.se\\\/eolshall\\\/#website\"},\"primaryImageOfPage\":{\"@id\":\"https:\\\/\\\/www.4h.se\\\/eolshall\\\/farflock\\\/#primaryimage\"},\"image\":{\"@id\":\"https:\\\/\\\/www.4h.se\\\/eolshall\\\/farflock\\\/#primaryimage\"},\"thumbnailUrl\":\"http:\\\/\\\/www.4h.se\\\/eolshall\\\/wp-content\\\/uploads\\\/sites\\\/112\\\/2019\\\/07\\\/Resized_20190723_210636-274x300.jpg\",\"datePublished\":\"2019-07-29T13:43:57+00:00\",\"dateModified\":\"2025-02-03T20:27:42+00:00\",\"breadcrumb\":{\"@id\":\"https:\\\/\\\/www.4h.se\\\/eolshall\\\/farflock\\\/#breadcrumb\"},\"inLanguage\":\"sv-SE\",\"potentialAction\":[{\"@type\":\"ReadAction\",\"target\":[\"https:\\\/\\\/www.4h.se\\\/eolshall\\\/farflock\\\/\"]}]},{\"@type\":\"ImageObject\",\"inLanguage\":\"sv-SE\",\"@id\":\"https:\\\/\\\/www.4h.se\\\/eolshall\\\/farflock\\\/#primaryimage\",\"url\":\"http:\\\/\\\/www.4h.se\\\/eolshall\\\/wp-content\\\/uploads\\\/sites\\\/112\\\/2019\\\/07\\\/Resized_20190723_210636-274x300.jpg\",\"contentUrl\":\"http:\\\/\\\/www.4h.se\\\/eolshall\\\/wp-content\\\/uploads\\\/sites\\\/112\\\/2019\\\/07\\\/Resized_20190723_210636-274x300.jpg\"},{\"@type\":\"BreadcrumbList\",\"@id\":\"https:\\\/\\\/www.4h.se\\\/eolshall\\\/farflock\\\/#breadcrumb\",\"itemListElement\":[{\"@type\":\"ListItem\",\"position\":1,\"name\":\"Hem\",\"item\":\"https:\\\/\\\/www.4h.se\\\/eolshall\\\/\"},{\"@type\":\"ListItem\",\"position\":2,\"name\":\"f\u00e5rflock\"}]},{\"@type\":\"WebSite\",\"@id\":\"https:\\\/\\\/www.4h.se\\\/eolshall\\\/#website\",\"url\":\"https:\\\/\\\/www.4h.se\\\/eolshall\\\/\",\"name\":\"Eolsh\u00e4lls 4H-g\u00e5rd\",\"description\":\"\",\"potentialAction\":[{\"@type\":\"SearchAction\",\"target\":{\"@type\":\"EntryPoint\",\"urlTemplate\":\"https:\\\/\\\/www.4h.se\\\/eolshall\\\/?s={search_term_string}\"},\"query-input\":{\"@type\":\"PropertyValueSpecification\",\"valueRequired\":true,\"valueName\":\"search_term_string\"}}],\"inLanguage\":\"sv-SE\"}]}<\/script>\n<!-- \/ Yoast SEO plugin. -->","yoast_head_json":{"title":"f\u00e5rflock - Eolsh\u00e4lls 4H-g\u00e5rd","robots":{"index":"index","follow":"follow","max-snippet":"max-snippet:-1","max-image-preview":"max-image-preview:large","max-video-preview":"max-video-preview:-1"},"canonical":"https:\/\/www.4h.se\/eolshall\/farflock\/","og_locale":"sv_SE","og_type":"article","og_title":"f\u00e5rflock - Eolsh\u00e4lls 4H-g\u00e5rd","og_description":"[vc_row][vc_column][vc_column_text] Vi v\u00e4lkomnar v\u00e5r nya f\u00e5rflock!\u00a0 V\u00e5ra V\u00e4rml\u00e4ndska skogsf\u00e5r har f\u00e5tt flytta och vi har f\u00e5tt en ny f\u00e5rflock av rasen Gestrikef\u00e5r. De \u00e4r lite mindre \u00e4n de V\u00e4rml\u00e4ndska skogsf\u00e5ren och kan f\u00f6rekomma b\u00e5de med eller utan horn. F\u00e5ren i hagen \u00e4r alla tackor och fjol\u00e5rslamm. De h\u00e5ller just nu p\u00e5 att v\u00e4nja sig med&nbsp; &hellip; Read more","og_url":"https:\/\/www.4h.se\/eolshall\/farflock\/","og_site_name":"Eolsh\u00e4lls 4H-g\u00e5rd","article_modified_time":"2025-02-03T20:27:42+00:00","og_image":[{"url":"http:\/\/www.4h.se\/eolshall\/wp-content\/uploads\/sites\/112\/2019\/07\/Resized_20190723_210636-274x300.jpg","type":"","width":"","height":""}],"twitter_card":"summary_large_image","twitter_misc":{"Ber\u00e4knad l\u00e4stid":"1 minut"},"schema":{"@context":"https:\/\/schema.org","@graph":[{"@type":"WebPage","@id":"https:\/\/www.4h.se\/eolshall\/farflock\/","url":"https:\/\/www.4h.se\/eolshall\/farflock\/","name":"f\u00e5rflock - Eolsh\u00e4lls 4H-g\u00e5rd","isPartOf":{"@id":"https:\/\/www.4h.se\/eolshall\/#website"},"primaryImageOfPage":{"@id":"https:\/\/www.4h.se\/eolshall\/farflock\/#primaryimage"},"image":{"@id":"https:\/\/www.4h.se\/eolshall\/farflock\/#primaryimage"},"thumbnailUrl":"http:\/\/www.4h.se\/eolshall\/wp-content\/uploads\/sites\/112\/2019\/07\/Resized_20190723_210636-274x300.jpg","datePublished":"2019-07-29T13:43:57+00:00","dateModified":"2025-02-03T20:27:42+00:00","breadcrumb":{"@id":"https:\/\/www.4h.se\/eolshall\/farflock\/#breadcrumb"},"inLanguage":"sv-SE","potentialAction":[{"@type":"ReadAction","target":["https:\/\/www.4h.se\/eolshall\/farflock\/"]}]},{"@type":"ImageObject","inLanguage":"sv-SE","@id":"https:\/\/www.4h.se\/eolshall\/farflock\/#primaryimage","url":"http:\/\/www.4h.se\/eolshall\/wp-content\/uploads\/sites\/112\/2019\/07\/Resized_20190723_210636-274x300.jpg","contentUrl":"http:\/\/www.4h.se\/eolshall\/wp-content\/uploads\/sites\/112\/2019\/07\/Resized_20190723_210636-274x300.jpg"},{"@type":"BreadcrumbList","@id":"https:\/\/www.4h.se\/eolshall\/farflock\/#breadcrumb","itemListElement":[{"@type":"ListItem","position":1,"name":"Hem","item":"https:\/\/www.4h.se\/eolshall\/"},{"@type":"ListItem","position":2,"name":"f\u00e5rflock"}]},{"@type":"WebSite","@id":"https:\/\/www.4h.se\/eolshall\/#website","url":"https:\/\/www.4h.se\/eolshall\/","name":"Eolsh\u00e4lls 4H-g\u00e5rd","description":"","potentialAction":[{"@type":"SearchAction","target":{"@type":"EntryPoint","urlTemplate":"https:\/\/www.4h.se\/eolshall\/?s={search_term_string}"},"query-input":{"@type":"PropertyValueSpecification","valueRequired":true,"valueName":"search_term_string"}}],"inLanguage":"sv-SE"}]}},"_links":{"self":[{"href":"https:\/\/www.4h.se\/eolshall\/wp-json\/wp\/v2\/pages\/937","targetHints":{"allow":["GET"]}}],"collection":[{"href":"https:\/\/www.4h.se\/eolshall\/wp-json\/wp\/v2\/pages"}],"about":[{"href":"https:\/\/www.4h.se\/eolshall\/wp-json\/wp\/v2\/types\/page"}],"author":[{"embeddable":true,"href":"https:\/\/www.4h.se\/eolshall\/wp-json\/wp\/v2\/users\/163"}],"replies":[{"embeddable":true,"href":"https:\/\/www.4h.se\/eolshall\/wp-json\/wp\/v2\/comments?post=937"}],"version-history":[{"count":0,"href":"https:\/\/www.4h.se\/eolshall\/wp-json\/wp\/v2\/pages\/937\/revisions"}],"wp:attachment":[{"href":"https:\/\/www.4h.se\/eolshall\/wp-json\/wp\/v2\/media?parent=937"}],"curies":[{"name":"wp","href":"https:\/\/api.w.org\/{rel}","templated":true}]}}