



{"id":615,"date":"2019-03-26T07:43:33","date_gmt":"2019-03-26T06:43:33","guid":{"rendered":"http:\/\/www.4h.se\/eolshall\/?page_id=615"},"modified":"2025-12-29T14:08:48","modified_gmt":"2025-12-29T13:08:48","slug":"tradgard","status":"publish","type":"page","link":"https:\/\/www.4h.se\/eolshall\/tradgard\/","title":{"rendered":"Tr\u00e4dg\u00e5rd"},"content":{"rendered":"<div class=\"wpb-content-wrapper\"><p>[vc_row content_placement=&#8221;top&#8221;][vc_column][vc_column_text css=&#8221;.vc_custom_1767013666379{background-position: 0 0 !important;background-repeat: repeat !important;}&#8221;]<\/p>\n<h1>Eolsh\u00e4lls tr\u00e4dg\u00e5rd<\/h1>\n<p>Eolsh\u00e4lls ekologiska tr\u00e4dg\u00e5rdar sk\u00f6ts av v\u00e5r volont\u00e4rgrupp. Vi odlar alltifr\u00e5n gr\u00f6nsaker till blommor, vilket vi sedan s\u00e4ljer i v\u00e5r <span style=\"color: #00693f;\"><a style=\"color: #00693f;\" href=\"https:\/\/www.4h.se\/eolshall\/gardsbutik\/\">g\u00e5rdsbutik<\/a><\/span>. Vi fokuserar p\u00e5 att bevara biologisk m\u00e5ngfald och kulturarv. G\u00e5rden st\u00e5r f\u00f6r alla kostnader. Gruppen ses ofta p\u00e5 helger och har h\u00e4rliga dagar tillsammans. Ingen f\u00f6rkunskap kr\u00e4vs utan vi l\u00e4r oss av varandra!<\/p>\n<p>&nbsp;<\/p>\n<h4>Vill du g\u00e5 med i Tr\u00e4dg\u00e5rdsgruppen?<\/h4>\n<p>Vi ser g\u00e4rna att ni g\u00e5r kursen Odlings\u00e5ret f\u00f6rst, men om kursen inte g\u00e5r kan ni mejla intresse till <span style=\"color: #00693f;\"><a style=\"color: #00693f;\" href=\"mailto:eolshall@4h.se\"><span style=\"color: #339966;\">eolshall@4h.se<\/span> <\/a><\/span>eller<span style=\"color: #339966;\"> <a style=\"color: #339966;\" href=\"https:\/\/www.instagram.com\/eolshallskokstradgard\/\">skriv till volont\u00e4rerna direkt via deras Instagram<\/a><\/span><\/p>\n<p>&nbsp;<\/p>\n<h4>kurser i tr\u00e4dg\u00e5rden f\u00f6r stora och sm\u00e5<\/h4>\n<p>Vill du l\u00e4ra dig mer om odling fr\u00e5n v\u00e5rt tr\u00e4dg\u00e5rdsproffs Katarina Hildingsdotter? D\u00e5 rekommenderar vi att g\u00e5 kursen Odlings\u00e5ret som ni hittar ni p\u00e5<span style=\"color: #339966;\"> <a style=\"color: #339966;\" href=\"https:\/\/www.antribe.com\/org\/4h\/eolshalls-4h\/event\">v\u00e5r medlemssida Antribe.com<\/a><a style=\"color: #339966;\" href=\"https:\/\/www.antribe.com\/org\/4h\/eolshalls-4h\/event\"><span style=\"color: #339966;\">&nbsp;<\/span><\/a><\/span>n\u00e4r den g\u00e5r (oftast p\u00e5 v\u00e5ren).<\/p>\n<p>Katarina har \u00e4ven en uppskattad kurs f\u00f6r barn 3-6 \u00e5r som heter P\u00e5 uppt\u00e4cktsf\u00e4rd i tr\u00e4dg\u00e5rden. <span style=\"color: #008000;\"><span style=\"color: #000000;\">Den hittar ni ocks\u00e5<\/span> <span style=\"color: #339966;\"><a style=\"color: #339966;\" href=\"https:\/\/www.antribe.com\/org\/4h\/eolshalls-4h\/event\">via v\u00e5r medlemssida Antribe.<\/a><\/span><\/span><\/p>\n<p>V\u00e4lkomna till tr\u00e4dg\u00e5rden![\/vc_column_text][\/vc_column][\/vc_row][vc_row][vc_column width=&#8221;1\/4&#8243;][vc_single_image image=&#8221;668&#8243; img_size=&#8221;300&#215;300&#8243; style=&#8221;vc_box_circle_2&#8243; css=&#8221;&#8221;][\/vc_column][vc_column width=&#8221;1\/4&#8243;][vc_single_image image=&#8221;670&#8243; img_size=&#8221;300&#215;300&#8243; style=&#8221;vc_box_circle_2&#8243; css=&#8221;&#8221;][\/vc_column][vc_column width=&#8221;1\/4&#8243;][vc_single_image image=&#8221;664&#8243; img_size=&#8221;300&#215;300&#8243; style=&#8221;vc_box_circle_2&#8243; css=&#8221;&#8221;][\/vc_column][vc_column width=&#8221;1\/4&#8243;][vc_single_image image=&#8221;705&#8243; img_size=&#8221;300&#215;300&#8243; style=&#8221;vc_box_circle_2&#8243; css=&#8221;&#8221;][\/vc_column][\/vc_row]<\/p>\n<\/div>","protected":false},"excerpt":{"rendered":"<p>[vc_row content_placement=&#8221;top&#8221;][vc_column][vc_column_text css=&#8221;.vc_custom_1767013666379{background-position: 0 0 !important;background-repeat: repeat !important;}&#8221;] Eolsh\u00e4lls tr\u00e4dg\u00e5rd Eolsh\u00e4lls ekologiska tr\u00e4dg\u00e5rdar sk\u00f6ts av v\u00e5r volont\u00e4rgrupp. Vi odlar alltifr\u00e5n gr\u00f6nsaker till blommor, vilket vi sedan s\u00e4ljer i v\u00e5r g\u00e5rdsbutik. Vi fokuserar p\u00e5 att bevara biologisk m\u00e5ngfald och kulturarv. G\u00e5rden st\u00e5r f\u00f6r alla kostnader. Gruppen ses ofta p\u00e5 helger och har h\u00e4rliga dagar tillsammans. Ingen&nbsp; <a href=\"https:\/\/www.4h.se\/eolshall\/tradgard\/\">&hellip; Read more <i class=\"glyphicon glyphicon-arrow-right\"><\/i><\/a><\/p>\n","protected":false},"author":163,"featured_media":0,"parent":0,"menu_order":127,"comment_status":"closed","ping_status":"closed","template":"","meta":{"_acf_changed":false,"footnotes":""},"class_list":["post-615","page","type-page","status-publish","hentry"],"acf":[],"yoast_head":"<!-- This site is optimized with the Yoast SEO plugin v27.5 - https:\/\/yoast.com\/product\/yoast-seo-wordpress\/ -->\n<title>Tr\u00e4dg\u00e5rd - Eolsh\u00e4lls 4H-g\u00e5rd<\/title>\n<meta name=\"robots\" content=\"index, follow, max-snippet:-1, max-image-preview:large, max-video-preview:-1\" \/>\n<link rel=\"canonical\" href=\"https:\/\/www.4h.se\/eolshall\/tradgard\/\" \/>\n<meta property=\"og:locale\" content=\"sv_SE\" \/>\n<meta property=\"og:type\" content=\"article\" \/>\n<meta property=\"og:title\" content=\"Tr\u00e4dg\u00e5rd - Eolsh\u00e4lls 4H-g\u00e5rd\" \/>\n<meta property=\"og:description\" content=\"[vc_row content_placement=&#8221;top&#8221;][vc_column][vc_column_text css=&#8221;.vc_custom_1767013666379{background-position: 0 0 !important;background-repeat: repeat !important;}&#8221;] Eolsh\u00e4lls tr\u00e4dg\u00e5rd Eolsh\u00e4lls ekologiska tr\u00e4dg\u00e5rdar sk\u00f6ts av v\u00e5r volont\u00e4rgrupp. Vi odlar alltifr\u00e5n gr\u00f6nsaker till blommor, vilket vi sedan s\u00e4ljer i v\u00e5r g\u00e5rdsbutik. Vi fokuserar p\u00e5 att bevara biologisk m\u00e5ngfald och kulturarv. G\u00e5rden st\u00e5r f\u00f6r alla kostnader. Gruppen ses ofta p\u00e5 helger och har h\u00e4rliga dagar tillsammans. Ingen&nbsp; &hellip; Read more\" \/>\n<meta property=\"og:url\" content=\"https:\/\/www.4h.se\/eolshall\/tradgard\/\" \/>\n<meta property=\"og:site_name\" content=\"Eolsh\u00e4lls 4H-g\u00e5rd\" \/>\n<meta property=\"article:modified_time\" content=\"2025-12-29T13:08:48+00:00\" \/>\n<meta name=\"twitter:card\" content=\"summary_large_image\" \/>\n<meta name=\"twitter:label1\" content=\"Ber\u00e4knad l\u00e4stid\" \/>\n\t<meta name=\"twitter:data1\" content=\"2 minuter\" \/>\n<script type=\"application\/ld+json\" class=\"yoast-schema-graph\">{\"@context\":\"https:\\\/\\\/schema.org\",\"@graph\":[{\"@type\":\"WebPage\",\"@id\":\"https:\\\/\\\/www.4h.se\\\/eolshall\\\/tradgard\\\/\",\"url\":\"https:\\\/\\\/www.4h.se\\\/eolshall\\\/tradgard\\\/\",\"name\":\"Tr\u00e4dg\u00e5rd - Eolsh\u00e4lls 4H-g\u00e5rd\",\"isPartOf\":{\"@id\":\"https:\\\/\\\/www.4h.se\\\/eolshall\\\/#website\"},\"datePublished\":\"2019-03-26T06:43:33+00:00\",\"dateModified\":\"2025-12-29T13:08:48+00:00\",\"breadcrumb\":{\"@id\":\"https:\\\/\\\/www.4h.se\\\/eolshall\\\/tradgard\\\/#breadcrumb\"},\"inLanguage\":\"sv-SE\",\"potentialAction\":[{\"@type\":\"ReadAction\",\"target\":[\"https:\\\/\\\/www.4h.se\\\/eolshall\\\/tradgard\\\/\"]}]},{\"@type\":\"BreadcrumbList\",\"@id\":\"https:\\\/\\\/www.4h.se\\\/eolshall\\\/tradgard\\\/#breadcrumb\",\"itemListElement\":[{\"@type\":\"ListItem\",\"position\":1,\"name\":\"Hem\",\"item\":\"https:\\\/\\\/www.4h.se\\\/eolshall\\\/\"},{\"@type\":\"ListItem\",\"position\":2,\"name\":\"Tr\u00e4dg\u00e5rd\"}]},{\"@type\":\"WebSite\",\"@id\":\"https:\\\/\\\/www.4h.se\\\/eolshall\\\/#website\",\"url\":\"https:\\\/\\\/www.4h.se\\\/eolshall\\\/\",\"name\":\"Eolsh\u00e4lls 4H-g\u00e5rd\",\"description\":\"\",\"potentialAction\":[{\"@type\":\"SearchAction\",\"target\":{\"@type\":\"EntryPoint\",\"urlTemplate\":\"https:\\\/\\\/www.4h.se\\\/eolshall\\\/?s={search_term_string}\"},\"query-input\":{\"@type\":\"PropertyValueSpecification\",\"valueRequired\":true,\"valueName\":\"search_term_string\"}}],\"inLanguage\":\"sv-SE\"}]}<\/script>\n<!-- \/ Yoast SEO plugin. -->","yoast_head_json":{"title":"Tr\u00e4dg\u00e5rd - Eolsh\u00e4lls 4H-g\u00e5rd","robots":{"index":"index","follow":"follow","max-snippet":"max-snippet:-1","max-image-preview":"max-image-preview:large","max-video-preview":"max-video-preview:-1"},"canonical":"https:\/\/www.4h.se\/eolshall\/tradgard\/","og_locale":"sv_SE","og_type":"article","og_title":"Tr\u00e4dg\u00e5rd - Eolsh\u00e4lls 4H-g\u00e5rd","og_description":"[vc_row content_placement=&#8221;top&#8221;][vc_column][vc_column_text css=&#8221;.vc_custom_1767013666379{background-position: 0 0 !important;background-repeat: repeat !important;}&#8221;] Eolsh\u00e4lls tr\u00e4dg\u00e5rd Eolsh\u00e4lls ekologiska tr\u00e4dg\u00e5rdar sk\u00f6ts av v\u00e5r volont\u00e4rgrupp. Vi odlar alltifr\u00e5n gr\u00f6nsaker till blommor, vilket vi sedan s\u00e4ljer i v\u00e5r g\u00e5rdsbutik. Vi fokuserar p\u00e5 att bevara biologisk m\u00e5ngfald och kulturarv. G\u00e5rden st\u00e5r f\u00f6r alla kostnader. Gruppen ses ofta p\u00e5 helger och har h\u00e4rliga dagar tillsammans. Ingen&nbsp; &hellip; Read more","og_url":"https:\/\/www.4h.se\/eolshall\/tradgard\/","og_site_name":"Eolsh\u00e4lls 4H-g\u00e5rd","article_modified_time":"2025-12-29T13:08:48+00:00","twitter_card":"summary_large_image","twitter_misc":{"Ber\u00e4knad l\u00e4stid":"2 minuter"},"schema":{"@context":"https:\/\/schema.org","@graph":[{"@type":"WebPage","@id":"https:\/\/www.4h.se\/eolshall\/tradgard\/","url":"https:\/\/www.4h.se\/eolshall\/tradgard\/","name":"Tr\u00e4dg\u00e5rd - Eolsh\u00e4lls 4H-g\u00e5rd","isPartOf":{"@id":"https:\/\/www.4h.se\/eolshall\/#website"},"datePublished":"2019-03-26T06:43:33+00:00","dateModified":"2025-12-29T13:08:48+00:00","breadcrumb":{"@id":"https:\/\/www.4h.se\/eolshall\/tradgard\/#breadcrumb"},"inLanguage":"sv-SE","potentialAction":[{"@type":"ReadAction","target":["https:\/\/www.4h.se\/eolshall\/tradgard\/"]}]},{"@type":"BreadcrumbList","@id":"https:\/\/www.4h.se\/eolshall\/tradgard\/#breadcrumb","itemListElement":[{"@type":"ListItem","position":1,"name":"Hem","item":"https:\/\/www.4h.se\/eolshall\/"},{"@type":"ListItem","position":2,"name":"Tr\u00e4dg\u00e5rd"}]},{"@type":"WebSite","@id":"https:\/\/www.4h.se\/eolshall\/#website","url":"https:\/\/www.4h.se\/eolshall\/","name":"Eolsh\u00e4lls 4H-g\u00e5rd","description":"","potentialAction":[{"@type":"SearchAction","target":{"@type":"EntryPoint","urlTemplate":"https:\/\/www.4h.se\/eolshall\/?s={search_term_string}"},"query-input":{"@type":"PropertyValueSpecification","valueRequired":true,"valueName":"search_term_string"}}],"inLanguage":"sv-SE"}]}},"_links":{"self":[{"href":"https:\/\/www.4h.se\/eolshall\/wp-json\/wp\/v2\/pages\/615","targetHints":{"allow":["GET"]}}],"collection":[{"href":"https:\/\/www.4h.se\/eolshall\/wp-json\/wp\/v2\/pages"}],"about":[{"href":"https:\/\/www.4h.se\/eolshall\/wp-json\/wp\/v2\/types\/page"}],"author":[{"embeddable":true,"href":"https:\/\/www.4h.se\/eolshall\/wp-json\/wp\/v2\/users\/163"}],"replies":[{"embeddable":true,"href":"https:\/\/www.4h.se\/eolshall\/wp-json\/wp\/v2\/comments?post=615"}],"version-history":[{"count":0,"href":"https:\/\/www.4h.se\/eolshall\/wp-json\/wp\/v2\/pages\/615\/revisions"}],"wp:attachment":[{"href":"https:\/\/www.4h.se\/eolshall\/wp-json\/wp\/v2\/media?parent=615"}],"curies":[{"name":"wp","href":"https:\/\/api.w.org\/{rel}","templated":true}]}}