



{"id":606,"date":"2019-03-26T05:23:22","date_gmt":"2019-03-26T04:23:22","guid":{"rendered":"http:\/\/www.4h.se\/eolshall\/?page_id=606"},"modified":"2025-02-03T21:27:40","modified_gmt":"2025-02-03T20:27:40","slug":"om-4h","status":"publish","type":"page","link":"https:\/\/www.4h.se\/eolshall\/om-4h\/","title":{"rendered":"Om 4H"},"content":{"rendered":"<div class=\"wpb-content-wrapper\"><p>[vc_row][vc_column el_class=&#8221;Om 4H&#8221;][vc_column_text css=&#8221;.vc_custom_1732385951595{border-top-width: 0px !important;border-right-width: 0px !important;border-bottom-width: 0px !important;border-left-width: 0px !important;padding-top: 0px !important;padding-right: 0px !important;padding-bottom: 0px !important;padding-left: 0px !important;border-color: #008b44 !important;}&#8221;]<\/p>\n<div class=\"container\">\n<div class=\"row\">\n<div class=\"col-xs-12 col-sm-12\">\n<div id=\"content\">\n<article id=\"post_71\" class=\"post-71 page type-page status-publish hentry\">\n<div class=\"vc_row wpb_row vc_row-fluid\">\n<div class=\"wpb_column vc_column_container vc_col-sm-12\">\n<div class=\"vc_column-inner \">\n<div class=\"wpb_wrapper\">\n<div class=\"wpb_text_column wpb_content_element \">\n<div class=\"wpb_wrapper\">\n<h1 style=\"text-align: left\"><span style=\"color: #000000\">Om 4H<\/span><\/h1>\n<p style=\"text-align: left\"><img loading=\"lazy\" decoding=\"async\" class=\"alignnone wp-image-994\" src=\"https:\/\/www.4h.se\/wp-content\/uploads\/2018\/02\/KLOVERHJALTEN_FYRAH.jpg\" alt=\"KLOVERHJALTEN_FYRAH\" width=\"733\" height=\"319\" \/><\/p>\n<p style=\"text-align: left\">4H:s vision \u00e4r att alla barn och ungdomar ska utvecklas till engagerade, v\u00e4lm\u00e5ende och ansvarstagande m\u00e4nniskor med respekt f\u00f6r omv\u00e4rlden.<\/p>\n<h3 style=\"text-align: left\"><span style=\"color: #000000\">Visionen i praktiken<\/span><\/h3>\n<p style=\"text-align: left\">Vad inneb\u00e4r visionen i 4H:s dagliga arbete?<\/p>\n<p style=\"text-align: left\">Vi har alla ett gemensamt ansvar f\u00f6r v\u00e4rlden vi lever i och att samh\u00e4llet utvecklas p\u00e5 ett h\u00e5llbart s\u00e4tt. F\u00f6r att kunna f\u00f6r\u00e4ndra och utveckla kr\u00e4vs engagemang och kunskap. Genom att f\u00e5 kunskap till sig genom huvudets H f\u00e5r barn och unga mod till att v\u00e5ga ifr\u00e5gas\u00e4tta och ta st\u00e4llning. 4H:s trygga f\u00f6reningsdemokrati ger goda f\u00f6ruts\u00e4ttningar f\u00f6r att utvecklas och engagera sig djupare. F\u00f6reningsdemokratin ger ocks\u00e5 f\u00f6ruts\u00e4ttningar f\u00f6r att praktiskt g\u00e5 fr\u00e5n id\u00e9 till handling (Hand \u2013 f\u00e4rdighet) och d\u00e4rigenom l\u00e5ta unga p\u00e5verka sin egen och sina kompisars fritid. Verksamheten \u00e4r gjord av och f\u00f6r barn och ungdomar.<\/p>\n<p style=\"text-align: left\">Vi tycker att det \u00e4r oerh\u00f6rt viktigt att unga tidigt f\u00e5r m\u00f6jlighet att ing\u00e5 i en styrelse. D\u00e4rigenom kommer ansvarstagande naturligt och skapar en plattform d\u00e4r personer kan g\u00f6ra medvetna val, fatta beslut med en k\u00e4nsla av trygghet och st\u00e5 f\u00f6r sina handlingar. Att vara ansvarstagande i 4H inneb\u00e4r ocks\u00e5 att det \u00e4r en sj\u00e4lvklarhet att varje individ oavsett k\u00f6n, social eller kulturell bakgrund respekteras. Detta \u00e4r ett gemensamt ansvar som vi tar i enlighet med hj\u00e4rtats H (Hj\u00e4rta \u2013 respekt, medk\u00e4nsla, empati). Att vara v\u00e4lm\u00e5ende inneb\u00e4r i 4H att en person v\u00e4rnar om sin och andras h\u00e4lsa i alla aspekter enligt h\u00e4lsans H (H\u00e4lsa \u2013 sunt levnadss\u00e4tt).<\/p>\n<p style=\"text-align: left\">Visionen ska uppn\u00e5s genom att de fyra H:na genomsyrar alla organisationens aktiviteter och att vi arbetar enligt mottot \u201cL\u00e4ra genom att g\u00f6ra\u201d.<\/p>\n<h3 style=\"text-align: left\">4H:s pedagogik och motto<\/h3>\n<p style=\"text-align: left\">Mottot i 4H <strong>\u201cL\u00e4ra genom att g\u00f6ra\u201d<\/strong> \u00e4r otroligt viktigt f\u00f6r organisationen. Det \u00e4r ett starkt verktyg som genom alla tider gjort att m\u00e5nga barn- och ungdomar v\u00e5gat prova nya saker. Med st\u00f6d fr\u00e5n teori vittnar m\u00e5nga barn och\u00a0 ungdomar om att de f\u00f6r f\u00f6rsta g\u00e5ngen k\u00e4nt att de haft l\u00e4tt f\u00f6r att ta till sig nya kunskaper. Detta \u00e4r n\u00e5got 4H \u00e4r oerh\u00f6rt stolta \u00f6ver. 4H:s pedagogik utmanar det traditionella system d\u00e4r teori underst\u00f6ds av praktik. Vi g\u00f6r tv\u00e4rtom och det har gjort underverk f\u00f6r m\u00e5nga barn och ungas sj\u00e4lvf\u00f6rtroende, sj\u00e4lvk\u00e4nsla och utveckling.<\/p>\n<p style=\"text-align: left\">Allt l\u00e4rande sker med Huvud, Hj\u00e4rta, Hand och H\u00e4lsa i fokus. Huvudets kunskap representerar vad vi m\u00e5ste kunna f\u00f6r att ta ansvar i livet, Hj\u00e4rtats k\u00e4nsla l\u00e4r oss att visa k\u00e4rlek, empati och respekt, Handens praktiska kunnande bef\u00e4ster kunskapen och H\u00e4lsan fr\u00e4mjas n\u00e4r vi anv\u00e4nder kropp och sinne och utvecklas utan stress.<\/p>\n<p style=\"text-align: left\">I 4H uppmuntrar vi till att ungdomar ska leda aktiviteter f\u00f6r yngre medlemmar. Vi vill ge dem det ansvaret, de utvecklas och v\u00e4xer med uppgiften.<\/p>\n<h3 style=\"text-align: left\">De v\u00e4rdefulla fyra H:na<\/h3>\n<p style=\"text-align: left\">Huvudet \u00e4r det f\u00f6rsta av de fyra H:na och \u00e4r sinnebilden f\u00f6r kunskap. F\u00f6rst och fr\u00e4mst vill vi fr\u00e4mja intresset f\u00f6r ett aktivt l\u00e4rande genom hela livet. Det skall vi uppn\u00e5 genom att ha ett intressant och inspirerande inl\u00e4rningss\u00e4tt. Kunskap och f\u00f6rst\u00e5else f\u00f6r v\u00e5r omv\u00e4rld \u00e4r n\u00e5got vi v\u00e4rderar h\u00f6gt liksom kunskap om vad naturen och dess resurser kan ge oss. Vi vill ocks\u00e5 f\u00f6rmedla kunskap om hur man arbetar demokratiskt. Det f\u00f6rmedlar vi genom att ha en levande f\u00f6reningsdemokrati d\u00e4r varje medlem \u00e4r med och best\u00e4mmer \u00f6ver sin fritid.<\/p>\n<p style=\"text-align: left\">Sl\u00e5r man upp ordet hj\u00e4rta i en uppslagsbok st\u00e5r d\u00e4r bland annat \u201cf\u00f6rm\u00e5ga till medk\u00e4nsla\u201d. Utveckling av denna f\u00f6rm\u00e5ga \u00e4r precis vad det andra av de fyra H:na st\u00e5r f\u00f6r. Medk\u00e4nsla f\u00f6r alla m\u00e4nniskor \u00e4r n\u00e5got som \u00e4r viktigt att ha med sig i livet. Lika viktigt \u00e4r ocks\u00e5 medk\u00e4nsla och respekt f\u00f6r djur och natur.<\/p>\n<p style=\"text-align: left\">4H:s motto \u00e4r att \u201cL\u00e4ra genom att g\u00f6ra\u201d. Med detta vill 4H g\u00f6ra l\u00e4randet till en lek och v\u00e4cka nyfikenhet att s\u00f6ka mer kunskap genom att praktiskt anv\u00e4nda handens H. Barnet vill kanske veta hur och vilken mat killingen f\u00e5r och genom att praktiskt f\u00e5 uppleva detta bef\u00e4sts kunskapen. De \u00e4ldre ledarna vill kanske l\u00e4ra sig hur man f\u00f6r en diskussion och hur man f\u00f6rmedlar ett budskap och ocks\u00e5 detta \u00e4r n\u00e5got som \u00e4r bra att praktiskt tr\u00e4na p\u00e5.<\/p>\n<p style=\"text-align: left\">Med h\u00e4lsans H \u00e4r tanken att vi alla ska leva sunt och naturligt. F\u00f6r 4H \u00e4r ett sunt levnadss\u00e4tt att h\u00e5lla ig\u00e5ng kropp och hj\u00e4rna med sund mat, idrott, lek och vistelse i skog och mark. Hj\u00e4rnan h\u00e5lls ig\u00e5ng genom att du hela tiden har ett socialt umg\u00e4nge och deltar i m\u00e5nga olika l\u00e4rande aktiviteter f\u00f6r alla sinnen.<\/p>\n<\/div>\n<\/div>\n<\/div>\n<\/div>\n<\/div>\n<\/div>\n<div class=\"vc_row wpb_row vc_row-fluid\" style=\"text-align: left\"><\/div>\n<\/article>\n<\/div>\n<\/div>\n<\/div>\n<\/div>\n<p>[\/vc_column_text][\/vc_column][\/vc_row]<\/p>\n<\/div>","protected":false},"excerpt":{"rendered":"<p>[vc_row][vc_column el_class=&#8221;Om 4H&#8221;][vc_column_text css=&#8221;.vc_custom_1732385951595{border-top-width: 0px !important;border-right-width: 0px !important;border-bottom-width: 0px !important;border-left-width: 0px !important;padding-top: 0px !important;padding-right: 0px !important;padding-bottom: 0px !important;padding-left: 0px !important;border-color: #008b44 !important;}&#8221;] Om 4H 4H:s vision \u00e4r att alla barn och ungdomar ska utvecklas till engagerade, v\u00e4lm\u00e5ende och ansvarstagande m\u00e4nniskor med respekt f\u00f6r omv\u00e4rlden. Visionen i praktiken Vad inneb\u00e4r visionen i 4H:s dagliga arbete? Vi&nbsp; <a href=\"https:\/\/www.4h.se\/eolshall\/om-4h\/\">&hellip; Read more <i class=\"glyphicon glyphicon-arrow-right\"><\/i><\/a><\/p>\n","protected":false},"author":163,"featured_media":0,"parent":0,"menu_order":97,"comment_status":"closed","ping_status":"closed","template":"","meta":{"_acf_changed":false,"footnotes":""},"class_list":["post-606","page","type-page","status-publish","hentry"],"acf":[],"yoast_head":"<!-- This site is optimized with the Yoast SEO plugin v27.5 - https:\/\/yoast.com\/product\/yoast-seo-wordpress\/ -->\n<title>Om 4H - Eolsh\u00e4lls 4H-g\u00e5rd<\/title>\n<meta name=\"robots\" content=\"index, follow, max-snippet:-1, max-image-preview:large, max-video-preview:-1\" \/>\n<link rel=\"canonical\" href=\"https:\/\/www.4h.se\/eolshall\/om-4h\/\" \/>\n<meta property=\"og:locale\" content=\"sv_SE\" \/>\n<meta property=\"og:type\" content=\"article\" \/>\n<meta property=\"og:title\" content=\"Om 4H - Eolsh\u00e4lls 4H-g\u00e5rd\" \/>\n<meta property=\"og:description\" content=\"[vc_row][vc_column el_class=&#8221;Om 4H&#8221;][vc_column_text css=&#8221;.vc_custom_1732385951595{border-top-width: 0px !important;border-right-width: 0px !important;border-bottom-width: 0px !important;border-left-width: 0px !important;padding-top: 0px !important;padding-right: 0px !important;padding-bottom: 0px !important;padding-left: 0px !important;border-color: #008b44 !important;}&#8221;] Om 4H 4H:s vision \u00e4r att alla barn och ungdomar ska utvecklas till engagerade, v\u00e4lm\u00e5ende och ansvarstagande m\u00e4nniskor med respekt f\u00f6r omv\u00e4rlden. Visionen i praktiken Vad inneb\u00e4r visionen i 4H:s dagliga arbete? Vi&nbsp; &hellip; Read more\" \/>\n<meta property=\"og:url\" content=\"https:\/\/www.4h.se\/eolshall\/om-4h\/\" \/>\n<meta property=\"og:site_name\" content=\"Eolsh\u00e4lls 4H-g\u00e5rd\" \/>\n<meta property=\"article:modified_time\" content=\"2025-02-03T20:27:40+00:00\" \/>\n<meta property=\"og:image\" content=\"https:\/\/www.4h.se\/wp-content\/uploads\/2018\/02\/KLOVERHJALTEN_FYRAH.jpg\" \/>\n<meta name=\"twitter:card\" content=\"summary_large_image\" \/>\n<meta name=\"twitter:label1\" content=\"Ber\u00e4knad l\u00e4stid\" \/>\n\t<meta name=\"twitter:data1\" content=\"5 minuter\" \/>\n<script type=\"application\/ld+json\" class=\"yoast-schema-graph\">{\"@context\":\"https:\\\/\\\/schema.org\",\"@graph\":[{\"@type\":\"WebPage\",\"@id\":\"https:\\\/\\\/www.4h.se\\\/eolshall\\\/om-4h\\\/\",\"url\":\"https:\\\/\\\/www.4h.se\\\/eolshall\\\/om-4h\\\/\",\"name\":\"Om 4H - Eolsh\u00e4lls 4H-g\u00e5rd\",\"isPartOf\":{\"@id\":\"https:\\\/\\\/www.4h.se\\\/eolshall\\\/#website\"},\"primaryImageOfPage\":{\"@id\":\"https:\\\/\\\/www.4h.se\\\/eolshall\\\/om-4h\\\/#primaryimage\"},\"image\":{\"@id\":\"https:\\\/\\\/www.4h.se\\\/eolshall\\\/om-4h\\\/#primaryimage\"},\"thumbnailUrl\":\"https:\\\/\\\/www.4h.se\\\/wp-content\\\/uploads\\\/2018\\\/02\\\/KLOVERHJALTEN_FYRAH.jpg\",\"datePublished\":\"2019-03-26T04:23:22+00:00\",\"dateModified\":\"2025-02-03T20:27:40+00:00\",\"breadcrumb\":{\"@id\":\"https:\\\/\\\/www.4h.se\\\/eolshall\\\/om-4h\\\/#breadcrumb\"},\"inLanguage\":\"sv-SE\",\"potentialAction\":[{\"@type\":\"ReadAction\",\"target\":[\"https:\\\/\\\/www.4h.se\\\/eolshall\\\/om-4h\\\/\"]}]},{\"@type\":\"ImageObject\",\"inLanguage\":\"sv-SE\",\"@id\":\"https:\\\/\\\/www.4h.se\\\/eolshall\\\/om-4h\\\/#primaryimage\",\"url\":\"https:\\\/\\\/www.4h.se\\\/wp-content\\\/uploads\\\/2018\\\/02\\\/KLOVERHJALTEN_FYRAH.jpg\",\"contentUrl\":\"https:\\\/\\\/www.4h.se\\\/wp-content\\\/uploads\\\/2018\\\/02\\\/KLOVERHJALTEN_FYRAH.jpg\"},{\"@type\":\"BreadcrumbList\",\"@id\":\"https:\\\/\\\/www.4h.se\\\/eolshall\\\/om-4h\\\/#breadcrumb\",\"itemListElement\":[{\"@type\":\"ListItem\",\"position\":1,\"name\":\"Hem\",\"item\":\"https:\\\/\\\/www.4h.se\\\/eolshall\\\/\"},{\"@type\":\"ListItem\",\"position\":2,\"name\":\"Om 4H\"}]},{\"@type\":\"WebSite\",\"@id\":\"https:\\\/\\\/www.4h.se\\\/eolshall\\\/#website\",\"url\":\"https:\\\/\\\/www.4h.se\\\/eolshall\\\/\",\"name\":\"Eolsh\u00e4lls 4H-g\u00e5rd\",\"description\":\"\",\"potentialAction\":[{\"@type\":\"SearchAction\",\"target\":{\"@type\":\"EntryPoint\",\"urlTemplate\":\"https:\\\/\\\/www.4h.se\\\/eolshall\\\/?s={search_term_string}\"},\"query-input\":{\"@type\":\"PropertyValueSpecification\",\"valueRequired\":true,\"valueName\":\"search_term_string\"}}],\"inLanguage\":\"sv-SE\"}]}<\/script>\n<!-- \/ Yoast SEO plugin. -->","yoast_head_json":{"title":"Om 4H - Eolsh\u00e4lls 4H-g\u00e5rd","robots":{"index":"index","follow":"follow","max-snippet":"max-snippet:-1","max-image-preview":"max-image-preview:large","max-video-preview":"max-video-preview:-1"},"canonical":"https:\/\/www.4h.se\/eolshall\/om-4h\/","og_locale":"sv_SE","og_type":"article","og_title":"Om 4H - Eolsh\u00e4lls 4H-g\u00e5rd","og_description":"[vc_row][vc_column el_class=&#8221;Om 4H&#8221;][vc_column_text css=&#8221;.vc_custom_1732385951595{border-top-width: 0px !important;border-right-width: 0px !important;border-bottom-width: 0px !important;border-left-width: 0px !important;padding-top: 0px !important;padding-right: 0px !important;padding-bottom: 0px !important;padding-left: 0px !important;border-color: #008b44 !important;}&#8221;] Om 4H 4H:s vision \u00e4r att alla barn och ungdomar ska utvecklas till engagerade, v\u00e4lm\u00e5ende och ansvarstagande m\u00e4nniskor med respekt f\u00f6r omv\u00e4rlden. Visionen i praktiken Vad inneb\u00e4r visionen i 4H:s dagliga arbete? Vi&nbsp; &hellip; Read more","og_url":"https:\/\/www.4h.se\/eolshall\/om-4h\/","og_site_name":"Eolsh\u00e4lls 4H-g\u00e5rd","article_modified_time":"2025-02-03T20:27:40+00:00","og_image":[{"url":"https:\/\/www.4h.se\/wp-content\/uploads\/2018\/02\/KLOVERHJALTEN_FYRAH.jpg","type":"","width":"","height":""}],"twitter_card":"summary_large_image","twitter_misc":{"Ber\u00e4knad l\u00e4stid":"5 minuter"},"schema":{"@context":"https:\/\/schema.org","@graph":[{"@type":"WebPage","@id":"https:\/\/www.4h.se\/eolshall\/om-4h\/","url":"https:\/\/www.4h.se\/eolshall\/om-4h\/","name":"Om 4H - Eolsh\u00e4lls 4H-g\u00e5rd","isPartOf":{"@id":"https:\/\/www.4h.se\/eolshall\/#website"},"primaryImageOfPage":{"@id":"https:\/\/www.4h.se\/eolshall\/om-4h\/#primaryimage"},"image":{"@id":"https:\/\/www.4h.se\/eolshall\/om-4h\/#primaryimage"},"thumbnailUrl":"https:\/\/www.4h.se\/wp-content\/uploads\/2018\/02\/KLOVERHJALTEN_FYRAH.jpg","datePublished":"2019-03-26T04:23:22+00:00","dateModified":"2025-02-03T20:27:40+00:00","breadcrumb":{"@id":"https:\/\/www.4h.se\/eolshall\/om-4h\/#breadcrumb"},"inLanguage":"sv-SE","potentialAction":[{"@type":"ReadAction","target":["https:\/\/www.4h.se\/eolshall\/om-4h\/"]}]},{"@type":"ImageObject","inLanguage":"sv-SE","@id":"https:\/\/www.4h.se\/eolshall\/om-4h\/#primaryimage","url":"https:\/\/www.4h.se\/wp-content\/uploads\/2018\/02\/KLOVERHJALTEN_FYRAH.jpg","contentUrl":"https:\/\/www.4h.se\/wp-content\/uploads\/2018\/02\/KLOVERHJALTEN_FYRAH.jpg"},{"@type":"BreadcrumbList","@id":"https:\/\/www.4h.se\/eolshall\/om-4h\/#breadcrumb","itemListElement":[{"@type":"ListItem","position":1,"name":"Hem","item":"https:\/\/www.4h.se\/eolshall\/"},{"@type":"ListItem","position":2,"name":"Om 4H"}]},{"@type":"WebSite","@id":"https:\/\/www.4h.se\/eolshall\/#website","url":"https:\/\/www.4h.se\/eolshall\/","name":"Eolsh\u00e4lls 4H-g\u00e5rd","description":"","potentialAction":[{"@type":"SearchAction","target":{"@type":"EntryPoint","urlTemplate":"https:\/\/www.4h.se\/eolshall\/?s={search_term_string}"},"query-input":{"@type":"PropertyValueSpecification","valueRequired":true,"valueName":"search_term_string"}}],"inLanguage":"sv-SE"}]}},"_links":{"self":[{"href":"https:\/\/www.4h.se\/eolshall\/wp-json\/wp\/v2\/pages\/606","targetHints":{"allow":["GET"]}}],"collection":[{"href":"https:\/\/www.4h.se\/eolshall\/wp-json\/wp\/v2\/pages"}],"about":[{"href":"https:\/\/www.4h.se\/eolshall\/wp-json\/wp\/v2\/types\/page"}],"author":[{"embeddable":true,"href":"https:\/\/www.4h.se\/eolshall\/wp-json\/wp\/v2\/users\/163"}],"replies":[{"embeddable":true,"href":"https:\/\/www.4h.se\/eolshall\/wp-json\/wp\/v2\/comments?post=606"}],"version-history":[{"count":0,"href":"https:\/\/www.4h.se\/eolshall\/wp-json\/wp\/v2\/pages\/606\/revisions"}],"wp:attachment":[{"href":"https:\/\/www.4h.se\/eolshall\/wp-json\/wp\/v2\/media?parent=606"}],"curies":[{"name":"wp","href":"https:\/\/api.w.org\/{rel}","templated":true}]}}