



{"id":591,"date":"2019-03-13T10:10:22","date_gmt":"2019-03-13T09:10:22","guid":{"rendered":"http:\/\/www.4h.se\/eolshall\/?page_id=591"},"modified":"2026-01-05T15:41:39","modified_gmt":"2026-01-05T14:41:39","slug":"kontakt-oppettider","status":"publish","type":"page","link":"https:\/\/www.4h.se\/eolshall\/kontakt-oppettider\/","title":{"rendered":"Kontakt &#038; \u00f6ppettider"},"content":{"rendered":"<div class=\"wpb-content-wrapper\"><p>[vc_row][vc_column][vc_column_text css=&#8221;.vc_custom_1767624097147{border-top-width: 20px !important;border-right-width: 20px !important;border-bottom-width: 20px !important;border-left-width: 20px !important;padding-top: 30px !important;padding-right: 30px !important;padding-bottom: 30px !important;padding-left: 30px !important;}&#8221;]<\/p>\n<h1><span style=\"color: #000000;\">\u00d6ppettider<\/span><\/h1>\n<h4><span style=\"color: #000000;\">djuren \u00e4r ute kl.9-16&nbsp;<\/span><\/h4>\n<p><span style=\"color: #000000;\">Stallet \u00e4r st\u00e4ngt n\u00e4r vi har verksamhet inomhus och n\u00e4r vi har kaninhotell.<\/span><\/p>\n<p>&nbsp;<\/p>\n<h4>semesterst\u00e4ngt<\/h4>\n<p><span style=\"color: #000000;\">I juli \u00e5ker djuren p\u00e5 sommarbete och d\u00e5 \u00e4r verksamheten st\u00e4ngd.<\/span><\/p>\n<hr>\n<h1><span style=\"color: #000000;\">Kontakt<\/span><\/h1>\n<p><span style=\"color: #000000;\">Telefon 0760-225221<\/span><\/p>\n<p>Swish 123 594 95 16<\/p>\n<p><span style=\"color: #000000;\">E-post <a style=\"color: #000000;\" href=\"mailto:eolshall@4h.se\">eolshall@4h.se<\/a><\/span><\/p>\n<p>&nbsp;<\/p>\n<p><span style=\"color: #000000;\">Det \u00e4r l\u00e4ttast att n\u00e5 oss p\u00e5 mejl under kontorstid.<\/span><\/p>\n<p><span style=\"color: #000000;\">P\u00e5 helger och kv\u00e4llar har vi oftast inte m\u00f6jlighet att svara p\u00e5 mejl eller i telefon.<\/span><\/p>\n<p><span style=\"color: #000000;\">Vi svarar er s\u00e5 snabbt vi har m\u00f6jlighet och ber er ha \u00f6verseende om det tar lite tid.<\/span><\/p>\n<p><span style=\"color: #000000;\">G\u00e5r det mer \u00e4n en vecka, kan ni skicka ett nytt meddelande.<\/span><\/p>\n<hr>\n<h1><span style=\"color: #000000;\">HITTA HIT<\/span><\/h1>\n<h4><span style=\"color: #000000;\">adress<\/span><\/h4>\n<p>Eolsh\u00e4llsv\u00e4gen 10<\/p>\n<p>12937 H\u00e4gersten<\/p>\n<p>&nbsp;<\/p>\n<h4><span style=\"color: #000000;\">med bil eller f\u00e4rdtj\u00e4nst<\/span><\/h4>\n<p><span style=\"color: #000000;\">Endast f\u00e4rdtj\u00e4nst och leveranser k\u00f6r ned till g\u00e5rdsplan. \u00d6vriga parkerar vid Gula huset ovanf\u00f6r backen.<\/span><\/p>\n<p>&nbsp;<\/p>\n<h4><span style=\"color: #000000;\">kommunalt<\/span><\/h4>\n<p><span style=\"color: #000000;\">Om ni vill \u00e5ka kommunalt till oss s\u00e5 \u00e5ker ni till Axelsbergs tunnelbanestation och g\u00e5r ut direkt till v\u00e4nster utanf\u00f6r entr\u00e9n. <\/span><\/p>\n<p><span style=\"color: #000000;\">G\u00e5 sedan genom centrum och f\u00f6lj H\u00e4gerstens all\u00e9 till v\u00e4nster. <\/span><\/p>\n<p><span style=\"color: #000000;\">V\u00e4gen \u00f6verg\u00e5r sedan till Eolsh\u00e4llsv\u00e4gen. Vid slutet av v\u00e4gen g\u00e5r en brant backe ned till h\u00f6ger. D\u00e4r hittar ni oss.<\/span>[\/vc_column_text][vc_gmaps link=&#8221;#E-8_JTNDaWZyYW1lJTIwc3JjJTNEJTIyaHR0cHMlM0ElMkYlMkZ3d3cuZ29vZ2xlLmNvbSUyRm1hcHMlMkZlbWJlZCUzRnBiJTNEJTIxMW0xOCUyMTFtMTIlMjExbTMlMjExZDIwMzYuNTAwNjE4MjMwNzA3NSUyMTJkMTcuOTY3MzA0MzUxMTUxNzQlMjEzZDU5LjMwNzg5NzExOTY5MzQ2NSUyMTJtMyUyMTFmMCUyMTJmMCUyMTNmMCUyMTNtMiUyMTFpMTAyNCUyMTJpNzY4JTIxNGYxMy4xJTIxM20zJTIxMW0yJTIxMXMweDQ2NWY3NjQzNjRhODAzNGQlMjUzQTB4Mjg5OTZmNWQwZGJmNjdmJTIxMnNFb2xzaCUyNUMzJTI1QTRsbHMlMkI0SCUyMTVlMCUyMTNtMiUyMTFzc3YlMjEyc3NlJTIxNHYxNTUyNDY4NzAxODQ5JTIyJTIwd2lkdGglM0QlMjI2MDAlMjIlMjBoZWlnaHQlM0QlMjI0NTAlMjIlMjBmcmFtZWJvcmRlciUzRCUyMjAlMjIlMjBzdHlsZSUzRCUyMmJvcmRlciUzQTAlMjIlMjBhbGxvd2Z1bGxzY3JlZW4lM0UlM0MlMkZpZnJhbWUlM0U=&#8221;][\/vc_column][\/vc_row]<\/p>\n<\/div>","protected":false},"excerpt":{"rendered":"<p>[vc_row][vc_column][vc_column_text css=&#8221;.vc_custom_1767624097147{border-top-width: 20px !important;border-right-width: 20px !important;border-bottom-width: 20px !important;border-left-width: 20px !important;padding-top: 30px !important;padding-right: 30px !important;padding-bottom: 30px !important;padding-left: 30px !important;}&#8221;] \u00d6ppettider djuren \u00e4r ute kl.9-16&nbsp; Stallet \u00e4r st\u00e4ngt n\u00e4r vi har verksamhet inomhus och n\u00e4r vi har kaninhotell. &nbsp; semesterst\u00e4ngt I juli \u00e5ker djuren p\u00e5 sommarbete och d\u00e5 \u00e4r verksamheten st\u00e4ngd. Kontakt Telefon 0760-225221 Swish 123 594&nbsp; <a href=\"https:\/\/www.4h.se\/eolshall\/kontakt-oppettider\/\">&hellip; Read more <i class=\"glyphicon glyphicon-arrow-right\"><\/i><\/a><\/p>\n","protected":false},"author":163,"featured_media":0,"parent":0,"menu_order":76,"comment_status":"closed","ping_status":"closed","template":"","meta":{"footnotes":""},"class_list":["post-591","page","type-page","status-publish","hentry"],"yoast_head":"<!-- This site is optimized with the Yoast SEO plugin v27.4 - https:\/\/yoast.com\/product\/yoast-seo-wordpress\/ -->\n<title>Kontakt &amp; \u00f6ppettider - Eolsh\u00e4lls 4H-g\u00e5rd<\/title>\n<meta name=\"robots\" content=\"index, follow, max-snippet:-1, max-image-preview:large, max-video-preview:-1\" \/>\n<link rel=\"canonical\" href=\"https:\/\/www.4h.se\/eolshall\/kontakt-oppettider\/\" \/>\n<meta property=\"og:locale\" content=\"sv_SE\" \/>\n<meta property=\"og:type\" content=\"article\" \/>\n<meta property=\"og:title\" content=\"Kontakt &amp; \u00f6ppettider - Eolsh\u00e4lls 4H-g\u00e5rd\" \/>\n<meta property=\"og:description\" content=\"[vc_row][vc_column][vc_column_text css=&#8221;.vc_custom_1767624097147{border-top-width: 20px !important;border-right-width: 20px !important;border-bottom-width: 20px !important;border-left-width: 20px !important;padding-top: 30px !important;padding-right: 30px !important;padding-bottom: 30px !important;padding-left: 30px !important;}&#8221;] \u00d6ppettider djuren \u00e4r ute kl.9-16&nbsp; Stallet \u00e4r st\u00e4ngt n\u00e4r vi har verksamhet inomhus och n\u00e4r vi har kaninhotell. &nbsp; semesterst\u00e4ngt I juli \u00e5ker djuren p\u00e5 sommarbete och d\u00e5 \u00e4r verksamheten st\u00e4ngd. Kontakt Telefon 0760-225221 Swish 123 594&nbsp; &hellip; Read more\" \/>\n<meta property=\"og:url\" content=\"https:\/\/www.4h.se\/eolshall\/kontakt-oppettider\/\" \/>\n<meta property=\"og:site_name\" content=\"Eolsh\u00e4lls 4H-g\u00e5rd\" \/>\n<meta property=\"article:modified_time\" content=\"2026-01-05T14:41:39+00:00\" \/>\n<meta name=\"twitter:card\" content=\"summary_large_image\" \/>\n<meta name=\"twitter:label1\" content=\"Ber\u00e4knad l\u00e4stid\" \/>\n\t<meta name=\"twitter:data1\" content=\"2 minuter\" \/>\n<script type=\"application\/ld+json\" class=\"yoast-schema-graph\">{\"@context\":\"https:\\\/\\\/schema.org\",\"@graph\":[{\"@type\":\"WebPage\",\"@id\":\"https:\\\/\\\/www.4h.se\\\/eolshall\\\/kontakt-oppettider\\\/\",\"url\":\"https:\\\/\\\/www.4h.se\\\/eolshall\\\/kontakt-oppettider\\\/\",\"name\":\"Kontakt & \u00f6ppettider - Eolsh\u00e4lls 4H-g\u00e5rd\",\"isPartOf\":{\"@id\":\"https:\\\/\\\/www.4h.se\\\/eolshall\\\/#website\"},\"datePublished\":\"2019-03-13T09:10:22+00:00\",\"dateModified\":\"2026-01-05T14:41:39+00:00\",\"breadcrumb\":{\"@id\":\"https:\\\/\\\/www.4h.se\\\/eolshall\\\/kontakt-oppettider\\\/#breadcrumb\"},\"inLanguage\":\"sv-SE\",\"potentialAction\":[{\"@type\":\"ReadAction\",\"target\":[\"https:\\\/\\\/www.4h.se\\\/eolshall\\\/kontakt-oppettider\\\/\"]}]},{\"@type\":\"BreadcrumbList\",\"@id\":\"https:\\\/\\\/www.4h.se\\\/eolshall\\\/kontakt-oppettider\\\/#breadcrumb\",\"itemListElement\":[{\"@type\":\"ListItem\",\"position\":1,\"name\":\"Hem\",\"item\":\"https:\\\/\\\/www.4h.se\\\/eolshall\\\/\"},{\"@type\":\"ListItem\",\"position\":2,\"name\":\"Kontakt &#038; \u00f6ppettider\"}]},{\"@type\":\"WebSite\",\"@id\":\"https:\\\/\\\/www.4h.se\\\/eolshall\\\/#website\",\"url\":\"https:\\\/\\\/www.4h.se\\\/eolshall\\\/\",\"name\":\"Eolsh\u00e4lls 4H-g\u00e5rd\",\"description\":\"\",\"potentialAction\":[{\"@type\":\"SearchAction\",\"target\":{\"@type\":\"EntryPoint\",\"urlTemplate\":\"https:\\\/\\\/www.4h.se\\\/eolshall\\\/?s={search_term_string}\"},\"query-input\":{\"@type\":\"PropertyValueSpecification\",\"valueRequired\":true,\"valueName\":\"search_term_string\"}}],\"inLanguage\":\"sv-SE\"}]}<\/script>\n<!-- \/ Yoast SEO plugin. -->","yoast_head_json":{"title":"Kontakt & \u00f6ppettider - Eolsh\u00e4lls 4H-g\u00e5rd","robots":{"index":"index","follow":"follow","max-snippet":"max-snippet:-1","max-image-preview":"max-image-preview:large","max-video-preview":"max-video-preview:-1"},"canonical":"https:\/\/www.4h.se\/eolshall\/kontakt-oppettider\/","og_locale":"sv_SE","og_type":"article","og_title":"Kontakt & \u00f6ppettider - Eolsh\u00e4lls 4H-g\u00e5rd","og_description":"[vc_row][vc_column][vc_column_text css=&#8221;.vc_custom_1767624097147{border-top-width: 20px !important;border-right-width: 20px !important;border-bottom-width: 20px !important;border-left-width: 20px !important;padding-top: 30px !important;padding-right: 30px !important;padding-bottom: 30px !important;padding-left: 30px !important;}&#8221;] \u00d6ppettider djuren \u00e4r ute kl.9-16&nbsp; Stallet \u00e4r st\u00e4ngt n\u00e4r vi har verksamhet inomhus och n\u00e4r vi har kaninhotell. &nbsp; semesterst\u00e4ngt I juli \u00e5ker djuren p\u00e5 sommarbete och d\u00e5 \u00e4r verksamheten st\u00e4ngd. Kontakt Telefon 0760-225221 Swish 123 594&nbsp; &hellip; Read more","og_url":"https:\/\/www.4h.se\/eolshall\/kontakt-oppettider\/","og_site_name":"Eolsh\u00e4lls 4H-g\u00e5rd","article_modified_time":"2026-01-05T14:41:39+00:00","twitter_card":"summary_large_image","twitter_misc":{"Ber\u00e4knad l\u00e4stid":"2 minuter"},"schema":{"@context":"https:\/\/schema.org","@graph":[{"@type":"WebPage","@id":"https:\/\/www.4h.se\/eolshall\/kontakt-oppettider\/","url":"https:\/\/www.4h.se\/eolshall\/kontakt-oppettider\/","name":"Kontakt & \u00f6ppettider - Eolsh\u00e4lls 4H-g\u00e5rd","isPartOf":{"@id":"https:\/\/www.4h.se\/eolshall\/#website"},"datePublished":"2019-03-13T09:10:22+00:00","dateModified":"2026-01-05T14:41:39+00:00","breadcrumb":{"@id":"https:\/\/www.4h.se\/eolshall\/kontakt-oppettider\/#breadcrumb"},"inLanguage":"sv-SE","potentialAction":[{"@type":"ReadAction","target":["https:\/\/www.4h.se\/eolshall\/kontakt-oppettider\/"]}]},{"@type":"BreadcrumbList","@id":"https:\/\/www.4h.se\/eolshall\/kontakt-oppettider\/#breadcrumb","itemListElement":[{"@type":"ListItem","position":1,"name":"Hem","item":"https:\/\/www.4h.se\/eolshall\/"},{"@type":"ListItem","position":2,"name":"Kontakt &#038; \u00f6ppettider"}]},{"@type":"WebSite","@id":"https:\/\/www.4h.se\/eolshall\/#website","url":"https:\/\/www.4h.se\/eolshall\/","name":"Eolsh\u00e4lls 4H-g\u00e5rd","description":"","potentialAction":[{"@type":"SearchAction","target":{"@type":"EntryPoint","urlTemplate":"https:\/\/www.4h.se\/eolshall\/?s={search_term_string}"},"query-input":{"@type":"PropertyValueSpecification","valueRequired":true,"valueName":"search_term_string"}}],"inLanguage":"sv-SE"}]}},"_links":{"self":[{"href":"https:\/\/www.4h.se\/eolshall\/wp-json\/wp\/v2\/pages\/591","targetHints":{"allow":["GET"]}}],"collection":[{"href":"https:\/\/www.4h.se\/eolshall\/wp-json\/wp\/v2\/pages"}],"about":[{"href":"https:\/\/www.4h.se\/eolshall\/wp-json\/wp\/v2\/types\/page"}],"author":[{"embeddable":true,"href":"https:\/\/www.4h.se\/eolshall\/wp-json\/wp\/v2\/users\/163"}],"replies":[{"embeddable":true,"href":"https:\/\/www.4h.se\/eolshall\/wp-json\/wp\/v2\/comments?post=591"}],"version-history":[{"count":0,"href":"https:\/\/www.4h.se\/eolshall\/wp-json\/wp\/v2\/pages\/591\/revisions"}],"wp:attachment":[{"href":"https:\/\/www.4h.se\/eolshall\/wp-json\/wp\/v2\/media?parent=591"}],"curies":[{"name":"wp","href":"https:\/\/api.w.org\/{rel}","templated":true}]}}