



{"id":581,"date":"2019-03-13T10:04:58","date_gmt":"2019-03-13T09:04:58","guid":{"rendered":"http:\/\/www.4h.se\/eolshall\/?page_id=581"},"modified":"2025-07-16T15:56:29","modified_gmt":"2025-07-16T13:56:29","slug":"kaninhotell","status":"publish","type":"page","link":"https:\/\/www.4h.se\/eolshall\/kaninhotell\/","title":{"rendered":"Kaninhotell"},"content":{"rendered":"<div class=\"wpb-content-wrapper\"><p>[vc_row][vc_column][vc_column_text css=&#8221;&#8221;]<\/p>\n<h1>Inackorderingar<\/h1>\n<p>&nbsp;<\/p>\n<p><span style=\"color: #000000;\">Vi sk\u00f6ter om din kanin n\u00e4r du reser bort. Kaninerna bor i stallet, s\u00e5 den kalla \u00e5rstiden tar vi endast emot utomhuskaniner. Boka i tid, v\u00e5ra platser g\u00e5r \u00e5t fort.<\/span><\/p>\n<p>Inv\u00e4nta bekr\u00e4ftelse efter er bokning. Bokningen g\u00e4ller f\u00f6rst d\u00e5 vi har en underskrivet avtal s\u00e5 v\u00e4nta inte med att skicka tillbaka det.<\/p>\n<p><span style=\"color: #000000;\">&nbsp;<\/span><strong>PRIS<\/strong><\/p>\n<div class=\"section-block block-container layout-1 section-0\">\n<div class=\"col-block col-0\">\n<div class=\"block-container text-part part maskable normaltext-type\">\n<div class=\"block-object\">\n<ul>\n<li>Startavgift 250kr<\/li>\n<li>65kr kanin\/dygn<\/li>\n<li>Du kan best\u00e4lla till kloklippning f\u00f6r 60kr\/kanin.<\/li>\n<li><span style=\"color: #000000;\">Sk\u00f6tsel och foder ing\u00e5r.<\/span><\/li>\n<\/ul>\n<p>&nbsp;<\/p>\n<h3>obs nya regler!<\/h3>\n<p>N\u00e4stan alla l\u00e5ngh\u00e5riga kaniner som l\u00e4mnas in till oss har tovor, n\u00e5got som kr\u00e4ver mycket av v\u00e5r tid f\u00f6r att komma tillr\u00e4tta med, d\u00e5 det inte \u00e4r acceptabelt att ha kaniner i det skicket hos oss. Vi har inf\u00f6rt nya krav g\u00e4llande vaccin, p\u00e4lsv\u00e5rd, kloklippning och burstorlek f\u00f6r kaniner som l\u00e4mnas in till oss. Du kan debiteras extra f\u00f6r en kanin som beh\u00f6ver extra behandlingar eller omv\u00e5rdnad. <a style=\"background-color: #ffffff;\" href=\"https:\/\/www.4h.se\/eolshall\/krav-for-inackorderingar\/\">L\u00e4s vad som g\u00e4ller innan du l\u00e4mnar in din kanin.<\/a><\/p>\n<\/div>\n<div class=\"block-object\">\n<div class=\"section-block block-container layout-1 section-0\">\n<div class=\"col-block col-0\">\n<div class=\"block-container text-part part maskable normaltext-type\">\n<div class=\"block-object\">\n<p>&nbsp;<\/p>\n<\/div>\n<\/div>\n<\/div>\n<\/div>\n<div class=\"section-block block-container layout-1 section-0\">\n<div class=\"col-block col-0\">\n<div class=\"block-container text-part part maskable normaltext-type\">\n<div class=\"block-object\">\n<h3><strong>INL\u00c4MNING OCH H\u00c4MTNING<\/strong><\/h3>\n<p>Vardagar kl.10:00-15:00 eller efter \u00f6verenskommelse.<\/p>\n<p>Helger efter \u00f6verenskommelse. Sommartid endast kl 10-14.<\/p>\n<p><strong>&nbsp;<\/strong>Ange i din bokningsf\u00f6rfr\u00e5gan vilken tid du vill komma och l\u00e4mna kaninen.<\/p>\n<p>Vi skickar ett avtal till er som ni skriver p\u00e5 och skickar tillbaka. Obs! Bokningen g\u00e4ller fr\u00e5n att avtalet \u00e4r underskrivet och skickat till oss, vi kan inte garantera att platsen finns kvar om du dr\u00f6jer med att skicka tillbaka avtalet.<\/p>\n<p>Transportburar och egna matsk\u00e5lar kan inte l\u00e4mnas kvar hos oss under kaninens vistelse.<\/p>\n<p>Vi tar endast emot kaniner som \u00e4r friska och vaccinerade.<\/p>\n<p>Vi har utetemperatur i stallet.<\/p>\n<p>&nbsp;<\/p>\n<h4><strong>AVBOKNING<\/strong><\/h4>\n<p>Avbokning ska ske senast 2 veckor innan bokad vistelse, i annat fall debiterar vi dig halva summan f\u00f6r periodens kostnad. Om kaninen h\u00e4mtas tidigare \u00e4n avtalad dag s\u00e5 debiteras hela perioden \u00e4nd\u00e5.<\/p>\n<p>Om du ej h\u00e4mtar kaninen avtalad dag debiteras du med extra med 500kr\/dygn. Om du vill f\u00f6rl\u00e4nga vistelsen ut\u00f6ver avtalad tid m\u00e5ste du kontakta oss och se om vi har plats.<\/p>\n<div class=\"frm_forms  with_frm_style frm_style_formidable-style\" id=\"frm_form_21_container\" >\n<form enctype=\"multipart\/form-data\" method=\"post\" class=\"frm-show-form \" id=\"form_3wasp\" >\n<div class=\"frm_form_fields \">\n<fieldset>\n<legend class=\"frm_hidden\">Boka kaninhotell<\/legend>\n<h3 class=\"frm_form_title\">Boka kaninhotell<\/h3>\n<div class=\"frm_fields_container\">\n<input type=\"hidden\" name=\"frm_action\" value=\"create\" \/>\n<input type=\"hidden\" name=\"form_id\" value=\"21\" \/>\n<input type=\"hidden\" name=\"frm_hide_fields_21\" id=\"frm_hide_fields_21\" value=\"\" \/>\n<input type=\"hidden\" name=\"form_key\" value=\"3wasp\" \/>\n<input type=\"hidden\" name=\"item_meta[0]\" value=\"\" \/>\n<input type=\"hidden\" id=\"frm_submit_entry_21\" name=\"frm_submit_entry_21\" value=\"bfbb25eb3f\" \/><input type=\"hidden\" name=\"_wp_http_referer\" value=\"\/eolshall\/wp-json\/wp\/v2\/pages\/581\" \/><div id=\"frm_field_337_container\" class=\"frm_form_field form-field  frm_required_field frm_top_container\">\n    <label for=\"field_g15li\" class=\"frm_primary_label\">Kaninens namn\n        <span class=\"frm_required\">*<\/span>\n    <\/label>\n    <input type=\"text\" id=\"field_g15li\" name=\"item_meta[337]\" value=\"\"  data-reqmsg=\"Detta f\u00e4lt kan inte vara tomt.\" aria-required=\"true\" data-invmsg=\"Kaninens namn \u00e4r ogiltigt\" aria-invalid=\"false\"  \/>\n    \n    \n<\/div>\n<div id=\"frm_field_338_container\" class=\"frm_form_field form-field  frm_required_field frm_top_container\">\n    <label for=\"field_2jugp\" class=\"frm_primary_label\">Period\n        <span class=\"frm_required\">*<\/span>\n    <\/label>\n    <input type=\"text\" id=\"field_2jugp\" name=\"item_meta[338]\" value=\"\"  data-reqmsg=\"Detta f\u00e4lt kan inte vara tomt.\" aria-required=\"true\" data-invmsg=\"Period \u00e4r ogiltigt\" aria-invalid=\"false\"   aria-describedby=\"frm_desc_field_2jugp\"\/>\n    <div id=\"frm_desc_field_2jugp\" class=\"frm_description\">Datum till datum<\/div>\n    \n<\/div>\n<div id=\"frm_field_339_container\" class=\"frm_form_field form-field  frm_required_field frm_top_container vertical_radio\">\n    <label class=\"frm_primary_label\">Vid flera kaniner, bor de tillsammans eller i olika burar?\n        <span class=\"frm_required\">*<\/span>\n    <\/label>\n    <div class=\"frm_opt_container\">\t\t<div class=\"frm_checkbox\" id=\"frm_checkbox_339-0\">\t\t\t<label  for=\"field_t1hc2-0\">\n\t\t\t<input type=\"checkbox\" name=\"item_meta[339][]\" id=\"field_t1hc2-0\" value=\"Samma bur\"  data-reqmsg=\"Detta f\u00e4lt kan inte vara tomt.\" data-invmsg=\"Vid flera kaniner, bor de tillsammans eller i olika burar? \u00e4r ogiltigt\"   aria-required=\"true\"  \/> Samma bur<\/label><\/div>\n\t\t<div class=\"frm_checkbox\" id=\"frm_checkbox_339-1\">\t\t\t<label  for=\"field_t1hc2-1\">\n\t\t\t<input type=\"checkbox\" name=\"item_meta[339][]\" id=\"field_t1hc2-1\" value=\"Olika burar\"  data-reqmsg=\"Detta f\u00e4lt kan inte vara tomt.\" data-invmsg=\"Vid flera kaniner, bor de tillsammans eller i olika burar? \u00e4r ogiltigt\"   \/> Olika burar<\/label><\/div>\n<\/div>\n    \n    \n<\/div>\n<div id=\"frm_field_340_container\" class=\"frm_form_field form-field  frm_required_field frm_top_container vertical_radio\">\n    <label class=\"frm_primary_label\">V\u00e4ger kaninen\/kaninerna \u00f6ver 3,5 kg\/st?\n        <span class=\"frm_required\">*<\/span>\n    <\/label>\n    <div class=\"frm_opt_container\">\t\t<div class=\"frm_checkbox\" id=\"frm_checkbox_340-0\">\t\t\t<label  for=\"field_xmzoo-0\">\n\t\t\t<input type=\"checkbox\" name=\"item_meta[340][]\" id=\"field_xmzoo-0\" value=\"Ja\"  data-reqmsg=\"Detta f\u00e4lt kan inte vara tomt.\" data-invmsg=\"V\u00e4ger kaninen\/kaninerna \u00f6ver 3,5 kg\/st? \u00e4r ogiltigt\"   aria-required=\"true\"  \/> Ja<\/label><\/div>\n\t\t<div class=\"frm_checkbox\" id=\"frm_checkbox_340-1\">\t\t\t<label  for=\"field_xmzoo-1\">\n\t\t\t<input type=\"checkbox\" name=\"item_meta[340][]\" id=\"field_xmzoo-1\" value=\"nej\"  data-reqmsg=\"Detta f\u00e4lt kan inte vara tomt.\" data-invmsg=\"V\u00e4ger kaninen\/kaninerna \u00f6ver 3,5 kg\/st? \u00e4r ogiltigt\"   \/> nej<\/label><\/div>\n<\/div>\n    \n    \n<\/div>\n<div id=\"frm_field_354_container\" class=\"frm_form_field form-field  frm_required_field frm_top_container vertical_radio\">\n    <div id=\"field_wc69e_label\" class=\"frm_primary_label\">Bur\n        <span class=\"frm_required\" aria-hidden=\"true\">*<\/span>\n    <\/div>\n    <div class=\"frm_opt_container\" role=\"group\">\t\t<div class=\"frm_checkbox\" id=\"frm_checkbox_354-0\">\t\t\t<label  for=\"field_wc69e-0\">\n\t\t\t<input type=\"checkbox\" name=\"item_meta[354][]\" id=\"field_wc69e-0\" value=\"Tar med egen\"  data-reqmsg=\"Detta f\u00e4lt kan inte vara tomt.\" data-invmsg=\"Bur \u00e4r ogiltigt\"   aria-required=\"true\"  \/> Tar med egen<\/label><\/div>\n\t\t<div class=\"frm_checkbox\" id=\"frm_checkbox_354-1\">\t\t\t<label  for=\"field_wc69e-1\">\n\t\t\t<input type=\"checkbox\" name=\"item_meta[354][]\" id=\"field_wc69e-1\" value=\"Vill l\u00e5na\"  data-reqmsg=\"Detta f\u00e4lt kan inte vara tomt.\" data-invmsg=\"Bur \u00e4r ogiltigt\"   \/> Vill l\u00e5na<\/label><\/div>\n<\/div>\n    \n    \n<\/div>\n<div id=\"frm_field_341_container\" class=\"frm_form_field form-field  frm_required_field frm_top_container\">\n    <label for=\"field_cyza4\" class=\"frm_primary_label\">Vilken tid vill du l\u00e4mna?\n        <span class=\"frm_required\">*<\/span>\n    <\/label>\n    <input type=\"text\" id=\"field_cyza4\" name=\"item_meta[341]\" value=\"\"  data-reqmsg=\"Detta f\u00e4lt kan inte vara tomt.\" aria-required=\"true\" data-invmsg=\"Vilken tid vill du l\u00e4mna? \u00e4r ogiltigt\" aria-invalid=\"false\"   aria-describedby=\"frm_desc_field_cyza4\"\/>\n    <div id=\"frm_desc_field_cyza4\" class=\"frm_description\">Obs! Speciella \u00f6ppettider under sommaren.<\/div>\n    \n<\/div>\n<div id=\"frm_field_336_container\" class=\"frm_form_field form-field  frm_required_field frm_top_container\">\n    <label for=\"field_or9s\" class=\"frm_primary_label\">Ditt namn\n        <span class=\"frm_required\">*<\/span>\n    <\/label>\n    <input type=\"text\" id=\"field_or9s\" name=\"item_meta[336]\" value=\"\"  data-reqmsg=\"Detta f\u00e4lt kan inte vara tomt.\" aria-required=\"true\" data-invmsg=\"Ditt namn \u00e4r ogiltigt\" aria-invalid=\"false\"  \/>\n    \n    \n<\/div>\n<div id=\"frm_field_342_container\" class=\"frm_form_field form-field  frm_required_field frm_top_container\">\n    <label for=\"field_57142a\" class=\"frm_primary_label\">Adress\n        <span class=\"frm_required\">*<\/span>\n    <\/label>\n    <input type=\"text\" id=\"field_57142a\" name=\"item_meta[342]\" value=\"\"  data-reqmsg=\"Detta f\u00e4lt kan inte vara tomt.\" aria-required=\"true\" data-invmsg=\"Adress \u00e4r ogiltigt\" aria-invalid=\"false\"  \/>\n    \n    \n<\/div>\n<div id=\"frm_field_343_container\" class=\"frm_form_field form-field  frm_required_field frm_top_container\">\n    <label for=\"field_rfekv\" class=\"frm_primary_label\">Postadress\n        <span class=\"frm_required\">*<\/span>\n    <\/label>\n    <input type=\"text\" id=\"field_rfekv\" name=\"item_meta[343]\" value=\"\"  data-reqmsg=\"Detta f\u00e4lt kan inte vara tomt.\" aria-required=\"true\" data-invmsg=\"Postadress \u00e4r ogiltigt\" aria-invalid=\"false\"  \/>\n    \n    \n<\/div>\n<div id=\"frm_field_344_container\" class=\"frm_form_field form-field  frm_required_field frm_top_container\">\n    <label for=\"field_x4xb6\" class=\"frm_primary_label\">Telefonnummer\n        <span class=\"frm_required\">*<\/span>\n    <\/label>\n    <input type=\"text\" id=\"field_x4xb6\" name=\"item_meta[344]\" value=\"\"  data-reqmsg=\"Detta f\u00e4lt kan inte vara tomt.\" aria-required=\"true\" data-invmsg=\"Telefonnummer \u00e4r ogiltigt\" aria-invalid=\"false\"  \/>\n    \n    \n<\/div>\n<div id=\"frm_field_345_container\" class=\"frm_form_field form-field  frm_required_field frm_top_container\">\n    <label for=\"field_571rh\" class=\"frm_primary_label\">E-post\n        <span class=\"frm_required\">*<\/span>\n    <\/label>\n    <input type=\"text\" id=\"field_571rh\" name=\"item_meta[345]\" value=\"\"  data-reqmsg=\"Detta f\u00e4lt kan inte vara tomt.\" aria-required=\"true\" data-invmsg=\"E-post \u00e4r ogiltigt\" aria-invalid=\"false\"  \/>\n    \n    \n<\/div>\n<div id=\"frm_field_346_container\" class=\"frm_form_field form-field  frm_required_field frm_top_container vertical_radio\">\n    <label class=\"frm_primary_label\">Jag har tagit emot information om datalagring\n        <span class=\"frm_required\">*<\/span>\n    <\/label>\n    <div class=\"frm_opt_container\">\t\t<div class=\"frm_checkbox\" id=\"frm_checkbox_346-0\">\t\t\t<label  for=\"field_268x8-0\">\n\t\t\t<input type=\"checkbox\" name=\"item_meta[346][]\" id=\"field_268x8-0\" value=\"Jag godk\u00e4nner\"  data-reqmsg=\"Detta f\u00e4lt kan inte vara tomt.\" data-invmsg=\"Jag har tagit emot information om datalagring \u00e4r ogiltigt\"   aria-required=\"true\"  \/> Jag godk\u00e4nner<\/label><\/div>\n<\/div>\n    <div id=\"frm_desc_field_268x8\" class=\"frm_description\">Genom att anm\u00e4la i detta formul\u00e4r s\u00e5 ger jag mitt medgivande till att  personuppgifter lagras i f\u00f6reningens medlemsregister och kan komma att anv\u00e4ndas f\u00f6r att f\u00f6reningen ska kunna s\u00f6ka aktivitetsbidrag mm. Registret delas med riksf\u00f6rbundet Sveriges 4h.<\/div>\n    \n<\/div>\n<div id=\"frm_field_347_container\" class=\"frm_form_field form-field  frm_top_container\">\n    <label for=\"field_m237n\" class=\"frm_primary_label\">\u00d6vrigt\n        <span class=\"frm_required\"><\/span>\n    <\/label>\n    <textarea name=\"item_meta[347]\" id=\"field_m237n\" rows=\"5\"  data-invmsg=\"\u00d6vrigt \u00e4r ogiltigt\" aria-invalid=\"false\"  ><\/textarea>\n    \n    \n<\/div>\n<div id=\"frm_field_392_container\" class=\"frm_form_field form-field \">\n\t<div class=\"frm_submit\">\n\n<button class=\"frm_button_submit\" type=\"submit\"  >Skicka<\/button>\n\n<\/div>\n<\/div>\n\t<input type=\"hidden\" name=\"item_key\" value=\"\" \/>\n\t\t\t<div id=\"frm_field_542_container\">\n\t\t\t<label for=\"field_8zo7q\" >\n\t\t\t\tOm du \u00e4r m\u00e4nsklig, l\u00e4mna det h\u00e4r f\u00e4ltet tomt.\t\t\t<\/label>\n\t\t\t<input  id=\"field_8zo7q\" type=\"text\" class=\"frm_form_field form-field frm_verify\" name=\"item_meta[542]\" value=\"\"  \/>\n\t\t<\/div>\n\t\t<input name=\"frm_state\" type=\"hidden\" value=\"EtUmoBc7qxmZsoTGurSEe0nplBpXxyjaS89UYCnAJvs=\" \/><\/div>\n<\/fieldset>\n<\/div>\n\n<\/form>\n<\/div>\n\n<\/div>\n<\/div>\n<\/div>\n<\/div>\n<div class=\"section-block block-container layout-1 section-2\"><\/div>\n<p>&nbsp;<\/p>\n<h4><\/h4>\n<\/div>\n<\/div>\n<\/div>\n<\/div>\n<p>[\/vc_column_text][\/vc_column][\/vc_row]<\/p>\n<\/div>","protected":false},"excerpt":{"rendered":"<p>[vc_row][vc_column][vc_column_text css=&#8221;&#8221;] Inackorderingar &nbsp; Vi sk\u00f6ter om din kanin n\u00e4r du reser bort. Kaninerna bor i stallet, s\u00e5 den kalla \u00e5rstiden tar vi endast emot utomhuskaniner. Boka i tid, v\u00e5ra platser g\u00e5r \u00e5t fort. Inv\u00e4nta bekr\u00e4ftelse efter er bokning. Bokningen g\u00e4ller f\u00f6rst d\u00e5 vi har en underskrivet avtal s\u00e5 v\u00e4nta inte med att skicka tillbaka&nbsp; <a href=\"https:\/\/www.4h.se\/eolshall\/kaninhotell\/\">&hellip; Read more <i class=\"glyphicon glyphicon-arrow-right\"><\/i><\/a><\/p>\n","protected":false},"author":163,"featured_media":0,"parent":0,"menu_order":68,"comment_status":"closed","ping_status":"closed","template":"","meta":{"footnotes":""},"class_list":["post-581","page","type-page","status-publish","hentry"],"yoast_head":"<!-- This site is optimized with the Yoast SEO plugin v27.4 - https:\/\/yoast.com\/product\/yoast-seo-wordpress\/ -->\n<title>Kaninhotell - Eolsh\u00e4lls 4H-g\u00e5rd<\/title>\n<meta name=\"robots\" content=\"index, follow, max-snippet:-1, max-image-preview:large, max-video-preview:-1\" \/>\n<link rel=\"canonical\" href=\"https:\/\/www.4h.se\/eolshall\/kaninhotell\/\" \/>\n<meta property=\"og:locale\" content=\"sv_SE\" \/>\n<meta property=\"og:type\" content=\"article\" \/>\n<meta property=\"og:title\" content=\"Kaninhotell - Eolsh\u00e4lls 4H-g\u00e5rd\" \/>\n<meta property=\"og:description\" content=\"[vc_row][vc_column][vc_column_text css=&#8221;&#8221;] Inackorderingar &nbsp; Vi sk\u00f6ter om din kanin n\u00e4r du reser bort. Kaninerna bor i stallet, s\u00e5 den kalla \u00e5rstiden tar vi endast emot utomhuskaniner. Boka i tid, v\u00e5ra platser g\u00e5r \u00e5t fort. Inv\u00e4nta bekr\u00e4ftelse efter er bokning. Bokningen g\u00e4ller f\u00f6rst d\u00e5 vi har en underskrivet avtal s\u00e5 v\u00e4nta inte med att skicka tillbaka&nbsp; &hellip; Read more\" \/>\n<meta property=\"og:url\" content=\"https:\/\/www.4h.se\/eolshall\/kaninhotell\/\" \/>\n<meta property=\"og:site_name\" content=\"Eolsh\u00e4lls 4H-g\u00e5rd\" \/>\n<meta property=\"article:modified_time\" content=\"2025-07-16T13:56:29+00:00\" \/>\n<meta name=\"twitter:card\" content=\"summary_large_image\" \/>\n<meta name=\"twitter:label1\" content=\"Ber\u00e4knad l\u00e4stid\" \/>\n\t<meta name=\"twitter:data1\" content=\"2 minuter\" \/>\n<script type=\"application\/ld+json\" class=\"yoast-schema-graph\">{\"@context\":\"https:\\\/\\\/schema.org\",\"@graph\":[{\"@type\":\"WebPage\",\"@id\":\"https:\\\/\\\/www.4h.se\\\/eolshall\\\/kaninhotell\\\/\",\"url\":\"https:\\\/\\\/www.4h.se\\\/eolshall\\\/kaninhotell\\\/\",\"name\":\"Kaninhotell - Eolsh\u00e4lls 4H-g\u00e5rd\",\"isPartOf\":{\"@id\":\"https:\\\/\\\/www.4h.se\\\/eolshall\\\/#website\"},\"datePublished\":\"2019-03-13T09:04:58+00:00\",\"dateModified\":\"2025-07-16T13:56:29+00:00\",\"breadcrumb\":{\"@id\":\"https:\\\/\\\/www.4h.se\\\/eolshall\\\/kaninhotell\\\/#breadcrumb\"},\"inLanguage\":\"sv-SE\",\"potentialAction\":[{\"@type\":\"ReadAction\",\"target\":[\"https:\\\/\\\/www.4h.se\\\/eolshall\\\/kaninhotell\\\/\"]}]},{\"@type\":\"BreadcrumbList\",\"@id\":\"https:\\\/\\\/www.4h.se\\\/eolshall\\\/kaninhotell\\\/#breadcrumb\",\"itemListElement\":[{\"@type\":\"ListItem\",\"position\":1,\"name\":\"Hem\",\"item\":\"https:\\\/\\\/www.4h.se\\\/eolshall\\\/\"},{\"@type\":\"ListItem\",\"position\":2,\"name\":\"Kaninhotell\"}]},{\"@type\":\"WebSite\",\"@id\":\"https:\\\/\\\/www.4h.se\\\/eolshall\\\/#website\",\"url\":\"https:\\\/\\\/www.4h.se\\\/eolshall\\\/\",\"name\":\"Eolsh\u00e4lls 4H-g\u00e5rd\",\"description\":\"\",\"potentialAction\":[{\"@type\":\"SearchAction\",\"target\":{\"@type\":\"EntryPoint\",\"urlTemplate\":\"https:\\\/\\\/www.4h.se\\\/eolshall\\\/?s={search_term_string}\"},\"query-input\":{\"@type\":\"PropertyValueSpecification\",\"valueRequired\":true,\"valueName\":\"search_term_string\"}}],\"inLanguage\":\"sv-SE\"}]}<\/script>\n<!-- \/ Yoast SEO plugin. -->","yoast_head_json":{"title":"Kaninhotell - Eolsh\u00e4lls 4H-g\u00e5rd","robots":{"index":"index","follow":"follow","max-snippet":"max-snippet:-1","max-image-preview":"max-image-preview:large","max-video-preview":"max-video-preview:-1"},"canonical":"https:\/\/www.4h.se\/eolshall\/kaninhotell\/","og_locale":"sv_SE","og_type":"article","og_title":"Kaninhotell - Eolsh\u00e4lls 4H-g\u00e5rd","og_description":"[vc_row][vc_column][vc_column_text css=&#8221;&#8221;] Inackorderingar &nbsp; Vi sk\u00f6ter om din kanin n\u00e4r du reser bort. Kaninerna bor i stallet, s\u00e5 den kalla \u00e5rstiden tar vi endast emot utomhuskaniner. Boka i tid, v\u00e5ra platser g\u00e5r \u00e5t fort. Inv\u00e4nta bekr\u00e4ftelse efter er bokning. Bokningen g\u00e4ller f\u00f6rst d\u00e5 vi har en underskrivet avtal s\u00e5 v\u00e4nta inte med att skicka tillbaka&nbsp; &hellip; Read more","og_url":"https:\/\/www.4h.se\/eolshall\/kaninhotell\/","og_site_name":"Eolsh\u00e4lls 4H-g\u00e5rd","article_modified_time":"2025-07-16T13:56:29+00:00","twitter_card":"summary_large_image","twitter_misc":{"Ber\u00e4knad l\u00e4stid":"2 minuter"},"schema":{"@context":"https:\/\/schema.org","@graph":[{"@type":"WebPage","@id":"https:\/\/www.4h.se\/eolshall\/kaninhotell\/","url":"https:\/\/www.4h.se\/eolshall\/kaninhotell\/","name":"Kaninhotell - Eolsh\u00e4lls 4H-g\u00e5rd","isPartOf":{"@id":"https:\/\/www.4h.se\/eolshall\/#website"},"datePublished":"2019-03-13T09:04:58+00:00","dateModified":"2025-07-16T13:56:29+00:00","breadcrumb":{"@id":"https:\/\/www.4h.se\/eolshall\/kaninhotell\/#breadcrumb"},"inLanguage":"sv-SE","potentialAction":[{"@type":"ReadAction","target":["https:\/\/www.4h.se\/eolshall\/kaninhotell\/"]}]},{"@type":"BreadcrumbList","@id":"https:\/\/www.4h.se\/eolshall\/kaninhotell\/#breadcrumb","itemListElement":[{"@type":"ListItem","position":1,"name":"Hem","item":"https:\/\/www.4h.se\/eolshall\/"},{"@type":"ListItem","position":2,"name":"Kaninhotell"}]},{"@type":"WebSite","@id":"https:\/\/www.4h.se\/eolshall\/#website","url":"https:\/\/www.4h.se\/eolshall\/","name":"Eolsh\u00e4lls 4H-g\u00e5rd","description":"","potentialAction":[{"@type":"SearchAction","target":{"@type":"EntryPoint","urlTemplate":"https:\/\/www.4h.se\/eolshall\/?s={search_term_string}"},"query-input":{"@type":"PropertyValueSpecification","valueRequired":true,"valueName":"search_term_string"}}],"inLanguage":"sv-SE"}]}},"_links":{"self":[{"href":"https:\/\/www.4h.se\/eolshall\/wp-json\/wp\/v2\/pages\/581","targetHints":{"allow":["GET"]}}],"collection":[{"href":"https:\/\/www.4h.se\/eolshall\/wp-json\/wp\/v2\/pages"}],"about":[{"href":"https:\/\/www.4h.se\/eolshall\/wp-json\/wp\/v2\/types\/page"}],"author":[{"embeddable":true,"href":"https:\/\/www.4h.se\/eolshall\/wp-json\/wp\/v2\/users\/163"}],"replies":[{"embeddable":true,"href":"https:\/\/www.4h.se\/eolshall\/wp-json\/wp\/v2\/comments?post=581"}],"version-history":[{"count":0,"href":"https:\/\/www.4h.se\/eolshall\/wp-json\/wp\/v2\/pages\/581\/revisions"}],"wp:attachment":[{"href":"https:\/\/www.4h.se\/eolshall\/wp-json\/wp\/v2\/media?parent=581"}],"curies":[{"name":"wp","href":"https:\/\/api.w.org\/{rel}","templated":true}]}}