



{"id":572,"date":"2019-03-13T08:44:43","date_gmt":"2019-03-13T07:44:43","guid":{"rendered":"http:\/\/www.4h.se\/eolshall\/?page_id=572"},"modified":"2025-02-03T21:27:40","modified_gmt":"2025-02-03T20:27:40","slug":"miniledarutbildning","status":"publish","type":"page","link":"https:\/\/www.4h.se\/eolshall\/miniledarutbildning\/","title":{"rendered":"Miniledarutbildning"},"content":{"rendered":"<div class=\"wpb-content-wrapper\"><p>[vc_row][vc_column][vc_column_text]<\/p>\n<h4><span style=\"color: #000000\"><em>Miniledarutbildning<\/em><\/span><\/h4>\n<p>Vill du bli mer aktiv inom 4H?<\/p>\n<p>Fr\u00e5n det \u00e5ret du fyller 11 \u00e5r kan du som medlem utbilda dig till miniledare p\u00e5 Eolsh\u00e4lls 4H-g\u00e5rd.<\/p>\n<p>F\u00f6r att g\u00e5 kursen beh\u00f6ver du ha g\u00e5tt en djursk\u00f6tarkurs, en kaninsk\u00f6tarkurs och en h\u00e4stsk\u00f6tarkurs. Det g\u00e5r ocks\u00e5 bra att g\u00e5 h\u00e4st eller kaninsk\u00f6tarkursen samma termin som miniledarutbildningen.<\/p>\n<p>Ledare p\u00e5 Eolsh\u00e4lls 4H \u00e4r med och hj\u00e4lper till p\u00e5 kurser och p\u00e5 l\u00e4ger. Vi har l\u00e4ger alla lov och kurser de flesta veckodagar. Som ledare \u00e4r du med och v\u00e4ljer vilken kurs du vill vara ledare p\u00e5. Ledaren samlar p\u00e5 s\u00e5 s\u00e4tt po\u00e4ng som anv\u00e4nds till aktiviteter som vi ordnar tillsammans.<\/p>\n<p>Som ledare \u00e4r du en f\u00f6rebild f\u00f6r barnen, hj\u00e4lper barnen och tr\u00e4nar p\u00e5 att leda en grupp och f\u00f6rmedla kunskap.Vi har alltid en personal med som h\u00e5ller i gruppen. Vi anpassar ledarens ansvar och uppgifter i gruppen efter \u00e5lder och erfarenhet. Vi vill att alla ledare ska f\u00e5 m\u00f6jlighet att v\u00e4xa och utvecklas hos oss.<\/p>\n<p>Som ledare \u00e4r du med och v\u00e4ljer vilka aktiviteter som ska erbjudas\u00a0f\u00f6r ledarna. Det kan vara \u00f6vernattning, t\u00e5rtbakart\u00e4vling, programridning eller annat skoj. Ledarna \u00e4r alltid v\u00e4lkomna till g\u00e5rden, studiedagar, helger eller efter skolan p\u00e5 vardagarna. Hos oss kan ledarna h\u00e5lla i egna projekt, baka, tr\u00e4ffa kompisar och sk\u00f6ta om djuren. Personal \u00e4r alltid p\u00e5 plats.<\/p>\n<p>&nbsp;<\/p>\n<p>N\u00e4r du fyller 14 \u00e5r kan du bli juniorledare.<\/p>\n<p><a href=\"https:\/\/www.4h.se\/eolshall\/wp-content\/uploads\/sites\/112\/2019\/03\/IMG_20210904_185746.jpg\"><img loading=\"lazy\" decoding=\"async\" class=\"alignnone wp-image-1138\" src=\"https:\/\/www.4h.se\/eolshall\/wp-content\/uploads\/sites\/112\/2019\/03\/IMG_20210904_185746-768x1024.jpg\" alt=\"smart\" width=\"266\" height=\"354\" srcset=\"https:\/\/www.4h.se\/eolshall\/wp-content\/uploads\/sites\/112\/2019\/03\/IMG_20210904_185746-768x1024.jpg 768w, https:\/\/www.4h.se\/eolshall\/wp-content\/uploads\/sites\/112\/2019\/03\/IMG_20210904_185746-113x150.jpg 113w, https:\/\/www.4h.se\/eolshall\/wp-content\/uploads\/sites\/112\/2019\/03\/IMG_20210904_185746-225x300.jpg 225w, https:\/\/www.4h.se\/eolshall\/wp-content\/uploads\/sites\/112\/2019\/03\/IMG_20210904_185746.jpg 1560w\" sizes=\"auto, (max-width: 266px) 100vw, 266px\" \/><\/a><a href=\"https:\/\/www.4h.se\/eolshall\/wp-content\/uploads\/sites\/112\/2019\/03\/IMG_6717.jpg\"><img loading=\"lazy\" decoding=\"async\" class=\"alignnone wp-image-1231\" src=\"https:\/\/www.4h.se\/eolshall\/wp-content\/uploads\/sites\/112\/2019\/03\/IMG_6717-970x728.jpg\" alt=\"IMG_6717\" width=\"470\" height=\"352\" srcset=\"https:\/\/www.4h.se\/eolshall\/wp-content\/uploads\/sites\/112\/2019\/03\/IMG_6717-970x728.jpg 970w, https:\/\/www.4h.se\/eolshall\/wp-content\/uploads\/sites\/112\/2019\/03\/IMG_6717-170x128.jpg 170w, https:\/\/www.4h.se\/eolshall\/wp-content\/uploads\/sites\/112\/2019\/03\/IMG_6717-400x300.jpg 400w\" sizes=\"auto, (max-width: 470px) 100vw, 470px\" \/><\/a><\/p>\n<p>&nbsp;[\/vc_column_text][\/vc_column][\/vc_row]<\/p>\n<\/div>","protected":false},"excerpt":{"rendered":"<p>[vc_row][vc_column][vc_column_text] Miniledarutbildning Vill du bli mer aktiv inom 4H? Fr\u00e5n det \u00e5ret du fyller 11 \u00e5r kan du som medlem utbilda dig till miniledare p\u00e5 Eolsh\u00e4lls 4H-g\u00e5rd. F\u00f6r att g\u00e5 kursen beh\u00f6ver du ha g\u00e5tt en djursk\u00f6tarkurs, en kaninsk\u00f6tarkurs och en h\u00e4stsk\u00f6tarkurs. Det g\u00e5r ocks\u00e5 bra att g\u00e5 h\u00e4st eller kaninsk\u00f6tarkursen samma termin som miniledarutbildningen.&nbsp; <a href=\"https:\/\/www.4h.se\/eolshall\/miniledarutbildning\/\">&hellip; Read more <i class=\"glyphicon glyphicon-arrow-right\"><\/i><\/a><\/p>\n","protected":false},"author":163,"featured_media":0,"parent":0,"menu_order":94,"comment_status":"closed","ping_status":"closed","template":"","meta":{"_acf_changed":false,"footnotes":""},"class_list":["post-572","page","type-page","status-publish","hentry"],"acf":[],"yoast_head":"<!-- This site is optimized with the Yoast SEO plugin v27.5 - https:\/\/yoast.com\/product\/yoast-seo-wordpress\/ -->\n<title>Miniledarutbildning - Eolsh\u00e4lls 4H-g\u00e5rd<\/title>\n<meta name=\"robots\" content=\"index, follow, max-snippet:-1, max-image-preview:large, max-video-preview:-1\" \/>\n<link rel=\"canonical\" href=\"https:\/\/www.4h.se\/eolshall\/miniledarutbildning\/\" \/>\n<meta property=\"og:locale\" content=\"sv_SE\" \/>\n<meta property=\"og:type\" content=\"article\" \/>\n<meta property=\"og:title\" content=\"Miniledarutbildning - Eolsh\u00e4lls 4H-g\u00e5rd\" \/>\n<meta property=\"og:description\" content=\"[vc_row][vc_column][vc_column_text] Miniledarutbildning Vill du bli mer aktiv inom 4H? Fr\u00e5n det \u00e5ret du fyller 11 \u00e5r kan du som medlem utbilda dig till miniledare p\u00e5 Eolsh\u00e4lls 4H-g\u00e5rd. F\u00f6r att g\u00e5 kursen beh\u00f6ver du ha g\u00e5tt en djursk\u00f6tarkurs, en kaninsk\u00f6tarkurs och en h\u00e4stsk\u00f6tarkurs. Det g\u00e5r ocks\u00e5 bra att g\u00e5 h\u00e4st eller kaninsk\u00f6tarkursen samma termin som miniledarutbildningen.&nbsp; &hellip; Read more\" \/>\n<meta property=\"og:url\" content=\"https:\/\/www.4h.se\/eolshall\/miniledarutbildning\/\" \/>\n<meta property=\"og:site_name\" content=\"Eolsh\u00e4lls 4H-g\u00e5rd\" \/>\n<meta property=\"article:modified_time\" content=\"2025-02-03T20:27:40+00:00\" \/>\n<meta property=\"og:image\" content=\"https:\/\/www.4h.se\/eolshall\/wp-content\/uploads\/sites\/112\/2019\/03\/IMG_20210904_185746-768x1024.jpg\" \/>\n<meta name=\"twitter:card\" content=\"summary_large_image\" \/>\n<meta name=\"twitter:label1\" content=\"Ber\u00e4knad l\u00e4stid\" \/>\n\t<meta name=\"twitter:data1\" content=\"1 minut\" \/>\n<script type=\"application\/ld+json\" class=\"yoast-schema-graph\">{\"@context\":\"https:\\\/\\\/schema.org\",\"@graph\":[{\"@type\":\"WebPage\",\"@id\":\"https:\\\/\\\/www.4h.se\\\/eolshall\\\/miniledarutbildning\\\/\",\"url\":\"https:\\\/\\\/www.4h.se\\\/eolshall\\\/miniledarutbildning\\\/\",\"name\":\"Miniledarutbildning - Eolsh\u00e4lls 4H-g\u00e5rd\",\"isPartOf\":{\"@id\":\"https:\\\/\\\/www.4h.se\\\/eolshall\\\/#website\"},\"primaryImageOfPage\":{\"@id\":\"https:\\\/\\\/www.4h.se\\\/eolshall\\\/miniledarutbildning\\\/#primaryimage\"},\"image\":{\"@id\":\"https:\\\/\\\/www.4h.se\\\/eolshall\\\/miniledarutbildning\\\/#primaryimage\"},\"thumbnailUrl\":\"https:\\\/\\\/www.4h.se\\\/eolshall\\\/wp-content\\\/uploads\\\/sites\\\/112\\\/2019\\\/03\\\/IMG_20210904_185746-768x1024.jpg\",\"datePublished\":\"2019-03-13T07:44:43+00:00\",\"dateModified\":\"2025-02-03T20:27:40+00:00\",\"breadcrumb\":{\"@id\":\"https:\\\/\\\/www.4h.se\\\/eolshall\\\/miniledarutbildning\\\/#breadcrumb\"},\"inLanguage\":\"sv-SE\",\"potentialAction\":[{\"@type\":\"ReadAction\",\"target\":[\"https:\\\/\\\/www.4h.se\\\/eolshall\\\/miniledarutbildning\\\/\"]}]},{\"@type\":\"ImageObject\",\"inLanguage\":\"sv-SE\",\"@id\":\"https:\\\/\\\/www.4h.se\\\/eolshall\\\/miniledarutbildning\\\/#primaryimage\",\"url\":\"https:\\\/\\\/www.4h.se\\\/eolshall\\\/wp-content\\\/uploads\\\/sites\\\/112\\\/2019\\\/03\\\/IMG_20210904_185746.jpg\",\"contentUrl\":\"https:\\\/\\\/www.4h.se\\\/eolshall\\\/wp-content\\\/uploads\\\/sites\\\/112\\\/2019\\\/03\\\/IMG_20210904_185746.jpg\",\"width\":1560,\"height\":2080},{\"@type\":\"BreadcrumbList\",\"@id\":\"https:\\\/\\\/www.4h.se\\\/eolshall\\\/miniledarutbildning\\\/#breadcrumb\",\"itemListElement\":[{\"@type\":\"ListItem\",\"position\":1,\"name\":\"Hem\",\"item\":\"https:\\\/\\\/www.4h.se\\\/eolshall\\\/\"},{\"@type\":\"ListItem\",\"position\":2,\"name\":\"Miniledarutbildning\"}]},{\"@type\":\"WebSite\",\"@id\":\"https:\\\/\\\/www.4h.se\\\/eolshall\\\/#website\",\"url\":\"https:\\\/\\\/www.4h.se\\\/eolshall\\\/\",\"name\":\"Eolsh\u00e4lls 4H-g\u00e5rd\",\"description\":\"\",\"potentialAction\":[{\"@type\":\"SearchAction\",\"target\":{\"@type\":\"EntryPoint\",\"urlTemplate\":\"https:\\\/\\\/www.4h.se\\\/eolshall\\\/?s={search_term_string}\"},\"query-input\":{\"@type\":\"PropertyValueSpecification\",\"valueRequired\":true,\"valueName\":\"search_term_string\"}}],\"inLanguage\":\"sv-SE\"}]}<\/script>\n<!-- \/ Yoast SEO plugin. -->","yoast_head_json":{"title":"Miniledarutbildning - Eolsh\u00e4lls 4H-g\u00e5rd","robots":{"index":"index","follow":"follow","max-snippet":"max-snippet:-1","max-image-preview":"max-image-preview:large","max-video-preview":"max-video-preview:-1"},"canonical":"https:\/\/www.4h.se\/eolshall\/miniledarutbildning\/","og_locale":"sv_SE","og_type":"article","og_title":"Miniledarutbildning - Eolsh\u00e4lls 4H-g\u00e5rd","og_description":"[vc_row][vc_column][vc_column_text] Miniledarutbildning Vill du bli mer aktiv inom 4H? Fr\u00e5n det \u00e5ret du fyller 11 \u00e5r kan du som medlem utbilda dig till miniledare p\u00e5 Eolsh\u00e4lls 4H-g\u00e5rd. F\u00f6r att g\u00e5 kursen beh\u00f6ver du ha g\u00e5tt en djursk\u00f6tarkurs, en kaninsk\u00f6tarkurs och en h\u00e4stsk\u00f6tarkurs. Det g\u00e5r ocks\u00e5 bra att g\u00e5 h\u00e4st eller kaninsk\u00f6tarkursen samma termin som miniledarutbildningen.&nbsp; &hellip; Read more","og_url":"https:\/\/www.4h.se\/eolshall\/miniledarutbildning\/","og_site_name":"Eolsh\u00e4lls 4H-g\u00e5rd","article_modified_time":"2025-02-03T20:27:40+00:00","og_image":[{"url":"https:\/\/www.4h.se\/eolshall\/wp-content\/uploads\/sites\/112\/2019\/03\/IMG_20210904_185746-768x1024.jpg","type":"","width":"","height":""}],"twitter_card":"summary_large_image","twitter_misc":{"Ber\u00e4knad l\u00e4stid":"1 minut"},"schema":{"@context":"https:\/\/schema.org","@graph":[{"@type":"WebPage","@id":"https:\/\/www.4h.se\/eolshall\/miniledarutbildning\/","url":"https:\/\/www.4h.se\/eolshall\/miniledarutbildning\/","name":"Miniledarutbildning - Eolsh\u00e4lls 4H-g\u00e5rd","isPartOf":{"@id":"https:\/\/www.4h.se\/eolshall\/#website"},"primaryImageOfPage":{"@id":"https:\/\/www.4h.se\/eolshall\/miniledarutbildning\/#primaryimage"},"image":{"@id":"https:\/\/www.4h.se\/eolshall\/miniledarutbildning\/#primaryimage"},"thumbnailUrl":"https:\/\/www.4h.se\/eolshall\/wp-content\/uploads\/sites\/112\/2019\/03\/IMG_20210904_185746-768x1024.jpg","datePublished":"2019-03-13T07:44:43+00:00","dateModified":"2025-02-03T20:27:40+00:00","breadcrumb":{"@id":"https:\/\/www.4h.se\/eolshall\/miniledarutbildning\/#breadcrumb"},"inLanguage":"sv-SE","potentialAction":[{"@type":"ReadAction","target":["https:\/\/www.4h.se\/eolshall\/miniledarutbildning\/"]}]},{"@type":"ImageObject","inLanguage":"sv-SE","@id":"https:\/\/www.4h.se\/eolshall\/miniledarutbildning\/#primaryimage","url":"https:\/\/www.4h.se\/eolshall\/wp-content\/uploads\/sites\/112\/2019\/03\/IMG_20210904_185746.jpg","contentUrl":"https:\/\/www.4h.se\/eolshall\/wp-content\/uploads\/sites\/112\/2019\/03\/IMG_20210904_185746.jpg","width":1560,"height":2080},{"@type":"BreadcrumbList","@id":"https:\/\/www.4h.se\/eolshall\/miniledarutbildning\/#breadcrumb","itemListElement":[{"@type":"ListItem","position":1,"name":"Hem","item":"https:\/\/www.4h.se\/eolshall\/"},{"@type":"ListItem","position":2,"name":"Miniledarutbildning"}]},{"@type":"WebSite","@id":"https:\/\/www.4h.se\/eolshall\/#website","url":"https:\/\/www.4h.se\/eolshall\/","name":"Eolsh\u00e4lls 4H-g\u00e5rd","description":"","potentialAction":[{"@type":"SearchAction","target":{"@type":"EntryPoint","urlTemplate":"https:\/\/www.4h.se\/eolshall\/?s={search_term_string}"},"query-input":{"@type":"PropertyValueSpecification","valueRequired":true,"valueName":"search_term_string"}}],"inLanguage":"sv-SE"}]}},"_links":{"self":[{"href":"https:\/\/www.4h.se\/eolshall\/wp-json\/wp\/v2\/pages\/572","targetHints":{"allow":["GET"]}}],"collection":[{"href":"https:\/\/www.4h.se\/eolshall\/wp-json\/wp\/v2\/pages"}],"about":[{"href":"https:\/\/www.4h.se\/eolshall\/wp-json\/wp\/v2\/types\/page"}],"author":[{"embeddable":true,"href":"https:\/\/www.4h.se\/eolshall\/wp-json\/wp\/v2\/users\/163"}],"replies":[{"embeddable":true,"href":"https:\/\/www.4h.se\/eolshall\/wp-json\/wp\/v2\/comments?post=572"}],"version-history":[{"count":0,"href":"https:\/\/www.4h.se\/eolshall\/wp-json\/wp\/v2\/pages\/572\/revisions"}],"wp:attachment":[{"href":"https:\/\/www.4h.se\/eolshall\/wp-json\/wp\/v2\/media?parent=572"}],"curies":[{"name":"wp","href":"https:\/\/api.w.org\/{rel}","templated":true}]}}