



{"id":564,"date":"2019-03-13T08:40:20","date_gmt":"2019-03-13T07:40:20","guid":{"rendered":"http:\/\/www.4h.se\/eolshall\/?page_id=564"},"modified":"2026-03-18T13:05:20","modified_gmt":"2026-03-18T12:05:20","slug":"halvtimmesridning","status":"publish","type":"page","link":"https:\/\/www.4h.se\/eolshall\/halvtimmesridning\/","title":{"rendered":"Halvtimmesridning"},"content":{"rendered":"<div class=\"wpb-content-wrapper\"><p>[vc_row][vc_column][vc_column_text css=&#8221;&#8221;]<\/p>\n<h1><span style=\"font-weight: 400;\">HalvtimmesridninG<\/span><\/h1>\n<p>&nbsp;<\/p>\n<p><span style=\"font-weight: 400;\">P\u00e5 s\u00f6ndagar och ett par andra helgdagar erbjuder vi halvtimmesridning. <\/span><\/p>\n<p><span style=\"font-weight: 400;\">En vuxen m\u00e5ste leda h\u00e4sten, <\/span><span style=\"font-weight: 400;\">men v\u00e5r personal g\u00e5r med p\u00e5 promenaden och hj\u00e4lper till.<\/span><\/p>\n<p>Hj\u00e4lm \u00e4r ett krav, v\u00e4lkommen in i stallet och prova ut en hj\u00e4lm senast 15 min innan er ridning.<\/p>\n<p>&nbsp;<\/p>\n<h4>viktigt att veta innan ni v\u00e4ljer att boka<\/h4>\n<p>Det \u00e4r ingen \u00e5ldersgr\u00e4ns p\u00e5 ridningen, men:<\/p>\n<ul>\n<li>Barnet ska v\u00e5ga och klara att h\u00e5lla i sig sj\u00e4lv p\u00e5 h\u00e4sten utan stigbyglar i hela 30 min.<\/li>\n<li>Ni ska v\u00e5ga leda en h\u00e4st med fullt fokus p\u00e5 h\u00e4sten, utifr\u00e5n v\u00e5ra instruktioner. H\u00e4starna \u00e4r sn\u00e4lla, men det \u00e4r ni som styr!<\/li>\n<\/ul>\n<p>\u00c4r ni minsta os\u00e4kra m\u00e5ste ni ta med en extra vuxen som bara hj\u00e4lper att h\u00e5lla koll p\u00e5 barnet.<\/p>\n<p>&nbsp;<\/p>\n<h4>Viktgr\u00e4ns (ryttarens vikt):<\/h4>\n<p><span style=\"font-weight: 400;\">Lukas 65 kg<\/span><\/p>\n<p><span style=\"font-weight: 400;\">Blacky 25 kg<\/span><\/p>\n<p><img loading=\"lazy\" decoding=\"async\" class=\"alignnone wp-image-1450\" src=\"https:\/\/www.4h.se\/eolshall\/wp-content\/uploads\/sites\/112\/2024\/08\/lukasfanny-1-768x1024.jpg\" alt=\"\" width=\"427\" height=\"570\" srcset=\"https:\/\/www.4h.se\/eolshall\/wp-content\/uploads\/sites\/112\/2024\/08\/lukasfanny-1-768x1024.jpg 768w, https:\/\/www.4h.se\/eolshall\/wp-content\/uploads\/sites\/112\/2024\/08\/lukasfanny-1-225x300.jpg 225w, https:\/\/www.4h.se\/eolshall\/wp-content\/uploads\/sites\/112\/2024\/08\/lukasfanny-1-113x150.jpg 113w, https:\/\/www.4h.se\/eolshall\/wp-content\/uploads\/sites\/112\/2024\/08\/lukasfanny-1-1152x1536.jpg 1152w, https:\/\/www.4h.se\/eolshall\/wp-content\/uploads\/sites\/112\/2024\/08\/lukasfanny-1-1536x2048.jpg 1536w, https:\/\/www.4h.se\/eolshall\/wp-content\/uploads\/sites\/112\/2024\/08\/lukasfanny-1-scaled.jpg 1920w\" sizes=\"auto, (max-width: 427px) 100vw, 427px\" \/><\/p>\n<p>Lukas ovan \u00e4r en stor h\u00e4st, han h\u00e5lls av Fanny som \u00e4r 162 cm l\u00e5ng.<\/p>\n<p>Blacky nedan \u00e4r en ponny, hon h\u00e5lls av Katarina som \u00e4r 163 cm l\u00e5ng.<\/p>\n<h4><span style=\"text-decoration: underline;\"><span style=\"font-weight: 400;\"><img loading=\"lazy\" decoding=\"async\" class=\"alignnone wp-image-1452\" src=\"https:\/\/www.4h.se\/eolshall\/wp-content\/uploads\/sites\/112\/2024\/09\/blacky-30-min-970x728.jpg\" alt=\"\" width=\"431\" height=\"323\"><\/span><\/span><\/h4>\n<h4><span style=\"text-decoration: underline;\"><span style=\"font-weight: 400;\">Pris<\/span><\/span><\/h4>\n<p><span style=\"font-weight: 400;\">250kr<\/span><\/p>\n<p><span style=\"font-weight: 400;\">Medlemspris: 230kr<\/span><\/p>\n<p><a href=\"https:\/\/www.4h.se\/eolshall\/bli-medlem\/\">Bli medlem<\/a><\/p>\n<p>&nbsp;<\/p>\n<h4><span style=\"text-decoration: underline;\"><span style=\"font-weight: 400;\">Bokning<\/span><\/span><\/h4>\n<p>Bokningen \u00e4r personlig, d\u00e5 det \u00e4r viktigt att den som kommer har tagit del av all info.<\/p>\n<p>&nbsp;<\/p>\n<h4>1. \u00f6nska tid<\/h4>\n<p>\u00d6nska en tid genom att v\u00e4lja datum, tid och h\u00e4st i rullgardinsmenyerna<br \/>\nFyll i formul\u00e4ret och tryck p\u00e5 &#8221;Skicka&#8221;<\/p>\n<p>Inv\u00e4nta bekr\u00e4ftelse.<\/p>\n<p>&nbsp;<\/p>\n<h4>2. bekr\u00e4ftelse via mejl &#8211; betala direkt!<\/h4>\n<p>Vi hanterar bekr\u00e4ftelser manuellt s\u00e5 det kan ta upp till en vecka att f\u00e5 bekr\u00e4ftelsen. \u00d6nskar du en upptagen tid meddelar vi dig att sidan uppdaterats, s\u00e5 kan du enkelt v\u00e4lja en tid som \u00e4r ledig.<\/p>\n<p>&nbsp;<\/p>\n<h4>s\u00e5 h\u00e4r betalar du<\/h4>\n<p>M\u00e4rk betalningen med &#8221;h\u00e4st datum tid&#8221;<\/p>\n<p>Swish 1235949516<\/p>\n<p>eller<\/p>\n<p>PG 357264-1<\/p>\n<p>&nbsp;<\/p>\n<h4>3. betala direkt<\/h4>\n<h4>Bokningen \u00e4r bindande. Om du f\u00e5r bokningsbekr\u00e4ftelse m\u00e5ste du <span style=\"color: #ff0000;\">betala direkt. Det g\u00e5r \u00e5t mycket tid och resurser om vi ska p\u00e5minna om betalning.<\/span><\/h4>\n<p>Avboka snarast om du inte vill ha tiden!<\/p>\n<p>Bokade ridningar \u00e4r en viktig inkomst f\u00f6r v\u00e5r ideella verksamhet, s\u00e5 om m\u00f6jligt, ge oss en chans att hitta en ers\u00e4ttare i tid.<\/p>\n<p>&nbsp;<\/p>\n<h4>4. avbokning<\/h4>\n<p>\u00c5terbetalning sker om du avbokar senast fredagen inf\u00f6r er ridning kl 12:00 via mail till <a href=\"mailto:eolshall@4h.se\">eolshall@4h.se<\/a><\/p>\n<p>Skicka dina kontouppgifter vid avbokning.<\/p>\n<p>&nbsp;<\/p>\n<h4>Tack f\u00f6r att du l\u00e4st all information innan du bokar!<\/h4>\n<p>&nbsp;<\/p>\n<div class=\"frm_forms  with_frm_style frm_style_formidable-style\" id=\"frm_form_5_container\" >\n<form enctype=\"multipart\/form-data\" method=\"post\" class=\"frm-show-form \" id=\"form_aaxlz\" >\n<div class=\"frm_form_fields \">\n<fieldset>\n<legend class=\"frm_hidden\">Boka halvtimmesridning<\/legend>\r\n\r\n<div class=\"frm_fields_container\">\n<input type=\"hidden\" name=\"frm_action\" value=\"create\" \/>\n<input type=\"hidden\" name=\"form_id\" value=\"5\" \/>\n<input type=\"hidden\" name=\"frm_hide_fields_5\" id=\"frm_hide_fields_5\" value=\"\" \/>\n<input type=\"hidden\" name=\"form_key\" value=\"aaxlz\" \/>\n<input type=\"hidden\" name=\"item_meta[0]\" value=\"\" \/>\n<input type=\"hidden\" id=\"frm_submit_entry_5\" name=\"frm_submit_entry_5\" value=\"52f5dbe88d\" \/><input type=\"hidden\" name=\"_wp_http_referer\" value=\"\/eolshall\/wp-json\/wp\/v2\/pages\/564\" \/><div id=\"frm_field_541_container\" class=\"frm_form_field form-field  frm_top_container frm12 frm_first vertical_radio\">\n\t<div id=\"field_t7wm6_label\" class=\"frm_primary_label\">Lediga tider juni 2026\n\t\t<span class=\"frm_required\" aria-hidden=\"true\"><\/span>\n\t<\/div>\n\t<div class=\"frm_opt_container\" role=\"group\">\t\t<div class=\"frm_checkbox\" id=\"frm_checkbox_541-0\">\t\t\t<label  for=\"field_t7wm6-0\">\n\t\t\t<input type=\"checkbox\" name=\"item_meta[541][]\" id=\"field_t7wm6-0\" value=\"Fler tider sl\u00e4pps snart. H\u00e5ll utkik!\"  data-invmsg=\"Lediga tider juni 2026 \u00e4r ogiltigt\"   \/> Fler tider sl\u00e4pps snart. H\u00e5ll utkik!<\/label><\/div>\n<\/div>\n\t\n\t\n<\/div>\n<div id=\"frm_field_232_container\" class=\"frm_form_field form-field  frm_required_field frm_top_container frm12 frm_first\">\r\n    <label for=\"field_77cao\" class=\"frm_primary_label\">Ditt f\u00f6r- &amp; efternamn\r\n        <span class=\"frm_required\">*<\/span>\r\n    <\/label>\r\n    <input type=\"text\" id=\"field_77cao\" name=\"item_meta[232]\" value=\"\"  data-reqmsg=\"Detta f\u00e4lt kan inte vara tomt.\" aria-required=\"true\" data-invmsg=\"Ditt f\u00f6r- &amp; efternamn \u00e4r ogiltigt\" aria-invalid=\"false\"   aria-describedby=\"frm_desc_field_77cao\"\/>\r\n    <div id=\"frm_desc_field_77cao\" class=\"frm_description\">Samma som avs\u00e4ndaren p\u00e5 betalningen.<\/div>\r\n    \r\n<\/div>\n<div id=\"frm_field_149_container\" class=\"frm_form_field form-field  frm_required_field frm_top_container\">\r\n    <label for=\"field_kacbh\" class=\"frm_primary_label\">Telefonnummer\r\n        <span class=\"frm_required\">*<\/span>\r\n    <\/label>\r\n    <input type=\"text\" id=\"field_kacbh\" name=\"item_meta[149]\" value=\"\"  data-reqmsg=\"Detta f\u00e4lt kan inte vara tomt.\" aria-required=\"true\" data-invmsg=\"Telefonnummer \u00e4r ogiltigt\" aria-invalid=\"false\"  \/>\r\n    \r\n    \r\n<\/div>\n<div id=\"frm_field_153_container\" class=\"frm_form_field form-field  frm_required_field frm_top_container\">\r\n    <label for=\"field_k4u6w\" class=\"frm_primary_label\">E-post\r\n        <span class=\"frm_required\">*<\/span>\r\n    <\/label>\r\n    <input type=\"text\" id=\"field_k4u6w\" name=\"item_meta[153]\" value=\"\"  data-reqmsg=\"Detta f\u00e4lt kan inte vara tomt.\" aria-required=\"true\" data-invmsg=\"E-post \u00e4r ogiltigt\" aria-invalid=\"false\"  \/>\r\n    \r\n    \r\n<\/div>\n<div id=\"frm_field_152_container\" class=\"frm_form_field form-field  frm_required_field frm_top_container vertical_radio\">\r\n    <label class=\"frm_primary_label\">Medlem\r\n        <span class=\"frm_required\">*<\/span>\r\n    <\/label>\r\n    <div class=\"frm_opt_container\">\t\t<div class=\"frm_checkbox\" id=\"frm_checkbox_152-0\">\t\t\t<label  for=\"field_rtbhx-0\">\n\t\t\t<input type=\"checkbox\" name=\"item_meta[152][]\" id=\"field_rtbhx-0\" value=\"Ja, ridningen kostar 230 kr\"  data-reqmsg=\"Detta f\u00e4lt kan inte vara tomt.\" data-invmsg=\"Medlem \u00e4r ogiltigt\"   aria-required=\"true\"  \/> Ja, ridningen kostar 230 kr<\/label><\/div>\n\t\t<div class=\"frm_checkbox\" id=\"frm_checkbox_152-1\">\t\t\t<label  for=\"field_rtbhx-1\">\n\t\t\t<input type=\"checkbox\" name=\"item_meta[152][]\" id=\"field_rtbhx-1\" value=\"Nej, ridningen kostar 250 kr\"  data-reqmsg=\"Detta f\u00e4lt kan inte vara tomt.\" data-invmsg=\"Medlem \u00e4r ogiltigt\"   \/> Nej, ridningen kostar 250 kr<\/label><\/div>\n<\/div>\r\n    \r\n    \r\n<\/div>\n<div id=\"frm_field_534_container\" class=\"frm_form_field form-field  frm_required_field frm_top_container vertical_radio\">\r\n\t<div id=\"field_r7boq_label\" class=\"frm_primary_label\">Hur kommer du betala?\r\n\t\t<span class=\"frm_required\" aria-hidden=\"true\">*<\/span>\r\n\t<\/div>\r\n\t<div class=\"frm_opt_container\" role=\"group\">\t\t<div class=\"frm_checkbox\" id=\"frm_checkbox_534-0\">\t\t\t<label  for=\"field_r7boq-0\">\n\t\t\t<input type=\"checkbox\" name=\"item_meta[534][]\" id=\"field_r7boq-0\" value=\"Swish 1235949516\"  data-reqmsg=\"Hur kommer du betala? kan inte vara tom.\" data-invmsg=\"Hur kommer du betala? \u00e4r ogiltigt\"   aria-required=\"true\"  \/> Swish 1235949516<\/label><\/div>\n\t\t<div class=\"frm_checkbox\" id=\"frm_checkbox_534-1\">\t\t\t<label  for=\"field_r7boq-1\">\n\t\t\t<input type=\"checkbox\" name=\"item_meta[534][]\" id=\"field_r7boq-1\" value=\"PG 357264-1\"  data-reqmsg=\"Hur kommer du betala? kan inte vara tom.\" data-invmsg=\"Hur kommer du betala? \u00e4r ogiltigt\"   \/> PG 357264-1<\/label><\/div>\n<\/div>\r\n\t\r\n\t\r\n<\/div>\n<div id=\"frm_field_492_container\" class=\"frm_form_field form-field  frm_top_container\">\r\n\t<label for=\"field_vjz1z\" id=\"field_vjz1z_label\" class=\"frm_primary_label\">Namn p\u00e5 medlem\r\n\t\t<span class=\"frm_required\" aria-hidden=\"true\"><\/span>\r\n\t<\/label>\r\n\t<input type=\"text\" id=\"field_vjz1z\" name=\"item_meta[492]\" value=\"\"  data-invmsg=\"Namn p\u00e5 medlem \u00e4r ogiltigt\" aria-invalid=\"false\"  \/>\r\n\t\r\n\t\r\n<\/div>\n<div id=\"frm_field_138_container\" class=\"frm_form_field form-field  frm_required_field frm_top_container vertical_radio\">\r\n    <label class=\"frm_primary_label\">H\u00e4sts\u00e4kerhet\r\n        <span class=\"frm_required\">*<\/span>\r\n    <\/label>\r\n    <div class=\"frm_opt_container\">\t\t<div class=\"frm_checkbox\" id=\"frm_checkbox_138-0\">\t\t\t<label  for=\"field_ieix6-0\">\n\t\t\t<input type=\"checkbox\" name=\"item_meta[138][]\" id=\"field_ieix6-0\" value=\"Jag \u00e4r medveten om att jag som vuxen leder h\u00e4sten under instruktion fr\u00e5n en personal.\"  data-reqmsg=\"Detta f\u00e4lt kan inte vara tomt.\" data-invmsg=\"H\u00e4sts\u00e4kerhet \u00e4r ogiltigt\"   aria-required=\"true\"  \/> Jag \u00e4r medveten om att jag som vuxen leder h\u00e4sten under instruktion fr\u00e5n en personal.<\/label><\/div>\n<\/div>\r\n    \r\n    \r\n<\/div>\n<div id=\"frm_field_395_container\" class=\"frm_form_field form-field  frm_required_field frm_top_container vertical_radio\">\r\n\t<div id=\"field_zrc5n_label\" class=\"frm_primary_label\">\r\n\t\t<span class=\"frm_required\" aria-hidden=\"true\">*<\/span>\r\n\t<\/div>\r\n\t<div class=\"frm_opt_container\" role=\"group\">\t\t<div class=\"frm_checkbox\" id=\"frm_checkbox_395-0\">\t\t\t<label  for=\"field_zrc5n-0\">\n\t\t\t<input type=\"checkbox\" name=\"item_meta[395][]\" id=\"field_zrc5n-0\" value=\"Jag f\u00f6rst\u00e5r att jag b\u00f6r ta med en extra vuxen som kan fokusera p\u00e5 barnet om det \u00e4r f\u00f6rsta g\u00e5ngen jag leder en h\u00e4st, f\u00f6rsta g\u00e5ngen mitt barn rider, eller om barnet kan beh\u00f6va extra st\u00f6d\"  data-reqmsg=\"Detta f\u00e4lt kan inte vara tom.\" data-invmsg=\"Detta f\u00e4lt \u00e4r ogiltigt\"   aria-required=\"true\"  \/> Jag f\u00f6rst\u00e5r att jag b\u00f6r ta med en extra vuxen som kan fokusera p\u00e5 barnet om det \u00e4r f\u00f6rsta g\u00e5ngen jag leder en h\u00e4st, f\u00f6rsta g\u00e5ngen mitt barn rider, eller om barnet kan beh\u00f6va extra st\u00f6d<\/label><\/div>\n<\/div>\r\n\t\r\n\t\r\n<\/div>\n<div id=\"frm_field_396_container\" class=\"frm_form_field form-field  frm_required_field frm_top_container vertical_radio\">\r\n\t<div id=\"field_7d7z8_label\" class=\"frm_primary_label\">\r\n\t\t<span class=\"frm_required\" aria-hidden=\"true\">*<\/span>\r\n\t<\/div>\r\n\t<div class=\"frm_opt_container\" role=\"group\">\t\t<div class=\"frm_checkbox\" id=\"frm_checkbox_396-0\">\t\t\t<label  for=\"field_7d7z8-0\">\n\t\t\t<input type=\"checkbox\" name=\"item_meta[396][]\" id=\"field_7d7z8-0\" value=\"Jag \u00e4r medveten om att all ridning sker p\u00e5 egen risk och att m\u00e5lsman \u00e4r ansvarig f\u00f6r sina barn.\"  data-reqmsg=\"Detta f\u00e4lt kan inte vara tom.\" data-invmsg=\"Detta f\u00e4lt \u00e4r ogiltigt\"   aria-required=\"true\"  \/> Jag \u00e4r medveten om att all ridning sker p\u00e5 egen risk och att m\u00e5lsman \u00e4r ansvarig f\u00f6r sina barn.<\/label><\/div>\n<\/div>\r\n\t\r\n\t\r\n<\/div>\n<div id=\"frm_field_399_container\" class=\"frm_form_field form-field  frm_required_field frm_top_container vertical_radio\">\r\n\t<div id=\"field_voqqy_label\" class=\"frm_primary_label\">\r\n\t\t<span class=\"frm_required\" aria-hidden=\"true\">*<\/span>\r\n\t<\/div>\r\n\t<div class=\"frm_opt_container\" role=\"group\">\t\t<div class=\"frm_checkbox\" id=\"frm_checkbox_399-0\">\t\t\t<label  for=\"field_voqqy-0\">\n\t\t\t<input type=\"checkbox\" name=\"item_meta[399][]\" id=\"field_voqqy-0\" value=\"Jag f\u00f6rst\u00e5r att hj\u00e4lm \u00e4r obligatoriskt och att det g\u00e5r att l\u00e5na p\u00e5 plats.\"  data-reqmsg=\"Detta f\u00e4lt kan inte vara tom.\" data-invmsg=\"Detta f\u00e4lt \u00e4r ogiltigt\"   aria-required=\"true\"  \/> Jag f\u00f6rst\u00e5r att hj\u00e4lm \u00e4r obligatoriskt och att det g\u00e5r att l\u00e5na p\u00e5 plats.<\/label><\/div>\n<\/div>\r\n\t\r\n\t\r\n<\/div>\n<div id=\"frm_field_137_container\" class=\"frm_form_field form-field  frm_required_field frm_top_container vertical_radio\">\r\n    <label class=\"frm_primary_label\">Medgivande av lagring av personuppgifter.\r\n        <span class=\"frm_required\">*<\/span>\r\n    <\/label>\r\n    <div class=\"frm_opt_container\">\t\t<div class=\"frm_checkbox\" id=\"frm_checkbox_137-0\">\t\t\t<label  for=\"field_5yd53-0\">\n\t\t\t<input type=\"checkbox\" name=\"item_meta[137][]\" id=\"field_5yd53-0\" value=\"Godk\u00e4nn\"  data-reqmsg=\"Detta f\u00e4lt kan inte vara tomt.\" data-invmsg=\"Medgivande av lagring av personuppgifter. \u00e4r ogiltigt\"   aria-required=\"true\"  \/> Godk\u00e4nn<\/label><\/div>\n<\/div>\r\n    <div id=\"frm_desc_field_5yd53\" class=\"frm_description\">Genom att anm\u00e4la mig i detta formul\u00e4r s\u00e5 godk\u00e4nner jag att mina uppgifter lagras i f\u00f6reningens medlemsregister. Medlemsregistret delas med Riksf\u00f6rbundet Sveriges 4H, men anv\u00e4nds inte i andra sammanhang. Ni godk\u00e4nner \u00e4ven att er mailadress l\u00e4ggs till f\u00f6r att f\u00e5 g\u00e5rdens mycket sporadiska nyhetsutskick, detta kan ni enkelt avanm\u00e4la er ifr\u00e5n och d\u00e5 tas er mailadress automatiskt bort fr\u00e5n den listan.<\/div>\r\n    \r\n<\/div>\n<div id=\"frm_field_387_container\" class=\"frm_form_field form-field \">\r\n\t<div class=\"frm_submit\">\r\n\r\n<button class=\"frm_button_submit\" type=\"submit\" >Skicka<\/button>\r\n\r\n<\/div>\r\n<\/div>\n\t<input type=\"hidden\" name=\"item_key\" value=\"\" \/>\n\t\t\t<div id=\"frm_field_542_container\">\n\t\t\t<label for=\"field_4e50e\" >\n\t\t\t\tOm du \u00e4r m\u00e4nsklig, l\u00e4mna det h\u00e4r f\u00e4ltet tomt.\t\t\t<\/label>\n\t\t\t<input  id=\"field_4e50e\" type=\"text\" class=\"frm_form_field form-field frm_verify\" name=\"item_meta[542]\" value=\"\"  \/>\n\t\t<\/div>\n\t\t<input name=\"frm_state\" type=\"hidden\" value=\"4g0tXLj5bHaQ4tnTT6wqOF3IZKhP8sK\/hTtXJT+sz\/w=\" \/><\/div>\n<\/fieldset>\n<\/div>\n\n<\/form>\n<\/div>\n[\/vc_column_text][\/vc_column][\/vc_row][vc_row][vc_column width=&#8221;1\/2&#8243;][\/vc_column][vc_column width=&#8221;1\/2&#8243;][\/vc_column][\/vc_row]<\/p>\n<\/div>","protected":false},"excerpt":{"rendered":"<p>[vc_row][vc_column][vc_column_text css=&#8221;&#8221;] HalvtimmesridninG &nbsp; P\u00e5 s\u00f6ndagar och ett par andra helgdagar erbjuder vi halvtimmesridning. En vuxen m\u00e5ste leda h\u00e4sten, men v\u00e5r personal g\u00e5r med p\u00e5 promenaden och hj\u00e4lper till. Hj\u00e4lm \u00e4r ett krav, v\u00e4lkommen in i stallet och prova ut en hj\u00e4lm senast 15 min innan er ridning. &nbsp; viktigt att veta innan ni v\u00e4ljer&nbsp; <a href=\"https:\/\/www.4h.se\/eolshall\/halvtimmesridning\/\">&hellip; Read more <i class=\"glyphicon glyphicon-arrow-right\"><\/i><\/a><\/p>\n","protected":false},"author":163,"featured_media":0,"parent":0,"menu_order":176,"comment_status":"closed","ping_status":"closed","template":"","meta":{"footnotes":""},"class_list":["post-564","page","type-page","status-publish","hentry"],"yoast_head":"<!-- This site is optimized with the Yoast SEO plugin v27.4 - https:\/\/yoast.com\/product\/yoast-seo-wordpress\/ -->\n<title>Halvtimmesridning - Eolsh\u00e4lls 4H-g\u00e5rd<\/title>\n<meta name=\"robots\" content=\"index, follow, max-snippet:-1, max-image-preview:large, max-video-preview:-1\" \/>\n<link rel=\"canonical\" href=\"https:\/\/www.4h.se\/eolshall\/halvtimmesridning\/\" \/>\n<meta property=\"og:locale\" content=\"sv_SE\" \/>\n<meta property=\"og:type\" content=\"article\" \/>\n<meta property=\"og:title\" content=\"Halvtimmesridning - Eolsh\u00e4lls 4H-g\u00e5rd\" \/>\n<meta property=\"og:description\" content=\"[vc_row][vc_column][vc_column_text css=&#8221;&#8221;] HalvtimmesridninG &nbsp; P\u00e5 s\u00f6ndagar och ett par andra helgdagar erbjuder vi halvtimmesridning. En vuxen m\u00e5ste leda h\u00e4sten, men v\u00e5r personal g\u00e5r med p\u00e5 promenaden och hj\u00e4lper till. Hj\u00e4lm \u00e4r ett krav, v\u00e4lkommen in i stallet och prova ut en hj\u00e4lm senast 15 min innan er ridning. &nbsp; viktigt att veta innan ni v\u00e4ljer&nbsp; &hellip; Read more\" \/>\n<meta property=\"og:url\" content=\"https:\/\/www.4h.se\/eolshall\/halvtimmesridning\/\" \/>\n<meta property=\"og:site_name\" content=\"Eolsh\u00e4lls 4H-g\u00e5rd\" \/>\n<meta property=\"article:modified_time\" content=\"2026-03-18T12:05:20+00:00\" \/>\n<meta property=\"og:image\" content=\"https:\/\/www.4h.se\/eolshall\/wp-content\/uploads\/sites\/112\/2024\/08\/lukasfanny-1-scaled.jpg\" \/>\n\t<meta property=\"og:image:width\" content=\"1920\" \/>\n\t<meta property=\"og:image:height\" content=\"2560\" \/>\n\t<meta property=\"og:image:type\" content=\"image\/jpeg\" \/>\n<meta name=\"twitter:card\" content=\"summary_large_image\" \/>\n<meta name=\"twitter:label1\" content=\"Ber\u00e4knad l\u00e4stid\" \/>\n\t<meta name=\"twitter:data1\" content=\"2 minuter\" \/>\n<script type=\"application\/ld+json\" class=\"yoast-schema-graph\">{\"@context\":\"https:\\\/\\\/schema.org\",\"@graph\":[{\"@type\":\"WebPage\",\"@id\":\"https:\\\/\\\/www.4h.se\\\/eolshall\\\/halvtimmesridning\\\/\",\"url\":\"https:\\\/\\\/www.4h.se\\\/eolshall\\\/halvtimmesridning\\\/\",\"name\":\"Halvtimmesridning - Eolsh\u00e4lls 4H-g\u00e5rd\",\"isPartOf\":{\"@id\":\"https:\\\/\\\/www.4h.se\\\/eolshall\\\/#website\"},\"primaryImageOfPage\":{\"@id\":\"https:\\\/\\\/www.4h.se\\\/eolshall\\\/halvtimmesridning\\\/#primaryimage\"},\"image\":{\"@id\":\"https:\\\/\\\/www.4h.se\\\/eolshall\\\/halvtimmesridning\\\/#primaryimage\"},\"thumbnailUrl\":\"https:\\\/\\\/www.4h.se\\\/eolshall\\\/wp-content\\\/uploads\\\/sites\\\/112\\\/2024\\\/08\\\/lukasfanny-1-768x1024.jpg\",\"datePublished\":\"2019-03-13T07:40:20+00:00\",\"dateModified\":\"2026-03-18T12:05:20+00:00\",\"breadcrumb\":{\"@id\":\"https:\\\/\\\/www.4h.se\\\/eolshall\\\/halvtimmesridning\\\/#breadcrumb\"},\"inLanguage\":\"sv-SE\",\"potentialAction\":[{\"@type\":\"ReadAction\",\"target\":[\"https:\\\/\\\/www.4h.se\\\/eolshall\\\/halvtimmesridning\\\/\"]}]},{\"@type\":\"ImageObject\",\"inLanguage\":\"sv-SE\",\"@id\":\"https:\\\/\\\/www.4h.se\\\/eolshall\\\/halvtimmesridning\\\/#primaryimage\",\"url\":\"https:\\\/\\\/www.4h.se\\\/eolshall\\\/wp-content\\\/uploads\\\/sites\\\/112\\\/2024\\\/08\\\/lukasfanny-1-scaled.jpg\",\"contentUrl\":\"https:\\\/\\\/www.4h.se\\\/eolshall\\\/wp-content\\\/uploads\\\/sites\\\/112\\\/2024\\\/08\\\/lukasfanny-1-scaled.jpg\",\"width\":1920,\"height\":2560},{\"@type\":\"BreadcrumbList\",\"@id\":\"https:\\\/\\\/www.4h.se\\\/eolshall\\\/halvtimmesridning\\\/#breadcrumb\",\"itemListElement\":[{\"@type\":\"ListItem\",\"position\":1,\"name\":\"Hem\",\"item\":\"https:\\\/\\\/www.4h.se\\\/eolshall\\\/\"},{\"@type\":\"ListItem\",\"position\":2,\"name\":\"Halvtimmesridning\"}]},{\"@type\":\"WebSite\",\"@id\":\"https:\\\/\\\/www.4h.se\\\/eolshall\\\/#website\",\"url\":\"https:\\\/\\\/www.4h.se\\\/eolshall\\\/\",\"name\":\"Eolsh\u00e4lls 4H-g\u00e5rd\",\"description\":\"\",\"potentialAction\":[{\"@type\":\"SearchAction\",\"target\":{\"@type\":\"EntryPoint\",\"urlTemplate\":\"https:\\\/\\\/www.4h.se\\\/eolshall\\\/?s={search_term_string}\"},\"query-input\":{\"@type\":\"PropertyValueSpecification\",\"valueRequired\":true,\"valueName\":\"search_term_string\"}}],\"inLanguage\":\"sv-SE\"}]}<\/script>\n<!-- \/ Yoast SEO plugin. -->","yoast_head_json":{"title":"Halvtimmesridning - Eolsh\u00e4lls 4H-g\u00e5rd","robots":{"index":"index","follow":"follow","max-snippet":"max-snippet:-1","max-image-preview":"max-image-preview:large","max-video-preview":"max-video-preview:-1"},"canonical":"https:\/\/www.4h.se\/eolshall\/halvtimmesridning\/","og_locale":"sv_SE","og_type":"article","og_title":"Halvtimmesridning - Eolsh\u00e4lls 4H-g\u00e5rd","og_description":"[vc_row][vc_column][vc_column_text css=&#8221;&#8221;] HalvtimmesridninG &nbsp; P\u00e5 s\u00f6ndagar och ett par andra helgdagar erbjuder vi halvtimmesridning. En vuxen m\u00e5ste leda h\u00e4sten, men v\u00e5r personal g\u00e5r med p\u00e5 promenaden och hj\u00e4lper till. Hj\u00e4lm \u00e4r ett krav, v\u00e4lkommen in i stallet och prova ut en hj\u00e4lm senast 15 min innan er ridning. &nbsp; viktigt att veta innan ni v\u00e4ljer&nbsp; &hellip; Read more","og_url":"https:\/\/www.4h.se\/eolshall\/halvtimmesridning\/","og_site_name":"Eolsh\u00e4lls 4H-g\u00e5rd","article_modified_time":"2026-03-18T12:05:20+00:00","og_image":[{"width":1920,"height":2560,"url":"https:\/\/www.4h.se\/eolshall\/wp-content\/uploads\/sites\/112\/2024\/08\/lukasfanny-1-scaled.jpg","type":"image\/jpeg"}],"twitter_card":"summary_large_image","twitter_misc":{"Ber\u00e4knad l\u00e4stid":"2 minuter"},"schema":{"@context":"https:\/\/schema.org","@graph":[{"@type":"WebPage","@id":"https:\/\/www.4h.se\/eolshall\/halvtimmesridning\/","url":"https:\/\/www.4h.se\/eolshall\/halvtimmesridning\/","name":"Halvtimmesridning - Eolsh\u00e4lls 4H-g\u00e5rd","isPartOf":{"@id":"https:\/\/www.4h.se\/eolshall\/#website"},"primaryImageOfPage":{"@id":"https:\/\/www.4h.se\/eolshall\/halvtimmesridning\/#primaryimage"},"image":{"@id":"https:\/\/www.4h.se\/eolshall\/halvtimmesridning\/#primaryimage"},"thumbnailUrl":"https:\/\/www.4h.se\/eolshall\/wp-content\/uploads\/sites\/112\/2024\/08\/lukasfanny-1-768x1024.jpg","datePublished":"2019-03-13T07:40:20+00:00","dateModified":"2026-03-18T12:05:20+00:00","breadcrumb":{"@id":"https:\/\/www.4h.se\/eolshall\/halvtimmesridning\/#breadcrumb"},"inLanguage":"sv-SE","potentialAction":[{"@type":"ReadAction","target":["https:\/\/www.4h.se\/eolshall\/halvtimmesridning\/"]}]},{"@type":"ImageObject","inLanguage":"sv-SE","@id":"https:\/\/www.4h.se\/eolshall\/halvtimmesridning\/#primaryimage","url":"https:\/\/www.4h.se\/eolshall\/wp-content\/uploads\/sites\/112\/2024\/08\/lukasfanny-1-scaled.jpg","contentUrl":"https:\/\/www.4h.se\/eolshall\/wp-content\/uploads\/sites\/112\/2024\/08\/lukasfanny-1-scaled.jpg","width":1920,"height":2560},{"@type":"BreadcrumbList","@id":"https:\/\/www.4h.se\/eolshall\/halvtimmesridning\/#breadcrumb","itemListElement":[{"@type":"ListItem","position":1,"name":"Hem","item":"https:\/\/www.4h.se\/eolshall\/"},{"@type":"ListItem","position":2,"name":"Halvtimmesridning"}]},{"@type":"WebSite","@id":"https:\/\/www.4h.se\/eolshall\/#website","url":"https:\/\/www.4h.se\/eolshall\/","name":"Eolsh\u00e4lls 4H-g\u00e5rd","description":"","potentialAction":[{"@type":"SearchAction","target":{"@type":"EntryPoint","urlTemplate":"https:\/\/www.4h.se\/eolshall\/?s={search_term_string}"},"query-input":{"@type":"PropertyValueSpecification","valueRequired":true,"valueName":"search_term_string"}}],"inLanguage":"sv-SE"}]}},"_links":{"self":[{"href":"https:\/\/www.4h.se\/eolshall\/wp-json\/wp\/v2\/pages\/564","targetHints":{"allow":["GET"]}}],"collection":[{"href":"https:\/\/www.4h.se\/eolshall\/wp-json\/wp\/v2\/pages"}],"about":[{"href":"https:\/\/www.4h.se\/eolshall\/wp-json\/wp\/v2\/types\/page"}],"author":[{"embeddable":true,"href":"https:\/\/www.4h.se\/eolshall\/wp-json\/wp\/v2\/users\/163"}],"replies":[{"embeddable":true,"href":"https:\/\/www.4h.se\/eolshall\/wp-json\/wp\/v2\/comments?post=564"}],"version-history":[{"count":0,"href":"https:\/\/www.4h.se\/eolshall\/wp-json\/wp\/v2\/pages\/564\/revisions"}],"wp:attachment":[{"href":"https:\/\/www.4h.se\/eolshall\/wp-json\/wp\/v2\/media?parent=564"}],"curies":[{"name":"wp","href":"https:\/\/api.w.org\/{rel}","templated":true}]}}