



{"id":560,"date":"2019-03-13T07:36:26","date_gmt":"2019-03-13T06:36:26","guid":{"rendered":"http:\/\/www.4h.se\/eolshall\/?page_id=560"},"modified":"2025-02-03T21:27:42","modified_gmt":"2025-02-03T20:27:42","slug":"far-2","status":"publish","type":"page","link":"https:\/\/www.4h.se\/eolshall\/far-2\/","title":{"rendered":"F\u00e5r"},"content":{"rendered":"<div class=\"wpb-content-wrapper\"><p>[vc_row][vc_column][vc_column_text css=&#8221;&#8221;]<\/p>\n<h1>F\u00e5r<\/h1>\n<p>Vi har f\u00e5r av rasen Gestrikef\u00e5r och den \u00e4r en av tio som ing\u00e5r i gruppen Svenska allmogef\u00e5r.<\/p>\n<p>Tackorna kan ha horn.<\/p>\n<p>Gestrikef\u00e5ren f\u00f6rekommer i alla f\u00e4rger och \u00e4r ofta brokiga. De ger en fantastisk ull som \u00e4r l\u00e4tt att bearbeta. Det \u00e4r en trevlig ras som \u00e4r bra p\u00e5 att beta och h\u00e5lla markerna \u00f6ppna.[\/vc_column_text][\/vc_column][\/vc_row][vc_row][vc_column width=&#8221;1\/3&#8243;][vc_column_text]<a href=\"http:\/\/www.4h.se\/eolshall\/wp-content\/uploads\/sites\/112\/2019\/03\/IMG_3633.jpg\"><img loading=\"lazy\" decoding=\"async\" class=\"alignnone size-medium wp-image-971\" src=\"http:\/\/www.4h.se\/eolshall\/wp-content\/uploads\/sites\/112\/2019\/03\/IMG_3633-400x300.jpg\" alt=\"IMG_3633\" width=\"400\" height=\"300\" srcset=\"https:\/\/www.4h.se\/eolshall\/wp-content\/uploads\/sites\/112\/2019\/03\/IMG_3633-400x300.jpg 400w, https:\/\/www.4h.se\/eolshall\/wp-content\/uploads\/sites\/112\/2019\/03\/IMG_3633-170x128.jpg 170w, https:\/\/www.4h.se\/eolshall\/wp-content\/uploads\/sites\/112\/2019\/03\/IMG_3633-970x728.jpg 970w, https:\/\/www.4h.se\/eolshall\/wp-content\/uploads\/sites\/112\/2019\/03\/IMG_3633.jpg 2016w\" sizes=\"auto, (max-width: 400px) 100vw, 400px\" \/><\/a>[\/vc_column_text][\/vc_column][\/vc_row]<\/p>\n<\/div>","protected":false},"excerpt":{"rendered":"<p>[vc_row][vc_column][vc_column_text css=&#8221;&#8221;] F\u00e5r Vi har f\u00e5r av rasen Gestrikef\u00e5r och den \u00e4r en av tio som ing\u00e5r i gruppen Svenska allmogef\u00e5r. Tackorna kan ha horn. Gestrikef\u00e5ren f\u00f6rekommer i alla f\u00e4rger och \u00e4r ofta brokiga. De ger en fantastisk ull som \u00e4r l\u00e4tt att bearbeta. Det \u00e4r en trevlig ras som \u00e4r bra p\u00e5 att beta&nbsp; <a href=\"https:\/\/www.4h.se\/eolshall\/far-2\/\">&hellip; Read more <i class=\"glyphicon glyphicon-arrow-right\"><\/i><\/a><\/p>\n","protected":false},"author":163,"featured_media":0,"parent":0,"menu_order":165,"comment_status":"closed","ping_status":"closed","template":"","meta":{"_acf_changed":false,"footnotes":""},"class_list":["post-560","page","type-page","status-publish","hentry"],"acf":[],"yoast_head":"<!-- This site is optimized with the Yoast SEO plugin v27.5 - https:\/\/yoast.com\/product\/yoast-seo-wordpress\/ -->\n<title>F\u00e5r - Eolsh\u00e4lls 4H-g\u00e5rd<\/title>\n<meta name=\"robots\" content=\"index, follow, max-snippet:-1, max-image-preview:large, max-video-preview:-1\" \/>\n<link rel=\"canonical\" href=\"https:\/\/www.4h.se\/eolshall\/far-2\/\" \/>\n<meta property=\"og:locale\" content=\"sv_SE\" \/>\n<meta property=\"og:type\" content=\"article\" \/>\n<meta property=\"og:title\" content=\"F\u00e5r - Eolsh\u00e4lls 4H-g\u00e5rd\" \/>\n<meta property=\"og:description\" content=\"[vc_row][vc_column][vc_column_text css=&#8221;&#8221;] F\u00e5r Vi har f\u00e5r av rasen Gestrikef\u00e5r och den \u00e4r en av tio som ing\u00e5r i gruppen Svenska allmogef\u00e5r. Tackorna kan ha horn. Gestrikef\u00e5ren f\u00f6rekommer i alla f\u00e4rger och \u00e4r ofta brokiga. De ger en fantastisk ull som \u00e4r l\u00e4tt att bearbeta. Det \u00e4r en trevlig ras som \u00e4r bra p\u00e5 att beta&nbsp; &hellip; Read more\" \/>\n<meta property=\"og:url\" content=\"https:\/\/www.4h.se\/eolshall\/far-2\/\" \/>\n<meta property=\"og:site_name\" content=\"Eolsh\u00e4lls 4H-g\u00e5rd\" \/>\n<meta property=\"article:modified_time\" content=\"2025-02-03T20:27:42+00:00\" \/>\n<meta property=\"og:image\" content=\"http:\/\/www.4h.se\/eolshall\/wp-content\/uploads\/sites\/112\/2019\/03\/IMG_3633-400x300.jpg\" \/>\n<meta name=\"twitter:card\" content=\"summary_large_image\" \/>\n<script type=\"application\/ld+json\" class=\"yoast-schema-graph\">{\"@context\":\"https:\\\/\\\/schema.org\",\"@graph\":[{\"@type\":\"WebPage\",\"@id\":\"https:\\\/\\\/www.4h.se\\\/eolshall\\\/far-2\\\/\",\"url\":\"https:\\\/\\\/www.4h.se\\\/eolshall\\\/far-2\\\/\",\"name\":\"F\u00e5r - Eolsh\u00e4lls 4H-g\u00e5rd\",\"isPartOf\":{\"@id\":\"https:\\\/\\\/www.4h.se\\\/eolshall\\\/#website\"},\"primaryImageOfPage\":{\"@id\":\"https:\\\/\\\/www.4h.se\\\/eolshall\\\/far-2\\\/#primaryimage\"},\"image\":{\"@id\":\"https:\\\/\\\/www.4h.se\\\/eolshall\\\/far-2\\\/#primaryimage\"},\"thumbnailUrl\":\"http:\\\/\\\/www.4h.se\\\/eolshall\\\/wp-content\\\/uploads\\\/sites\\\/112\\\/2019\\\/03\\\/IMG_3633-400x300.jpg\",\"datePublished\":\"2019-03-13T06:36:26+00:00\",\"dateModified\":\"2025-02-03T20:27:42+00:00\",\"breadcrumb\":{\"@id\":\"https:\\\/\\\/www.4h.se\\\/eolshall\\\/far-2\\\/#breadcrumb\"},\"inLanguage\":\"sv-SE\",\"potentialAction\":[{\"@type\":\"ReadAction\",\"target\":[\"https:\\\/\\\/www.4h.se\\\/eolshall\\\/far-2\\\/\"]}]},{\"@type\":\"ImageObject\",\"inLanguage\":\"sv-SE\",\"@id\":\"https:\\\/\\\/www.4h.se\\\/eolshall\\\/far-2\\\/#primaryimage\",\"url\":\"http:\\\/\\\/www.4h.se\\\/eolshall\\\/wp-content\\\/uploads\\\/sites\\\/112\\\/2019\\\/03\\\/IMG_3633-400x300.jpg\",\"contentUrl\":\"http:\\\/\\\/www.4h.se\\\/eolshall\\\/wp-content\\\/uploads\\\/sites\\\/112\\\/2019\\\/03\\\/IMG_3633-400x300.jpg\"},{\"@type\":\"BreadcrumbList\",\"@id\":\"https:\\\/\\\/www.4h.se\\\/eolshall\\\/far-2\\\/#breadcrumb\",\"itemListElement\":[{\"@type\":\"ListItem\",\"position\":1,\"name\":\"Hem\",\"item\":\"https:\\\/\\\/www.4h.se\\\/eolshall\\\/\"},{\"@type\":\"ListItem\",\"position\":2,\"name\":\"F\u00e5r\"}]},{\"@type\":\"WebSite\",\"@id\":\"https:\\\/\\\/www.4h.se\\\/eolshall\\\/#website\",\"url\":\"https:\\\/\\\/www.4h.se\\\/eolshall\\\/\",\"name\":\"Eolsh\u00e4lls 4H-g\u00e5rd\",\"description\":\"\",\"potentialAction\":[{\"@type\":\"SearchAction\",\"target\":{\"@type\":\"EntryPoint\",\"urlTemplate\":\"https:\\\/\\\/www.4h.se\\\/eolshall\\\/?s={search_term_string}\"},\"query-input\":{\"@type\":\"PropertyValueSpecification\",\"valueRequired\":true,\"valueName\":\"search_term_string\"}}],\"inLanguage\":\"sv-SE\"}]}<\/script>\n<!-- \/ Yoast SEO plugin. -->","yoast_head_json":{"title":"F\u00e5r - Eolsh\u00e4lls 4H-g\u00e5rd","robots":{"index":"index","follow":"follow","max-snippet":"max-snippet:-1","max-image-preview":"max-image-preview:large","max-video-preview":"max-video-preview:-1"},"canonical":"https:\/\/www.4h.se\/eolshall\/far-2\/","og_locale":"sv_SE","og_type":"article","og_title":"F\u00e5r - Eolsh\u00e4lls 4H-g\u00e5rd","og_description":"[vc_row][vc_column][vc_column_text css=&#8221;&#8221;] F\u00e5r Vi har f\u00e5r av rasen Gestrikef\u00e5r och den \u00e4r en av tio som ing\u00e5r i gruppen Svenska allmogef\u00e5r. Tackorna kan ha horn. Gestrikef\u00e5ren f\u00f6rekommer i alla f\u00e4rger och \u00e4r ofta brokiga. De ger en fantastisk ull som \u00e4r l\u00e4tt att bearbeta. Det \u00e4r en trevlig ras som \u00e4r bra p\u00e5 att beta&nbsp; &hellip; Read more","og_url":"https:\/\/www.4h.se\/eolshall\/far-2\/","og_site_name":"Eolsh\u00e4lls 4H-g\u00e5rd","article_modified_time":"2025-02-03T20:27:42+00:00","og_image":[{"url":"http:\/\/www.4h.se\/eolshall\/wp-content\/uploads\/sites\/112\/2019\/03\/IMG_3633-400x300.jpg","type":"","width":"","height":""}],"twitter_card":"summary_large_image","schema":{"@context":"https:\/\/schema.org","@graph":[{"@type":"WebPage","@id":"https:\/\/www.4h.se\/eolshall\/far-2\/","url":"https:\/\/www.4h.se\/eolshall\/far-2\/","name":"F\u00e5r - Eolsh\u00e4lls 4H-g\u00e5rd","isPartOf":{"@id":"https:\/\/www.4h.se\/eolshall\/#website"},"primaryImageOfPage":{"@id":"https:\/\/www.4h.se\/eolshall\/far-2\/#primaryimage"},"image":{"@id":"https:\/\/www.4h.se\/eolshall\/far-2\/#primaryimage"},"thumbnailUrl":"http:\/\/www.4h.se\/eolshall\/wp-content\/uploads\/sites\/112\/2019\/03\/IMG_3633-400x300.jpg","datePublished":"2019-03-13T06:36:26+00:00","dateModified":"2025-02-03T20:27:42+00:00","breadcrumb":{"@id":"https:\/\/www.4h.se\/eolshall\/far-2\/#breadcrumb"},"inLanguage":"sv-SE","potentialAction":[{"@type":"ReadAction","target":["https:\/\/www.4h.se\/eolshall\/far-2\/"]}]},{"@type":"ImageObject","inLanguage":"sv-SE","@id":"https:\/\/www.4h.se\/eolshall\/far-2\/#primaryimage","url":"http:\/\/www.4h.se\/eolshall\/wp-content\/uploads\/sites\/112\/2019\/03\/IMG_3633-400x300.jpg","contentUrl":"http:\/\/www.4h.se\/eolshall\/wp-content\/uploads\/sites\/112\/2019\/03\/IMG_3633-400x300.jpg"},{"@type":"BreadcrumbList","@id":"https:\/\/www.4h.se\/eolshall\/far-2\/#breadcrumb","itemListElement":[{"@type":"ListItem","position":1,"name":"Hem","item":"https:\/\/www.4h.se\/eolshall\/"},{"@type":"ListItem","position":2,"name":"F\u00e5r"}]},{"@type":"WebSite","@id":"https:\/\/www.4h.se\/eolshall\/#website","url":"https:\/\/www.4h.se\/eolshall\/","name":"Eolsh\u00e4lls 4H-g\u00e5rd","description":"","potentialAction":[{"@type":"SearchAction","target":{"@type":"EntryPoint","urlTemplate":"https:\/\/www.4h.se\/eolshall\/?s={search_term_string}"},"query-input":{"@type":"PropertyValueSpecification","valueRequired":true,"valueName":"search_term_string"}}],"inLanguage":"sv-SE"}]}},"_links":{"self":[{"href":"https:\/\/www.4h.se\/eolshall\/wp-json\/wp\/v2\/pages\/560","targetHints":{"allow":["GET"]}}],"collection":[{"href":"https:\/\/www.4h.se\/eolshall\/wp-json\/wp\/v2\/pages"}],"about":[{"href":"https:\/\/www.4h.se\/eolshall\/wp-json\/wp\/v2\/types\/page"}],"author":[{"embeddable":true,"href":"https:\/\/www.4h.se\/eolshall\/wp-json\/wp\/v2\/users\/163"}],"replies":[{"embeddable":true,"href":"https:\/\/www.4h.se\/eolshall\/wp-json\/wp\/v2\/comments?post=560"}],"version-history":[{"count":0,"href":"https:\/\/www.4h.se\/eolshall\/wp-json\/wp\/v2\/pages\/560\/revisions"}],"wp:attachment":[{"href":"https:\/\/www.4h.se\/eolshall\/wp-json\/wp\/v2\/media?parent=560"}],"curies":[{"name":"wp","href":"https:\/\/api.w.org\/{rel}","templated":true}]}}