



{"id":546,"date":"2019-03-13T07:22:31","date_gmt":"2019-03-13T06:22:31","guid":{"rendered":"http:\/\/www.4h.se\/eolshall\/?page_id=546"},"modified":"2025-03-21T13:14:44","modified_gmt":"2025-03-21T12:14:44","slug":"helgskotare","status":"publish","type":"page","link":"https:\/\/www.4h.se\/eolshall\/helgskotare\/","title":{"rendered":"Helgsk\u00f6tare"},"content":{"rendered":"<div class=\"wpb-content-wrapper\"><p>[vc_row][vc_column][vc_column_text css=&#8221;&#8221;]<\/p>\n<h1>bli Helgsk\u00f6tare<\/h1>\n<p>Kanske funderar du p\u00e5 hur det \u00e4r att ha en g\u00e5rd med djur och vill l\u00e4ra dig mer om vad det inneb\u00e4r? D\u00e5 kan du bli helgsk\u00f6tare hos oss! Varje \u00e5r ordnar vi flera helgsk\u00f6tarkurser f\u00f6r dig \u00f6ver 18 \u00e5r.<\/p>\n<p>Efter kursen g\u00e5r man bredvid n\u00e5gon som \u00e4r lite mer erfaren, men n\u00e4r man k\u00e4nner sig redo tar man ett pass sj\u00e4lv eller tillsammans med n\u00e5gon. De flesta helgsk\u00f6tare tar ett pass i m\u00e5naden och det \u00e4r bra s\u00e5 att man inte tappar f\u00f6r mycket kunskap mellan g\u00e5ngerna.<\/p>\n<p>Att vara helgsk\u00f6tare ger en unik m\u00f6jlighet att f\u00e5 vara med och l\u00e4ra dig om tex. lamning och kalvning, mj\u00f6lkning av ko,ystning, sk\u00f6tsel av h\u00e4star.<\/p>\n<p>Kursen \u00e4r p\u00e5 tv\u00e5 tillf\u00e4llen, vi g\u00e5r igenom sk\u00f6tsel av g\u00e5rd,djur och s\u00e4kerhetsrutiner.<\/p>\n<p>Som helgsk\u00f6tare tar du hand om djuren ideellt och det inneb\u00e4r ett stort ansvar, men som ocks\u00e5 sk\u00e4nker mycket gl\u00e4dje. Att vara helgsk\u00f6tare inneb\u00e4r ocks\u00e5 att du tr\u00e4ffar m\u00e5nga nya v\u00e4nner, b\u00e5de unga och gamla och f\u00e5r m\u00e5nga h\u00e4rliga stunder.<\/p>\n<p><a href=\"https:\/\/www.4h.se\/eolshall\/kurser-for-vuxna\/\">Anm\u00e4l dig till n\u00e4sta kurs h\u00e4r<\/a><\/p>\n<p>&nbsp;[\/vc_column_text][\/vc_column][\/vc_row]<\/p>\n<\/div>","protected":false},"excerpt":{"rendered":"<p>[vc_row][vc_column][vc_column_text css=&#8221;&#8221;] bli Helgsk\u00f6tare Kanske funderar du p\u00e5 hur det \u00e4r att ha en g\u00e5rd med djur och vill l\u00e4ra dig mer om vad det inneb\u00e4r? D\u00e5 kan du bli helgsk\u00f6tare hos oss! Varje \u00e5r ordnar vi flera helgsk\u00f6tarkurser f\u00f6r dig \u00f6ver 18 \u00e5r. Efter kursen g\u00e5r man bredvid n\u00e5gon som \u00e4r lite mer erfaren,&nbsp; <a href=\"https:\/\/www.4h.se\/eolshall\/helgskotare\/\">&hellip; Read more <i class=\"glyphicon glyphicon-arrow-right\"><\/i><\/a><\/p>\n","protected":false},"author":163,"featured_media":0,"parent":0,"menu_order":51,"comment_status":"closed","ping_status":"closed","template":"","meta":{"footnotes":""},"class_list":["post-546","page","type-page","status-publish","hentry"],"yoast_head":"<!-- This site is optimized with the Yoast SEO plugin v27.4 - https:\/\/yoast.com\/product\/yoast-seo-wordpress\/ -->\n<title>Helgsk\u00f6tare - Eolsh\u00e4lls 4H-g\u00e5rd<\/title>\n<meta name=\"robots\" content=\"index, follow, max-snippet:-1, max-image-preview:large, max-video-preview:-1\" \/>\n<link rel=\"canonical\" href=\"https:\/\/www.4h.se\/eolshall\/helgskotare\/\" \/>\n<meta property=\"og:locale\" content=\"sv_SE\" \/>\n<meta property=\"og:type\" content=\"article\" \/>\n<meta property=\"og:title\" content=\"Helgsk\u00f6tare - Eolsh\u00e4lls 4H-g\u00e5rd\" \/>\n<meta property=\"og:description\" content=\"[vc_row][vc_column][vc_column_text css=&#8221;&#8221;] bli Helgsk\u00f6tare Kanske funderar du p\u00e5 hur det \u00e4r att ha en g\u00e5rd med djur och vill l\u00e4ra dig mer om vad det inneb\u00e4r? D\u00e5 kan du bli helgsk\u00f6tare hos oss! Varje \u00e5r ordnar vi flera helgsk\u00f6tarkurser f\u00f6r dig \u00f6ver 18 \u00e5r. Efter kursen g\u00e5r man bredvid n\u00e5gon som \u00e4r lite mer erfaren,&nbsp; &hellip; Read more\" \/>\n<meta property=\"og:url\" content=\"https:\/\/www.4h.se\/eolshall\/helgskotare\/\" \/>\n<meta property=\"og:site_name\" content=\"Eolsh\u00e4lls 4H-g\u00e5rd\" \/>\n<meta property=\"article:modified_time\" content=\"2025-03-21T12:14:44+00:00\" \/>\n<meta name=\"twitter:card\" content=\"summary_large_image\" \/>\n<meta name=\"twitter:label1\" content=\"Ber\u00e4knad l\u00e4stid\" \/>\n\t<meta name=\"twitter:data1\" content=\"1 minut\" \/>\n<script type=\"application\/ld+json\" class=\"yoast-schema-graph\">{\"@context\":\"https:\\\/\\\/schema.org\",\"@graph\":[{\"@type\":\"WebPage\",\"@id\":\"https:\\\/\\\/www.4h.se\\\/eolshall\\\/helgskotare\\\/\",\"url\":\"https:\\\/\\\/www.4h.se\\\/eolshall\\\/helgskotare\\\/\",\"name\":\"Helgsk\u00f6tare - Eolsh\u00e4lls 4H-g\u00e5rd\",\"isPartOf\":{\"@id\":\"https:\\\/\\\/www.4h.se\\\/eolshall\\\/#website\"},\"datePublished\":\"2019-03-13T06:22:31+00:00\",\"dateModified\":\"2025-03-21T12:14:44+00:00\",\"breadcrumb\":{\"@id\":\"https:\\\/\\\/www.4h.se\\\/eolshall\\\/helgskotare\\\/#breadcrumb\"},\"inLanguage\":\"sv-SE\",\"potentialAction\":[{\"@type\":\"ReadAction\",\"target\":[\"https:\\\/\\\/www.4h.se\\\/eolshall\\\/helgskotare\\\/\"]}]},{\"@type\":\"BreadcrumbList\",\"@id\":\"https:\\\/\\\/www.4h.se\\\/eolshall\\\/helgskotare\\\/#breadcrumb\",\"itemListElement\":[{\"@type\":\"ListItem\",\"position\":1,\"name\":\"Hem\",\"item\":\"https:\\\/\\\/www.4h.se\\\/eolshall\\\/\"},{\"@type\":\"ListItem\",\"position\":2,\"name\":\"Helgsk\u00f6tare\"}]},{\"@type\":\"WebSite\",\"@id\":\"https:\\\/\\\/www.4h.se\\\/eolshall\\\/#website\",\"url\":\"https:\\\/\\\/www.4h.se\\\/eolshall\\\/\",\"name\":\"Eolsh\u00e4lls 4H-g\u00e5rd\",\"description\":\"\",\"potentialAction\":[{\"@type\":\"SearchAction\",\"target\":{\"@type\":\"EntryPoint\",\"urlTemplate\":\"https:\\\/\\\/www.4h.se\\\/eolshall\\\/?s={search_term_string}\"},\"query-input\":{\"@type\":\"PropertyValueSpecification\",\"valueRequired\":true,\"valueName\":\"search_term_string\"}}],\"inLanguage\":\"sv-SE\"}]}<\/script>\n<!-- \/ Yoast SEO plugin. -->","yoast_head_json":{"title":"Helgsk\u00f6tare - Eolsh\u00e4lls 4H-g\u00e5rd","robots":{"index":"index","follow":"follow","max-snippet":"max-snippet:-1","max-image-preview":"max-image-preview:large","max-video-preview":"max-video-preview:-1"},"canonical":"https:\/\/www.4h.se\/eolshall\/helgskotare\/","og_locale":"sv_SE","og_type":"article","og_title":"Helgsk\u00f6tare - Eolsh\u00e4lls 4H-g\u00e5rd","og_description":"[vc_row][vc_column][vc_column_text css=&#8221;&#8221;] bli Helgsk\u00f6tare Kanske funderar du p\u00e5 hur det \u00e4r att ha en g\u00e5rd med djur och vill l\u00e4ra dig mer om vad det inneb\u00e4r? D\u00e5 kan du bli helgsk\u00f6tare hos oss! Varje \u00e5r ordnar vi flera helgsk\u00f6tarkurser f\u00f6r dig \u00f6ver 18 \u00e5r. Efter kursen g\u00e5r man bredvid n\u00e5gon som \u00e4r lite mer erfaren,&nbsp; &hellip; Read more","og_url":"https:\/\/www.4h.se\/eolshall\/helgskotare\/","og_site_name":"Eolsh\u00e4lls 4H-g\u00e5rd","article_modified_time":"2025-03-21T12:14:44+00:00","twitter_card":"summary_large_image","twitter_misc":{"Ber\u00e4knad l\u00e4stid":"1 minut"},"schema":{"@context":"https:\/\/schema.org","@graph":[{"@type":"WebPage","@id":"https:\/\/www.4h.se\/eolshall\/helgskotare\/","url":"https:\/\/www.4h.se\/eolshall\/helgskotare\/","name":"Helgsk\u00f6tare - Eolsh\u00e4lls 4H-g\u00e5rd","isPartOf":{"@id":"https:\/\/www.4h.se\/eolshall\/#website"},"datePublished":"2019-03-13T06:22:31+00:00","dateModified":"2025-03-21T12:14:44+00:00","breadcrumb":{"@id":"https:\/\/www.4h.se\/eolshall\/helgskotare\/#breadcrumb"},"inLanguage":"sv-SE","potentialAction":[{"@type":"ReadAction","target":["https:\/\/www.4h.se\/eolshall\/helgskotare\/"]}]},{"@type":"BreadcrumbList","@id":"https:\/\/www.4h.se\/eolshall\/helgskotare\/#breadcrumb","itemListElement":[{"@type":"ListItem","position":1,"name":"Hem","item":"https:\/\/www.4h.se\/eolshall\/"},{"@type":"ListItem","position":2,"name":"Helgsk\u00f6tare"}]},{"@type":"WebSite","@id":"https:\/\/www.4h.se\/eolshall\/#website","url":"https:\/\/www.4h.se\/eolshall\/","name":"Eolsh\u00e4lls 4H-g\u00e5rd","description":"","potentialAction":[{"@type":"SearchAction","target":{"@type":"EntryPoint","urlTemplate":"https:\/\/www.4h.se\/eolshall\/?s={search_term_string}"},"query-input":{"@type":"PropertyValueSpecification","valueRequired":true,"valueName":"search_term_string"}}],"inLanguage":"sv-SE"}]}},"_links":{"self":[{"href":"https:\/\/www.4h.se\/eolshall\/wp-json\/wp\/v2\/pages\/546","targetHints":{"allow":["GET"]}}],"collection":[{"href":"https:\/\/www.4h.se\/eolshall\/wp-json\/wp\/v2\/pages"}],"about":[{"href":"https:\/\/www.4h.se\/eolshall\/wp-json\/wp\/v2\/types\/page"}],"author":[{"embeddable":true,"href":"https:\/\/www.4h.se\/eolshall\/wp-json\/wp\/v2\/users\/163"}],"replies":[{"embeddable":true,"href":"https:\/\/www.4h.se\/eolshall\/wp-json\/wp\/v2\/comments?post=546"}],"version-history":[{"count":0,"href":"https:\/\/www.4h.se\/eolshall\/wp-json\/wp\/v2\/pages\/546\/revisions"}],"wp:attachment":[{"href":"https:\/\/www.4h.se\/eolshall\/wp-json\/wp\/v2\/media?parent=546"}],"curies":[{"name":"wp","href":"https:\/\/api.w.org\/{rel}","templated":true}]}}