



{"id":540,"date":"2019-03-13T07:17:25","date_gmt":"2019-03-13T06:17:25","guid":{"rendered":"http:\/\/www.4h.se\/eolshall\/?page_id=540"},"modified":"2026-02-23T10:27:38","modified_gmt":"2026-02-23T09:27:38","slug":"styrelsemedlemmar-3","status":"publish","type":"page","link":"https:\/\/www.4h.se\/eolshall\/styrelsemedlemmar-3\/","title":{"rendered":"Styrelsemedlemmar"},"content":{"rendered":"<div class=\"wpb-content-wrapper\"><p>[vc_row][vc_column][vc_column_text css=&#8221;&#8221;]<\/p>\n<div dir=\"auto\"><span style=\"font-family: 'Montebello Rounded'; font-size: 36px; font-weight: bold;\">Styrelsemedlemmar<\/span><\/div>\n<div dir=\"auto\">\n<p>&nbsp;<\/p>\n<\/div>\n<h4 dir=\"auto\"><span style=\"color: #333333;\">Ledam\u00f6ter<\/span><\/h4>\n<div dir=\"auto\"><span style=\"color: #333333;\">Louise \u00c5kerlind &#8211; Ordf\u00f6rande&nbsp;<\/span><\/div>\n<div dir=\"auto\"><span style=\"color: #333333;\">Malin Borning- Kass\u00f6r <\/span><\/div>\n<div dir=\"auto\"><span style=\"color: #333333;\">Paulina Carlsson Tell- Sekreterare <\/span><\/div>\n<div dir=\"auto\">\n<div dir=\"auto\">Laura Mazetti<\/div>\n<div dir=\"auto\">Hedvig Lundberg<\/div>\n<\/div>\n<h4 dir=\"auto\"><span style=\"color: #333333;\">Suppleanter<\/span><\/h4>\n<p>Veronica Pettersson<\/p>\n<p>Isabel Fredrixon Silva<\/p>\n<p>Mika Ekstr\u00f6m<\/p>\n<div dir=\"auto\"><\/div>\n<h4 dir=\"auto\"><span style=\"color: #333333;\">Adjunderad\/verksamhetschef<\/span><\/h4>\n<div dir=\"auto\"><span style=\"color: #333333;\">Ann Lillqvist<\/span><\/div>\n<h4 dir=\"auto\"><span style=\"color: #333333;\">Valberedning<\/span><\/h4>\n<div dir=\"auto\"><span style=\"color: #333333;\">Lovina Stafhammar<\/span><\/div>\n<div dir=\"auto\"><\/div>\n<div dir=\"auto\">\n<hr>\n<\/div>\n<div dir=\"auto\">\n<h1 dir=\"auto\">g\u00e5 med i styrelsen<\/h1>\n<div dir=\"auto\">Vill du vara med i Styrelsen och p\u00e5verka vad som h\u00e4nder p\u00e5 g\u00e5rden?<\/div>\n<\/div>\n<p>Maila g\u00e5rden s\u00e5 vidarebefodrar vi till styrelsen.<\/p>\n<div dir=\"auto\"><\/div>\n<div dir=\"auto\"><\/div>\n<div dir=\"auto\"><\/div>\n<div dir=\"auto\"><\/div>\n<div dir=\"auto\"><\/div>\n<p>[\/vc_column_text][\/vc_column][\/vc_row]<\/p>\n<\/div>","protected":false},"excerpt":{"rendered":"<p>[vc_row][vc_column][vc_column_text css=&#8221;&#8221;] Styrelsemedlemmar &nbsp; Ledam\u00f6ter Louise \u00c5kerlind &#8211; Ordf\u00f6rande&nbsp; Malin Borning- Kass\u00f6r Paulina Carlsson Tell- Sekreterare Laura Mazetti Hedvig Lundberg Suppleanter Veronica Pettersson Isabel Fredrixon Silva Mika Ekstr\u00f6m Adjunderad\/verksamhetschef Ann Lillqvist Valberedning Lovina Stafhammar g\u00e5 med i styrelsen Vill du vara med i Styrelsen och p\u00e5verka vad som h\u00e4nder p\u00e5 g\u00e5rden? Maila g\u00e5rden s\u00e5 vidarebefodrar&nbsp; <a href=\"https:\/\/www.4h.se\/eolshall\/styrelsemedlemmar-3\/\">&hellip; Read more <i class=\"glyphicon glyphicon-arrow-right\"><\/i><\/a><\/p>\n","protected":false},"author":163,"featured_media":0,"parent":0,"menu_order":120,"comment_status":"closed","ping_status":"closed","template":"","meta":{"footnotes":""},"class_list":["post-540","page","type-page","status-publish","hentry"],"yoast_head":"<!-- This site is optimized with the Yoast SEO plugin v27.4 - https:\/\/yoast.com\/product\/yoast-seo-wordpress\/ -->\n<title>Styrelsemedlemmar - Eolsh\u00e4lls 4H-g\u00e5rd<\/title>\n<meta name=\"robots\" content=\"index, follow, max-snippet:-1, max-image-preview:large, max-video-preview:-1\" \/>\n<link rel=\"canonical\" href=\"https:\/\/www.4h.se\/eolshall\/styrelsemedlemmar-3\/\" \/>\n<meta property=\"og:locale\" content=\"sv_SE\" \/>\n<meta property=\"og:type\" content=\"article\" \/>\n<meta property=\"og:title\" content=\"Styrelsemedlemmar - Eolsh\u00e4lls 4H-g\u00e5rd\" \/>\n<meta property=\"og:description\" content=\"[vc_row][vc_column][vc_column_text css=&#8221;&#8221;] Styrelsemedlemmar &nbsp; Ledam\u00f6ter Louise \u00c5kerlind &#8211; Ordf\u00f6rande&nbsp; Malin Borning- Kass\u00f6r Paulina Carlsson Tell- Sekreterare Laura Mazetti Hedvig Lundberg Suppleanter Veronica Pettersson Isabel Fredrixon Silva Mika Ekstr\u00f6m Adjunderad\/verksamhetschef Ann Lillqvist Valberedning Lovina Stafhammar g\u00e5 med i styrelsen Vill du vara med i Styrelsen och p\u00e5verka vad som h\u00e4nder p\u00e5 g\u00e5rden? Maila g\u00e5rden s\u00e5 vidarebefodrar&nbsp; &hellip; Read more\" \/>\n<meta property=\"og:url\" content=\"https:\/\/www.4h.se\/eolshall\/styrelsemedlemmar-3\/\" \/>\n<meta property=\"og:site_name\" content=\"Eolsh\u00e4lls 4H-g\u00e5rd\" \/>\n<meta property=\"article:modified_time\" content=\"2026-02-23T09:27:38+00:00\" \/>\n<meta name=\"twitter:card\" content=\"summary_large_image\" \/>\n<script type=\"application\/ld+json\" class=\"yoast-schema-graph\">{\"@context\":\"https:\\\/\\\/schema.org\",\"@graph\":[{\"@type\":\"WebPage\",\"@id\":\"https:\\\/\\\/www.4h.se\\\/eolshall\\\/styrelsemedlemmar-3\\\/\",\"url\":\"https:\\\/\\\/www.4h.se\\\/eolshall\\\/styrelsemedlemmar-3\\\/\",\"name\":\"Styrelsemedlemmar - Eolsh\u00e4lls 4H-g\u00e5rd\",\"isPartOf\":{\"@id\":\"https:\\\/\\\/www.4h.se\\\/eolshall\\\/#website\"},\"datePublished\":\"2019-03-13T06:17:25+00:00\",\"dateModified\":\"2026-02-23T09:27:38+00:00\",\"breadcrumb\":{\"@id\":\"https:\\\/\\\/www.4h.se\\\/eolshall\\\/styrelsemedlemmar-3\\\/#breadcrumb\"},\"inLanguage\":\"sv-SE\",\"potentialAction\":[{\"@type\":\"ReadAction\",\"target\":[\"https:\\\/\\\/www.4h.se\\\/eolshall\\\/styrelsemedlemmar-3\\\/\"]}]},{\"@type\":\"BreadcrumbList\",\"@id\":\"https:\\\/\\\/www.4h.se\\\/eolshall\\\/styrelsemedlemmar-3\\\/#breadcrumb\",\"itemListElement\":[{\"@type\":\"ListItem\",\"position\":1,\"name\":\"Hem\",\"item\":\"https:\\\/\\\/www.4h.se\\\/eolshall\\\/\"},{\"@type\":\"ListItem\",\"position\":2,\"name\":\"Styrelsemedlemmar\"}]},{\"@type\":\"WebSite\",\"@id\":\"https:\\\/\\\/www.4h.se\\\/eolshall\\\/#website\",\"url\":\"https:\\\/\\\/www.4h.se\\\/eolshall\\\/\",\"name\":\"Eolsh\u00e4lls 4H-g\u00e5rd\",\"description\":\"\",\"potentialAction\":[{\"@type\":\"SearchAction\",\"target\":{\"@type\":\"EntryPoint\",\"urlTemplate\":\"https:\\\/\\\/www.4h.se\\\/eolshall\\\/?s={search_term_string}\"},\"query-input\":{\"@type\":\"PropertyValueSpecification\",\"valueRequired\":true,\"valueName\":\"search_term_string\"}}],\"inLanguage\":\"sv-SE\"}]}<\/script>\n<!-- \/ Yoast SEO plugin. -->","yoast_head_json":{"title":"Styrelsemedlemmar - Eolsh\u00e4lls 4H-g\u00e5rd","robots":{"index":"index","follow":"follow","max-snippet":"max-snippet:-1","max-image-preview":"max-image-preview:large","max-video-preview":"max-video-preview:-1"},"canonical":"https:\/\/www.4h.se\/eolshall\/styrelsemedlemmar-3\/","og_locale":"sv_SE","og_type":"article","og_title":"Styrelsemedlemmar - Eolsh\u00e4lls 4H-g\u00e5rd","og_description":"[vc_row][vc_column][vc_column_text css=&#8221;&#8221;] Styrelsemedlemmar &nbsp; Ledam\u00f6ter Louise \u00c5kerlind &#8211; Ordf\u00f6rande&nbsp; Malin Borning- Kass\u00f6r Paulina Carlsson Tell- Sekreterare Laura Mazetti Hedvig Lundberg Suppleanter Veronica Pettersson Isabel Fredrixon Silva Mika Ekstr\u00f6m Adjunderad\/verksamhetschef Ann Lillqvist Valberedning Lovina Stafhammar g\u00e5 med i styrelsen Vill du vara med i Styrelsen och p\u00e5verka vad som h\u00e4nder p\u00e5 g\u00e5rden? Maila g\u00e5rden s\u00e5 vidarebefodrar&nbsp; &hellip; Read more","og_url":"https:\/\/www.4h.se\/eolshall\/styrelsemedlemmar-3\/","og_site_name":"Eolsh\u00e4lls 4H-g\u00e5rd","article_modified_time":"2026-02-23T09:27:38+00:00","twitter_card":"summary_large_image","schema":{"@context":"https:\/\/schema.org","@graph":[{"@type":"WebPage","@id":"https:\/\/www.4h.se\/eolshall\/styrelsemedlemmar-3\/","url":"https:\/\/www.4h.se\/eolshall\/styrelsemedlemmar-3\/","name":"Styrelsemedlemmar - Eolsh\u00e4lls 4H-g\u00e5rd","isPartOf":{"@id":"https:\/\/www.4h.se\/eolshall\/#website"},"datePublished":"2019-03-13T06:17:25+00:00","dateModified":"2026-02-23T09:27:38+00:00","breadcrumb":{"@id":"https:\/\/www.4h.se\/eolshall\/styrelsemedlemmar-3\/#breadcrumb"},"inLanguage":"sv-SE","potentialAction":[{"@type":"ReadAction","target":["https:\/\/www.4h.se\/eolshall\/styrelsemedlemmar-3\/"]}]},{"@type":"BreadcrumbList","@id":"https:\/\/www.4h.se\/eolshall\/styrelsemedlemmar-3\/#breadcrumb","itemListElement":[{"@type":"ListItem","position":1,"name":"Hem","item":"https:\/\/www.4h.se\/eolshall\/"},{"@type":"ListItem","position":2,"name":"Styrelsemedlemmar"}]},{"@type":"WebSite","@id":"https:\/\/www.4h.se\/eolshall\/#website","url":"https:\/\/www.4h.se\/eolshall\/","name":"Eolsh\u00e4lls 4H-g\u00e5rd","description":"","potentialAction":[{"@type":"SearchAction","target":{"@type":"EntryPoint","urlTemplate":"https:\/\/www.4h.se\/eolshall\/?s={search_term_string}"},"query-input":{"@type":"PropertyValueSpecification","valueRequired":true,"valueName":"search_term_string"}}],"inLanguage":"sv-SE"}]}},"_links":{"self":[{"href":"https:\/\/www.4h.se\/eolshall\/wp-json\/wp\/v2\/pages\/540","targetHints":{"allow":["GET"]}}],"collection":[{"href":"https:\/\/www.4h.se\/eolshall\/wp-json\/wp\/v2\/pages"}],"about":[{"href":"https:\/\/www.4h.se\/eolshall\/wp-json\/wp\/v2\/types\/page"}],"author":[{"embeddable":true,"href":"https:\/\/www.4h.se\/eolshall\/wp-json\/wp\/v2\/users\/163"}],"replies":[{"embeddable":true,"href":"https:\/\/www.4h.se\/eolshall\/wp-json\/wp\/v2\/comments?post=540"}],"version-history":[{"count":0,"href":"https:\/\/www.4h.se\/eolshall\/wp-json\/wp\/v2\/pages\/540\/revisions"}],"wp:attachment":[{"href":"https:\/\/www.4h.se\/eolshall\/wp-json\/wp\/v2\/media?parent=540"}],"curies":[{"name":"wp","href":"https:\/\/api.w.org\/{rel}","templated":true}]}}